{"id":1003,"date":"2017-06-15T17:36:15","date_gmt":"2017-06-15T17:36:15","guid":{"rendered":"http:\/\/blog.sickculture.de\/?page_id=1003"},"modified":"2019-02-13T09:31:52","modified_gmt":"2019-02-13T09:31:52","slug":"2017-06-heubach-biketherock","status":"publish","type":"page","link":"https:\/\/blog.sickculture.de\/?page_id=1003","title":{"rendered":"2017.06 Heubach &#8211; BikeTheRock"},"content":{"rendered":"<section class=\"wpb-content-wrapper\"><p>[vc_row][vc_column][vc_column_text]<\/p>\n<h1 class=\"clear\" style=\"text-align: center;\">\u00a0&#8220;Bike The Rock&#8221;<span style=\"color: #993300;\"><strong><br \/>\n<\/strong><\/span><\/h1>\n<h2 style=\"text-align: center;\">Trails um Heubach \/ Ostalbkreis<\/h2>\n<h2 style=\"text-align: center;\">15. Juni 2017<\/h2>\n<p>Ein wahres Juwel hat die Heubacher Bike Elite hier am Rande der Ostalb. Passend als Trainingsstrecke f\u00fcr den kommenden S\u00fcdtirol Trip und als Erkundungstour (&#8220;Versuchskaninchen&#8221;) f\u00fcr das Biketeam fuhr ich heute mal nach Heubach um die Trails am Rosenstein und Umgebung zu testen. Diese Runde hatte ich schon l\u00e4nger in Planung und konnte dank Internetrecherche zwei Touren zusammenfassen, um eine Maximalausbeute an Trails zu sammeln.<\/p>\n<p><img loading=\"lazy\" decoding=\"async\" class=\"aligncenter size-full wp-image-1004\" src=\"http:\/\/blog.sickculture.de\/wp-content\/uploads\/2017\/06\/BikeTheRock.png\" alt=\"\" width=\"158\" height=\"142\" srcset=\"https:\/\/blog.sickculture.de\/wp-content\/uploads\/2017\/06\/BikeTheRock.png 158w, https:\/\/blog.sickculture.de\/wp-content\/uploads\/2017\/06\/BikeTheRock-150x135.png 150w\" sizes=\"auto, (max-width: 158px) 100vw, 158px\" \/>[\/vc_column_text][\/vc_column][\/vc_row][vc_row][vc_column][vc_text_separator title=&#8221;B E S C H R E I B U N G&#8221;][\/vc_column][\/vc_row][vc_row][vc_column][vc_column_text]Das Juwel in Heubach ist der Rosenstein mit seinem imposanten Fernsehturm und diversen sch\u00f6nen Pl\u00e4tzen (Ruine, Waldschenke). Wenn man in Heubach ankommt, meint man schon fast das ist eine Partnerstadt von Freiburg. Viele bewegen sich hier auf dem Zweirad oder zu Fu\u00df und sind den Mountainbikern offen eingestellt. Zumindest machte ich diese Erfahrung, sofern man sich an die DIMB Trail Rules haltet. Doch woran liegt das? Na klar, am Rosenstein befindet sich die Bundesliga DH\/Crosscountry Strecke. Also schnell das Auto auf dem Festplatz am Ende der DH Strecke abgestellt und rauf auf\u00b4s Bike. Geschenkt wird einem hier nichts. Es gibt keinen Lift oder \u00e4hnliches. Alles hart erk\u00e4mpftes Brot. Im Durchschnitt mu\u00df man pro Trailabfahrt gute 200-250hm hochstrampeln. Mal l\u00e4ssig auf Asphalt, mal auf Schotter und manchmal auch auf Trails bergauf.<\/p>\n<p>Die erste Runde vom Parkplatz ging auf dem Pionierweg (Stra\u00dfe) im Schatten gleich mal sch\u00f6n bergauf, am gro\u00dfen Wanderparkplatz vorbei Richtung Langenfeld. Dort trohnt er nun: Der Einstieg in den BikeTheRock Downhill. Zuerst noch flowig, dann schon die erste verblockte R\u00fcttelpassage und dann einer Schlucht folgend bergab. Mal links hoch, wieder rechts hoch, Switchback und wer will mal einen Drop oder Table mitnehmen. F\u00fcr Weicheier gibt es den Chickenway oder noch krasser die Directissima in der Mitte auf Schotter bergab. Ich nahm einiges mit, nur die Drops lies ich aus (ist nicht mein Fall). Im unteren Drittel kommen dann noch Kehren dazu. Dann kreuzt man die Auffahrtsstra\u00dfe und im letzten Drittel hat man die Qual der Wahl, welche Linie man w\u00e4hlt (Flowtrail, Drops, ect.). Unten am Parkplatz wartet dann noch der Pumptrack.<\/p>\n<p><img loading=\"lazy\" decoding=\"async\" class=\"aligncenter size-medium wp-image-1005\" src=\"http:\/\/blog.sickculture.de\/wp-content\/uploads\/2017\/06\/Strecke2014-300x218.jpg\" alt=\"\" width=\"300\" height=\"218\" srcset=\"https:\/\/blog.sickculture.de\/wp-content\/uploads\/2017\/06\/Strecke2014-300x218.jpg 300w, https:\/\/blog.sickculture.de\/wp-content\/uploads\/2017\/06\/Strecke2014-768x557.jpg 768w, https:\/\/blog.sickculture.de\/wp-content\/uploads\/2017\/06\/Strecke2014-207x150.jpg 207w, https:\/\/blog.sickculture.de\/wp-content\/uploads\/2017\/06\/Strecke2014-150x109.jpg 150w, https:\/\/blog.sickculture.de\/wp-content\/uploads\/2017\/06\/Strecke2014.jpg 800w\" sizes=\"auto, (max-width: 300px) 100vw, 300px\" \/><\/p>\n<p>Dann gings schon wieder hoch. Step 2 ging wieder auf dem Pionierweg bergauf. Nur diesmal in Richtung &#8220;Finsternes Loch&#8221;. Am Rosenstein Gipfel vorbei immer in Richtung Lautern zu den H\u00f6hlen, deren Namen &#8220;Finsternes Loch&#8221; h\u00e4ftig klingt, aber tats\u00e4chlich riesige H\u00f6hlen sind, die man vor dem Kehrentrail durchf\u00e4hrt. Zuvor kommt noch eine kleine Schickane in Form einer Steinrinne mit Stufen und einer Behelfsleiter. Dieses Hinderniss kann man befahren oder schieben. Nach den H\u00f6hlen beginnt der Spass. Ein herrlicher Flowtrail mit Spitzkehren. Diese sind anderst als erwartet gar nicht so schlimm und k\u00f6nnen im Grunde gut ohne Versetzen des Hinterrads befahren werden. Vielleicht 1-3 Kehren je nach Bike und Linienwahl.<\/p>\n<p>Ehe man sich versieht ist man schon in Lautern. Nun hei\u00dft es wieder hoch zum Rosenstein, was in diesem Falle wieder gute 230hm Muskelschmalz frisst. Im wahrsten Sinne des Wortes. Hier kommt der Hammeruphill der kompletten Tour. Zuerst noch human, dann nach einer vermoosten Wasserstelle hei\u00dft es Z\u00e4hne zusammenbeisen und hochdr\u00fccken. Nach kurzer Zeit hat man diese Passage nun hinter sich gebracht und biegt oben zum \u00d6lm\u00fchlen-Trail ab. Diesen bezeichne ich jetzt einfach mal so, da am Ende eine alte \u00d6lm\u00fchle steht. Den Trail sieht man schon beim Uphill. Dieser hat es schon mehr in sich. Der Weg wird verblockter, wurzliger, hat enge Kehren, die das Hinterradversetzen verlangen und dazu noch teilweise in den Kehren rutschig, stufig und\/oder wurzlig sind. Dazu gesellt sich noch eine Briese Steilheit dazu. Holla die Waldfee. Das ist schon ein anderes Kaliber als der Finsterne Loch Trail. Wer bei dem vorhergehenden Trail schon Probleme hat, wird hier nicht gl\u00fccklich!<\/p>\n<p>Unten angekommen hei\u00dft es nun Step 4. In einer Umrundung des Rosensteins geht es zuerst gemach auf einem schattigen Forstweg leicht bergauf, dann wechselt der Weg auf einen Trail bergauf. Wieder 200hm sind in den Beinen. Gute 850hm auf 16km zeigt der Tacho bereits an. Hier oben am Rosenstein ist es mittlerweile Mittag und die Heerscharen an Wanderer versammeln sich mittlerweile an der Waldschenke, kurz vor der Rosenstein-Ruine oberhalb der Scheurer Felsens mit seinen tiefen H\u00f6hlen, die man mit passender Ausr\u00fcstung begehen kann. Ich war dankbar, dass die &#8220;Rotsocken&#8221; sich zuerst mal ihre M\u00e4gen vollschlugen und ich schwubs an der Schenke vorbei zur Stahlbr\u00fccke fahren konnte. Diese verbindet zwei Felsen, auf deren anderen Seite sich Reste der Ruine befindet. Offiziel ist dieser Abschnitt definitiv f\u00fcr Bikes gesperrt. (ja, eigentlich alle Trails hier wegen der 2m Regel). Aber zum Gl\u00fcck nicht los und mit R\u00fccksicht sicherlich machbar, dachte ich mir. Zuerst mu\u00df man aber einen Blick durch die Ruinenfenster \u00fcber Heubach wagen. Dann Arschbacken zusammenpressen und rein in den Downhill. \u00dcber Treppen, Kehren, Kehren mit Stufen gehen die ersten Meter steil bergab. Dann wird ein kurzer Teil flowiger ehe man an den Kletterfelsen des Scheurers mit seinen H\u00f6hleneing\u00e4ngen steht. Hier kommt ein wenig Gardaseestimmung auf. Fels, Pfade am Fels &#8211; wie am Lago. Darauf geht\u00b4s wieder zur Sache: steil bergab, abfallendes Gel\u00e4nde, enge Kehren mit Wurzeln oder verblockten Hindernissen. Oder auch mal wieder eine Stufe in der Kehre. Alles dabei was einen Spitzkehren Fanatiker erfreut. Leicht ist diese Abfahrt definitiv nicht!<\/p>\n<p>Aufh\u00f6ren oder weiter? Geht noch was? M\u00f6glichkeiten g\u00e4be es ja noch viele. Die letzte Schleife steht nun wieder an. Also wieder hoch zum Rosenstein. Diesmal in einer gro\u00dfen Schleife in angenehmer Steigung. Vorbei am BikeTheRock DH Einstieg zum Teufelsklingen DH. W\u00e4hrend der Fahrt disponierte ich ein wenig um und fuhr gleich auf der Hochebne \u00fcber die Bartholom\u00e4stra\u00dfe zur gro\u00dfen Schleife. Der Trail l\u00e4sst schon ein wenig auf sich warten. W\u00e4hrend dem pedalieren dachte ich schon, ob \u00fcberhaupt noch was kommt. Und pl\u00f6tzlich wurde der Forstweg schm\u00e4ler und mutierte zu einem Flowtrail, der dann am Bargauer Horn pl\u00f6tzlich stark abfallend, schmal und tricky wurde. Zuerst noch Kehren mit groben Schotteruntergrund, dann auf schmalen Wiesenpfad bergab. Nicht schlecht, wenn auch relativ kurz. Darauf der letzte Uphill. Mittlerweile merkte man die gefahrenen Intervallh\u00fcgel in den Beinen und nat\u00fcrlich die 28 Grad waren auch nicht von schlechten Eltern. Also wieder hoch richtung Himmelreich, das schaff\u00b4ich schon noch. Am Wanderheim das Bike kurz \u00fcber Stufen hochtragen, dann wieder pedalierend weiter, ehe eine fiese Schiebepassage bergauf noch an den Kraftreserven lutschte.\u00a0 Die letzten Reserven f\u00fcr den Ostfels-Trail mu\u00dften noch langen. Dieser war in meinen Augen dann auch gut fahrbar und nicht mehr so ruppig wie die vielen Trails zuvor. Die letzten Meter nach Heubach waren dann dankender Weise auf Forstwegen. Hier k\u00f6nnte man wieder zig Trailvarianten suchen, die alle nach Heubach f\u00fchren.<\/p>\n<p>Ich f\u00fcr meinen Teil hatte nun genug und war mit der Runde zufrieden. Ich w\u00fcrde diese Runde definitiv nicht f\u00fcr Einsteiger empfehlen. Auf den geraden Trails w\u00fcrde ich S0-S1 sagen, Kehren, Steilheit, ausgesetzte Passagen, Stufen, ect. gehen dann schon h\u00e4ufig in solides S2-S3. Was man nicht untersch\u00e4tzen darf, ist die Tatsache, dass man gen\u00fcgend Kondition und Kraft mitbringt, da die kurzen &#8220;230hm&#8221; Uphills schon z\u00e4hrend sind und irgendwann f\u00fcr den Downhill die Kraft oder Konzentration fehlen kann. Also Vorsicht!<\/p>\n<div class=\"passster-form\" id=\"ps-276\">\n    <form class=\"password-form\" method=\"post\" autocomplete=\"off\" target=\"_top\">\n        <span class=\"ps-form-headline\">Gesch\u00fctzter Bereich<\/span>\n        <div class=\"ps-form-instructions-wrap\">Dieser Inhalt ist passwortgesch\u00fctzt. Bitte gib dein Passwort ein um den Inhalt freizuschalten.<\/div>\n        <fieldset>\n            <span class=\"ps-loader\" style=\"display:none;\"><img decoding=\"async\" src=\"https:\/\/blog.sickculture.de\/wp-content\/plugins\/content-protector\/assets\/public\/ps-loader.svg\" alt=\"\" \/><\/span>\n            <label for=\"input-ps-276\" style=\"display:none;\" class=\"passster-hidden\">Trage dein Passwort ein<\/label>\n            <input placeholder=\"Gib dein Passwort ein..\" type=\"password\" tabindex=\"1\" name=\"passster_password\"\n                   id=\"input-ps-276\" class=\"passster-password\" autocomplete=\"off\"\n                   data-protection-type=\"password\" data-list=\"[PASSSTER_LIST]\" data-lists=\"[PASSSTER_LISTS]\" data-area=\"[PASSSTER_AREA]\"\n                   data-protection=\"[PASSSTER_PROTECTION]\">\n            \n            <button name=\"submit\" type=\"submit\" class=\"passster-submit\" data-psid=\"ps-276\" data-post-id=\"1003\" data-term-id=\"0\" \n                    data-submit=\"...Checking Password\" data-redirect=\"\">Freischalten\n            <\/button>\n            <div class=\"passster-error\"><\/div>\n        <\/fieldset>\n    <\/form>\n<\/div>\n[\/vc_column_text][\/vc_column][\/vc_row][vc_row][vc_column][vc_text_separator title=&#8221;F A Z I T&#8221;][\/vc_column][\/vc_row][vc_row][vc_column][vc_column_text]Und an dieser Stelle mal ein Kommentar zum sozialen Bikeverhalten: DIMB-Rules beachten! R\u00fccksicht auf Wanderer, keine Kehren abk\u00fcrzen, keine Bremsspuren hinterlassen und vorausschauend bergab fahren. Wenn Zweifel besteht, lieber Absteigen und Schieben. Sonst verh\u00e4rtet sich das 2m Gesetz auch hier in Heubach &#8211; wo ich das Gef\u00fchl hatte, wir Biker werden akzeptiert, sofern wir &#8220;h\u00f6fflich&#8221; sind und &#8220;keinen Mist bauen&#8221;![\/vc_column_text][\/vc_column][\/vc_row][vc_row][vc_column]<div class=\"ult_exp_section_layer ult-adjust-bottom-margin  \" >\n\t<div id=\"uvc-exp-wrap-2549\"   data-ultimate-target='#uvc-exp-wrap-2549'  data-responsive-json-new='{\"font-size\":\"desktop:20px;\",\"line-height\":\"desktop:20px;\"}'  class=\"ult_exp_section  ult-responsive \" style=\"color:#ffffff;background-color:#1e73be;font-family:Alfa Slab One;font-weight:bold;  text-align:center;\" data-textcolor=\"#ffffff\"data-texthover=\"#333333\"data-icncolor=\"#333333\"data-ihover=\"#333333\"data-height=\"0\"data-cntbg=\"#1e73be\"data-cnthvrbg=\"#e5e5e5\"data-headerbg=\"#1e73be\"data-headerhover=\"#e5e5e5\"data-title=\"BILDER\"data-newtitle=\"BILDER\"data-icon=\"\"data-newicon=\"\"data-activeicon=\"#333333\"data-effect=\"slideToggle\"data-override=\"0\"data-activetitle=\"#333333\"data-activebg=\"#dbdbdb\"data-img=\"\"data-newimg=\"\"><div  class=\"ult_exp_section-main \">\n\t\t\t\t\t<div class=\"ult_expheader\" >BILDER\n\t\t\t\t\t <\/div><\/div>\n\t\t\t\t<\/div><div class=\"ult_exp_content \" style=\"background-color:#dbdbdb;  \"><div class=\"ult_ecpsub_cont\" style=\" \" >[vc_column_text]<strong>Leider hatte ich meine Kamera nicht dabei und mu\u00df nun mit Handyfotos ausharren: (SORRY)<\/strong><\/p>\n\n\t\t<style type=\"text\/css\">\n\t\t\t#gallery-1 {\n\t\t\t\tmargin: auto;\n\t\t\t}\n\t\t\t#gallery-1 .gallery-item {\n\t\t\t\tfloat: left;\n\t\t\t\tmargin-top: 10px;\n\t\t\t\ttext-align: center;\n\t\t\t\twidth: 100%;\n\t\t\t}\n\t\t\t#gallery-1 img {\n\t\t\t\tborder: 2px solid #cfcfcf;\n\t\t\t}\n\t\t\t#gallery-1 .gallery-caption {\n\t\t\t\tmargin-left: 0;\n\t\t\t}\n\t\t\t\/* see gallery_shortcode() in wp-includes\/media.php *\/\n\t\t<\/style>\n\t\t<div id='gallery-1' class='gallery galleryid-1003 gallery-columns-0 gallery-size-thumbnail'><dl class='gallery-item'>\n\t\t\t<dt class='gallery-icon landscape'>\n\t\t\t\t<a href='https:\/\/blog.sickculture.de\/?attachment_id=1004'><img loading=\"lazy\" decoding=\"async\" width=\"150\" height=\"142\" src=\"https:\/\/blog.sickculture.de\/wp-content\/uploads\/2017\/06\/BikeTheRock-150x142.png\" class=\"attachment-thumbnail size-thumbnail\" alt=\"\" \/><\/a>\n\t\t\t<\/dt><\/dl><dl class='gallery-item'>\n\t\t\t<dt class='gallery-icon landscape'>\n\t\t\t\t<a href='https:\/\/blog.sickculture.de\/?attachment_id=1005'><img loading=\"lazy\" decoding=\"async\" width=\"150\" height=\"150\" src=\"https:\/\/blog.sickculture.de\/wp-content\/uploads\/2017\/06\/Strecke2014-150x150.jpg\" class=\"attachment-thumbnail size-thumbnail\" alt=\"\" \/><\/a>\n\t\t\t<\/dt><\/dl>\n\t\t<\/div>\n\n<p>[\/vc_column_text]<\/div><\/div>\n\n\t\t\t<\/div>[\/vc_column][\/vc_row]<\/p>\n<\/section>","protected":false},"excerpt":{"rendered":"<p>[vc_row][vc_column][vc_column_text] \u00a0&#8220;Bike The Rock&#8221; Trails um Heubach \/ Ostalbkreis 15. Juni 2017 Ein wahres Juwel hat die Heubacher Bike Elite hier am Rande der Ostalb. Passend als Trainingsstrecke f\u00fcr den kommenden S\u00fcdtirol Trip und als Erkundungstour (&#8220;Versuchskaninchen&#8221;) f\u00fcr das Biketeam fuhr ich heute mal nach Heubach um die Trails am \u2026 <a class=\"continue-reading-link\" href=\"https:\/\/blog.sickculture.de\/?page_id=1003\"> Continue reading<\/a><\/p>\n","protected":false},"author":1,"featured_media":0,"parent":90,"menu_order":0,"comment_status":"closed","ping_status":"closed","template":"","meta":{"_s2mail":"yes","ngg_post_thumbnail":0,"footnotes":""},"categories":[14,4],"class_list":["post-1003","page","type-page","status-publish","hentry","category-14","category-mountainbike"],"jetpack_shortlink":"https:\/\/wp.me\/P7EPUT-gb","jetpack_sharing_enabled":true,"_links":{"self":[{"href":"https:\/\/blog.sickculture.de\/index.php?rest_route=\/wp\/v2\/pages\/1003","targetHints":{"allow":["GET"]}}],"collection":[{"href":"https:\/\/blog.sickculture.de\/index.php?rest_route=\/wp\/v2\/pages"}],"about":[{"href":"https:\/\/blog.sickculture.de\/index.php?rest_route=\/wp\/v2\/types\/page"}],"author":[{"embeddable":true,"href":"https:\/\/blog.sickculture.de\/index.php?rest_route=\/wp\/v2\/users\/1"}],"replies":[{"embeddable":true,"href":"https:\/\/blog.sickculture.de\/index.php?rest_route=%2Fwp%2Fv2%2Fcomments&post=1003"}],"version-history":[{"count":4,"href":"https:\/\/blog.sickculture.de\/index.php?rest_route=\/wp\/v2\/pages\/1003\/revisions"}],"predecessor-version":[{"id":1318,"href":"https:\/\/blog.sickculture.de\/index.php?rest_route=\/wp\/v2\/pages\/1003\/revisions\/1318"}],"up":[{"embeddable":true,"href":"https:\/\/blog.sickculture.de\/index.php?rest_route=\/wp\/v2\/pages\/90"}],"wp:attachment":[{"href":"https:\/\/blog.sickculture.de\/index.php?rest_route=%2Fwp%2Fv2%2Fmedia&parent=1003"}],"wp:term":[{"taxonomy":"category","embeddable":true,"href":"https:\/\/blog.sickculture.de\/index.php?rest_route=%2Fwp%2Fv2%2Fcategories&post=1003"}],"curies":[{"name":"wp","href":"https:\/\/api.w.org\/{rel}","templated":true}]}}