{"id":1037,"date":"2017-08-17T19:53:50","date_gmt":"2017-08-17T19:53:50","guid":{"rendered":"http:\/\/blog.sickculture.de\/?page_id=1037"},"modified":"2019-02-13T09:29:56","modified_gmt":"2019-02-13T09:29:56","slug":"2017-08-kramerspitze-bbs","status":"publish","type":"page","link":"https:\/\/blog.sickculture.de\/?page_id=1037","title":{"rendered":"2017.08 Kramerspitze BBS"},"content":{"rendered":"<section class=\"wpb-content-wrapper\"><p>[vc_row][vc_column][vc_column_text][pe2-image src=&#8221;https:\/\/lh3.googleusercontent.com\/-ocvKH4BkRpM\/WZXh_453diI\/AAAAAAAAhgo\/hot6cDw0hbQEr0oB42qqqQniNkuw52JpwCCoYBhgL\/s144-c-o\/20170814_124333_0146__DSC7675_Screen.jpg&#8221; href=&#8221;https:\/\/picasaweb.google.com\/112885246866780528333\/6455304140179380177#6455314128628577826&#8243; caption=&#8221;&#8221; type=&#8221;image&#8221; alt=&#8221;20170814_124333_0146__DSC7675_Screen.jpg&#8221; ]<\/p>\n<p class=\"clear\">\u00a0\u00a0\u00a0<\/p>\n<h1 class=\"clear\" style=\"text-align: center;\"><strong>Bikebergsteigen um Garmisch<\/strong><span style=\"color: #993300;\"><strong><br \/>\n<\/strong><\/span><\/h1>\n<h1 class=\"clear\" style=\"text-align: center;\"><strong>Kramerspitze und K\u00f6nigsstand Reitsteig<br \/>\n<\/strong><\/h1>\n<h2 style=\"text-align: center;\">14. August 2017<\/h2>\n<p>\u00a0<\/p>\n<p>Den Br\u00fcckentag richtig genutzt und dabei noch herrlichstes Wetter waren ausschlaggebend f\u00fcr eine Tour in den Ammergauer Alpen. Schwei\u00dftreibend und abenteuerlich sollte die Tour sein, deren Verlauf nur aus Wanderbildern bekannt war und desen Abfahrt \u00fcber den Reitweg ein Local Tipp in einer Fotostory war. Also ab in das Abenteuer.<\/p>\n<blockquote><p><em>Zitat Wikipedia: Als Abenteuer (lat.: adventura: \u201eEreignis\u201c; mittelhochdt.: aventiure) wird eine risikoreiche Unternehmung oder auch ein Erlebnis bezeichnet, das sich stark vom Alltag unterscheidet. Es geht um das Verlassen des gewohnten Umfeldes und des sozialen Netzwerkes, um etwas Wagnishaltiges zu unternehmen, das interessant, faszinierend oder auch gef\u00e4hrlich zu sein verspricht und bei dem der Ausgang ungewiss ist.<\/em><\/p><\/blockquote>\n<div id=\"s3gt_translate_tooltip\" class=\"s3gt_translate_tooltip\" style=\"position: absolute; left: 763px; top: 298px; opacity: 0;\">\n<div id=\"s3gt_translate_tooltip_mini_logo\" class=\"s3gt_translate_tooltip_mini\" title=\"Markierten Text \u00fcbersetzen\">\u00a0<\/div>\n<div id=\"s3gt_translate_tooltip_mini_sound\" class=\"s3gt_translate_tooltip_mini\" title=\"Abspielen\">\u00a0<\/div>\n<div id=\"s3gt_translate_tooltip_mini_copy\" class=\"s3gt_translate_tooltip_mini\" title=\"In Zwischenablage kopieren\">\u00a0<\/div>\n<\/div>\n<p>[\/vc_column_text][\/vc_column][\/vc_row][vc_row][vc_column][vc_text_separator title=&#8221;B E S C H R E I B U N G&#8221;][\/vc_column][\/vc_row][vc_row][vc_column][vc_column_text]Die Wikipedia Kurzbeschreibung trifft es auf den Punkt: &#8220;&#8230;etwas Wagnishaltiges zu unternehmen, das interessant, faszinierend oder auch gef\u00e4hrlich zu sein verspricht und bei dem der Ausgang ungewiss ist.&#8221; Naja, deren Ausgang wusste ich dank der fahrbaren Bilder aus einem Blog \u00fcber k\u00f6nigliche Reitsteige unser Kieni Ludwig. Doch der vorhergehende Verlauf der Route war eine &#8220;Erstbefahrung&#8221; mit dem Mountainbike. Ich habe zumindest nichts und niemand gefunden, der die Tour schon so angegangen ist.<\/p>\n<p>Also ein paar Wanderrouten gegooglet, dazu noch ein paar Bekannte Anfahrtsm\u00f6glichkeiten gecheckt und mal auf gut Gl\u00fcck was am Rechner zusammengeklickt. Die L\u00e4nge und H\u00f6henmeter waren zumindest f\u00fcr eine Tagestour vielversprechend und machbar. Gestartet bin ich fr\u00fch morgens in Breitenau bei Garmisch. Zuerst ging es zum Warmfahren auf dem Kramer-Plateauweg Richtung Grainau bis zum Hergottschrofen (offziell nicht erlaubt, dessen Verbotsschild ich allerdings erst am Ende des Weges sah). Dann entlang der Bahnlinie und der B23 Richtung Ehrwald und am Abzweig Ochsenh\u00fctte dann auf Forststra\u00dfe m\u00e4ssig steigend ca. 500hm hoch zur Rotmoosalm. Bis hier hin war es noch entspannt und auf sicherem Terrain. Dann folgte ich der bekannten Abfahrtsroute bergauf Richtung Enningalm (Trail). Hier war ein kurzes St\u00fcck durch Waldarbeiten nicht fahrbar. Nach kurzer Zeit erreichte ich den Abzweig Stepbergalm. Hier war es dann vorbei mit Fahren (au\u00dfer man h\u00e4tte ein starkes eBike). Die 300hm Kehren bergauf waren zum Gl\u00fcck noch zu schieben und relativ schnell vor\u00fcber. Danach folgte ein Karrenweg bergab zur Stepbergalm. Hier mu\u00dfte der Energiespeicher erstmal gef\u00fcllt werden und das versp\u00e4tete Fr\u00fchst\u00fcck mu\u00dfte nachgeholt werden. Mit leerem Magen w\u00e4re der restliche Verlauf unvern\u00fcnftig.<\/p>\n<p>Ab hier begann dann mein Abenteuer \u00fcber die Kramerspitze. Zuerst noch \u00fcber eine steile Wiese hoch bis zu den ersten B\u00e4umen, dann eine sacksteile Rinne \u00fcber Ger\u00f6ll und herreinragende Latschenkieferzweige. Die Sonne brennte nun auch schon m\u00e4chtig auf mein Haupt und das Bike auf dem R\u00fccken dr\u00fcckte auch schon. Oberhalb der Baumgrenze wurde der Weg wieder zamer und folgt schmal und ausgesetzt einem H\u00f6henpfad, der immer wieder durch Abs\u00e4tze unterbrochen wurde. Dieser Abschnitt war fahrend und schiebend zu machen. Dann folgte schon die erste Kletterpassage mit dem Bike auf dem R\u00fccken und einer Hand am Seil. Nicht wirklich gef\u00e4hrlich, aber Trittsicherheit und Balance sollte man schon haben. Am Grat vor dem Gipfel genie\u00dft man erstmal die Landschaft \u00fcber das Werdenfelser Land. Den Gipfel vor Augen und staunende Wanderer, die gerne im Plausch meiner weiteren Routenwahl zuh\u00f6rten und mir &#8220;viel Spass&#8221; w\u00fcnschten. Die letzten Meter hoch zum Gipfelkreuz war steil an einer Felsflanke hoch zu tragen. Da lobte ich mir den guten Grip meiner FiveTen Schuhe. Am Gipfel angekommen fiel mir erstmal ein Stein von Herzen, diese erste Etappe geschafft zu haben und geno\u00df die herrliche Weitsicht. Den ersten weiteren Wegverlauf konnte ich schon ersp\u00e4hen. Die ersten Tiefenmeter waren mir zu heikel zum Fahren. Sicherlich w\u00e4re es machbar gewesen, doch die Ausgesetztheit und das entgegenkommen der Wanderer waren dann doch Grund genug, das Bike kurz bergab zu tragen. Dann folgte ein H\u00f6henpfad bis zur n\u00e4chsten Schiebepassage. Ein paar Spitzkehren \u00fcber Ger\u00f6ll, Errosionsrinnen und abfallenden Flanken am Hang Berg entlang mu\u00dften wieder getragen werden. Jetzt mu\u00df der Weg doch langsam fahrbar werden, dachte ich mir. Fehlanzeige &#8211; nur kurze Passagen waren fahrbar, ehe wieder Latschenkiefern, Abs\u00e4tze oder steile Kletterpassagen bergauf und bergab den Fahrflu\u00df unterbrachen. Der komplette Kramersteig bis zum Abzweig K\u00f6nigsstand ist also nur bedingt fahrbar. Eher eine stattlich Bikebergsteiger, bzw. -wandertour mit herrlichem Panorama. Die vielen Wandersleut, die ich traf, waren alle sehr freundlich &#8211; hier oben haben wir eben alle dasselbe Ziel und die gleiche Motivation.<\/p>\n<p>An besagter Abzweigung zum K\u00f6nigsstand hie\u00df es dann endlich Flowtime! Der 255er Wanderweg bergab nach Garmisch ist ein herrlicher Reitsteig unseres K\u00f6nigs. Eine angenehme Steigung, wenig gef\u00e4hrliche Passagen, relativ breiter Weg und ein guter Untergrund sorgen f\u00fcr ein Grinsen im Gesicht. Doch zu schnell sollte man nicht runterd\u00fcsen, sondern die kleinen Aussichtspunkte auch erkennen. So z.B. die Felsenkanzel und die kurze Holzbr\u00fccke mit Stufen zuvor (welche bei N\u00e4sse ggf. gef\u00e4hrlich sein k\u00f6nnte). Au\u00dferdem ist dieser Weg besonders stark von Wandergruppen frequentiert. Also Speed anpassen, was ja sowieso Pflicht ist. Berauschend vom Flow und den Gl\u00fccksendorphinen die Tour geschafft zu haben hat man schnell den H\u00f6henweg vor Garmisch erreicht. Leider ist dieser f\u00fcr Mountainbikes gesperrt und da ich schon mal einen Anschiss auf dem Kramerplateauweg bekam, ersparte ich mir das Gezeter und rollte bis Gramisch runter. Die R\u00fcckfahrt zum Auto war dann eher ein gem\u00fctliches Ausrollen durch die Gassen von Breitenau und Garmisch.<\/p>\n<div class=\"passster-form\" id=\"ps-771\">\n    <form class=\"password-form\" method=\"post\" autocomplete=\"off\" target=\"_top\">\n        <span class=\"ps-form-headline\">Gesch\u00fctzter Bereich<\/span>\n        <div class=\"ps-form-instructions-wrap\">Dieser Inhalt ist passwortgesch\u00fctzt. Bitte gib dein Passwort ein um den Inhalt freizuschalten.<\/div>\n        <fieldset>\n            <span class=\"ps-loader\" style=\"display:none;\"><img decoding=\"async\" src=\"https:\/\/blog.sickculture.de\/wp-content\/plugins\/content-protector\/assets\/public\/ps-loader.svg\" alt=\"\" \/><\/span>\n            <label for=\"input-ps-771\" style=\"display:none;\" class=\"passster-hidden\">Trage dein Passwort ein<\/label>\n            <input placeholder=\"Gib dein Passwort ein..\" type=\"password\" tabindex=\"1\" name=\"passster_password\"\n                   id=\"input-ps-771\" class=\"passster-password\" autocomplete=\"off\"\n                   data-protection-type=\"password\" data-list=\"[PASSSTER_LIST]\" data-lists=\"[PASSSTER_LISTS]\" data-area=\"[PASSSTER_AREA]\"\n                   data-protection=\"[PASSSTER_PROTECTION]\">\n            \n            <button name=\"submit\" type=\"submit\" class=\"passster-submit\" data-psid=\"ps-771\" data-post-id=\"1037\" data-term-id=\"0\" \n                    data-submit=\"...Checking Password\" data-redirect=\"\">Freischalten\n            <\/button>\n            <div class=\"passster-error\"><\/div>\n        <\/fieldset>\n    <\/form>\n<\/div>\n[\/vc_column_text][\/vc_column][\/vc_row][vc_row][vc_column][vc_text_separator title=&#8221;F A Z I T&#8221;][\/vc_column][\/vc_row][vc_row][vc_column][vc_column_text]Tja, was soll ich sagen? Als Biketauglich w\u00fcrde ich die komplette Routenvariante nicht empfehlen. Wobei man beim Bergbikesteigen eben auch mit langen Tragenpassagen rechnen mu\u00df, um einen herrlichen Trail zu erreichen. Den Reitsteig am K\u00f6nigsstand mu\u00df man sowieso &#8220;ertragen&#8221;. Und bevor man die gleiche Route bergauftr\u00e4gt, um anschlie\u00dfend bergabzurollen, war die Wahl gar nicht so schlecht. Vorraussetzung f\u00fcr diese Tour ist Motivation und Lust auf Abenteuer. Aber das geh\u00f6rt doch irgendwie zum richtigen Bergradeln dazu, oder? Raus aus der Komfortzone, rein ins Vergn\u00fcgen![\/vc_column_text][\/vc_column][\/vc_row][vc_row][vc_column]<div class=\"ult_exp_section_layer ult-adjust-bottom-margin  \" >\n\t<div id=\"uvc-exp-wrap-7077\"   data-ultimate-target='#uvc-exp-wrap-7077'  data-responsive-json-new='{\"font-size\":\"desktop:20px;\",\"line-height\":\"desktop:20px;\"}'  class=\"ult_exp_section  ult-responsive \" style=\"color:#ffffff;background-color:#1e73be;font-family:Alfa Slab One;font-weight:bold;  text-align:center;\" data-textcolor=\"#ffffff\"data-texthover=\"#333333\"data-icncolor=\"#333333\"data-ihover=\"#333333\"data-height=\"0\"data-cntbg=\"#1e73be\"data-cnthvrbg=\"#e5e5e5\"data-headerbg=\"#1e73be\"data-headerhover=\"#e5e5e5\"data-title=\"BILDER\"data-newtitle=\"BILDER\"data-icon=\"\"data-newicon=\"\"data-activeicon=\"#333333\"data-effect=\"slideToggle\"data-override=\"0\"data-activetitle=\"#333333\"data-activebg=\"#dbdbdb\"data-img=\"\"data-newimg=\"\"><div  class=\"ult_exp_section-main \">\n\t\t\t\t\t<div class=\"ult_expheader\" >BILDER\n\t\t\t\t\t <\/div><\/div>\n\t\t\t\t<\/div><div class=\"ult_exp_content \" style=\"background-color:#dbdbdb;  \"><div class=\"ult_ecpsub_cont\" style=\" \" >[vc_column_text]<\/p>\n\n<p>[\/vc_column_text]<\/div><\/div>\n\n\t\t\t<\/div>[\/vc_column][\/vc_row]<\/p>\n<\/section>","protected":false},"excerpt":{"rendered":"<p>[vc_row][vc_column][vc_column_text][pe2-image src=&#8221;https:\/\/lh3.googleusercontent.com\/-ocvKH4BkRpM\/WZXh_453diI\/AAAAAAAAhgo\/hot6cDw0hbQEr0oB42qqqQniNkuw52JpwCCoYBhgL\/s144-c-o\/20170814_124333_0146__DSC7675_Screen.jpg&#8221; href=&#8221;https:\/\/picasaweb.google.com\/112885246866780528333\/6455304140179380177#6455314128628577826&#8243; caption=&#8221;&#8221; type=&#8221;image&#8221; alt=&#8221;20170814_124333_0146__DSC7675_Screen.jpg&#8221; ] \u00a0\u00a0\u00a0 Bikebergsteigen um Garmisch Kramerspitze und K\u00f6nigsstand Reitsteig 14. August 2017 \u00a0 Den Br\u00fcckentag richtig genutzt und dabei noch herrlichstes Wetter waren ausschlaggebend f\u00fcr eine Tour in den Ammergauer Alpen. Schwei\u00dftreibend und abenteuerlich sollte die Tour sein, deren Verlauf nur aus Wanderbildern bekannt \u2026 <a class=\"continue-reading-link\" href=\"https:\/\/blog.sickculture.de\/?page_id=1037\"> Continue reading<\/a><\/p>\n","protected":false},"author":1,"featured_media":0,"parent":90,"menu_order":0,"comment_status":"closed","ping_status":"closed","template":"","meta":{"_s2mail":"yes","ngg_post_thumbnail":0,"footnotes":""},"categories":[14,4],"class_list":["post-1037","page","type-page","status-publish","hentry","category-14","category-mountainbike"],"jetpack_shortlink":"https:\/\/wp.me\/P7EPUT-gJ","jetpack_sharing_enabled":true,"_links":{"self":[{"href":"https:\/\/blog.sickculture.de\/index.php?rest_route=\/wp\/v2\/pages\/1037","targetHints":{"allow":["GET"]}}],"collection":[{"href":"https:\/\/blog.sickculture.de\/index.php?rest_route=\/wp\/v2\/pages"}],"about":[{"href":"https:\/\/blog.sickculture.de\/index.php?rest_route=\/wp\/v2\/types\/page"}],"author":[{"embeddable":true,"href":"https:\/\/blog.sickculture.de\/index.php?rest_route=\/wp\/v2\/users\/1"}],"replies":[{"embeddable":true,"href":"https:\/\/blog.sickculture.de\/index.php?rest_route=%2Fwp%2Fv2%2Fcomments&post=1037"}],"version-history":[{"count":7,"href":"https:\/\/blog.sickculture.de\/index.php?rest_route=\/wp\/v2\/pages\/1037\/revisions"}],"predecessor-version":[{"id":1313,"href":"https:\/\/blog.sickculture.de\/index.php?rest_route=\/wp\/v2\/pages\/1037\/revisions\/1313"}],"up":[{"embeddable":true,"href":"https:\/\/blog.sickculture.de\/index.php?rest_route=\/wp\/v2\/pages\/90"}],"wp:attachment":[{"href":"https:\/\/blog.sickculture.de\/index.php?rest_route=%2Fwp%2Fv2%2Fmedia&parent=1037"}],"wp:term":[{"taxonomy":"category","embeddable":true,"href":"https:\/\/blog.sickculture.de\/index.php?rest_route=%2Fwp%2Fv2%2Fcategories&post=1037"}],"curies":[{"name":"wp","href":"https:\/\/api.w.org\/{rel}","templated":true}]}}