{"id":1039,"date":"2017-08-17T20:00:08","date_gmt":"2017-08-17T20:00:08","guid":{"rendered":"http:\/\/blog.sickculture.de\/?page_id=1039"},"modified":"2019-02-13T09:29:46","modified_gmt":"2019-02-13T09:29:46","slug":"2017-08-gumpenkarspitze-flow-im-soierngebiet-bbs","status":"publish","type":"page","link":"https:\/\/blog.sickculture.de\/?page_id=1039","title":{"rendered":"2017.08 Gumpenkarspitze &#8211; Flow im Soierngebiet &#8211; BBS"},"content":{"rendered":"<section class=\"wpb-content-wrapper\"><p>[vc_row][vc_column][vc_column_text][pe2-image src=&#8221;https:\/\/lh3.googleusercontent.com\/-XkhIpqvEpjs\/WZXzRCUTFiI\/AAAAAAAAhqM\/bnJeuP4AnuYEb1JeTstKX3Nsv3jDeXNTQCCoYBhgL\/s144-c-o\/20170815_125518_0143__DSC7899_Screen.jpg&#8221; href=&#8221;https:\/\/picasaweb.google.com\/112885246866780528333\/6455322435411894449#6455333114910807586&#8243; caption=&#8221;&#8221; type=&#8221;image&#8221; alt=&#8221;20170815_125518_0143__DSC7899_Screen.jpg&#8221; ]<\/p>\n<p class=\"clear\">\u00a0\u00a0\u00a0<\/p>\n<h1 class=\"clear\" style=\"text-align: center;\"><strong>BBS und Flowfeeling im Soiernkessel<\/strong><span style=\"color: #993300;\"><strong><br \/>\n<\/strong><\/span><\/h1>\n<h1 class=\"clear\" style=\"text-align: center;\"><strong>GUMPENKARSPITZE<br \/>\n<\/strong><\/h1>\n<h2 style=\"text-align: center;\">15. August 2017<\/h2>\n<p>\u00a0<\/p>\n<p>Gerade mal einen Tag nach der Kramerspitzentour ist her, so zog es mich schon wieder in die Berge. An Maria Himmelfahrt passte das Wetter und es w\u00e4re doch zu schade, zuhause die m\u00fcden Knochen zu schonen. Also fuhren wir ins Karwendel &#8211; die einen Wandern und ich allein ins Soiernmassiv. Schon K\u00f6nig Ludwig wusste von der Sch\u00f6nheit dieses Talkessels, so lie\u00df er damals schon seine Reitwege hier anlegen. Ein Gl\u00fcck f\u00fcr uns Biker&#8230;<\/p>\n<div id=\"s3gt_translate_tooltip\" class=\"s3gt_translate_tooltip\" style=\"position: absolute; left: 763px; top: 298px; opacity: 0;\">\n<div id=\"s3gt_translate_tooltip_mini_logo\" class=\"s3gt_translate_tooltip_mini\" title=\"Markierten Text \u00fcbersetzen\">\u00a0<\/div>\n<div id=\"s3gt_translate_tooltip_mini_sound\" class=\"s3gt_translate_tooltip_mini\" title=\"Abspielen\">\u00a0<\/div>\n<div id=\"s3gt_translate_tooltip_mini_copy\" class=\"s3gt_translate_tooltip_mini\" title=\"In Zwischenablage kopieren\">\u00a0<\/div>\n<\/div>\n<p>[\/vc_column_text][\/vc_column][\/vc_row][vc_row][vc_column][vc_text_separator title=&#8221;B E S C H R E I B U N G&#8221;][\/vc_column][\/vc_row][vc_row][vc_column][vc_column_text]\u00a0<\/p>\n<p>Nach unserem obligatorischen Boxenstopp in Unterammergau zum Fr\u00fchst\u00fcck (<em>B\u00e4ckerei Auerhammer &#8211; nur zu empfehlen!<\/em>) gings rasch weiter Richtung S\u00fcden. In Wallgau kurz vor Mittenwald parkten wir das Auto und ich pedalierte sofort los, um noch in angenehmen Temperaturen zu radeln. Heute hie\u00df es n\u00e4mlich Sonne satt und so fuhr ich \u00fcber Kr\u00fcn hoch zur Fischbachalm, welche \u00fcber gute 500hm Anfahrtwegs auf breiter Forstpiste gut erreichbar ist. Von hier oben erblickt man schon den Talkessel der Soierngruppe. Hier war ich letztes Jahr auf dem Weg zur Sch\u00f6ttelkarspitze schon unterwegs. Diesmal wollte ich aber die Gumpenkarspitze gegen\u00fcber erklimmen. Doch zuvor mu\u00df man erstmal bergab bis zur Materialseilbahn des Soiernhaus rollen. Bis hierher war alles fahrbar. Dann hie\u00df es wieder runter vom Bike und schieben. Gute 200hm sind \u00fcber den Reitweg zum Soiernhaus gut zu schieben, dann zweigt der Weg nach links ab und man schiebt, bzw. tr\u00e4gt sein Bike die n\u00e4chsten 350hm \u00fcber einen schmalen Wanderweg hoch in Richtung Soiernspitze und Gumpenkarspitze. Am &#8220;Joch&#8221; angekommen hat man eine super Aussicht auf die umliegenden Berge, das Soiernhaus und nat\u00fcrlich den malerischen Soiernseen am Ende des Talkessels.<\/p>\n<p>Ich trug dann der Routenbeschreibung folgend mein Bike noch hoch bis kurz vor das Gipfelkreuz der Gumpenkarspitze. Fahren in meinen Augen nicht ratsam oder fahrbar. Laut Tourenbeschreibung soll\u00b4s aber Leute geben, die das fahren. Jedem das seine. Ich lie\u00df mein Bike auf dem Weg in sicherer Position liegen und erklimmte den Gipfel. Herrlichstes Panorama. Sogar den Gletscher des Stubaitals kan man erkennen. Und der weitere Wegverlauf zeichnet sich in schwungvollen Kehren am Hang entlang. Also schnell wieder runter und rauf auf\u00b4s Bike. Sogar ein anderer Biker war mittlerweile am Joch angekommen. Die Abfahrt war sch\u00f6n flowig. Bremsen auf und laufenlassen, Abbremsen, Kehreziehen, dann wieder Schwung aufnehmen. Das ganze immer wiederkehrend, bis der Weg in einen Pfad mit Steinmauern am Hang entlang ging. Dann hie\u00df es nochmals 100hm Bikeschieben. Mittlerweile waren die Kr\u00e4fte schon am Ende und jeder Schritt anstrengend zu gehen. Doch schon folgte der langersehnte Downhill. Bis zur Fereinalm (Vereineralm) und Krinner-Koffler-H\u00fctte (DAV) auf 1400m geht aus Trail sch\u00f6n flowig bergab. Nach einer kurzen Verschnaufpause checkte ich die Lage mit meinen Mitfahrern und wir verabredeten uns auf 15 Uhr am Auto. So fuhr ich (leider) nicht \u00fcber den J\u00e4gersteig auf S2 Niveau bergab, sondern der dem langweiligen Forstweg bis Kr\u00fcn.<\/p>\n<p>Tja, und wo sind meine Mitfahrer? Nicht da &#8211; mit einer Stunde Versp\u00e4tung kamen sie dann am Parkplatz an. Da h\u00e4tte ich ja locker noch den J\u00e4gersteig mitnehmen k\u00f6nnen. Schade. Aber im Ganzen gesehen war es eine wunderbare BBS Tour im Karwendel.<\/p>\n<div class=\"passster-form\" id=\"ps-846\">\n    <form class=\"password-form\" method=\"post\" autocomplete=\"off\" target=\"_top\">\n        <span class=\"ps-form-headline\">Gesch\u00fctzter Bereich<\/span>\n        <div class=\"ps-form-instructions-wrap\">Dieser Inhalt ist passwortgesch\u00fctzt. Bitte gib dein Passwort ein um den Inhalt freizuschalten.<\/div>\n        <fieldset>\n            <span class=\"ps-loader\" style=\"display:none;\"><img decoding=\"async\" src=\"https:\/\/blog.sickculture.de\/wp-content\/plugins\/content-protector\/assets\/public\/ps-loader.svg\" alt=\"\" \/><\/span>\n            <label for=\"input-ps-846\" style=\"display:none;\" class=\"passster-hidden\">Trage dein Passwort ein<\/label>\n            <input placeholder=\"Gib dein Passwort ein..\" type=\"password\" tabindex=\"1\" name=\"passster_password\"\n                   id=\"input-ps-846\" class=\"passster-password\" autocomplete=\"off\"\n                   data-protection-type=\"password\" data-list=\"[PASSSTER_LIST]\" data-lists=\"[PASSSTER_LISTS]\" data-area=\"[PASSSTER_AREA]\"\n                   data-protection=\"[PASSSTER_PROTECTION]\">\n            \n            <button name=\"submit\" type=\"submit\" class=\"passster-submit\" data-psid=\"ps-846\" data-post-id=\"1039\" data-term-id=\"0\" \n                    data-submit=\"...Checking Password\" data-redirect=\"\">Freischalten\n            <\/button>\n            <div class=\"passster-error\"><\/div>\n        <\/fieldset>\n    <\/form>\n<\/div>\n[\/vc_column_text][\/vc_column][\/vc_row][vc_row][vc_column][vc_text_separator title=&#8221;F A Z I T&#8221;][\/vc_column][\/vc_row][vc_row][vc_column][vc_column_text]Das Karwendel ist immer wieder eine Reise wert. Punkt &#8211; dazu mu\u00df man nicht mehr sagen. Dolomitenfeeling wie in S\u00fcdtirol und typischer bayrisch-tirolerischem Flair. Statt Milit\u00e4rwege hat man hier J\u00e4ger- und Reitsteige unseres K\u00f6nig Ludwig. Um an diese herrlichen Punkte zu gelangen, hei\u00dft es: Ohne Schwei\u00df, kein Preis. Und jeder Tropfen Schwei\u00df war es wieder einmal wert![\/vc_column_text][\/vc_column][\/vc_row][vc_row][vc_column]<div class=\"ult_exp_section_layer ult-adjust-bottom-margin  \" >\n\t<div id=\"uvc-exp-wrap-4812\"   data-ultimate-target='#uvc-exp-wrap-4812'  data-responsive-json-new='{\"font-size\":\"desktop:20px;\",\"line-height\":\"desktop:20px;\"}'  class=\"ult_exp_section  ult-responsive \" style=\"color:#ffffff;background-color:#1e73be;font-family:Alfa Slab One;font-weight:bold;  text-align:center;\" data-textcolor=\"#ffffff\"data-texthover=\"#333333\"data-icncolor=\"#333333\"data-ihover=\"#333333\"data-height=\"0\"data-cntbg=\"#1e73be\"data-cnthvrbg=\"#e5e5e5\"data-headerbg=\"#1e73be\"data-headerhover=\"#e5e5e5\"data-title=\"BILDER\"data-newtitle=\"BILDER\"data-icon=\"\"data-newicon=\"\"data-activeicon=\"#333333\"data-effect=\"slideToggle\"data-override=\"0\"data-activetitle=\"#333333\"data-activebg=\"#dbdbdb\"data-img=\"\"data-newimg=\"\"><div  class=\"ult_exp_section-main \">\n\t\t\t\t\t<div class=\"ult_expheader\" >BILDER\n\t\t\t\t\t <\/div><\/div>\n\t\t\t\t<\/div><div class=\"ult_exp_content \" style=\"background-color:#dbdbdb;  \"><div class=\"ult_ecpsub_cont\" style=\" \" >[vc_column_text]<\/p>\n\n<p>[\/vc_column_text]<\/div><\/div>\n\n\t\t\t<\/div>[\/vc_column][\/vc_row]<\/p>\n<\/section>","protected":false},"excerpt":{"rendered":"<p>[vc_row][vc_column][vc_column_text][pe2-image src=&#8221;https:\/\/lh3.googleusercontent.com\/-XkhIpqvEpjs\/WZXzRCUTFiI\/AAAAAAAAhqM\/bnJeuP4AnuYEb1JeTstKX3Nsv3jDeXNTQCCoYBhgL\/s144-c-o\/20170815_125518_0143__DSC7899_Screen.jpg&#8221; href=&#8221;https:\/\/picasaweb.google.com\/112885246866780528333\/6455322435411894449#6455333114910807586&#8243; caption=&#8221;&#8221; type=&#8221;image&#8221; alt=&#8221;20170815_125518_0143__DSC7899_Screen.jpg&#8221; ] \u00a0\u00a0\u00a0 BBS und Flowfeeling im Soiernkessel GUMPENKARSPITZE 15. August 2017 \u00a0 Gerade mal einen Tag nach der Kramerspitzentour ist her, so zog es mich schon wieder in die Berge. An Maria Himmelfahrt passte das Wetter und es w\u00e4re doch zu schade, zuhause die \u2026 <a class=\"continue-reading-link\" href=\"https:\/\/blog.sickculture.de\/?page_id=1039\"> Continue reading<\/a><\/p>\n","protected":false},"author":1,"featured_media":0,"parent":90,"menu_order":0,"comment_status":"closed","ping_status":"closed","template":"","meta":{"_s2mail":"yes","ngg_post_thumbnail":0,"footnotes":""},"categories":[14,4],"class_list":["post-1039","page","type-page","status-publish","hentry","category-14","category-mountainbike"],"jetpack_shortlink":"https:\/\/wp.me\/P7EPUT-gL","jetpack_sharing_enabled":true,"_links":{"self":[{"href":"https:\/\/blog.sickculture.de\/index.php?rest_route=\/wp\/v2\/pages\/1039","targetHints":{"allow":["GET"]}}],"collection":[{"href":"https:\/\/blog.sickculture.de\/index.php?rest_route=\/wp\/v2\/pages"}],"about":[{"href":"https:\/\/blog.sickculture.de\/index.php?rest_route=\/wp\/v2\/types\/page"}],"author":[{"embeddable":true,"href":"https:\/\/blog.sickculture.de\/index.php?rest_route=\/wp\/v2\/users\/1"}],"replies":[{"embeddable":true,"href":"https:\/\/blog.sickculture.de\/index.php?rest_route=%2Fwp%2Fv2%2Fcomments&post=1039"}],"version-history":[{"count":5,"href":"https:\/\/blog.sickculture.de\/index.php?rest_route=\/wp\/v2\/pages\/1039\/revisions"}],"predecessor-version":[{"id":1312,"href":"https:\/\/blog.sickculture.de\/index.php?rest_route=\/wp\/v2\/pages\/1039\/revisions\/1312"}],"up":[{"embeddable":true,"href":"https:\/\/blog.sickculture.de\/index.php?rest_route=\/wp\/v2\/pages\/90"}],"wp:attachment":[{"href":"https:\/\/blog.sickculture.de\/index.php?rest_route=%2Fwp%2Fv2%2Fmedia&parent=1039"}],"wp:term":[{"taxonomy":"category","embeddable":true,"href":"https:\/\/blog.sickculture.de\/index.php?rest_route=%2Fwp%2Fv2%2Fcategories&post=1039"}],"curies":[{"name":"wp","href":"https:\/\/api.w.org\/{rel}","templated":true}]}}