{"id":1051,"date":"2017-08-21T07:50:52","date_gmt":"2017-08-21T07:50:52","guid":{"rendered":"http:\/\/blog.sickculture.de\/?page_id=1051"},"modified":"2019-02-13T09:29:37","modified_gmt":"2019-02-13T09:29:37","slug":"2017-08-steinerne-tor-achensee","status":"publish","type":"page","link":"https:\/\/blog.sickculture.de\/?page_id=1051","title":{"rendered":"2017.08 Steinerne Tor &#8211; Achensee"},"content":{"rendered":"<section class=\"wpb-content-wrapper\"><p>[vc_row][vc_column][vc_column_text][pe2-image src=&#8221;https:\/\/lh3.googleusercontent.com\/-0A8cP6wunsE\/WZpq5AhW8KI\/AAAAAAAAhzI\/y1azIto7AqE5iWBka1fWbNQUEhu0sny5gCCoYBhgL\/s144-c-o\/20170820_123348_0100__DSC8059_Screen.jpg&#8221; href=&#8221;https:\/\/picasaweb.google.com\/112885246866780528333\/6456589048001636577#6456590543414030498&#8243; caption=&#8221;&#8221; type=&#8221;image&#8221; alt=&#8221;20170820_123348_0100__DSC8059_Screen.jpg&#8221; ]<\/p>\n<p class=\"clear\">\u00a0\u00a0\u00a0\u00a0<\/p>\n<h1 class=\"clear\" style=\"text-align: center;\"><strong>Bikebergsteigen am Achensee zum<\/strong><span style=\"color: #993300;\"><strong><br \/>\n<\/strong><\/span><\/h1>\n<h1 class=\"clear\" style=\"text-align: center;\"><strong>STEINERNEN TOR<br \/>\n<\/strong><\/h1>\n<h2 style=\"text-align: center;\">20. August 2017<\/h2>\n<p>\u00a0<\/p>\n<p>&#8220;Alle guten Dinge sind Drei!&#8221; Also gleich die dritte BBS Tour in einer Woche durchgezogen. Diesmal war Hardy wieder mit am Start. Unsere Wahl fiel auf eine herrliche und bekannte Bikebergsteigertour zum Steinernen Tor, zur Dalfazalm und runter zum Achensee.<\/p>\n<div id=\"s3gt_translate_tooltip\" class=\"s3gt_translate_tooltip\" style=\"position: absolute; left: 763px; top: 298px; opacity: 0;\">\n<div id=\"s3gt_translate_tooltip_mini_logo\" class=\"s3gt_translate_tooltip_mini\" title=\"Markierten Text \u00fcbersetzen\">\u00a0<\/div>\n<div id=\"s3gt_translate_tooltip_mini_sound\" class=\"s3gt_translate_tooltip_mini\" title=\"Abspielen\">\u00a0<\/div>\n<div id=\"s3gt_translate_tooltip_mini_copy\" class=\"s3gt_translate_tooltip_mini\" title=\"In Zwischenablage kopieren\">\u00a0<\/div>\n<\/div>\n<p>[\/vc_column_text][\/vc_column][\/vc_row][vc_row][vc_column][vc_text_separator title=&#8221;B E S C H R E I B U N G&#8221;][\/vc_column][\/vc_row][vc_row][vc_column][vc_column_text]Diese Tour hatte ich schon l\u00e4nger im Auge und wollte sie dieses Jahr noch unter die Stollen nehmen. Die Daten waren vielsprechend: ca. 1000tm Downhill auf Trail, Spitzkehren und anspruchsvolles Gel\u00e4nde. Dazu noch ein in Grenzen beschr\u00e4nkter Trageanteil. Da war Hardy schnell \u00fcberzeugt und so fuhren wir am Sonntag morgen nach Achenkirch am Achensee. Nach kurzem Fr\u00fchst\u00fcck in der B\u00e4ckerei Adler (Tipp wegen \u00d6ffnungszeiten) parkten wir am Abenteuer Kletterpark und zogen los. Die ersten 700hm waren komplett fahrbar auf Forststra\u00dfe, allerdings von Anfang an recht steil. Oder lag es an meiner Bikewahl, denn mein 601er wog um einiges mehr als Hardy\u00b4s Stumpi, der sich nat\u00fcrlich bergauf leichter tat. Egal, dann eben einen Gang langsamer. Teilweise erinnerte die Auffahrt ein wenig an Gardaseeauffahrten. Serpentinen mit steilabfallendem Gel\u00e4nde und Blick auf den See. Auf ca. 1260m passierten wir die Kotalm-Niederleger und kurz darauf den Mittelleger der Kotalm (1600m). Hier wurde es ein wenig frisch und wir zogen uns noch kurz die Jacken \u00fcber. Von der Kotalm f\u00fchrt nun der Trail bergauf zum Steinernen Tor auf dem Weg 413. Zuerst noch schiebend und teilweise wieder fahrend, dann aber war Tragen angesagt. Unser Ziel vor Augen schulterten wir unsere Bikes auf schmalen Pfaden, balancierten durch Latschengassen und versuchten zwischen matschigem Boden und Kuhpfladen die richtige Trittposition zu finden. Ein paar vereinzelte Wanderer kamen uns entgegen und gr\u00fc\u00dften freundlich. Hinter uns kam niemand mehr hoch.<\/p>\n<p>Nach kurzer Zeit erreichten wir unseren H\u00f6hepunkt am Steinernen Tor auf 1978m H\u00f6he. Ein Hammer Panorama auf den Achensee, die Gamsspitzl, Streichkopf und der gegen\u00fcberliegendem Seebergspitze. Nach ettlichen Fotos und einer kurzen Rast hie\u00df es nur noch Trail bergab. Die ersten paar Meter waren noch auf ger\u00f6lligem Kies, dann aber herrlich flowig mit kleinen &#8220;Akzenten&#8221; runter zur Dalfazalm. Vor lauter Spass sollte man aber nicht versuchen auf dem GPS rumzuklicken und dabei den Blick auf den Trail verlieren. So stoplerte ich kurz vom Bike und Hardy zeitgleich an weiter obenliegender Stelle ebenfalls. Naja, zuviel \u00dcbermut oder \u00e4hnliches. Nichts passiert und mit Lachen im Gesicht gings weiter. Kurz vor der Alm fing es an zu nieseln und sofort waren die letzten Meter auf sandigem Boden rutschiger. Unbeschadet erreichten wir die Dalfazalm, deponierten unsere Bikes unterm Vordach und besorgten uns die wohlverdiente Vesper. W\u00e4hrend unserer Rast h\u00f6rte es auch gleich wieder auf zu regnen und die Sonne strahlte wieder zwischen den Wolken hervor. Hardy mu\u00dfte ein kurzes Nickerchen machen und ich streunte herum und scho\u00df ein paar Fotos. Schnell sind mal eine Stunde vor\u00fcber und so zogen wir weiter. Unser n\u00e4chstes Ziel war der Dalfazer Wasserfall. Der Weg dorthin wurde nun anspruchsvoller. In engen Kehren auf festem Schotter und stellenweise Abs\u00e4tzen mit Stufeneinlagen rollten wir bergab. Kurz vor dem Wasserfall nahmen wir noch eine Abk\u00fcrzung, die direkt unter der Materialseilbahn von einem Holzh\u00e4uschen bergab f\u00fchrte. Sehr ruppig, felsig und enge Kehren. Diese Passage h\u00e4tte man auch umfahren k\u00f6nnen, aber wir folgten eben dem Tourenvorschlag. Nicht schlecht w\u00fcrde ich sagen. Bis zum Wasserfall war der Weg wieder angenehm mit 2-3 Kehren zu fahren. Am Wasserfall schossen wir wieder Fotos, ehe es zum Endspurt nach Buchau auf schmalen Wurzelpfad ging. Zur\u00fcck zum Auto gings dann auf dem Radweg, was stellenweise gef\u00e4hrlicher war, als auf verblocktem Trailgel\u00e4nde. Unkontrollierte Kids auf Bikes, Freizeitradler auf Hollandrad mit K\u00f6rbchen oder 1-2-oder-3 Fu\u00dfg\u00e4nger, die nicht wissen auf welche Stra\u00dfenseite sie springen sollen. Das kennt ihr sicherlich auch&#8230;<\/p>\n<div class=\"passster-form\" id=\"ps-50\">\n    <form class=\"password-form\" method=\"post\" autocomplete=\"off\" target=\"_top\">\n        <span class=\"ps-form-headline\">Gesch\u00fctzter Bereich<\/span>\n        <div class=\"ps-form-instructions-wrap\">Dieser Inhalt ist passwortgesch\u00fctzt. Bitte gib dein Passwort ein um den Inhalt freizuschalten.<\/div>\n        <fieldset>\n            <span class=\"ps-loader\" style=\"display:none;\"><img decoding=\"async\" src=\"https:\/\/blog.sickculture.de\/wp-content\/plugins\/content-protector\/assets\/public\/ps-loader.svg\" alt=\"\" \/><\/span>\n            <label for=\"input-ps-50\" style=\"display:none;\" class=\"passster-hidden\">Trage dein Passwort ein<\/label>\n            <input placeholder=\"Gib dein Passwort ein..\" type=\"password\" tabindex=\"1\" name=\"passster_password\"\n                   id=\"input-ps-50\" class=\"passster-password\" autocomplete=\"off\"\n                   data-protection-type=\"password\" data-list=\"[PASSSTER_LIST]\" data-lists=\"[PASSSTER_LISTS]\" data-area=\"[PASSSTER_AREA]\"\n                   data-protection=\"[PASSSTER_PROTECTION]\">\n            \n            <button name=\"submit\" type=\"submit\" class=\"passster-submit\" data-psid=\"ps-50\" data-post-id=\"1051\" data-term-id=\"0\" \n                    data-submit=\"...Checking Password\" data-redirect=\"\">Freischalten\n            <\/button>\n            <div class=\"passster-error\"><\/div>\n        <\/fieldset>\n    <\/form>\n<\/div>\n[\/vc_column_text][\/vc_column][\/vc_row][vc_row][vc_column][vc_text_separator title=&#8221;F A Z I T&#8221;][\/vc_column][\/vc_row][vc_row][vc_column][vc_column_text]Ein lang geh\u00e4ckter Plan ging auf und die Runde war jeden Tropfen Schwei\u00df wert. Nicht zu anstrengend, Downhill auf 100% Trail und das ganze zu 3\/4 fahrbar. Und wenn Schieben angesagt war, dann nur kurz. Das Grinsen stand uns beiden jedenfalls f\u00f6rmlich im Gesicht.[\/vc_column_text][\/vc_column][\/vc_row][vc_row][vc_column]<div class=\"ult_exp_section_layer ult-adjust-bottom-margin  \" >\n\t<div id=\"uvc-exp-wrap-3404\"   data-ultimate-target='#uvc-exp-wrap-3404'  data-responsive-json-new='{\"font-size\":\"desktop:20px;\",\"line-height\":\"desktop:20px;\"}'  class=\"ult_exp_section  ult-responsive \" style=\"color:#ffffff;background-color:#1e73be;font-family:Alfa Slab One;font-weight:bold;  text-align:center;\" data-textcolor=\"#ffffff\"data-texthover=\"#333333\"data-icncolor=\"#333333\"data-ihover=\"#333333\"data-height=\"0\"data-cntbg=\"#1e73be\"data-cnthvrbg=\"#e5e5e5\"data-headerbg=\"#1e73be\"data-headerhover=\"#e5e5e5\"data-title=\"BILDER\"data-newtitle=\"BILDER\"data-icon=\"\"data-newicon=\"\"data-activeicon=\"#333333\"data-effect=\"slideToggle\"data-override=\"0\"data-activetitle=\"#333333\"data-activebg=\"#dbdbdb\"data-img=\"\"data-newimg=\"\"><div  class=\"ult_exp_section-main \">\n\t\t\t\t\t<div class=\"ult_expheader\" >BILDER\n\t\t\t\t\t <\/div><\/div>\n\t\t\t\t<\/div><div class=\"ult_exp_content \" style=\"background-color:#dbdbdb;  \"><div class=\"ult_ecpsub_cont\" style=\" \" >[vc_column_text]<\/p>\n\n<p>[\/vc_column_text]<\/div><\/div>\n\n\t\t\t<\/div>[\/vc_column][\/vc_row]<\/p>\n<\/section>","protected":false},"excerpt":{"rendered":"<p>[vc_row][vc_column][vc_column_text][pe2-image src=&#8221;https:\/\/lh3.googleusercontent.com\/-0A8cP6wunsE\/WZpq5AhW8KI\/AAAAAAAAhzI\/y1azIto7AqE5iWBka1fWbNQUEhu0sny5gCCoYBhgL\/s144-c-o\/20170820_123348_0100__DSC8059_Screen.jpg&#8221; href=&#8221;https:\/\/picasaweb.google.com\/112885246866780528333\/6456589048001636577#6456590543414030498&#8243; caption=&#8221;&#8221; type=&#8221;image&#8221; alt=&#8221;20170820_123348_0100__DSC8059_Screen.jpg&#8221; ] \u00a0\u00a0\u00a0\u00a0 Bikebergsteigen am Achensee zum STEINERNEN TOR 20. August 2017 \u00a0 &#8220;Alle guten Dinge sind Drei!&#8221; Also gleich die dritte BBS Tour in einer Woche durchgezogen. Diesmal war Hardy wieder mit am Start. Unsere Wahl fiel auf eine herrliche und bekannte Bikebergsteigertour zum \u2026 <a class=\"continue-reading-link\" href=\"https:\/\/blog.sickculture.de\/?page_id=1051\"> Continue reading<\/a><\/p>\n","protected":false},"author":1,"featured_media":0,"parent":90,"menu_order":0,"comment_status":"closed","ping_status":"closed","template":"","meta":{"_s2mail":"yes","ngg_post_thumbnail":0,"footnotes":""},"categories":[14,4],"class_list":["post-1051","page","type-page","status-publish","hentry","category-14","category-mountainbike"],"jetpack_shortlink":"https:\/\/wp.me\/P7EPUT-gX","jetpack_sharing_enabled":true,"_links":{"self":[{"href":"https:\/\/blog.sickculture.de\/index.php?rest_route=\/wp\/v2\/pages\/1051","targetHints":{"allow":["GET"]}}],"collection":[{"href":"https:\/\/blog.sickculture.de\/index.php?rest_route=\/wp\/v2\/pages"}],"about":[{"href":"https:\/\/blog.sickculture.de\/index.php?rest_route=\/wp\/v2\/types\/page"}],"author":[{"embeddable":true,"href":"https:\/\/blog.sickculture.de\/index.php?rest_route=\/wp\/v2\/users\/1"}],"replies":[{"embeddable":true,"href":"https:\/\/blog.sickculture.de\/index.php?rest_route=%2Fwp%2Fv2%2Fcomments&post=1051"}],"version-history":[{"count":4,"href":"https:\/\/blog.sickculture.de\/index.php?rest_route=\/wp\/v2\/pages\/1051\/revisions"}],"predecessor-version":[{"id":1311,"href":"https:\/\/blog.sickculture.de\/index.php?rest_route=\/wp\/v2\/pages\/1051\/revisions\/1311"}],"up":[{"embeddable":true,"href":"https:\/\/blog.sickculture.de\/index.php?rest_route=\/wp\/v2\/pages\/90"}],"wp:attachment":[{"href":"https:\/\/blog.sickculture.de\/index.php?rest_route=%2Fwp%2Fv2%2Fmedia&parent=1051"}],"wp:term":[{"taxonomy":"category","embeddable":true,"href":"https:\/\/blog.sickculture.de\/index.php?rest_route=%2Fwp%2Fv2%2Fcategories&post=1051"}],"curies":[{"name":"wp","href":"https:\/\/api.w.org\/{rel}","templated":true}]}}