{"id":1061,"date":"2017-08-28T09:50:30","date_gmt":"2017-08-28T09:50:30","guid":{"rendered":"http:\/\/blog.sickculture.de\/?page_id=1061"},"modified":"2021-07-05T08:02:53","modified_gmt":"2021-07-05T08:02:53","slug":"2017-08-stanser-joch-bbs","status":"publish","type":"page","link":"https:\/\/blog.sickculture.de\/?page_id=1061","title":{"rendered":"2017.08 Stanser Joch BBS"},"content":{"rendered":"<section class=\"wpb-content-wrapper\"><p>[vc_row][vc_column][vc_column_text][pe2-image src=&#8221;https:\/\/lh3.googleusercontent.com\/-qBYc8jlRCjc\/WaPXUipgTgI\/AAAAAAAAh9c\/mb4vRSctUwoW6j76_j99hWtSjXFEF3glwCCoYBhgL\/s144-c-o\/20170827_135450_0078__DSC8261_Screen.jpg&#8221; href=&#8221;https:\/\/picasaweb.google.com\/112885246866780528333\/6459242366315757841#6459243038477667842&#8243; caption=&#8221;&#8221; type=&#8221;image&#8221; alt=&#8221;20170827_135450_0078__DSC8261_Screen.jpg&#8221; ]<\/p>\n<p class=\"clear\">\n<h4 class=\"clear\" style=\"text-align: center;\"><span style=\"color: #808080;\"><strong>Bikebergsteigen am Achensee auf\u00b4s<\/strong><\/span><span style=\"color: #0000ff;\"><strong><br \/>\n<\/strong><\/span><\/h4>\n<h1 style=\"text-align: center;\"><strong><span style=\"color: #0000ff;\"><span style=\"color: #3366ff;\">Stanser Joch<\/span><br \/>\n<\/span><\/strong><\/h1>\n<h4 style=\"text-align: center;\">Stans (Achensee)<\/h4>\n<h2 style=\"text-align: center;\"><span style=\"color: #808080;\">27. August 2017<\/span><\/h2>\n<p><img loading=\"lazy\" decoding=\"async\" class=\"aligncenter wp-image-957\" src=\"http:\/\/blog.sickculture.de\/wp-content\/uploads\/2016\/11\/karwendelLogo-300x194.jpg\" alt=\"\" width=\"164\" height=\"125\"><\/p>\n<hr>\n<p>Jede Woche auf\u00b4s Neue: diesmal auf das Stanser Joch am Achensee. Wieder war Hardy mit am Start und hat sich dankender Weise wieder mit hochgequ\u00e4lt. Kein leichtes Unterfangen bei dieser Schw\u00fclle und einigen Schiebepassagen.[\/vc_column_text][\/vc_column][\/vc_row][vc_row][vc_column][vc_text_separator title=&#8221;B E S C H R E I B U N G&#8221;][\/vc_column][\/vc_row][vc_row][vc_column][vc_column_text]<\/p>\n<h3><strong>&#8220;OHNE SCHWEISS KEIN PREIS!&#8221;<br \/>\n<\/strong><\/h3>\n<p>Langsam, Umdrehung f\u00fcr Umdrehung schraubten wir uns von Stans \u00fcber die anfangs gem\u00fctliche Stra\u00dfe nach oben. Das Kreuz war am Parkplatz schon sichtbar und schien eigentlich zum Greifen nah. Die ersten 500hm gingen noch relativ human im Schatten der Kiefern bergauf. Wir wunderten uns schon wieder, warum sowenig los war. Besser gesagt, nichts los auf diesem Berg? Soll das nun ein positives oder negatives Omen sein? Immer wieder hatten wir einen herrlichen Blick ins Inntal und auf die schneebedeckten Gipfel in der Ferne. Sp\u00e4ter ging der Weg auf Schotter \u00fcber und die Regentage zuvor hinterliesen Spuren in Form von ausgesp\u00fclten Errosionsrinnen und losem Schotter. Mit ordentlich Druck auf dem Pedal k\u00e4mpften wir gegen die immer steiler werdende und sonnenreichere Hanglage. Langsam lichtete sich das Gel\u00e4nde und die Aussicht wurde immer besser. Dementsprechend auch gef\u00fchlte 30 Grad. Die Trinkblasen wurden immer leerer und keine H\u00fctte in Aussicht. Zwischendurch erreichte die Auffahrt eine Steigung von 18 Prozent und wir mu\u00dften stellenweise schieben. Inzwischen kamen uns insgesamt drei Wanderer und zwei Biker entgegen (einer mit Retrobike und einer mit eBike, was sonst).<\/p>\n<p>Ab einer Hochalm kurz unter dem Kreuz war dann an Fahren nicht mehr zu denken. So wanderten wir mit den Bikes auf dem R\u00fccken die letzten H\u00f6henmeter an den Schneez\u00e4unen auf weglosem Gel\u00e4nde hoch zum Sattel. Immer mit Blick ins Inntal und auf das Karwendel nebenan. Unser einziger Wegweiser war das sichtbare Kreuz vor uns. Oben angekommen war das Panorama einfach atemberaubend. So knippsten wir ein paar Fotos ins Inntal und auf der anderen Seite runter auf den Achensee. Unsere Abfahrtslinie hatten wir auch schon vor Augen. Von hier oben h\u00e4tten wir gesagt fahrbar &#8211; dazu gleich mehr. Wir legten eine kurze Gipfelrast ein uns verkosteten unsere Vesper, ehe wir uns f\u00fcr die Abfahrt zum Achensee fertig machten. Inzwischen sahen wir schon dunkle Wolken aus dem Zillertal kommend. Also schnell los, ehe wir in ein Gewitter kommen. Zum Gl\u00fcck verzog es sich in die andere Richtung. Die ersten Meter fuhren wir am Grat des Sattels \u00fcber Felsbrocken und Wiesen sch\u00f6n flowig r\u00fcber zum \u00dcbergang auf 2100m. Vom Stanser Joch hat man vier Varianten abzufahren. Seiergraben, Directissima (beide Richtung S\u00fcden ins Inntal), dann noch zwei Nordseitige Trails, wobei eine absolut nicht erw\u00e4hnenswert w\u00e4re und die eine Variante, die wir w\u00e4hlten, \u00fcber die B\u00e4renbadalm. Wir wollten bei der Abfahrt unbedingt eine H\u00fcttenrast machen und so hatten wir nur diese eine Variante zu fahren. Vom \u00dcbergang ging es auf stark verblocktem Untergrund und in zig Kehren Richtung Weisenbachsattel. Die Regentage hatten hier auch wieder einiges ausgeschw\u00e4mt und es war ratsamer, auch hier zu schieben oder zu tragen. Au\u00dferdem riskiert man an einigen Stellen ein H\u00e4ngenbleiben mit dem Schaltwerk oder Pedal, was einen m\u00e4chtig aushebeln kann. So schoben wir eben bis der Weg fahrbarer wurde. Ein paar Schl\u00fcsselstellen waren trotzdem noch zu meistern, ehe wir grinsend am Weisenbachsattel ankamen. Beim Blick nach oben denkt man &#8220;da f\u00fchrt ein Pfad runter?&#8221;. Langsam brauchten wir Zucker und so entschlo\u00dfen wir schnell weiter zur Alm zu kurven. Der Weg zur B\u00e4renbadalm ist gr\u00f6\u00dftenteils ein flowiger Trail am Hang entlang mit gem\u00e4chlicher Neigung bergab. Zwischendurch ein paar Schl\u00fcsselstellen in Form von Stufen oder drahtseilgesichertem steilabfallendem Weg, dann ein paar Kehren und weiter flowig r\u00fcber zur B\u00e4renbadalm. Erleichtert kamen wir bei unserer Einkehr an und bestellten gleich unser verdientes kaltes Getr\u00e4nk.<\/p>\n<p>Die dunklen Wolken zogen langsam auch am Achensee auf und so mu\u00dften wir schauen, dass wir weiterkamen. Hier k\u00f6nnte man am Aussichtspunkt einen Trail runter rollen. Ich hatte allerdings vorher was vom Tunnelweg unterhalb des Zw\u00f6lferkopfs im Netz gefunden. Ein easy Wanderweg sch\u00f6n flowig zu fahren. Man hat schon fast das Feeling am Gardasee zu sein. Durch in den felsgeschlagene Tunnel auf ca. 1m breitem Weg. Links abfallend, rechts der steile Fels. Zwischendurch wurden Skulpturen errichtet. Zu unserem Gl\u00fcck waren fast keine Wanderer unterwegs. Somit konnten wir die Bremsen offenlassen und ins Tal rauschen. Am Achensee wandelte sich der Tourencharakter. Hier herrschte wieder starker Autoverkehr, jede Menge Spazierg\u00e4nger und mittendrin wir. Aus Norden sahen wir schon Regenschwaden, die uns kurz vor Maurach einholten und wir mu\u00dften uns kurz in einer Scheune unterstellen. Eigentlich wollten wir noch einen Trail nach Jenbach mitnehmen, allerdings waren wir durchn\u00e4sst und der Wurzelpfad w\u00e4re zu glitschig gewesen. Ersch\u00f6pft erreichten wir kurz darauf unser Auto in Stans. Hier holte uns der zweite Regenschauer ein und wir waren gl\u00fccklich im Auto zu sitzen und die Heimreise anzugehen.<\/p>\n<div class=\"passster-form\" id=\"ps-928\">\n    <form class=\"password-form\" method=\"post\" autocomplete=\"off\" target=\"_top\">\n        <span class=\"ps-form-headline\">Gesch\u00fctzter Bereich<\/span>\n        <div class=\"ps-form-instructions-wrap\">Dieser Inhalt ist passwortgesch\u00fctzt. Bitte gib dein Passwort ein um den Inhalt freizuschalten.<\/div>\n        <fieldset>\n            <span class=\"ps-loader\" style=\"display:none;\"><img decoding=\"async\" src=\"https:\/\/blog.sickculture.de\/wp-content\/plugins\/content-protector\/assets\/public\/ps-loader.svg\" alt=\"\" \/><\/span>\n            <label for=\"input-ps-928\" style=\"display:none;\" class=\"passster-hidden\">Trage dein Passwort ein<\/label>\n            <input placeholder=\"Gib dein Passwort ein..\" type=\"password\" tabindex=\"1\" name=\"passster_password\"\n                   id=\"input-ps-928\" class=\"passster-password\" autocomplete=\"off\"\n                   data-protection-type=\"password\" data-list=\"[PASSSTER_LIST]\" data-lists=\"[PASSSTER_LISTS]\" data-area=\"[PASSSTER_AREA]\"\n                   data-protection=\"[PASSSTER_PROTECTION]\">\n            \n            <button name=\"submit\" type=\"submit\" class=\"passster-submit\" data-psid=\"ps-928\" data-post-id=\"1061\" data-term-id=\"0\" \n                    data-submit=\"...Checking Password\" data-redirect=\"\">Freischalten\n            <\/button>\n            <div class=\"passster-error\"><\/div>\n        <\/fieldset>\n    <\/form>\n<\/div>\n[\/vc_column_text][\/vc_column][\/vc_row][vc_row][vc_column][vc_text_separator title=&#8221;F A Z I T&#8221;][\/vc_column][\/vc_row][vc_row][vc_column][vc_column_text]Eine waschechte Bikebergsteigertour zum Stanser Joch &#8211; hart erk\u00e4mpfte H\u00f6henmeter, tricky Abfahrten und herrlichstes Panorama &#8211; was will man mehr. Eine &#8220;ehrliche&#8221; Tour mit ettlichen Wandereinlagen.[\/vc_column_text][\/vc_column][\/vc_row][vc_row][vc_column]<div class=\"ult_exp_section_layer ult-adjust-bottom-margin  \" >\n\t<div id=\"uvc-exp-wrap-4289\"   data-ultimate-target='#uvc-exp-wrap-4289'  data-responsive-json-new='{\"font-size\":\"desktop:20px;\",\"line-height\":\"desktop:20px;\"}'  class=\"ult_exp_section  ult-responsive \" style=\"color:#ffffff;background-color:#1e73be;font-family:Alfa Slab One;font-weight:bold;  text-align:center;\" data-textcolor=\"#ffffff\"data-texthover=\"#333333\"data-icncolor=\"#333333\"data-ihover=\"#333333\"data-height=\"0\"data-cntbg=\"#1e73be\"data-cnthvrbg=\"#e5e5e5\"data-headerbg=\"#1e73be\"data-headerhover=\"#e5e5e5\"data-title=\"BILDER\"data-newtitle=\"BILDER\"data-icon=\"\"data-newicon=\"\"data-activeicon=\"#333333\"data-effect=\"slideToggle\"data-override=\"0\"data-activetitle=\"#333333\"data-activebg=\"#dbdbdb\"data-img=\"\"data-newimg=\"\"><div  class=\"ult_exp_section-main \">\n\t\t\t\t\t<div class=\"ult_expheader\" >BILDER\n\t\t\t\t\t <\/div><\/div>\n\t\t\t\t<\/div><div class=\"ult_exp_content \" style=\"background-color:#dbdbdb;  \"><div class=\"ult_ecpsub_cont\" style=\" \" >[vc_tta_tabs][vc_tta_section title=&#8221;Tom&#8221; tab_id=&#8221;1625472146353-381a622a-562b&#8221;][vc_column_text]<\/p>\n\n<p>[\/vc_column_text][\/vc_tta_section][vc_tta_section title=&#8221;Hardy&#8221; tab_id=&#8221;1625472146377-643fd4af-7608&#8243;][vc_column_text][pe2-gallery album=&#8221;http:\/\/picasaweb.google.com\/data\/feed\/base\/user\/112885246866780528333\/albumid\/6459243861419860145?alt=rss&#038;hl=en_US&#038;kind=photo&#8221; ]<\/p>\n<p>\u00a0[\/vc_column_text][\/vc_tta_section][\/vc_tta_tabs]<\/div><\/div>\n\n\t\t\t<\/div>[\/vc_column][\/vc_row]<\/p>\n<\/section>","protected":false},"excerpt":{"rendered":"<p>[vc_row][vc_column][vc_column_text][pe2-image src=&#8221;https:\/\/lh3.googleusercontent.com\/-qBYc8jlRCjc\/WaPXUipgTgI\/AAAAAAAAh9c\/mb4vRSctUwoW6j76_j99hWtSjXFEF3glwCCoYBhgL\/s144-c-o\/20170827_135450_0078__DSC8261_Screen.jpg&#8221; href=&#8221;https:\/\/picasaweb.google.com\/112885246866780528333\/6459242366315757841#6459243038477667842&#8243; caption=&#8221;&#8221; type=&#8221;image&#8221; alt=&#8221;20170827_135450_0078__DSC8261_Screen.jpg&#8221; ] Bikebergsteigen am Achensee auf\u00b4s Stanser Joch Stans (Achensee) 27. August 2017 Jede Woche auf\u00b4s Neue: diesmal auf das Stanser Joch am Achensee. Wieder war Hardy mit am Start und hat sich dankender Weise wieder mit hochgequ\u00e4lt. Kein leichtes Unterfangen bei dieser Schw\u00fclle und \u2026 <a class=\"continue-reading-link\" href=\"https:\/\/blog.sickculture.de\/?page_id=1061\"> Continue reading<\/a><\/p>\n","protected":false},"author":1,"featured_media":0,"parent":90,"menu_order":0,"comment_status":"closed","ping_status":"closed","template":"","meta":{"_s2mail":"yes","ngg_post_thumbnail":0,"footnotes":""},"categories":[14,4],"class_list":["post-1061","page","type-page","status-publish","hentry","category-14","category-mountainbike"],"jetpack_shortlink":"https:\/\/wp.me\/P7EPUT-h7","jetpack_sharing_enabled":true,"_links":{"self":[{"href":"https:\/\/blog.sickculture.de\/index.php?rest_route=\/wp\/v2\/pages\/1061","targetHints":{"allow":["GET"]}}],"collection":[{"href":"https:\/\/blog.sickculture.de\/index.php?rest_route=\/wp\/v2\/pages"}],"about":[{"href":"https:\/\/blog.sickculture.de\/index.php?rest_route=\/wp\/v2\/types\/page"}],"author":[{"embeddable":true,"href":"https:\/\/blog.sickculture.de\/index.php?rest_route=\/wp\/v2\/users\/1"}],"replies":[{"embeddable":true,"href":"https:\/\/blog.sickculture.de\/index.php?rest_route=%2Fwp%2Fv2%2Fcomments&post=1061"}],"version-history":[{"count":5,"href":"https:\/\/blog.sickculture.de\/index.php?rest_route=\/wp\/v2\/pages\/1061\/revisions"}],"predecessor-version":[{"id":1600,"href":"https:\/\/blog.sickculture.de\/index.php?rest_route=\/wp\/v2\/pages\/1061\/revisions\/1600"}],"up":[{"embeddable":true,"href":"https:\/\/blog.sickculture.de\/index.php?rest_route=\/wp\/v2\/pages\/90"}],"wp:attachment":[{"href":"https:\/\/blog.sickculture.de\/index.php?rest_route=%2Fwp%2Fv2%2Fmedia&parent=1061"}],"wp:term":[{"taxonomy":"category","embeddable":true,"href":"https:\/\/blog.sickculture.de\/index.php?rest_route=%2Fwp%2Fv2%2Fcategories&post=1061"}],"curies":[{"name":"wp","href":"https:\/\/api.w.org\/{rel}","templated":true}]}}