{"id":1069,"date":"2017-09-18T09:42:19","date_gmt":"2017-09-18T09:42:19","guid":{"rendered":"http:\/\/blog.sickculture.de\/?page_id=1069"},"modified":"2021-07-05T08:02:12","modified_gmt":"2021-07-05T08:02:12","slug":"2017-09-oetztal","status":"publish","type":"page","link":"https:\/\/blog.sickculture.de\/?page_id=1069","title":{"rendered":"2017.09 \u00d6tztal"},"content":{"rendered":"<section class=\"wpb-content-wrapper\"><p>[vc_row][vc_column][vc_column_text][pe2-image src=&#8221;https:\/\/lh3.googleusercontent.com\/-oRuxr66cK9Y\/Wb-Bz-qTPCI\/AAAAAAAAiKw\/QkUE7gs_IyAwwwLVB1TYjdXnH4RmIPxCACCoYBhgL\/s144-c-o\/20170914_124640_0062__DSC8408_Screen.jpg&#8221; href=&#8221;https:\/\/picasaweb.google.com\/112885246866780528333\/6467025930510436769#6467030319921052706&#8243; caption=&#8221;&#8221; type=&#8221;image&#8221; alt=&#8221;20170914_124640_0062__DSC8408_Screen.jpg&#8221; ]<\/p>\n<h4 class=\"clear\" style=\"text-align: center;\"><\/h4>\n<h4 class=\"clear\" style=\"text-align: center;\"><\/h4>\n<h4 class=\"clear\" style=\"text-align: center;\"><span style=\"color: #808080;\"><strong><img loading=\"lazy\" decoding=\"async\" class=\"aligncenter wp-image-1066\" src=\"http:\/\/blog.sickculture.de\/wp-content\/uploads\/2017\/09\/BikeRepublicS\u00f6ldenLogo-298x300.jpg\" alt=\"\" width=\"202\" height=\"194\">Traildays im<\/strong><\/span><span style=\"color: #0000ff;\"><strong><br \/>\n<\/strong><\/span><\/h4>\n<h1 style=\"text-align: center;\"><strong><span style=\"color: #0000ff;\"><span style=\"color: #808000;\">\u00d6TZTAL<\/span><br \/>\n<\/span><\/strong><\/h1>\n<h4 style=\"text-align: center;\">Oetz \/ S\u00f6lden<\/h4>\n<h2 style=\"text-align: center;\"><span style=\"color: #808080;\">14.-17. September 2017<\/span><\/h2>\n<h4 class=\"clear\" style=\"text-align: center;\"><span style=\"color: #808080;\"><strong><img loading=\"lazy\" decoding=\"async\" class=\"wp-image-1067 aligncenter\" src=\"http:\/\/blog.sickculture.de\/wp-content\/uploads\/2017\/09\/tirol-300x115.jpg\" alt=\"\" width=\"93\" height=\"36\" srcset=\"https:\/\/blog.sickculture.de\/wp-content\/uploads\/2017\/09\/tirol-300x115.jpg 300w, https:\/\/blog.sickculture.de\/wp-content\/uploads\/2017\/09\/tirol-768x296.jpg 768w, https:\/\/blog.sickculture.de\/wp-content\/uploads\/2017\/09\/tirol-1024x394.jpg 1024w, https:\/\/blog.sickculture.de\/wp-content\/uploads\/2017\/09\/tirol-250x96.jpg 250w, https:\/\/blog.sickculture.de\/wp-content\/uploads\/2017\/09\/tirol-150x58.jpg 150w, https:\/\/blog.sickculture.de\/wp-content\/uploads\/2017\/09\/tirol-1050x420.jpg 1050w\" sizes=\"auto, (max-width: 93px) 100vw, 93px\" \/><\/strong><\/span><\/h4>\n<h4 class=\"clear\" style=\"text-align: center;\"><span style=\"color: #808080;\"><strong><img loading=\"lazy\" decoding=\"async\" class=\"wp-image-1068 aligncenter\" src=\"http:\/\/blog.sickculture.de\/wp-content\/uploads\/2017\/09\/oetztal-logo.gif-300x196.png\" alt=\"\" width=\"167\" height=\"109\" srcset=\"https:\/\/blog.sickculture.de\/wp-content\/uploads\/2017\/09\/oetztal-logo.gif-300x196.png 300w, https:\/\/blog.sickculture.de\/wp-content\/uploads\/2017\/09\/oetztal-logo.gif-230x150.png 230w, https:\/\/blog.sickculture.de\/wp-content\/uploads\/2017\/09\/oetztal-logo.gif-150x98.png 150w, https:\/\/blog.sickculture.de\/wp-content\/uploads\/2017\/09\/oetztal-logo.gif.png 460w\" sizes=\"auto, (max-width: 167px) 100vw, 167px\" \/><\/strong><\/span><\/h4>\n<hr>\n<p>Schon lange stand ich vor der \u00dcberlegung mal ins \u00d6tztal zu reisen um die Trails in der selbsternannten Bikerepublic S\u00f6lden zu rocken. So ergab es sich, dass wir einen Kurztripp dorthin wagten. Trotz schlechten Wettervorhersagen.<\/p>\n<p>\u00a0[\/vc_column_text][\/vc_column][\/vc_row][vc_row][vc_column][vc_text_separator title=&#8221;B E S C H R E I B U N G&#8221;][\/vc_column][\/vc_row][vc_row][vc_column][vc_column_text]<\/p>\n<h3><strong>14.9.17 Wetterkreuzkogel<br \/>\n<\/strong><\/h3>\n<p>Das Gutwetterfenster war knapp bemessen f\u00fcr die paar Tage im \u00d6tztal. Schon fast h\u00e4tten wir unseren Urlaub verschoben, da Regen und Schnee bereits den Hauptalpenkamm stark beeinflussten. So startete ich gleich am ersten Tag noch eine &#8220;Einstiegs-Bikebergsteiger-Tour&#8221;. Um das ganze ein wenig abzuk\u00fcrzen l\u00f6ste ich mir ein Ticket an der Achterkogelbahn, welche mich binnen weniger Minuten 1000hm weiter oben nach Hochoetz bef\u00f6rderte. Von da an hie\u00df es auf der Forststra\u00dfe steil bergauf zur Bielefelder H\u00fctte zu radeln. Dann war allerdings schon schlu\u00df\u00a0 mit Treten und so wanderte das Bike wieder auf den Rucksack. Auf der steilen Skipiste ging es nun kurz im Zickzack hoch, ehe der Pfad zum Wetterkreuzkogel rechts abzweigt.\u00a0 Hier kann man auf einem breiten H\u00f6hentrail noch relativ kurz fahren, ehe es in weiten Kehren wandernd hoch zum Gipfelkreuz ging. Mittlerweile wehte auch ein starker Wind von Nordwesten her. Am Kreuz angekommen hatte man eine herrliche Aussicht auf das \u00d6tztal. Die Schlechtwetterwoklen priesen sich schon an und so mu\u00dfte ich mich sputen, um nicht v\u00f6llig durchn\u00e4sst zu werden. Der Downhill auf dem Knappenweg ins W\u00f6rgetal war absolut spitze. Spitzkehren, kleinere und gr\u00f6\u00dfere Abs\u00e4tze, Steinplatten und Bachquerungen. Alles dabei, was ein gutes Trailmen\u00fc ben\u00f6tigt. Am Knappenhaus und Pochersee angelangt machte ich erstmal eine kurze Pause und besichtigte die alte Knappenh\u00fctte. Von dort ging es im Wald auf einem schmalen Pfad weiter bergab. Der Boden war sch\u00f6n griffig und die Kehren gut zu fahren. Schade, dass man dann schon so schnell auf der K\u00fchtai-Stra\u00dfe ankam. Ich fuhr dann noch ein kurzes St\u00fcck Richtung Ochsengarten auf der Stra\u00dfe entlang und fuhr hoch bis Sattele. Dort regnete es bereits und ich wollte noch einen Trail nach Silz mitnehmen. Dieser entpuppte sich als Hardcore-Rutschpartie. Bis zur H\u00e4lfte bin ich ihn noch gefahren. Der Untergrund war rutschig und schlammig. Teilweise noch durch die Aufforstung mit zick Zweigen im Weg nicht sch\u00f6n zu fahren. So entschlo\u00df ich mich auf der H\u00e4lfte des Downhills f\u00fcr die Forststra\u00dfenalternative und rollte diese bereits v\u00f6llig durchn\u00e4sst bergab nach Silz. Der R\u00fcckweg auf der starkbefahrenen Stra\u00dfe nach Oetz war dann nicht mehr so sch\u00f6n. Trotz allem ein geniales Tagesziel!<\/p>\n<div class=\"passster-form\" id=\"ps-899\">\n    <form class=\"password-form\" method=\"post\" autocomplete=\"off\" target=\"_top\">\n        <span class=\"ps-form-headline\">Gesch\u00fctzter Bereich<\/span>\n        <div class=\"ps-form-instructions-wrap\">Dieser Inhalt ist passwortgesch\u00fctzt. Bitte gib dein Passwort ein um den Inhalt freizuschalten.<\/div>\n        <fieldset>\n            <span class=\"ps-loader\" style=\"display:none;\"><img decoding=\"async\" src=\"https:\/\/blog.sickculture.de\/wp-content\/plugins\/content-protector\/assets\/public\/ps-loader.svg\" alt=\"\" \/><\/span>\n            <label for=\"input-ps-899\" style=\"display:none;\" class=\"passster-hidden\">Trage dein Passwort ein<\/label>\n            <input placeholder=\"Gib dein Passwort ein..\" type=\"password\" tabindex=\"1\" name=\"passster_password\"\n                   id=\"input-ps-899\" class=\"passster-password\" autocomplete=\"off\"\n                   data-protection-type=\"password\" data-list=\"[PASSSTER_LIST]\" data-lists=\"[PASSSTER_LISTS]\" data-area=\"[PASSSTER_AREA]\"\n                   data-protection=\"[PASSSTER_PROTECTION]\">\n            \n            <button name=\"submit\" type=\"submit\" class=\"passster-submit\" data-psid=\"ps-899\" data-post-id=\"1069\" data-term-id=\"0\" \n                    data-submit=\"...Checking Password\" data-redirect=\"\">Freischalten\n            <\/button>\n            <div class=\"passster-error\"><\/div>\n        <\/fieldset>\n    <\/form>\n<\/div>\n\n<hr>\n<h3><strong>15.9.17 Bike Republic S\u00f6lden<br \/>\n<\/strong><\/h3>\n<p>Heute stand die selbsternannte Bike Republic S\u00f6lden auf dem Plan. S\u00f6lden will das Whistler \u00d6sterreichs werden und tut alles, um die Bikerherzen h\u00f6her schlagen zu lassen. Die Infrastruktur des Skizirkels um S\u00f6lden bietet im Sommer ideale Bedingungen f\u00fcr Trailrides an. So gibt es k\u00fcnstliche geshapte Lines und Naturtrails. Das Miteinander zwischen Wanderer und Biker wird hier hochgeschrieben und ist sehr gut geregelt. Heute war ein super Wetter angesagt. Die beiden Gondeln der Giggijochbahn und der Gaislachkoglbahn bef\u00f6rdern im Minutentakt Biker gute 1000hm nach oben. Diese kr\u00e4ftesparende Alternative kostet zwar 34 Euro f\u00fcr ein Tagesticket, man kann allerdings den ganzen Tag die Trails shredden, soviel man will und kann. Den Einstieg machte ich am Giggijoch \u00fcber die Leiterbergtrail. Den Einstieg verfehlte ich leicht, da die GPS Spur nicht ganz stimmte. Dann ging es auf einem Enduro-Naturtrail bergab. Zuerst noch zahm als H\u00f6henweg, dann \u00fcber Wurzeln, Kehren und rutschigen Stufen bergab. Die Regentage zuvor haben das Gel\u00e4nde schwieriger gemacht. V\u00f6llig verdreckt kam ich nach dem ersten Trail an der Bahn wieder an. Kurz waschen und wieder hoch. Nun ging es auf den zweiten Naturtrail auf der anderen Seite bergab. Bis zur Sonnalm ging es auf einem geshapten Trail in weiten Kehren und Anliegern sch\u00f6n flowig bergab. Nur der Matsch bremste mich aus. An der Sonnalm fuhr ich dann Richtung Gampe Thaya um den Weiterweg auf dem P\u00f6lderntrail unter die Stollen zu nehmen. Der Trail zur Gampe Thaya war schon anspruchsvoller und wurde nach einer Pistenkreuzung mit dem P\u00f6lderntrail schon recht fordernd. Kehren, Wurzeln und Rutschpartieen im steilen Gel\u00e4nde durch den Wald. Eben Naturtrail. In S\u00f6lden angekommen fuhr ich zur Gaislachkoglbahn und nahm den n\u00e4chsten Bergrun in Angriff. Es folgte der Nene und Goldegg Trail. Wieder ein Naturtrail mit teilweise flowigen und anspruchsvollen Abschnitten. Der vierte Run wieder hoch mit der Gaislachkogelbahn f\u00fchrte mich auf der Te\u00e4re Line bergab. Dieser Trail ist das Aush\u00e4ngeschild von S\u00f6lden und ist ein geshapter Kehrentrail. In 130 Kehren auf 5 km L\u00e4nge schl\u00e4ngelt er sich unterhalb der Gondeln ins Tal. Jede Kurve mit Anliegern, teilweise mit Wallride, Holzkunstruktionen und 360 Grad Schleife sind super flowig zu fahren. Hier sp\u00fcrt man die Oberschenkelmuskeln zuckeln. Mit fettem Grinsen gings dann nochmals mit der Bahn hoch. Jetzt stand die Trailkombi Eebme und Ohnline an. Auch wieder geshaped, diesmal aber ein leichter Flowtrail ohne Schwierigkeiten. Eben mal was zum &#8220;Ausruhen&#8221;. Die letzte Trailabfahrt machte ich nochmals am Giggijoch \u00fcber den Traien Trail. Dieser Naturtrail ist ein schwerer S3 Trail. In meinen Augen allerdings nicht ganz sooo schwer wie beworben. Entweder lag es bereits daran, dass man sich an die Trails bereits gew\u00f6hnte oder war er wirklich nicht so schwer. Egal &#8211; sch\u00f6n war er auf jedenfall zu fahren. Kurz vor der letzten Bahnfahrt erreichte ich den Parkplatz. Ich h\u00e4tte zwar nochmals hochfahren k\u00f6nnen, allerdings reichte es mir heute an Trails. Knapp 6000 Tiefenmeter zehren an den Kr\u00e4ften. Und trotzdem fehlt einem am Tagesende was. Die H\u00f6henmeter bergauf, ein Gipfelziel oder irgendwas besonderes? Ich wei\u00df es nicht &#8211; Bikeparks haben zwar was geniales an sich, aber irgendwie ist das doch nicht ganz mein Ding. Trotzdem sollte man das mal gemacht haben. Und S\u00f6lden entwickelt sich die Jahre noch weiter. (Ob das nun Gut oder Schlecht ist???)<\/p>\n<div class=\"passster-form\" id=\"ps-496\">\n    <form class=\"password-form\" method=\"post\" autocomplete=\"off\" target=\"_top\">\n        <span class=\"ps-form-headline\">Gesch\u00fctzter Bereich<\/span>\n        <div class=\"ps-form-instructions-wrap\">Dieser Inhalt ist passwortgesch\u00fctzt. Bitte gib dein Passwort ein um den Inhalt freizuschalten.<\/div>\n        <fieldset>\n            <span class=\"ps-loader\" style=\"display:none;\"><img decoding=\"async\" src=\"https:\/\/blog.sickculture.de\/wp-content\/plugins\/content-protector\/assets\/public\/ps-loader.svg\" alt=\"\" \/><\/span>\n            <label for=\"input-ps-496\" style=\"display:none;\" class=\"passster-hidden\">Trage dein Passwort ein<\/label>\n            <input placeholder=\"Gib dein Passwort ein..\" type=\"password\" tabindex=\"1\" name=\"passster_password\"\n                   id=\"input-ps-496\" class=\"passster-password\" autocomplete=\"off\"\n                   data-protection-type=\"password\" data-list=\"[PASSSTER_LIST]\" data-lists=\"[PASSSTER_LISTS]\" data-area=\"[PASSSTER_AREA]\"\n                   data-protection=\"[PASSSTER_PROTECTION]\">\n            \n            <button name=\"submit\" type=\"submit\" class=\"passster-submit\" data-psid=\"ps-496\" data-post-id=\"1069\" data-term-id=\"0\" \n                    data-submit=\"...Checking Password\" data-redirect=\"\">Freischalten\n            <\/button>\n            <div class=\"passster-error\"><\/div>\n        <\/fieldset>\n    <\/form>\n<\/div>\n\n<hr>\n<h3><strong>16.9.17 Wandern zum Piburger See<br \/>\n<\/strong><\/h3>\n<p>Da es regnete und der Tag irgendwie doch was sinnvolles haben sollte, wanderten wir von Oetz an der \u00d6tztaler Ache entlang hoch zum Piburger See. Vorbei an der Kajak-Weltcup-Strecke und einem herrlichen stufigen Wanderweg ging es hoch zum See. Dort nahmen wir noch das Seej\u00f6chl mit und beendeten die Runde wieder \u00fcber Piburg nach Oetz. Nachmittags blinzelte kurz die Sonne raus, wobei eine MTB Tour nochmals hoch sinnlos gewesen w\u00e4re, da bis auf 1700hm der Schnee fiel. Au\u00dferdem w\u00e4ren die Trails im Wald viel zu rutschig gewesen.<\/p>\n<div id=\"s3gt_translate_tooltip\" class=\"s3gt_translate_tooltip\" style=\"position: absolute; left: 10px; top: 64px; opacity: 0;\">\n<div id=\"s3gt_translate_tooltip_mini_logo\" class=\"s3gt_translate_tooltip_mini\" title=\"Markierten Text \u00fcbersetzen\"><\/div>\n<div id=\"s3gt_translate_tooltip_mini_sound\" class=\"s3gt_translate_tooltip_mini\" title=\"Abspielen\"><\/div>\n<div id=\"s3gt_translate_tooltip_mini_copy\" class=\"s3gt_translate_tooltip_mini\" title=\"In Zwischenablage kopieren\"><\/div>\n<\/div>\n<p>[\/vc_column_text][\/vc_column][\/vc_row][vc_row][vc_column][vc_text_separator title=&#8221;F A Z I T&#8221;][\/vc_column][\/vc_row][vc_row][vc_column][vc_column_text]W\u00e4re das Wetter besser gewesen, w\u00e4re dies ein genialer Kurzurlaub gewesen. Das Potenzial im \u00d6tztal f\u00fcr\u00b4s Biken ist noch sehr hoch und ich habe noch ettliche Routen auf dem Plan. Das hei\u00dft f\u00fcr n\u00e4chstes Jahr mal \u00f6fters in diese Richtung zu schielen.[\/vc_column_text][\/vc_column][\/vc_row][vc_row][vc_column]<div class=\"ult_exp_section_layer ult-adjust-bottom-margin  \" >\n\t<div id=\"uvc-exp-wrap-9867\"   data-ultimate-target='#uvc-exp-wrap-9867'  data-responsive-json-new='{\"font-size\":\"desktop:20px;\",\"line-height\":\"desktop:20px;\"}'  class=\"ult_exp_section  ult-responsive \" style=\"color:#ffffff;background-color:#1e73be;font-family:Alfa Slab One;font-weight:bold;  text-align:center;\" data-textcolor=\"#ffffff\"data-texthover=\"#333333\"data-icncolor=\"#333333\"data-ihover=\"#333333\"data-height=\"0\"data-cntbg=\"#1e73be\"data-cnthvrbg=\"#e5e5e5\"data-headerbg=\"#1e73be\"data-headerhover=\"#e5e5e5\"data-title=\"BILDER\"data-newtitle=\"BILDER\"data-icon=\"\"data-newicon=\"\"data-activeicon=\"#333333\"data-effect=\"slideToggle\"data-override=\"0\"data-activetitle=\"#333333\"data-activebg=\"#dbdbdb\"data-img=\"\"data-newimg=\"\"><div  class=\"ult_exp_section-main \">\n\t\t\t\t\t<div class=\"ult_expheader\" >BILDER\n\t\t\t\t\t <\/div><\/div>\n\t\t\t\t<\/div><div class=\"ult_exp_content \" style=\"background-color:#dbdbdb;  \"><div class=\"ult_ecpsub_cont\" style=\" \" >[vc_tta_tabs][vc_tta_section title=&#8221;Wetterkreuzkogel&#8221; tab_id=&#8221;1625472102886-1347e189-3862&#8243;][vc_column_text]<\/p>\n\n\t\t<style type=\"text\/css\">\n\t\t\t#gallery-1 {\n\t\t\t\tmargin: auto;\n\t\t\t}\n\t\t\t#gallery-1 .gallery-item {\n\t\t\t\tfloat: left;\n\t\t\t\tmargin-top: 10px;\n\t\t\t\ttext-align: center;\n\t\t\t\twidth: 100%;\n\t\t\t}\n\t\t\t#gallery-1 img {\n\t\t\t\tborder: 2px solid #cfcfcf;\n\t\t\t}\n\t\t\t#gallery-1 .gallery-caption {\n\t\t\t\tmargin-left: 0;\n\t\t\t}\n\t\t\t\/* see gallery_shortcode() in wp-includes\/media.php *\/\n\t\t<\/style>\n\t\t<div id='gallery-1' class='gallery galleryid-1069 gallery-columns-0 gallery-size-thumbnail'><dl class='gallery-item'>\n\t\t\t<dt class='gallery-icon portrait'>\n\t\t\t\t<a href='https:\/\/blog.sickculture.de\/?attachment_id=1066'><img loading=\"lazy\" decoding=\"async\" width=\"150\" height=\"150\" src=\"https:\/\/blog.sickculture.de\/wp-content\/uploads\/2017\/09\/BikeRepublicS\u00f6ldenLogo-150x150.jpg\" class=\"attachment-thumbnail size-thumbnail\" alt=\"\" srcset=\"https:\/\/blog.sickculture.de\/wp-content\/uploads\/2017\/09\/BikeRepublicS\u00f6ldenLogo-150x150.jpg 150w, https:\/\/blog.sickculture.de\/wp-content\/uploads\/2017\/09\/BikeRepublicS\u00f6ldenLogo-298x300.jpg 298w, https:\/\/blog.sickculture.de\/wp-content\/uploads\/2017\/09\/BikeRepublicS\u00f6ldenLogo-149x150.jpg 149w, https:\/\/blog.sickculture.de\/wp-content\/uploads\/2017\/09\/BikeRepublicS\u00f6ldenLogo.jpg 640w\" sizes=\"auto, (max-width: 150px) 100vw, 150px\" \/><\/a>\n\t\t\t<\/dt><\/dl><dl class='gallery-item'>\n\t\t\t<dt class='gallery-icon landscape'>\n\t\t\t\t<a href='https:\/\/blog.sickculture.de\/?attachment_id=1067'><img loading=\"lazy\" decoding=\"async\" width=\"150\" height=\"150\" src=\"https:\/\/blog.sickculture.de\/wp-content\/uploads\/2017\/09\/tirol-150x150.jpg\" class=\"attachment-thumbnail size-thumbnail\" alt=\"\" \/><\/a>\n\t\t\t<\/dt><\/dl><dl class='gallery-item'>\n\t\t\t<dt class='gallery-icon landscape'>\n\t\t\t\t<a href='https:\/\/blog.sickculture.de\/?attachment_id=1068'><img loading=\"lazy\" decoding=\"async\" width=\"150\" height=\"150\" src=\"https:\/\/blog.sickculture.de\/wp-content\/uploads\/2017\/09\/oetztal-logo.gif-150x150.png\" class=\"attachment-thumbnail size-thumbnail\" alt=\"\" \/><\/a>\n\t\t\t<\/dt><\/dl>\n\t\t<\/div>\n\n<p>[\/vc_column_text][\/vc_tta_section][vc_tta_section title=&#8221;S\u00f6lden&#8221; tab_id=&#8221;1625472102910-381ad800-b718&#8243;][vc_column_text]<\/p>\n\n\t\t<style type=\"text\/css\">\n\t\t\t#gallery-2 {\n\t\t\t\tmargin: auto;\n\t\t\t}\n\t\t\t#gallery-2 .gallery-item {\n\t\t\t\tfloat: left;\n\t\t\t\tmargin-top: 10px;\n\t\t\t\ttext-align: center;\n\t\t\t\twidth: 100%;\n\t\t\t}\n\t\t\t#gallery-2 img {\n\t\t\t\tborder: 2px solid #cfcfcf;\n\t\t\t}\n\t\t\t#gallery-2 .gallery-caption {\n\t\t\t\tmargin-left: 0;\n\t\t\t}\n\t\t\t\/* see gallery_shortcode() in wp-includes\/media.php *\/\n\t\t<\/style>\n\t\t<div id='gallery-2' class='gallery galleryid-1069 gallery-columns-0 gallery-size-thumbnail'><dl class='gallery-item'>\n\t\t\t<dt class='gallery-icon portrait'>\n\t\t\t\t<a href='https:\/\/blog.sickculture.de\/?attachment_id=1066'><img loading=\"lazy\" decoding=\"async\" width=\"150\" height=\"150\" src=\"https:\/\/blog.sickculture.de\/wp-content\/uploads\/2017\/09\/BikeRepublicS\u00f6ldenLogo-150x150.jpg\" class=\"attachment-thumbnail size-thumbnail\" alt=\"\" srcset=\"https:\/\/blog.sickculture.de\/wp-content\/uploads\/2017\/09\/BikeRepublicS\u00f6ldenLogo-150x150.jpg 150w, https:\/\/blog.sickculture.de\/wp-content\/uploads\/2017\/09\/BikeRepublicS\u00f6ldenLogo-298x300.jpg 298w, https:\/\/blog.sickculture.de\/wp-content\/uploads\/2017\/09\/BikeRepublicS\u00f6ldenLogo-149x150.jpg 149w, https:\/\/blog.sickculture.de\/wp-content\/uploads\/2017\/09\/BikeRepublicS\u00f6ldenLogo.jpg 640w\" sizes=\"auto, (max-width: 150px) 100vw, 150px\" \/><\/a>\n\t\t\t<\/dt><\/dl><dl class='gallery-item'>\n\t\t\t<dt class='gallery-icon landscape'>\n\t\t\t\t<a href='https:\/\/blog.sickculture.de\/?attachment_id=1067'><img loading=\"lazy\" decoding=\"async\" width=\"150\" height=\"150\" src=\"https:\/\/blog.sickculture.de\/wp-content\/uploads\/2017\/09\/tirol-150x150.jpg\" class=\"attachment-thumbnail size-thumbnail\" alt=\"\" \/><\/a>\n\t\t\t<\/dt><\/dl><dl class='gallery-item'>\n\t\t\t<dt class='gallery-icon landscape'>\n\t\t\t\t<a href='https:\/\/blog.sickculture.de\/?attachment_id=1068'><img loading=\"lazy\" decoding=\"async\" width=\"150\" height=\"150\" src=\"https:\/\/blog.sickculture.de\/wp-content\/uploads\/2017\/09\/oetztal-logo.gif-150x150.png\" class=\"attachment-thumbnail size-thumbnail\" alt=\"\" \/><\/a>\n\t\t\t<\/dt><\/dl>\n\t\t<\/div>\n\n<p>[\/vc_column_text][\/vc_tta_section][\/vc_tta_tabs]<\/div><\/div>\n\n\t\t\t<\/div>[\/vc_column][\/vc_row]<\/p>\n<\/section>","protected":false},"excerpt":{"rendered":"<p>[vc_row][vc_column][vc_column_text][pe2-image src=&#8221;https:\/\/lh3.googleusercontent.com\/-oRuxr66cK9Y\/Wb-Bz-qTPCI\/AAAAAAAAiKw\/QkUE7gs_IyAwwwLVB1TYjdXnH4RmIPxCACCoYBhgL\/s144-c-o\/20170914_124640_0062__DSC8408_Screen.jpg&#8221; href=&#8221;https:\/\/picasaweb.google.com\/112885246866780528333\/6467025930510436769#6467030319921052706&#8243; caption=&#8221;&#8221; type=&#8221;image&#8221; alt=&#8221;20170914_124640_0062__DSC8408_Screen.jpg&#8221; ] Traildays im \u00d6TZTAL Oetz \/ S\u00f6lden 14.-17. September 2017 Schon lange stand ich vor der \u00dcberlegung mal ins \u00d6tztal zu reisen um die Trails in der selbsternannten Bikerepublic S\u00f6lden zu rocken. So ergab es sich, dass wir einen Kurztripp dorthin wagten. Trotz schlechten \u2026 <a class=\"continue-reading-link\" href=\"https:\/\/blog.sickculture.de\/?page_id=1069\"> Continue reading<\/a><\/p>\n","protected":false},"author":1,"featured_media":0,"parent":90,"menu_order":0,"comment_status":"closed","ping_status":"closed","template":"","meta":{"_s2mail":"yes","ngg_post_thumbnail":0,"footnotes":""},"categories":[14,4],"class_list":["post-1069","page","type-page","status-publish","hentry","category-14","category-mountainbike"],"jetpack_shortlink":"https:\/\/wp.me\/P7EPUT-hf","jetpack_sharing_enabled":true,"_links":{"self":[{"href":"https:\/\/blog.sickculture.de\/index.php?rest_route=\/wp\/v2\/pages\/1069","targetHints":{"allow":["GET"]}}],"collection":[{"href":"https:\/\/blog.sickculture.de\/index.php?rest_route=\/wp\/v2\/pages"}],"about":[{"href":"https:\/\/blog.sickculture.de\/index.php?rest_route=\/wp\/v2\/types\/page"}],"author":[{"embeddable":true,"href":"https:\/\/blog.sickculture.de\/index.php?rest_route=\/wp\/v2\/users\/1"}],"replies":[{"embeddable":true,"href":"https:\/\/blog.sickculture.de\/index.php?rest_route=%2Fwp%2Fv2%2Fcomments&post=1069"}],"version-history":[{"count":6,"href":"https:\/\/blog.sickculture.de\/index.php?rest_route=\/wp\/v2\/pages\/1069\/revisions"}],"predecessor-version":[{"id":1599,"href":"https:\/\/blog.sickculture.de\/index.php?rest_route=\/wp\/v2\/pages\/1069\/revisions\/1599"}],"up":[{"embeddable":true,"href":"https:\/\/blog.sickculture.de\/index.php?rest_route=\/wp\/v2\/pages\/90"}],"wp:attachment":[{"href":"https:\/\/blog.sickculture.de\/index.php?rest_route=%2Fwp%2Fv2%2Fmedia&parent=1069"}],"wp:term":[{"taxonomy":"category","embeddable":true,"href":"https:\/\/blog.sickculture.de\/index.php?rest_route=%2Fwp%2Fv2%2Fcategories&post=1069"}],"curies":[{"name":"wp","href":"https:\/\/api.w.org\/{rel}","templated":true}]}}