{"id":1083,"date":"2017-10-06T12:23:22","date_gmt":"2017-10-06T12:23:22","guid":{"rendered":"http:\/\/blog.sickculture.de\/?page_id=1083"},"modified":"2021-07-05T08:00:03","modified_gmt":"2021-07-05T08:00:03","slug":"2017-10-friederspitz-bbs","status":"publish","type":"page","link":"https:\/\/blog.sickculture.de\/?page_id=1083","title":{"rendered":"2017.10 Friederspitz BBS"},"content":{"rendered":"<section class=\"wpb-content-wrapper\"><p>[vc_row][vc_column][vc_column_text][pe2-image src=&#8221;https:\/\/lh3.googleusercontent.com\/-MFfVYz87MDQ\/WddkUotAq0I\/AAAAAAAAiYY\/5YFoGSCENW0jLnf-QcWiywh841ETvYVTgCCoYBhgL\/s144-c-o\/20171005_141735_0058__DSC8848-Pano_Screen.jpg&#8221; href=&#8221;https:\/\/picasaweb.google.com\/112885246866780528333\/6473753195375524817#6473753295054744386&#8243; caption=&#8221;&#8221; type=&#8221;image&#8221; alt=&#8221;20171005_141735_0058__DSC8848-Pano_Screen.jpg&#8221; ]<\/p>\n<p class=\"clear\">\n<h4 class=\"clear\" style=\"text-align: center;\"><span style=\"color: #808080;\"><strong>Unscheinbarer Gipfel in den Ammergauer Alpen<\/strong><\/span><span style=\"color: #0000ff;\"><strong><br \/>\n<\/strong><\/span><\/h4>\n<h1 style=\"text-align: center;\"><strong><span style=\"color: #0000ff;\"><span style=\"color: #3366ff;\">Friederspitz<\/span><br \/>\n<\/span><\/strong><\/h1>\n<h4 style=\"text-align: center;\">Grainau<\/h4>\n<h2 style=\"text-align: center;\"><span style=\"color: #808080;\">05. Oktober 2017<\/span><\/h2>\n<hr>\n<p>Auf der Suche nach einer ruhigen Tour am Alpenvorland stie\u00df ich auf den Friederspitz gegen\u00fcber der Zugspitze. Nicht weit zu fahren und idealer Ausgangspunkt f\u00fcr meine Schwester, die zum Eibsee wandern wollte.[\/vc_column_text][\/vc_column][\/vc_row][vc_row][vc_column][vc_text_separator title=&#8221;B E S C H R E I B U N G&#8221;][\/vc_column][\/vc_row][vc_row][vc_column][vc_column_text]Bam &#8211; gleich einen Tag nach der Schachentour ging es wieder auf eine anstrengende Bikebergsteiger Tour in die Ammergauer Alpen. Diesmal waren die Kriterien: idealer Ausgangspunkt f\u00fcr meine Schwester zum Wandern auf den Eibsee, herrliches Panorama sollte die Tour bieten und ein Gipfelkreuz sollte auch dabei sein. Also kurz im Netz gest\u00f6bert und schon war der Kandidat gefunden. Der Friederspitz mit seinem Brudergipfel Frieder daneben f\u00e4llt von unten nicht ins Auge, allerdings mit seinen 2040 Metern H\u00f6he ein geh\u00f6riger Berg gegen\u00fcber der Zuspitze. Die Bilder auf Wanderseiten versprachen ideale Voraussetzungen. Dass es nicht leicht wird, war mir auch klar. So radelte ich versp\u00e4tet vom Wanderparkplatz nach Grainau los und bog an dem Ochsenh\u00fctte Parkplatz rechts ab. Ab hier geht\u00b4s steil hinauf. Dieser Uphill geh\u00f6rt zur Plansee Runde. Also war es nicht verwunderlich, dass ich von E-Biker \u00fcberholt wurde. Ich keuchte die 14-16% Rampen hinauf, w\u00e4hrend mich Senioren und eBike-Ausleih-Touris \u00fcberholten. Irgendwie werde ich mit den eBikern nicht warm. So kurbelte ich Umdrehung um Umdrehung hoch. An der bekannten Abzweigung Rotmoosalm, die auf der Stepbergalm oder Enningalm auf der Strecke liegt, radelte ich noch ein paar Meter vorbei. Dann zweigt links einem Hinweisschild folgend ein Karrenweg zum Frieder ab. Die ersten Meter waren noch fahrbar, dann mu\u00dfte ich gr\u00f6\u00dftenteils schieben. Ab der Friederalpe mu\u00dfte das Bike mehrmals getragen werden. Das Gel\u00e4nde wurde nach oben zunehmend anstrengender. Latschenkieferzweige versperrten den Weg, dann wieder enge erodierte Kehren. Schritt f\u00fcr Schritt, Meter f\u00fcr Meter. Der Gipfel war bereits in Sicht. Auch die gegen\u00fcberliegenden Berge (Zugspitze, Wank, Kramer,&#8230;) waren st\u00e4ndiger Begleiter meiner Tour. Kurz vor dem Gipfel lichtete sich der Wald und ich wanderte einen H\u00f6henpfad auf Wiesen hinauf zum Kreuz. Mittlerweile war es nachmittags und der ansagte Sturm zog auf. So hat es mir mehrmals fast das Bike vom R\u00fccken geweht. Ein Hochtragen zum Gipfel w\u00e4re absoluter Kampf gewesen. Also lies ich mein Bike 50hm unter dem Gipfel liegen und bestieg den Gipfel als Wanderer. Von unten sieht der Gipfel wie ein Grash\u00fcgel aus, jedoch auf der anderen Seite zeigt er seine felsige und steile Seite. Ein top Panorama!!! Kreuzspitze, Kienjoch, Kramer und die Wettersteingruppe hoch \u00fcber Garmisch. Alles in bester Sicht. Nur der Wind wurde von Minute zu Minute st\u00e4rker. Also kletterte ich wieder bergab zu meinem Bike, richtet meine Protektoren her und machte mich auf den spassigen Teil des Tages. Die 800 Tiefenmeter, die ich zuvor mit dem Bike auf dem R\u00fccken verbrachte, standen nun auf dem Tagesmen\u00fc. Die Abfahrt war an eingen Stellen sehr anspruchsvoll und dann wieder flowig. Meistens entschied die richtige Linienwahl, die ich leider nicht immer richtig w\u00e4hlte und den Fu\u00df kurz absetzen musste. Egal &#8211; es ist noch kein Meister vom Himmel geflogen. Unten raus wird der Trail immer flowiger. Mit fettem Grinsen erreichte ich gegen Nachmittag die Forststra\u00dfe nach Grainau, auf der ich dann die letzten 450 Tiefenmeter bergab rollte.<\/p>\n<div class=\"passster-form\" id=\"ps-832\">\n    <form class=\"password-form\" method=\"post\" autocomplete=\"off\" target=\"_top\">\n        <span class=\"ps-form-headline\">Gesch\u00fctzter Bereich<\/span>\n        <div class=\"ps-form-instructions-wrap\">Dieser Inhalt ist passwortgesch\u00fctzt. Bitte gib dein Passwort ein um den Inhalt freizuschalten.<\/div>\n        <fieldset>\n            <span class=\"ps-loader\" style=\"display:none;\"><img decoding=\"async\" src=\"https:\/\/blog.sickculture.de\/wp-content\/plugins\/content-protector\/assets\/public\/ps-loader.svg\" alt=\"\" \/><\/span>\n            <label for=\"input-ps-832\" style=\"display:none;\" class=\"passster-hidden\">Trage dein Passwort ein<\/label>\n            <input placeholder=\"Gib dein Passwort ein..\" type=\"password\" tabindex=\"1\" name=\"passster_password\"\n                   id=\"input-ps-832\" class=\"passster-password\" autocomplete=\"off\"\n                   data-protection-type=\"password\" data-list=\"[PASSSTER_LIST]\" data-lists=\"[PASSSTER_LISTS]\" data-area=\"[PASSSTER_AREA]\"\n                   data-protection=\"[PASSSTER_PROTECTION]\">\n            \n            <button name=\"submit\" type=\"submit\" class=\"passster-submit\" data-psid=\"ps-832\" data-post-id=\"1083\" data-term-id=\"0\" \n                    data-submit=\"...Checking Password\" data-redirect=\"\">Freischalten\n            <\/button>\n            <div class=\"passster-error\"><\/div>\n        <\/fieldset>\n    <\/form>\n<\/div>\n[\/vc_column_text][\/vc_column][\/vc_row][vc_row][vc_column][vc_text_separator title=&#8221;F A Z I T&#8221;][\/vc_column][\/vc_row][vc_row][vc_column][vc_column_text]Von unten naja &#8211; von oben O-Ho! Eine super Tour. Zwar mehr Schiebe\/Tragestellen bergauf, aber ein Top Downhill Trail mit perfektem Panorama. Und vorallem nicht \u00fcberlaufen.[\/vc_column_text][\/vc_column][\/vc_row][vc_row][vc_column]<div class=\"ult_exp_section_layer ult-adjust-bottom-margin  \" >\n\t<div id=\"uvc-exp-wrap-5266\"   data-ultimate-target='#uvc-exp-wrap-5266'  data-responsive-json-new='{\"font-size\":\"desktop:20px;\",\"line-height\":\"desktop:20px;\"}'  class=\"ult_exp_section  ult-responsive \" style=\"color:#ffffff;background-color:#1e73be;font-family:Alfa Slab One;font-weight:bold;  text-align:center;\" data-textcolor=\"#ffffff\"data-texthover=\"#333333\"data-icncolor=\"#333333\"data-ihover=\"#333333\"data-height=\"0\"data-cntbg=\"#1e73be\"data-cnthvrbg=\"#e5e5e5\"data-headerbg=\"#1e73be\"data-headerhover=\"#e5e5e5\"data-title=\"BILDER\"data-newtitle=\"BILDER\"data-icon=\"\"data-newicon=\"\"data-activeicon=\"#333333\"data-effect=\"slideToggle\"data-override=\"0\"data-activetitle=\"#333333\"data-activebg=\"#dbdbdb\"data-img=\"\"data-newimg=\"\"><div  class=\"ult_exp_section-main \">\n\t\t\t\t\t<div class=\"ult_expheader\" >BILDER\n\t\t\t\t\t <\/div><\/div>\n\t\t\t\t<\/div><div class=\"ult_exp_content \" style=\"background-color:#dbdbdb;  \"><div class=\"ult_ecpsub_cont\" style=\" \" >[vc_column_text]<\/p>\n\n<p>[\/vc_column_text]<\/div><\/div>\n\n\t\t\t<\/div>[\/vc_column][\/vc_row]<\/p>\n<\/section>","protected":false},"excerpt":{"rendered":"<p>[vc_row][vc_column][vc_column_text][pe2-image src=&#8221;https:\/\/lh3.googleusercontent.com\/-MFfVYz87MDQ\/WddkUotAq0I\/AAAAAAAAiYY\/5YFoGSCENW0jLnf-QcWiywh841ETvYVTgCCoYBhgL\/s144-c-o\/20171005_141735_0058__DSC8848-Pano_Screen.jpg&#8221; href=&#8221;https:\/\/picasaweb.google.com\/112885246866780528333\/6473753195375524817#6473753295054744386&#8243; caption=&#8221;&#8221; type=&#8221;image&#8221; alt=&#8221;20171005_141735_0058__DSC8848-Pano_Screen.jpg&#8221; ] Unscheinbarer Gipfel in den Ammergauer Alpen Friederspitz Grainau 05. Oktober 2017 Auf der Suche nach einer ruhigen Tour am Alpenvorland stie\u00df ich auf den Friederspitz gegen\u00fcber der Zugspitze. Nicht weit zu fahren und idealer Ausgangspunkt f\u00fcr meine Schwester, die zum Eibsee wandern wollte.[\/vc_column_text][\/vc_column][\/vc_row][vc_row][vc_column][vc_text_separator \u2026 <a class=\"continue-reading-link\" href=\"https:\/\/blog.sickculture.de\/?page_id=1083\"> Continue reading<\/a><\/p>\n","protected":false},"author":1,"featured_media":0,"parent":90,"menu_order":0,"comment_status":"closed","ping_status":"closed","template":"","meta":{"_s2mail":"yes","ngg_post_thumbnail":0,"footnotes":""},"categories":[14,4],"class_list":["post-1083","page","type-page","status-publish","hentry","category-14","category-mountainbike"],"jetpack_shortlink":"https:\/\/wp.me\/P7EPUT-ht","jetpack_sharing_enabled":true,"_links":{"self":[{"href":"https:\/\/blog.sickculture.de\/index.php?rest_route=\/wp\/v2\/pages\/1083","targetHints":{"allow":["GET"]}}],"collection":[{"href":"https:\/\/blog.sickculture.de\/index.php?rest_route=\/wp\/v2\/pages"}],"about":[{"href":"https:\/\/blog.sickculture.de\/index.php?rest_route=\/wp\/v2\/types\/page"}],"author":[{"embeddable":true,"href":"https:\/\/blog.sickculture.de\/index.php?rest_route=\/wp\/v2\/users\/1"}],"replies":[{"embeddable":true,"href":"https:\/\/blog.sickculture.de\/index.php?rest_route=%2Fwp%2Fv2%2Fcomments&post=1083"}],"version-history":[{"count":4,"href":"https:\/\/blog.sickculture.de\/index.php?rest_route=\/wp\/v2\/pages\/1083\/revisions"}],"predecessor-version":[{"id":1597,"href":"https:\/\/blog.sickculture.de\/index.php?rest_route=\/wp\/v2\/pages\/1083\/revisions\/1597"}],"up":[{"embeddable":true,"href":"https:\/\/blog.sickculture.de\/index.php?rest_route=\/wp\/v2\/pages\/90"}],"wp:attachment":[{"href":"https:\/\/blog.sickculture.de\/index.php?rest_route=%2Fwp%2Fv2%2Fmedia&parent=1083"}],"wp:term":[{"taxonomy":"category","embeddable":true,"href":"https:\/\/blog.sickculture.de\/index.php?rest_route=%2Fwp%2Fv2%2Fcategories&post=1083"}],"curies":[{"name":"wp","href":"https:\/\/api.w.org\/{rel}","templated":true}]}}