{"id":1103,"date":"2018-05-22T18:26:40","date_gmt":"2018-05-22T18:26:40","guid":{"rendered":"http:\/\/blog.sickculture.de\/?page_id=1103"},"modified":"2021-07-05T07:55:33","modified_gmt":"2021-07-05T07:55:33","slug":"2017-10-st-vigil-2","status":"publish","type":"page","link":"https:\/\/blog.sickculture.de\/?page_id=1103","title":{"rendered":"2018.05 Gardasee San Giorgio"},"content":{"rendered":"<section class=\"wpb-content-wrapper\"><p>[vc_row][vc_column][vc_column_text][pe2-image src=&#8221;https:\/\/lh3.googleusercontent.com\/-73WNtYYrn_Q\/WwQJMvDYouI\/AAAAAAAAjgQ\/xAgWKv_ADqgZV9IqjHGolIOsanxbvjnzwCCoYBhgL\/s144-c-o\/20180518_143938_0110__DSC0052_Screen.jpg&#8221; href=&#8221;https:\/\/picasaweb.google.com\/112885246866780528333\/6558376836749614209#6558377071752028898&#8243; caption=&#8221;&#8221; type=&#8221;image&#8221; alt=&#8221;20180518_143938_0110__DSC0052_Screen.jpg&#8221; ]<\/p>\n<h4><img loading=\"lazy\" decoding=\"async\" class=\"aligncenter size-full wp-image-590\" src=\"http:\/\/blog.sickculture.de\/wp-content\/uploads\/2015\/05\/InGardaTrentino.png\" alt=\"\" width=\"245\" height=\"120\" srcset=\"https:\/\/blog.sickculture.de\/wp-content\/uploads\/2015\/05\/InGardaTrentino.png 245w, https:\/\/blog.sickculture.de\/wp-content\/uploads\/2015\/05\/InGardaTrentino-150x73.png 150w\" sizes=\"auto, (max-width: 245px) 100vw, 245px\" \/><\/h4>\n<p class=\"clear\">\n<h4 class=\"clear\" style=\"text-align: center;\"><span style=\"color: #808080;\"><strong>Trail Opener am Lago<\/strong><\/span><span style=\"color: #0000ff;\"><strong><br \/>\n<\/strong><\/span><\/h4>\n<h1 style=\"text-align: center;\"><strong><span style=\"color: #0000ff;\"><span style=\"color: #99cc00;\">Gardasee 2018 &#8211; San Giorgio<\/span><br \/>\n<\/span><\/strong><\/h1>\n<h2 style=\"text-align: center;\"><span style=\"color: #808080;\">17.-21. Mai 2018<br \/>\n<\/span><\/h2>\n<h4 class=\"clear\" style=\"text-align: center;\"><span style=\"color: #808080;\"><strong>\u00a0<\/strong><\/span><\/h4>\n<hr>\n<p>Auf ein Neues ins Bikejahr 2018 &#8211; so wie die meisten gings bei mir auch wieder als wettersichere Traildestination an den Lago di Garda. Seit Wochen verfolgte mich das Pech, nun soll auch mal ein Highlight den Optimismus st\u00e4rken. So fuhr ich wieder an den Norden vom Gardasee, besser gesagt nach San Giorgio zwischen Arco und Riva. Wie es war, lest hier weiter.<\/p>\n<p>\u00a0[\/vc_column_text][\/vc_column][\/vc_row][vc_row][vc_column][vc_text_separator title=&#8221;B E S C H R E I B U N G&#8221;][\/vc_column][\/vc_row][vc_row][vc_column][vc_column_text]<\/p>\n<h3><strong>17.5.18 Creste di Reamol<br \/>\n<\/strong><\/h3>\n<p>Ich war nicht schlecht erstaunt, als ich die ersten Bilder im Netz fand. &#8220;Da mu\u00df ich hin&#8221; sagte der Devil in meinem Kopf. Dass das Ganze nicht leicht wird und extrem gef\u00e4hrlich war, wu\u00dfte ich und so war die Ideen manifestiert, diese Runde zu fahren. Zuerst lie\u00df ich mich gem\u00fctlich zum Ledrosee shuttlen. Dann gings gem\u00e4chlich durch das Val Casarino hoch bis zum Bocca dei Fortini udn Passo Guil. Diesen Punkt kennt jeder Tremalzo Bezwinger und rauscht weiter Richtung Pregasina. Nur ich kannte einen &#8220;Sidestep-Trail&#8221; aus diversen Internetsuchen. So schob ich mein Bike ein paar Meter nach oben und folgte einem herrlichen Flowtrail unterhalb den Monte Guil bis zur Tremalzoroute am Passo Rocchetta. Bis zum Passo Rocchetta war alles noch &#8220;save&#8221;. Hier fahren die meisten den 422er weiter, um einen herrlichen Blick vom Punta Larici aus auf den Gardasee zu erhaschen. Doch hier zweigt ein Monster-Extrem-Trail ab. Er ist nicht wirklich schwer zu fahren, aber sowas von ausgesetzt. Auf der einen Seite der Fels, ein Handtuchbreit weiter der Abgrund. Dazu gesellt sich abundzu noch ein schr\u00e4glaufender, abfallender Trail. Ein falscher Schlenker mit dem Lenker oder ein H\u00e4ngenbleiben am Fels und das k\u00f6nnte der letzte Trail gewesen sein. Der Trail verl\u00e4uft \u00fcberhalb des Val d. Reamol unterhalb des Monte Palaer und spuckt einen am Punta Larici wieder aus. Auch ich schoss meine Pics am Aussichtspunkt, doch folgte dem Abgrundtrail weiter zum &#8220;Secretplace&#8221;. Ein ausgesetzter Trail zu Alpinistellung. Leider war ab dieser Stellung der Trail schon sehr derb, steil und rutschig. Ich war froh als ich den 422b wieder erreichte und beendete meine Runde mit der Ponale R\u00fcckfahrt nach Riva.<\/p>\n<div class=\"passster-form\" id=\"ps-367\">\n    <form class=\"password-form\" method=\"post\" autocomplete=\"off\" target=\"_top\">\n        <span class=\"ps-form-headline\">Gesch\u00fctzter Bereich<\/span>\n        <div class=\"ps-form-instructions-wrap\">Dieser Inhalt ist passwortgesch\u00fctzt. Bitte gib dein Passwort ein um den Inhalt freizuschalten.<\/div>\n        <fieldset>\n            <span class=\"ps-loader\" style=\"display:none;\"><img decoding=\"async\" src=\"https:\/\/blog.sickculture.de\/wp-content\/plugins\/content-protector\/assets\/public\/ps-loader.svg\" alt=\"\" \/><\/span>\n            <label for=\"input-ps-367\" style=\"display:none;\" class=\"passster-hidden\">Trage dein Passwort ein<\/label>\n            <input placeholder=\"Gib dein Passwort ein..\" type=\"password\" tabindex=\"1\" name=\"passster_password\"\n                   id=\"input-ps-367\" class=\"passster-password\" autocomplete=\"off\"\n                   data-protection-type=\"password\" data-list=\"[PASSSTER_LIST]\" data-lists=\"[PASSSTER_LISTS]\" data-area=\"[PASSSTER_AREA]\"\n                   data-protection=\"[PASSSTER_PROTECTION]\">\n            \n            <button name=\"submit\" type=\"submit\" class=\"passster-submit\" data-psid=\"ps-367\" data-post-id=\"1103\" data-term-id=\"0\" \n                    data-submit=\"...Checking Password\" data-redirect=\"\">Freischalten\n            <\/button>\n            <div class=\"passster-error\"><\/div>\n        <\/fieldset>\n    <\/form>\n<\/div>\n\n<hr>\n<h3><strong>18.5.18 Punta Telegrafo<br \/>\n<\/strong><\/h3>\n<p>Letztes Jahr hatte ich diese Mission schon vor, dieses Jahr sollte es was werden. Wie am Vortag hie\u00df es, dass es gegen sp\u00e4teren Nachmittag regnen soll. Sollte also zu schaffen sein. Also lie\u00df ich mich nach Prada zur s\u00fcdlichen Monte Baldo Seite shuttlen und startete meine Runde am Parkplatz Pozze di Pralago. Die ersten Meter waren gut zu pedalieren und so folgte ich dem 51er und sp\u00e4ter dem Sent. 655 bis zur Abzweigung Baito di Naole. Hier bog ich ab um mir noch das Forte di Naole mit deren chinesischen Mauer am Baldo R\u00fccken Richtung S\u00fcden zu betrachten. Dann ein kleiner Trail, kurze Tragepassage hoch und wieder auf den 655er oberhalb des Skigebiets Costabella zum Rif. Fiori di Baldo. Weiter dann am Rif. Chierego vorbei bis zur Bocchetta di Coal Santo. Bis hier her kannte ich die Strecke. Und wieder zog Nebel auf. Sollte sich die Geschichte wiederholen? Nein, durch die Spalte hindurch und die Sonne blinzelte hervor und zeigte mir den alten Monte Baldo H\u00f6henweg Sent. 658. Kurz ein paar Serpentinen ab und dann ein genialer Trail, der absolut au\u00dferhalb der Wandersaison zu fahren ist! Doch pl\u00f6tzlich eine Schickane auf der Strecke. Ein Schneefeld (fast schon l\u00e4cherlich) versperrte mir den Weg. Darauf laufen w\u00e4re zu gef\u00e4hrlich gewesen. Obenrum gings nicht, also f\u00fcnf Meter im Ger\u00f6ll bergab und untenrum. Das Ger\u00f6ll war sehr lose und man mu\u00dfte sich vorsichtig bewegen, sonst w\u00e4re es aus mit Lustig gewesen. Ich sag ja, L\u00e4cherlich in den Augen, aber praktisch zu l\u00f6sen: gar nicht so einfach. Vorallem mit dem Bike auf dem Rucksack. Danach wollte ich weiter zum Cima Valdritta. Doch der Nebel zog auf und die Donner waren zu h\u00f6ren. Also Bike auf Rucksack legen, einen Pfad zum Rif. Telegrafo hochsteigen um ggf. sicher zu sein. Ich hatte noch Zeit auf den Punta Telegrafo zu steigen, ehe ich schon mehr Donner aus dem Carega Massiv h\u00f6rte. Die Schoner ans Bein, Helm save und ab zu Rakete zur Schutzh\u00fctte. Ab hier gab es die Option den &#8220;Westtrail&#8221; zum Lago abzufahren. Ich w\u00fcrde diese Entscheidung nicht mehr treffen. Der Name Sentiero Naturale sagt eigentlich schon alles aus. Zuerst noch harmlos, sp\u00e4ter allerdings stark verblockt. Und bei meinem Gl\u00fcck den dritten Tag Regen. Nur diesmal heftigster Guss von oben, dazu Hagel, Donner und Blitze. All das im Hochgebirge. Alter Schwede &#8211; da geht einem der Stift. So wartete ich zusammengekauert immer wieder unter diversen Unterst\u00e4nden und fuhr etappenweise bergab. Echtes Stolperbiken und Schieben. Der Weg war schon ein Bach und meine Schuhe f\u00fcllten sich bereits komplett mit Wasser. Total durchn\u00e4sst erreichte ich Assenza im man wird es nicht glauben: Sonnenschein. Zur\u00fcck wollte ich eigentlich mit der F\u00e4hre, die aus irgend einem Grund die Tage nicht fuhr. Also die restlichen Kilometer zur\u00fcck nach Malcesine und dort lie\u00df ich mich dann abholen.<\/p>\n<div class=\"passster-form\" id=\"ps-477\">\n    <form class=\"password-form\" method=\"post\" autocomplete=\"off\" target=\"_top\">\n        <span class=\"ps-form-headline\">Gesch\u00fctzter Bereich<\/span>\n        <div class=\"ps-form-instructions-wrap\">Dieser Inhalt ist passwortgesch\u00fctzt. Bitte gib dein Passwort ein um den Inhalt freizuschalten.<\/div>\n        <fieldset>\n            <span class=\"ps-loader\" style=\"display:none;\"><img decoding=\"async\" src=\"https:\/\/blog.sickculture.de\/wp-content\/plugins\/content-protector\/assets\/public\/ps-loader.svg\" alt=\"\" \/><\/span>\n            <label for=\"input-ps-477\" style=\"display:none;\" class=\"passster-hidden\">Trage dein Passwort ein<\/label>\n            <input placeholder=\"Gib dein Passwort ein..\" type=\"password\" tabindex=\"1\" name=\"passster_password\"\n                   id=\"input-ps-477\" class=\"passster-password\" autocomplete=\"off\"\n                   data-protection-type=\"password\" data-list=\"[PASSSTER_LIST]\" data-lists=\"[PASSSTER_LISTS]\" data-area=\"[PASSSTER_AREA]\"\n                   data-protection=\"[PASSSTER_PROTECTION]\">\n            \n            <button name=\"submit\" type=\"submit\" class=\"passster-submit\" data-psid=\"ps-477\" data-post-id=\"1103\" data-term-id=\"0\" \n                    data-submit=\"...Checking Password\" data-redirect=\"\">Freischalten\n            <\/button>\n            <div class=\"passster-error\"><\/div>\n        <\/fieldset>\n    <\/form>\n<\/div>\n\n<hr>\n<h3><strong>19.5.18 San Michele Crosscountry<br \/>\n<\/strong><\/h3>\n<p>Tja, eigentlich sollte dieser Tag ein Kapitel vom letzten Jahr abschlie\u00dfen &#8211; offene Baustellen sollte man schnell fertig machen. Also fuhr ich mit dem Bike von Vesio am Parkplatz von San Michele los und radelte dem Monte Caplone entgegen dem Uhrzeigersinn entgegen. Wettervorhersage war gegen sp\u00e4ten Nachmittag 1-2mm Regen. Und wie immer und passend zu meiner Pechstr\u00e4hne: Der Regen kam schon um 11 Uhr. So beendete ich die Tour am ersten Tunnel nach der Bocca di Lorina. Es machte einfach keinen Sinn mehr weiter zu radeln. Demnach schlo\u00df ich das Kapitel heute ab und radelte wieder tropfnass zur\u00fcck nach Vesio.<\/p>\n<div class=\"passster-form\" id=\"ps-164\">\n    <form class=\"password-form\" method=\"post\" autocomplete=\"off\" target=\"_top\">\n        <span class=\"ps-form-headline\">Gesch\u00fctzter Bereich<\/span>\n        <div class=\"ps-form-instructions-wrap\">Dieser Inhalt ist passwortgesch\u00fctzt. Bitte gib dein Passwort ein um den Inhalt freizuschalten.<\/div>\n        <fieldset>\n            <span class=\"ps-loader\" style=\"display:none;\"><img decoding=\"async\" src=\"https:\/\/blog.sickculture.de\/wp-content\/plugins\/content-protector\/assets\/public\/ps-loader.svg\" alt=\"\" \/><\/span>\n            <label for=\"input-ps-164\" style=\"display:none;\" class=\"passster-hidden\">Trage dein Passwort ein<\/label>\n            <input placeholder=\"Gib dein Passwort ein..\" type=\"password\" tabindex=\"1\" name=\"passster_password\"\n                   id=\"input-ps-164\" class=\"passster-password\" autocomplete=\"off\"\n                   data-protection-type=\"password\" data-list=\"[PASSSTER_LIST]\" data-lists=\"[PASSSTER_LISTS]\" data-area=\"[PASSSTER_AREA]\"\n                   data-protection=\"[PASSSTER_PROTECTION]\">\n            \n            <button name=\"submit\" type=\"submit\" class=\"passster-submit\" data-psid=\"ps-164\" data-post-id=\"1103\" data-term-id=\"0\" \n                    data-submit=\"...Checking Password\" data-redirect=\"\">Freischalten\n            <\/button>\n            <div class=\"passster-error\"><\/div>\n        <\/fieldset>\n    <\/form>\n<\/div>\n\n<hr>\n<h3><strong>20.5.18 Monte Caplone und Cima Tignale<br \/>\n<\/strong><\/h3>\n<p>Was tun? Neu Baustelle beginnen oder doch eine Alte beenden? Wetter war wieder unbest\u00e4ndig und gegen Nachmittag mu\u00dfte man vereinzelt mit Gewitter rechnen. Aber wieder das ganze San Michele Tal hoch? Um dann wieder abzubrechen? Unser Hotelier ist ein Gl\u00e4ubiger und betete die f\u00fcr mich, dass das Wetter diesmal h\u00e4lt. Also gut, dann doch die Caplone Runde fertig machen. Ich lie\u00df mich bis zum Passo Tremalzo shutteln, um einen Quereinstieg am Bocca di Lorina zu machen. Das spart H\u00f6henmeter und Zeit. Am dem Bocca die Lorina verschm\u00e4lerte sich der Weg zu einem Alpini Nachschubweg. In ettlichen Kehren und Tunneldurchquerungen durch das Valle di Campo erreichte ich mal fahrend, mal schiebend mein erstes heutiges Ziel, den Monte Caplone. Die letzte Tunnelfahrt mu\u00df wegen Zusammenfall dessen umstiegen werden. Das nutzte ich gleich aus, um den Monte Caplone direkt zu besteigen. Also Bike als \u00dcbergep\u00e4ck auf den Rucksack gelegt und die letzten 100hm bergauf getragen. Dies lohnte sich auf jedenfall. Denn vom Gipfelkreuz (oder was auch immer das dastellen soll) hat man eine grandiose Aussicht auf die umliegenden Berge, den Adamello, Monte Baldo, usw. Doch aus der westlichen Ferne war schon die Regenfront im Anmarsch. So packte ich meine sieben Sachen zusammen und nahm den ausgesetzen Trail zur Malga Tombea unter die Stollen. Dort w\u00e4re zuvor noch ein Trail bergab gegangen, den ich aber aus Unsicherheit ausgelassen habe. Also schnell weiter auf dem Sentiero Antonioli bis zur Bocca di Caplone. Diese Strecke war mir wieder sehr bekannt. Ein n\u00e4chstes Trailschmankerl hatte ich da schon im Ausblick, doch dieses mu\u00df bis zum n\u00e4chsten Urlaub warten. Ich versuchte dem Regen zu entkommen und fuhr bergab durchs Val di Campei\u00a0 und bergauf bis zum Passo della Fobia, um am Passo Scarpape mein n\u00e4chstes Trailschmankerl in Angriff zu nehmen. Die Sonne gesellte sich wieder zu mir und ich fuhr den H\u00f6henpfad in Richtung Cima Tignale entgegen. Nur ein paar letzte Stellen zwangen zum Schieben. Hier war er nun &#8211; der 254er vom Cima Tignale. Ein schmaler, steiler, kehrenreichen und ausgesetzter Trail. Was soll ich sagen: teilweise gut fahrbar, dann wieder sehr ger\u00f6llig. \u00c4ste und Steine zwangen zum Schieben. Auf den letzten Trailmetern fing es an zu nieseln, also schnell weiter. Das letzte St\u00fcck fuhr ich wieder aus Asphalt hoch nach Vesio. Hier wollte ich eigentlich noch durchs Val Puria nach Limone, aber der Wettergott hatte dann doch keine Geduld mehr und lies es wieder richtig sch\u00fctten. Erstes Kapitel Caplone abgeschlossen. Eine einsame sch\u00f6ne Runde abseits des Tremalzo Mainstreams.<\/p>\n<div class=\"passster-form\" id=\"ps-950\">\n    <form class=\"password-form\" method=\"post\" autocomplete=\"off\" target=\"_top\">\n        <span class=\"ps-form-headline\">Gesch\u00fctzter Bereich<\/span>\n        <div class=\"ps-form-instructions-wrap\">Dieser Inhalt ist passwortgesch\u00fctzt. Bitte gib dein Passwort ein um den Inhalt freizuschalten.<\/div>\n        <fieldset>\n            <span class=\"ps-loader\" style=\"display:none;\"><img decoding=\"async\" src=\"https:\/\/blog.sickculture.de\/wp-content\/plugins\/content-protector\/assets\/public\/ps-loader.svg\" alt=\"\" \/><\/span>\n            <label for=\"input-ps-950\" style=\"display:none;\" class=\"passster-hidden\">Trage dein Passwort ein<\/label>\n            <input placeholder=\"Gib dein Passwort ein..\" type=\"password\" tabindex=\"1\" name=\"passster_password\"\n                   id=\"input-ps-950\" class=\"passster-password\" autocomplete=\"off\"\n                   data-protection-type=\"password\" data-list=\"[PASSSTER_LIST]\" data-lists=\"[PASSSTER_LISTS]\" data-area=\"[PASSSTER_AREA]\"\n                   data-protection=\"[PASSSTER_PROTECTION]\">\n            \n            <button name=\"submit\" type=\"submit\" class=\"passster-submit\" data-psid=\"ps-950\" data-post-id=\"1103\" data-term-id=\"0\" \n                    data-submit=\"...Checking Password\" data-redirect=\"\">Freischalten\n            <\/button>\n            <div class=\"passster-error\"><\/div>\n        <\/fieldset>\n    <\/form>\n<\/div>\n\n<div id=\"s3gt_translate_tooltip\" class=\"s3gt_translate_tooltip\" style=\"position: absolute; left: 10px; top: 64px; opacity: 0;\">\n<div id=\"s3gt_translate_tooltip_mini_logo\" class=\"s3gt_translate_tooltip_mini\" title=\"Markierten Text \u00fcbersetzen\"><\/div>\n<div id=\"s3gt_translate_tooltip_mini_sound\" class=\"s3gt_translate_tooltip_mini\" title=\"Abspielen\"><\/div>\n<div id=\"s3gt_translate_tooltip_mini_copy\" class=\"s3gt_translate_tooltip_mini\" title=\"In Zwischenablage kopieren\"><\/div>\n<\/div>\n<p>[\/vc_column_text][\/vc_column][\/vc_row][vc_row][vc_column][vc_text_separator title=&#8221;F A Z I T&#8221;][\/vc_column][\/vc_row][vc_row][vc_column][vc_column_text]Wieder einmal vier klasse Touren gemacht, obwohl mich das Wetter nicht ganz gl\u00fccklich machte. Aber wenn schon Wochen zuvor alles schief l\u00e4uft, warum soll es dann im Urlaub pl\u00f6tzlich rosig werden? Unterm Strich trotzdem ein klasse Urlaub am Lago, den ich eigentlich nicht wirklich besuchte, sondern nur einmal kurz vorbeiradelte. Die n\u00e4chsten Ziele sind bereits schon im Kopf und bestimmt kein Mainstream! Danke an dieser Stelle auch wieder an das Hotel San Giorgio f\u00fcr die Unterkunft, Essen und netten Service.[\/vc_column_text][\/vc_column][\/vc_row][vc_row][vc_column]<div class=\"ult_exp_section_layer ult-adjust-bottom-margin  \" >\n\t<div id=\"uvc-exp-wrap-4124\"   data-ultimate-target='#uvc-exp-wrap-4124'  data-responsive-json-new='{\"font-size\":\"desktop:20px;\",\"line-height\":\"desktop:20px;\"}'  class=\"ult_exp_section  ult-responsive \" style=\"color:#ffffff;background-color:#1e73be;font-family:Alfa Slab One;font-weight:bold;  text-align:center;\" data-textcolor=\"#ffffff\"data-texthover=\"#333333\"data-icncolor=\"#333333\"data-ihover=\"#333333\"data-height=\"0\"data-cntbg=\"#1e73be\"data-cnthvrbg=\"#e5e5e5\"data-headerbg=\"#1e73be\"data-headerhover=\"#e5e5e5\"data-title=\"BILDER\"data-newtitle=\"BILDER\"data-icon=\"\"data-newicon=\"\"data-activeicon=\"#333333\"data-effect=\"slideToggle\"data-override=\"0\"data-activetitle=\"#333333\"data-activebg=\"#dbdbdb\"data-img=\"\"data-newimg=\"\"><div  class=\"ult_exp_section-main \">\n\t\t\t\t\t<div class=\"ult_expheader\" >BILDER\n\t\t\t\t\t <\/div><\/div>\n\t\t\t\t<\/div><div class=\"ult_exp_content \" style=\"background-color:#dbdbdb;  \"><div class=\"ult_ecpsub_cont\" style=\" \" >[vc_tta_tabs][vc_tta_section title=&#8221;Creste Reamol&#8221; tab_id=&#8221;1625471655383-6ca67c80-8223&#8243;][vc_column_text]<\/p>\n\n\t\t<style type=\"text\/css\">\n\t\t\t#gallery-1 {\n\t\t\t\tmargin: auto;\n\t\t\t}\n\t\t\t#gallery-1 .gallery-item {\n\t\t\t\tfloat: left;\n\t\t\t\tmargin-top: 10px;\n\t\t\t\ttext-align: center;\n\t\t\t\twidth: 100%;\n\t\t\t}\n\t\t\t#gallery-1 img {\n\t\t\t\tborder: 2px solid #cfcfcf;\n\t\t\t}\n\t\t\t#gallery-1 .gallery-caption {\n\t\t\t\tmargin-left: 0;\n\t\t\t}\n\t\t\t\/* see gallery_shortcode() in wp-includes\/media.php *\/\n\t\t<\/style>\n\t\t<div id='gallery-1' class='gallery galleryid-1103 gallery-columns-0 gallery-size-thumbnail'><dl class='gallery-item'>\n\t\t\t<dt class='gallery-icon landscape'>\n\t\t\t\t<a href='https:\/\/blog.sickculture.de\/?attachment_id=1108'><img loading=\"lazy\" decoding=\"async\" width=\"150\" height=\"150\" src=\"https:\/\/blog.sickculture.de\/wp-content\/uploads\/2018\/05\/20180518_143938_0110__DSC0052_Screen-150x150.jpg\" class=\"attachment-thumbnail size-thumbnail\" alt=\"\" \/><\/a>\n\t\t\t<\/dt><\/dl>\n\t\t<\/div>\n\n<p>[\/vc_column_text][\/vc_tta_section][vc_tta_section title=&#8221;Punta Telegrafo&#8221; tab_id=&#8221;1625471655408-14f1e6b8-7696&#8243;][vc_column_text]<\/p>\n\n\t\t<style type=\"text\/css\">\n\t\t\t#gallery-2 {\n\t\t\t\tmargin: auto;\n\t\t\t}\n\t\t\t#gallery-2 .gallery-item {\n\t\t\t\tfloat: left;\n\t\t\t\tmargin-top: 10px;\n\t\t\t\ttext-align: center;\n\t\t\t\twidth: 100%;\n\t\t\t}\n\t\t\t#gallery-2 img {\n\t\t\t\tborder: 2px solid #cfcfcf;\n\t\t\t}\n\t\t\t#gallery-2 .gallery-caption {\n\t\t\t\tmargin-left: 0;\n\t\t\t}\n\t\t\t\/* see gallery_shortcode() in wp-includes\/media.php *\/\n\t\t<\/style>\n\t\t<div id='gallery-2' class='gallery galleryid-1103 gallery-columns-0 gallery-size-thumbnail'><dl class='gallery-item'>\n\t\t\t<dt class='gallery-icon landscape'>\n\t\t\t\t<a href='https:\/\/blog.sickculture.de\/?attachment_id=1108'><img loading=\"lazy\" decoding=\"async\" width=\"150\" height=\"150\" src=\"https:\/\/blog.sickculture.de\/wp-content\/uploads\/2018\/05\/20180518_143938_0110__DSC0052_Screen-150x150.jpg\" class=\"attachment-thumbnail size-thumbnail\" alt=\"\" \/><\/a>\n\t\t\t<\/dt><\/dl>\n\t\t<\/div>\n\n<p>[\/vc_column_text][\/vc_tta_section][vc_tta_section title=&#8221;San Michele&#8221; tab_id=&#8221;1625471657938-aae92cc5-7bfa&#8221;][vc_column_text]<\/p>\n\n\t\t<style type=\"text\/css\">\n\t\t\t#gallery-3 {\n\t\t\t\tmargin: auto;\n\t\t\t}\n\t\t\t#gallery-3 .gallery-item {\n\t\t\t\tfloat: left;\n\t\t\t\tmargin-top: 10px;\n\t\t\t\ttext-align: center;\n\t\t\t\twidth: 100%;\n\t\t\t}\n\t\t\t#gallery-3 img {\n\t\t\t\tborder: 2px solid #cfcfcf;\n\t\t\t}\n\t\t\t#gallery-3 .gallery-caption {\n\t\t\t\tmargin-left: 0;\n\t\t\t}\n\t\t\t\/* see gallery_shortcode() in wp-includes\/media.php *\/\n\t\t<\/style>\n\t\t<div id='gallery-3' class='gallery galleryid-1103 gallery-columns-0 gallery-size-thumbnail'><dl class='gallery-item'>\n\t\t\t<dt class='gallery-icon landscape'>\n\t\t\t\t<a href='https:\/\/blog.sickculture.de\/?attachment_id=1108'><img loading=\"lazy\" decoding=\"async\" width=\"150\" height=\"150\" src=\"https:\/\/blog.sickculture.de\/wp-content\/uploads\/2018\/05\/20180518_143938_0110__DSC0052_Screen-150x150.jpg\" class=\"attachment-thumbnail size-thumbnail\" alt=\"\" \/><\/a>\n\t\t\t<\/dt><\/dl>\n\t\t<\/div>\n\n<p>[\/vc_column_text][\/vc_tta_section][vc_tta_section title=&#8221;Caplone-Cima Tignale&#8221; tab_id=&#8221;1625471658825-dbf05a87-55ca&#8221;][vc_column_text]<\/p>\n\n\t\t<style type=\"text\/css\">\n\t\t\t#gallery-4 {\n\t\t\t\tmargin: auto;\n\t\t\t}\n\t\t\t#gallery-4 .gallery-item {\n\t\t\t\tfloat: left;\n\t\t\t\tmargin-top: 10px;\n\t\t\t\ttext-align: center;\n\t\t\t\twidth: 100%;\n\t\t\t}\n\t\t\t#gallery-4 img {\n\t\t\t\tborder: 2px solid #cfcfcf;\n\t\t\t}\n\t\t\t#gallery-4 .gallery-caption {\n\t\t\t\tmargin-left: 0;\n\t\t\t}\n\t\t\t\/* see gallery_shortcode() in wp-includes\/media.php *\/\n\t\t<\/style>\n\t\t<div id='gallery-4' class='gallery galleryid-1103 gallery-columns-0 gallery-size-thumbnail'><dl class='gallery-item'>\n\t\t\t<dt class='gallery-icon landscape'>\n\t\t\t\t<a href='https:\/\/blog.sickculture.de\/?attachment_id=1108'><img loading=\"lazy\" decoding=\"async\" width=\"150\" height=\"150\" src=\"https:\/\/blog.sickculture.de\/wp-content\/uploads\/2018\/05\/20180518_143938_0110__DSC0052_Screen-150x150.jpg\" class=\"attachment-thumbnail size-thumbnail\" alt=\"\" \/><\/a>\n\t\t\t<\/dt><\/dl>\n\t\t<\/div>\n\n<p>[\/vc_column_text][\/vc_tta_section][\/vc_tta_tabs]<\/div><\/div>\n\n\t\t\t<\/div>[\/vc_column][\/vc_row]<\/p>\n<\/section>","protected":false},"excerpt":{"rendered":"<p>[vc_row][vc_column][vc_column_text][pe2-image src=&#8221;https:\/\/lh3.googleusercontent.com\/-73WNtYYrn_Q\/WwQJMvDYouI\/AAAAAAAAjgQ\/xAgWKv_ADqgZV9IqjHGolIOsanxbvjnzwCCoYBhgL\/s144-c-o\/20180518_143938_0110__DSC0052_Screen.jpg&#8221; href=&#8221;https:\/\/picasaweb.google.com\/112885246866780528333\/6558376836749614209#6558377071752028898&#8243; caption=&#8221;&#8221; type=&#8221;image&#8221; alt=&#8221;20180518_143938_0110__DSC0052_Screen.jpg&#8221; ] Trail Opener am Lago Gardasee 2018 &#8211; San Giorgio 17.-21. Mai 2018 \u00a0 Auf ein Neues ins Bikejahr 2018 &#8211; so wie die meisten gings bei mir auch wieder als wettersichere Traildestination an den Lago di Garda. Seit Wochen verfolgte mich das Pech, \u2026 <a class=\"continue-reading-link\" href=\"https:\/\/blog.sickculture.de\/?page_id=1103\"> Continue reading<\/a><\/p>\n","protected":false},"author":1,"featured_media":0,"parent":90,"menu_order":0,"comment_status":"closed","ping_status":"closed","template":"","meta":{"_s2mail":"yes","ngg_post_thumbnail":0,"footnotes":""},"categories":[15,4],"class_list":["post-1103","page","type-page","status-publish","hentry","category-15","category-mountainbike"],"jetpack_shortlink":"https:\/\/wp.me\/P7EPUT-hN","jetpack_sharing_enabled":true,"_links":{"self":[{"href":"https:\/\/blog.sickculture.de\/index.php?rest_route=\/wp\/v2\/pages\/1103","targetHints":{"allow":["GET"]}}],"collection":[{"href":"https:\/\/blog.sickculture.de\/index.php?rest_route=\/wp\/v2\/pages"}],"about":[{"href":"https:\/\/blog.sickculture.de\/index.php?rest_route=\/wp\/v2\/types\/page"}],"author":[{"embeddable":true,"href":"https:\/\/blog.sickculture.de\/index.php?rest_route=\/wp\/v2\/users\/1"}],"replies":[{"embeddable":true,"href":"https:\/\/blog.sickculture.de\/index.php?rest_route=%2Fwp%2Fv2%2Fcomments&post=1103"}],"version-history":[{"count":9,"href":"https:\/\/blog.sickculture.de\/index.php?rest_route=\/wp\/v2\/pages\/1103\/revisions"}],"predecessor-version":[{"id":1594,"href":"https:\/\/blog.sickculture.de\/index.php?rest_route=\/wp\/v2\/pages\/1103\/revisions\/1594"}],"up":[{"embeddable":true,"href":"https:\/\/blog.sickculture.de\/index.php?rest_route=\/wp\/v2\/pages\/90"}],"wp:attachment":[{"href":"https:\/\/blog.sickculture.de\/index.php?rest_route=%2Fwp%2Fv2%2Fmedia&parent=1103"}],"wp:term":[{"taxonomy":"category","embeddable":true,"href":"https:\/\/blog.sickculture.de\/index.php?rest_route=%2Fwp%2Fv2%2Fcategories&post=1103"}],"curies":[{"name":"wp","href":"https:\/\/api.w.org\/{rel}","templated":true}]}}