{"id":1119,"date":"2018-06-25T14:13:29","date_gmt":"2018-06-25T14:13:29","guid":{"rendered":"http:\/\/blog.sickculture.de\/?page_id=1119"},"modified":"2021-07-05T07:53:59","modified_gmt":"2021-07-05T07:53:59","slug":"2017-10-st-vigil-2-2","status":"publish","type":"page","link":"https:\/\/blog.sickculture.de\/?page_id=1119","title":{"rendered":"2018.06 TreCime Traildays"},"content":{"rendered":"<section class=\"wpb-content-wrapper\"><p>[vc_row][vc_column][vc_column_text]<\/p>\n<p class=\"clear\"><img loading=\"lazy\" decoding=\"async\" class=\"aligncenter wp-image-1120 size-large\" src=\"http:\/\/blog.sickculture.de\/wp-content\/uploads\/2018\/06\/TreCimeTraildays-1024x692.jpg\" alt=\"\" width=\"800\" height=\"541\" srcset=\"https:\/\/blog.sickculture.de\/wp-content\/uploads\/2018\/06\/TreCimeTraildays.jpg 1024w, https:\/\/blog.sickculture.de\/wp-content\/uploads\/2018\/06\/TreCimeTraildays-300x203.jpg 300w, https:\/\/blog.sickculture.de\/wp-content\/uploads\/2018\/06\/TreCimeTraildays-768x519.jpg 768w, https:\/\/blog.sickculture.de\/wp-content\/uploads\/2018\/06\/TreCimeTraildays-222x150.jpg 222w, https:\/\/blog.sickculture.de\/wp-content\/uploads\/2018\/06\/TreCimeTraildays-150x101.jpg 150w\" sizes=\"auto, (max-width: 800px) 100vw, 800px\" \/><\/p>\n<h4 class=\"clear\" style=\"text-align: center;\"><span style=\"color: #808080;\"><strong>Auf den Spuren der Alpinis und Kaiserj\u00e4ger<\/strong><\/span><span style=\"color: #0000ff;\"><strong><br \/>\n<\/strong><\/span><\/h4>\n<h1 style=\"text-align: center;\"><strong><span style=\"color: #0000ff;\"><span style=\"color: #99cc00;\">Tre Cime Lavaredo<\/span><br \/>\n<\/span><\/strong><\/h1>\n<h2 style=\"text-align: center;\"><span style=\"color: #808080;\">20.-24. Juni 2018<br \/>\n<\/span><\/h2>\n<h4 class=\"clear\" style=\"text-align: center;\"><span style=\"color: #808080;\"><strong>\u00a0<\/strong><\/span><\/h4>\n<hr>\n<p>Die Monti Pallidi in seiner sch\u00f6nsten Pracht &#8211; an einem der bekanntesten Gebirgsregion der Alpen. Die Sextner Dolomiten mit den UNESCO Weltkulturerbe &#8220;Drei Zinnen&#8221; ist eine f\u00fcr Biker empfindliche Region, aber auch eine der sch\u00f6nsten \u00d6rtlichkeiten und hartumk\u00e4mpfte Region der KuK und Alpinis. Die abenteuerlich angelegten Steige sind g\u00e4nzlich f\u00fcr Biker gesperrt * PUNKT *. Ich wagte mich trotzdem auf einen Trailride zu den Drei Zinnen &#8211; und nicht nur einmal, sondern viermal nahm ich die Pfade unter die Stollen. Wie es war, lest hier weiter.<\/p>\n<p>\u00a0[\/vc_column_text][\/vc_column][\/vc_row][vc_row][vc_column][vc_text_separator title=&#8221;B E S C H R E I B U N G&#8221;][\/vc_column][\/vc_row][vc_row][vc_column][vc_column_text]<\/p>\n<h3><strong>20.6.18 Val Fiscalina e CAI102<br \/>\n<\/strong><\/h3>\n<p>Gezielt eine Destination sollte es diesmal sein um die jeweiligen Abfahrten unter die R\u00e4der zu nehmen. Auto abstellen und stehenlassen &#8211; daf\u00fcr aus eigener Kraft (und nein, kein E-Bike) umweltschonend das UNESCO Naturschutzgebiet erforschen. Die Autofahrt ins tiefe Pustertal dauert schon eine Zeit und so lie\u00df ich nicht viel Zeit im Hotel verstreichen. Rauf auf\u00b4s Bike und frisch, fromm, fr\u00f6hlich dahingerollt. Doch Holla-die-Waldfee, von wegen dahinrollen. Gleich zu beginn Hammer auf die M\u00fctze. Die Pa\u00dfstra\u00dfe hoch zur Auronzoh\u00fctte beginnt mit 16% Steigung und das durchgehend bis zum Lago Antoro. Daraufhin konnte ich meine Lungenfl\u00fcgel ein wenig zur Ruhe kommen lassen, bis nach der Mautstelle der Berg wieder an Steigung gewann. Immer zwischen 14-16% Steigung, Kehre f\u00fcr Kehre bergan. Und von wegen umweltschonend &#8211; Auto an Auto im sekundentakt, von verrust bis dr\u00f6hnend alles dabei. Und da ist Biken in den Drei Zinnen verboten? What a shit!!! Nach 600hm ist der erste Part erledigt und die Auronzoh\u00fctte auf der R\u00fcckseite der Zinnen ist erreicht. Noch war alles im gr\u00fcnen Bereich und die Weiterfahrt zur Lavaredoh\u00fctte auf der Ostflanke auf alter Milit\u00e4rpiste war easy going. Dann folgte eine kurze Steigung hoch zum Paternsattel auf dem CAI101. Bis hierher mu\u00df man mit erh\u00f6htem Wandertourismus rechnen, vorallem mit Personen, die im alpinen Gel\u00e4nde keine Erfahrung haben und mit Turnschuhen oder Schlappern unterwegs sind. Unsere Asiatischen Freunde bewegen sich im Pulk und bleiben alle paar Meter stehen, um ein Foto zu knippsen. W\u00e4hrend ich in kurzen Klamotten unterwegs war, hatten diese dicke Jacken und Handschuhe an. Auch ich schoss einige Fotos. Jetzt folgte die inoffizielle, illegale Strecke. Ich w\u00fcrde sagen der 101er bis zur Dreizinnenh\u00fctte ich noch mit Bike erlaubt. Das Verbotsschild bezieht sich auf die Abfahrt in Rienztal. Also leicht bergab vis-a-vis der Drei Zinnen hinunterrollen und dann wieder ein wenig bergauf bis zum Rif. Locatelli (Drei-Zinnen-H\u00fctte). Hier hat man einen grandiosen Ausblick auf die drei Majest\u00e4ten. Um mich herum Dreischusterspitze, Paternkofel, Haunold und in der Ferne die Marmorale, der Cristallo, Hohe Gaisl&#8230; um nur einige zu nennen. Ab hier ist nun wirklich Bikeverbot. Ich hatte schon ein wenig das komische Gef\u00fchl, dass mich jemand anspricht oder sogar ein Ranger mich aufhaltet. Die Strafen sind nicht ganz ohne. Aber im Gegenteil &#8211; sowas von netten Gesten. Ob S\u00fcdtiroler, Italiener, Deutsche, \u00d6sterreicher oder sonst noch wer &#8211; kein Problem. Kleiner Talk, ein vorbeiwinken und Danke &#8211; das sind die Zutaten f\u00fcr eine Miteinander am Berg. Von der H\u00fctte aus ergeben sich nun drei logische Abfahrten. Eine kannte ich vom Dolomitencross ins Rienztal. Dann eine zur Dreischusterh\u00fctte und eine zur Talschlussh\u00fctte. Ich w\u00e4hlte letztere und bog auf den 102er Richtung Val Fiscalina ins sogenannte Altensteiner Tal ab. Zuerst noch sanft auf alpinen Wanderweg vorbei an kleinen Seen, dann immer anspruchsvoller \u00fcber Stufen, Kehren, losem Ger\u00f6ll. Viel zu schnell verging die Abfahrt und schon bald erreichte ich die Talschlussh\u00fctte am Ende des Fischleintals. Tja, jetzt hei\u00dft es nochmals Z\u00e4hne zusammenbeisen und in die Pedale treten, denn die 35km zur\u00fcck \u00fcber Sexten, Toblach und hoch zum Misurina See zehren an den Kr\u00e4ften, die irgendwo zwischen der Pa\u00dfstra\u00dfenauffahrt, der heftigen Abfahrt und ggf. der langen Autofahrt liegengeblieben sind. Ein toller Einstieg f\u00fcr die kommenden Tage!<\/p>\n<div class=\"passster-form\" id=\"ps-683\">\n    <form class=\"password-form\" method=\"post\" autocomplete=\"off\" target=\"_top\">\n        <span class=\"ps-form-headline\">Gesch\u00fctzter Bereich<\/span>\n        <div class=\"ps-form-instructions-wrap\">Dieser Inhalt ist passwortgesch\u00fctzt. Bitte gib dein Passwort ein um den Inhalt freizuschalten.<\/div>\n        <fieldset>\n            <span class=\"ps-loader\" style=\"display:none;\"><img decoding=\"async\" src=\"https:\/\/blog.sickculture.de\/wp-content\/plugins\/content-protector\/assets\/public\/ps-loader.svg\" alt=\"\" \/><\/span>\n            <label for=\"input-ps-683\" style=\"display:none;\" class=\"passster-hidden\">Trage dein Passwort ein<\/label>\n            <input placeholder=\"Gib dein Passwort ein..\" type=\"password\" tabindex=\"1\" name=\"passster_password\"\n                   id=\"input-ps-683\" class=\"passster-password\" autocomplete=\"off\"\n                   data-protection-type=\"password\" data-list=\"[PASSSTER_LIST]\" data-lists=\"[PASSSTER_LISTS]\" data-area=\"[PASSSTER_AREA]\"\n                   data-protection=\"[PASSSTER_PROTECTION]\">\n            \n            <button name=\"submit\" type=\"submit\" class=\"passster-submit\" data-psid=\"ps-683\" data-post-id=\"1119\" data-term-id=\"0\" \n                    data-submit=\"...Checking Password\" data-redirect=\"\">Freischalten\n            <\/button>\n            <div class=\"passster-error\"><\/div>\n        <\/fieldset>\n    <\/form>\n<\/div>\n\n<hr>\n<h3><strong>21.6.18 B\u00fcllejoch<br \/>\n<\/strong><\/h3>\n<p>Fr\u00fch morgens scheberte der Wecker um den &#8220;kurzen&#8221; Tag vollens auszukosten. Warum kurz? Heute hie\u00df es f\u00fcr Nachmittag \u00f6rtliche Gewitter und Regen. Vormittags war es leicht frisch und bew\u00f6lkt, doch bei der Auffahrt zeigte sich wieder die Sonne. Wenn Engel reisen, oder? Geplannt war noch vor dem Wochenende eine &#8220;Unbekannte Abfahrt&#8221; &#8211; total legal nat\u00fcrlich (ironisch gemeint). Legal war wieder die Fahrt \u00fcber die Pa\u00dfstra\u00dfe, die Weiterfahrt zur Lavaredoh\u00fctte und die Milit\u00e4rpiste \u00fcber den Lago Cengia zur B\u00fcllejoch H\u00fctte. Diese Strecke fuhr ich exakt schon einmal beim letzten Dreizinnenbesuch. Die Abfahrt zum Lago Cengia in Richtung Zw\u00f6lferkofel ist nicht schwer, allerdings steil und grobschottrig. Daraufhin mu\u00df das Bike f\u00fcr 350hm bis zum B\u00fcllejoch geschoben werden. Man passiert einige alte verfallene Stellungen und einen spektakul\u00e4ren Holzsteig im Fels gehauen bis zur B\u00fcllejoch H\u00fctte. Zeitlich war ich gut dran, nur leider hatte die H\u00fcttenwirtin ein Auge auf die Wanderwege und im S\u00fcdwesten sah ich schon die dunklen Wolken. Was tun? Weiterfahren und auf No-Risk-No-Fun Motto abfahren um im Regen wieder die 35km von Sexten nach Misurina abzustrampeln oder den Hinweg zur\u00fccknehmen? Ich unterhielt mich mit ein paar Wanderer, die vom 103er hochkamen und sie sagten, dass auf dem Weg stellenweise noch Schneefelder gekreuzt werden m\u00fcssen. Das war dann ein Hinweis zur Vernunft. Eigentlich wollte ich \u00fcber den 103er zur Zygmondy H\u00fctte und runter in Val Fiscalina abfahren. Ich fuhr allerdings den Anfahrtsweg zur\u00fcck und war dann froh, als ich kurz nach Hoteleinchecken vom Regen verschont wurde. Trotzdem eine legale Variante und sch\u00f6nes Panorama. Diese Tour steht au\u00dferhalb der Saison nochmals auf dem Programm \ud83d\ude09<\/p>\n<div class=\"passster-form\" id=\"ps-923\">\n    <form class=\"password-form\" method=\"post\" autocomplete=\"off\" target=\"_top\">\n        <span class=\"ps-form-headline\">Gesch\u00fctzter Bereich<\/span>\n        <div class=\"ps-form-instructions-wrap\">Dieser Inhalt ist passwortgesch\u00fctzt. Bitte gib dein Passwort ein um den Inhalt freizuschalten.<\/div>\n        <fieldset>\n            <span class=\"ps-loader\" style=\"display:none;\"><img decoding=\"async\" src=\"https:\/\/blog.sickculture.de\/wp-content\/plugins\/content-protector\/assets\/public\/ps-loader.svg\" alt=\"\" \/><\/span>\n            <label for=\"input-ps-923\" style=\"display:none;\" class=\"passster-hidden\">Trage dein Passwort ein<\/label>\n            <input placeholder=\"Gib dein Passwort ein..\" type=\"password\" tabindex=\"1\" name=\"passster_password\"\n                   id=\"input-ps-923\" class=\"passster-password\" autocomplete=\"off\"\n                   data-protection-type=\"password\" data-list=\"[PASSSTER_LIST]\" data-lists=\"[PASSSTER_LISTS]\" data-area=\"[PASSSTER_AREA]\"\n                   data-protection=\"[PASSSTER_PROTECTION]\">\n            \n            <button name=\"submit\" type=\"submit\" class=\"passster-submit\" data-psid=\"ps-923\" data-post-id=\"1119\" data-term-id=\"0\" \n                    data-submit=\"...Checking Password\" data-redirect=\"\">Freischalten\n            <\/button>\n            <div class=\"passster-error\"><\/div>\n        <\/fieldset>\n    <\/form>\n<\/div>\n\n<hr>\n<h3><strong>22.6.18 Tre Scarperi e CAI105<\/strong><\/h3>\n<p>Tag Drei und schon wieder Tre Cime &#8211; oh je und schon wieder die Stra\u00dfenauffahrt, die Kreuzung zur Lavaredo und Dreizinnen H\u00fctte. Kurz gesagt: Wetter perfekt und eine neue Abfahrt auf dem Plan. Die Vorspeise zum &#8220;Hauptgericht&#8221; mu\u00df eben gegessen werden. Also nochmals die Strapazen bis zur Dreizinnenh\u00fctte. Heute perfektes Wetter und beste Sicht auf die Drei Zinnen. Das dachte sich auch ein Filmteam, das mit dem Heli auf der Dreizinnenh\u00fctte war. Man bemerkte auch das kommende Wochenende: viel mehr Leute waren heute unterwegs. Doch meine Abfahrtsvariante verhie\u00df Einsamkeit. Ich glaube ich habe max. f\u00fcnf Personen auf der Abfahrt angetroffen (oder waren es weniger?). Von der Dreizinnenh\u00fctte gehts erstmal zur\u00fcck und dann Richtung Nordwest auf den 105er zur Dreischusterh\u00fctte. Anfangs auf ebenen schmalen Trail, dann ein kurzes St\u00fcck hoch zum Joch und dann auf heftigen Trail zwischen Dreischusterspitze und Haunold bergab. Oben noch gut auf alpinen Gestein zu fahren. Leicht ausgesetzt und griffiger Boden. Dann mit Felsstufen, Bohlenstufen und -steigen, engen Kehren und ger\u00f6lligen Boden bergab. Im unteren Bereich dann mit umgefallenen B\u00e4umen und ganz engen Kehren. Die Wanderer im Innerfelder Tal staunten nicht schlecht, als ich daher kam. Gut gest\u00e4rkt nach einer Rast in der Dreischusterh\u00fctte trat ich meinen bekannten R\u00fcckweg zum dritten Mal an. Die Schwierigkeit der Trails nahm von Tag zu Tag (bis auf B\u00fcllejoch) zu.<\/p>\n<div class=\"passster-form\" id=\"ps-287\">\n    <form class=\"password-form\" method=\"post\" autocomplete=\"off\" target=\"_top\">\n        <span class=\"ps-form-headline\">Gesch\u00fctzter Bereich<\/span>\n        <div class=\"ps-form-instructions-wrap\">Dieser Inhalt ist passwortgesch\u00fctzt. Bitte gib dein Passwort ein um den Inhalt freizuschalten.<\/div>\n        <fieldset>\n            <span class=\"ps-loader\" style=\"display:none;\"><img decoding=\"async\" src=\"https:\/\/blog.sickculture.de\/wp-content\/plugins\/content-protector\/assets\/public\/ps-loader.svg\" alt=\"\" \/><\/span>\n            <label for=\"input-ps-287\" style=\"display:none;\" class=\"passster-hidden\">Trage dein Passwort ein<\/label>\n            <input placeholder=\"Gib dein Passwort ein..\" type=\"password\" tabindex=\"1\" name=\"passster_password\"\n                   id=\"input-ps-287\" class=\"passster-password\" autocomplete=\"off\"\n                   data-protection-type=\"password\" data-list=\"[PASSSTER_LIST]\" data-lists=\"[PASSSTER_LISTS]\" data-area=\"[PASSSTER_AREA]\"\n                   data-protection=\"[PASSSTER_PROTECTION]\">\n            \n            <button name=\"submit\" type=\"submit\" class=\"passster-submit\" data-psid=\"ps-287\" data-post-id=\"1119\" data-term-id=\"0\" \n                    data-submit=\"...Checking Password\" data-redirect=\"\">Freischalten\n            <\/button>\n            <div class=\"passster-error\"><\/div>\n        <\/fieldset>\n    <\/form>\n<\/div>\n\n<hr>\n<h3><strong>23.6.18 Val Marzon e CAI1107<br \/>\n<\/strong><\/h3>\n<p>Tag Vier und ich habe ein\u00a0 D\u00e9j\u00e0vu. Schon wieder die gleiche Strecke? Mittlerweile kenn ich jede Kehre, merke jedes Prozent Steigung und habe denselben Tretrhytmus wie die Tage zuvor. Bis Lavaredoh\u00fctte wieder unver\u00e4ndert. Sogar einen Teil von Tag 2 wiederholt sich bis unterhalb des Lago Cengia. Doch diesmal folgte ein Kamikaze-Trail ins Val Cengia Richtung Val Marzon. Auf der Hochebne schl\u00e4ngelt sich der 1107 noch harmlos flowig, ehe er abrupt in die Tiefe abbricht. Ein schmaler Steig in gef\u00fchlten hundert Kehren. Immer den Abgrund im Auge durch einen schmalen Schlund. Dazu noch ger\u00f6lliger Untergrund. Leider hat die Vegetation die Monate zuvor dem Weg sehr zugesetzt. Viele kindskopfgro\u00dfe Felsbrocken versperrten den Weg. in der H\u00e4lfte der Abfahrt versperren dann Latschenkiefern den Weg und greifen zum Abstieg. Hier mu\u00dfte man enorm aufpassen. Und es wurde noch &#8220;schlimmer&#8221;: das untere Viertel w\u00e4re richtig flowig, wenn da nicht die H\u00e4nge der aufragenden Berge (Monte Cengia) abgegangen werden und den Weg weggerissen h\u00e4tten. Ein rei\u00dfender Bachlauf mu\u00dfte mehrmals \u00fcberquert werden. Im Val Cengia angekommen wollte ich die klassische Cadini Runde \u00fcber den Sentiero 121 abschlie\u00dfen und die 800hm noch in Angriff nehmen. Doch wie\u00b4s der Teufel will war auch dieser Weg wegen Reparaturarbeiten gesperrt. Ich traf auch leider niemand an, um mich \u00fcber den Zustand zu informieren. Also was tun? Ich fuhr ab ins Tal und folgte der Radroute (allerdings auch herrlich) um die Cadinigruppe und unter der Marmolale\/Sorapis Gruppe zur\u00fcck nach Misurina. Der letzte Anstieg hoch nach Misurina hatte es dann allerdings nochmals m\u00e4chtig in sich. Im nachhinein w\u00fcrde ich die klassiche Cadini Runde mit der Lavaredo Supertrailabfahrt bevorzugen. Aber ich komme wieder &#8211; das ist klar.<\/p>\n<div class=\"passster-form\" id=\"ps-418\">\n    <form class=\"password-form\" method=\"post\" autocomplete=\"off\" target=\"_top\">\n        <span class=\"ps-form-headline\">Gesch\u00fctzter Bereich<\/span>\n        <div class=\"ps-form-instructions-wrap\">Dieser Inhalt ist passwortgesch\u00fctzt. Bitte gib dein Passwort ein um den Inhalt freizuschalten.<\/div>\n        <fieldset>\n            <span class=\"ps-loader\" style=\"display:none;\"><img decoding=\"async\" src=\"https:\/\/blog.sickculture.de\/wp-content\/plugins\/content-protector\/assets\/public\/ps-loader.svg\" alt=\"\" \/><\/span>\n            <label for=\"input-ps-418\" style=\"display:none;\" class=\"passster-hidden\">Trage dein Passwort ein<\/label>\n            <input placeholder=\"Gib dein Passwort ein..\" type=\"password\" tabindex=\"1\" name=\"passster_password\"\n                   id=\"input-ps-418\" class=\"passster-password\" autocomplete=\"off\"\n                   data-protection-type=\"password\" data-list=\"[PASSSTER_LIST]\" data-lists=\"[PASSSTER_LISTS]\" data-area=\"[PASSSTER_AREA]\"\n                   data-protection=\"[PASSSTER_PROTECTION]\">\n            \n            <button name=\"submit\" type=\"submit\" class=\"passster-submit\" data-psid=\"ps-418\" data-post-id=\"1119\" data-term-id=\"0\" \n                    data-submit=\"...Checking Password\" data-redirect=\"\">Freischalten\n            <\/button>\n            <div class=\"passster-error\"><\/div>\n        <\/fieldset>\n    <\/form>\n<\/div>\n\n<div id=\"s3gt_translate_tooltip\" class=\"s3gt_translate_tooltip\" style=\"position: absolute; left: 10px; top: 64px; opacity: 0;\">\n<div id=\"s3gt_translate_tooltip_mini_logo\" class=\"s3gt_translate_tooltip_mini\" title=\"Markierten Text \u00fcbersetzen\"><\/div>\n<div id=\"s3gt_translate_tooltip_mini_sound\" class=\"s3gt_translate_tooltip_mini\" title=\"Abspielen\"><\/div>\n<div id=\"s3gt_translate_tooltip_mini_copy\" class=\"s3gt_translate_tooltip_mini\" title=\"In Zwischenablage kopieren\"><\/div>\n<\/div>\n<p>[\/vc_column_text][\/vc_column][\/vc_row][vc_row][vc_column][vc_text_separator title=&#8221;F A Z I T&#8221;][\/vc_column][\/vc_row][vc_row][vc_column][vc_column_text]Hammer-Traildays mit Bikebergsteigen &#8211; und es gibt noch viel mehr solcher Steige um die Drei Zinnen. Minimum f\u00fcnf habe ich noch auf meiner Liste und hier sprechen wir nur von dem Drei Zinnen Plateau. Hier gibt es noch die umliegenden Berge (Monte Piana, D\u00fcrrenstein, Hohe Gaisl, usw.) die auch sehr geniale BBS-Touren parat stellen. Ich liebe die Dolomiten, S\u00fcdtirol und deren Charme, nicht zu schweigen von deren K\u00f6stlichkeiten. Jedesmal eine Reise wert und mit R\u00fccksicht und Anpassung der Reisezeit auch gut machbar. Vielen Dank an dieser Stelle an meine Unterkunft Albergo Miralago (Misurina), was idealer Ausgangspunkt f\u00fcr diese Touren war.[\/vc_column_text][\/vc_column][\/vc_row][vc_row][vc_column]<div class=\"ult_exp_section_layer ult-adjust-bottom-margin  \" >\n\t<div id=\"uvc-exp-wrap-3640\"   data-ultimate-target='#uvc-exp-wrap-3640'  data-responsive-json-new='{\"font-size\":\"desktop:20px;\",\"line-height\":\"desktop:20px;\"}'  class=\"ult_exp_section  ult-responsive \" style=\"color:#ffffff;background-color:#1e73be;font-family:Alfa Slab One;font-weight:bold;  text-align:center;\" data-textcolor=\"#ffffff\"data-texthover=\"#333333\"data-icncolor=\"#333333\"data-ihover=\"#333333\"data-height=\"0\"data-cntbg=\"#1e73be\"data-cnthvrbg=\"#e5e5e5\"data-headerbg=\"#1e73be\"data-headerhover=\"#e5e5e5\"data-title=\"BILDER\"data-newtitle=\"BILDER\"data-icon=\"\"data-newicon=\"\"data-activeicon=\"#333333\"data-effect=\"slideToggle\"data-override=\"0\"data-activetitle=\"#333333\"data-activebg=\"#dbdbdb\"data-img=\"\"data-newimg=\"\"><div  class=\"ult_exp_section-main \">\n\t\t\t\t\t<div class=\"ult_expheader\" >BILDER\n\t\t\t\t\t <\/div><\/div>\n\t\t\t\t<\/div><div class=\"ult_exp_content \" style=\"background-color:#dbdbdb;  \"><div class=\"ult_ecpsub_cont\" style=\" \" >[vc_tta_tabs][vc_tta_section title=&#8221;CAI102&#8243; tab_id=&#8221;1625471535314-1596e84c-0ba7&#8243;][vc_column_text]<\/p>\n\n\t\t<style type=\"text\/css\">\n\t\t\t#gallery-1 {\n\t\t\t\tmargin: auto;\n\t\t\t}\n\t\t\t#gallery-1 .gallery-item {\n\t\t\t\tfloat: left;\n\t\t\t\tmargin-top: 10px;\n\t\t\t\ttext-align: center;\n\t\t\t\twidth: 100%;\n\t\t\t}\n\t\t\t#gallery-1 img {\n\t\t\t\tborder: 2px solid #cfcfcf;\n\t\t\t}\n\t\t\t#gallery-1 .gallery-caption {\n\t\t\t\tmargin-left: 0;\n\t\t\t}\n\t\t\t\/* see gallery_shortcode() in wp-includes\/media.php *\/\n\t\t<\/style>\n\t\t<div id='gallery-1' class='gallery galleryid-1119 gallery-columns-0 gallery-size-thumbnail'><dl class='gallery-item'>\n\t\t\t<dt class='gallery-icon landscape'>\n\t\t\t\t<a href='https:\/\/blog.sickculture.de\/?attachment_id=1120'><img loading=\"lazy\" decoding=\"async\" width=\"150\" height=\"150\" src=\"https:\/\/blog.sickculture.de\/wp-content\/uploads\/2018\/06\/TreCimeTraildays-150x150.jpg\" class=\"attachment-thumbnail size-thumbnail\" alt=\"\" \/><\/a>\n\t\t\t<\/dt><\/dl>\n\t\t<\/div>\n\n<p>[\/vc_column_text][\/vc_tta_section][vc_tta_section title=&#8221;B\u00fcllejoch&#8221; tab_id=&#8221;1625471535334-7f8ba2d0-8a3e&#8221;][vc_column_text]<\/p>\n\n\t\t<style type=\"text\/css\">\n\t\t\t#gallery-2 {\n\t\t\t\tmargin: auto;\n\t\t\t}\n\t\t\t#gallery-2 .gallery-item {\n\t\t\t\tfloat: left;\n\t\t\t\tmargin-top: 10px;\n\t\t\t\ttext-align: center;\n\t\t\t\twidth: 100%;\n\t\t\t}\n\t\t\t#gallery-2 img {\n\t\t\t\tborder: 2px solid #cfcfcf;\n\t\t\t}\n\t\t\t#gallery-2 .gallery-caption {\n\t\t\t\tmargin-left: 0;\n\t\t\t}\n\t\t\t\/* see gallery_shortcode() in wp-includes\/media.php *\/\n\t\t<\/style>\n\t\t<div id='gallery-2' class='gallery galleryid-1119 gallery-columns-0 gallery-size-thumbnail'><dl class='gallery-item'>\n\t\t\t<dt class='gallery-icon landscape'>\n\t\t\t\t<a href='https:\/\/blog.sickculture.de\/?attachment_id=1120'><img loading=\"lazy\" decoding=\"async\" width=\"150\" height=\"150\" src=\"https:\/\/blog.sickculture.de\/wp-content\/uploads\/2018\/06\/TreCimeTraildays-150x150.jpg\" class=\"attachment-thumbnail size-thumbnail\" alt=\"\" \/><\/a>\n\t\t\t<\/dt><\/dl>\n\t\t<\/div>\n\n<p>[\/vc_column_text][\/vc_tta_section][vc_tta_section title=&#8221;CAI105&#8243; tab_id=&#8221;1625471537390-821545c5-5210&#8243;][vc_column_text]<\/p>\n\n\t\t<style type=\"text\/css\">\n\t\t\t#gallery-3 {\n\t\t\t\tmargin: auto;\n\t\t\t}\n\t\t\t#gallery-3 .gallery-item {\n\t\t\t\tfloat: left;\n\t\t\t\tmargin-top: 10px;\n\t\t\t\ttext-align: center;\n\t\t\t\twidth: 100%;\n\t\t\t}\n\t\t\t#gallery-3 img {\n\t\t\t\tborder: 2px solid #cfcfcf;\n\t\t\t}\n\t\t\t#gallery-3 .gallery-caption {\n\t\t\t\tmargin-left: 0;\n\t\t\t}\n\t\t\t\/* see gallery_shortcode() in wp-includes\/media.php *\/\n\t\t<\/style>\n\t\t<div id='gallery-3' class='gallery galleryid-1119 gallery-columns-0 gallery-size-thumbnail'><dl class='gallery-item'>\n\t\t\t<dt class='gallery-icon landscape'>\n\t\t\t\t<a href='https:\/\/blog.sickculture.de\/?attachment_id=1120'><img loading=\"lazy\" decoding=\"async\" width=\"150\" height=\"150\" src=\"https:\/\/blog.sickculture.de\/wp-content\/uploads\/2018\/06\/TreCimeTraildays-150x150.jpg\" class=\"attachment-thumbnail size-thumbnail\" alt=\"\" \/><\/a>\n\t\t\t<\/dt><\/dl>\n\t\t<\/div>\n\n<p>[\/vc_column_text][\/vc_tta_section][vc_tta_section title=&#8221;CAI1107&#8243; tab_id=&#8221;1625471538438-f26b7739-395a&#8221;][vc_column_text]<\/p>\n\n\t\t<style type=\"text\/css\">\n\t\t\t#gallery-4 {\n\t\t\t\tmargin: auto;\n\t\t\t}\n\t\t\t#gallery-4 .gallery-item {\n\t\t\t\tfloat: left;\n\t\t\t\tmargin-top: 10px;\n\t\t\t\ttext-align: center;\n\t\t\t\twidth: 100%;\n\t\t\t}\n\t\t\t#gallery-4 img {\n\t\t\t\tborder: 2px solid #cfcfcf;\n\t\t\t}\n\t\t\t#gallery-4 .gallery-caption {\n\t\t\t\tmargin-left: 0;\n\t\t\t}\n\t\t\t\/* see gallery_shortcode() in wp-includes\/media.php *\/\n\t\t<\/style>\n\t\t<div id='gallery-4' class='gallery galleryid-1119 gallery-columns-0 gallery-size-thumbnail'><dl class='gallery-item'>\n\t\t\t<dt class='gallery-icon landscape'>\n\t\t\t\t<a href='https:\/\/blog.sickculture.de\/?attachment_id=1120'><img loading=\"lazy\" decoding=\"async\" width=\"150\" height=\"150\" src=\"https:\/\/blog.sickculture.de\/wp-content\/uploads\/2018\/06\/TreCimeTraildays-150x150.jpg\" class=\"attachment-thumbnail size-thumbnail\" alt=\"\" \/><\/a>\n\t\t\t<\/dt><\/dl>\n\t\t<\/div>\n\n<p>[\/vc_column_text][\/vc_tta_section][\/vc_tta_tabs]<\/div><\/div>\n\n\t\t\t<\/div>[\/vc_column][\/vc_row]<\/p>\n<\/section>","protected":false},"excerpt":{"rendered":"<p>[vc_row][vc_column][vc_column_text] Auf den Spuren der Alpinis und Kaiserj\u00e4ger Tre Cime Lavaredo 20.-24. Juni 2018 \u00a0 Die Monti Pallidi in seiner sch\u00f6nsten Pracht &#8211; an einem der bekanntesten Gebirgsregion der Alpen. Die Sextner Dolomiten mit den UNESCO Weltkulturerbe &#8220;Drei Zinnen&#8221; ist eine f\u00fcr Biker empfindliche Region, aber auch eine der sch\u00f6nsten \u2026 <a class=\"continue-reading-link\" href=\"https:\/\/blog.sickculture.de\/?page_id=1119\"> Continue reading<\/a><\/p>\n","protected":false},"author":1,"featured_media":0,"parent":90,"menu_order":0,"comment_status":"closed","ping_status":"closed","template":"","meta":{"_s2mail":"yes","ngg_post_thumbnail":0,"footnotes":""},"categories":[15,4],"class_list":["post-1119","page","type-page","status-publish","hentry","category-15","category-mountainbike"],"jetpack_shortlink":"https:\/\/wp.me\/P7EPUT-i3","jetpack_sharing_enabled":true,"_links":{"self":[{"href":"https:\/\/blog.sickculture.de\/index.php?rest_route=\/wp\/v2\/pages\/1119","targetHints":{"allow":["GET"]}}],"collection":[{"href":"https:\/\/blog.sickculture.de\/index.php?rest_route=\/wp\/v2\/pages"}],"about":[{"href":"https:\/\/blog.sickculture.de\/index.php?rest_route=\/wp\/v2\/types\/page"}],"author":[{"embeddable":true,"href":"https:\/\/blog.sickculture.de\/index.php?rest_route=\/wp\/v2\/users\/1"}],"replies":[{"embeddable":true,"href":"https:\/\/blog.sickculture.de\/index.php?rest_route=%2Fwp%2Fv2%2Fcomments&post=1119"}],"version-history":[{"count":9,"href":"https:\/\/blog.sickculture.de\/index.php?rest_route=\/wp\/v2\/pages\/1119\/revisions"}],"predecessor-version":[{"id":1593,"href":"https:\/\/blog.sickculture.de\/index.php?rest_route=\/wp\/v2\/pages\/1119\/revisions\/1593"}],"up":[{"embeddable":true,"href":"https:\/\/blog.sickculture.de\/index.php?rest_route=\/wp\/v2\/pages\/90"}],"wp:attachment":[{"href":"https:\/\/blog.sickculture.de\/index.php?rest_route=%2Fwp%2Fv2%2Fmedia&parent=1119"}],"wp:term":[{"taxonomy":"category","embeddable":true,"href":"https:\/\/blog.sickculture.de\/index.php?rest_route=%2Fwp%2Fv2%2Fcategories&post=1119"}],"curies":[{"name":"wp","href":"https:\/\/api.w.org\/{rel}","templated":true}]}}