{"id":1128,"date":"2018-07-02T10:31:02","date_gmt":"2018-07-02T10:31:02","guid":{"rendered":"http:\/\/blog.sickculture.de\/?page_id=1128"},"modified":"2021-07-05T07:52:03","modified_gmt":"2021-07-05T07:52:03","slug":"2017-10-friederspitz-bbs-2","status":"publish","type":"page","link":"https:\/\/blog.sickculture.de\/?page_id=1128","title":{"rendered":"2018.07 Notkarspitze BBS"},"content":{"rendered":"<section class=\"wpb-content-wrapper\"><p>[vc_row][vc_column][vc_column_text][pe2-image src=&#8221;https:\/\/lh3.googleusercontent.com\/-t3KhSfYrfrM\/Wzn5nfNJXCI\/AAAAAAAAj3o\/BDNJONW5L_8zVeEfpe6JSyVQ9W8njx5PACCoYBhgL\/s144-c-o\/20180701_130346_0088__DSC1114_Screen.jpg&#8221; href=&#8221;https:\/\/picasaweb.google.com\/112885246866780528333\/6573559586601385345#6573559587910802466&#8243; caption=&#8221;&#8221; type=&#8221;image&#8221; alt=&#8221;20180701_130346_0088__DSC1114_Screen.jpg&#8221; ]<\/p>\n<p class=\"clear\">\n<h4 class=\"clear\" style=\"text-align: center;\"><span style=\"color: #808080;\"><strong>Bikebergsteigen in den Ammergauer Alpen<\/strong><\/span><span style=\"color: #0000ff;\"><strong><br \/>\n<\/strong><\/span><\/h4>\n<h1 style=\"text-align: center;\"><strong><span style=\"color: #0000ff;\"><span style=\"color: #3366ff;\">Notkarspitze<\/span><br \/>\n<\/span><\/strong><\/h1>\n<h4 style=\"text-align: center;\">Garmisch<\/h4>\n<h2 style=\"text-align: center;\"><span style=\"color: #808080;\">1. Juli 2018<br \/>\n<\/span><\/h2>\n<hr>\n<p>Ein Wanderklassiker wollte ich diesmal unter die Stollen nehmen und entschied mich f\u00fcr die Notkarspitze.[\/vc_column_text][\/vc_column][\/vc_row][vc_row][vc_column][vc_text_separator title=&#8221;B E S C H R E I B U N G&#8221;][\/vc_column][\/vc_row][vc_row][vc_column][vc_column_text]&#8221;Zur Not ein spitzen Kar und ein Schaf k\u00f6pfen&#8221; &#8211; so in etwa k\u00f6nnte eine Andeutung unter BBS-Bikern auf die Tour lauten. Gestartet bin ich zusammen mit meiner Schwester und Vinnie, die allerdings zum Wandern gingen, vom Pflegersee-Parkplatz. Die ersten 500hm folgen der Standard Enningalm Auffahrt, danach zweigt ein Forstweg rechts zum Gie\u00dfenbachsattel und zur Notkarspitze ab. Die folgenden 200hm zum Sattel sind extrem steil (>20%) und mu\u00dften geschoben werden. Dann rauscht man ein klein wenig bergab zur Ro\u00dfalm. Hier nicht auf dem Forstweg weiterfahren (Sackgasse), sondern an der Alm links den Grasweg hoch. Nach ein paar Metern sieht man das Schild zum Hasenj\u00f6chl und Notkarspitze. Der Pfad ist anfangs noch eben, steigt dann aber in Kehren \u00fcber Abs\u00e4tze, gr\u00f6\u00dferen Steinen und Wurzeln nach oben. Am Hasenj\u00f6chl wird der Pfad dann ausgesetzter und das Bike mu\u00df durch Latschenkiefern getragen werden. Insgesamt gute 500hm Tragepassage bis zum Gipfel. Ich habe mein Bike gute 100hm unterhalb des Gipfels abgestellt, da zuviele Wanderer unterwegs waren und der Weg in einem kurzen Abschnitt zu steil und ger\u00f6llig war. Oben w\u00e4re es ein klasse Trail gewesen und die 50-100hm h\u00e4tte ich auch bergab schieben k\u00f6nnen. Egal &#8211; Aussicht am Gipfel war leider nicht ganz so prickelnd. Dann folgte die technische Abfahrt im S2-S3 Bereich bis zur Ro\u00dfalm. Am Gie\u00dfenbachsattel zweigt links die Strecke zum Schafkopf ab. Da wir uns allerdings am Parkplatz zeitlich verabredet haben, mu\u00dfte ich mich leider gegen den Schafkopftrail entscheiden und zur\u00fcck zum Pflegersee fahren. Im Ganzen trotzdem eine geniale Linie an der Notkarspitze. Respekt vor denen, die komplett durchfahren. Br\u00fcnstelkopf w\u00e4re dann die n\u00e4chste Option in den Ammergauer Alpen&#8230;<\/p>\n<div class=\"passster-form\" id=\"ps-664\">\n    <form class=\"password-form\" method=\"post\" autocomplete=\"off\" target=\"_top\">\n        <span class=\"ps-form-headline\">Gesch\u00fctzter Bereich<\/span>\n        <div class=\"ps-form-instructions-wrap\">Dieser Inhalt ist passwortgesch\u00fctzt. Bitte gib dein Passwort ein um den Inhalt freizuschalten.<\/div>\n        <fieldset>\n            <span class=\"ps-loader\" style=\"display:none;\"><img decoding=\"async\" src=\"https:\/\/blog.sickculture.de\/wp-content\/plugins\/content-protector\/assets\/public\/ps-loader.svg\" alt=\"\" \/><\/span>\n            <label for=\"input-ps-664\" style=\"display:none;\" class=\"passster-hidden\">Trage dein Passwort ein<\/label>\n            <input placeholder=\"Gib dein Passwort ein..\" type=\"password\" tabindex=\"1\" name=\"passster_password\"\n                   id=\"input-ps-664\" class=\"passster-password\" autocomplete=\"off\"\n                   data-protection-type=\"password\" data-list=\"[PASSSTER_LIST]\" data-lists=\"[PASSSTER_LISTS]\" data-area=\"[PASSSTER_AREA]\"\n                   data-protection=\"[PASSSTER_PROTECTION]\">\n            \n            <button name=\"submit\" type=\"submit\" class=\"passster-submit\" data-psid=\"ps-664\" data-post-id=\"1128\" data-term-id=\"0\" \n                    data-submit=\"...Checking Password\" data-redirect=\"\">Freischalten\n            <\/button>\n            <div class=\"passster-error\"><\/div>\n        <\/fieldset>\n    <\/form>\n<\/div>\n[\/vc_column_text][\/vc_column][\/vc_row][vc_row][vc_column][vc_text_separator title=&#8221;F A Z I T&#8221;][\/vc_column][\/vc_row][vc_row][vc_column][vc_column_text]Eine sch\u00f6ne BBS Tour. Zwar mehr Schiebe\/Tragestellen bergauf, aber ein technischer Downhill Trail mit perfektem Panorama (bei gutem Wetter). Allerdings \u00fcberlaufen.[\/vc_column_text][\/vc_column][\/vc_row][vc_row][vc_column]<div class=\"ult_exp_section_layer ult-adjust-bottom-margin  \" >\n\t<div id=\"uvc-exp-wrap-3105\"   data-ultimate-target='#uvc-exp-wrap-3105'  data-responsive-json-new='{\"font-size\":\"desktop:20px;\",\"line-height\":\"desktop:20px;\"}'  class=\"ult_exp_section  ult-responsive \" style=\"color:#ffffff;background-color:#1e73be;font-family:Alfa Slab One;font-weight:bold;  text-align:center;\" data-textcolor=\"#ffffff\"data-texthover=\"#333333\"data-icncolor=\"#333333\"data-ihover=\"#333333\"data-height=\"0\"data-cntbg=\"#1e73be\"data-cnthvrbg=\"#e5e5e5\"data-headerbg=\"#1e73be\"data-headerhover=\"#e5e5e5\"data-title=\"BILDER\"data-newtitle=\"BILDER\"data-icon=\"\"data-newicon=\"\"data-activeicon=\"#333333\"data-effect=\"slideToggle\"data-override=\"0\"data-activetitle=\"#333333\"data-activebg=\"#dbdbdb\"data-img=\"\"data-newimg=\"\"><div  class=\"ult_exp_section-main \">\n\t\t\t\t\t<div class=\"ult_expheader\" >BILDER\n\t\t\t\t\t <\/div><\/div>\n\t\t\t\t<\/div><div class=\"ult_exp_content \" style=\"background-color:#dbdbdb;  \"><div class=\"ult_ecpsub_cont\" style=\" \" >[vc_column_text]<\/p>\n\n<p>[\/vc_column_text]<\/div><\/div>\n\n\t\t\t<\/div>[\/vc_column][\/vc_row]<\/p>\n<\/section>","protected":false},"excerpt":{"rendered":"<p>[vc_row][vc_column][vc_column_text][pe2-image src=&#8221;https:\/\/lh3.googleusercontent.com\/-t3KhSfYrfrM\/Wzn5nfNJXCI\/AAAAAAAAj3o\/BDNJONW5L_8zVeEfpe6JSyVQ9W8njx5PACCoYBhgL\/s144-c-o\/20180701_130346_0088__DSC1114_Screen.jpg&#8221; href=&#8221;https:\/\/picasaweb.google.com\/112885246866780528333\/6573559586601385345#6573559587910802466&#8243; caption=&#8221;&#8221; type=&#8221;image&#8221; alt=&#8221;20180701_130346_0088__DSC1114_Screen.jpg&#8221; ] Bikebergsteigen in den Ammergauer Alpen Notkarspitze Garmisch 1. Juli 2018 Ein Wanderklassiker wollte ich diesmal unter die Stollen nehmen und entschied mich f\u00fcr die Notkarspitze.[\/vc_column_text][\/vc_column][\/vc_row][vc_row][vc_column][vc_text_separator title=&#8221;B E S C H R E I B U N G&#8221;][\/vc_column][\/vc_row][vc_row][vc_column][vc_column_text]&#8221;Zur Not ein spitzen Kar und ein \u2026 <a class=\"continue-reading-link\" href=\"https:\/\/blog.sickculture.de\/?page_id=1128\"> Continue reading<\/a><\/p>\n","protected":false},"author":1,"featured_media":0,"parent":90,"menu_order":0,"comment_status":"closed","ping_status":"closed","template":"","meta":{"_s2mail":"yes","ngg_post_thumbnail":0,"footnotes":""},"categories":[15,4],"class_list":["post-1128","page","type-page","status-publish","hentry","category-15","category-mountainbike"],"jetpack_shortlink":"https:\/\/wp.me\/P7EPUT-ic","jetpack_sharing_enabled":true,"_links":{"self":[{"href":"https:\/\/blog.sickculture.de\/index.php?rest_route=\/wp\/v2\/pages\/1128","targetHints":{"allow":["GET"]}}],"collection":[{"href":"https:\/\/blog.sickculture.de\/index.php?rest_route=\/wp\/v2\/pages"}],"about":[{"href":"https:\/\/blog.sickculture.de\/index.php?rest_route=\/wp\/v2\/types\/page"}],"author":[{"embeddable":true,"href":"https:\/\/blog.sickculture.de\/index.php?rest_route=\/wp\/v2\/users\/1"}],"replies":[{"embeddable":true,"href":"https:\/\/blog.sickculture.de\/index.php?rest_route=%2Fwp%2Fv2%2Fcomments&post=1128"}],"version-history":[{"count":5,"href":"https:\/\/blog.sickculture.de\/index.php?rest_route=\/wp\/v2\/pages\/1128\/revisions"}],"predecessor-version":[{"id":1592,"href":"https:\/\/blog.sickculture.de\/index.php?rest_route=\/wp\/v2\/pages\/1128\/revisions\/1592"}],"up":[{"embeddable":true,"href":"https:\/\/blog.sickculture.de\/index.php?rest_route=\/wp\/v2\/pages\/90"}],"wp:attachment":[{"href":"https:\/\/blog.sickculture.de\/index.php?rest_route=%2Fwp%2Fv2%2Fmedia&parent=1128"}],"wp:term":[{"taxonomy":"category","embeddable":true,"href":"https:\/\/blog.sickculture.de\/index.php?rest_route=%2Fwp%2Fv2%2Fcategories&post=1128"}],"curies":[{"name":"wp","href":"https:\/\/api.w.org\/{rel}","templated":true}]}}