{"id":1134,"date":"2018-07-17T12:29:46","date_gmt":"2018-07-17T12:29:46","guid":{"rendered":"http:\/\/blog.sickculture.de\/?page_id=1134"},"modified":"2021-07-05T07:51:48","modified_gmt":"2021-07-05T07:51:48","slug":"2017-10-friederspitz-bbs-2-2","status":"publish","type":"page","link":"https:\/\/blog.sickculture.de\/?page_id=1134","title":{"rendered":"2018.07 N\u00f6rdlinger H\u00fctte BBS"},"content":{"rendered":"<section class=\"wpb-content-wrapper\"><p>[vc_row][vc_column][vc_column_text][pe2-image src=&#8221;https:\/\/lh3.googleusercontent.com\/-lLd7af8wtjs\/W03anpt4WGI\/AAAAAAAAj7w\/55Z5g7m_fpcsz9ZmXH1zeQDxtUIOUgUZQCCoYBhgL\/s144-c-o\/_DSC1299_Screen.jpg&#8221; href=&#8221;https:\/\/picasaweb.google.com\/112885246866780528333\/6579155006210005233#6579155005406206050&#8243; caption=&#8221;&#8221; type=&#8221;image&#8221; alt=&#8221;_DSC1299_Screen.jpg&#8221; ]<\/p>\n<p class=\"clear\">\n<h4 class=\"clear\" style=\"text-align: center;\"><span style=\"color: #808080;\"><strong>Bikebergsteigen vor den Toren Innsbrucks<\/strong><\/span><span style=\"color: #0000ff;\"><strong><br \/>\n<\/strong><\/span><\/h4>\n<h1 style=\"text-align: center;\"><strong><span style=\"color: #0000ff;\"><span style=\"color: #3366ff;\">N\u00f6rdlinger H\u00fctte<\/span><br \/>\n<\/span><\/strong><\/h1>\n<h4 style=\"text-align: center;\">Seefeld<\/h4>\n<h2 style=\"text-align: center;\"><span style=\"color: #808080;\">14. Juli 2018<br \/>\n<\/span><\/h2>\n<hr>\n<p>Leider nur die einzige Biketour im letzten Urlaub in Seefeld, allerdings sowas von genial. Dazu noch in Top Begleitung![\/vc_column_text][\/vc_column][\/vc_row][vc_row][vc_column][vc_text_separator title=&#8221;B E S C H R E I B U N G&#8221;][\/vc_column][\/vc_row][vc_row][vc_column][vc_column_text]Irgendwie l\u00e4uft im Jahr 2018 nichts richtig gut. Da plant man tagelang vorm PC, durchsucht das Netz nach holy Trails, stellt sich sein Men\u00fc f\u00fcr 5 Tage Biken zusammen, findet das passende Hotel und dann bricht das gebastelte Kartenhaus in einem Schlag zusammen. Aus der Plan! Bei der Hinfahrt streikt der (2. neue) Motor in meinem Kombi. Tag 1 im Urlaub Katastrophe, Tag 2 nicht viel besser, da die Nerven blank lagen und in diesem Zustand eine BBS Tour nicht ratsam gewesen w\u00e4re. Die beiden Tage nat\u00fcrlich im besten Wetter verpasst. Na gut, am dritten Tag war das Nervenkost\u00fcm wieder halbwegs fit und eine Tour am Hausberg mu\u00dfte gemacht werden. So stieg ich die ersten H\u00f6henmeter in die Bahn bis zur Rossh\u00fctte. Oben traf ich eine kleine Gruppe Biker, dich nach dem Wegverlauf meiner gedachten Tour ausfragte. Ich h\u00f6rte anstrengend, gache Tour, teilweise sinnlos das Bike dort zu bewegen. Hmm, also doch eine entsch\u00e4rfte Tour fahren? So lie\u00df ich den ersten Gipfelsturm aus und folgte dem steilen Anstieg zum Seefelder Joch auf einer Skipiste, ehe rechts der H\u00f6henweg in Reitherkar abzweigte. Hier sto\u00df ich auf die drei Herren, die mir dann anboten mit ihnen zu gehen, da unser Ziel dasselbe w\u00e4re und ich dann immer noch entscheiden k\u00f6nne. Ich wollte kein Laster sein, aber lie\u00df gerne \u00fcberzeugen. Irgendwie waren mir die Vornamen der Herren bekannt und als ich ihnen lauschte, fielen bekannte Namen aus dem Netz. So bildeten wir ein Quartet verr\u00fcckter Bike-auf-Rucksack-Leger und wanderten mit \u00dcbergep\u00e4ck zum Abzweig ins Reitherkar. Dort rauf soll\u00b4s gehen? Oder doch um den Berg rum und von der anderen Seite hoch? Das gro\u00dfe Tourenportfolio in Harri\u00b4s Kopf und dessen Erfahrung wies uns den Weg \u00fcber\u00b4s Kar. Auf dem Weg trafen wir auf eine Mehrk\u00f6pfige Wandertruppe aus Fernost, deren Trittsicherheit sehr zu w\u00fcnschen l\u00e4sst! Und das noch mit Bergf\u00fchrerin. Naja &#8211; anderes Thema &#8211; da war es uns mit \u00dcbergep\u00e4ck angenehmer und sicherer auf dem Weg als der Wandergruppe aus Fernost. Am Joch angekommen hie\u00df es dann Wegplanung die zweite. Michi und Harri entschlossen sich die Reitherspitze zu besteigen. Die erste H\u00fcrte geht \u00fcber eine Leiter mit Seilsicherung und dann steil im alpinen Gel\u00e4nde nach oben. F\u00fcr mich eine Nummer zu heftig. Ulf kannte den Weg und meinte, das macht keinen Sinn. Da tr\u00e4gt man hoch, ver\u00e4rgert die hohe Anzahl an Wanderer und tr\u00e4gt wieder runter, da zu schwierig. Also begleitete mich Ulf auf dem unteren exponierten H\u00f6henweg zur N\u00f6rdlinger H\u00fctte. Nicht weniger anstrengend und ungef\u00e4hrlich erreichten wir auf schmalen Pfad und hohen Stufen die H\u00fctte. Harri und Michi waren sogar um einiges schneller. Wir st\u00e4rkten unsere M\u00e4gen und frischten unserer Nervenkost\u00fcm auf, ehe wir auf einem holy Trail Richtung S\u00fcdwest am Kamm nach Hochzirl abfuhren. Immer wieder mit Schl\u00fcsselstellen, dann wieder Spitzkehre und flowiger Passage. Sehr abwechslungsreich und kaum H\u00f6henmeter schossen wir gen Tal. Harri und Ulf kennen die Trails wie aus der Westentasche. Hammer Abfahrt und dann noch eine geheime Schlussetappe aus Harri\u00b4s Wissensschatz. So kamen wir nach gut 1800 Tiefenmeter oberhalb von Zirl raus und mu\u00dften die letzten H\u00f6henmeter nach Hochzirl auf Asphalt zur\u00fccklegen. Ehrlich gesagt: ich war platt, w\u00e4hrend die Jungs das anscheind gewohnt sind. Im Zug gings dann zur\u00fcck nach Seefeld und nach feierlichem Bierchen und Austausch der Kontaktdaten trennten sich unsere Wege.<\/p>\n<div class=\"passster-form\" id=\"ps-55\">\n    <form class=\"password-form\" method=\"post\" autocomplete=\"off\" target=\"_top\">\n        <span class=\"ps-form-headline\">Gesch\u00fctzter Bereich<\/span>\n        <div class=\"ps-form-instructions-wrap\">Dieser Inhalt ist passwortgesch\u00fctzt. Bitte gib dein Passwort ein um den Inhalt freizuschalten.<\/div>\n        <fieldset>\n            <span class=\"ps-loader\" style=\"display:none;\"><img decoding=\"async\" src=\"https:\/\/blog.sickculture.de\/wp-content\/plugins\/content-protector\/assets\/public\/ps-loader.svg\" alt=\"\" \/><\/span>\n            <label for=\"input-ps-55\" style=\"display:none;\" class=\"passster-hidden\">Trage dein Passwort ein<\/label>\n            <input placeholder=\"Gib dein Passwort ein..\" type=\"password\" tabindex=\"1\" name=\"passster_password\"\n                   id=\"input-ps-55\" class=\"passster-password\" autocomplete=\"off\"\n                   data-protection-type=\"password\" data-list=\"[PASSSTER_LIST]\" data-lists=\"[PASSSTER_LISTS]\" data-area=\"[PASSSTER_AREA]\"\n                   data-protection=\"[PASSSTER_PROTECTION]\">\n            \n            <button name=\"submit\" type=\"submit\" class=\"passster-submit\" data-psid=\"ps-55\" data-post-id=\"1134\" data-term-id=\"0\" \n                    data-submit=\"...Checking Password\" data-redirect=\"\">Freischalten\n            <\/button>\n            <div class=\"passster-error\"><\/div>\n        <\/fieldset>\n    <\/form>\n<\/div>\n\n<div id=\"s3gt_translate_tooltip_mini\" class=\"s3gt_translate_tooltip_mini_box\" style=\"background: initial !important; border: initial !important; border-radius: initial !important; border-spacing: initial !important; border-collapse: initial !important; direction: ltr !important; flex-direction: initial !important; font-weight: initial !important; height: initial !important; letter-spacing: initial !important; min-width: initial !important; max-width: initial !important; min-height: initial !important; max-height: initial !important; margin: auto !important; outline: initial !important; padding: initial !important; position: absolute; table-layout: initial !important; text-align: initial !important; text-shadow: initial !important; width: initial !important; word-break: initial !important; word-spacing: initial !important; overflow-wrap: initial !important; box-sizing: initial !important; display: initial !important; color: inherit !important; font-size: 13px !important; font-family: X-LocaleSpecific, sans-serif, Tahoma, Helvetica !important; line-height: 13px !important; vertical-align: top !important; white-space: inherit !important; left: 50px; top: 35px; opacity: 0.75;\">\n<div id=\"s3gt_translate_tooltip_mini_logo\" class=\"s3gt_translate_tooltip_mini\" title=\"Markierten Text \u00fcbersetzen\"><\/div>\n<div id=\"s3gt_translate_tooltip_mini_sound\" class=\"s3gt_translate_tooltip_mini\" title=\"Abspielen\"><\/div>\n<div id=\"s3gt_translate_tooltip_mini_copy\" class=\"s3gt_translate_tooltip_mini\" title=\"In Zwischenablage kopieren\"><\/div>\n<\/div>\n<p>[\/vc_column_text][\/vc_column][\/vc_row][vc_row][vc_column][vc_text_separator title=&#8221;F A Z I T&#8221;][\/vc_column][\/vc_row][vc_row][vc_column][vc_column_text]Urlaubsanfang war bescheiden &#8211; Punkt. Diese Tour allerdings genial und ich freute mich, mit den Herren Ulf Bach, Harri Sigler und Michi Frese einen hammer Trailtag gemeinsam zu erlebt und die Trails gerockt zu haben.[\/vc_column_text][\/vc_column][\/vc_row][vc_row][vc_column]<div class=\"ult_exp_section_layer ult-adjust-bottom-margin  \" >\n\t<div id=\"uvc-exp-wrap-8709\"   data-ultimate-target='#uvc-exp-wrap-8709'  data-responsive-json-new='{\"font-size\":\"desktop:20px;\",\"line-height\":\"desktop:20px;\"}'  class=\"ult_exp_section  ult-responsive \" style=\"color:#ffffff;background-color:#1e73be;font-family:Alfa Slab One;font-weight:bold;  text-align:center;\" data-textcolor=\"#ffffff\"data-texthover=\"#333333\"data-icncolor=\"#333333\"data-ihover=\"#333333\"data-height=\"0\"data-cntbg=\"#1e73be\"data-cnthvrbg=\"#e5e5e5\"data-headerbg=\"#1e73be\"data-headerhover=\"#e5e5e5\"data-title=\"BILDER\"data-newtitle=\"BILDER\"data-icon=\"\"data-newicon=\"\"data-activeicon=\"#333333\"data-effect=\"slideToggle\"data-override=\"0\"data-activetitle=\"#333333\"data-activebg=\"#dbdbdb\"data-img=\"\"data-newimg=\"\"><div  class=\"ult_exp_section-main \">\n\t\t\t\t\t<div class=\"ult_expheader\" >BILDER\n\t\t\t\t\t <\/div><\/div>\n\t\t\t\t<\/div><div class=\"ult_exp_content \" style=\"background-color:#dbdbdb;  \"><div class=\"ult_ecpsub_cont\" style=\" \" >[vc_column_text]<\/p>\n\n<p>[\/vc_column_text]<\/div><\/div>\n\n\t\t\t<\/div>[\/vc_column][\/vc_row]<\/p>\n<\/section>","protected":false},"excerpt":{"rendered":"<p>[vc_row][vc_column][vc_column_text][pe2-image src=&#8221;https:\/\/lh3.googleusercontent.com\/-lLd7af8wtjs\/W03anpt4WGI\/AAAAAAAAj7w\/55Z5g7m_fpcsz9ZmXH1zeQDxtUIOUgUZQCCoYBhgL\/s144-c-o\/_DSC1299_Screen.jpg&#8221; href=&#8221;https:\/\/picasaweb.google.com\/112885246866780528333\/6579155006210005233#6579155005406206050&#8243; caption=&#8221;&#8221; type=&#8221;image&#8221; alt=&#8221;_DSC1299_Screen.jpg&#8221; ] Bikebergsteigen vor den Toren Innsbrucks N\u00f6rdlinger H\u00fctte Seefeld 14. Juli 2018 Leider nur die einzige Biketour im letzten Urlaub in Seefeld, allerdings sowas von genial. Dazu noch in Top Begleitung![\/vc_column_text][\/vc_column][\/vc_row][vc_row][vc_column][vc_text_separator title=&#8221;B E S C H R E I B U N G&#8221;][\/vc_column][\/vc_row][vc_row][vc_column][vc_column_text]Irgendwie l\u00e4uft \u2026 <a class=\"continue-reading-link\" href=\"https:\/\/blog.sickculture.de\/?page_id=1134\"> Continue reading<\/a><\/p>\n","protected":false},"author":1,"featured_media":0,"parent":90,"menu_order":0,"comment_status":"closed","ping_status":"closed","template":"","meta":{"_s2mail":"yes","ngg_post_thumbnail":0,"footnotes":""},"categories":[15,4],"class_list":["post-1134","page","type-page","status-publish","hentry","category-15","category-mountainbike"],"jetpack_shortlink":"https:\/\/wp.me\/P7EPUT-ii","jetpack_sharing_enabled":true,"_links":{"self":[{"href":"https:\/\/blog.sickculture.de\/index.php?rest_route=\/wp\/v2\/pages\/1134","targetHints":{"allow":["GET"]}}],"collection":[{"href":"https:\/\/blog.sickculture.de\/index.php?rest_route=\/wp\/v2\/pages"}],"about":[{"href":"https:\/\/blog.sickculture.de\/index.php?rest_route=\/wp\/v2\/types\/page"}],"author":[{"embeddable":true,"href":"https:\/\/blog.sickculture.de\/index.php?rest_route=\/wp\/v2\/users\/1"}],"replies":[{"embeddable":true,"href":"https:\/\/blog.sickculture.de\/index.php?rest_route=%2Fwp%2Fv2%2Fcomments&post=1134"}],"version-history":[{"count":7,"href":"https:\/\/blog.sickculture.de\/index.php?rest_route=\/wp\/v2\/pages\/1134\/revisions"}],"predecessor-version":[{"id":1591,"href":"https:\/\/blog.sickculture.de\/index.php?rest_route=\/wp\/v2\/pages\/1134\/revisions\/1591"}],"up":[{"embeddable":true,"href":"https:\/\/blog.sickculture.de\/index.php?rest_route=\/wp\/v2\/pages\/90"}],"wp:attachment":[{"href":"https:\/\/blog.sickculture.de\/index.php?rest_route=%2Fwp%2Fv2%2Fmedia&parent=1134"}],"wp:term":[{"taxonomy":"category","embeddable":true,"href":"https:\/\/blog.sickculture.de\/index.php?rest_route=%2Fwp%2Fv2%2Fcategories&post=1134"}],"curies":[{"name":"wp","href":"https:\/\/api.w.org\/{rel}","templated":true}]}}