{"id":1155,"date":"2018-08-13T09:27:01","date_gmt":"2018-08-13T09:27:01","guid":{"rendered":"http:\/\/blog.sickculture.de\/?page_id=1155"},"modified":"2021-07-05T07:51:18","modified_gmt":"2021-07-05T07:51:18","slug":"2017-10-friederspitz-bbs-2-2-2-2","status":"publish","type":"page","link":"https:\/\/blog.sickculture.de\/?page_id=1155","title":{"rendered":"2018.08 Den W\u00f6rner(ge)sattel(t)"},"content":{"rendered":"<section class=\"wpb-content-wrapper\"><p>[vc_row][vc_column][vc_column_text]<\/p>\n<p class=\"clear\">[pe2-image src=&#8221;https:\/\/lh3.googleusercontent.com\/-LhxNg471ntg\/W3FISoi52jI\/AAAAAAAAkbc\/5HBa7luLfqcq_2lNJIFx582-lF3PUlJoACCoYBhgL\/s144-c-o\/20180812_114318_0111__DSC1615_Screen.jpg&#8221; href=&#8221;https:\/\/picasaweb.google.com\/112885246866780528333\/6589127210656140689#6589127214778407474&#8243; caption=&#8221;&#8221; type=&#8221;image&#8221; alt=&#8221;20180812_114318_0111__DSC1615_Screen.jpg&#8221; ]<\/p>\n<p class=\"clear\">\n<h4 class=\"clear\" style=\"text-align: center;\"><span style=\"color: #808080;\"><strong>Gache BBS Tour<\/strong><\/span><span style=\"color: #0000ff;\"><strong><br \/>\n<\/strong><\/span><\/h4>\n<h1 style=\"text-align: center;\"><strong><span style=\"color: #0000ff;\"><span style=\"color: #3366ff;\">&#8220;Den W\u00f6rner(ge)sattel(t)&#8221;<\/span><br \/>\n<\/span><\/strong><\/h1>\n<h4 style=\"text-align: center;\">W\u00f6rnersattel bei Mittenwald<\/h4>\n<h2 style=\"text-align: center;\"><span style=\"color: #808080;\">12. August 2018<br \/>\n<\/span><\/h2>\n<hr>\n<p>Eine sehr &#8220;gache&#8221; Bikebergsteiger Tour oberhalb von Mittenwald und mitten im Karwendel. Viele und lange Tragepassagen, eine Bergmesse und geniale und anspruchsvolle Trails.[\/vc_column_text][\/vc_column][\/vc_row][vc_row][vc_column][vc_text_separator title=&#8221;B E S C H R E I B U N G&#8221;][\/vc_column][\/vc_row][vc_row][vc_column][vc_column_text]Ein derber Tag war das. Doch von vorn: eigentlich ist Karwendelregion bei Mittenwald an einem Sonntag bei Ferienzeit und sch\u00f6nstem Wetter tabu. Aber wer soll sich denn die Strapazen hoch zum W\u00f6rnersattel antun? Kein Lift und keine direkte Forststra\u00dfe. Also plante ich die Tour mal ein und meine Schwester und Dad planten ihre Wanderroute. Gemeinsam wollten wir uns bei der Hochlandh\u00fctte zur Mittagsrast treffen. Doch am Abend zuvor lassen wir, dass am Sonntag auf der Hochlandh\u00fctte eine Bergmesse stattfinden soll. Na prima &#8211; DAV Leute, Wanderer, und ich als Biker mittendrin. Probieren wir\u00b4s mal.<\/p>\n<p>Also von den Kassernen aus gings gem\u00fctlich auf Forststra\u00dfe Richtung Fereinalm hoch. Zwischendurch kleine Rampen, dann wir stetig in gleicher Steigung bis zum Abzweig W\u00f6rnersattel empor. Ein kleines St\u00fcck konnte man auf dem Singletrack noch fahren, dann war aus mit lustig. Der Weg wurde von H\u00f6henmeter zu H\u00f6henmeter steiler und ger\u00f6lliger. Anfangs noch durch die Latschengassen im Zickzack, dann im freien Feld \u00fcber Ger\u00f6ll, Abs\u00e4tze und letztendlich \u00fcber das steile W\u00f6rnerkar hoch zum Sattel. Zwei Biker aus Garmisch begleiteten mich (noch zwei so Gest\u00f6rte). Die paar Wanderer, die wir trafen war sehr nett und ohne Konflikte. nach guten 700hm Tragepassage erreichte ich den Sattel. Eine grandiose Aussicht. Karwendel, Wettersteingebirge, Inntal &#8211; alles in Blickweite. Die beiden anderen Biker fuhren \u00fcber den Steinkarlkopf ab, ich w\u00e4hlte meine geplante Route zur Hochlandh\u00fctte. Heftige Abfahrt mu\u00df ich sagen. Stufen, Spitzkehren, loser Untergrund &#8211; alles dabei. Dann noch eine sch\u00f6ne Querung r\u00fcber zu H\u00fctte. Kurz vor der H\u00fctte bekam ich eineunmi\u00dfverst\u00e4ndliches Kommentar einer Wanderinn an den Kopf geschmissen, dass man uns Biker hier oben nicht braucht. Naja, der kl\u00fcgere gibt nach. Ich wollte sowieso die letzten Meter zur H\u00fctte schieben, da ich bereits in Sichtweite der Wanderer war. Ein Diskussionsthema war ich anscheinend, was allerdings durch Beginn der Messe gleich beendet wurde und ich weiter zum Ochsenbodensteig zog. Davor mu\u00dfte ich ein paar Kehren bergauf schieben, dann eine Stufenabfahrt bew\u00e4ltigen und dann im Auf und Ab r\u00fcber zum Abzweig &#8220;Bankerl&#8221;. Ohne Futter im Magen eine anstrengende Strecke. Zumal bis zum Ochsenboden noch ein paar H\u00f6henmeter getragen werden mu\u00df. Doch dann das Grand Finale. Ein Spitzkehrenmassaker stand in der Beschreibung. Viele enge Kehren, dazwischen flowige Passagen. Diesen Trail mu\u00df ich fast nochmals machen, allerdings ohne die lange &#8220;Anreise&#8221;, sondern im direkten Anstieg.<\/p>\n<div class=\"passster-form\" id=\"ps-908\">\n    <form class=\"password-form\" method=\"post\" autocomplete=\"off\" target=\"_top\">\n        <span class=\"ps-form-headline\">Gesch\u00fctzter Bereich<\/span>\n        <div class=\"ps-form-instructions-wrap\">Dieser Inhalt ist passwortgesch\u00fctzt. Bitte gib dein Passwort ein um den Inhalt freizuschalten.<\/div>\n        <fieldset>\n            <span class=\"ps-loader\" style=\"display:none;\"><img decoding=\"async\" src=\"https:\/\/blog.sickculture.de\/wp-content\/plugins\/content-protector\/assets\/public\/ps-loader.svg\" alt=\"\" \/><\/span>\n            <label for=\"input-ps-908\" style=\"display:none;\" class=\"passster-hidden\">Trage dein Passwort ein<\/label>\n            <input placeholder=\"Gib dein Passwort ein..\" type=\"password\" tabindex=\"1\" name=\"passster_password\"\n                   id=\"input-ps-908\" class=\"passster-password\" autocomplete=\"off\"\n                   data-protection-type=\"password\" data-list=\"[PASSSTER_LIST]\" data-lists=\"[PASSSTER_LISTS]\" data-area=\"[PASSSTER_AREA]\"\n                   data-protection=\"[PASSSTER_PROTECTION]\">\n            \n            <button name=\"submit\" type=\"submit\" class=\"passster-submit\" data-psid=\"ps-908\" data-post-id=\"1155\" data-term-id=\"0\" \n                    data-submit=\"...Checking Password\" data-redirect=\"\">Freischalten\n            <\/button>\n            <div class=\"passster-error\"><\/div>\n        <\/fieldset>\n    <\/form>\n<\/div>\n\n<div id=\"s3gt_translate_tooltip_mini\" class=\"s3gt_translate_tooltip_mini_box\" style=\"background: initial !important; border: initial !important; border-radius: initial !important; border-spacing: initial !important; border-collapse: initial !important; direction: ltr !important; flex-direction: initial !important; font-weight: initial !important; height: initial !important; letter-spacing: initial !important; min-width: initial !important; max-width: initial !important; min-height: initial !important; max-height: initial !important; margin: auto !important; outline: initial !important; padding: initial !important; position: absolute; table-layout: initial !important; text-align: initial !important; text-shadow: initial !important; width: initial !important; word-break: initial !important; word-spacing: initial !important; overflow-wrap: initial !important; box-sizing: initial !important; display: initial !important; color: inherit !important; font-size: 13px !important; font-family: X-LocaleSpecific, sans-serif, Tahoma, Helvetica !important; line-height: 13px !important; vertical-align: top !important; white-space: inherit !important; left: 50px; top: 35px; opacity: 0.75;\">\n<div id=\"s3gt_translate_tooltip_mini_logo\" class=\"s3gt_translate_tooltip_mini\" title=\"Markierten Text \u00fcbersetzen\"><\/div>\n<div id=\"s3gt_translate_tooltip_mini_sound\" class=\"s3gt_translate_tooltip_mini\" title=\"Abspielen\"><\/div>\n<div id=\"s3gt_translate_tooltip_mini_copy\" class=\"s3gt_translate_tooltip_mini\" title=\"In Zwischenablage kopieren\"><\/div>\n<\/div>\n<p>[\/vc_column_text][\/vc_column][\/vc_row][vc_row][vc_column][vc_text_separator title=&#8221;F A Z I T&#8221;][\/vc_column][\/vc_row][vc_row][vc_column][vc_column_text]Heftig aufgesattelt am W\u00f6rnersattel! Ein herrlicher und anstrengender Tag. Aber wieder einmal ein super BBS Trailride im Karwendel. Das Gebiet ums Inntal mit seinen Nebent\u00e4lern wird so langsam mein zweites Lieblingsziel nach den Dolomiten.[\/vc_column_text][\/vc_column][\/vc_row][vc_row][vc_column]<div class=\"ult_exp_section_layer ult-adjust-bottom-margin  \" >\n\t<div id=\"uvc-exp-wrap-3836\"   data-ultimate-target='#uvc-exp-wrap-3836'  data-responsive-json-new='{\"font-size\":\"desktop:20px;\",\"line-height\":\"desktop:20px;\"}'  class=\"ult_exp_section  ult-responsive \" style=\"color:#ffffff;background-color:#1e73be;font-family:Alfa Slab One;font-weight:bold;  text-align:center;\" data-textcolor=\"#ffffff\"data-texthover=\"#333333\"data-icncolor=\"#333333\"data-ihover=\"#333333\"data-height=\"0\"data-cntbg=\"#1e73be\"data-cnthvrbg=\"#e5e5e5\"data-headerbg=\"#1e73be\"data-headerhover=\"#e5e5e5\"data-title=\"BILDER\"data-newtitle=\"BILDER\"data-icon=\"\"data-newicon=\"\"data-activeicon=\"#333333\"data-effect=\"slideToggle\"data-override=\"0\"data-activetitle=\"#333333\"data-activebg=\"#dbdbdb\"data-img=\"\"data-newimg=\"\"><div  class=\"ult_exp_section-main \">\n\t\t\t\t\t<div class=\"ult_expheader\" >BILDER\n\t\t\t\t\t <\/div><\/div>\n\t\t\t\t<\/div><div class=\"ult_exp_content \" style=\"background-color:#dbdbdb;  \"><div class=\"ult_ecpsub_cont\" style=\" \" >[vc_column_text]<\/p>\n\n<p>[\/vc_column_text]<\/div><\/div>\n\n\t\t\t<\/div>[\/vc_column][\/vc_row]<\/p>\n<\/section>","protected":false},"excerpt":{"rendered":"<p>[vc_row][vc_column][vc_column_text] [pe2-image src=&#8221;https:\/\/lh3.googleusercontent.com\/-LhxNg471ntg\/W3FISoi52jI\/AAAAAAAAkbc\/5HBa7luLfqcq_2lNJIFx582-lF3PUlJoACCoYBhgL\/s144-c-o\/20180812_114318_0111__DSC1615_Screen.jpg&#8221; href=&#8221;https:\/\/picasaweb.google.com\/112885246866780528333\/6589127210656140689#6589127214778407474&#8243; caption=&#8221;&#8221; type=&#8221;image&#8221; alt=&#8221;20180812_114318_0111__DSC1615_Screen.jpg&#8221; ] Gache BBS Tour &#8220;Den W\u00f6rner(ge)sattel(t)&#8221; W\u00f6rnersattel bei Mittenwald 12. August 2018 Eine sehr &#8220;gache&#8221; Bikebergsteiger Tour oberhalb von Mittenwald und mitten im Karwendel. Viele und lange Tragepassagen, eine Bergmesse und geniale und anspruchsvolle Trails.[\/vc_column_text][\/vc_column][\/vc_row][vc_row][vc_column][vc_text_separator title=&#8221;B E S C H R E I \u2026 <a class=\"continue-reading-link\" href=\"https:\/\/blog.sickculture.de\/?page_id=1155\"> Continue reading<\/a><\/p>\n","protected":false},"author":1,"featured_media":0,"parent":90,"menu_order":0,"comment_status":"closed","ping_status":"closed","template":"","meta":{"_s2mail":"yes","ngg_post_thumbnail":0,"footnotes":""},"categories":[15,4],"class_list":["post-1155","page","type-page","status-publish","hentry","category-15","category-mountainbike"],"jetpack_shortlink":"https:\/\/wp.me\/P7EPUT-iD","jetpack_sharing_enabled":true,"_links":{"self":[{"href":"https:\/\/blog.sickculture.de\/index.php?rest_route=\/wp\/v2\/pages\/1155","targetHints":{"allow":["GET"]}}],"collection":[{"href":"https:\/\/blog.sickculture.de\/index.php?rest_route=\/wp\/v2\/pages"}],"about":[{"href":"https:\/\/blog.sickculture.de\/index.php?rest_route=\/wp\/v2\/types\/page"}],"author":[{"embeddable":true,"href":"https:\/\/blog.sickculture.de\/index.php?rest_route=\/wp\/v2\/users\/1"}],"replies":[{"embeddable":true,"href":"https:\/\/blog.sickculture.de\/index.php?rest_route=%2Fwp%2Fv2%2Fcomments&post=1155"}],"version-history":[{"count":5,"href":"https:\/\/blog.sickculture.de\/index.php?rest_route=\/wp\/v2\/pages\/1155\/revisions"}],"predecessor-version":[{"id":1589,"href":"https:\/\/blog.sickculture.de\/index.php?rest_route=\/wp\/v2\/pages\/1155\/revisions\/1589"}],"up":[{"embeddable":true,"href":"https:\/\/blog.sickculture.de\/index.php?rest_route=\/wp\/v2\/pages\/90"}],"wp:attachment":[{"href":"https:\/\/blog.sickculture.de\/index.php?rest_route=%2Fwp%2Fv2%2Fmedia&parent=1155"}],"wp:term":[{"taxonomy":"category","embeddable":true,"href":"https:\/\/blog.sickculture.de\/index.php?rest_route=%2Fwp%2Fv2%2Fcategories&post=1155"}],"curies":[{"name":"wp","href":"https:\/\/api.w.org\/{rel}","templated":true}]}}