{"id":1174,"date":"2018-09-19T10:27:03","date_gmt":"2018-09-19T10:27:03","guid":{"rendered":"http:\/\/blog.sickculture.de\/?page_id=1174"},"modified":"2021-07-05T07:50:14","modified_gmt":"2021-07-05T07:50:14","slug":"2017-10-friederspitz-bbs-2-2-2-2-3-2-2","status":"publish","type":"page","link":"https:\/\/blog.sickculture.de\/?page_id=1174","title":{"rendered":"2018.09 Karwendelklassik zum Hahnenkampel"},"content":{"rendered":"<section class=\"wpb-content-wrapper\"><p>[vc_row][vc_column][vc_column_text]<\/p>\n<p><img loading=\"lazy\" decoding=\"async\" class=\"aligncenter wp-image-1244\" src=\"http:\/\/blog.sickculture.de\/wp-content\/uploads\/2019\/02\/20180916_130628_0158__DSC2169_Screen.jpg\" alt=\"20180916_130628_0158__DSC2169_Screen\" width=\"404\" height=\"607\" srcset=\"https:\/\/blog.sickculture.de\/wp-content\/uploads\/2019\/02\/20180916_130628_0158__DSC2169_Screen.jpg 1280w, https:\/\/blog.sickculture.de\/wp-content\/uploads\/2019\/02\/20180916_130628_0158__DSC2169_Screen-200x300.jpg 200w, https:\/\/blog.sickculture.de\/wp-content\/uploads\/2019\/02\/20180916_130628_0158__DSC2169_Screen-768x1152.jpg 768w, https:\/\/blog.sickculture.de\/wp-content\/uploads\/2019\/02\/20180916_130628_0158__DSC2169_Screen-683x1024.jpg 683w, https:\/\/blog.sickculture.de\/wp-content\/uploads\/2019\/02\/20180916_130628_0158__DSC2169_Screen-100x150.jpg 100w\" sizes=\"auto, (max-width: 404px) 100vw, 404px\" \/><\/p>\n<p class=\"clear\">\n<h4 class=\"clear\" style=\"text-align: center;\"><span style=\"color: #808080;\"><strong>\u00a0Klassiker im Karwendel<\/strong><\/span><span style=\"color: #0000ff;\"><strong><br \/>\n<\/strong><\/span><\/h4>\n<h1 style=\"text-align: center;\"><strong><span style=\"color: #0000ff;\"><span style=\"color: #3366ff;\">Lamsenjochh\u00fctte \u00fcber Hahnenkampelspitze<\/span><br \/>\n<\/span><\/strong><\/h1>\n<h4 style=\"text-align: center;\">Aufstieg \u00fcber Gramai Hochleger<\/h4>\n<h2 style=\"text-align: center;\"><span style=\"color: #808080;\">16. September 2018<br \/>\n<\/span><\/h2>\n<hr \/>\n<p>Ein herrlicher Karwendeltag im September: anstrengende Bikebergsteigertour mit zwei H\u00fctteneinkehren und herrlichem Gipfel.[\/vc_column_text][\/vc_column][\/vc_row][vc_row][vc_column][vc_text_separator title=&#8221;B E S C H R E I B U N G&#8221;][\/vc_column][\/vc_row][vc_row][vc_column][vc_column_text]Es geh\u00f6rt schon ein wenig Willensgeist dazu, wenn man solche Expeditionen vor hat. Zumal es Leute gibt, die zuvor noch einen weiteren BBS Klassiker (Sonnjoch) in Angriff nehmen und am selben Tag dann diesen Gipfel, die Querung zur Lamsenjochh\u00fctte machen und dann noch die Abfahrt ins Gramaital unter die Stollen nehmen. Ich begn\u00fcgte mich mit einem Gipfelsturm und der Abfahrt. Obwohl ich ehrlich gesagt meinte, wenn schon oben bist, kannst ja ein bi\u00dfchen zum Sonnjoch hochtragen und dann mal die Lage checken. Dazu sollte man aber schon sehr fr\u00fch starten, ein stabiles Wetter haben, und nicht am Sonntag! Von Pertisau radelte ich das Falzturntal bis zur vielbesuchten Gramaialm (Gasthof mit Oktoberfeststimmung!). Vormittags war das alles noch sehr beschaulich und relativ ruhig, obwohl die meisten Wanderer mit ihren Autos die Mautstra\u00dfe bis &#8220;vor\u00b4s Loch&#8221; kutschieren. Zum Gl\u00fcck gibt es ja neben der Mautstra\u00dfe auch eine ruhige Forststra\u00dfe. Vorbei am Trubel ging\u00b4s noch ein paar Meter bergan, bis zur Abzweigung Lamsenjoch, bzw. rechts Gramai-Hochleger. Mit starken Beinen oder e-Unterst\u00fctzung k\u00f6nnte man noch ein paar H\u00f6henmeter auf dem sch\u00f6n angelegten Wandersteig zur\u00fccklegen. F\u00fcr meine Wenigkeit hie\u00df es vorerst schieben. Ab der Bachquerung legte ich das Bike auf den Rucksack und wanderte mit \u00dcbergep\u00e4ckt gute 400hm zur Gramai Hochleger Alm. Von hier hat man schon eine herrliche Aussicht auf die stattlichen Karwendelgipfel. Nach kurzer Rast bei zwei l\u00e4ssigen Wirtsleuten und kleinem Plausch \u00fcber eine Viergruppe Biker, die am Vormittag schon auf meine Route aufbrachen, ging es auch f\u00fcr mich weiter bergan. Die ersten Meter noch schiebend, dann wieder tragend. Nach weiteren 300hm schwei\u00dftreibender Arbeit und staunenden Blicken erreichte ich mein erstes Ziel die Hahnenkampelspitze. Mein n\u00e4chstes Ziel hatte ich schon im Auge. Doch davor mu\u00df noch ein ausgesetzter Gratr\u00fccken \u00fcberquert, zwei seilgesichterte Passagen und ein fordernder Trail nach unten gefahren werden. Darauf folgt der vielbegangene H\u00f6henweg zum Lamsenjoch. Ohne viel Anstrengung erreicht man die H\u00fctte. Darauf folgte in Hammertrail ins Gramaital, welchen ich mit Hardy und Duvi schon gefahren bin. Die ersten Tiefenmeter haben es noch &#8220;dicke in sich&#8221;. Kehren, tiefer Schotter, dann wieder kindskopfgro\u00dfe Brocken, Stufen, ect. &#8211; alles dabei. Unten raus wird der Trail dann wieder einfacher und die letzten Flowtrailmeter zur Gramaialm vergehen im Nu. Zur\u00fcck ging\u00b4s dann wieder durch\u00b4s Falzturntal zum Auto.<\/p>\n<div class=\"passster-form\" id=\"ps-244\">\n    <form class=\"password-form\" method=\"post\" autocomplete=\"off\" target=\"_top\">\n        <span class=\"ps-form-headline\">Gesch\u00fctzter Bereich<\/span>\n        <div class=\"ps-form-instructions-wrap\">Dieser Inhalt ist passwortgesch\u00fctzt. Bitte gib dein Passwort ein um den Inhalt freizuschalten.<\/div>\n        <fieldset>\n            <span class=\"ps-loader\" style=\"display:none;\"><img decoding=\"async\" src=\"https:\/\/blog.sickculture.de\/wp-content\/plugins\/content-protector\/assets\/public\/ps-loader.svg\" alt=\"\" \/><\/span>\n            <label for=\"input-ps-244\" style=\"display:none;\" class=\"passster-hidden\">Trage dein Passwort ein<\/label>\n            <input placeholder=\"Gib dein Passwort ein..\" type=\"password\" tabindex=\"1\" name=\"passster_password\"\n                   id=\"input-ps-244\" class=\"passster-password\" autocomplete=\"off\"\n                   data-protection-type=\"password\" data-list=\"[PASSSTER_LIST]\" data-lists=\"[PASSSTER_LISTS]\" data-area=\"[PASSSTER_AREA]\"\n                   data-protection=\"[PASSSTER_PROTECTION]\">\n            \n            <button name=\"submit\" type=\"submit\" class=\"passster-submit\" data-psid=\"ps-244\" data-post-id=\"1174\" data-term-id=\"0\" \n                    data-submit=\"...Checking Password\" data-redirect=\"\">Freischalten\n            <\/button>\n            <div class=\"passster-error\"><\/div>\n        <\/fieldset>\n    <\/form>\n<\/div>\n\n<div id=\"s3gt_translate_tooltip_mini\" class=\"s3gt_translate_tooltip_mini_box\" style=\"background: initial !important; border: initial !important; border-radius: initial !important; border-spacing: initial !important; border-collapse: initial !important; direction: ltr !important; flex-direction: initial !important; font-weight: initial !important; height: initial !important; letter-spacing: initial !important; min-width: initial !important; max-width: initial !important; min-height: initial !important; max-height: initial !important; margin: auto !important; outline: initial !important; padding: initial !important; position: absolute; table-layout: initial !important; text-align: initial !important; text-shadow: initial !important; width: initial !important; word-break: initial !important; word-spacing: initial !important; overflow-wrap: initial !important; box-sizing: initial !important; display: initial !important; color: inherit !important; font-size: 13px !important; font-family: X-LocaleSpecific, sans-serif, Tahoma, Helvetica !important; line-height: 13px !important; vertical-align: top !important; white-space: inherit !important; left: 50px; top: 35px; opacity: 0.75;\">\n<div id=\"s3gt_translate_tooltip_mini_logo\" class=\"s3gt_translate_tooltip_mini\" title=\"Markierten Text \u00fcbersetzen\"><\/div>\n<div id=\"s3gt_translate_tooltip_mini_sound\" class=\"s3gt_translate_tooltip_mini\" title=\"Abspielen\"><\/div>\n<div id=\"s3gt_translate_tooltip_mini_copy\" class=\"s3gt_translate_tooltip_mini\" title=\"In Zwischenablage kopieren\"><\/div>\n<\/div>\n<p>[\/vc_column_text][\/vc_column][\/vc_row][vc_row][vc_column][vc_text_separator title=&#8221;F A Z I T&#8221;][\/vc_column][\/vc_row][vc_row][vc_column][vc_column_text]Holy Shit &#8211; ein cooles Bikebergsteiger Abenteuer! Ich w\u00fcrde allerdings beim n\u00e4chsten mal von der anderen Seite die Hahnenkampelspitze in Angriff nehmen, da der Trail zum Gramaialm-Hochleger &#8220;flowiger&#8221; ist und die Abfahrt ins Gramaital auch besser fahrbar w\u00e4re. Vielleicht \u00fcber das Engtal hoch? Oder \u00fcber Lamsenjochh\u00fctte vom Inntal hoch? Egal &#8211; der Tag war genial![\/vc_column_text][\/vc_column][\/vc_row][vc_row][vc_column]<div class=\"ult_exp_section_layer ult-adjust-bottom-margin  \" >\n\t<div id=\"uvc-exp-wrap-7182\"   data-ultimate-target='#uvc-exp-wrap-7182'  data-responsive-json-new='{\"font-size\":\"desktop:20px;\",\"line-height\":\"desktop:20px;\"}'  class=\"ult_exp_section  ult-responsive \" style=\"color:#ffffff;background-color:#1e73be;font-family:Alfa Slab One;font-weight:bold;  text-align:center;\" data-textcolor=\"#ffffff\"data-texthover=\"#333333\"data-icncolor=\"#333333\"data-ihover=\"#333333\"data-height=\"0\"data-cntbg=\"#1e73be\"data-cnthvrbg=\"#e5e5e5\"data-headerbg=\"#1e73be\"data-headerhover=\"#e5e5e5\"data-title=\"BILDER\"data-newtitle=\"BILDER\"data-icon=\"\"data-newicon=\"\"data-activeicon=\"#333333\"data-effect=\"slideToggle\"data-override=\"0\"data-activetitle=\"#333333\"data-activebg=\"#dbdbdb\"data-img=\"\"data-newimg=\"\"><div  class=\"ult_exp_section-main \">\n\t\t\t\t\t<div class=\"ult_expheader\" >BILDER\n\t\t\t\t\t <\/div><\/div>\n\t\t\t\t<\/div><div class=\"ult_exp_content \" style=\"background-color:#dbdbdb;  \"><div class=\"ult_ecpsub_cont\" style=\" \" >[vc_column_text]<\/p>\n\n<p>[\/vc_column_text]<\/div><\/div>\n\n\t\t\t<\/div>[\/vc_column][\/vc_row][vc_row][vc_column][vc_column_text]<\/p>\n<div id=\"s3gt_translate_tooltip_mini\" class=\"s3gt_translate_tooltip_mini_box\" style=\"background: initial !important; border: initial !important; border-radius: initial !important; border-spacing: initial !important; border-collapse: initial !important; direction: ltr !important; flex-direction: initial !important; font-weight: initial !important; height: initial !important; letter-spacing: initial !important; min-width: initial !important; max-width: initial !important; min-height: initial !important; max-height: initial !important; margin: auto !important; outline: initial !important; padding: initial !important; position: absolute; table-layout: initial !important; text-align: initial !important; text-shadow: initial !important; width: initial !important; word-break: initial !important; word-spacing: initial !important; overflow-wrap: initial !important; box-sizing: initial !important; display: initial !important; color: inherit !important; font-size: 13px !important; font-family: X-LocaleSpecific, sans-serif, Tahoma, Helvetica !important; line-height: 13px !important; vertical-align: top !important; white-space: inherit !important; left: 123px; top: 608px; opacity: 0.25;\">\n<div id=\"s3gt_translate_tooltip_mini_logo\" class=\"s3gt_translate_tooltip_mini\" title=\"Markierten Text \u00fcbersetzen\"><\/div>\n<div id=\"s3gt_translate_tooltip_mini_sound\" class=\"s3gt_translate_tooltip_mini\" title=\"Abspielen\"><\/div>\n<div id=\"s3gt_translate_tooltip_mini_copy\" class=\"s3gt_translate_tooltip_mini\" title=\"In Zwischenablage kopieren\"><\/div>\n<\/div>\n<p>[\/vc_column_text][\/vc_column][\/vc_row]<\/p>\n<\/section>","protected":false},"excerpt":{"rendered":"<p>[vc_row][vc_column][vc_column_text] \u00a0Klassiker im Karwendel Lamsenjochh\u00fctte \u00fcber Hahnenkampelspitze Aufstieg \u00fcber Gramai Hochleger 16. September 2018 Ein herrlicher Karwendeltag im September: anstrengende Bikebergsteigertour mit zwei H\u00fctteneinkehren und herrlichem Gipfel.[\/vc_column_text][\/vc_column][\/vc_row][vc_row][vc_column][vc_text_separator title=&#8221;B E S C H R E I B U N G&#8221;][\/vc_column][\/vc_row][vc_row][vc_column][vc_column_text]Es geh\u00f6rt schon ein wenig Willensgeist dazu, wenn man solche Expeditionen vor \u2026 <a class=\"continue-reading-link\" href=\"https:\/\/blog.sickculture.de\/?page_id=1174\"> Continue reading<\/a><\/p>\n","protected":false},"author":1,"featured_media":0,"parent":90,"menu_order":0,"comment_status":"closed","ping_status":"closed","template":"","meta":{"_s2mail":"yes","ngg_post_thumbnail":0,"footnotes":""},"categories":[15,4],"class_list":["post-1174","page","type-page","status-publish","hentry","category-15","category-mountainbike"],"jetpack_shortlink":"https:\/\/wp.me\/P7EPUT-iW","jetpack_sharing_enabled":true,"_links":{"self":[{"href":"https:\/\/blog.sickculture.de\/index.php?rest_route=\/wp\/v2\/pages\/1174","targetHints":{"allow":["GET"]}}],"collection":[{"href":"https:\/\/blog.sickculture.de\/index.php?rest_route=\/wp\/v2\/pages"}],"about":[{"href":"https:\/\/blog.sickculture.de\/index.php?rest_route=\/wp\/v2\/types\/page"}],"author":[{"embeddable":true,"href":"https:\/\/blog.sickculture.de\/index.php?rest_route=\/wp\/v2\/users\/1"}],"replies":[{"embeddable":true,"href":"https:\/\/blog.sickculture.de\/index.php?rest_route=%2Fwp%2Fv2%2Fcomments&post=1174"}],"version-history":[{"count":6,"href":"https:\/\/blog.sickculture.de\/index.php?rest_route=\/wp\/v2\/pages\/1174\/revisions"}],"predecessor-version":[{"id":1585,"href":"https:\/\/blog.sickculture.de\/index.php?rest_route=\/wp\/v2\/pages\/1174\/revisions\/1585"}],"up":[{"embeddable":true,"href":"https:\/\/blog.sickculture.de\/index.php?rest_route=\/wp\/v2\/pages\/90"}],"wp:attachment":[{"href":"https:\/\/blog.sickculture.de\/index.php?rest_route=%2Fwp%2Fv2%2Fmedia&parent=1174"}],"wp:term":[{"taxonomy":"category","embeddable":true,"href":"https:\/\/blog.sickculture.de\/index.php?rest_route=%2Fwp%2Fv2%2Fcategories&post=1174"}],"curies":[{"name":"wp","href":"https:\/\/api.w.org\/{rel}","templated":true}]}}