{"id":1181,"date":"2018-09-19T12:27:37","date_gmt":"2018-09-19T12:27:37","guid":{"rendered":"http:\/\/blog.sickculture.de\/?page_id=1181"},"modified":"2021-07-05T07:49:51","modified_gmt":"2021-07-05T07:49:51","slug":"2017-10-friederspitz-bbs-2-2-2-2-3-2-2-2","status":"publish","type":"page","link":"https:\/\/blog.sickculture.de\/?page_id=1181","title":{"rendered":"2018.09 Ab in die Rofa(n)"},"content":{"rendered":"<section class=\"wpb-content-wrapper\"><p>[vc_row][vc_column][vc_column_text]<\/p>\n<h4><img loading=\"lazy\" decoding=\"async\" class=\"alignnone size-full wp-image-1237\" src=\"http:\/\/blog.sickculture.de\/wp-content\/uploads\/2019\/02\/20180918_114213_0093__DSC2312_Screen.jpg\" alt=\"20180918_114213_0093__DSC2312_Screen\" width=\"1920\" height=\"1280\" srcset=\"https:\/\/blog.sickculture.de\/wp-content\/uploads\/2019\/02\/20180918_114213_0093__DSC2312_Screen.jpg 1920w, https:\/\/blog.sickculture.de\/wp-content\/uploads\/2019\/02\/20180918_114213_0093__DSC2312_Screen-300x200.jpg 300w, https:\/\/blog.sickculture.de\/wp-content\/uploads\/2019\/02\/20180918_114213_0093__DSC2312_Screen-768x512.jpg 768w, https:\/\/blog.sickculture.de\/wp-content\/uploads\/2019\/02\/20180918_114213_0093__DSC2312_Screen-1024x683.jpg 1024w, https:\/\/blog.sickculture.de\/wp-content\/uploads\/2019\/02\/20180918_114213_0093__DSC2312_Screen-225x150.jpg 225w, https:\/\/blog.sickculture.de\/wp-content\/uploads\/2019\/02\/20180918_114213_0093__DSC2312_Screen-150x100.jpg 150w\" sizes=\"auto, (max-width: 1920px) 100vw, 1920px\" \/><\/h4>\n<h4 class=\"clear\" style=\"text-align: center;\"><span style=\"color: #808080;\"><strong>Highlight am Achensee<\/strong><\/span><span style=\"color: #0000ff;\"><strong><br \/>\n<\/strong><\/span><\/h4>\n<h1 style=\"text-align: center;\"><strong><span style=\"color: #0000ff;\"><span style=\"color: #3366ff;\">Ab in d\u00b4 Rofa(n)<\/span><br \/>\n<\/span><\/strong><\/h1>\n<h4 style=\"text-align: center;\">BBS zur Rofanspitze<\/h4>\n<h2 style=\"text-align: center;\"><span style=\"color: #808080;\">18. September 2018<br \/>\n<\/span><\/h2>\n<hr \/>\n<p>Nochmals an den Achensee um einen Klassiker zu rocken &#8211; wie damals Rocken in der ROFA &#8211; nur diesmal mit dem Bike auf die Spitze des Rofans.[\/vc_column_text][\/vc_column][\/vc_row][vc_row][vc_column][vc_text_separator title=&#8221;B E S C H R E I B U N G&#8221;][\/vc_column][\/vc_row][vc_row][vc_column][vc_column_text]Die gute Alte Zeit: damals rockten wir in der Rofa (Rockfabrik), heute rockte ich die Rofa(n)spitze. Schon lange wollte ich diese Tour machen, nur ist das Rofangebirge absolutes NoGo f\u00fcr Mountainbiker, noch dazu mu\u00df alles passen: Heute passte alles. Das Wetter war pr\u00e4chtig und dazu noch unter der Woche frei. Also nochmals rein ins Auto und an den Achensee gefahren. Meine Eltern sind zum Wandern und ich hatte bis Nachmittags Zeit zum Biken, ehe gegen Abend ein Gewitter vorhergesagt wurde. Vorerst ging es aber von Maurach erstmal bergab zur Kanzelkehre bei Eben. Dort zweigt ein feiner, flowiger Trail links ab und m\u00fcndet an der Abzweigung zur Schermsteinalm. Die ersten H\u00f6henmeter im Wald waren angenehm zu treten. Je weiter man sich nach oben schraubt, desto anstrengender wurde der Untergrund und die Steigung. Auch die Sonne prallte nun voll auf mein Haupt. Nach gut 1100hm, vorbei an Burgaualm und Alpb\u00fchelalm und unterhalb des Sagzahns, Sonnwendjoch und Issk\u00f6pfl trohnt die Schermsteinalm direkt an den Fels gebaut. Ein herrlicher und ruhiger Platz. Nur leider in dieser Zeit unbewirtschaftet und fast menschenleer. Nur einzelne Wanderer verweilten kurz und gingen \u00fcber den Krahnsattel zur\u00fcck zur Seilbahn. Ich jedoch setzte meinen Marsch zum Rofangipfel fort und wanderte mit \u00dcbergep\u00e4ck zuerst steil \u00fcber Stufen, dann \u00fcber eine Hochebene dem Gipfelziel entgegen. G\u00e4msen auf &#8220;Einuhr&#8221; &#8211; eine ganze Herde G\u00e4msen beobachten mich, w\u00e4hrend ich die Gunst zum Fotografieren jener nutzte. Dann setzte ich mein Vorhaben fort und wanderte \u00fcber die Almh\u00e4nge der Spitze entgegen. Auf dem H\u00f6henweg unterhalb der Spitze herrschte rege Wanderbegehung, so entschlo\u00df ich ich, zuerst\u00a0 Richtung Marchgatterl zu schieben, um von hinten auf dem Gratweg zur Rofanspitze zu steigen. Zuerst genoss ich noch die herrliche Aussicht \u00fcber die Rofan und den Zireiner See, dann die letzten Meter zum Gipfel. Staunende und fragende Gesichter am Gipfel, was ich mit dem MTB dort oben mache. Nach kurzer Rast schnallte ich die Protektoren an und fuhr zuerst noch flowig, dann \u00fcber Spitzkehren bergab zum Wanderweg, welcher im Auf und Ab zur Erfurter H\u00fctte f\u00fchrte. So richtiges Flowgef\u00fchl kommt allerdings nicht auf. Zu oft waren Felsbrocken, die Wegf\u00fchrung durch Errosion oder durch Wanderer blockiert. An der Mauritzalm zog ich es vor, mein Bike zu schieben, da der Wirt angeblich nicht gut auf Biker zu sprechen ist. Unterhalb der Alm zweigt links ein heftiges Trailwegerl ab. Stark verblockt und ger\u00f6llig, dicke Wurzeln und durch Almabtrieb zerst\u00f6rte Wegpassagen &#8211; heftig und nicht alles fahrbar. Au\u00dferdem sp\u00fcrte ich langsam den Kraftverlust und den Drang was zu Trinken. Gerade passend h\u00f6rte ich handgemachte Mussi aus der Buchauer Alm. Also k\u00fcrzte ich meinen Weg ab und bog an der Alm ab, um meine Energiereserven wieder zu f\u00fcllen. Mittlerweile war es Nachmittag und ich beendete hier den Trailtag mit einer easy Abfahrt zur\u00fcck zum Parkplatz.<\/p>\n<div class=\"passster-form\" id=\"ps-806\">\n    <form class=\"password-form\" method=\"post\" autocomplete=\"off\" target=\"_top\">\n        <span class=\"ps-form-headline\">Gesch\u00fctzter Bereich<\/span>\n        <div class=\"ps-form-instructions-wrap\">Dieser Inhalt ist passwortgesch\u00fctzt. Bitte gib dein Passwort ein um den Inhalt freizuschalten.<\/div>\n        <fieldset>\n            <span class=\"ps-loader\" style=\"display:none;\"><img decoding=\"async\" src=\"https:\/\/blog.sickculture.de\/wp-content\/plugins\/content-protector\/assets\/public\/ps-loader.svg\" alt=\"\" \/><\/span>\n            <label for=\"input-ps-806\" style=\"display:none;\" class=\"passster-hidden\">Trage dein Passwort ein<\/label>\n            <input placeholder=\"Gib dein Passwort ein..\" type=\"password\" tabindex=\"1\" name=\"passster_password\"\n                   id=\"input-ps-806\" class=\"passster-password\" autocomplete=\"off\"\n                   data-protection-type=\"password\" data-list=\"[PASSSTER_LIST]\" data-lists=\"[PASSSTER_LISTS]\" data-area=\"[PASSSTER_AREA]\"\n                   data-protection=\"[PASSSTER_PROTECTION]\">\n            \n            <button name=\"submit\" type=\"submit\" class=\"passster-submit\" data-psid=\"ps-806\" data-post-id=\"1181\" data-term-id=\"0\" \n                    data-submit=\"...Checking Password\" data-redirect=\"\">Freischalten\n            <\/button>\n            <div class=\"passster-error\"><\/div>\n        <\/fieldset>\n    <\/form>\n<\/div>\n\n<div id=\"s3gt_translate_tooltip_mini\" class=\"s3gt_translate_tooltip_mini_box\" style=\"background: initial !important; border: initial !important; border-radius: initial !important; border-spacing: initial !important; border-collapse: initial !important; direction: ltr !important; flex-direction: initial !important; font-weight: initial !important; height: initial !important; letter-spacing: initial !important; min-width: initial !important; max-width: initial !important; min-height: initial !important; max-height: initial !important; margin: auto !important; outline: initial !important; padding: initial !important; position: absolute; table-layout: initial !important; text-align: initial !important; text-shadow: initial !important; width: initial !important; word-break: initial !important; word-spacing: initial !important; overflow-wrap: initial !important; box-sizing: initial !important; display: initial !important; color: inherit !important; font-size: 13px !important; font-family: X-LocaleSpecific, sans-serif, Tahoma, Helvetica !important; line-height: 13px !important; vertical-align: top !important; white-space: inherit !important; left: 50px; top: 35px; opacity: 0.75;\">\n<div id=\"s3gt_translate_tooltip_mini_logo\" class=\"s3gt_translate_tooltip_mini\" title=\"Markierten Text \u00fcbersetzen\"><\/div>\n<div id=\"s3gt_translate_tooltip_mini_sound\" class=\"s3gt_translate_tooltip_mini\" title=\"Abspielen\"><\/div>\n<div id=\"s3gt_translate_tooltip_mini_copy\" class=\"s3gt_translate_tooltip_mini\" title=\"In Zwischenablage kopieren\"><\/div>\n<\/div>\n<p>[\/vc_column_text][\/vc_column][\/vc_row][vc_row][vc_column][vc_text_separator title=&#8221;F A Z I T&#8221;][\/vc_column][\/vc_row][vc_row][vc_column][vc_column_text]Darf man diese Tour weiterempfehlen? Gute Frage unter Bikebergsteigern&#8230; Das Rofan ist ein beliebtes Wanderziel, speziell die Rofanspitze, da diese mit Hilfe der Seilbahn relativ leicht erreichbar ist. Am Besten ist diese Tour au\u00dferhalb der Saison zu machen, wenn es wieder ruhiger wird. Der Aufstieg ist extrem ruhig, allerdings auch anstrengend und einen gewissen Ehrgeiz wird vorausgesetzt. Ich fand die Tour im Gro\u00dfen und Ganzen sch\u00f6n &#8211; allerdings nicht ganz mein Highlight, was ich erhofft habe. Landschaftlich Top![\/vc_column_text][\/vc_column][\/vc_row][vc_row][vc_column]<div class=\"ult_exp_section_layer ult-adjust-bottom-margin  \" >\n\t<div id=\"uvc-exp-wrap-6814\"   data-ultimate-target='#uvc-exp-wrap-6814'  data-responsive-json-new='{\"font-size\":\"desktop:20px;\",\"line-height\":\"desktop:20px;\"}'  class=\"ult_exp_section  ult-responsive \" style=\"color:#ffffff;background-color:#1e73be;font-family:Alfa Slab One;font-weight:bold;  text-align:center;\" data-textcolor=\"#ffffff\"data-texthover=\"#333333\"data-icncolor=\"#333333\"data-ihover=\"#333333\"data-height=\"0\"data-cntbg=\"#1e73be\"data-cnthvrbg=\"#e5e5e5\"data-headerbg=\"#1e73be\"data-headerhover=\"#e5e5e5\"data-title=\"BILDER\"data-newtitle=\"BILDER\"data-icon=\"\"data-newicon=\"\"data-activeicon=\"#333333\"data-effect=\"slideToggle\"data-override=\"0\"data-activetitle=\"#333333\"data-activebg=\"#dbdbdb\"data-img=\"\"data-newimg=\"\"><div  class=\"ult_exp_section-main \">\n\t\t\t\t\t<div class=\"ult_expheader\" >BILDER\n\t\t\t\t\t <\/div><\/div>\n\t\t\t\t<\/div><div class=\"ult_exp_content \" style=\"background-color:#dbdbdb;  \"><div class=\"ult_ecpsub_cont\" style=\" \" >[vc_column_text]<\/p>\n\n<p>[\/vc_column_text]<\/div><\/div>\n\n\t\t\t<\/div>[\/vc_column][\/vc_row]<\/p>\n<\/section>","protected":false},"excerpt":{"rendered":"<p>[vc_row][vc_column][vc_column_text] Highlight am Achensee Ab in d\u00b4 Rofa(n) BBS zur Rofanspitze 18. September 2018 Nochmals an den Achensee um einen Klassiker zu rocken &#8211; wie damals Rocken in der ROFA &#8211; nur diesmal mit dem Bike auf die Spitze des Rofans.[\/vc_column_text][\/vc_column][\/vc_row][vc_row][vc_column][vc_text_separator title=&#8221;B E S C H R E I B \u2026 <a class=\"continue-reading-link\" href=\"https:\/\/blog.sickculture.de\/?page_id=1181\"> Continue reading<\/a><\/p>\n","protected":false},"author":1,"featured_media":0,"parent":90,"menu_order":0,"comment_status":"closed","ping_status":"closed","template":"","meta":{"_s2mail":"yes","ngg_post_thumbnail":0,"footnotes":""},"categories":[15,4],"class_list":["post-1181","page","type-page","status-publish","hentry","category-15","category-mountainbike"],"jetpack_shortlink":"https:\/\/wp.me\/P7EPUT-j3","jetpack_sharing_enabled":true,"_links":{"self":[{"href":"https:\/\/blog.sickculture.de\/index.php?rest_route=\/wp\/v2\/pages\/1181","targetHints":{"allow":["GET"]}}],"collection":[{"href":"https:\/\/blog.sickculture.de\/index.php?rest_route=\/wp\/v2\/pages"}],"about":[{"href":"https:\/\/blog.sickculture.de\/index.php?rest_route=\/wp\/v2\/types\/page"}],"author":[{"embeddable":true,"href":"https:\/\/blog.sickculture.de\/index.php?rest_route=\/wp\/v2\/users\/1"}],"replies":[{"embeddable":true,"href":"https:\/\/blog.sickculture.de\/index.php?rest_route=%2Fwp%2Fv2%2Fcomments&post=1181"}],"version-history":[{"count":6,"href":"https:\/\/blog.sickculture.de\/index.php?rest_route=\/wp\/v2\/pages\/1181\/revisions"}],"predecessor-version":[{"id":1584,"href":"https:\/\/blog.sickculture.de\/index.php?rest_route=\/wp\/v2\/pages\/1181\/revisions\/1584"}],"up":[{"embeddable":true,"href":"https:\/\/blog.sickculture.de\/index.php?rest_route=\/wp\/v2\/pages\/90"}],"wp:attachment":[{"href":"https:\/\/blog.sickculture.de\/index.php?rest_route=%2Fwp%2Fv2%2Fmedia&parent=1181"}],"wp:term":[{"taxonomy":"category","embeddable":true,"href":"https:\/\/blog.sickculture.de\/index.php?rest_route=%2Fwp%2Fv2%2Fcategories&post=1181"}],"curies":[{"name":"wp","href":"https:\/\/api.w.org\/{rel}","templated":true}]}}