{"id":1195,"date":"2018-11-12T07:06:35","date_gmt":"2018-11-12T07:06:35","guid":{"rendered":"http:\/\/blog.sickculture.de\/?page_id=1195"},"modified":"2021-07-05T07:49:12","modified_gmt":"2021-07-05T07:49:12","slug":"2017-10-friederspitz-bbs-2-2-2-2-3-2-2-2-2-2","status":"publish","type":"page","link":"https:\/\/blog.sickculture.de\/?page_id=1195","title":{"rendered":"2018.11.11 Den Berg mit Gelbem Gew\u00e4nd gestept"},"content":{"rendered":"<section class=\"wpb-content-wrapper\"><p>[vc_row][vc_column][vc_column_text]<\/p>\n<p><img loading=\"lazy\" decoding=\"async\" class=\"alignnone size-full wp-image-1239\" src=\"http:\/\/blog.sickculture.de\/wp-content\/uploads\/2019\/02\/20181111_145222_0042__DSC3854_Screen.jpg\" alt=\"20181111_145222_0042__DSC3854_Screen\" width=\"1920\" height=\"1280\" srcset=\"https:\/\/blog.sickculture.de\/wp-content\/uploads\/2019\/02\/20181111_145222_0042__DSC3854_Screen.jpg 1920w, https:\/\/blog.sickculture.de\/wp-content\/uploads\/2019\/02\/20181111_145222_0042__DSC3854_Screen-300x200.jpg 300w, https:\/\/blog.sickculture.de\/wp-content\/uploads\/2019\/02\/20181111_145222_0042__DSC3854_Screen-768x512.jpg 768w, https:\/\/blog.sickculture.de\/wp-content\/uploads\/2019\/02\/20181111_145222_0042__DSC3854_Screen-1024x683.jpg 1024w, https:\/\/blog.sickculture.de\/wp-content\/uploads\/2019\/02\/20181111_145222_0042__DSC3854_Screen-225x150.jpg 225w, https:\/\/blog.sickculture.de\/wp-content\/uploads\/2019\/02\/20181111_145222_0042__DSC3854_Screen-150x100.jpg 150w\" sizes=\"auto, (max-width: 1920px) 100vw, 1920px\" \/><\/p>\n<p class=\"clear\">\n<h4 class=\"clear\" style=\"text-align: center;\"><span style=\"color: #808080;\"><strong>Heut\u00b4zum Biketanz<\/strong><\/span><span style=\"color: #0000ff;\"><strong><br \/>\n<\/strong><\/span><\/h4>\n<h1 style=\"text-align: center;\"><strong><span style=\"color: #0000ff;\"><span style=\"color: #3366ff;\">Den Berg mit Gelbem Gew\u00e4nd gestept<\/span><br \/>\n<\/span><\/strong><\/h1>\n<h4 style=\"text-align: center;\">Trailtour auf Stepbergalm mit Gelbem Gew\u00e4nd Trail<\/h4>\n<h2 style=\"text-align: center;\"><span style=\"color: #808080;\">11. November 2018<br \/>\n<\/span><\/h2>\n<hr \/>\n<p>Eigentlich hatte ich f\u00fcr 2018 schon fast abgeschlossen, doch wer dachte, dass im November noch so ein geiles Wetter ist? Also fuhren wir nochmals richtung Garmisch zum Biketanz.[\/vc_column_text][\/vc_column][\/vc_row][vc_row][vc_column][vc_text_separator title=&#8221;B E S C H R E I B U N G&#8221;][\/vc_column][\/vc_row][vc_row][vc_column][vc_column_text]Die F\u00f6hnlage in den Bergen haltet noch ein paar Tage. Deshalb fuhren Vinnie und ich nochmals in die Ammergauer Alpen um einen Klassiker unter die Stollen zu nehmen. Vinnie war sich nicht ganz 100% sicher, ob er einen Gro\u00dfteil unserer Trailabfahrt fahren kann, aber er meisterte die Strecke mit Bravour. Soviel schon mal vorweg. Doch vor dem Spass die Pflicht! Gute 450hm fuhren wir auf teils steiler Forststra\u00dfe von Grainau zur Rossalm. Dort f\u00fchrte der Weg steil weiter in Richtung Enningalm. Doch diesmal zweigten wir rechts ab und schoben unsere Bikes gem\u00fctlich \u00fcber einige Spitzkehren hoch zur Stepbergalm. Nichts los heute! Es war erschreckend ruhig.<\/p>\n<p>An der Stepbergalm \u00f6ffnet sich nat\u00fcrlich das perfekte Panorama auf\u00b4s Wettersteingebirge mit deren Zugspitze und Alpspitze. Tief unten liegt Garmisch &#8211; dort wollen wir wieder hin. Hier auf der Alm trafen wir wieder auf Wanderer, die gr\u00f6\u00dftenteils vom Kramer kamen und \u00fcber den Kreuzweg runterliefen. Ein Gruppe Biker gesellte sich auch zur Alm und fuhren dann auch den Kreuzweg ab. Nach ausgiebiger Rast hie\u00df es Sattel runter und rein in den &#8220;Tanz&#8221; \u00fcber Stock und Stein bergab. Der Trail durch\u00b4s Gelbe Gew\u00e4nd ist der direkte Weg nach Garmisch. Der Pfad ist gr\u00f6\u00dftenteils flowig und ausgesetzt. Er wird allerdings immer wieder mit Spitzkehren, engen Passagen, Seilsicherungen, Verblockungen und weiter unten durch Wurzelteppiche unterbrochen. Die sch\u00f6nste Stelle befindet sich in der oberen H\u00e4lfte der Abfahrt. Enge Kehren unter dem Gelben Gew\u00e4nd. Die erste Kehre hat es in sich, dann l\u00e4uft\u00b4s gut. Doch Vorsicht: der Abgrund lauert!<\/p>\n<p>Mit fettem Grinsen erreichten wir die Schotterstra\u00dfe. Schon fast entt\u00e4uschend dachte ich mir, war das schon alles an Trails? Das hei\u00dft nicht, dass der Trail zu kurz sei. Aber die Schotterabfahrt unterbricht den &#8220;Flow&#8221;. Zum Gl\u00fcck zweigt dann noch ein herrlicher Pfad rechts ab, der auf den Kramerplateau weg m\u00fcndet, kurz darauf verl\u00e4uft und dann an einer Bank rechts weiterf\u00fchrt. Ein sch\u00f6nes Trailfinale zum Schlu\u00df und fast direkt am Parkplatz m\u00fcndend. Hammer geile Abfahrt! Vorallem in der Nebensaison: Indian Summer Orange mit wenig Wanderer.<\/p>\n<div class=\"passster-form\" id=\"ps-372\">\n    <form class=\"password-form\" method=\"post\" autocomplete=\"off\" target=\"_top\">\n        <span class=\"ps-form-headline\">Gesch\u00fctzter Bereich<\/span>\n        <div class=\"ps-form-instructions-wrap\">Dieser Inhalt ist passwortgesch\u00fctzt. Bitte gib dein Passwort ein um den Inhalt freizuschalten.<\/div>\n        <fieldset>\n            <span class=\"ps-loader\" style=\"display:none;\"><img decoding=\"async\" src=\"https:\/\/blog.sickculture.de\/wp-content\/plugins\/content-protector\/assets\/public\/ps-loader.svg\" alt=\"\" \/><\/span>\n            <label for=\"input-ps-372\" style=\"display:none;\" class=\"passster-hidden\">Trage dein Passwort ein<\/label>\n            <input placeholder=\"Gib dein Passwort ein..\" type=\"password\" tabindex=\"1\" name=\"passster_password\"\n                   id=\"input-ps-372\" class=\"passster-password\" autocomplete=\"off\"\n                   data-protection-type=\"password\" data-list=\"[PASSSTER_LIST]\" data-lists=\"[PASSSTER_LISTS]\" data-area=\"[PASSSTER_AREA]\"\n                   data-protection=\"[PASSSTER_PROTECTION]\">\n            \n            <button name=\"submit\" type=\"submit\" class=\"passster-submit\" data-psid=\"ps-372\" data-post-id=\"1195\" data-term-id=\"0\" \n                    data-submit=\"...Checking Password\" data-redirect=\"\">Freischalten\n            <\/button>\n            <div class=\"passster-error\"><\/div>\n        <\/fieldset>\n    <\/form>\n<\/div>\n\n<div id=\"s3gt_translate_tooltip_mini\" class=\"s3gt_translate_tooltip_mini_box\" style=\"background: initial !important; border: initial !important; border-radius: initial !important; border-spacing: initial !important; border-collapse: initial !important; direction: ltr !important; flex-direction: initial !important; font-weight: initial !important; height: initial !important; letter-spacing: initial !important; min-width: initial !important; max-width: initial !important; min-height: initial !important; max-height: initial !important; margin: auto !important; outline: initial !important; padding: initial !important; position: absolute; table-layout: initial !important; text-align: initial !important; text-shadow: initial !important; width: initial !important; word-break: initial !important; word-spacing: initial !important; overflow-wrap: initial !important; box-sizing: initial !important; display: initial !important; color: inherit !important; font-size: 13px !important; font-family: X-LocaleSpecific, sans-serif, Tahoma, Helvetica !important; line-height: 13px !important; vertical-align: top !important; white-space: inherit !important; left: 50px; top: 35px; opacity: 0.75;\">\n<div id=\"s3gt_translate_tooltip_mini_logo\" class=\"s3gt_translate_tooltip_mini\" title=\"Markierten Text \u00fcbersetzen\"><\/div>\n<div id=\"s3gt_translate_tooltip_mini_sound\" class=\"s3gt_translate_tooltip_mini\" title=\"Abspielen\"><\/div>\n<div id=\"s3gt_translate_tooltip_mini_copy\" class=\"s3gt_translate_tooltip_mini\" title=\"In Zwischenablage kopieren\"><\/div>\n<\/div>\n<p>[\/vc_column_text][\/vc_column][\/vc_row][vc_row][vc_column][vc_text_separator title=&#8221;F A Z I T&#8221;][\/vc_column][\/vc_row][vc_row][vc_column][vc_column_text]Wir haben\u00b4s nochmals richtig krachen lassen und haben den Trail gestept! Alles richtig gemacht. Perfekte Randbingungen und genialer Trail. Dazu realtiv wenig H\u00f6henmeter und keine Tragepassage.[\/vc_column_text][\/vc_column][\/vc_row][vc_row][vc_column]<div class=\"ult_exp_section_layer ult-adjust-bottom-margin  \" >\n\t<div id=\"uvc-exp-wrap-3812\"   data-ultimate-target='#uvc-exp-wrap-3812'  data-responsive-json-new='{\"font-size\":\"desktop:20px;\",\"line-height\":\"desktop:20px;\"}'  class=\"ult_exp_section  ult-responsive \" style=\"color:#ffffff;background-color:#1e73be;font-family:Alfa Slab One;font-weight:bold;  text-align:center;\" data-textcolor=\"#ffffff\"data-texthover=\"#333333\"data-icncolor=\"#333333\"data-ihover=\"#333333\"data-height=\"0\"data-cntbg=\"#1e73be\"data-cnthvrbg=\"#e5e5e5\"data-headerbg=\"#1e73be\"data-headerhover=\"#e5e5e5\"data-title=\"BILDER\"data-newtitle=\"BILDER\"data-icon=\"\"data-newicon=\"\"data-activeicon=\"#333333\"data-effect=\"slideToggle\"data-override=\"0\"data-activetitle=\"#333333\"data-activebg=\"#dbdbdb\"data-img=\"\"data-newimg=\"\"><div  class=\"ult_exp_section-main \">\n\t\t\t\t\t<div class=\"ult_expheader\" >BILDER\n\t\t\t\t\t <\/div><\/div>\n\t\t\t\t<\/div><div class=\"ult_exp_content \" style=\"background-color:#dbdbdb;  \"><div class=\"ult_ecpsub_cont\" style=\" \" >[vc_column_text]<code><\/code><\/p>\n\n\t\t<style type=\"text\/css\">\n\t\t\t#gallery-1 {\n\t\t\t\tmargin: auto;\n\t\t\t}\n\t\t\t#gallery-1 .gallery-item {\n\t\t\t\tfloat: left;\n\t\t\t\tmargin-top: 10px;\n\t\t\t\ttext-align: center;\n\t\t\t\twidth: 100%;\n\t\t\t}\n\t\t\t#gallery-1 img {\n\t\t\t\tborder: 2px solid #cfcfcf;\n\t\t\t}\n\t\t\t#gallery-1 .gallery-caption {\n\t\t\t\tmargin-left: 0;\n\t\t\t}\n\t\t\t\/* see gallery_shortcode() in wp-includes\/media.php *\/\n\t\t<\/style>\n\t\t<div id='gallery-1' class='gallery galleryid-1195 gallery-columns-0 gallery-size-thumbnail'><dl class='gallery-item'>\n\t\t\t<dt class='gallery-icon landscape'>\n\t\t\t\t<a href='https:\/\/blog.sickculture.de\/?attachment_id=1199'><img loading=\"lazy\" decoding=\"async\" width=\"150\" height=\"150\" src=\"https:\/\/blog.sickculture.de\/wp-content\/uploads\/2018\/11\/20181111_gelbesgew\u00e4nd-150x150.jpg\" class=\"attachment-thumbnail size-thumbnail\" alt=\"\" \/><\/a>\n\t\t\t<\/dt><\/dl>\n\t\t<\/div>\n\n<p><code id=\"photonic_shortcode\"><\/code><\/p>\n<p>[\/vc_column_text]<\/div><\/div>\n\n\t\t\t<\/div>[\/vc_column][\/vc_row]<\/p>\n<\/section>","protected":false},"excerpt":{"rendered":"<p>[vc_row][vc_column][vc_column_text] Heut\u00b4zum Biketanz Den Berg mit Gelbem Gew\u00e4nd gestept Trailtour auf Stepbergalm mit Gelbem Gew\u00e4nd Trail 11. November 2018 Eigentlich hatte ich f\u00fcr 2018 schon fast abgeschlossen, doch wer dachte, dass im November noch so ein geiles Wetter ist? Also fuhren wir nochmals richtung Garmisch zum Biketanz.[\/vc_column_text][\/vc_column][\/vc_row][vc_row][vc_column][vc_text_separator title=&#8221;B E S \u2026 <a class=\"continue-reading-link\" href=\"https:\/\/blog.sickculture.de\/?page_id=1195\"> Continue reading<\/a><\/p>\n","protected":false},"author":1,"featured_media":0,"parent":90,"menu_order":0,"comment_status":"closed","ping_status":"closed","template":"","meta":{"_s2mail":"yes","ngg_post_thumbnail":0,"footnotes":""},"categories":[15,4],"class_list":["post-1195","page","type-page","status-publish","hentry","category-15","category-mountainbike"],"jetpack_shortlink":"https:\/\/wp.me\/P7EPUT-jh","jetpack_sharing_enabled":true,"_links":{"self":[{"href":"https:\/\/blog.sickculture.de\/index.php?rest_route=\/wp\/v2\/pages\/1195","targetHints":{"allow":["GET"]}}],"collection":[{"href":"https:\/\/blog.sickculture.de\/index.php?rest_route=\/wp\/v2\/pages"}],"about":[{"href":"https:\/\/blog.sickculture.de\/index.php?rest_route=\/wp\/v2\/types\/page"}],"author":[{"embeddable":true,"href":"https:\/\/blog.sickculture.de\/index.php?rest_route=\/wp\/v2\/users\/1"}],"replies":[{"embeddable":true,"href":"https:\/\/blog.sickculture.de\/index.php?rest_route=%2Fwp%2Fv2%2Fcomments&post=1195"}],"version-history":[{"count":7,"href":"https:\/\/blog.sickculture.de\/index.php?rest_route=\/wp\/v2\/pages\/1195\/revisions"}],"predecessor-version":[{"id":1583,"href":"https:\/\/blog.sickculture.de\/index.php?rest_route=\/wp\/v2\/pages\/1195\/revisions\/1583"}],"up":[{"embeddable":true,"href":"https:\/\/blog.sickculture.de\/index.php?rest_route=\/wp\/v2\/pages\/90"}],"wp:attachment":[{"href":"https:\/\/blog.sickculture.de\/index.php?rest_route=%2Fwp%2Fv2%2Fmedia&parent=1195"}],"wp:term":[{"taxonomy":"category","embeddable":true,"href":"https:\/\/blog.sickculture.de\/index.php?rest_route=%2Fwp%2Fv2%2Fcategories&post=1195"}],"curies":[{"name":"wp","href":"https:\/\/api.w.org\/{rel}","templated":true}]}}