{"id":1492,"date":"2020-06-02T14:14:03","date_gmt":"2020-06-02T14:14:03","guid":{"rendered":"http:\/\/blog.sickculture.de\/?page_id=1492"},"modified":"2021-07-05T07:32:12","modified_gmt":"2021-07-05T07:32:12","slug":"2017-10-friederspitz-bbs-2-2-2-2-3-2-2-2-2-2-2-2-2","status":"publish","type":"page","link":"https:\/\/blog.sickculture.de\/?page_id=1492","title":{"rendered":"2020.05 Den Gramersberger Reitsteig geritten"},"content":{"rendered":"<section class=\"wpb-content-wrapper\"><p>[vc_row][vc_column][vc_column_text]&nbsp;<\/p>\n<div class=\"embed-gphotos  wp-caption\"><a href=\"https:\/\/photos.google.com\/share\/AF1QipNuDNKBUwqARug6HAD_oXYFuw-V-LpLKVjBJLIj1xGJCo-GYWUnpthih9151ecPqA?key=N2d3aTctdFBMczd0UDdISDk5YnJBTjdlbkZjcmpR\" target=\"_blank\"><img loading=\"lazy\" decoding=\"async\"    src=\"https:\/\/lh3.googleusercontent.com\/5PvIdWlZMxbmRxBaczYAC0km_UzfX2c6iyUCSAv-Xsj0qxX_3dTirDV_qYnqbXyEz3h1JFZxR-26mWwUjieI__HR6x2dqn9c2-u1GBCWJ5KYcHdtE7xYqlLOii3Orgo0nLp625geJWs=w800-h1000\" width=\"800\" height=\"420\"   ><\/a><\/p>\n<p class=\"wp-caption-text\"><a href=\"https:\/\/photos.google.com\/share\/AF1QipNuDNKBUwqARug6HAD_oXYFuw-V-LpLKVjBJLIj1xGJCo-GYWUnpthih9151ecPqA?key=N2d3aTctdFBMczd0UDdISDk5YnJBTjdlbkZjcmpR\" target=\"_blank\">New photo by Thomas Mayer \/ Google Photos<\/a><\/p>\n<\/div>\n<h4 class=\"clear\" style=\"text-align: center;\"><span style=\"color: #808080;\"><strong>Bikebergsteiger Runde im Vorkarwendel<\/strong><\/span><span style=\"color: #0000ff;\"><strong><br \/>\n<\/strong><\/span><\/h4>\n<h1 style=\"text-align: center;\"><strong><span style=\"color: #0000ff;\">Den Gramersberger Reitsteig geritten<br \/>\n<\/span><\/strong><\/h1>\n<h4 style=\"text-align: center;\">mit Gipfelsturm auf den Grask\u00f6pfl<\/h4>\n<h2 style=\"text-align: center;\"><span style=\"color: #808080;\">27. Mai 2020<br \/>\n<\/span><\/h2>\n<hr>\n<p>Lange hat es auf sich warten lassen, da Corona uns Bergbegeisterte ausbremste. So hat es aber auch was Gutes: Unter der Woche eine herrliche Bikebergsteigertour im Vorkarwendel hingelegt.<\/p>\n<div id=\"s3gt_translate_tooltip_mini\" class=\"s3gt_translate_tooltip_mini_box\" style=\"background: initial !important; border: initial !important; border-radius: initial !important; border-spacing: initial !important; border-collapse: initial !important; direction: ltr !important; flex-direction: initial !important; font-weight: initial !important; height: initial !important; letter-spacing: initial !important; min-width: initial !important; max-width: initial !important; min-height: initial !important; max-height: initial !important; margin: auto !important; outline: initial !important; padding: initial !important; position: absolute; table-layout: initial !important; text-align: initial !important; text-shadow: initial !important; width: initial !important; word-break: initial !important; word-spacing: initial !important; overflow-wrap: initial !important; box-sizing: initial !important; display: initial !important; color: inherit !important; font-size: 13px !important; font-family: X-LocaleSpecific, sans-serif, Tahoma, Helvetica !important; line-height: 13px !important; vertical-align: top !important; white-space: inherit !important; left: 10px; top: 35px; opacity: 0.15;\">\n<div id=\"s3gt_translate_tooltip_mini_logo\" class=\"s3gt_translate_tooltip_mini\" title=\"Markierten Text \u00fcbersetzen\">&nbsp;<\/div>\n<div id=\"s3gt_translate_tooltip_mini_sound\" class=\"s3gt_translate_tooltip_mini\" title=\"Abspielen\">&nbsp;<\/div>\n<div id=\"s3gt_translate_tooltip_mini_copy\" class=\"s3gt_translate_tooltip_mini\" title=\"In Zwischenablage kopieren\">&nbsp;<\/div>\n<\/div>\n<p>[\/vc_column_text][\/vc_column][\/vc_row][vc_row][vc_column][vc_text_separator title=&#8221;B E S C H R E I B U N G&#8221;][\/vc_column][\/vc_row][vc_row][vc_column][vc_column_text]Corona hat nicht nur negative Seiten, nein &#8211; dank Corona konnte ich einige \u00dcberstunden abbauen und dank der Lockerungen eine geplante Tour auf den Gramersberger Reitsteig hinlegen. Mit von der Partie war Vinnie. So fuhren wir gem\u00fctlich an den Sylvensteinspeichersee und schwangen uns auf die Bikes. Doch vor dem Spass mu\u00df erst mal eine Rampe mit 15 Prozent Steigung bew\u00e4ltigt werden. &#8220;Eine&#8221; sei zu betonen! Kein Flachst\u00fcck und gef\u00fchlt steiler bis zur Alm, dann flachte der Weg ab und wurde zum Wandersteig. Der Steig unterhalb des Gramersberg r\u00fcber zum Grask\u00f6pfl ist nicht sonderlich schwer und relativ wenig fahrbar, aber die ausgesetzte Passage hat es schon in sich. Die Drahtseilsicherung ben\u00f6tigt man nicht wirklich, aber f\u00fcr nicht trittsichere auf jedenfall zu empfehlen. Zwischendrin konnte wir uns dem Trail auch auf dem Sattel g\u00f6nnen. Dann stiegen wir ohne Bikes noch auf den Grask\u00f6pfl empor um die Aussicht zu genie\u00dfen. Auf jedenfall sollte man nicht daran vorbeifahren. Der sportliche Gedanke w\u00e4re noch der Schafreiter gewesen, doch wir wollten einen gem\u00fctlichen Tag. So stiegen wir nach einer Rast ab zu unseren Bikes und fuhren r\u00fcber zur Moosenalm, an deren Fu\u00df rechts der Reitsteig abzweigt. Durch den enormen Ansturm am Vatertag stand dieser in der Presse und bei Locals in der Kritik. Also niemals am Wochenende, Ferienzeit oder Feiertag fahren. Der Weg (und auch der Gramerssteig) ist stark freqentiert. Wir hatten eine optimale Planungung unter der Woche mit herrlichem Wetter. So hatten wir so gut wie keinen Menschenkontakt w\u00e4hrend der Passagen am Steig. Schon genial, was unser &#8220;Ludwig&#8221; damals bauen lie\u00df. Ein wahrer Trailbauer war er. Enge Wege, nie steil, aber immer wieder zackig um die Kehre, dann wieder Flow mit offener Bremse. Ein Ewigkeitsritt auf unseren &#8220;Drahteseln&#8221;. Pr\u00e4dikat TOP Trail.<\/p>\n<p><span class=\"code\"><div class=\"passster-form\" id=\"ps-999\">\n    <form class=\"password-form\" method=\"post\" autocomplete=\"off\" target=\"_top\">\n        <span class=\"ps-form-headline\">Gesch\u00fctzter Bereich<\/span>\n        <div class=\"ps-form-instructions-wrap\">Dieser Inhalt ist passwortgesch\u00fctzt. Bitte gib dein Passwort ein um den Inhalt freizuschalten.<\/div>\n        <fieldset>\n            <span class=\"ps-loader\" style=\"display:none;\"><img decoding=\"async\" src=\"https:\/\/blog.sickculture.de\/wp-content\/plugins\/content-protector\/assets\/public\/ps-loader.svg\" alt=\"\" \/><\/span>\n            <label for=\"input-ps-999\" style=\"display:none;\" class=\"passster-hidden\">Trage dein Passwort ein<\/label>\n            <input placeholder=\"Gib dein Passwort ein..\" type=\"password\" tabindex=\"1\" name=\"passster_password\"\n                   id=\"input-ps-999\" class=\"passster-password\" autocomplete=\"off\"\n                   data-protection-type=\"password\" data-list=\"[PASSSTER_LIST]\" data-lists=\"[PASSSTER_LISTS]\" data-area=\"[PASSSTER_AREA]\"\n                   data-protection=\"[PASSSTER_PROTECTION]\">\n            \n            <button name=\"submit\" type=\"submit\" class=\"passster-submit\" data-psid=\"ps-999\" data-post-id=\"1492\" data-term-id=\"0\" \n                    data-submit=\"...Checking Password\" data-redirect=\"\">Freischalten\n            <\/button>\n            <div class=\"passster-error\"><\/div>\n        <\/fieldset>\n    <\/form>\n<\/div>\n<\/span><\/p>\n<div id=\"s3gt_translate_tooltip_mini\" class=\"s3gt_translate_tooltip_mini_box\" style=\"background: initial !important; border: initial !important; border-radius: initial !important; border-spacing: initial !important; border-collapse: initial !important; direction: ltr !important; flex-direction: initial !important; font-weight: initial !important; height: initial !important; letter-spacing: initial !important; min-width: initial !important; max-width: initial !important; min-height: initial !important; max-height: initial !important; margin: auto !important; outline: initial !important; padding: initial !important; position: absolute; table-layout: initial !important; text-align: initial !important; text-shadow: initial !important; width: initial !important; word-break: initial !important; word-spacing: initial !important; overflow-wrap: initial !important; box-sizing: initial !important; display: initial !important; color: inherit !important; font-size: 13px !important; font-family: X-LocaleSpecific, sans-serif, Tahoma, Helvetica !important; line-height: 13px !important; vertical-align: top !important; white-space: inherit !important; left: 50px; top: 35px; opacity: 0.75;\">\n<div id=\"s3gt_translate_tooltip_mini_logo\" class=\"s3gt_translate_tooltip_mini\" title=\"Markierten Text \u00fcbersetzen\">&nbsp;<\/div>\n<div id=\"s3gt_translate_tooltip_mini_sound\" class=\"s3gt_translate_tooltip_mini\" title=\"Abspielen\">&nbsp;<\/div>\n<div id=\"s3gt_translate_tooltip_mini_copy\" class=\"s3gt_translate_tooltip_mini\" title=\"In Zwischenablage kopieren\">&nbsp;<\/div>\n<\/div>\n<p>[\/vc_column_text][\/vc_column][\/vc_row][vc_row][vc_column][vc_text_separator title=&#8221;F A Z I T&#8221;][\/vc_column][\/vc_row][vc_row][vc_column][vc_column_text]Ein Ritt auf dem Reitsteig und dem ausgesetzten Wegerl am Gramersberg ist ein wirkliches Schmankerl. Am besten au\u00dferhalb der Saison und an trockenen Tagen zu fahren.[\/vc_column_text][\/vc_column][\/vc_row][vc_row][vc_column]<div class=\"ult_exp_section_layer ult-adjust-bottom-margin  \" >\n\t<div id=\"uvc-exp-wrap-8679\"   data-ultimate-target='#uvc-exp-wrap-8679'  data-responsive-json-new='{\"font-size\":\"desktop:20px;\",\"line-height\":\"desktop:20px;\"}'  class=\"ult_exp_section  ult-responsive \" style=\"color:#ffffff;background-color:#1e73be;font-family:Alfa Slab One;font-weight:bold;  text-align:center;\" data-textcolor=\"#ffffff\"data-texthover=\"#333333\"data-icncolor=\"#333333\"data-ihover=\"#333333\"data-height=\"0\"data-cntbg=\"#1e73be\"data-cnthvrbg=\"#e5e5e5\"data-headerbg=\"#1e73be\"data-headerhover=\"#e5e5e5\"data-title=\"BILDER\"data-newtitle=\"BILDER\"data-icon=\"\"data-newicon=\"\"data-activeicon=\"#333333\"data-effect=\"slideToggle\"data-override=\"0\"data-activetitle=\"#333333\"data-activebg=\"#dbdbdb\"data-img=\"\"data-newimg=\"\"><div  class=\"ult_exp_section-main \">\n\t\t\t\t\t<div class=\"ult_expheader\" >BILDER\n\t\t\t\t\t <\/div><\/div>\n\t\t\t\t<\/div><div class=\"ult_exp_content \" style=\"background-color:#dbdbdb;  \"><div class=\"ult_ecpsub_cont\" style=\" \" >[vc_column_text]<\/p>\n\n<p>[\/vc_column_text]<\/div><\/div>\n\n\t\t\t<\/div>[\/vc_column][\/vc_row]<\/p>\n<\/section>","protected":false},"excerpt":{"rendered":"<p>[vc_row][vc_column][vc_column_text]&nbsp; Bikebergsteiger Runde im Vorkarwendel Den Gramersberger Reitsteig geritten mit Gipfelsturm auf den Grask\u00f6pfl 27. Mai 2020 Lange hat es auf sich warten lassen, da Corona uns Bergbegeisterte ausbremste. So hat es aber auch was Gutes: Unter der Woche eine herrliche Bikebergsteigertour im Vorkarwendel hingelegt. &nbsp; &nbsp; &nbsp; [\/vc_column_text][\/vc_column][\/vc_row][vc_row][vc_column][vc_text_separator title=&#8221;B \u2026 <a class=\"continue-reading-link\" href=\"https:\/\/blog.sickculture.de\/?page_id=1492\"> Continue reading<\/a><\/p>\n","protected":false},"author":1,"featured_media":0,"parent":90,"menu_order":0,"comment_status":"closed","ping_status":"closed","template":"","meta":{"_s2mail":"yes","ngg_post_thumbnail":0,"footnotes":""},"categories":[17,4],"class_list":["post-1492","page","type-page","status-publish","hentry","category-17","category-mountainbike"],"jetpack_shortlink":"https:\/\/wp.me\/P7EPUT-o4","jetpack_sharing_enabled":true,"_links":{"self":[{"href":"https:\/\/blog.sickculture.de\/index.php?rest_route=\/wp\/v2\/pages\/1492","targetHints":{"allow":["GET"]}}],"collection":[{"href":"https:\/\/blog.sickculture.de\/index.php?rest_route=\/wp\/v2\/pages"}],"about":[{"href":"https:\/\/blog.sickculture.de\/index.php?rest_route=\/wp\/v2\/types\/page"}],"author":[{"embeddable":true,"href":"https:\/\/blog.sickculture.de\/index.php?rest_route=\/wp\/v2\/users\/1"}],"replies":[{"embeddable":true,"href":"https:\/\/blog.sickculture.de\/index.php?rest_route=%2Fwp%2Fv2%2Fcomments&post=1492"}],"version-history":[{"count":4,"href":"https:\/\/blog.sickculture.de\/index.php?rest_route=\/wp\/v2\/pages\/1492\/revisions"}],"predecessor-version":[{"id":1682,"href":"https:\/\/blog.sickculture.de\/index.php?rest_route=\/wp\/v2\/pages\/1492\/revisions\/1682"}],"up":[{"embeddable":true,"href":"https:\/\/blog.sickculture.de\/index.php?rest_route=\/wp\/v2\/pages\/90"}],"wp:attachment":[{"href":"https:\/\/blog.sickculture.de\/index.php?rest_route=%2Fwp%2Fv2%2Fmedia&parent=1492"}],"wp:term":[{"taxonomy":"category","embeddable":true,"href":"https:\/\/blog.sickculture.de\/index.php?rest_route=%2Fwp%2Fv2%2Fcategories&post=1492"}],"curies":[{"name":"wp","href":"https:\/\/api.w.org\/{rel}","templated":true}]}}