{"id":1523,"date":"2020-08-13T08:02:14","date_gmt":"2020-08-13T08:02:14","guid":{"rendered":"http:\/\/blog.sickculture.de\/?page_id=1523"},"modified":"2021-07-05T07:32:29","modified_gmt":"2021-07-05T07:32:29","slug":"2017-10-friederspitz-bbs-2-2-2-2-3-2-2-2-2-2-2-2-2-3-2","status":"publish","type":"page","link":"https:\/\/blog.sickculture.de\/?page_id=1523","title":{"rendered":"2020.08 Schwitzen am Kuchelberg"},"content":{"rendered":"<section class=\"wpb-content-wrapper\"><p>[vc_row][vc_column][vc_column_text]<\/p>\n<div class=\"embed-gphotos  wp-caption\"><a href=\"https:\/\/photos.google.com\/share\/AF1QipO6wq11CAebUmhgwNlG-AyW5co8hW5DvBcc3q7oZlrB1W4u8dxQMV4u6COYB760DA?key=SGpQVl96XzEwZkxsTFNDelZpaTNoU056ekVDOFRR\" target=\"_blank\"><img loading=\"lazy\" decoding=\"async\"    src=\"https:\/\/lh3.googleusercontent.com\/4vHHPLgzwGPrrXdGWgd9L5vz6R64Sj4hAQDNUUApsZkKEKWbHhlF9lUfxJe0NRR2r8K1ZRoXWzVIBmNKTfJo3Hv8fESEbDkYkvJkN2aT7MdGeWAFjTccy1NzB-jTxGLi67TzJGG1kcQ=w800-h1000\" width=\"800\" height=\"534\"   ><\/a><\/p>\n<p class=\"wp-caption-text\"><a href=\"https:\/\/photos.google.com\/share\/AF1QipO6wq11CAebUmhgwNlG-AyW5co8hW5DvBcc3q7oZlrB1W4u8dxQMV4u6COYB760DA?key=SGpQVl96XzEwZkxsTFNDelZpaTNoU056ekVDOFRR\" target=\"_blank\">New photo by Thomas Mayer \/ Google Photos<\/a><\/p>\n<\/div>\n<h4 class=\"clear\" style=\"text-align: center;\"><span style=\"color: #808080;\"><strong>Bikebergsteiger Runde<\/strong><\/span><span style=\"color: #0000ff;\"><strong><br \/>\n<\/strong><\/span><\/h4>\n<h1 style=\"text-align: center;\"><strong><span style=\"color: #0000ff;\">Schwitzen am Kuchelberg<br \/>\n<\/span><\/strong><\/h1>\n<h4 style=\"text-align: center;\">Ammergebirge<\/h4>\n<h2 style=\"text-align: center;\"><span style=\"color: #808080;\">12. August 2020<br \/>\n<\/span><\/h2>\n<hr>\n<p>Da brate mir jemand ein H\u00e4hnchen &#8211; hot,hot,hot. Eine schwei\u00dftreibende BBS Tour in den Ammergauer als Halbtagestour.<\/p>\n<div id=\"s3gt_translate_tooltip_mini\" class=\"s3gt_translate_tooltip_mini_box\" style=\"background: initial !important; border: initial !important; border-radius: initial !important; border-spacing: initial !important; border-collapse: initial !important; direction: ltr !important; flex-direction: initial !important; font-weight: initial !important; height: initial !important; letter-spacing: initial !important; min-width: initial !important; max-width: initial !important; min-height: initial !important; max-height: initial !important; margin: auto !important; outline: initial !important; padding: initial !important; position: absolute; table-layout: initial !important; text-align: initial !important; text-shadow: initial !important; width: initial !important; word-break: initial !important; word-spacing: initial !important; overflow-wrap: initial !important; box-sizing: initial !important; display: initial !important; color: inherit !important; font-size: 13px !important; font-family: X-LocaleSpecific, sans-serif, Tahoma, Helvetica !important; line-height: 13px !important; vertical-align: top !important; white-space: inherit !important; left: 10px; top: 35px; opacity: 0.15;\">\n<div id=\"s3gt_translate_tooltip_mini_logo\" class=\"s3gt_translate_tooltip_mini\" title=\"Markierten Text \u00fcbersetzen\">&nbsp;<\/div>\n<div id=\"s3gt_translate_tooltip_mini_sound\" class=\"s3gt_translate_tooltip_mini\" title=\"Abspielen\">&nbsp;<\/div>\n<div id=\"s3gt_translate_tooltip_mini_copy\" class=\"s3gt_translate_tooltip_mini\" title=\"In Zwischenablage kopieren\">&nbsp;<\/div>\n<\/div>\n<p>[\/vc_column_text][\/vc_column][\/vc_row][vc_row][vc_column][vc_text_separator title=&#8221;B E S C H R E I B U N G&#8221;][\/vc_column][\/vc_row][vc_row][vc_column][vc_column_text]Eine ganze Woche Urlaub und jeden Tag immer diese bl\u00f6den Gewitter am Nachmittag. So wurde die Tour von Montag auf Dienstag und letztendlich auf Mittwoch verschoben. Besser wird\u00b4s nimmer &#8211; nachmittags wieder Gewitter und Regenvorhersage. Wenn der Drang nach Berge da ist und die Begierde nach erster Ausfahrt mit neuem Bike gro\u00df ist, dann eine Halbtagestour in der Voralpenregion der Ammergauer Berge. So startet ich in Graswang gem\u00fctlich rollend dem Elmaugrie\u00df entgegen. Perfekt zum Einrollen. Nur sollte man nicht den Abzweig zum Kuchelberg verpassen. Ganz unscheinbar ohne Markierung zweigt n\u00e4mlich rechts ein kleiner Trampelpfad ab. In ettlichen Kehren dem k\u00f6niglichen Reitweg empor. Alles gut zu schieben, wenn auch 600hm in schw\u00fcler Hitze. Gut dass die Baumgrenze komplett bis zur H\u00fctte h\u00e4lt und zumindest Schatten bietet. Der Weg ist schmal, aber nie absch\u00fcssig oder verblockt. Ein Traum eines Flowtrails mit scharfen engen Kehren. An der H\u00fctte angekommen lud der Brunnen zur K\u00fchlung ein. Nach kurzer Rast ging es weiter Richtung Kuchelbergspitze. Die ersten H\u00f6henmeter bis zum Grat habe ich mein Bike noch geschultert. Dann aber entschieden, das Bike abzulegen und zu Fu\u00df hochzuwandern. Fahrend h\u00e4tte es im steilen und verblocktem Gel\u00e4nde keinen Sinn gemacht. Die Kehrenabfolge wird enger und alles steiler und rutschiger. Am Grat angekommen sah ich schon, dass es zuzog und ich bekam ein paar kleine Tropfen ab. In ca. 1,5 Std. sollte das Gewitter laut Wetterbericht beginnen. Also kurz futtern und ab zu meinem Drahtesel. Die Abfahrt war ein Traum, wenn auch nicht alle Kehren von mir machbar gewesen waren. Auch die Umgew\u00f6hnung an mein neues Bike war daran schuld. Mit meinem verspieltem alten Bike in Gr\u00f6\u00dfe S mit 26&#8243; Hinterrad und kurzem Radstand sicherlich in den Kehren mehr machbar gewesen. Ich mu\u00df mich an das Mullet mit 29\/27.5 erst gew\u00f6hnen. Auf Wurzeln alles spitze.<\/p>\n<p>Keine halbe Stunde sp\u00e4ter war der Spuck vorbei und ich rollte gem\u00fctlich zur\u00fcck zum Auto. Passt &#8211; man sah schon die Schleierwolken und ein leichtes Donnern war h\u00f6rbar.<\/p>\n<p><span class=\"code\"><div class=\"passster-form\" id=\"ps-799\">\n    <form class=\"password-form\" method=\"post\" autocomplete=\"off\" target=\"_top\">\n        <span class=\"ps-form-headline\">Gesch\u00fctzter Bereich<\/span>\n        <div class=\"ps-form-instructions-wrap\">Dieser Inhalt ist passwortgesch\u00fctzt. Bitte gib dein Passwort ein um den Inhalt freizuschalten.<\/div>\n        <fieldset>\n            <span class=\"ps-loader\" style=\"display:none;\"><img decoding=\"async\" src=\"https:\/\/blog.sickculture.de\/wp-content\/plugins\/content-protector\/assets\/public\/ps-loader.svg\" alt=\"\" \/><\/span>\n            <label for=\"input-ps-799\" style=\"display:none;\" class=\"passster-hidden\">Trage dein Passwort ein<\/label>\n            <input placeholder=\"Gib dein Passwort ein..\" type=\"password\" tabindex=\"1\" name=\"passster_password\"\n                   id=\"input-ps-799\" class=\"passster-password\" autocomplete=\"off\"\n                   data-protection-type=\"password\" data-list=\"[PASSSTER_LIST]\" data-lists=\"[PASSSTER_LISTS]\" data-area=\"[PASSSTER_AREA]\"\n                   data-protection=\"[PASSSTER_PROTECTION]\">\n            \n            <button name=\"submit\" type=\"submit\" class=\"passster-submit\" data-psid=\"ps-799\" data-post-id=\"1523\" data-term-id=\"0\" \n                    data-submit=\"...Checking Password\" data-redirect=\"\">Freischalten\n            <\/button>\n            <div class=\"passster-error\"><\/div>\n        <\/fieldset>\n    <\/form>\n<\/div>\n<\/span><\/p>\n<div id=\"s3gt_translate_tooltip_mini\" class=\"s3gt_translate_tooltip_mini_box\" style=\"background: initial !important; border: initial !important; border-radius: initial !important; border-spacing: initial !important; border-collapse: initial !important; direction: ltr !important; flex-direction: initial !important; font-weight: initial !important; height: initial !important; letter-spacing: initial !important; min-width: initial !important; max-width: initial !important; min-height: initial !important; max-height: initial !important; margin: auto !important; outline: initial !important; padding: initial !important; position: absolute; table-layout: initial !important; text-align: initial !important; text-shadow: initial !important; width: initial !important; word-break: initial !important; word-spacing: initial !important; overflow-wrap: initial !important; box-sizing: initial !important; display: initial !important; color: inherit !important; font-size: 13px !important; font-family: X-LocaleSpecific, sans-serif, Tahoma, Helvetica !important; line-height: 13px !important; vertical-align: top !important; white-space: inherit !important; left: 50px; top: 35px; opacity: 0.75;\">\n<div id=\"s3gt_translate_tooltip_mini_logo\" class=\"s3gt_translate_tooltip_mini\" title=\"Markierten Text \u00fcbersetzen\">&nbsp;<\/div>\n<div id=\"s3gt_translate_tooltip_mini_sound\" class=\"s3gt_translate_tooltip_mini\" title=\"Abspielen\">&nbsp;<\/div>\n<div id=\"s3gt_translate_tooltip_mini_copy\" class=\"s3gt_translate_tooltip_mini\" title=\"In Zwischenablage kopieren\">&nbsp;<\/div>\n<\/div>\n<p>[\/vc_column_text][\/vc_column][\/vc_row][vc_row][vc_column][vc_text_separator title=&#8221;F A Z I T&#8221;][\/vc_column][\/vc_row][vc_row][vc_column][vc_column_text]Keine Menschenseele getroffen, erst wieder im Elmautal (Linderhof Region). Auffahrt im Schatten und flowiger technischer Trail &#8211; gebaut von unserem Kini. Wem das nicht reicht: Kienjoch gegen\u00fcber&#8230;[\/vc_column_text][\/vc_column][\/vc_row][vc_row][vc_column]<div class=\"ult_exp_section_layer ult-adjust-bottom-margin  \" >\n\t<div id=\"uvc-exp-wrap-9664\"   data-ultimate-target='#uvc-exp-wrap-9664'  data-responsive-json-new='{\"font-size\":\"desktop:20px;\",\"line-height\":\"desktop:20px;\"}'  class=\"ult_exp_section  ult-responsive \" style=\"color:#ffffff;background-color:#1e73be;font-family:Alfa Slab One;font-weight:bold;  text-align:center;\" data-textcolor=\"#ffffff\"data-texthover=\"#333333\"data-icncolor=\"#333333\"data-ihover=\"#333333\"data-height=\"0\"data-cntbg=\"#1e73be\"data-cnthvrbg=\"#e5e5e5\"data-headerbg=\"#1e73be\"data-headerhover=\"#e5e5e5\"data-title=\"BILDER\"data-newtitle=\"BILDER\"data-icon=\"\"data-newicon=\"\"data-activeicon=\"#333333\"data-effect=\"slideToggle\"data-override=\"0\"data-activetitle=\"#333333\"data-activebg=\"#dbdbdb\"data-img=\"\"data-newimg=\"\"><div  class=\"ult_exp_section-main \">\n\t\t\t\t\t<div class=\"ult_expheader\" >BILDER\n\t\t\t\t\t <\/div><\/div>\n\t\t\t\t<\/div><div class=\"ult_exp_content \" style=\"background-color:#dbdbdb;  \"><div class=\"ult_ecpsub_cont\" style=\" \" >[vc_column_text]<\/p>\n\n<p>[\/vc_column_text]<\/div><\/div>\n\n\t\t\t<\/div>[\/vc_column][\/vc_row]<\/p>\n<\/section>","protected":false},"excerpt":{"rendered":"<p>[vc_row][vc_column][vc_column_text] Bikebergsteiger Runde Schwitzen am Kuchelberg Ammergebirge 12. August 2020 Da brate mir jemand ein H\u00e4hnchen &#8211; hot,hot,hot. Eine schwei\u00dftreibende BBS Tour in den Ammergauer als Halbtagestour. &nbsp; &nbsp; &nbsp; [\/vc_column_text][\/vc_column][\/vc_row][vc_row][vc_column][vc_text_separator title=&#8221;B E S C H R E I B U N G&#8221;][\/vc_column][\/vc_row][vc_row][vc_column][vc_column_text]Eine ganze Woche Urlaub und jeden Tag immer \u2026 <a class=\"continue-reading-link\" href=\"https:\/\/blog.sickculture.de\/?page_id=1523\"> Continue reading<\/a><\/p>\n","protected":false},"author":1,"featured_media":0,"parent":90,"menu_order":0,"comment_status":"closed","ping_status":"closed","template":"","meta":{"_s2mail":"yes","ngg_post_thumbnail":0,"footnotes":""},"categories":[17,4],"class_list":["post-1523","page","type-page","status-publish","hentry","category-17","category-mountainbike"],"jetpack_shortlink":"https:\/\/wp.me\/P7EPUT-oz","jetpack_sharing_enabled":true,"_links":{"self":[{"href":"https:\/\/blog.sickculture.de\/index.php?rest_route=\/wp\/v2\/pages\/1523","targetHints":{"allow":["GET"]}}],"collection":[{"href":"https:\/\/blog.sickculture.de\/index.php?rest_route=\/wp\/v2\/pages"}],"about":[{"href":"https:\/\/blog.sickculture.de\/index.php?rest_route=\/wp\/v2\/types\/page"}],"author":[{"embeddable":true,"href":"https:\/\/blog.sickculture.de\/index.php?rest_route=\/wp\/v2\/users\/1"}],"replies":[{"embeddable":true,"href":"https:\/\/blog.sickculture.de\/index.php?rest_route=%2Fwp%2Fv2%2Fcomments&post=1523"}],"version-history":[{"count":3,"href":"https:\/\/blog.sickculture.de\/index.php?rest_route=\/wp\/v2\/pages\/1523\/revisions"}],"predecessor-version":[{"id":1573,"href":"https:\/\/blog.sickculture.de\/index.php?rest_route=\/wp\/v2\/pages\/1523\/revisions\/1573"}],"up":[{"embeddable":true,"href":"https:\/\/blog.sickculture.de\/index.php?rest_route=\/wp\/v2\/pages\/90"}],"wp:attachment":[{"href":"https:\/\/blog.sickculture.de\/index.php?rest_route=%2Fwp%2Fv2%2Fmedia&parent=1523"}],"wp:term":[{"taxonomy":"category","embeddable":true,"href":"https:\/\/blog.sickculture.de\/index.php?rest_route=%2Fwp%2Fv2%2Fcategories&post=1523"}],"curies":[{"name":"wp","href":"https:\/\/api.w.org\/{rel}","templated":true}]}}