{"id":1528,"date":"2020-08-21T08:36:33","date_gmt":"2020-08-21T08:36:33","guid":{"rendered":"http:\/\/blog.sickculture.de\/?page_id=1528"},"modified":"2023-01-24T12:48:56","modified_gmt":"2023-01-24T12:48:56","slug":"2017-10-friederspitz-bbs-2-2-2-2-3-2-2-2-2-2-2-2-2-3-2-2","status":"publish","type":"page","link":"https:\/\/blog.sickculture.de\/?page_id=1528","title":{"rendered":"2020.08 Zweigipfel BBS Ponten und B\u00b4schie\u00dfer"},"content":{"rendered":"<section class=\"wpb-content-wrapper\"><p>[vc_row][vc_column][vc_column_text]<\/p>\n<h4 class=\"clear\" style=\"text-align: center;\"><span style=\"color: #808080;\"><strong><img loading=\"lazy\" decoding=\"async\" class=\"aligncenter size-large wp-image-1529\" src=\"http:\/\/blog.sickculture.de\/wp-content\/uploads\/2020\/08\/PontenBschie\u00dfer-1024x538.jpg\" alt=\"\" width=\"800\" height=\"420\" srcset=\"https:\/\/blog.sickculture.de\/wp-content\/uploads\/2020\/08\/PontenBschie\u00dfer-1024x538.jpg 1024w, https:\/\/blog.sickculture.de\/wp-content\/uploads\/2020\/08\/PontenBschie\u00dfer-300x158.jpg 300w, https:\/\/blog.sickculture.de\/wp-content\/uploads\/2020\/08\/PontenBschie\u00dfer-768x403.jpg 768w, https:\/\/blog.sickculture.de\/wp-content\/uploads\/2020\/08\/PontenBschie\u00dfer-250x131.jpg 250w, https:\/\/blog.sickculture.de\/wp-content\/uploads\/2020\/08\/PontenBschie\u00dfer-150x79.jpg 150w, https:\/\/blog.sickculture.de\/wp-content\/uploads\/2020\/08\/PontenBschie\u00dfer.jpg 1200w\" sizes=\"auto, (max-width: 800px) 100vw, 800px\" \/>Bikebergsteiger Runde<\/strong><\/span><span style=\"color: #0000ff;\"><strong><br \/>\n<\/strong><\/span><\/h4>\n<h1 style=\"text-align: center;\"><strong><span style=\"color: #0000ff;\">Ponten und B\u00b4schie\u00dfer<br \/>\n<\/span><\/strong><\/h1>\n<h4 style=\"text-align: center;\">Tannheimer Tal<\/h4>\n<h2 style=\"text-align: center;\"><span style=\"color: #808080;\">20. August 2020<br \/>\n<\/span><\/h2>\n<hr>\n<p>Really Hot Day! Diesmal standen zwei Gipfel auf dem Plan, die ich mit Bike bestiegen habe.<\/p>\n<div id=\"s3gt_translate_tooltip_mini\" class=\"s3gt_translate_tooltip_mini_box\" style=\"background: initial !important; border: initial !important; border-radius: initial !important; border-spacing: initial !important; border-collapse: initial !important; direction: ltr !important; flex-direction: initial !important; font-weight: initial !important; height: initial !important; letter-spacing: initial !important; min-width: initial !important; max-width: initial !important; min-height: initial !important; max-height: initial !important; margin: auto !important; outline: initial !important; padding: initial !important; position: absolute; table-layout: initial !important; text-align: initial !important; text-shadow: initial !important; width: initial !important; word-break: initial !important; word-spacing: initial !important; overflow-wrap: initial !important; box-sizing: initial !important; display: initial !important; color: inherit !important; font-size: 13px !important; font-family: X-LocaleSpecific, sans-serif, Tahoma, Helvetica !important; line-height: 13px !important; vertical-align: top !important; white-space: inherit !important; left: 10px; top: 35px; opacity: 0.15;\">\n<div id=\"s3gt_translate_tooltip_mini_logo\" class=\"s3gt_translate_tooltip_mini\" title=\"Markierten Text \u00fcbersetzen\">&nbsp;<\/div>\n<div id=\"s3gt_translate_tooltip_mini_sound\" class=\"s3gt_translate_tooltip_mini\" title=\"Abspielen\">&nbsp;<\/div>\n<div id=\"s3gt_translate_tooltip_mini_copy\" class=\"s3gt_translate_tooltip_mini\" title=\"In Zwischenablage kopieren\">&nbsp;<\/div>\n<\/div>\n<p>[\/vc_column_text][\/vc_column][\/vc_row][vc_row][vc_column][vc_text_separator title=&#8221;B E S C H R E I B U N G&#8221;][\/vc_column][\/vc_row][vc_row][vc_column][vc_column_text]Bike at Home sweet Home &#8211; Covid19 ist noch immer im Gange und ein langer Trip ins Ausland ist immer noch nicht ganz in meinem Kopf. Also nochmals das sch\u00f6ne Wetter ausgenutzt und einen Tagesausflug ins Tannheimer Tal gemacht. Diese beiden Gipfel sind quasi als Paar machbar. Entweder als Rundweg oder wie ich von Schattwald gem\u00fctlich zur Oberen Stuibensennalpe radeln und dann mit \u00dcbergep\u00e4ck das Bike zum G\u00fcntle tragen. Hier kann man sich entscheiden oder eben beide mitnehmen. Ich ging zuerst links hoch zum Ponten. Nach 2\/3 des Weges setzte ich den Weg ohne Bike fort. Gut, ist eigentlich nur eine knifflige Passage, der Rest oben ist wieder ein herrlicher Gratweg. Das letzte St\u00fcck zum Kreuz ist nicht fahrbar. Auch heute waren ettliche Wanderer unterwegs, allerdings ohne Konflikte. Dann wieder zur\u00fcck zum G\u00fcntle, dem Taleinschnitt zwischen Ponten und Bschie\u00dfer (auch Bschei\u00dfer genannt). Die Querung zum Bschie\u00dfer ist teils fahrbar, teils zum Schieben und Tragen. Nach fast einer halben Stunde steht man oben am Bschie\u00dfer. Ein herrliches Panorama. Und ettliche verwunderte Blicke der Wanderer. Nach ausgiebiger Rast hie\u00df es Protektoren an und bereitmachen f\u00fcr die &#8220;epische&#8221; Abfahrt. Episch ist f\u00fcr den einen ein Genu\u00df, f\u00fcr den anderen ein Gro\u00dfes Fragezeichen! Ich wollte eigentlich wieder \u00fcber die Aufstiegsvariante ins Tal fahren oder zumindest vor der Zipfelsalpe rechts runterfahren, jedoch bekam ich den Tipp, den epischen Zipfeltrail nach Hinterstein zu machen. Bis zur gutbesuchten Zipfelalpe ist der Weg spitze. Oben noch steinig und schroff, unten raus dann \u00fcber einen Almboden zur Alpe. Dann folgt ein sch\u00f6ner Panorama H\u00f6henweg, ehe es ziemlich verblockt und mit gro\u00dfen Wurzeln und Abs\u00e4tzen auf teils ausgesetztem und engen Weg ins Tal geht. Nicht alles fahrbar! Ich w\u00fcrde mich definitiv bei Wiederholung gegen diesen Pfad aussprechen. Von Hinterstein kam die schwei\u00dftreibende R\u00fcckfahrt hoch zum Oberjoch noch ins Spiel. Nicht steil, aber voll der Sonne ausgesetzt und bei 32 Grad kein Zuckerschlecken.<\/p>\n<p><span class=\"code\"><div class=\"passster-form\" id=\"ps-322\">\n    <form class=\"password-form\" method=\"post\" autocomplete=\"off\" target=\"_top\">\n        <span class=\"ps-form-headline\">Gesch\u00fctzter Bereich<\/span>\n        <div class=\"ps-form-instructions-wrap\">Dieser Inhalt ist passwortgesch\u00fctzt. Bitte gib dein Passwort ein um den Inhalt freizuschalten.<\/div>\n        <fieldset>\n            <span class=\"ps-loader\" style=\"display:none;\"><img decoding=\"async\" src=\"https:\/\/blog.sickculture.de\/wp-content\/plugins\/content-protector\/assets\/public\/ps-loader.svg\" alt=\"\" \/><\/span>\n            <label for=\"input-ps-322\" style=\"display:none;\" class=\"passster-hidden\">Trage dein Passwort ein<\/label>\n            <input placeholder=\"Gib dein Passwort ein..\" type=\"password\" tabindex=\"1\" name=\"passster_password\"\n                   id=\"input-ps-322\" class=\"passster-password\" autocomplete=\"off\"\n                   data-protection-type=\"password\" data-list=\"[PASSSTER_LIST]\" data-lists=\"[PASSSTER_LISTS]\" data-area=\"[PASSSTER_AREA]\"\n                   data-protection=\"[PASSSTER_PROTECTION]\">\n            \n            <button name=\"submit\" type=\"submit\" class=\"passster-submit\" data-psid=\"ps-322\" data-post-id=\"1528\" data-term-id=\"0\" \n                    data-submit=\"...Checking Password\" data-redirect=\"\">Freischalten\n            <\/button>\n            <div class=\"passster-error\"><\/div>\n        <\/fieldset>\n    <\/form>\n<\/div>\n<\/span><\/p>\n<div id=\"s3gt_translate_tooltip_mini\" class=\"s3gt_translate_tooltip_mini_box\" style=\"background: initial !important; border: initial !important; border-radius: initial !important; border-spacing: initial !important; border-collapse: initial !important; direction: ltr !important; flex-direction: initial !important; font-weight: initial !important; height: initial !important; letter-spacing: initial !important; min-width: initial !important; max-width: initial !important; min-height: initial !important; max-height: initial !important; margin: auto !important; outline: initial !important; padding: initial !important; position: absolute; table-layout: initial !important; text-align: initial !important; text-shadow: initial !important; width: initial !important; word-break: initial !important; word-spacing: initial !important; overflow-wrap: initial !important; box-sizing: initial !important; display: initial !important; color: inherit !important; font-size: 13px !important; font-family: X-LocaleSpecific, sans-serif, Tahoma, Helvetica !important; line-height: 13px !important; vertical-align: top !important; white-space: inherit !important; left: 50px; top: 35px; opacity: 0.75;\">\n<div id=\"s3gt_translate_tooltip_mini_logo\" class=\"s3gt_translate_tooltip_mini\" title=\"Markierten Text \u00fcbersetzen\">&nbsp;<\/div>\n<div id=\"s3gt_translate_tooltip_mini_sound\" class=\"s3gt_translate_tooltip_mini\" title=\"Abspielen\">&nbsp;<\/div>\n<div id=\"s3gt_translate_tooltip_mini_copy\" class=\"s3gt_translate_tooltip_mini\" title=\"In Zwischenablage kopieren\">&nbsp;<\/div>\n<\/div>\n<p>[\/vc_column_text][\/vc_column][\/vc_row][vc_row][vc_column][vc_text_separator title=&#8221;F A Z I T&#8221;][\/vc_column][\/vc_row][vc_row][vc_column][vc_column_text]Wegen der Aussicht ist es die Tour wert. Man tr\u00e4gt sein Bike zwar 2\/3 bis 3\/4 der Tour, hat aber ein super Panorama \u00fcber die Allg\u00e4uer Alpen. Abfahrtstechnisch gibt es Besserungsarbeit.[\/vc_column_text][\/vc_column][\/vc_row][vc_row][vc_column]<div class=\"ult_exp_section_layer ult-adjust-bottom-margin  \" >\n\t<div id=\"uvc-exp-wrap-5227\"   data-ultimate-target='#uvc-exp-wrap-5227'  data-responsive-json-new='{\"font-size\":\"desktop:20px;\",\"line-height\":\"desktop:20px;\"}'  class=\"ult_exp_section  ult-responsive \" style=\"color:#ffffff;background-color:#1e73be;font-family:Alfa Slab One;font-weight:bold;  text-align:center;\" data-textcolor=\"#ffffff\"data-texthover=\"#333333\"data-icncolor=\"#333333\"data-ihover=\"#333333\"data-height=\"0\"data-cntbg=\"#1e73be\"data-cnthvrbg=\"#e5e5e5\"data-headerbg=\"#1e73be\"data-headerhover=\"#e5e5e5\"data-title=\"BILDER\"data-newtitle=\"BILDER\"data-icon=\"\"data-newicon=\"\"data-activeicon=\"#333333\"data-effect=\"slideToggle\"data-override=\"0\"data-activetitle=\"#333333\"data-activebg=\"#dbdbdb\"data-img=\"\"data-newimg=\"\"><div  class=\"ult_exp_section-main \">\n\t\t\t\t\t<div class=\"ult_expheader\" >BILDER\n\t\t\t\t\t <\/div><\/div>\n\t\t\t\t<\/div><div class=\"ult_exp_content \" style=\"background-color:#dbdbdb;  \"><div class=\"ult_ecpsub_cont\" style=\" \" >\n\t\t\t<div  class=\"ult_tabitemname\"  >\n\t\t\t\t\n\t<div class=\" tabcontents   \" >\n\t\t<div class=\"wpb_wrapper wpb_tour_tabs_wrapper ui-tabs vc_clearfix\">\n\t\t\t\n\t\t<div id=\"tabs-1174731038\" class=\"icontabs\">\n    \t<nav>\n    \t<input class=\"tabs_id\" type=\"hidden\" value=\"1174731038\" >\n        <ul><li> <a style=\"\" class=\"\" href=\"#tab-1625468928-1-76\"><i class=\"fa fa-arrows-alt\"><\/i><span>2 Gipfel<\/span><\/a><\/li><\/ul>\n    \t<\/nav>\n <div class=\"tabcontent\">\n\t\t\t<section class=\"tabsection\" id=\"tab-1625468928-1-76\">[vc_column_text]<\/p>\n\n\t\t<style type=\"text\/css\">\n\t\t\t#gallery-2 {\n\t\t\t\tmargin: auto;\n\t\t\t}\n\t\t\t#gallery-2 .gallery-item {\n\t\t\t\tfloat: left;\n\t\t\t\tmargin-top: 10px;\n\t\t\t\ttext-align: center;\n\t\t\t\twidth: 33%;\n\t\t\t}\n\t\t\t#gallery-2 img {\n\t\t\t\tborder: 2px solid #cfcfcf;\n\t\t\t}\n\t\t\t#gallery-2 .gallery-caption {\n\t\t\t\tmargin-left: 0;\n\t\t\t}\n\t\t\t\/* see gallery_shortcode() in wp-includes\/media.php *\/\n\t\t<\/style>\n\t\t<div id='gallery-2' class='gallery galleryid-1528 gallery-columns-3 gallery-size-thumbnail'><dl class='gallery-item'>\n\t\t\t<dt class='gallery-icon landscape'>\n\t\t\t\t<a href='https:\/\/blog.sickculture.de\/?attachment_id=1529'><img loading=\"lazy\" decoding=\"async\" width=\"150\" height=\"150\" src=\"https:\/\/blog.sickculture.de\/wp-content\/uploads\/2020\/08\/PontenBschie\u00dfer-150x150.jpg\" class=\"attachment-thumbnail size-thumbnail\" alt=\"\" \/><\/a>\n\t\t\t<\/dt><\/dl>\n\t\t\t<br style='clear: both' \/>\n\t\t<\/div>\n\n<p>[\/vc_column_text]<\/section> <\/div>\n\t\t<\/div> \n\t<\/div> <script type=\"text\/javascript\">\n\t\t\t(function($){\n\t\t\t$(\"document\").ready(function(){\n\t\t\t    new CBPFWTabs( document.getElementById( \"tabs-1174731038\" ) );\n\n\t\t\t\t\t\t})\n\t\t\t})(jQuery);\n\n\t\t<\/script>\n\n\t\t<\/div>\n\t\t\t<\/div>[vc_column_text]<\/p>\n\n\t\t<style type=\"text\/css\">\n\t\t\t#gallery-3 {\n\t\t\t\tmargin: auto;\n\t\t\t}\n\t\t\t#gallery-3 .gallery-item {\n\t\t\t\tfloat: left;\n\t\t\t\tmargin-top: 10px;\n\t\t\t\ttext-align: center;\n\t\t\t\twidth: 33%;\n\t\t\t}\n\t\t\t#gallery-3 img {\n\t\t\t\tborder: 2px solid #cfcfcf;\n\t\t\t}\n\t\t\t#gallery-3 .gallery-caption {\n\t\t\t\tmargin-left: 0;\n\t\t\t}\n\t\t\t\/* see gallery_shortcode() in wp-includes\/media.php *\/\n\t\t<\/style>\n\t\t<div id='gallery-3' class='gallery galleryid-1528 gallery-columns-3 gallery-size-thumbnail'><dl class='gallery-item'>\n\t\t\t<dt class='gallery-icon landscape'>\n\t\t\t\t<a href='https:\/\/blog.sickculture.de\/?attachment_id=1529'><img loading=\"lazy\" decoding=\"async\" width=\"150\" height=\"150\" src=\"https:\/\/blog.sickculture.de\/wp-content\/uploads\/2020\/08\/PontenBschie\u00dfer-150x150.jpg\" class=\"attachment-thumbnail size-thumbnail\" alt=\"\" \/><\/a>\n\t\t\t<\/dt><\/dl>\n\t\t\t<br style='clear: both' \/>\n\t\t<\/div>\n\n<p>[\/vc_column_text]<\/div><\/div>\n\n\t\t\t<\/div>[\/vc_column][\/vc_row]<\/p>\n<\/section>","protected":false},"excerpt":{"rendered":"<p>[vc_row][vc_column][vc_column_text] Bikebergsteiger Runde Ponten und B\u00b4schie\u00dfer Tannheimer Tal 20. August 2020 Really Hot Day! Diesmal standen zwei Gipfel auf dem Plan, die ich mit Bike bestiegen habe. &nbsp; &nbsp; &nbsp; [\/vc_column_text][\/vc_column][\/vc_row][vc_row][vc_column][vc_text_separator title=&#8221;B E S C H R E I B U N G&#8221;][\/vc_column][\/vc_row][vc_row][vc_column][vc_column_text]Bike at Home sweet Home &#8211; Covid19 ist \u2026 <a class=\"continue-reading-link\" href=\"https:\/\/blog.sickculture.de\/?page_id=1528\"> Continue reading<\/a><\/p>\n","protected":false},"author":1,"featured_media":0,"parent":90,"menu_order":0,"comment_status":"closed","ping_status":"closed","template":"","meta":{"_s2mail":"yes","ngg_post_thumbnail":0,"footnotes":""},"categories":[17,4],"class_list":["post-1528","page","type-page","status-publish","hentry","category-17","category-mountainbike"],"jetpack_shortlink":"https:\/\/wp.me\/P7EPUT-oE","jetpack_sharing_enabled":true,"_links":{"self":[{"href":"https:\/\/blog.sickculture.de\/index.php?rest_route=\/wp\/v2\/pages\/1528","targetHints":{"allow":["GET"]}}],"collection":[{"href":"https:\/\/blog.sickculture.de\/index.php?rest_route=\/wp\/v2\/pages"}],"about":[{"href":"https:\/\/blog.sickculture.de\/index.php?rest_route=\/wp\/v2\/types\/page"}],"author":[{"embeddable":true,"href":"https:\/\/blog.sickculture.de\/index.php?rest_route=\/wp\/v2\/users\/1"}],"replies":[{"embeddable":true,"href":"https:\/\/blog.sickculture.de\/index.php?rest_route=%2Fwp%2Fv2%2Fcomments&post=1528"}],"version-history":[{"count":7,"href":"https:\/\/blog.sickculture.de\/index.php?rest_route=\/wp\/v2\/pages\/1528\/revisions"}],"predecessor-version":[{"id":1691,"href":"https:\/\/blog.sickculture.de\/index.php?rest_route=\/wp\/v2\/pages\/1528\/revisions\/1691"}],"up":[{"embeddable":true,"href":"https:\/\/blog.sickculture.de\/index.php?rest_route=\/wp\/v2\/pages\/90"}],"wp:attachment":[{"href":"https:\/\/blog.sickculture.de\/index.php?rest_route=%2Fwp%2Fv2%2Fmedia&parent=1528"}],"wp:term":[{"taxonomy":"category","embeddable":true,"href":"https:\/\/blog.sickculture.de\/index.php?rest_route=%2Fwp%2Fv2%2Fcategories&post=1528"}],"curies":[{"name":"wp","href":"https:\/\/api.w.org\/{rel}","templated":true}]}}