{"id":1624,"date":"2021-09-17T20:44:47","date_gmt":"2021-09-17T20:44:47","guid":{"rendered":"https:\/\/blog.sickculture.de\/?page_id=1624"},"modified":"2023-01-24T12:41:09","modified_gmt":"2023-01-24T12:41:09","slug":"2017-10-friederspitz-bbs-2-2-2-2-3-2-2-2-2-2-2-2-2-3-2-2-2-2","status":"publish","type":"page","link":"https:\/\/blog.sickculture.de\/?page_id=1624","title":{"rendered":"2021.09 Hinteres Tajat\u00f6rl \u00fcber Coburger H\u00fctte"},"content":{"rendered":"<section class=\"wpb-content-wrapper\"><p>[vc_row][vc_column][vc_column_text]<\/p>\n<h4 class=\"clear\" style=\"text-align: center;\"><span style=\"color: #808080;\"><strong><img loading=\"lazy\" decoding=\"async\" class=\"aligncenter size-large wp-image-1625\" src=\"http:\/\/blog.sickculture.de\/wp-content\/uploads\/2021\/09\/titel-1024x683.jpg\" alt=\"\" width=\"800\" height=\"534\" srcset=\"https:\/\/blog.sickculture.de\/wp-content\/uploads\/2021\/09\/titel-1024x683.jpg 1024w, https:\/\/blog.sickculture.de\/wp-content\/uploads\/2021\/09\/titel-300x200.jpg 300w, https:\/\/blog.sickculture.de\/wp-content\/uploads\/2021\/09\/titel-768x512.jpg 768w, https:\/\/blog.sickculture.de\/wp-content\/uploads\/2021\/09\/titel-1536x1024.jpg 1536w, https:\/\/blog.sickculture.de\/wp-content\/uploads\/2021\/09\/titel-225x150.jpg 225w, https:\/\/blog.sickculture.de\/wp-content\/uploads\/2021\/09\/titel-150x100.jpg 150w, https:\/\/blog.sickculture.de\/wp-content\/uploads\/2021\/09\/titel.jpg 1920w\" sizes=\"auto, (max-width: 800px) 100vw, 800px\" \/>Bikebergsteigen die Erste \u00b421<\/strong><\/span><span style=\"color: #0000ff;\"><strong><br \/>\n<\/strong><\/span><\/h4>\n<h1 style=\"text-align: center;\"><strong><span style=\"color: #0000ff;\">Hinteres Tajat\u00f6rl<\/span><\/strong><\/h1>\n<h4 style=\"text-align: center;\">von Ehrwald zum Seebensee und \u00fcber die Coburger H\u00fctte<\/h4>\n<h2 style=\"text-align: center;\"><span style=\"color: #808080;\">17. September 2021<\/span><\/h2>\n<hr>\n<p>\u00dcber ein Jahr ist es nun her, als ich das letzte mal eine BBS Tour wagte &#8211; der R\u00fccken h\u00e4lt\u00b4s &#8230;<\/p>\n<div id=\"s3gt_translate_tooltip_mini\" class=\"s3gt_translate_tooltip_mini_box\" style=\"background: initial !important; border: initial !important; border-radius: initial !important; border-spacing: initial !important; border-collapse: initial !important; direction: ltr !important; flex-direction: initial !important; font-weight: initial !important; height: initial !important; letter-spacing: initial !important; min-width: initial !important; max-width: initial !important; min-height: initial !important; max-height: initial !important; margin: auto !important; outline: initial !important; padding: initial !important; position: absolute; table-layout: initial !important; text-align: initial !important; text-shadow: initial !important; width: initial !important; word-break: initial !important; word-spacing: initial !important; overflow-wrap: initial !important; box-sizing: initial !important; display: initial !important; color: inherit !important; font-size: 13px !important; font-family: X-LocaleSpecific, sans-serif, Tahoma, Helvetica !important; line-height: 13px !important; vertical-align: top !important; white-space: inherit !important; left: 10px; top: 35px; opacity: 0.15;\">\n<div id=\"s3gt_translate_tooltip_mini_logo\" class=\"s3gt_translate_tooltip_mini\" title=\"Markierten Text \u00fcbersetzen\">&nbsp;<\/div>\n<div id=\"s3gt_translate_tooltip_mini_sound\" class=\"s3gt_translate_tooltip_mini\" title=\"Abspielen\">&nbsp;<\/div>\n<div id=\"s3gt_translate_tooltip_mini_copy\" class=\"s3gt_translate_tooltip_mini\" title=\"In Zwischenablage kopieren\">&nbsp;<\/div>\n<\/div>\n<p>[\/vc_column_text][\/vc_column][\/vc_row][vc_row][vc_column][vc_text_separator title=&#8221;B E S C H R E I B U N G&#8221;][\/vc_column][\/vc_row][vc_row][vc_column][vc_column_text]Nach einem Jahr Abstinenz wegen Bandscheibe wagte ich den die erste Bikebergsteiger Tour 2021 und folgte dem Tipp von Harry S.! An dieser Stelle High Five, Harry.<\/p>\n<p>Dies war sicher nicht eine typische Standardtour um Ehrwald &#8211; nun gut, bis auf Seebensee &#8211; der ist von Wanderer und Bikern \u00fcberrannt. Danke ebike kommt nun jeder &#8220;Luggepuff&#8221; dort hin. Das ist aber eine andere Geschichte. Zuerst ging es f\u00fcr eine dreiviertel Stunde auf Asphalt von Ehrwald zur Ehrwalder Alm. Noch war es sehr neblig und teilweise die Sicht gerade mal auf 20 Meter. Der Wetterbericht meldete ab sp\u00e4tem Vormittag teilweise Sonne. Dann radelte ich die Standard Bikeroute \u00fcber Seebensee Alm zum Seebensee. Null Sicht auf diesen herrlichen Fleck Erde. Ich hatte die Stelle irgendwie anderst in Erinnerung, als ich mit Hardy am Anfang meiner MTB Touren dort oben stand. Also keine Rast und straight on weiter bergauf in Richtung Coburger H\u00fctte. Diese mu\u00df allerdings mit Bike auf dem R\u00fccken erstmal erklommen werden. Ob er\u00b4s wohl h\u00e4lt oder anf\u00e4ngt zu schmerzen? Ha &#8211; a guader h\u00e4lt\u00b4s aus.<\/p>\n<p>Um kurz nach elf war ich dann auf der Terrasse der Coburger H\u00fctte angekommen. So gut wie keine Sicht, sau kalt und die B\u00e4nke noch nass. Ich war der vielleicht vierte Gast an diesem Tag. Also erstmal ein Spezi reinpfeifen und schauen, ob sich der Blick auf Seebensee und Drachensee \u00f6ffnet. Seebensee null Chance! Zack &#8211; da war er sichtbar: t\u00fcrkisblau schimmerte der Drachensee mystisch durch die Nebelschwaden, dahinter Bergriesen. Auch nicht schlecht f\u00fcr die Linse. So langsam f\u00fcllte sich die Terrasse mit Besuchern, so mu\u00dfte ich weiterziehen &#8211; nicht dass die alle dort hoch wollen.<\/p>\n<p>Ein paar Meter bergab zum See, dann wieder Bike auf Rucksack gelegt und straight on bergauf \u00fcber Fels und Stein. Circa 350hm Tragen bis zur Scharte (laut Karte) waren es noch. In Summe gute 700hm Tragen (bergauf). Zwischendurch nette Gespr\u00e4che mit Wanderer, die mir entgegenkamen. Und die Sonne blitzelte immer mehr durch die Bergriesen hindurch. Tja, dann stand ich pl\u00f6tzlich am Tajat\u00f6rl in der Sonne. Unter mir Wolken und zwei kleine Seenplatten. Ob bergab alles fahrbar sein wird? Nicht alles, aber einiges. Und zu meinem Gl\u00fcck gleich zum Schluss noch ein H\u00e4ngenbleiben an einem Latschenzweig und Felsbrocken und schubs war der Mayer wie in Zweitlupe sowas von doof gefallen, dass ich abends richtig Ziehen an Oberschenkel und Kniekehle hatte. Suppi! R\u00fccken h\u00e4lt, aber der Rest ist f\u00fcr die Tonne. Nee, so schlimm auch wieder nicht. (hoffe ich zum Zeitpunkt des Artikelschreibens)<\/p>\n<p><span class=\"code\"><img loading=\"lazy\" decoding=\"async\" class=\"aligncenter size-large wp-image-1627\" src=\"http:\/\/blog.sickculture.de\/wp-content\/uploads\/2021\/09\/20210917_132539_0108__DSC1098_Screen-1024x683.jpg\" alt=\"\" width=\"800\" height=\"534\" srcset=\"https:\/\/blog.sickculture.de\/wp-content\/uploads\/2021\/09\/20210917_132539_0108__DSC1098_Screen-1024x683.jpg 1024w, https:\/\/blog.sickculture.de\/wp-content\/uploads\/2021\/09\/20210917_132539_0108__DSC1098_Screen-300x200.jpg 300w, https:\/\/blog.sickculture.de\/wp-content\/uploads\/2021\/09\/20210917_132539_0108__DSC1098_Screen-768x512.jpg 768w, https:\/\/blog.sickculture.de\/wp-content\/uploads\/2021\/09\/20210917_132539_0108__DSC1098_Screen-1536x1024.jpg 1536w, https:\/\/blog.sickculture.de\/wp-content\/uploads\/2021\/09\/20210917_132539_0108__DSC1098_Screen-225x150.jpg 225w, https:\/\/blog.sickculture.de\/wp-content\/uploads\/2021\/09\/20210917_132539_0108__DSC1098_Screen-150x100.jpg 150w, https:\/\/blog.sickculture.de\/wp-content\/uploads\/2021\/09\/20210917_132539_0108__DSC1098_Screen.jpg 1920w\" sizes=\"auto, (max-width: 800px) 100vw, 800px\" \/><div class=\"passster-form\" id=\"ps-564\">\n    <form class=\"password-form\" method=\"post\" autocomplete=\"off\" target=\"_top\">\n        <span class=\"ps-form-headline\">Gesch\u00fctzter Bereich<\/span>\n        <div class=\"ps-form-instructions-wrap\">Dieser Inhalt ist passwortgesch\u00fctzt. Bitte gib dein Passwort ein um den Inhalt freizuschalten.<\/div>\n        <fieldset>\n            <span class=\"ps-loader\" style=\"display:none;\"><img decoding=\"async\" src=\"https:\/\/blog.sickculture.de\/wp-content\/plugins\/content-protector\/assets\/public\/ps-loader.svg\" alt=\"\" \/><\/span>\n            <label for=\"input-ps-564\" style=\"display:none;\" class=\"passster-hidden\">Trage dein Passwort ein<\/label>\n            <input placeholder=\"Gib dein Passwort ein..\" type=\"password\" tabindex=\"1\" name=\"passster_password\"\n                   id=\"input-ps-564\" class=\"passster-password\" autocomplete=\"off\"\n                   data-protection-type=\"password\" data-list=\"[PASSSTER_LIST]\" data-lists=\"[PASSSTER_LISTS]\" data-area=\"[PASSSTER_AREA]\"\n                   data-protection=\"[PASSSTER_PROTECTION]\">\n            \n            <button name=\"submit\" type=\"submit\" class=\"passster-submit\" data-psid=\"ps-564\" data-post-id=\"1624\" data-term-id=\"0\" \n                    data-submit=\"...Checking Password\" data-redirect=\"\">Freischalten\n            <\/button>\n            <div class=\"passster-error\"><\/div>\n        <\/fieldset>\n    <\/form>\n<\/div>\n<\/span><\/p>\n<div id=\"s3gt_translate_tooltip_mini\" class=\"s3gt_translate_tooltip_mini_box\" style=\"background: initial !important; border: initial !important; border-radius: initial !important; border-spacing: initial !important; border-collapse: initial !important; direction: ltr !important; flex-direction: initial !important; font-weight: initial !important; height: initial !important; letter-spacing: initial !important; min-width: initial !important; max-width: initial !important; min-height: initial !important; max-height: initial !important; margin: auto !important; outline: initial !important; padding: initial !important; position: absolute; table-layout: initial !important; text-align: initial !important; text-shadow: initial !important; width: initial !important; word-break: initial !important; word-spacing: initial !important; overflow-wrap: initial !important; box-sizing: initial !important; display: initial !important; color: inherit !important; font-size: 13px !important; font-family: X-LocaleSpecific, sans-serif, Tahoma, Helvetica !important; line-height: 13px !important; vertical-align: top !important; white-space: inherit !important; left: 50px; top: 35px; opacity: 0.75;\">\n<div id=\"s3gt_translate_tooltip_mini_logo\" class=\"s3gt_translate_tooltip_mini\" title=\"Markierten Text \u00fcbersetzen\">&nbsp;<\/div>\n<div id=\"s3gt_translate_tooltip_mini_sound\" class=\"s3gt_translate_tooltip_mini\" title=\"Abspielen\">&nbsp;<\/div>\n<div id=\"s3gt_translate_tooltip_mini_copy\" class=\"s3gt_translate_tooltip_mini\" title=\"In Zwischenablage kopieren\">&nbsp;<\/div>\n<\/div>\n<p>[\/vc_column_text][\/vc_column][\/vc_row][vc_row][vc_column][vc_text_separator title=&#8221;F A Z I T&#8221;][\/vc_column][\/vc_row][vc_row][vc_column][vc_column_text]Landschaftlich eine top Tour und endlich mal wieder was mit Bike auf dem R\u00fccken. Ein Gef\u00fchl von Freiheit und Abenteuer mit Gl\u00fccksgef\u00fchlen nach erreichen des Ziels.[\/vc_column_text][\/vc_column][\/vc_row][vc_row][vc_column]<div class=\"ult_exp_section_layer ult-adjust-bottom-margin  \" >\n\t<div id=\"uvc-exp-wrap-7295\"   data-ultimate-target='#uvc-exp-wrap-7295'  data-responsive-json-new='{\"font-size\":\"desktop:20px;\",\"line-height\":\"desktop:20px;\"}'  class=\"ult_exp_section  ult-responsive \" style=\"color:#ffffff;background-color:#1e73be;font-family:Alfa Slab One;font-weight:bold;  text-align:center;\" data-textcolor=\"#ffffff\"data-texthover=\"#333333\"data-icncolor=\"#333333\"data-ihover=\"#333333\"data-height=\"0\"data-cntbg=\"#1e73be\"data-cnthvrbg=\"#e5e5e5\"data-headerbg=\"#1e73be\"data-headerhover=\"#e5e5e5\"data-title=\"BILDER\"data-newtitle=\"BILDER\"data-icon=\"\"data-newicon=\"\"data-activeicon=\"#333333\"data-effect=\"slideToggle\"data-override=\"0\"data-activetitle=\"#333333\"data-activebg=\"#dbdbdb\"data-img=\"\"data-newimg=\"\"><div  class=\"ult_exp_section-main \">\n\t\t\t\t\t<div class=\"ult_expheader\" >BILDER\n\t\t\t\t\t <\/div><\/div>\n\t\t\t\t<\/div><div class=\"ult_exp_content \" style=\"background-color:#dbdbdb;  \"><div class=\"ult_ecpsub_cont\" style=\" \" >\n\t\t\t<div  class=\"ult_tabitemname\"  >\n\t\t\t\t\n\t<div class=\" tabcontents   \" >\n\t\t<div class=\"wpb_wrapper wpb_tour_tabs_wrapper ui-tabs vc_clearfix\">\n\t\t\t\n\t\t<div id=\"tabs-1174731038\" class=\"icontabs\">\n    \t<nav>\n    \t<input class=\"tabs_id\" type=\"hidden\" value=\"1174731038\" >\n        <ul><li> <a style=\"\" class=\"\" href=\"#tab-1625468928-1-76\"><i class=\"fa fa-arrows-alt\"><\/i><span>Tajat\u00f6rl<\/span><\/a><\/li><\/ul>\n    \t<\/nav>\n <div class=\"tabcontent\">\n\t\t\t<section class=\"tabsection\" id=\"tab-1625468928-1-76\">[vc_column_text]<\/p>\n\n\t\t<style type=\"text\/css\">\n\t\t\t#gallery-2 {\n\t\t\t\tmargin: auto;\n\t\t\t}\n\t\t\t#gallery-2 .gallery-item {\n\t\t\t\tfloat: left;\n\t\t\t\tmargin-top: 10px;\n\t\t\t\ttext-align: center;\n\t\t\t\twidth: 33%;\n\t\t\t}\n\t\t\t#gallery-2 img {\n\t\t\t\tborder: 2px solid #cfcfcf;\n\t\t\t}\n\t\t\t#gallery-2 .gallery-caption {\n\t\t\t\tmargin-left: 0;\n\t\t\t}\n\t\t\t\/* see gallery_shortcode() in wp-includes\/media.php *\/\n\t\t<\/style>\n\t\t<div id='gallery-2' class='gallery galleryid-1624 gallery-columns-3 gallery-size-thumbnail'><dl class='gallery-item'>\n\t\t\t<dt class='gallery-icon landscape'>\n\t\t\t\t<a href='https:\/\/blog.sickculture.de\/?attachment_id=1625'><img loading=\"lazy\" decoding=\"async\" width=\"150\" height=\"150\" src=\"https:\/\/blog.sickculture.de\/wp-content\/uploads\/2021\/09\/titel-150x150.jpg\" class=\"attachment-thumbnail size-thumbnail\" alt=\"\" \/><\/a>\n\t\t\t<\/dt><\/dl><dl class='gallery-item'>\n\t\t\t<dt class='gallery-icon landscape'>\n\t\t\t\t<a href='https:\/\/blog.sickculture.de\/?attachment_id=1627'><img loading=\"lazy\" decoding=\"async\" width=\"150\" height=\"150\" src=\"https:\/\/blog.sickculture.de\/wp-content\/uploads\/2021\/09\/20210917_132539_0108__DSC1098_Screen-150x150.jpg\" class=\"attachment-thumbnail size-thumbnail\" alt=\"\" \/><\/a>\n\t\t\t<\/dt><\/dl>\n\t\t\t<br style='clear: both' \/>\n\t\t<\/div>\n\n<p>[\/vc_column_text]<\/section> <\/div>\n\t\t<\/div> \n\t<\/div> <script type=\"text\/javascript\">\n\t\t\t(function($){\n\t\t\t$(\"document\").ready(function(){\n\t\t\t    new CBPFWTabs( document.getElementById( \"tabs-1174731038\" ) );\n\n\t\t\t\t\t\t})\n\t\t\t})(jQuery);\n\n\t\t<\/script>\n\n\t\t<\/div>\n\t\t\t<\/div>[vc_column_text]<\/p>\n\n\t\t<style type=\"text\/css\">\n\t\t\t#gallery-3 {\n\t\t\t\tmargin: auto;\n\t\t\t}\n\t\t\t#gallery-3 .gallery-item {\n\t\t\t\tfloat: left;\n\t\t\t\tmargin-top: 10px;\n\t\t\t\ttext-align: center;\n\t\t\t\twidth: 33%;\n\t\t\t}\n\t\t\t#gallery-3 img {\n\t\t\t\tborder: 2px solid #cfcfcf;\n\t\t\t}\n\t\t\t#gallery-3 .gallery-caption {\n\t\t\t\tmargin-left: 0;\n\t\t\t}\n\t\t\t\/* see gallery_shortcode() in wp-includes\/media.php *\/\n\t\t<\/style>\n\t\t<div id='gallery-3' class='gallery galleryid-1624 gallery-columns-3 gallery-size-thumbnail'><dl class='gallery-item'>\n\t\t\t<dt class='gallery-icon landscape'>\n\t\t\t\t<a href='https:\/\/blog.sickculture.de\/?attachment_id=1625'><img loading=\"lazy\" decoding=\"async\" width=\"150\" height=\"150\" src=\"https:\/\/blog.sickculture.de\/wp-content\/uploads\/2021\/09\/titel-150x150.jpg\" class=\"attachment-thumbnail size-thumbnail\" alt=\"\" \/><\/a>\n\t\t\t<\/dt><\/dl><dl class='gallery-item'>\n\t\t\t<dt class='gallery-icon landscape'>\n\t\t\t\t<a href='https:\/\/blog.sickculture.de\/?attachment_id=1627'><img loading=\"lazy\" decoding=\"async\" width=\"150\" height=\"150\" src=\"https:\/\/blog.sickculture.de\/wp-content\/uploads\/2021\/09\/20210917_132539_0108__DSC1098_Screen-150x150.jpg\" class=\"attachment-thumbnail size-thumbnail\" alt=\"\" \/><\/a>\n\t\t\t<\/dt><\/dl>\n\t\t\t<br style='clear: both' \/>\n\t\t<\/div>\n\n<p>[\/vc_column_text]<\/div><\/div>\n\n\t\t\t<\/div>[\/vc_column][\/vc_row]<\/p>\n<\/section>","protected":false},"excerpt":{"rendered":"<p>[vc_row][vc_column][vc_column_text] Bikebergsteigen die Erste \u00b421 Hinteres Tajat\u00f6rl von Ehrwald zum Seebensee und \u00fcber die Coburger H\u00fctte 17. September 2021 \u00dcber ein Jahr ist es nun her, als ich das letzte mal eine BBS Tour wagte &#8211; der R\u00fccken h\u00e4lt\u00b4s &#8230; &nbsp; &nbsp; &nbsp; [\/vc_column_text][\/vc_column][\/vc_row][vc_row][vc_column][vc_text_separator title=&#8221;B E S C H R \u2026 <a class=\"continue-reading-link\" href=\"https:\/\/blog.sickculture.de\/?page_id=1624\"> Continue reading<\/a><\/p>\n","protected":false},"author":1,"featured_media":0,"parent":90,"menu_order":0,"comment_status":"closed","ping_status":"closed","template":"","meta":{"_s2mail":"yes","ngg_post_thumbnail":0,"footnotes":""},"categories":[18,4],"class_list":["post-1624","page","type-page","status-publish","hentry","category-18","category-mountainbike"],"jetpack_shortlink":"https:\/\/wp.me\/P7EPUT-qc","jetpack_sharing_enabled":true,"_links":{"self":[{"href":"https:\/\/blog.sickculture.de\/index.php?rest_route=\/wp\/v2\/pages\/1624","targetHints":{"allow":["GET"]}}],"collection":[{"href":"https:\/\/blog.sickculture.de\/index.php?rest_route=\/wp\/v2\/pages"}],"about":[{"href":"https:\/\/blog.sickculture.de\/index.php?rest_route=\/wp\/v2\/types\/page"}],"author":[{"embeddable":true,"href":"https:\/\/blog.sickculture.de\/index.php?rest_route=\/wp\/v2\/users\/1"}],"replies":[{"embeddable":true,"href":"https:\/\/blog.sickculture.de\/index.php?rest_route=%2Fwp%2Fv2%2Fcomments&post=1624"}],"version-history":[{"count":4,"href":"https:\/\/blog.sickculture.de\/index.php?rest_route=\/wp\/v2\/pages\/1624\/revisions"}],"predecessor-version":[{"id":1683,"href":"https:\/\/blog.sickculture.de\/index.php?rest_route=\/wp\/v2\/pages\/1624\/revisions\/1683"}],"up":[{"embeddable":true,"href":"https:\/\/blog.sickculture.de\/index.php?rest_route=\/wp\/v2\/pages\/90"}],"wp:attachment":[{"href":"https:\/\/blog.sickculture.de\/index.php?rest_route=%2Fwp%2Fv2%2Fmedia&parent=1624"}],"wp:term":[{"taxonomy":"category","embeddable":true,"href":"https:\/\/blog.sickculture.de\/index.php?rest_route=%2Fwp%2Fv2%2Fcategories&post=1624"}],"curies":[{"name":"wp","href":"https:\/\/api.w.org\/{rel}","templated":true}]}}