{"id":164,"date":"2013-09-06T05:58:25","date_gmt":"2013-09-06T05:58:25","guid":{"rendered":"http:\/\/blog.sickculture.de\/?page_id=164"},"modified":"2013-10-05T06:02:48","modified_gmt":"2013-10-05T06:02:48","slug":"sitemap","status":"publish","type":"page","link":"https:\/\/blog.sickculture.de\/?page_id=164","title":{"rendered":"Sitemap"},"content":{"rendered":"\n<!-- Page-list plugin v.5.9 wordpress.org\/plugins\/page-list\/ -->\n<ul class=\"page-list \">\n<li class=\"page_item page-item-90 page_item_has_children\"><a href=\"https:\/\/blog.sickculture.de\/?page_id=90\">Blog<\/a>\n<ul class='children'>\n\t<li class=\"page_item page-item-95\"><a href=\"https:\/\/blog.sickculture.de\/?page_id=95\">2012.08 Dolomiten Ronda Grande<\/a><\/li>\n\t<li class=\"page_item page-item-187\"><a href=\"https:\/\/blog.sickculture.de\/?page_id=187\">2012.10 Stoneman Trail<\/a><\/li>\n\t<li class=\"page_item page-item-182\"><a href=\"https:\/\/blog.sickculture.de\/?page_id=182\">2013.05 KILL THE HILL Valsugana<\/a><\/li>\n\t<li class=\"page_item page-item-180\"><a href=\"https:\/\/blog.sickculture.de\/?page_id=180\">2013.05 Tisens Etschtal<\/a><\/li>\n\t<li class=\"page_item page-item-2\"><a href=\"https:\/\/blog.sickculture.de\/?page_id=2\">2013.08 Stilfser Joch Bikeday<\/a><\/li>\n\t<li class=\"page_item page-item-243\"><a href=\"https:\/\/blog.sickculture.de\/?page_id=243\">2013.09 Brixen Trailride<\/a><\/li>\n\t<li class=\"page_item page-item-221\"><a href=\"https:\/\/blog.sickculture.de\/?page_id=221\">2013.09 Sella Ronda<\/a><\/li>\n\t<li class=\"page_item page-item-311\"><a href=\"https:\/\/blog.sickculture.de\/?page_id=311\">2013.10 Gardasee Trailride<\/a><\/li>\n\t<li class=\"page_item page-item-276\"><a href=\"https:\/\/blog.sickculture.de\/?page_id=276\">2013.10 Karwendelhaus<\/a><\/li>\n\t<li class=\"page_item page-item-344\"><a href=\"https:\/\/blog.sickculture.de\/?page_id=344\">2014.04 Brixen Springride<\/a><\/li>\n\t<li class=\"page_item page-item-388\"><a href=\"https:\/\/blog.sickculture.de\/?page_id=388\">2014.06 3-Days Zillertal Cross<\/a><\/li>\n\t<li class=\"page_item page-item-362\"><a href=\"https:\/\/blog.sickculture.de\/?page_id=362\">2014.06 Grubigstein<\/a><\/li>\n\t<li class=\"page_item page-item-400\"><a href=\"https:\/\/blog.sickculture.de\/?page_id=400\">2014.06 Kleinwalser Tal &#8211; H\u00f6ferspitze<\/a><\/li>\n\t<li class=\"page_item page-item-369\"><a href=\"https:\/\/blog.sickculture.de\/?page_id=369\">2014.06 Lamsenjoch &#8211; Gramaital<\/a><\/li>\n\t<li class=\"page_item page-item-377\"><a href=\"https:\/\/blog.sickculture.de\/?page_id=377\">2014.06 Wandern auf dem Hahnenkamm<\/a><\/li>\n\t<li class=\"page_item page-item-424\"><a href=\"https:\/\/blog.sickculture.de\/?page_id=424\">2014.07 Rettenschwanger Tal<\/a><\/li>\n\t<li class=\"page_item page-item-413\"><a href=\"https:\/\/blog.sickculture.de\/?page_id=413\">2014.07 Tegelberg Wanderung<\/a><\/li>\n\t<li class=\"page_item page-item-419\"><a href=\"https:\/\/blog.sickculture.de\/?page_id=419\">2014.07 \u00dcber Juifen zum Schleims-Sattel<\/a><\/li>\n\t<li class=\"page_item page-item-433\"><a href=\"https:\/\/blog.sickculture.de\/?page_id=433\">2014.08 Osterfelderkopf &#8211; Bernadeinsteig &#8211; Garmisch<\/a><\/li>\n\t<li class=\"page_item page-item-448\"><a href=\"https:\/\/blog.sickculture.de\/?page_id=448\">2014.08 Vinschgau &#8211; Tourenklassiker<\/a><\/li>\n\t<li class=\"page_item page-item-499\"><a href=\"https:\/\/blog.sickculture.de\/?page_id=499\">2014.09 Saalbach Trailride<\/a><\/li>\n\t<li class=\"page_item page-item-548\"><a href=\"https:\/\/blog.sickculture.de\/?page_id=548\">2014.10 Kaltern Bikedays<\/a><\/li>\n\t<li class=\"page_item page-item-519\"><a href=\"https:\/\/blog.sickculture.de\/?page_id=519\">2014.10 Tegernsee EHJ-Klause m. Biketeam Villenbach<\/a><\/li>\n\t<li class=\"page_item page-item-528\"><a href=\"https:\/\/blog.sickculture.de\/?page_id=528\">2014.10 Vinschgau Tabland\/Naturns<\/a><\/li>\n\t<li class=\"page_item page-item-585\"><a href=\"https:\/\/blog.sickculture.de\/?page_id=585\">2015.04 Gardasee &#8211; Torbole<\/a><\/li>\n\t<li class=\"page_item page-item-666\"><a href=\"https:\/\/blog.sickculture.de\/?page_id=666\">2015.06 Val di Fassa<\/a><\/li>\n\t<li class=\"page_item page-item-728\"><a href=\"https:\/\/blog.sickculture.de\/?page_id=728\">2015.07 Bad Uracher Trailride<\/a><\/li>\n\t<li class=\"page_item page-item-710\"><a href=\"https:\/\/blog.sickculture.de\/?page_id=710\">2015.07 Eibsee Trail<\/a><\/li>\n\t<li class=\"page_item page-item-738\"><a href=\"https:\/\/blog.sickculture.de\/?page_id=738\">2015.07 Enningalm und Stepbergalm Trails<\/a><\/li>\n\t<li class=\"page_item page-item-754\"><a href=\"https:\/\/blog.sickculture.de\/?page_id=754\">2015.08 Vinschgau to Garda Trails<\/a><\/li>\n\t<li class=\"page_item page-item-767\"><a href=\"https:\/\/blog.sickculture.de\/?page_id=767\">2015.08 Wandern P\u00fcrschling und Teufelsst\u00e4ttkopf<\/a><\/li>\n\t<li class=\"page_item page-item-746\"><a href=\"https:\/\/blog.sickculture.de\/?page_id=746\">2015.08 Wandern zur Kenzenh\u00fctte<\/a><\/li>\n\t<li class=\"page_item page-item-775\"><a href=\"https:\/\/blog.sickculture.de\/?page_id=775\">2015.09 Stoneman Dolomiti u. Pragser Wildsee<\/a><\/li>\n\t<li class=\"page_item page-item-790\"><a href=\"https:\/\/blog.sickculture.de\/?page_id=790\">2015.10 Biketeam Villenbach &#8211; Enningalm Trail<\/a><\/li>\n\t<li class=\"page_item page-item-795\"><a href=\"https:\/\/blog.sickculture.de\/?page_id=795\">2015.10 Eisacktal &#8211; Raas<\/a><\/li>\n\t<li class=\"page_item page-item-805\"><a href=\"https:\/\/blog.sickculture.de\/?page_id=805\">2015.11 Vom B\u00e4renk\u00f6pfle zum Mittag &#8211; Allg\u00e4u<\/a><\/li>\n\t<li class=\"page_item page-item-812\"><a href=\"https:\/\/blog.sickculture.de\/?page_id=812\">2016.05 Kaltern-Bozen<\/a><\/li>\n\t<li class=\"page_item page-item-831\"><a href=\"https:\/\/blog.sickculture.de\/?page_id=831\">2016.05 Oberjoch-Hirschberg-Spieser<\/a><\/li>\n\t<li class=\"page_item page-item-840\"><a href=\"https:\/\/blog.sickculture.de\/?page_id=840\">2016.06 Gardasee Arco<\/a><\/li>\n\t<li class=\"page_item page-item-851\"><a href=\"https:\/\/blog.sickculture.de\/?page_id=851\">2016.07 Estergebirge &#8211; Krottenkopf H\u00fctte<\/a><\/li>\n\t<li class=\"page_item page-item-871\"><a href=\"https:\/\/blog.sickculture.de\/?page_id=871\">2016.07 San Martino &#8211; Alleghe<\/a><\/li>\n\t<li class=\"page_item page-item-882\"><a href=\"https:\/\/blog.sickculture.de\/?page_id=882\">2016.07 Steinernes H\u00fcttl BBS Tour<\/a><\/li>\n\t<li class=\"page_item page-item-862\"><a href=\"https:\/\/blog.sickculture.de\/?page_id=862\">2016.07 Vilsalpsee Trailtour<\/a><\/li>\n\t<li class=\"page_item page-item-900\"><a href=\"https:\/\/blog.sickculture.de\/?page_id=900\">2016.08 Biketeam Lenninger Tal<\/a><\/li>\n\t<li class=\"page_item page-item-890\"><a href=\"https:\/\/blog.sickculture.de\/?page_id=890\">2016.08 Gehrenspitze BBS Leutasch<\/a><\/li>\n\t<li class=\"page_item page-item-912\"><a href=\"https:\/\/blog.sickculture.de\/?page_id=912\">2016.08 Pustertal &#8211; Niederdorf<\/a><\/li>\n\t<li class=\"page_item page-item-907\"><a href=\"https:\/\/blog.sickculture.de\/?page_id=907\">2016.08 Val di Fiemme &#8211; Predazzo<\/a><\/li>\n\t<li class=\"page_item page-item-920\"><a href=\"https:\/\/blog.sickculture.de\/?page_id=920\">2016.09 Audienz beim K\u00f6nig ORTLER<\/a><\/li>\n\t<li class=\"page_item page-item-944\"><a href=\"https:\/\/blog.sickculture.de\/?page_id=944\">2016.10 Grappissima Trails<\/a><\/li>\n\t<li class=\"page_item page-item-940\"><a href=\"https:\/\/blog.sickculture.de\/?page_id=940\">2016.10 Idrosee Alpinitrails<\/a><\/li>\n\t<li class=\"page_item page-item-950\"><a href=\"https:\/\/blog.sickculture.de\/?page_id=950\">2016.10 Kienjoch BBS<\/a><\/li>\n\t<li class=\"page_item page-item-956\"><a href=\"https:\/\/blog.sickculture.de\/?page_id=956\">2016.10 Sch\u00f6ttelkarspitze BBS<\/a><\/li>\n\t<li class=\"page_item page-item-976\"><a href=\"https:\/\/blog.sickculture.de\/?page_id=976\">2016.12 Benediktenwand Bike+Hike<\/a><\/li>\n\t<li class=\"page_item page-item-967\"><a href=\"https:\/\/blog.sickculture.de\/?page_id=967\">2016.12 Heimgarten Gamsreiben Trail<\/a><\/li>\n\t<li class=\"page_item page-item-962\"><a href=\"https:\/\/blog.sickculture.de\/?page_id=962\">2016.12 Herzogstand H2 Trail<\/a><\/li>\n\t<li class=\"page_item page-item-972\"><a href=\"https:\/\/blog.sickculture.de\/?page_id=972\">2016.12 Jachenau Trailheart<\/a><\/li>\n\t<li class=\"page_item page-item-986\"><a href=\"https:\/\/blog.sickculture.de\/?page_id=986\">2017.04 Gardasee San Giorgio<\/a><\/li>\n\t<li class=\"page_item page-item-995\"><a href=\"https:\/\/blog.sickculture.de\/?page_id=995\">2017.05 Gardatrails<\/a><\/li>\n\t<li class=\"page_item page-item-1003\"><a href=\"https:\/\/blog.sickculture.de\/?page_id=1003\">2017.06 Heubach &#8211; BikeTheRock<\/a><\/li>\n\t<li class=\"page_item page-item-1008\"><a href=\"https:\/\/blog.sickculture.de\/?page_id=1008\">2017.06 Val di Fassa Campitello<\/a><\/li>\n\t<li class=\"page_item page-item-1016\"><a href=\"https:\/\/blog.sickculture.de\/?page_id=1016\">2017.07 ALTA REZIA &#8211; St. Caterina und Tirano<\/a><\/li>\n\t<li class=\"page_item page-item-1039\"><a href=\"https:\/\/blog.sickculture.de\/?page_id=1039\">2017.08 Gumpenkarspitze &#8211; Flow im Soierngebiet &#8211; BBS<\/a><\/li>\n\t<li class=\"page_item page-item-1037\"><a href=\"https:\/\/blog.sickculture.de\/?page_id=1037\">2017.08 Kramerspitze BBS<\/a><\/li>\n\t<li class=\"page_item page-item-1061\"><a href=\"https:\/\/blog.sickculture.de\/?page_id=1061\">2017.08 Stanser Joch BBS<\/a><\/li>\n\t<li class=\"page_item page-item-1051\"><a href=\"https:\/\/blog.sickculture.de\/?page_id=1051\">2017.08 Steinerne Tor &#8211; Achensee<\/a><\/li>\n\t<li class=\"page_item page-item-1032\"><a href=\"https:\/\/blog.sickculture.de\/?page_id=1032\">2017.08 Walchensee &#8211; Jochberg u. Herzogstand Trails<\/a><\/li>\n\t<li class=\"page_item page-item-1069\"><a href=\"https:\/\/blog.sickculture.de\/?page_id=1069\">2017.09 \u00d6tztal<\/a><\/li>\n\t<li class=\"page_item page-item-1076\"><a href=\"https:\/\/blog.sickculture.de\/?page_id=1076\">2017.10 Auf Kieni\u00b4s Spuren &#8211; Schachenhaus BBS<\/a><\/li>\n\t<li class=\"page_item page-item-1083\"><a href=\"https:\/\/blog.sickculture.de\/?page_id=1083\">2017.10 Friederspitz BBS<\/a><\/li>\n\t<li class=\"page_item page-item-1089\"><a href=\"https:\/\/blog.sickculture.de\/?page_id=1089\">2017.10 St. Vigil<\/a><\/li>\n\t<li class=\"page_item page-item-1103\"><a href=\"https:\/\/blog.sickculture.de\/?page_id=1103\">2018.05 Gardasee San Giorgio<\/a><\/li>\n\t<li class=\"page_item page-item-1119\"><a href=\"https:\/\/blog.sickculture.de\/?page_id=1119\">2018.06 TreCime Traildays<\/a><\/li>\n\t<li class=\"page_item page-item-1134\"><a href=\"https:\/\/blog.sickculture.de\/?page_id=1134\">2018.07 N\u00f6rdlinger H\u00fctte BBS<\/a><\/li>\n\t<li class=\"page_item page-item-1128\"><a href=\"https:\/\/blog.sickculture.de\/?page_id=1128\">2018.07 Notkarspitze BBS<\/a><\/li>\n\t<li class=\"page_item page-item-1148\"><a href=\"https:\/\/blog.sickculture.de\/?page_id=1148\">2018.08 &#8220;dahoim Garteln&#8221; &#8211; Heimgarten Trail<\/a><\/li>\n\t<li class=\"page_item page-item-1160\"><a href=\"https:\/\/blog.sickculture.de\/?page_id=1160\">2018.08 Blaubeuren Trailride<\/a><\/li>\n\t<li class=\"page_item page-item-1155\"><a href=\"https:\/\/blog.sickculture.de\/?page_id=1155\">2018.08 Den W\u00f6rner(ge)sattel(t)<\/a><\/li>\n\t<li class=\"page_item page-item-1165\"><a href=\"https:\/\/blog.sickculture.de\/?page_id=1165\">2018.08 Passilsattel<\/a><\/li>\n\t<li class=\"page_item page-item-1169\"><a href=\"https:\/\/blog.sickculture.de\/?page_id=1169\">2018.08 Sailenieder<\/a><\/li>\n\t<li class=\"page_item page-item-1181\"><a href=\"https:\/\/blog.sickculture.de\/?page_id=1181\">2018.09 Ab in die Rofa(n)<\/a><\/li>\n\t<li class=\"page_item page-item-1174\"><a href=\"https:\/\/blog.sickculture.de\/?page_id=1174\">2018.09 Karwendelklassik zum Hahnenkampel<\/a><\/li>\n\t<li class=\"page_item page-item-1187\"><a href=\"https:\/\/blog.sickculture.de\/?page_id=1187\">2018.10 Autumn DOLODreams<\/a><\/li>\n\t<li class=\"page_item page-item-1195\"><a href=\"https:\/\/blog.sickculture.de\/?page_id=1195\">2018.11.11 Den Berg mit Gelbem Gew\u00e4nd gestept<\/a><\/li>\n\t<li class=\"page_item page-item-1420\"><a href=\"https:\/\/blog.sickculture.de\/?page_id=1420\">2019.04 Garda Bikedays<\/a><\/li>\n\t<li class=\"page_item page-item-1433\"><a href=\"https:\/\/blog.sickculture.de\/?page_id=1433\">2019.06 Esterbergrunde<\/a><\/li>\n\t<li class=\"page_item page-item-1441\"><a href=\"https:\/\/blog.sickculture.de\/?page_id=1441\">2019.07 Trailen im Friaul<\/a><\/li>\n\t<li class=\"page_item page-item-1453\"><a href=\"https:\/\/blog.sickculture.de\/?page_id=1453\">2019.08 Engadina Traildays<\/a><\/li>\n\t<li class=\"page_item page-item-1462\"><a href=\"https:\/\/blog.sickculture.de\/?page_id=1462\">2019.09 Thaneller BBS<\/a><\/li>\n\t<li class=\"page_item page-item-1470\"><a href=\"https:\/\/blog.sickculture.de\/?page_id=1470\">2019.10 Dolomighty &#8211; eleven.days.19<\/a><\/li>\n\t<li class=\"page_item page-item-1492\"><a href=\"https:\/\/blog.sickculture.de\/?page_id=1492\">2020.05 Den Gramersberger Reitsteig geritten<\/a><\/li>\n\t<li class=\"page_item page-item-1504\"><a href=\"https:\/\/blog.sickculture.de\/?page_id=1504\">2020.06 Einen Berg Kohl auf die Spitze getragen<\/a><\/li>\n\t<li class=\"page_item page-item-1498\"><a href=\"https:\/\/blog.sickculture.de\/?page_id=1498\">2020.06 Wandern Siplingerkopf (Allg\u00e4u)<\/a><\/li>\n\t<li class=\"page_item page-item-1501\"><a href=\"https:\/\/blog.sickculture.de\/?page_id=1501\">2020.06 Wandern Weitalpspitz<\/a><\/li>\n\t<li class=\"page_item page-item-1510\"><a href=\"https:\/\/blog.sickculture.de\/?page_id=1510\">2020.07 Hochgebirgstrails Vinschgau<\/a><\/li>\n\t<li class=\"page_item page-item-1523\"><a href=\"https:\/\/blog.sickculture.de\/?page_id=1523\">2020.08 Schwitzen am Kuchelberg<\/a><\/li>\n\t<li class=\"page_item page-item-1528\"><a href=\"https:\/\/blog.sickculture.de\/?page_id=1528\">2020.08 Zweigipfel BBS Ponten und B\u00b4schie\u00dfer<\/a><\/li>\n\t<li class=\"page_item page-item-1624\"><a href=\"https:\/\/blog.sickculture.de\/?page_id=1624\">2021.09 Hinteres Tajat\u00f6rl \u00fcber Coburger H\u00fctte<\/a><\/li>\n\t<li class=\"page_item page-item-1618\"><a href=\"https:\/\/blog.sickculture.de\/?page_id=1618\">2021.09 Kogelsee Wandern<\/a><\/li>\n\t<li class=\"page_item page-item-1633\"><a href=\"https:\/\/blog.sickculture.de\/?page_id=1633\">2021.10 Vipiteno &#8211; Frosteln im Herbst<\/a><\/li>\n\t<li class=\"page_item page-item-1648\"><a href=\"https:\/\/blog.sickculture.de\/?page_id=1648\">2021.11 Laber \u00fcber Schartenkopf und um den Ettaler Mandl zur\u00fcck<\/a><\/li>\n\t<li class=\"page_item page-item-1656\"><a href=\"https:\/\/blog.sickculture.de\/?page_id=1656\">2022.06 Bruneck &#8211; Pustertal<\/a><\/li>\n\t<li class=\"page_item page-item-1668\"><a href=\"https:\/\/blog.sickculture.de\/?page_id=1668\">2022.08 P\u00fcrschling Wandern<\/a><\/li>\n\t<li class=\"page_item page-item-1673\"><a href=\"https:\/\/blog.sickculture.de\/?page_id=1673\">2022.10 Gaisalpsee Wandern<\/a><\/li>\n\t<li class=\"page_item page-item-1675\"><a href=\"https:\/\/blog.sickculture.de\/?page_id=1675\">2022.10 Roggentalsattel Wandern<\/a><\/li>\n\t<li class=\"page_item page-item-1679\"><a href=\"https:\/\/blog.sickculture.de\/?page_id=1679\">2022.10 Scheinbergspitze Wandern<\/a><\/li>\n\t<li class=\"page_item page-item-1693\"><a href=\"https:\/\/blog.sickculture.de\/?page_id=1693\">2023.06 Obervinschgau &#8211; Burgeis<\/a><\/li>\n\t<li class=\"page_item page-item-1705\"><a href=\"https:\/\/blog.sickculture.de\/?page_id=1705\">2023.08 Eckbauer-Partnach Klamm Wandern<\/a><\/li>\n\t<li class=\"page_item page-item-1716\"><a href=\"https:\/\/blog.sickculture.de\/?page_id=1716\">2023.09 Brentenjoch Wandern<\/a><\/li>\n\t<li class=\"page_item page-item-1718\"><a href=\"https:\/\/blog.sickculture.de\/?page_id=1718\">2023.09 Gro\u00dfer Daumen &#8211; Nebelhorn Wandern<\/a><\/li>\n\t<li class=\"page_item page-item-1726\"><a href=\"https:\/\/blog.sickculture.de\/?page_id=1726\">2023.10 Gr\u00fcnten &#8211; der W\u00e4chter des Allg\u00e4us Wandern<\/a><\/li>\n\t<li class=\"page_item page-item-1722\"><a href=\"https:\/\/blog.sickculture.de\/?page_id=1722\">2023.10 Stuibensee-Bernadeinkopf Wandern<\/a><\/li>\n\t<li class=\"page_item page-item-1216\"><a href=\"https:\/\/blog.sickculture.de\/?page_id=1216\">Photos nicht sichtbar (edit: wieder sichtbar)<\/a><\/li>\n<\/ul>\n<\/li>\n<li class=\"page_item page-item-44\"><a href=\"https:\/\/blog.sickculture.de\/?page_id=44\">Contact<\/a><\/li>\n<li class=\"page_item page-item-1114\"><a href=\"https:\/\/blog.sickculture.de\/?page_id=1114\">Datenschutz<\/a><\/li>\n<li class=\"page_item page-item-21\"><a href=\"https:\/\/blog.sickculture.de\/?page_id=21\">GALLERY<\/a><\/li>\n<li class=\"page_item page-item-1221\"><a href=\"https:\/\/blog.sickculture.de\/?page_id=1221\">GALLERY NEW<\/a><\/li>\n<li class=\"page_item page-item-117\"><a href=\"https:\/\/blog.sickculture.de\/?page_id=117\">Links<\/a><\/li>\n<li class=\"page_item page-item-164\"><a href=\"https:\/\/blog.sickculture.de\/?page_id=164\">Sitemap<\/a><\/li>\n\n<\/ul>\n","protected":false},"excerpt":{"rendered":"<p> <a class=\"continue-reading-link\" href=\"https:\/\/blog.sickculture.de\/?page_id=164\"> Continue reading<\/a><\/p>\n","protected":false},"author":1,"featured_media":0,"parent":0,"menu_order":0,"comment_status":"closed","ping_status":"closed","template":"","meta":{"_s2mail":"","ngg_post_thumbnail":0,"footnotes":""},"categories":[],"class_list":["post-164","page","type-page","status-publish","hentry"],"jetpack_shortlink":"https:\/\/wp.me\/P7EPUT-2E","jetpack_sharing_enabled":false,"_links":{"self":[{"href":"https:\/\/blog.sickculture.de\/index.php?rest_route=\/wp\/v2\/pages\/164","targetHints":{"allow":["GET"]}}],"collection":[{"href":"https:\/\/blog.sickculture.de\/index.php?rest_route=\/wp\/v2\/pages"}],"about":[{"href":"https:\/\/blog.sickculture.de\/index.php?rest_route=\/wp\/v2\/types\/page"}],"author":[{"embeddable":true,"href":"https:\/\/blog.sickculture.de\/index.php?rest_route=\/wp\/v2\/users\/1"}],"replies":[{"embeddable":true,"href":"https:\/\/blog.sickculture.de\/index.php?rest_route=%2Fwp%2Fv2%2Fcomments&post=164"}],"version-history":[{"count":2,"href":"https:\/\/blog.sickculture.de\/index.php?rest_route=\/wp\/v2\/pages\/164\/revisions"}],"predecessor-version":[{"id":166,"href":"https:\/\/blog.sickculture.de\/index.php?rest_route=\/wp\/v2\/pages\/164\/revisions\/166"}],"wp:attachment":[{"href":"https:\/\/blog.sickculture.de\/index.php?rest_route=%2Fwp%2Fv2%2Fmedia&parent=164"}],"wp:term":[{"taxonomy":"category","embeddable":true,"href":"https:\/\/blog.sickculture.de\/index.php?rest_route=%2Fwp%2Fv2%2Fcategories&post=164"}],"curies":[{"name":"wp","href":"https:\/\/api.w.org\/{rel}","templated":true}]}}