{"id":1648,"date":"2021-11-21T12:52:23","date_gmt":"2021-11-21T12:52:23","guid":{"rendered":"http:\/\/blog.sickculture.de\/?page_id=1648"},"modified":"2023-01-24T12:47:04","modified_gmt":"2023-01-24T12:47:04","slug":"2017-10-friederspitz-bbs-2-2-2-2-3-2-2-2-2-2-2-2-2-3-2-2-2-2-2","status":"publish","type":"page","link":"https:\/\/blog.sickculture.de\/?page_id=1648","title":{"rendered":"2021.11 Laber \u00fcber Schartenkopf und um den Ettaler Mandl zur\u00fcck"},"content":{"rendered":"<section class=\"wpb-content-wrapper\"><p>[vc_row][vc_column][vc_column_text]<\/p>\n<div class=\"embed-gphotos  wp-caption\"><a href=\"https:\/\/photos.google.com\/share\/AF1QipOR7FgjvytNzqunpGyDZTqivQxJb0xrP-IpnJnkT1hECEODQbyOix36ViPZPhWn7Q?key=c2VxRXk2dzJVdzBRYXlpWmtrMkYyRzI1dXl2bThB\" target=\"_blank\"><img loading=\"lazy\" decoding=\"async\"    src=\"https:\/\/lh3.googleusercontent.com\/YzXuonOx_ByXNU6UYZK9bLBhjIzglRhBJGpNwquAYYXfX0CYeWLWwBjyoWl75j9760rzg0pbY34BPIYa4LX6IkO6wzr9v6O2ObiJZ_domQDAxajCq7E3Ajva3bZbzWRT17YZBgk0P4Q=w800-h1000\" width=\"800\" height=\"314\"   ><\/a><\/p>\n<p class=\"wp-caption-text\"><a href=\"https:\/\/photos.google.com\/share\/AF1QipOR7FgjvytNzqunpGyDZTqivQxJb0xrP-IpnJnkT1hECEODQbyOix36ViPZPhWn7Q?key=c2VxRXk2dzJVdzBRYXlpWmtrMkYyRzI1dXl2bThB\" target=\"_blank\">New item by Thomas Mayer \/ Google Photos<\/a><\/p>\n<\/div>\n<h1 style=\"text-align: center;\"><strong><span style=\"color: #0000ff;\">Auf den Laber<\/span><\/strong><\/h1>\n<h4 style=\"text-align: center;\">\u00fcber Schartenkopf zum Laber und \u00fcber Ettaler Mandl zur\u00fcck<\/h4>\n<h2 style=\"text-align: center;\"><span style=\"color: #808080;\">20. November 2021<\/span><\/h2>\n<hr>\n<p>Sch\u00f6nwetter ausgekostet und nochmals &#8220;leicht angeschlagen&#8221; zum Wandern in die Ammergauer Berge&#8230;<\/p>\n<div id=\"s3gt_translate_tooltip_mini\" class=\"s3gt_translate_tooltip_mini_box\" style=\"background: initial !important; border: initial !important; border-radius: initial !important; border-spacing: initial !important; border-collapse: initial !important; direction: ltr !important; flex-direction: initial !important; font-weight: initial !important; height: initial !important; letter-spacing: initial !important; min-width: initial !important; max-width: initial !important; min-height: initial !important; max-height: initial !important; margin: auto !important; outline: initial !important; padding: initial !important; position: absolute; table-layout: initial !important; text-align: initial !important; text-shadow: initial !important; width: initial !important; word-break: initial !important; word-spacing: initial !important; overflow-wrap: initial !important; box-sizing: initial !important; display: initial !important; color: inherit !important; font-size: 13px !important; font-family: X-LocaleSpecific, sans-serif, Tahoma, Helvetica !important; line-height: 13px !important; vertical-align: top !important; white-space: inherit !important; left: 10px; top: 35px; opacity: 0.15;\">\n<div id=\"s3gt_translate_tooltip_mini_logo\" class=\"s3gt_translate_tooltip_mini\" title=\"Markierten Text \u00fcbersetzen\">&nbsp;<\/div>\n<div id=\"s3gt_translate_tooltip_mini_sound\" class=\"s3gt_translate_tooltip_mini\" title=\"Abspielen\">&nbsp;<\/div>\n<div id=\"s3gt_translate_tooltip_mini_copy\" class=\"s3gt_translate_tooltip_mini\" title=\"In Zwischenablage kopieren\">&nbsp;<\/div>\n<\/div>\n<p>[\/vc_column_text][\/vc_column][\/vc_row][vc_row][vc_column][vc_text_separator title=&#8221;B E S C H R E I B U N G&#8221;][\/vc_column][\/vc_row][vc_row][vc_column][vc_column_text]Das Bike blieb heute aufgrund einer Entz\u00fcndung zuhause und mein Dad und ich zog es an diesem herrlich kalten Herbsttag zum Wandern in die Ammergauer Berge. Von Oberammergau ging es sehr steil auf einem Steig \u00fcber den Schartenkopf zur Laber Bergstation. Hohe Stufen, Wurzeln, Fels und alles noch recht rutschig. Am Schartenkopf ein herrliches Panorama genossen und \u00fcber kurze seilgesicherte Passagen den Gratweg zur Bergstation bezwungen. Und das alles mit unserem &#8220;Paul&#8221; &#8211; der Klettermaxe! Aufgrund Corona haben wir nicht wie viele andere die Rast an der Bergstation genossen und nur kurz auf der Terrasse verweilt. Nun ging es kurz bergab bis zum Abzweig Soilesee, dann aber nochmals kurz bergauf um den Ettaler Mandl herum und schlie\u00dflich \u00fcber Soilesee auf Forstweg zur\u00fcck zum Parkplatz. Round about 925hm auf 13km.<\/p>\n<p><span class=\"code\"><div class=\"passster-form\" id=\"ps-615\">\n    <form class=\"password-form\" method=\"post\" autocomplete=\"off\" target=\"_top\">\n        <span class=\"ps-form-headline\">Gesch\u00fctzter Bereich<\/span>\n        <div class=\"ps-form-instructions-wrap\">Dieser Inhalt ist passwortgesch\u00fctzt. Bitte gib dein Passwort ein um den Inhalt freizuschalten.<\/div>\n        <fieldset>\n            <span class=\"ps-loader\" style=\"display:none;\"><img decoding=\"async\" src=\"https:\/\/blog.sickculture.de\/wp-content\/plugins\/content-protector\/assets\/public\/ps-loader.svg\" alt=\"\" \/><\/span>\n            <label for=\"input-ps-615\" style=\"display:none;\" class=\"passster-hidden\">Trage dein Passwort ein<\/label>\n            <input placeholder=\"Gib dein Passwort ein..\" type=\"password\" tabindex=\"1\" name=\"passster_password\"\n                   id=\"input-ps-615\" class=\"passster-password\" autocomplete=\"off\"\n                   data-protection-type=\"password\" data-list=\"[PASSSTER_LIST]\" data-lists=\"[PASSSTER_LISTS]\" data-area=\"[PASSSTER_AREA]\"\n                   data-protection=\"[PASSSTER_PROTECTION]\">\n            \n            <button name=\"submit\" type=\"submit\" class=\"passster-submit\" data-psid=\"ps-615\" data-post-id=\"1648\" data-term-id=\"0\" \n                    data-submit=\"...Checking Password\" data-redirect=\"\">Freischalten\n            <\/button>\n            <div class=\"passster-error\"><\/div>\n        <\/fieldset>\n    <\/form>\n<\/div>\n<\/span><\/p>\n<div id=\"s3gt_translate_tooltip_mini\" class=\"s3gt_translate_tooltip_mini_box\" style=\"background: initial !important; border: initial !important; border-radius: initial !important; border-spacing: initial !important; border-collapse: initial !important; direction: ltr !important; flex-direction: initial !important; font-weight: initial !important; height: initial !important; letter-spacing: initial !important; min-width: initial !important; max-width: initial !important; min-height: initial !important; max-height: initial !important; margin: auto !important; outline: initial !important; padding: initial !important; position: absolute; table-layout: initial !important; text-align: initial !important; text-shadow: initial !important; width: initial !important; word-break: initial !important; word-spacing: initial !important; overflow-wrap: initial !important; box-sizing: initial !important; display: initial !important; color: inherit !important; font-size: 13px !important; font-family: X-LocaleSpecific, sans-serif, Tahoma, Helvetica !important; line-height: 13px !important; vertical-align: top !important; white-space: inherit !important; left: 50px; top: 35px; opacity: 0.75;\">\n<div id=\"s3gt_translate_tooltip_mini_logo\" class=\"s3gt_translate_tooltip_mini\" title=\"Markierten Text \u00fcbersetzen\">&nbsp;<\/div>\n<div id=\"s3gt_translate_tooltip_mini_sound\" class=\"s3gt_translate_tooltip_mini\" title=\"Abspielen\">&nbsp;<\/div>\n<div id=\"s3gt_translate_tooltip_mini_copy\" class=\"s3gt_translate_tooltip_mini\" title=\"In Zwischenablage kopieren\">&nbsp;<\/div>\n<\/div>\n<p>[\/vc_column_text][\/vc_column][\/vc_row][vc_row][vc_column][vc_text_separator title=&#8221;F A Z I T&#8221;][\/vc_column][\/vc_row][vc_row][vc_column][vc_column_text]Wer h\u00e4tte das gedacht: Der Laber ist gar nicht sooo schlecht. Ein herrlicher (auch beliebter) Wanderberg.[\/vc_column_text][\/vc_column][\/vc_row][vc_row][vc_column]<div class=\"ult_exp_section_layer ult-adjust-bottom-margin  \" >\n\t<div id=\"uvc-exp-wrap-7725\"   data-ultimate-target='#uvc-exp-wrap-7725'  data-responsive-json-new='{\"font-size\":\"desktop:20px;\",\"line-height\":\"desktop:20px;\"}'  class=\"ult_exp_section  ult-responsive \" style=\"color:#ffffff;background-color:#1e73be;font-family:Alfa Slab One;font-weight:bold;  text-align:center;\" data-textcolor=\"#ffffff\"data-texthover=\"#333333\"data-icncolor=\"#333333\"data-ihover=\"#333333\"data-height=\"0\"data-cntbg=\"#1e73be\"data-cnthvrbg=\"#e5e5e5\"data-headerbg=\"#1e73be\"data-headerhover=\"#e5e5e5\"data-title=\"BILDER\"data-newtitle=\"BILDER\"data-icon=\"\"data-newicon=\"\"data-activeicon=\"#333333\"data-effect=\"slideToggle\"data-override=\"0\"data-activetitle=\"#333333\"data-activebg=\"#dbdbdb\"data-img=\"\"data-newimg=\"\"><div  class=\"ult_exp_section-main \">\n\t\t\t\t\t<div class=\"ult_expheader\" >BILDER\n\t\t\t\t\t <\/div><\/div>\n\t\t\t\t<\/div><div class=\"ult_exp_content \" style=\"background-color:#dbdbdb;  \"><div class=\"ult_ecpsub_cont\" style=\" \" >\n\t\t\t<div  class=\"ult_tabitemname\"  >\n\t\t\t\t\n\t<div class=\" tabcontents   \" >\n\t\t<div class=\"wpb_wrapper wpb_tour_tabs_wrapper ui-tabs vc_clearfix\">\n\t\t\t\n\t\t<div id=\"tabs-1174731038\" class=\"icontabs\">\n    \t<nav>\n    \t<input class=\"tabs_id\" type=\"hidden\" value=\"1174731038\" >\n        <ul><li> <a style=\"\" class=\"\" href=\"#tab-1625468928-1-76\"><i class=\"fa fa-arrows-alt\"><\/i><span>Tajat\u00f6rl<\/span><\/a><\/li><\/ul>\n    \t<\/nav>\n <div class=\"tabcontent\">\n\t\t\t<section class=\"tabsection\" id=\"tab-1625468928-1-76\">[vc_column_text]<\/p>\n\n<p>[\/vc_column_text]<\/section> <\/div>\n\t\t<\/div> \n\t<\/div> <script type=\"text\/javascript\">\n\t\t\t(function($){\n\t\t\t$(\"document\").ready(function(){\n\t\t\t    new CBPFWTabs( document.getElementById( \"tabs-1174731038\" ) );\n\n\t\t\t\t\t\t})\n\t\t\t})(jQuery);\n\n\t\t<\/script>\n\n\t\t<\/div>\n\t\t\t<\/div>[vc_column_text]<\/p>\n\n<p>[\/vc_column_text]<\/div><\/div>\n\n\t\t\t<\/div>[\/vc_column][\/vc_row]<\/p>\n<\/section>","protected":false},"excerpt":{"rendered":"<p>[vc_row][vc_column][vc_column_text] Auf den Laber \u00fcber Schartenkopf zum Laber und \u00fcber Ettaler Mandl zur\u00fcck 20. November 2021 Sch\u00f6nwetter ausgekostet und nochmals &#8220;leicht angeschlagen&#8221; zum Wandern in die Ammergauer Berge&#8230; &nbsp; &nbsp; &nbsp; [\/vc_column_text][\/vc_column][\/vc_row][vc_row][vc_column][vc_text_separator title=&#8221;B E S C H R E I B U N G&#8221;][\/vc_column][\/vc_row][vc_row][vc_column][vc_column_text]Das Bike blieb heute aufgrund einer Entz\u00fcndung \u2026 <a class=\"continue-reading-link\" href=\"https:\/\/blog.sickculture.de\/?page_id=1648\"> Continue reading<\/a><\/p>\n","protected":false},"author":1,"featured_media":0,"parent":90,"menu_order":0,"comment_status":"closed","ping_status":"closed","template":"","meta":{"_s2mail":"yes","ngg_post_thumbnail":0,"footnotes":""},"categories":[18],"class_list":["post-1648","page","type-page","status-publish","hentry","category-18"],"jetpack_shortlink":"https:\/\/wp.me\/P7EPUT-qA","jetpack_sharing_enabled":true,"_links":{"self":[{"href":"https:\/\/blog.sickculture.de\/index.php?rest_route=\/wp\/v2\/pages\/1648","targetHints":{"allow":["GET"]}}],"collection":[{"href":"https:\/\/blog.sickculture.de\/index.php?rest_route=\/wp\/v2\/pages"}],"about":[{"href":"https:\/\/blog.sickculture.de\/index.php?rest_route=\/wp\/v2\/types\/page"}],"author":[{"embeddable":true,"href":"https:\/\/blog.sickculture.de\/index.php?rest_route=\/wp\/v2\/users\/1"}],"replies":[{"embeddable":true,"href":"https:\/\/blog.sickculture.de\/index.php?rest_route=%2Fwp%2Fv2%2Fcomments&post=1648"}],"version-history":[{"count":2,"href":"https:\/\/blog.sickculture.de\/index.php?rest_route=\/wp\/v2\/pages\/1648\/revisions"}],"predecessor-version":[{"id":1689,"href":"https:\/\/blog.sickculture.de\/index.php?rest_route=\/wp\/v2\/pages\/1648\/revisions\/1689"}],"up":[{"embeddable":true,"href":"https:\/\/blog.sickculture.de\/index.php?rest_route=\/wp\/v2\/pages\/90"}],"wp:attachment":[{"href":"https:\/\/blog.sickculture.de\/index.php?rest_route=%2Fwp%2Fv2%2Fmedia&parent=1648"}],"wp:term":[{"taxonomy":"category","embeddable":true,"href":"https:\/\/blog.sickculture.de\/index.php?rest_route=%2Fwp%2Fv2%2Fcategories&post=1648"}],"curies":[{"name":"wp","href":"https:\/\/api.w.org\/{rel}","templated":true}]}}