{"id":1705,"date":"2023-08-15T11:38:59","date_gmt":"2023-08-15T11:38:59","guid":{"rendered":"http:\/\/blog.sickculture.de\/?page_id=1705"},"modified":"2023-08-15T17:58:17","modified_gmt":"2023-08-15T17:58:17","slug":"2017-10-friederspitz-bbs-2-2-2-2-3-2-2-2-2-2-2-2-2-3-2-2-2-2-2-2-3-2-2","status":"publish","type":"page","link":"https:\/\/blog.sickculture.de\/?page_id=1705","title":{"rendered":"2023.08 Eckbauer-Partnach Klamm Wandern"},"content":{"rendered":"<section class=\"wpb-content-wrapper\"><p>[vc_row][vc_column][vc_column_text]<\/p>\n<h1 style=\"text-align: center;\"><strong><span style=\"color: #0000ff;\"><img loading=\"lazy\" decoding=\"async\" class=\"aligncenter size-large wp-image-1706\" src=\"http:\/\/blog.sickculture.de\/wp-content\/uploads\/2023\/08\/20230814_111201_0051__DSC3760_Screen-1024x683.jpg\" alt=\"\" width=\"800\" height=\"534\" srcset=\"https:\/\/blog.sickculture.de\/wp-content\/uploads\/2023\/08\/20230814_111201_0051__DSC3760_Screen-1024x683.jpg 1024w, https:\/\/blog.sickculture.de\/wp-content\/uploads\/2023\/08\/20230814_111201_0051__DSC3760_Screen-300x200.jpg 300w, https:\/\/blog.sickculture.de\/wp-content\/uploads\/2023\/08\/20230814_111201_0051__DSC3760_Screen-768x512.jpg 768w, https:\/\/blog.sickculture.de\/wp-content\/uploads\/2023\/08\/20230814_111201_0051__DSC3760_Screen-1536x1024.jpg 1536w, https:\/\/blog.sickculture.de\/wp-content\/uploads\/2023\/08\/20230814_111201_0051__DSC3760_Screen-225x150.jpg 225w, https:\/\/blog.sickculture.de\/wp-content\/uploads\/2023\/08\/20230814_111201_0051__DSC3760_Screen-150x100.jpg 150w, https:\/\/blog.sickculture.de\/wp-content\/uploads\/2023\/08\/20230814_111201_0051__DSC3760_Screen.jpg 1920w\" sizes=\"auto, (max-width: 800px) 100vw, 800px\" \/>Eckbauer Alm \u00fcber Partnach Klamm<\/span><\/strong><\/h1>\n<h4 style=\"text-align: center;\">Garmisch-Partenkirchen<\/h4>\n<h2 style=\"text-align: center;\"><span style=\"color: #808080;\">14. August 2023<\/span><\/h2>\n<hr>\n<p>Br\u00fcckentag in Garmisch ausgen\u00fctzt und mit Family gewandert.<\/p>\n<div id=\"s3gt_translate_tooltip_mini\" class=\"s3gt_translate_tooltip_mini_box\" style=\"background: initial !important; border: initial !important; border-radius: initial !important; border-spacing: initial !important; border-collapse: initial !important; direction: ltr !important; flex-direction: initial !important; font-weight: initial !important; height: initial !important; letter-spacing: initial !important; min-width: initial !important; max-width: initial !important; min-height: initial !important; max-height: initial !important; margin: auto !important; outline: initial !important; padding: initial !important; position: absolute; table-layout: initial !important; text-align: initial !important; text-shadow: initial !important; width: initial !important; word-break: initial !important; word-spacing: initial !important; overflow-wrap: initial !important; box-sizing: initial !important; display: initial !important; color: inherit !important; font-size: 13px !important; font-family: X-LocaleSpecific, sans-serif, Tahoma, Helvetica !important; line-height: 13px !important; vertical-align: top !important; white-space: inherit !important; left: 10px; top: 35px; opacity: 0.15;\">\n<div id=\"s3gt_translate_tooltip_mini_sound\" class=\"s3gt_translate_tooltip_mini\" title=\"Abspielen\">&nbsp;<\/div>\n<div id=\"s3gt_translate_tooltip_mini_copy\" class=\"s3gt_translate_tooltip_mini\" title=\"In Zwischenablage kopieren\">&nbsp;<\/div>\n<\/div>\n<p>[\/vc_column_text][\/vc_column][\/vc_row][vc_row][vc_column][vc_text_separator title=&#8221;B E S C H R E I B U N G&#8221;][\/vc_column][\/vc_row][vc_row][vc_column][vc_column_text]Eigentlich ein Fehler an einem Br\u00fcckentag mitten in den gro\u00dfen Ferien eine klassische Familienwanderung zu machen &#8211; naja &#8211; das Wetter meldete gegen Nachmittag schlechtes Wetter und da wurde das eben unsere Alternativtour. Gestartet auf dem gef\u00fchlt letzten Parkplatz am Olympia Stadion in Garmisch und schnurstracks zur Partnach Klamm. Eintritt mittlerweile \u00fcberzogene 7,50 Euro (Hunde w\u00fcrden sogar extra kosten; Paul war aber diesmal nicht dabei). Regelrecht durchgeschubst wurde man durch diese herrliche Klamm. Trotzdem ein super Erlebnis. Danach wurde es ein wenig ruhiger. Der Serpentinenpfad ist mittlerweile f\u00fcr Kinderw\u00e4gen ausgebaut. Aber ein Gutes hat er: er war komplett im Schatten. So erreichten wir die Eckbauer Alm mit Top Essen. Nur zu empfehlen! Zugspitze, Alpspitze und das Wettersteingebirge vor Augen. Ein herrlicher Ausblick. Zur\u00fcck ging es \u00fcber Wamberg \u00fcber einen sacksteilen Forstweg.<\/p>\n<p><span class=\"code\"><div class=\"passster-form\" id=\"ps-357\">\n    <form class=\"password-form\" method=\"post\" autocomplete=\"off\" target=\"_top\">\n        <span class=\"ps-form-headline\">Gesch\u00fctzter Bereich<\/span>\n        <div class=\"ps-form-instructions-wrap\">Dieser Inhalt ist passwortgesch\u00fctzt. Bitte gib dein Passwort ein um den Inhalt freizuschalten.<\/div>\n        <fieldset>\n            <span class=\"ps-loader\" style=\"display:none;\"><img decoding=\"async\" src=\"https:\/\/blog.sickculture.de\/wp-content\/plugins\/content-protector\/assets\/public\/ps-loader.svg\" alt=\"\" \/><\/span>\n            <label for=\"input-ps-357\" style=\"display:none;\" class=\"passster-hidden\">Trage dein Passwort ein<\/label>\n            <input placeholder=\"Gib dein Passwort ein..\" type=\"password\" tabindex=\"1\" name=\"passster_password\"\n                   id=\"input-ps-357\" class=\"passster-password\" autocomplete=\"off\"\n                   data-protection-type=\"password\" data-list=\"[PASSSTER_LIST]\" data-lists=\"[PASSSTER_LISTS]\" data-area=\"[PASSSTER_AREA]\"\n                   data-protection=\"[PASSSTER_PROTECTION]\">\n            \n            <button name=\"submit\" type=\"submit\" class=\"passster-submit\" data-psid=\"ps-357\" data-post-id=\"1705\" data-term-id=\"0\" \n                    data-submit=\"...Checking Password\" data-redirect=\"\">Freischalten\n            <\/button>\n            <div class=\"passster-error\"><\/div>\n        <\/fieldset>\n    <\/form>\n<\/div>\n<\/span><\/p>\n<div id=\"s3gt_translate_tooltip_mini\" class=\"s3gt_translate_tooltip_mini_box\" style=\"background: initial !important; border: initial !important; border-radius: initial !important; border-spacing: initial !important; border-collapse: initial !important; direction: ltr !important; flex-direction: initial !important; font-weight: initial !important; height: initial !important; letter-spacing: initial !important; min-width: initial !important; max-width: initial !important; min-height: initial !important; max-height: initial !important; margin: auto !important; outline: initial !important; padding: initial !important; position: absolute; table-layout: initial !important; text-align: initial !important; text-shadow: initial !important; width: initial !important; word-break: initial !important; word-spacing: initial !important; overflow-wrap: initial !important; box-sizing: initial !important; display: initial !important; color: inherit !important; font-size: 13px !important; font-family: X-LocaleSpecific, sans-serif, Tahoma, Helvetica !important; line-height: 13px !important; vertical-align: top !important; white-space: inherit !important; left: 50px; top: 35px; opacity: 0.75;\">\n<div id=\"s3gt_translate_tooltip_mini_logo\" class=\"s3gt_translate_tooltip_mini\" title=\"Markierten Text \u00fcbersetzen\">&nbsp;<\/div>\n<div id=\"s3gt_translate_tooltip_mini_sound\" class=\"s3gt_translate_tooltip_mini\" title=\"Abspielen\">&nbsp;<\/div>\n<div id=\"s3gt_translate_tooltip_mini_copy\" class=\"s3gt_translate_tooltip_mini\" title=\"In Zwischenablage kopieren\">&nbsp;<\/div>\n<\/div>\n<p>[\/vc_column_text][\/vc_column][\/vc_row][vc_row][vc_column][vc_text_separator title=&#8221;F A Z I T&#8221;][\/vc_column][\/vc_row][vc_row][vc_column][vc_column_text]Tolle Wanderung auf einem Klassiker &#8211; vielleicht nicht unbedingt in den Ferien und am Br\u00fcckentag gehen.[\/vc_column_text][\/vc_column][\/vc_row][vc_row][vc_column][vc_column_text]<\/p>\n<input type='button' value='Show' class='photonic-show-gallery-button' data-photonic-shortcode='type=google&amp;style=default&amp;display=local&amp;view=photos&amp;album_id=AKCtDNB_HO_2IB7kKQVHohLFMyuo-EZJjiUQ3JFDHyoINM_L86xrcXD6VnTD5n3WHc2_FuhY2jtg&amp;crop_thumb=crop&amp;count=25&amp;more=More&amp;main_size=1600&amp;thumb_size=150&amp;layout=square&amp;load_mode=php' \/>\n<p>[\/vc_column_text][\/vc_column][\/vc_row]<\/p>\n<\/section>","protected":false},"excerpt":{"rendered":"<p>[vc_row][vc_column][vc_column_text] Eckbauer Alm \u00fcber Partnach Klamm Garmisch-Partenkirchen 14. August 2023 Br\u00fcckentag in Garmisch ausgen\u00fctzt und mit Family gewandert. &nbsp; &nbsp; [\/vc_column_text][\/vc_column][\/vc_row][vc_row][vc_column][vc_text_separator title=&#8221;B E S C H R E I B U N G&#8221;][\/vc_column][\/vc_row][vc_row][vc_column][vc_column_text]Eigentlich ein Fehler an einem Br\u00fcckentag mitten in den gro\u00dfen Ferien eine klassische Familienwanderung zu machen &#8211; naja \u2026 <a class=\"continue-reading-link\" href=\"https:\/\/blog.sickculture.de\/?page_id=1705\"> Continue reading<\/a><\/p>\n","protected":false},"author":1,"featured_media":0,"parent":90,"menu_order":0,"comment_status":"closed","ping_status":"closed","template":"","meta":{"_s2mail":"yes","ngg_post_thumbnail":0,"footnotes":""},"categories":[20],"class_list":["post-1705","page","type-page","status-publish","hentry","category-20"],"jetpack_shortlink":"https:\/\/wp.me\/P7EPUT-rv","jetpack_sharing_enabled":true,"_links":{"self":[{"href":"https:\/\/blog.sickculture.de\/index.php?rest_route=\/wp\/v2\/pages\/1705","targetHints":{"allow":["GET"]}}],"collection":[{"href":"https:\/\/blog.sickculture.de\/index.php?rest_route=\/wp\/v2\/pages"}],"about":[{"href":"https:\/\/blog.sickculture.de\/index.php?rest_route=\/wp\/v2\/types\/page"}],"author":[{"embeddable":true,"href":"https:\/\/blog.sickculture.de\/index.php?rest_route=\/wp\/v2\/users\/1"}],"replies":[{"embeddable":true,"href":"https:\/\/blog.sickculture.de\/index.php?rest_route=%2Fwp%2Fv2%2Fcomments&post=1705"}],"version-history":[{"count":7,"href":"https:\/\/blog.sickculture.de\/index.php?rest_route=\/wp\/v2\/pages\/1705\/revisions"}],"predecessor-version":[{"id":1714,"href":"https:\/\/blog.sickculture.de\/index.php?rest_route=\/wp\/v2\/pages\/1705\/revisions\/1714"}],"up":[{"embeddable":true,"href":"https:\/\/blog.sickculture.de\/index.php?rest_route=\/wp\/v2\/pages\/90"}],"wp:attachment":[{"href":"https:\/\/blog.sickculture.de\/index.php?rest_route=%2Fwp%2Fv2%2Fmedia&parent=1705"}],"wp:term":[{"taxonomy":"category","embeddable":true,"href":"https:\/\/blog.sickculture.de\/index.php?rest_route=%2Fwp%2Fv2%2Fcategories&post=1705"}],"curies":[{"name":"wp","href":"https:\/\/api.w.org\/{rel}","templated":true}]}}