{"id":1718,"date":"2023-09-29T07:57:45","date_gmt":"2023-09-29T07:57:45","guid":{"rendered":"http:\/\/blog.sickculture.de\/?page_id=1718"},"modified":"2023-09-29T07:57:45","modified_gmt":"2023-09-29T07:57:45","slug":"2017-10-friederspitz-bbs-2-2-2-2-3-2-2-2-2-2-2-2-2-3-2-2-2-2-2-2-3-2-2-2-2","status":"publish","type":"page","link":"https:\/\/blog.sickculture.de\/?page_id=1718","title":{"rendered":"2023.09 Gro\u00dfer Daumen &#8211; Nebelhorn Wandern"},"content":{"rendered":"<section class=\"wpb-content-wrapper\"><p>[vc_row][vc_column][vc_column_text]<\/p>\n<h1 style=\"text-align: center;\"><strong><span style=\"color: #0000ff;\"><img loading=\"lazy\" decoding=\"async\" class=\"aligncenter size-large wp-image-1719\" src=\"http:\/\/blog.sickculture.de\/wp-content\/uploads\/2023\/09\/grosserDaumen-1024x332.jpg\" alt=\"\" width=\"800\" height=\"259\" srcset=\"https:\/\/blog.sickculture.de\/wp-content\/uploads\/2023\/09\/grosserDaumen-1024x332.jpg 1024w, https:\/\/blog.sickculture.de\/wp-content\/uploads\/2023\/09\/grosserDaumen-300x97.jpg 300w, https:\/\/blog.sickculture.de\/wp-content\/uploads\/2023\/09\/grosserDaumen-768x249.jpg 768w, https:\/\/blog.sickculture.de\/wp-content\/uploads\/2023\/09\/grosserDaumen-1536x498.jpg 1536w, https:\/\/blog.sickculture.de\/wp-content\/uploads\/2023\/09\/grosserDaumen-2048x664.jpg 2048w, https:\/\/blog.sickculture.de\/wp-content\/uploads\/2023\/09\/grosserDaumen-250x81.jpg 250w, https:\/\/blog.sickculture.de\/wp-content\/uploads\/2023\/09\/grosserDaumen-150x49.jpg 150w\" sizes=\"auto, (max-width: 800px) 100vw, 800px\" \/>Gro\u00dfer Daumen<\/span><\/strong><\/h1>\n<h4 style=\"text-align: center;\">Oberstdorf &#8211; Nebelhorn<\/h4>\n<h2 style=\"text-align: center;\"><span style=\"color: #808080;\">28. September 2023<\/span><\/h2>\n<hr>\n<p>Wieder zu zweit in Richtung S\u00fcden; diesmal nach Oberstdorf eine Wanderung zum Gro\u00dfen Daumen.<\/p>\n<div id=\"s3gt_translate_tooltip_mini\" class=\"s3gt_translate_tooltip_mini_box\" style=\"background: initial !important; border: initial !important; border-radius: initial !important; border-spacing: initial !important; border-collapse: initial !important; direction: ltr !important; flex-direction: initial !important; font-weight: initial !important; height: initial !important; letter-spacing: initial !important; min-width: initial !important; max-width: initial !important; min-height: initial !important; max-height: initial !important; margin: auto !important; outline: initial !important; padding: initial !important; position: absolute; table-layout: initial !important; text-align: initial !important; text-shadow: initial !important; width: initial !important; word-break: initial !important; word-spacing: initial !important; overflow-wrap: initial !important; box-sizing: initial !important; display: initial !important; color: inherit !important; font-size: 13px !important; font-family: X-LocaleSpecific, sans-serif, Tahoma, Helvetica !important; line-height: 13px !important; vertical-align: top !important; white-space: inherit !important; left: 10px; top: 35px; opacity: 0.15;\">\n<div id=\"s3gt_translate_tooltip_mini_sound\" class=\"s3gt_translate_tooltip_mini\" title=\"Abspielen\">&nbsp;<\/div>\n<div id=\"s3gt_translate_tooltip_mini_copy\" class=\"s3gt_translate_tooltip_mini\" title=\"In Zwischenablage kopieren\">&nbsp;<\/div>\n<\/div>\n<p>[\/vc_column_text][\/vc_column][\/vc_row][vc_row][vc_column][vc_text_separator title=&#8221;B E S C H R E I B U N G&#8221;][\/vc_column][\/vc_row][vc_row][vc_column][vc_column_text]Der zweite Tagesausflug dieser Woche ging nach Oberstdorf. Mit der Bahn ging es hoch zum H\u00f6fatsblick am Nebelhorn. Eines mu\u00df man vorweg sagen: die 42 Euro (Stand 9\/2023) f\u00fcr die Gondel ist reine Abzocke. Naja, man k\u00f6nnte ja auch hoch wandern, aber das w\u00e4re zuviel f\u00fcr einen Tag. So nahmen wir die zweite Gondel des Tages nach oben. Dort angekommen war schon m\u00e4chtig was los. Die Bundeswehr und eine Schulklasse mit ca 70 Kindern wartete auf die Gipfelgondel, w\u00e4hrend der Hubschrauber Material und Schneekanonen nach oben bef\u00f6rderte. Da war es ratsam den Weg ins einsame alpine Gel\u00e4nde so schnell wie m\u00f6glich in Angriff zu nehmen. Im st\u00e4ndigen auf und ab, \u00fcber Steinstufen, schroffen Felsen und Latschengassen ging es vorbei am Koblatsee r\u00fcber zum Laufbichelsee (ein herrlicher Gebirgssee!). \u00dcber uns der Hindelanger Klettersteig. Am Morgen war nur eine Person sichtbar, die wir sp\u00e4ter getroffen haben. Nach mehreren Fotostopps erklommen wir die letzten H\u00f6henmeter zum Gro\u00dfen Daumen (2280m) \u00fcber mehrere Serpentinen. Der Schlussanstieg ist relativ leicht den Hang hinauf gehbar. Top Aussicht auf die komplette Bergwelt der Alpen. Von den Voralpen, den \u00d6sterreichischen und Schweizer Bergen, alles sichtbar. Und am Gipfel waren wir anfangs nur zu dritt. Dann kamen die ersten vom Kleinen Daumen r\u00fcber und die Nachz\u00fcgler vom Tal. Nach einer Brotzeit und weiteren Fotos traten wir den R\u00fcckweg auf dem selben Weg an, den wir gekommen sind. Mittlerweile waren die Beine schon recht schwer. Die Einkehr im Edmund-Probst-Haus tat richtig gut. Zur\u00fcck ging es dann wieder mit der Gondel ins Tal.<\/p>\n<p><span class=\"code\"><div class=\"passster-form\" id=\"ps-38\">\n    <form class=\"password-form\" method=\"post\" autocomplete=\"off\" target=\"_top\">\n        <span class=\"ps-form-headline\">Gesch\u00fctzter Bereich<\/span>\n        <div class=\"ps-form-instructions-wrap\">Dieser Inhalt ist passwortgesch\u00fctzt. Bitte gib dein Passwort ein um den Inhalt freizuschalten.<\/div>\n        <fieldset>\n            <span class=\"ps-loader\" style=\"display:none;\"><img decoding=\"async\" src=\"https:\/\/blog.sickculture.de\/wp-content\/plugins\/content-protector\/assets\/public\/ps-loader.svg\" alt=\"\" \/><\/span>\n            <label for=\"input-ps-38\" style=\"display:none;\" class=\"passster-hidden\">Trage dein Passwort ein<\/label>\n            <input placeholder=\"Gib dein Passwort ein..\" type=\"password\" tabindex=\"1\" name=\"passster_password\"\n                   id=\"input-ps-38\" class=\"passster-password\" autocomplete=\"off\"\n                   data-protection-type=\"password\" data-list=\"[PASSSTER_LIST]\" data-lists=\"[PASSSTER_LISTS]\" data-area=\"[PASSSTER_AREA]\"\n                   data-protection=\"[PASSSTER_PROTECTION]\">\n            \n            <button name=\"submit\" type=\"submit\" class=\"passster-submit\" data-psid=\"ps-38\" data-post-id=\"1718\" data-term-id=\"0\" \n                    data-submit=\"...Checking Password\" data-redirect=\"\">Freischalten\n            <\/button>\n            <div class=\"passster-error\"><\/div>\n        <\/fieldset>\n    <\/form>\n<\/div>\n<\/span><\/p>\n<div id=\"s3gt_translate_tooltip_mini\" class=\"s3gt_translate_tooltip_mini_box\" style=\"background: initial !important; border: initial !important; border-radius: initial !important; border-spacing: initial !important; border-collapse: initial !important; direction: ltr !important; flex-direction: initial !important; font-weight: initial !important; height: initial !important; letter-spacing: initial !important; min-width: initial !important; max-width: initial !important; min-height: initial !important; max-height: initial !important; margin: auto !important; outline: initial !important; padding: initial !important; position: absolute; table-layout: initial !important; text-align: initial !important; text-shadow: initial !important; width: initial !important; word-break: initial !important; word-spacing: initial !important; overflow-wrap: initial !important; box-sizing: initial !important; display: initial !important; color: inherit !important; font-size: 13px !important; font-family: X-LocaleSpecific, sans-serif, Tahoma, Helvetica !important; line-height: 13px !important; vertical-align: top !important; white-space: inherit !important; left: 50px; top: 35px; opacity: 0.75;\">\n<div id=\"s3gt_translate_tooltip_mini_logo\" class=\"s3gt_translate_tooltip_mini\" title=\"Markierten Text \u00fcbersetzen\">&nbsp;<\/div>\n<div id=\"s3gt_translate_tooltip_mini_sound\" class=\"s3gt_translate_tooltip_mini\" title=\"Abspielen\">&nbsp;<\/div>\n<div id=\"s3gt_translate_tooltip_mini_copy\" class=\"s3gt_translate_tooltip_mini\" title=\"In Zwischenablage kopieren\">&nbsp;<\/div>\n<\/div>\n<p>[\/vc_column_text][\/vc_column][\/vc_row][vc_row][vc_column][vc_text_separator title=&#8221;F A Z I T&#8221;][\/vc_column][\/vc_row][vc_row][vc_column][vc_column_text]Tolle Tour abseits des Mainstreams &#8211; Geheimtipp auf einsamen Wegen.[\/vc_column_text][\/vc_column][\/vc_row][vc_row][vc_column][vc_column_text]<\/p>\n\n\t\t<style type=\"text\/css\">\n\t\t\t#gallery-1 {\n\t\t\t\tmargin: auto;\n\t\t\t}\n\t\t\t#gallery-1 .gallery-item {\n\t\t\t\tfloat: left;\n\t\t\t\tmargin-top: 10px;\n\t\t\t\ttext-align: center;\n\t\t\t\twidth: 33%;\n\t\t\t}\n\t\t\t#gallery-1 img {\n\t\t\t\tborder: 2px solid #cfcfcf;\n\t\t\t}\n\t\t\t#gallery-1 .gallery-caption {\n\t\t\t\tmargin-left: 0;\n\t\t\t}\n\t\t\t\/* see gallery_shortcode() in wp-includes\/media.php *\/\n\t\t<\/style>\n\t\t<div id='gallery-1' class='gallery galleryid-1718 gallery-columns-3 gallery-size-thumbnail'><dl class='gallery-item'>\n\t\t\t<dt class='gallery-icon landscape'>\n\t\t\t\t<a href='https:\/\/blog.sickculture.de\/?attachment_id=1719'><img loading=\"lazy\" decoding=\"async\" width=\"150\" height=\"150\" src=\"https:\/\/blog.sickculture.de\/wp-content\/uploads\/2023\/09\/grosserDaumen-150x150.jpg\" class=\"attachment-thumbnail size-thumbnail\" alt=\"\" \/><\/a>\n\t\t\t<\/dt><\/dl>\n\t\t\t<br style='clear: both' \/>\n\t\t<\/div>\n\n<p>[\/vc_column_text][\/vc_column][\/vc_row]<\/p>\n<\/section>","protected":false},"excerpt":{"rendered":"<p>[vc_row][vc_column][vc_column_text] Gro\u00dfer Daumen Oberstdorf &#8211; Nebelhorn 28. September 2023 Wieder zu zweit in Richtung S\u00fcden; diesmal nach Oberstdorf eine Wanderung zum Gro\u00dfen Daumen. &nbsp; &nbsp; [\/vc_column_text][\/vc_column][\/vc_row][vc_row][vc_column][vc_text_separator title=&#8221;B E S C H R E I B U N G&#8221;][\/vc_column][\/vc_row][vc_row][vc_column][vc_column_text]Der zweite Tagesausflug dieser Woche ging nach Oberstdorf. Mit der Bahn ging es \u2026 <a class=\"continue-reading-link\" href=\"https:\/\/blog.sickculture.de\/?page_id=1718\"> Continue reading<\/a><\/p>\n","protected":false},"author":1,"featured_media":0,"parent":90,"menu_order":0,"comment_status":"closed","ping_status":"closed","template":"","meta":{"_s2mail":"yes","ngg_post_thumbnail":0,"footnotes":""},"categories":[20],"class_list":["post-1718","page","type-page","status-publish","hentry","category-20"],"jetpack_shortlink":"https:\/\/wp.me\/P7EPUT-rI","jetpack_sharing_enabled":true,"_links":{"self":[{"href":"https:\/\/blog.sickculture.de\/index.php?rest_route=\/wp\/v2\/pages\/1718","targetHints":{"allow":["GET"]}}],"collection":[{"href":"https:\/\/blog.sickculture.de\/index.php?rest_route=\/wp\/v2\/pages"}],"about":[{"href":"https:\/\/blog.sickculture.de\/index.php?rest_route=\/wp\/v2\/types\/page"}],"author":[{"embeddable":true,"href":"https:\/\/blog.sickculture.de\/index.php?rest_route=\/wp\/v2\/users\/1"}],"replies":[{"embeddable":true,"href":"https:\/\/blog.sickculture.de\/index.php?rest_route=%2Fwp%2Fv2%2Fcomments&post=1718"}],"version-history":[{"count":2,"href":"https:\/\/blog.sickculture.de\/index.php?rest_route=\/wp\/v2\/pages\/1718\/revisions"}],"predecessor-version":[{"id":1721,"href":"https:\/\/blog.sickculture.de\/index.php?rest_route=\/wp\/v2\/pages\/1718\/revisions\/1721"}],"up":[{"embeddable":true,"href":"https:\/\/blog.sickculture.de\/index.php?rest_route=\/wp\/v2\/pages\/90"}],"wp:attachment":[{"href":"https:\/\/blog.sickculture.de\/index.php?rest_route=%2Fwp%2Fv2%2Fmedia&parent=1718"}],"wp:term":[{"taxonomy":"category","embeddable":true,"href":"https:\/\/blog.sickculture.de\/index.php?rest_route=%2Fwp%2Fv2%2Fcategories&post=1718"}],"curies":[{"name":"wp","href":"https:\/\/api.w.org\/{rel}","templated":true}]}}