{"id":1722,"date":"2023-10-03T11:48:54","date_gmt":"2023-10-03T11:48:54","guid":{"rendered":"http:\/\/blog.sickculture.de\/?page_id=1722"},"modified":"2023-10-03T11:48:54","modified_gmt":"2023-10-03T11:48:54","slug":"2017-10-friederspitz-bbs-2-2-2-2-3-2-2-2-2-2-2-2-2-3-2-2-2-2-2-2-3-2-2-2-2-2","status":"publish","type":"page","link":"https:\/\/blog.sickculture.de\/?page_id=1722","title":{"rendered":"2023.10 Stuibensee-Bernadeinkopf Wandern"},"content":{"rendered":"<section class=\"wpb-content-wrapper\"><p>[vc_row][vc_column][vc_column_text]<\/p>\n<h1 style=\"text-align: center;\"><strong><span style=\"color: #0000ff;\"><img loading=\"lazy\" decoding=\"async\" class=\"aligncenter size-large wp-image-1723\" src=\"http:\/\/blog.sickculture.de\/wp-content\/uploads\/2023\/10\/Bernadein-Stuiben-1024x416.jpg\" alt=\"\" width=\"800\" height=\"325\" srcset=\"https:\/\/blog.sickculture.de\/wp-content\/uploads\/2023\/10\/Bernadein-Stuiben-1024x416.jpg 1024w, https:\/\/blog.sickculture.de\/wp-content\/uploads\/2023\/10\/Bernadein-Stuiben-300x122.jpg 300w, https:\/\/blog.sickculture.de\/wp-content\/uploads\/2023\/10\/Bernadein-Stuiben-768x312.jpg 768w, https:\/\/blog.sickculture.de\/wp-content\/uploads\/2023\/10\/Bernadein-Stuiben-1536x624.jpg 1536w, https:\/\/blog.sickculture.de\/wp-content\/uploads\/2023\/10\/Bernadein-Stuiben-2048x832.jpg 2048w, https:\/\/blog.sickculture.de\/wp-content\/uploads\/2023\/10\/Bernadein-Stuiben-250x102.jpg 250w, https:\/\/blog.sickculture.de\/wp-content\/uploads\/2023\/10\/Bernadein-Stuiben-150x61.jpg 150w\" sizes=\"auto, (max-width: 800px) 100vw, 800px\" \/>Bernadeinkopf und Stuibensee<\/span><\/strong><\/h1>\n<h4 style=\"text-align: center;\">Einsame Wege am Kreuzeck\/Alpsitze<\/h4>\n<h2 style=\"text-align: center;\"><span style=\"color: #808080;\">2. Oktober 2023<\/span><\/h2>\n<hr>\n<p>Sehr einsame Tagestour in Garmisch mit Gipfelkreuz und See &#8211; und sehr wenig Leute auf unseren Wegen.<\/p>\n<div id=\"s3gt_translate_tooltip_mini\" class=\"s3gt_translate_tooltip_mini_box\" style=\"background: initial !important; border: initial !important; border-radius: initial !important; border-spacing: initial !important; border-collapse: initial !important; direction: ltr !important; flex-direction: initial !important; font-weight: initial !important; height: initial !important; letter-spacing: initial !important; min-width: initial !important; max-width: initial !important; min-height: initial !important; max-height: initial !important; margin: auto !important; outline: initial !important; padding: initial !important; position: absolute; table-layout: initial !important; text-align: initial !important; text-shadow: initial !important; width: initial !important; word-break: initial !important; word-spacing: initial !important; overflow-wrap: initial !important; box-sizing: initial !important; display: initial !important; color: inherit !important; font-size: 13px !important; font-family: X-LocaleSpecific, sans-serif, Tahoma, Helvetica !important; line-height: 13px !important; vertical-align: top !important; white-space: inherit !important; left: 10px; top: 35px; opacity: 0.15;\">\n<div id=\"s3gt_translate_tooltip_mini_sound\" class=\"s3gt_translate_tooltip_mini\" title=\"Abspielen\">&nbsp;<\/div>\n<div id=\"s3gt_translate_tooltip_mini_copy\" class=\"s3gt_translate_tooltip_mini\" title=\"In Zwischenablage kopieren\">&nbsp;<\/div>\n<\/div>\n<p>[\/vc_column_text][\/vc_column][\/vc_row][vc_row][vc_column][vc_text_separator title=&#8221;B E S C H R E I B U N G&#8221;][\/vc_column][\/vc_row][vc_row][vc_column][vc_column_text]Wieder einmal einen traumhaften Fenstertag in den Bergen verbracht. Diesmal wieder zu Fu\u00df, da der R\u00fccken noch zwickte. Mit der Kreuzeckbahn in Garmisch ging es schon fr\u00fch morgens die ersten 900hm nach oben. Der Weg f\u00fchrt uns zun\u00e4chst Richtung Osterfelderkopf\/Alpspitzbahn und zweigt links in den Bernadeinsteig ab. Dieser ist nicht wirklich schwer, jedoch mit Bedacht zu gehen. Morgens war dieser Weg noch im Schatten und im Herbst waren die Steine noch &#8220;speckig&#8221;. Die ersten Meter r\u00fcber zur Bernadeinh\u00fctte geht noch leicht bergab, dann relativ eben unterhalb der Bernadeinw\u00e4nde vorbei und dann steil rechts hoch zum Stuibensee. Loses Gestein, kleinere Stufen und eine schwei\u00dftreibende Hitze setzten dem Ganzen ziemlich zu. Am See angekommen, genossen wir die herrliche Landschaft. Immer im Auge der Alpspitz und der Jubil\u00e4umsweg, sowie die Stuibenspitze mit dem abfallenden Grat zur Stuibenh\u00fctte. Dann stiegen wir \u00fcber ein kleines Kar und einer Rinne, bei der auch mal die H\u00e4nde am Fels zum Einsatz kamen, hoch zu einer Hochfl\u00e4che unterhalb des Bernadeinkopfs. Hier kommen auch die Klettersteige rauf. Die letzten Meter zum Gipfel waren dann nicht mehr weit. Unter uns der See und die Alpsitzbahn mit ihrer Aussichtsplattform. Vor uns der m\u00e4chtige Alpspitz. Nach langer Rast stiegen wir wieder zum See ab, umrundeten diesen auf der rechten Seite und wanderten weglos r\u00fcber zur Stuibenwand. Hier soll ein einsamer Pfad ins Tal direkt an den W\u00e4nden f\u00fchren. Die Wegf\u00fchrung ist sehr schwer zu erkennen. Dann ein wenig bergauf und darauf schon fast extrem bergab. \u00dcber steiles Ger\u00f6ll, karstigen Rinnen, rutschigen Felspassagen und sperrigen Latschen hindurch. Und so gut wie keine Markierung am Weg. Man k\u00f6nnte auch auf die Mauerscharte aufsteigen und zum Stuibenkopf gehen, das wiederum w\u00e4re zuviel f\u00fcr uns gewesen. Viel zu viel Zeit blieb auf der Strecke liegen. Wir waren froh, auf dem Weg zur Bernadeinh\u00fctte wieder zu sein. Zur\u00fcck ging es denselben Weg zur Kreuzeckbahn.<\/p>\n<div class=\"passster-form\" id=\"ps-274\">\n    <form class=\"password-form\" method=\"post\" autocomplete=\"off\" target=\"_top\">\n        <span class=\"ps-form-headline\">Gesch\u00fctzter Bereich<\/span>\n        <div class=\"ps-form-instructions-wrap\">Dieser Inhalt ist passwortgesch\u00fctzt. Bitte gib dein Passwort ein um den Inhalt freizuschalten.<\/div>\n        <fieldset>\n            <span class=\"ps-loader\" style=\"display:none;\"><img decoding=\"async\" src=\"https:\/\/blog.sickculture.de\/wp-content\/plugins\/content-protector\/assets\/public\/ps-loader.svg\" alt=\"\" \/><\/span>\n            <label for=\"input-ps-274\" style=\"display:none;\" class=\"passster-hidden\">Trage dein Passwort ein<\/label>\n            <input placeholder=\"Gib dein Passwort ein..\" type=\"password\" tabindex=\"1\" name=\"passster_password\"\n                   id=\"input-ps-274\" class=\"passster-password\" autocomplete=\"off\"\n                   data-protection-type=\"password\" data-list=\"[PASSSTER_LIST]\" data-lists=\"[PASSSTER_LISTS]\" data-area=\"[PASSSTER_AREA]\"\n                   data-protection=\"[PASSSTER_PROTECTION]\">\n            \n            <button name=\"submit\" type=\"submit\" class=\"passster-submit\" data-psid=\"ps-274\" data-post-id=\"1722\" data-term-id=\"0\" \n                    data-submit=\"...Checking Password\" data-redirect=\"\">Freischalten\n            <\/button>\n            <div class=\"passster-error\"><\/div>\n        <\/fieldset>\n    <\/form>\n<\/div>\n\n<div id=\"s3gt_translate_tooltip_mini\" class=\"s3gt_translate_tooltip_mini_box\" style=\"background: initial !important; border: initial !important; border-radius: initial !important; border-spacing: initial !important; border-collapse: initial !important; direction: ltr !important; flex-direction: initial !important; font-weight: initial !important; height: initial !important; letter-spacing: initial !important; min-width: initial !important; max-width: initial !important; min-height: initial !important; max-height: initial !important; margin: auto !important; outline: initial !important; padding: initial !important; position: absolute; table-layout: initial !important; text-align: initial !important; text-shadow: initial !important; width: initial !important; word-break: initial !important; word-spacing: initial !important; overflow-wrap: initial !important; box-sizing: initial !important; display: initial !important; color: inherit !important; font-size: 13px !important; font-family: X-LocaleSpecific, sans-serif, Tahoma, Helvetica !important; line-height: 13px !important; vertical-align: top !important; white-space: inherit !important; left: 50px; top: 35px; opacity: 0.75;\">\n<div id=\"s3gt_translate_tooltip_mini_logo\" class=\"s3gt_translate_tooltip_mini\" title=\"Markierten Text \u00fcbersetzen\">&nbsp;<\/div>\n<div id=\"s3gt_translate_tooltip_mini_sound\" class=\"s3gt_translate_tooltip_mini\" title=\"Abspielen\">&nbsp;<\/div>\n<div id=\"s3gt_translate_tooltip_mini_copy\" class=\"s3gt_translate_tooltip_mini\" title=\"In Zwischenablage kopieren\">&nbsp;<\/div>\n<\/div>\n<p>[\/vc_column_text][\/vc_column][\/vc_row][vc_row][vc_column][vc_text_separator title=&#8221;F A Z I T&#8221;][\/vc_column][\/vc_row][vc_row][vc_column][vc_column_text]Wieder eine tolle Wandertour abseits des Mainstreams &#8211; Geheimtipp auf einsamen Wegen.[\/vc_column_text][\/vc_column][\/vc_row][vc_row][vc_column][vc_column_text]<\/p>\n\n\t\t<style type=\"text\/css\">\n\t\t\t#gallery-1 {\n\t\t\t\tmargin: auto;\n\t\t\t}\n\t\t\t#gallery-1 .gallery-item {\n\t\t\t\tfloat: left;\n\t\t\t\tmargin-top: 10px;\n\t\t\t\ttext-align: center;\n\t\t\t\twidth: 33%;\n\t\t\t}\n\t\t\t#gallery-1 img {\n\t\t\t\tborder: 2px solid #cfcfcf;\n\t\t\t}\n\t\t\t#gallery-1 .gallery-caption {\n\t\t\t\tmargin-left: 0;\n\t\t\t}\n\t\t\t\/* see gallery_shortcode() in wp-includes\/media.php *\/\n\t\t<\/style>\n\t\t<div id='gallery-1' class='gallery galleryid-1722 gallery-columns-3 gallery-size-thumbnail'><dl class='gallery-item'>\n\t\t\t<dt class='gallery-icon landscape'>\n\t\t\t\t<a href='https:\/\/blog.sickculture.de\/?attachment_id=1723'><img loading=\"lazy\" decoding=\"async\" width=\"150\" height=\"150\" src=\"https:\/\/blog.sickculture.de\/wp-content\/uploads\/2023\/10\/Bernadein-Stuiben-150x150.jpg\" class=\"attachment-thumbnail size-thumbnail\" alt=\"\" \/><\/a>\n\t\t\t<\/dt><\/dl>\n\t\t\t<br style='clear: both' \/>\n\t\t<\/div>\n\n<p>[\/vc_column_text][\/vc_column][\/vc_row]<\/p>\n<\/section>","protected":false},"excerpt":{"rendered":"<p>[vc_row][vc_column][vc_column_text] Bernadeinkopf und Stuibensee Einsame Wege am Kreuzeck\/Alpsitze 2. Oktober 2023 Sehr einsame Tagestour in Garmisch mit Gipfelkreuz und See &#8211; und sehr wenig Leute auf unseren Wegen. &nbsp; &nbsp; [\/vc_column_text][\/vc_column][\/vc_row][vc_row][vc_column][vc_text_separator title=&#8221;B E S C H R E I B U N G&#8221;][\/vc_column][\/vc_row][vc_row][vc_column][vc_column_text]Wieder einmal einen traumhaften Fenstertag in den Bergen \u2026 <a class=\"continue-reading-link\" href=\"https:\/\/blog.sickculture.de\/?page_id=1722\"> Continue reading<\/a><\/p>\n","protected":false},"author":1,"featured_media":0,"parent":90,"menu_order":0,"comment_status":"closed","ping_status":"closed","template":"","meta":{"_s2mail":"yes","ngg_post_thumbnail":0,"footnotes":""},"categories":[20],"class_list":["post-1722","page","type-page","status-publish","hentry","category-20"],"jetpack_shortlink":"https:\/\/wp.me\/P7EPUT-rM","jetpack_sharing_enabled":true,"_links":{"self":[{"href":"https:\/\/blog.sickculture.de\/index.php?rest_route=\/wp\/v2\/pages\/1722","targetHints":{"allow":["GET"]}}],"collection":[{"href":"https:\/\/blog.sickculture.de\/index.php?rest_route=\/wp\/v2\/pages"}],"about":[{"href":"https:\/\/blog.sickculture.de\/index.php?rest_route=\/wp\/v2\/types\/page"}],"author":[{"embeddable":true,"href":"https:\/\/blog.sickculture.de\/index.php?rest_route=\/wp\/v2\/users\/1"}],"replies":[{"embeddable":true,"href":"https:\/\/blog.sickculture.de\/index.php?rest_route=%2Fwp%2Fv2%2Fcomments&post=1722"}],"version-history":[{"count":1,"href":"https:\/\/blog.sickculture.de\/index.php?rest_route=\/wp\/v2\/pages\/1722\/revisions"}],"predecessor-version":[{"id":1724,"href":"https:\/\/blog.sickculture.de\/index.php?rest_route=\/wp\/v2\/pages\/1722\/revisions\/1724"}],"up":[{"embeddable":true,"href":"https:\/\/blog.sickculture.de\/index.php?rest_route=\/wp\/v2\/pages\/90"}],"wp:attachment":[{"href":"https:\/\/blog.sickculture.de\/index.php?rest_route=%2Fwp%2Fv2%2Fmedia&parent=1722"}],"wp:term":[{"taxonomy":"category","embeddable":true,"href":"https:\/\/blog.sickculture.de\/index.php?rest_route=%2Fwp%2Fv2%2Fcategories&post=1722"}],"curies":[{"name":"wp","href":"https:\/\/api.w.org\/{rel}","templated":true}]}}