{"id":1726,"date":"2023-10-13T20:17:46","date_gmt":"2023-10-13T20:17:46","guid":{"rendered":"http:\/\/blog.sickculture.de\/?page_id=1726"},"modified":"2023-10-13T20:17:46","modified_gmt":"2023-10-13T20:17:46","slug":"2017-10-friederspitz-bbs-2-2-2-2-3-2-2-2-2-2-2-2-2-3-2-2-2-2-2-2-3-2-2-2-2-2-2","status":"publish","type":"page","link":"https:\/\/blog.sickculture.de\/?page_id=1726","title":{"rendered":"2023.10 Gr\u00fcnten &#8211; der W\u00e4chter des Allg\u00e4us Wandern"},"content":{"rendered":"<section class=\"wpb-content-wrapper\"><p>[vc_row][vc_column][vc_column_text]<\/p>\n<h1 style=\"text-align: center;\"><strong><span style=\"color: #0000ff;\"><img loading=\"lazy\" decoding=\"async\" class=\"aligncenter size-large wp-image-1727\" src=\"http:\/\/blog.sickculture.de\/wp-content\/uploads\/2023\/10\/20231013_111255_0060__DSC4444-Pano_Screen-1024x246.jpg\" alt=\"\" width=\"800\" height=\"192\" srcset=\"https:\/\/blog.sickculture.de\/wp-content\/uploads\/2023\/10\/20231013_111255_0060__DSC4444-Pano_Screen-1024x246.jpg 1024w, https:\/\/blog.sickculture.de\/wp-content\/uploads\/2023\/10\/20231013_111255_0060__DSC4444-Pano_Screen-300x72.jpg 300w, https:\/\/blog.sickculture.de\/wp-content\/uploads\/2023\/10\/20231013_111255_0060__DSC4444-Pano_Screen-768x185.jpg 768w, https:\/\/blog.sickculture.de\/wp-content\/uploads\/2023\/10\/20231013_111255_0060__DSC4444-Pano_Screen-1536x369.jpg 1536w, https:\/\/blog.sickculture.de\/wp-content\/uploads\/2023\/10\/20231013_111255_0060__DSC4444-Pano_Screen-2048x492.jpg 2048w, https:\/\/blog.sickculture.de\/wp-content\/uploads\/2023\/10\/20231013_111255_0060__DSC4444-Pano_Screen-250x60.jpg 250w, https:\/\/blog.sickculture.de\/wp-content\/uploads\/2023\/10\/20231013_111255_0060__DSC4444-Pano_Screen-150x36.jpg 150w\" sizes=\"auto, (max-width: 800px) 100vw, 800px\" \/><\/span><\/strong><\/h1>\n<h1 style=\"text-align: center;\"><strong><span style=\"color: #0000ff;\">GR\u00dcNTEN<\/span><\/strong><\/h1>\n<h4 style=\"text-align: center;\">der W\u00e4chter des Allg\u00e4us<\/h4>\n<h2 style=\"text-align: center;\"><span style=\"color: #808080;\">13. Oktober 2023<\/span><\/h2>\n<hr>\n<p>Was willst denn mit dem Gr\u00fcnten &#8211; jetzt hat es mich doch erwischt.<\/p>\n<div id=\"s3gt_translate_tooltip_mini\" class=\"s3gt_translate_tooltip_mini_box\" style=\"background: initial !important; border: initial !important; border-radius: initial !important; border-spacing: initial !important; border-collapse: initial !important; direction: ltr !important; flex-direction: initial !important; font-weight: initial !important; height: initial !important; letter-spacing: initial !important; min-width: initial !important; max-width: initial !important; min-height: initial !important; max-height: initial !important; margin: auto !important; outline: initial !important; padding: initial !important; position: absolute; table-layout: initial !important; text-align: initial !important; text-shadow: initial !important; width: initial !important; word-break: initial !important; word-spacing: initial !important; overflow-wrap: initial !important; box-sizing: initial !important; display: initial !important; color: inherit !important; font-size: 13px !important; font-family: X-LocaleSpecific, sans-serif, Tahoma, Helvetica !important; line-height: 13px !important; vertical-align: top !important; white-space: inherit !important; left: 10px; top: 35px; opacity: 0.15;\">\n<div id=\"s3gt_translate_tooltip_mini_sound\" class=\"s3gt_translate_tooltip_mini\" title=\"Abspielen\">&nbsp;<\/div>\n<div id=\"s3gt_translate_tooltip_mini_copy\" class=\"s3gt_translate_tooltip_mini\" title=\"In Zwischenablage kopieren\">&nbsp;<\/div>\n<\/div>\n<p>[\/vc_column_text][\/vc_column][\/vc_row][vc_row][vc_column][vc_text_separator title=&#8221;B E S C H R E I B U N G&#8221;][\/vc_column][\/vc_row][vc_row][vc_column][vc_column_text]Der Gr\u00fcnten und ich &#8211; zwei Gesellen, die nicht zueinander passen, oder doch? &#8220;Tausend mal ber\u00fchrt, tausendmal ist nichts passiert,&#8230;&#8221; so in etwa umging ich immer den Gr\u00fcnten und nun hat es &#8220;zoom&#8221; gemacht. Heute ging es auf dem k\u00fcrzesten Weg zum Gr\u00fcnten Gipfel hoch. Mit an Board war meine Schwester. Vom Wanderparkplatz Kammereggalpe ging es stramm nach oben. Zuerst noch auf der Weidewiese, dann aber der Liftstation sch\u00f6n steinig und z\u00fcgig dem Gipfel entgegen. Die letzten 100m zum J\u00e4gerdenkmal ist nach meinem Geschmack. Ein felsiger Gratweg mit Ketten und Stufen, vorbei an zwei kleinen Kreuzen und dann das Mega Denkmal der gefallenen Gebirgsj\u00e4ger, dahinter der Sendemast des BR Rundfunks mit Gr\u00fcntenhaus. Die beiden haben wir ausgelassen. Nach langer Rast und herrlichem Panorama ging vorerst wieder den Aufstiegsweg bergab, dann r\u00fcber zur Gr\u00fcntenh\u00fctte und weiter zur Bergwacht Station. Es folgt der Abstieg entlang des Sessellifts und anschlie\u00dfend der &#8220;Lustige Weg&#8221;, ein Art Panorama Weg, r\u00fcber zum Parkplatz. Nach 700hm waren wir wieder an der Kammereggalpe angekommen und genossen noch einen leckeren selbstgemachten Kuchen.<\/p>\n<div class=\"passster-form\" id=\"ps-763\">\n    <form class=\"password-form\" method=\"post\" autocomplete=\"off\" target=\"_top\">\n        <span class=\"ps-form-headline\">Gesch\u00fctzter Bereich<\/span>\n        <div class=\"ps-form-instructions-wrap\">Dieser Inhalt ist passwortgesch\u00fctzt. Bitte gib dein Passwort ein um den Inhalt freizuschalten.<\/div>\n        <fieldset>\n            <span class=\"ps-loader\" style=\"display:none;\"><img decoding=\"async\" src=\"https:\/\/blog.sickculture.de\/wp-content\/plugins\/content-protector\/assets\/public\/ps-loader.svg\" alt=\"\" \/><\/span>\n            <label for=\"input-ps-763\" style=\"display:none;\" class=\"passster-hidden\">Trage dein Passwort ein<\/label>\n            <input placeholder=\"Gib dein Passwort ein..\" type=\"password\" tabindex=\"1\" name=\"passster_password\"\n                   id=\"input-ps-763\" class=\"passster-password\" autocomplete=\"off\"\n                   data-protection-type=\"password\" data-list=\"[PASSSTER_LIST]\" data-lists=\"[PASSSTER_LISTS]\" data-area=\"[PASSSTER_AREA]\"\n                   data-protection=\"[PASSSTER_PROTECTION]\">\n            \n            <button name=\"submit\" type=\"submit\" class=\"passster-submit\" data-psid=\"ps-763\" data-post-id=\"1726\" data-term-id=\"0\" \n                    data-submit=\"...Checking Password\" data-redirect=\"\">Freischalten\n            <\/button>\n            <div class=\"passster-error\"><\/div>\n        <\/fieldset>\n    <\/form>\n<\/div>\n\n<div id=\"s3gt_translate_tooltip_mini\" class=\"s3gt_translate_tooltip_mini_box\" style=\"background: initial !important; border: initial !important; border-radius: initial !important; border-spacing: initial !important; border-collapse: initial !important; direction: ltr !important; flex-direction: initial !important; font-weight: initial !important; height: initial !important; letter-spacing: initial !important; min-width: initial !important; max-width: initial !important; min-height: initial !important; max-height: initial !important; margin: auto !important; outline: initial !important; padding: initial !important; position: absolute; table-layout: initial !important; text-align: initial !important; text-shadow: initial !important; width: initial !important; word-break: initial !important; word-spacing: initial !important; overflow-wrap: initial !important; box-sizing: initial !important; display: initial !important; color: inherit !important; font-size: 13px !important; font-family: X-LocaleSpecific, sans-serif, Tahoma, Helvetica !important; line-height: 13px !important; vertical-align: top !important; white-space: inherit !important; left: 50px; top: 35px; opacity: 0.75;\">\n<div id=\"s3gt_translate_tooltip_mini_logo\" class=\"s3gt_translate_tooltip_mini\" title=\"Markierten Text \u00fcbersetzen\">&nbsp;<\/div>\n<div id=\"s3gt_translate_tooltip_mini_sound\" class=\"s3gt_translate_tooltip_mini\" title=\"Abspielen\">&nbsp;<\/div>\n<div id=\"s3gt_translate_tooltip_mini_copy\" class=\"s3gt_translate_tooltip_mini\" title=\"In Zwischenablage kopieren\">&nbsp;<\/div>\n<\/div>\n<p>[\/vc_column_text][\/vc_column][\/vc_row][vc_row][vc_column][vc_text_separator title=&#8221;F A Z I T&#8221;][\/vc_column][\/vc_row][vc_row][vc_column][vc_column_text]Gr\u00fcnten abgehackt &#8211; nein ganz so schlimm ist er nicht. Die Aussicht ist super und die Einkehrm\u00f6glichkeiten sind auch geh\u00e4uft vorhanden. Ein herrlicher Herbsttag im Allg\u00e4u verbracht.[\/vc_column_text][\/vc_column][\/vc_row][vc_row][vc_column][vc_column_text]<\/p>\n\n\t\t<style type=\"text\/css\">\n\t\t\t#gallery-1 {\n\t\t\t\tmargin: auto;\n\t\t\t}\n\t\t\t#gallery-1 .gallery-item {\n\t\t\t\tfloat: left;\n\t\t\t\tmargin-top: 10px;\n\t\t\t\ttext-align: center;\n\t\t\t\twidth: 33%;\n\t\t\t}\n\t\t\t#gallery-1 img {\n\t\t\t\tborder: 2px solid #cfcfcf;\n\t\t\t}\n\t\t\t#gallery-1 .gallery-caption {\n\t\t\t\tmargin-left: 0;\n\t\t\t}\n\t\t\t\/* see gallery_shortcode() in wp-includes\/media.php *\/\n\t\t<\/style>\n\t\t<div id='gallery-1' class='gallery galleryid-1726 gallery-columns-3 gallery-size-thumbnail'><dl class='gallery-item'>\n\t\t\t<dt class='gallery-icon landscape'>\n\t\t\t\t<a href='https:\/\/blog.sickculture.de\/?attachment_id=1727'><img loading=\"lazy\" decoding=\"async\" width=\"150\" height=\"150\" src=\"https:\/\/blog.sickculture.de\/wp-content\/uploads\/2023\/10\/20231013_111255_0060__DSC4444-Pano_Screen-150x150.jpg\" class=\"attachment-thumbnail size-thumbnail\" alt=\"\" \/><\/a>\n\t\t\t<\/dt><\/dl>\n\t\t\t<br style='clear: both' \/>\n\t\t<\/div>\n\n<p>[\/vc_column_text][\/vc_column][\/vc_row]<\/p>\n<\/section>","protected":false},"excerpt":{"rendered":"<p>[vc_row][vc_column][vc_column_text] GR\u00dcNTEN der W\u00e4chter des Allg\u00e4us 13. Oktober 2023 Was willst denn mit dem Gr\u00fcnten &#8211; jetzt hat es mich doch erwischt. &nbsp; &nbsp; [\/vc_column_text][\/vc_column][\/vc_row][vc_row][vc_column][vc_text_separator title=&#8221;B E S C H R E I B U N G&#8221;][\/vc_column][\/vc_row][vc_row][vc_column][vc_column_text]Der Gr\u00fcnten und ich &#8211; zwei Gesellen, die nicht zueinander passen, oder doch? &#8220;Tausend \u2026 <a class=\"continue-reading-link\" href=\"https:\/\/blog.sickculture.de\/?page_id=1726\"> Continue reading<\/a><\/p>\n","protected":false},"author":1,"featured_media":0,"parent":90,"menu_order":0,"comment_status":"closed","ping_status":"closed","template":"","meta":{"_s2mail":"yes","ngg_post_thumbnail":0,"footnotes":""},"categories":[20],"class_list":["post-1726","page","type-page","status-publish","hentry","category-20"],"jetpack_shortlink":"https:\/\/wp.me\/P7EPUT-rQ","jetpack_sharing_enabled":true,"_links":{"self":[{"href":"https:\/\/blog.sickculture.de\/index.php?rest_route=\/wp\/v2\/pages\/1726","targetHints":{"allow":["GET"]}}],"collection":[{"href":"https:\/\/blog.sickculture.de\/index.php?rest_route=\/wp\/v2\/pages"}],"about":[{"href":"https:\/\/blog.sickculture.de\/index.php?rest_route=\/wp\/v2\/types\/page"}],"author":[{"embeddable":true,"href":"https:\/\/blog.sickculture.de\/index.php?rest_route=\/wp\/v2\/users\/1"}],"replies":[{"embeddable":true,"href":"https:\/\/blog.sickculture.de\/index.php?rest_route=%2Fwp%2Fv2%2Fcomments&post=1726"}],"version-history":[{"count":1,"href":"https:\/\/blog.sickculture.de\/index.php?rest_route=\/wp\/v2\/pages\/1726\/revisions"}],"predecessor-version":[{"id":1728,"href":"https:\/\/blog.sickculture.de\/index.php?rest_route=\/wp\/v2\/pages\/1726\/revisions\/1728"}],"up":[{"embeddable":true,"href":"https:\/\/blog.sickculture.de\/index.php?rest_route=\/wp\/v2\/pages\/90"}],"wp:attachment":[{"href":"https:\/\/blog.sickculture.de\/index.php?rest_route=%2Fwp%2Fv2%2Fmedia&parent=1726"}],"wp:term":[{"taxonomy":"category","embeddable":true,"href":"https:\/\/blog.sickculture.de\/index.php?rest_route=%2Fwp%2Fv2%2Fcategories&post=1726"}],"curies":[{"name":"wp","href":"https:\/\/api.w.org\/{rel}","templated":true}]}}