{"id":180,"date":"2013-09-06T09:34:43","date_gmt":"2013-09-06T09:34:43","guid":{"rendered":"http:\/\/blog.sickculture.de\/?page_id=180"},"modified":"2019-02-13T18:42:11","modified_gmt":"2019-02-13T18:42:11","slug":"2013-tisens-etschtal","status":"publish","type":"page","link":"https:\/\/blog.sickculture.de\/?page_id=180","title":{"rendered":"2013.05 Tisens Etschtal"},"content":{"rendered":"<section class=\"wpb-content-wrapper\"><p>[vc_row][vc_column][vc_column_text][pe2-image src=&#8221;http:\/\/lh4.ggpht.com\/-6FkHa2kFcg8\/UimZP-cHjKI\/AAAAAAAALnQ\/RNniqHnEfWk\/s144-c-o\/20130531_11.42.42_0089_SLT-A77V__DSC2347_webDxO.jpg&#8221; href=&#8221;https:\/\/picasaweb.google.com\/112885246866780528333\/20130603TISENSMeran2000?authkey=Gv1sRgCPm4rYOQ7fH_cw#5920431684893248674&#8243; caption=&#8221;&#8221; type=&#8221;image&#8221; alt=&#8221;20130531_11.42.42_0089_SLT-A77V__DSC2347_webDxO.jpg&#8221; ]<\/p>\n<p class=\"clear\">&nbsp;Diesen Monat war das Etschtal mein Bikerevier. Genauer gesagt das kleine \u00d6rtchen Tisens oberhalb von Vals im Etschtal, das zwischen Meran und Bozen liegt.<\/p>\n<p>Angefangen hat alles in Sterzing. Dort stieg ich aus meinem Kombi und fuhr die ca. 90km \u00fcber den Jaufenpass nach Tisens. Meine Eltern bewegte den Kombi auf der gem\u00fctlichen Brennerautobahn Richtung S\u00fcden, w\u00e4hrend ich bei gef\u00fchlten 5 Grad den Pass erklommen habe. Auf der Auffahrt \u00fcberholten mich st\u00e4ndig Autos und Motorr\u00e4der, was leider sehr nervig war. Oben herrschte noch der Winter. Schneefelder, kalter Wind und von oben hat der Himmel noch Flocken fallen lassen. Kaum auf der s\u00fcdlichen Seite angekommen, schien die Sonne und die Wohlf\u00fchltemperatur bekam ich zu sp\u00fcren. Eigentlich wollte ich den Trail ins Passeier Tal fahren, doch der nasse Boden beschr\u00e4nkte meinen Mut. Die letzten Kilometer bis Vals verliefen \u00fcber Meran auf dem Radweg.<\/p>\n<p>Am n\u00e4chsten Morgen gings dann von Falzeben zum Meran 2000, \u00fcber den Meraner H\u00f6henweg (E5) zu den Stoanerne Mandl Richtung Bozen. Eine Hammertour! Grandiose Ausblicke ins Vinschgau, Etschtal, Sarntal und in der Ferne Rosengarten, Latemar, Schlern,&#8230;! Der H\u00f6henweg ist ein grandioser flowiger Trail, der im Auf und Ab sich am Kamm entlang schl\u00e4ngelt. Die Anzahl der Wanderer hielt sich sehr gering, dass ich gr\u00f6\u00dftenteils allein auf dem Trail war. Die Abfahrt war ein verblockter geheimer Trail.<\/p>\n<p>Der kommende Tag erstrahlte in Sonnenschein und ich fuhr auf das Vigiljoch. Die Auffahrt war von Beginn an sehr steil. Anfangs Stra\u00dfe, dann Schotterpiste. An der Schwarzen Lacke machte ich kurz Rast, wobei mir dieser Sightseeing Point nicht zugesagt hat und ich umgehend weiterfuhr. Am Vigiljoch mu\u00dfte ich meine Routenplanung aufgrund des Zeitrahmens \u00e4ndern. Eigentlich wollte ich \u00fcber die Naturnser Alm abfahren. Ich fuhr aber wieder zur\u00fcck in Richtung Seilbahn und nahm den Hammer Freeride Trail des Mountainbike Magazins unter die Stollen. Verblockt, steil und rutschig. Aber alles fahrbar! Dauergrinsen angesagt!<\/p>\n<hr style=\"width: 90%;\" width=\"90%\">\n<h3>Bilder:<\/h3>\n\n<p>[\/vc_column_text][\/vc_column][\/vc_row]<\/p>\n<\/section>","protected":false},"excerpt":{"rendered":"<p>[vc_row][vc_column][vc_column_text][pe2-image src=&#8221;http:\/\/lh4.ggpht.com\/-6FkHa2kFcg8\/UimZP-cHjKI\/AAAAAAAALnQ\/RNniqHnEfWk\/s144-c-o\/20130531_11.42.42_0089_SLT-A77V__DSC2347_webDxO.jpg&#8221; href=&#8221;https:\/\/picasaweb.google.com\/112885246866780528333\/20130603TISENSMeran2000?authkey=Gv1sRgCPm4rYOQ7fH_cw#5920431684893248674&#8243; caption=&#8221;&#8221; type=&#8221;image&#8221; alt=&#8221;20130531_11.42.42_0089_SLT-A77V__DSC2347_webDxO.jpg&#8221; ] &nbsp;Diesen Monat war das Etschtal mein Bikerevier. Genauer gesagt das kleine \u00d6rtchen Tisens oberhalb von Vals im Etschtal, das zwischen Meran und Bozen liegt. Angefangen hat alles in Sterzing. Dort stieg ich aus meinem Kombi und fuhr die ca. 90km \u00fcber den Jaufenpass \u2026 <a class=\"continue-reading-link\" href=\"https:\/\/blog.sickculture.de\/?page_id=180\"> Continue reading<\/a><\/p>\n","protected":false},"author":1,"featured_media":0,"parent":90,"menu_order":0,"comment_status":"closed","ping_status":"closed","template":"","meta":{"_s2mail":"","ngg_post_thumbnail":0,"footnotes":""},"categories":[9,4],"class_list":["post-180","page","type-page","status-publish","hentry","category-9","category-mountainbike"],"jetpack_shortlink":"https:\/\/wp.me\/P7EPUT-2U","jetpack_sharing_enabled":true,"_links":{"self":[{"href":"https:\/\/blog.sickculture.de\/index.php?rest_route=\/wp\/v2\/pages\/180","targetHints":{"allow":["GET"]}}],"collection":[{"href":"https:\/\/blog.sickculture.de\/index.php?rest_route=\/wp\/v2\/pages"}],"about":[{"href":"https:\/\/blog.sickculture.de\/index.php?rest_route=\/wp\/v2\/types\/page"}],"author":[{"embeddable":true,"href":"https:\/\/blog.sickculture.de\/index.php?rest_route=\/wp\/v2\/users\/1"}],"replies":[{"embeddable":true,"href":"https:\/\/blog.sickculture.de\/index.php?rest_route=%2Fwp%2Fv2%2Fcomments&post=180"}],"version-history":[{"count":4,"href":"https:\/\/blog.sickculture.de\/index.php?rest_route=\/wp\/v2\/pages\/180\/revisions"}],"predecessor-version":[{"id":1408,"href":"https:\/\/blog.sickculture.de\/index.php?rest_route=\/wp\/v2\/pages\/180\/revisions\/1408"}],"up":[{"embeddable":true,"href":"https:\/\/blog.sickculture.de\/index.php?rest_route=\/wp\/v2\/pages\/90"}],"wp:attachment":[{"href":"https:\/\/blog.sickculture.de\/index.php?rest_route=%2Fwp%2Fv2%2Fmedia&parent=180"}],"wp:term":[{"taxonomy":"category","embeddable":true,"href":"https:\/\/blog.sickculture.de\/index.php?rest_route=%2Fwp%2Fv2%2Fcategories&post=180"}],"curies":[{"name":"wp","href":"https:\/\/api.w.org\/{rel}","templated":true}]}}