{"id":182,"date":"2013-09-06T09:55:10","date_gmt":"2013-09-06T09:55:10","guid":{"rendered":"http:\/\/blog.sickculture.de\/?page_id=182"},"modified":"2019-02-13T18:39:24","modified_gmt":"2019-02-13T18:39:24","slug":"2013-kill-the-hill-valsugana","status":"publish","type":"page","link":"https:\/\/blog.sickculture.de\/?page_id=182","title":{"rendered":"2013.05 KILL THE HILL Valsugana"},"content":{"rendered":"<section class=\"wpb-content-wrapper\"><p>[vc_row][vc_column][vc_column_text]<img loading=\"lazy\" decoding=\"async\" class=\"alignnone\" src=\"http:\/\/www.visittrentino.it\/ptt2010-portal-theme\/images\/ptt\/css\/trentino.png\" alt=\"\" width=\"242\" height=\"80\">&nbsp;<img loading=\"lazy\" decoding=\"async\" class=\"alignnone\" src=\"http:\/\/www.visitvalsugana.it\/private_images\/struttura\/logo-apt.png\" alt=\"\" width=\"303\" height=\"121\"><\/p>\n<p>Vom 5. bis 12. Mai 2013 fuhren Hardy und ich zusammen mit dem RSC Mering unter der Leitung von Stefan Effenberger ins Valsugana. F\u00fcr mich war das bereits der zweite Besuch im Valsugana. Unser Wahl der Unterkunft war wieder &#8220;Hotel Cristallo&#8221; in Levico Terme. Ein exzellentes Bikehotel mit auf Biker zugeschnittenen Vorz\u00fcgen: Bikekeller, Werkstatt, Waschplatz, Bikeguide, kostenlosem GPS Download, Tourenkatalog, sportlichem Essen, ect..<\/p>\n<p>Hardy und ich waren die einzigen Mountainbiker unserer RSC Gruppe, wurden aber super aufgenommen und die Jungs waren klasse. Deren Motto &#8220;KILL THE HILL&#8221; konnten wir zwar nicht im vollen Umfang nachahnen, aber f\u00fcr das Fr\u00fchjahr haben wir uns richtig ins Zeug gelegt.<\/p>\n<p>Die erste Tour f\u00fchrte auf den Cima Vezzena hoch \u00fcber dem Caldanazzo See zu den Festungen der Gebirgsj\u00e4ger. Herrliche Ausblicke garantiert! Die Auffahrt folgte \u00fcber die Kaiserj\u00e4ger Stra\u00dfe und sp\u00e4ter \u00fcber Schotter hoch zum Gipfelkreuz. Zahlreiche Festungen pr\u00e4gen die Hochfl\u00e4che. Die Abfahrt ist das Highlight in der Gegend und wird vom Hotelchef Daniele auch als Trailtour mit Shuttle angeboten. Auf dem ber\u00fchmten Kaiserj\u00e4ger Steig entlang des Sentiero della Pace in absch\u00fcssigen Steig am Hang entlang vernichten wir regelrecht Teifenmeter. Super und immer wieder ein Klassiker.<\/p>\n<p>Dann folgte am n\u00e4chsten Tag die Auffahrt zum Hausberg von Levico Terme: Panarotta. Die Auffahrt f\u00fchrte entlang des Caldanazzo Sees ins Fersental. Dort wird noch in altbayrischer Sprach gesprochen und die Ortschaften haben teilweise einen Touch von bayr. Namen. Oben sahen wir allerdings schon die Schneefelder, die mir vom Jahr zuvor schon negativ im Ged\u00e4chtnis waren. Also ein kleiner Umweg zum Gipfel mu\u00dfte her, der aber leider wieder in Schneewandern endete. Oben angekommen war traumhaftes Wetter angesagt. Den Gipfelsturm mu\u00dften wir wegen Schnee canceln und verweilten einen Moment auf dem &#8220;La Bassa&#8221; um ein wenig Fotos zu schie\u00dfen. Die Abfahrt wieder ein Trailvergn\u00fcgen! Dieser f\u00fchrte wieder dem E5 entlang und war unten recht verblockt.<\/p>\n<p>Die dritte Tour um den Marzolla fordert ein wenig Elan, da es an diesem Tag regnete und wir uns nicht richtig entscheiden konnten. Das Wetter war ein Mix aus Regen, Sonne, Nebel und hoher Luftfeuchtigkeit. Trotzdem wagten wir uns raus und nahmen den Marzolla unter die Stollen. Ich verbuche das mal als Standardtour. Nichts weltbewegendes aber sch\u00f6ne Runde. Eigentlich eine Einroll-, bzw. in unserem Fall Ausrollrunde.<\/p>\n<p>Am letzten Tag fuhren wir noch eine Runde ins Val di Sella.<\/p>\n<p>An dieser Stelle nochmals Danke an den RSC Mering, spezielle &#8220;Effe&#8221;, der uns eingeladen hat.<\/p>\n<hr style=\"width: 90%;\" width=\"90%\">\n<p>Bilder:<\/p>\n\n<p>[\/vc_column_text][\/vc_column][\/vc_row]<\/p>\n<\/section>","protected":false},"excerpt":{"rendered":"<p>[vc_row][vc_column][vc_column_text]&nbsp; Vom 5. bis 12. Mai 2013 fuhren Hardy und ich zusammen mit dem RSC Mering unter der Leitung von Stefan Effenberger ins Valsugana. F\u00fcr mich war das bereits der zweite Besuch im Valsugana. Unser Wahl der Unterkunft war wieder &#8220;Hotel Cristallo&#8221; in Levico Terme. Ein exzellentes Bikehotel mit auf \u2026 <a class=\"continue-reading-link\" href=\"https:\/\/blog.sickculture.de\/?page_id=182\"> Continue reading<\/a><\/p>\n","protected":false},"author":1,"featured_media":0,"parent":90,"menu_order":0,"comment_status":"closed","ping_status":"closed","template":"","meta":{"_s2mail":"","ngg_post_thumbnail":0,"footnotes":""},"categories":[9,4],"class_list":["post-182","page","type-page","status-publish","hentry","category-9","category-mountainbike"],"jetpack_shortlink":"https:\/\/wp.me\/P7EPUT-2W","jetpack_sharing_enabled":true,"_links":{"self":[{"href":"https:\/\/blog.sickculture.de\/index.php?rest_route=\/wp\/v2\/pages\/182","targetHints":{"allow":["GET"]}}],"collection":[{"href":"https:\/\/blog.sickculture.de\/index.php?rest_route=\/wp\/v2\/pages"}],"about":[{"href":"https:\/\/blog.sickculture.de\/index.php?rest_route=\/wp\/v2\/types\/page"}],"author":[{"embeddable":true,"href":"https:\/\/blog.sickculture.de\/index.php?rest_route=\/wp\/v2\/users\/1"}],"replies":[{"embeddable":true,"href":"https:\/\/blog.sickculture.de\/index.php?rest_route=%2Fwp%2Fv2%2Fcomments&post=182"}],"version-history":[{"count":7,"href":"https:\/\/blog.sickculture.de\/index.php?rest_route=\/wp\/v2\/pages\/182\/revisions"}],"predecessor-version":[{"id":1407,"href":"https:\/\/blog.sickculture.de\/index.php?rest_route=\/wp\/v2\/pages\/182\/revisions\/1407"}],"up":[{"embeddable":true,"href":"https:\/\/blog.sickculture.de\/index.php?rest_route=\/wp\/v2\/pages\/90"}],"wp:attachment":[{"href":"https:\/\/blog.sickculture.de\/index.php?rest_route=%2Fwp%2Fv2%2Fmedia&parent=182"}],"wp:term":[{"taxonomy":"category","embeddable":true,"href":"https:\/\/blog.sickculture.de\/index.php?rest_route=%2Fwp%2Fv2%2Fcategories&post=182"}],"curies":[{"name":"wp","href":"https:\/\/api.w.org\/{rel}","templated":true}]}}