{"id":2,"date":"2013-09-04T12:11:50","date_gmt":"2013-09-04T12:11:50","guid":{"rendered":"http:\/\/sickculture.de\/wordpress\/?page_id=2"},"modified":"2019-02-13T18:44:10","modified_gmt":"2019-02-13T18:44:10","slug":"sample-page","status":"publish","type":"page","link":"https:\/\/blog.sickculture.de\/?page_id=2","title":{"rendered":"2013.08 Stilfser Joch Bikeday"},"content":{"rendered":"<section class=\"wpb-content-wrapper\"><p>[vc_row][vc_column][vc_column_text]<\/p>\n<p style=\"text-align: center;\"><img loading=\"lazy\" decoding=\"async\" class=\" wp-image-12 aligncenter\" src=\"http:\/\/sickculture.de\/wordpress\/wp-content\/uploads\/2013\/09\/20130831_18.26.15_0042_DSC-RX100__DSC2325_Screen-1024x153.jpg\" alt=\"20130831_18.26.15_0042_DSC-RX100__DSC2325_Screen\" width=\"780\" height=\"116\" srcset=\"https:\/\/blog.sickculture.de\/wp-content\/uploads\/2013\/09\/20130831_18.26.15_0042_DSC-RX100__DSC2325_Screen-1024x153.jpg 1024w, https:\/\/blog.sickculture.de\/wp-content\/uploads\/2013\/09\/20130831_18.26.15_0042_DSC-RX100__DSC2325_Screen-300x44.jpg 300w, https:\/\/blog.sickculture.de\/wp-content\/uploads\/2013\/09\/20130831_18.26.15_0042_DSC-RX100__DSC2325_Screen.jpg 1599w\" sizes=\"auto, (max-width: 780px) 100vw, 780px\" \/><\/p>\n<p>Am 30.8.2013 fuhren Hardy, Hermann, Rocco und ich zum Bikeday am Stilfser Joch. An diesem Tag wird die Passstra\u00dfe zum Joch f\u00fcr Autos und Motorr\u00e4der gesperrt und geh\u00f6rt allein den Bikern! Zumindest von 9 Uhr bis 16 Uhr.<\/p>\n<p>\u00dcbernachtet haben wir vorher in Burgeis in einem sch\u00f6nen Appartment (St. Jakob) und begaben uns am Samstag, 31.8.13 auf den Weg nach Prad. Die ersten 10km haben wir auf dem Vinschgau Radweg z\u00fcgig zur\u00fcckgelegt. In Prad selbst merkte man den gro\u00dfen Rummel ums Bikeevent geh\u00f6rig. Kurz noch Fotos geschossen, Proviant eingepackt und schon &#8220;schwammen&#8221; wir im Flu\u00df der Biker hoch zum Joch. Der Gro\u00dfteil der Konkurrenten waren Rennradfahrer, von denen uns schon nach ein paar Kilometern die ersten wieder entgegenkamen. An verschiedenen Kehren wurden von Vereinen Servicestationen aufgebaut, um die leeren Flaschen und M\u00e4gen zu f\u00fcllen. Um ca. 16 Uhr war dann wieder der Verkehr f\u00fcr Autos freigegeben.<\/p>\n<p>Oben bezogen wir nach einem Cappucino und Torte in unser Quartier: die TIBETH\u00dcTTE. Ein Mu\u00df in meinen Augen! Die H\u00fctte \u00e4hnelt einem runden Tibethaus am Rande des Ortlers mit Blick auf &#8220;K\u00f6nig Ortler&#8221;, den Umbrail, das Stilfser Joch (mit seinen unendlichen Kehren) und ins weite Vinschgau hinein. Das Abendessen war sehr gut und reichlich.<\/p>\n<p>Am n\u00e4chsten Morgen stand das Nonplusultra f\u00fcr Trailliebhaber an: GOLDSEETRAIL &#8211; ein Begriff f\u00fcr jeden Mountainbiker und f\u00fcr den, der ihn nicht kennt: PFLICHT. Einmal im Leben sollte man diesen Trail fahren. Anfangs noch mit ca. 10min schieben zur Dreisprachenh\u00fctte und dann ab rechts folgend dem Goldseetrail Richtung Furkelh\u00fctte. Leicht ausgesetzt, teilweise verblockt doch alles sehr gut zu fahren schl\u00e4ngelt sich der Weg dem Abhang hinunter. Ab und zu mu\u00df man allerdings das Bike kurz hochfahren oder -schieben. Das sollte man nicht vergessen und es nimmt einen auch richtig mit. Zum Schlu\u00df haben wir dann noch den 24er Weg eingeschlagen, der sich als wahres Juwel entpuppte. Einfach selber fahren, mehr sag ich nicht.<\/p>\n<p>Bilanz: ca. 32km Trail!!!<\/p>\n<hr style=\"width: 90%;\" width=\"90%\">\n<h3>Bilder:<\/h3>\n\n\t\t<style type=\"text\/css\">\n\t\t\t#gallery-1 {\n\t\t\t\tmargin: auto;\n\t\t\t}\n\t\t\t#gallery-1 .gallery-item {\n\t\t\t\tfloat: left;\n\t\t\t\tmargin-top: 10px;\n\t\t\t\ttext-align: center;\n\t\t\t\twidth: 100%;\n\t\t\t}\n\t\t\t#gallery-1 img {\n\t\t\t\tborder: 2px solid #cfcfcf;\n\t\t\t}\n\t\t\t#gallery-1 .gallery-caption {\n\t\t\t\tmargin-left: 0;\n\t\t\t}\n\t\t\t\/* see gallery_shortcode() in wp-includes\/media.php *\/\n\t\t<\/style>\n\t\t<div id='gallery-1' class='gallery galleryid-2 gallery-columns-0 gallery-size-thumbnail'><dl class='gallery-item'>\n\t\t\t<dt class='gallery-icon landscape'>\n\t\t\t\t<a href='https:\/\/blog.sickculture.de\/?attachment_id=12'><img loading=\"lazy\" decoding=\"async\" width=\"150\" height=\"150\" src=\"https:\/\/blog.sickculture.de\/wp-content\/uploads\/2013\/09\/20130831_18.26.15_0042_DSC-RX100__DSC2325_Screen-150x150.jpg\" class=\"attachment-thumbnail size-thumbnail\" alt=\"\" \/><\/a>\n\t\t\t<\/dt><\/dl>\n\t\t<\/div>\n\n<div id=\"s3gt_translate_tooltip_mini\" class=\"s3gt_translate_tooltip_mini_box\" style=\"background: initial !important; border: initial !important; border-radius: initial !important; border-spacing: initial !important; border-collapse: initial !important; direction: ltr !important; flex-direction: initial !important; font-weight: initial !important; height: initial !important; letter-spacing: initial !important; min-width: initial !important; max-width: initial !important; min-height: initial !important; max-height: initial !important; margin: auto !important; outline: initial !important; padding: initial !important; position: absolute; table-layout: initial !important; text-align: initial !important; text-shadow: initial !important; width: initial !important; word-break: initial !important; word-spacing: initial !important; overflow-wrap: initial !important; box-sizing: initial !important; display: initial !important; color: inherit !important; font-size: 13px !important; font-family: X-LocaleSpecific, sans-serif, Tahoma, Helvetica !important; line-height: 13px !important; vertical-align: top !important; white-space: inherit !important; left: 132px; top: 641px; opacity: 0.6;\">\n<div id=\"s3gt_translate_tooltip_mini_logo\" class=\"s3gt_translate_tooltip_mini\" title=\"Markierten Text \u00fcbersetzen\">&nbsp;<\/div>\n<div id=\"s3gt_translate_tooltip_mini_sound\" class=\"s3gt_translate_tooltip_mini\" title=\"Abspielen\">&nbsp;<\/div>\n<div id=\"s3gt_translate_tooltip_mini_copy\" class=\"s3gt_translate_tooltip_mini\" title=\"In Zwischenablage kopieren\">&nbsp;<\/div>\n<\/div>\n<p>[\/vc_column_text][\/vc_column][\/vc_row]<\/p>\n<\/section>","protected":false},"excerpt":{"rendered":"<p>[vc_row][vc_column][vc_column_text] Am 30.8.2013 fuhren Hardy, Hermann, Rocco und ich zum Bikeday am Stilfser Joch. An diesem Tag wird die Passstra\u00dfe zum Joch f\u00fcr Autos und Motorr\u00e4der gesperrt und geh\u00f6rt allein den Bikern! Zumindest von 9 Uhr bis 16 Uhr. \u00dcbernachtet haben wir vorher in Burgeis in einem sch\u00f6nen Appartment (St. \u2026 <a class=\"continue-reading-link\" href=\"https:\/\/blog.sickculture.de\/?page_id=2\"> Continue reading<\/a><\/p>\n","protected":false},"author":1,"featured_media":0,"parent":90,"menu_order":0,"comment_status":"closed","ping_status":"open","template":"","meta":{"_s2mail":"","ngg_post_thumbnail":0,"footnotes":""},"categories":[9,4],"class_list":["post-2","page","type-page","status-publish","hentry","category-9","category-mountainbike"],"jetpack_shortlink":"https:\/\/wp.me\/P7EPUT-2","jetpack_sharing_enabled":true,"_links":{"self":[{"href":"https:\/\/blog.sickculture.de\/index.php?rest_route=\/wp\/v2\/pages\/2","targetHints":{"allow":["GET"]}}],"collection":[{"href":"https:\/\/blog.sickculture.de\/index.php?rest_route=\/wp\/v2\/pages"}],"about":[{"href":"https:\/\/blog.sickculture.de\/index.php?rest_route=\/wp\/v2\/types\/page"}],"author":[{"embeddable":true,"href":"https:\/\/blog.sickculture.de\/index.php?rest_route=\/wp\/v2\/users\/1"}],"replies":[{"embeddable":true,"href":"https:\/\/blog.sickculture.de\/index.php?rest_route=%2Fwp%2Fv2%2Fcomments&post=2"}],"version-history":[{"count":14,"href":"https:\/\/blog.sickculture.de\/index.php?rest_route=\/wp\/v2\/pages\/2\/revisions"}],"predecessor-version":[{"id":1410,"href":"https:\/\/blog.sickculture.de\/index.php?rest_route=\/wp\/v2\/pages\/2\/revisions\/1410"}],"up":[{"embeddable":true,"href":"https:\/\/blog.sickculture.de\/index.php?rest_route=\/wp\/v2\/pages\/90"}],"wp:attachment":[{"href":"https:\/\/blog.sickculture.de\/index.php?rest_route=%2Fwp%2Fv2%2Fmedia&parent=2"}],"wp:term":[{"taxonomy":"category","embeddable":true,"href":"https:\/\/blog.sickculture.de\/index.php?rest_route=%2Fwp%2Fv2%2Fcategories&post=2"}],"curies":[{"name":"wp","href":"https:\/\/api.w.org\/{rel}","templated":true}]}}