{"id":311,"date":"2013-10-18T21:36:46","date_gmt":"2013-10-18T21:36:46","guid":{"rendered":"http:\/\/blog.sickculture.de\/?page_id=311"},"modified":"2019-02-13T18:55:32","modified_gmt":"2019-02-13T18:55:32","slug":"2013-10-gardasee-trailride","status":"publish","type":"page","link":"https:\/\/blog.sickculture.de\/?page_id=311","title":{"rendered":"2013.10 Gardasee Trailride"},"content":{"rendered":"<section class=\"wpb-content-wrapper\"><p>[vc_row][vc_column][vc_column_text][pe2-image src=&#8221;http:\/\/lh5.ggpht.com\/-asTLIDncPbM\/UmIe8nSEiSI\/AAAAAAAANOg\/Qhjzx3ezTC8\/s144-c-o\/_DSC2744.JPG&#8221; href=&#8221;https:\/\/picasaweb.google.com\/112885246866780528333\/13OKT2013DossoDeiRoveri?authkey=Gv1sRgCJDF4J6J-6WRygE#5936341285513496866&#8243; caption=&#8221;&#8221; type=&#8221;image&#8221; alt=&#8221;_DSC2744.JPG&#8221; ]<\/p>\n<h1 class=\"clear\" style=\"text-align: center;\">&nbsp;GARDASEE TRAILRIDE<\/h1>\n<p>Was macht man(n), wenn es in Deutschland regnet? Na klar, ab in den S\u00fcden. Was allerdings eine Woche vor dem lang geplannten Gardaseetripp nicht danach aussah. Schnee, Regen und K\u00e4lte waren die Vorzeichen f\u00fcr einen mi\u00dflungenen Urlaub. &#8220;Zum Gl\u00fcck 4-Sterne Hotel gebucht&#8221; war der Gedanke. Aber: so soll es nicht sein!!! Fr\u00fch morgens gings auf der Brennerautobahn schnell gen S\u00fcden. Dann der erste Schock: Schnee und Kl\u00e4te auf der Autobahn. Ab Europabr\u00fccke bis kurz vor Brixen herrschte Winterstimmung bei knapp \u00fcber der Nullgradgrenze. Je weiter es Richtung S\u00fcden ging, wurde das Wetter besser und wie soll\u00b4s anderst sein: Wenn Engel reisen&#8230; &#8211; Traumhaftes Wetter am Gardasee. Schnell das Zimmer bezogen und schon gings gleich ab auf die Trails &#8211; mein erster Bike-Urlaub am Gardasee. Das mu\u00df von der ersten bis zur letzten Minute ausgekostet werden. Nur was bedeutet S1, S2, oder S3 in Verbindung mit Gardaseetrails? In den Dolomiten ist\u00b4s mir ein Begriff, aber hier war\u00b4s vorab ein bi\u00dfchen Unsicherheit. Also in den sauren Apfel beisen und ab ins Trailvergn\u00fcgen:<\/p>\n<p><strong>1. Tour 12.10.2013: Anaconda Trail<\/strong><\/p>\n<p>Gleich zu Beginn habe ich mir gedacht, die 1100hm sind eine Eingew\u00f6hnungstour oder besser &#8220;-Tordur&#8221;. In gem\u00fctlicher Steigung gings auf der Stra\u00dfe und Radweg von Nago nach Loppio und weiter auf Asphalt Richtung St. Barbara. Rasch ist man oben und die Mittagssonne strahlt angenehm auf mein Haupt. Von St. Barbara gibt es mehrere Downhillpassagen und weiterf\u00fchrende Touren auf den Monte Stivo, ich aber fuhr dann den Anaconda, oder Serpents Trail genannt, wieder zur\u00fcck nach Nago. Quasi die Directissima! Anfangs auf Waldboden am Hang entlang, dann ein wenig steiniger und im Flow getr\u00e4nkt, rausche ich an der Abzweigung des Anaconda\u00b4s vorbei. Also wieder ein paar Meter zur\u00fcck und ab auf den bef\u00fcrchteten Freeridetrail. Da es die Tage zuvor geregnet hat, war der Waldboden rutschig und die Steine glatt. Trotz Muddy Mary kam ich nicht in die Ideallinie. Immer wieder mu\u00dfte ich absteigen und schieben. Vernunft siegt! Also unterm Strich ein genialer Trail, aber eher was f\u00fcr Downhiller und Freerider. Sehr technisch. Trotzdem konnte ich durch diese Tour die Beschreibung der Touren besser einsch\u00e4tzen.<\/p>\n<div class=\"passster-form\" id=\"ps-286\">\n    <form class=\"password-form\" method=\"post\" autocomplete=\"off\" target=\"_top\">\n        <span class=\"ps-form-headline\">Gesch\u00fctzter Bereich<\/span>\n        <div class=\"ps-form-instructions-wrap\">Dieser Inhalt ist passwortgesch\u00fctzt. Bitte gib dein Passwort ein um den Inhalt freizuschalten.<\/div>\n        <fieldset>\n            <span class=\"ps-loader\" style=\"display:none;\"><img decoding=\"async\" src=\"https:\/\/blog.sickculture.de\/wp-content\/plugins\/content-protector\/assets\/public\/ps-loader.svg\" alt=\"\" \/><\/span>\n            <label for=\"input-ps-286\" style=\"display:none;\" class=\"passster-hidden\">Trage dein Passwort ein<\/label>\n            <input placeholder=\"Gib dein Passwort ein..\" type=\"password\" tabindex=\"1\" name=\"passster_password\"\n                   id=\"input-ps-286\" class=\"passster-password\" autocomplete=\"off\"\n                   data-protection-type=\"password\" data-list=\"[PASSSTER_LIST]\" data-lists=\"[PASSSTER_LISTS]\" data-area=\"[PASSSTER_AREA]\"\n                   data-protection=\"[PASSSTER_PROTECTION]\">\n            \n            <button name=\"submit\" type=\"submit\" class=\"passster-submit\" data-psid=\"ps-286\" data-post-id=\"311\" data-term-id=\"0\" \n                    data-submit=\"...Checking Password\" data-redirect=\"\">Freischalten\n            <\/button>\n            <div class=\"passster-error\"><\/div>\n        <\/fieldset>\n    <\/form>\n<\/div>\n\n<p>&nbsp;<\/p>\n<p><strong>2. Tour 13.10.2013: Dosso dei Roveri<\/strong><\/p>\n<p>Heute war eigentlich der Altissimo geplannt mit vorheriger Trailabfahrt \u00fcber Dosso dei Roveri nach Navene und mit Seilbahn von Malcessine zum Monte Baldo. Aber es kam anderst&#8230;: Der Tag war leicht bew\u00f6lkt und fr\u00fch morgens gings vom Hotel in Nago \u00fcber die Strada dei Monte Baldo auf 850hm rauf und zweigt dann rechts nach S\u00fcden ab. Nun geht\u00b4s auf dem Sentiero 6 auf 1170hm \u00fcber Forstwege bergauf und nach ca. 1,5km erreicht man den Aussichtspunkt &#8220;Dosso dei Roveri&#8221;, wo der anspruchsvolle, aber fl\u00fcssige fahrbare Trail nach Navene auf S1-S2 Niveau bergab gen Navene runter ging. So, schnell weiter auf dem Radweg zur Seilbahnstation in Malcesine. Aber: der junge Herr am Schalter teilte mir mit, dass es aufgrund von Neuschnee \u00fcber Nacht auf dem Monte Baldo und Altissimo kein Fahrbetrieb zum Gipfel gibt. Ich h\u00e4tte es ja wissen m\u00fcssen, da der Gipfel von unten in wei\u00dfem Schnee erstrahlte. Tja, dann halt nicht. Auf dem Radweg machte ich mich auf zur\u00fcck zum Hotel. An was ich allerdings nicht dachte, dass ich den Gro\u00dfteil der Strecke auf der Stra\u00dfe fahren mu\u00df. Zum Gl\u00fcck war aber an diesem Tag zu dieser Zeit ein Marathon und die Strecke zwischen Torbole und Malcesine f\u00fcr den motorbetrieben Verkehr gesperrt. Der freundliche Polizist erlaubte mir die Weiterfahrt. Am Ende des letzten Tunnels h\u00f6rte ich schon die erste Motorr\u00e4der hinter mir. Zum Gl\u00fcck, denn ich hatte weder Licht noch Warnweste und w\u00e4re schlecht sichtbar gewesen. Egal! The last H\u00f6hmis gingen dann noch locker vom Hocker hoch nach Nago. Geniale kurze Trailtour (w\u00e4re was f\u00fcr den ersten Tag gewesen)<\/p>\n<div class=\"passster-form\" id=\"ps-537\">\n    <form class=\"password-form\" method=\"post\" autocomplete=\"off\" target=\"_top\">\n        <span class=\"ps-form-headline\">Gesch\u00fctzter Bereich<\/span>\n        <div class=\"ps-form-instructions-wrap\">Dieser Inhalt ist passwortgesch\u00fctzt. Bitte gib dein Passwort ein um den Inhalt freizuschalten.<\/div>\n        <fieldset>\n            <span class=\"ps-loader\" style=\"display:none;\"><img decoding=\"async\" src=\"https:\/\/blog.sickculture.de\/wp-content\/plugins\/content-protector\/assets\/public\/ps-loader.svg\" alt=\"\" \/><\/span>\n            <label for=\"input-ps-537\" style=\"display:none;\" class=\"passster-hidden\">Trage dein Passwort ein<\/label>\n            <input placeholder=\"Gib dein Passwort ein..\" type=\"password\" tabindex=\"1\" name=\"passster_password\"\n                   id=\"input-ps-537\" class=\"passster-password\" autocomplete=\"off\"\n                   data-protection-type=\"password\" data-list=\"[PASSSTER_LIST]\" data-lists=\"[PASSSTER_LISTS]\" data-area=\"[PASSSTER_AREA]\"\n                   data-protection=\"[PASSSTER_PROTECTION]\">\n            \n            <button name=\"submit\" type=\"submit\" class=\"passster-submit\" data-psid=\"ps-537\" data-post-id=\"311\" data-term-id=\"0\" \n                    data-submit=\"...Checking Password\" data-redirect=\"\">Freischalten\n            <\/button>\n            <div class=\"passster-error\"><\/div>\n        <\/fieldset>\n    <\/form>\n<\/div>\n\n<p>&nbsp;<\/p>\n<p><strong>3. Tour 14.10.2013: Bocca di Fobia<\/strong><\/p>\n<p>Statt der geplannten Monte Stivo Tour habe ich mich am Tag zuvor noch umentschieden und plannte noch schnell die Bocca di Fobia Tour &#8211; Stra\u00dfe der Angst! H\u00f6rt sich doch interessant an. Mit dem Auto gings \u00fcber Limone hoch nach Vesio, einem kleinen Bergdorf ca. 600hm \u00fcber dem Gardasee. Das Wetter war wieder leicht bew\u00f6lkt mit Tendenz auf Sonnenschein. Die ersten 2 Kilometer gingen auf der Stra\u00dfe locker voran. Dann zweigt man ab und folgt dem Schotterweg ca 300hm nach oben. Aus der Piste wird ein Trail, der sich auf der Talseite des Valle San Michele die Bergflanke nach oben bewegt. Bei guten Sichtbedingungen hat man den Tremalzo im Blickwinkel. Auf der gesamten Strecke befinden sich Tunnel, die teilweise sehr niedrig sind und durchgeschoben werden m\u00fcssen. Der Trail hat \u00fcber weite Teile das Niveau S0 bis S1, ist an einigen Stellen allerdings recht ausgesetzt. Trail bergauf fahren? Nee, oder? Und dann noch mit voller Konzentration, denn ein falscher Lenker oder eine Unachtsamkeit und man hat verloren! Gehnende Tiefe, der Weg gerade mal einen knappen Meter breit, steiniger Untergrund und teilweise querlaufende Wurzeln &#8211; alles in allem &#8220;Stra\u00dfe der Angst&#8221;! Aber: alles was nach oben geht, mu\u00df ja irgendwann wieder nach unten gehen! Ein traumhafter Trail ab der Bocca di Fobia bergab mit einigen Spitzkehren und mit letztem Schwung dropt man auf die Stra\u00dfe, die zum Passo Nota hochf\u00fchrt. Dieser folge ich weiter bis zum Pa\u00df und dann weiter \u00fcber den Soldatenfriedhof auf breiter Schotterstra\u00dfe. Auch diese alte Milit\u00e4rstra\u00dfe ist mit Tunneln durchsetzt und verl\u00e4uft an der Flanke der Berge Monte Traversole, Corna Vecchia und Corno Nero entlang. Am h\u00f6chsten Punkt angelangt geht es auf unz\u00e4hligen flowigen Trails zur\u00fcck zum Ausgangspunkt nach Vesio. Als Abschlu\u00df fuhr ich noch im Speedrausch auf der Asphaltstra\u00dfe nach Limone. ca. 11km Trail, keine Menschenseele auf der Bocca di Fobia und traumhaftes Wetter!<\/p>\n<div class=\"passster-form\" id=\"ps-571\">\n    <form class=\"password-form\" method=\"post\" autocomplete=\"off\" target=\"_top\">\n        <span class=\"ps-form-headline\">Gesch\u00fctzter Bereich<\/span>\n        <div class=\"ps-form-instructions-wrap\">Dieser Inhalt ist passwortgesch\u00fctzt. Bitte gib dein Passwort ein um den Inhalt freizuschalten.<\/div>\n        <fieldset>\n            <span class=\"ps-loader\" style=\"display:none;\"><img decoding=\"async\" src=\"https:\/\/blog.sickculture.de\/wp-content\/plugins\/content-protector\/assets\/public\/ps-loader.svg\" alt=\"\" \/><\/span>\n            <label for=\"input-ps-571\" style=\"display:none;\" class=\"passster-hidden\">Trage dein Passwort ein<\/label>\n            <input placeholder=\"Gib dein Passwort ein..\" type=\"password\" tabindex=\"1\" name=\"passster_password\"\n                   id=\"input-ps-571\" class=\"passster-password\" autocomplete=\"off\"\n                   data-protection-type=\"password\" data-list=\"[PASSSTER_LIST]\" data-lists=\"[PASSSTER_LISTS]\" data-area=\"[PASSSTER_AREA]\"\n                   data-protection=\"[PASSSTER_PROTECTION]\">\n            \n            <button name=\"submit\" type=\"submit\" class=\"passster-submit\" data-psid=\"ps-571\" data-post-id=\"311\" data-term-id=\"0\" \n                    data-submit=\"...Checking Password\" data-redirect=\"\">Freischalten\n            <\/button>\n            <div class=\"passster-error\"><\/div>\n        <\/fieldset>\n    <\/form>\n<\/div>\n\n<p>&nbsp;<\/p>\n<p><strong>4. Tour 15.10.2013: Tremalzo<\/strong><\/p>\n<p>King of Tremalzo! Yes Sir, I did it. Einmal im Leben eines Mountainbikers sollte man den Tremalzo erklommen haben, so hie\u00df es. Auch ich hatte das Vergn\u00fcgen. Ich w\u00e4hlte unter unz\u00e4hligen Varianten die klassische Route \u00fcber die Tremalzo-Passstra\u00dfe. Die Route startete ich am Ledrosee, den ich auf der linken Seite umfuhr um den Tremalzopass zu erklimmen. Gute 1000hm gehts straight on uphill. Gez\u00e4hlte 15 Autos weiter und in angenehmer Steigung fuhr ich diese ersten H\u00f6henmeter zum Rif. Garda\/Tremalzo locker bergan, w\u00e4hrend sich die folgenden 150hm \u00fcber Schotter zum Tunnel noch zogen. Leider hatte ich heute nicht den Wettergott auf meiner Seite. Zwar kein Regen, aber der Nebel vermieste mir die Aussicht, von der jeder schw\u00e4rmte. Aber auch das hatte eine interessante Stimmung. Nun folgte die Abfahrt auf der tunneldurchs\u00e4hten Milit\u00e4rstra\u00dfe auf breiten Gardaseeschotter zum Passo Nota. Wahnsinn was die Alpinis des Ersten Weltkriegs hier bewerkstelligen mu\u00dften. \u00dcberall H\u00f6hlen, Tunnel und dazu noch eine hammergeile Milit\u00e4rstra\u00dfe \u00fcber zig H\u00f6henmeter und Spitzkehren. Unterwegs Richtung Passo Rocchetta kammt man an der Baita Segalla, einer Selbstversorgerh\u00fctte des Alpenvereins vorbei. Nach kurzer Pause folgen Trails \u00fcber die Malga Palaer nach Pregasina und zum gr\u00f6hnenden Abschlu\u00df noch der flowige Part \u00fcber das steile Serpentinenbetonmonster zur Ponalestra\u00dfe. Dort gibt es trotz der Tourivariante nette pumptrackartige Stellen, die den Flow nach Riva so richtig in die H\u00f6he treiben. Von Riva nach Nago gings wieder auf Asphalt am Gardasee entlang. Herrlichstes Wetter rund um Riva.<\/p>\n<div class=\"passster-form\" id=\"ps-600\">\n    <form class=\"password-form\" method=\"post\" autocomplete=\"off\" target=\"_top\">\n        <span class=\"ps-form-headline\">Gesch\u00fctzter Bereich<\/span>\n        <div class=\"ps-form-instructions-wrap\">Dieser Inhalt ist passwortgesch\u00fctzt. Bitte gib dein Passwort ein um den Inhalt freizuschalten.<\/div>\n        <fieldset>\n            <span class=\"ps-loader\" style=\"display:none;\"><img decoding=\"async\" src=\"https:\/\/blog.sickculture.de\/wp-content\/plugins\/content-protector\/assets\/public\/ps-loader.svg\" alt=\"\" \/><\/span>\n            <label for=\"input-ps-600\" style=\"display:none;\" class=\"passster-hidden\">Trage dein Passwort ein<\/label>\n            <input placeholder=\"Gib dein Passwort ein..\" type=\"password\" tabindex=\"1\" name=\"passster_password\"\n                   id=\"input-ps-600\" class=\"passster-password\" autocomplete=\"off\"\n                   data-protection-type=\"password\" data-list=\"[PASSSTER_LIST]\" data-lists=\"[PASSSTER_LISTS]\" data-area=\"[PASSSTER_AREA]\"\n                   data-protection=\"[PASSSTER_PROTECTION]\">\n            \n            <button name=\"submit\" type=\"submit\" class=\"passster-submit\" data-psid=\"ps-600\" data-post-id=\"311\" data-term-id=\"0\" \n                    data-submit=\"...Checking Password\" data-redirect=\"\">Freischalten\n            <\/button>\n            <div class=\"passster-error\"><\/div>\n        <\/fieldset>\n    <\/form>\n<\/div>\n\n<p>&nbsp;<\/p>\n<p><strong>5. Tour 16.10.2013: Bocca di Trat\/Adrenalina Downhill<\/strong><\/p>\n<p>Gute 1600hm am St\u00fcck &#8211; die wollen erst erklommen werden! Von Nago startete ich wieder fr\u00fch morgens nach Riva, fuhr \u00fcber die alte Ponalestra\u00dfe hoch zum Ledrosee, umkreiste diesen im Uhrzeigersinn und begab mich auf der Stra\u00dfe bis Lenzumo. Hier begann die gut fahrbare Auffahrt \u00fcber unz\u00e4hlige Serpentinen hinauf zur Malga die Trat. Menschenleere! Unterwegs machte ich einen kurzen Zwischenstopp an einem Milit\u00e4raussichtspunkt und folgte den letzten H\u00f6hmis hinauf zum Bocca di Trat und dem Rif. N. Pernici. Leider war dieses schon geschlossen und die Spaghetti waren mir verwehrt. Die Aussicht dort oben war gigantisch &#8211; dem Wetter sei Dank! Hier eine Pause einzulegen ist sinnvoll, denn das was jetzt folgt, ist nicht von schlechten Eltern: Der Adrenalina Downhill &#8211; eine DH Worldcup Strecke aus den fr\u00fchen 90ern. Zwar ist diesem \u00fcber die Jahre die W\u00fcrze entzogen worden, aber trotzdem noch Hammer. \u00dcber den ber\u00fcchtigen Gardaseeschotter und 20 Prozent Gef\u00e4lle gehts hinunter zur Malga Grassi. \u00dcber das Wiesengel\u00e4nde gehts noch ein paar H\u00f6henmeter bergauf, bis der verblockte Downhill beginnt und zum Pinza Trail ab Campi sein Finale fand. Die letzten Tiefenmeter fuhr ich wieder auf Betonwegen zur Bastione \u00fcber Riva zum Zentrum. Das letzte St\u00fcck folgte der bekannten Route \u00fcber Torbole hoch Nago.<\/p>\n<div class=\"passster-form\" id=\"ps-105\">\n    <form class=\"password-form\" method=\"post\" autocomplete=\"off\" target=\"_top\">\n        <span class=\"ps-form-headline\">Gesch\u00fctzter Bereich<\/span>\n        <div class=\"ps-form-instructions-wrap\">Dieser Inhalt ist passwortgesch\u00fctzt. Bitte gib dein Passwort ein um den Inhalt freizuschalten.<\/div>\n        <fieldset>\n            <span class=\"ps-loader\" style=\"display:none;\"><img decoding=\"async\" src=\"https:\/\/blog.sickculture.de\/wp-content\/plugins\/content-protector\/assets\/public\/ps-loader.svg\" alt=\"\" \/><\/span>\n            <label for=\"input-ps-105\" style=\"display:none;\" class=\"passster-hidden\">Trage dein Passwort ein<\/label>\n            <input placeholder=\"Gib dein Passwort ein..\" type=\"password\" tabindex=\"1\" name=\"passster_password\"\n                   id=\"input-ps-105\" class=\"passster-password\" autocomplete=\"off\"\n                   data-protection-type=\"password\" data-list=\"[PASSSTER_LIST]\" data-lists=\"[PASSSTER_LISTS]\" data-area=\"[PASSSTER_AREA]\"\n                   data-protection=\"[PASSSTER_PROTECTION]\">\n            \n            <button name=\"submit\" type=\"submit\" class=\"passster-submit\" data-psid=\"ps-105\" data-post-id=\"311\" data-term-id=\"0\" \n                    data-submit=\"...Checking Password\" data-redirect=\"\">Freischalten\n            <\/button>\n            <div class=\"passster-error\"><\/div>\n        <\/fieldset>\n    <\/form>\n<\/div>\n\n<p>&nbsp;<\/p>\n<p><strong>6. Tour 17.10.2013: Altissimo<\/strong><\/p>\n<p>Alles hat mal ein Ende &#8211; aber wer will schon heim, ohne ein unerledigtes Unterfangen erledigt zu haben? Heute hat alles gepasst: der Himmel war Wolkenfrei und die Sonne lachte. Mit dem Auto schnell nach Malcesine und 5 vor Ticken noch die Seilbahn erreicht. Einsteigen und 20 Minuten sp\u00e4ter am Gipfel des Monte Baldo (naja, zumindest der Gipfelstation). Mein Plan f\u00fcr heute: Mein Liteville 601 sollte deinen Namensgeber treffen. Von der Bergstation gings erstmal bergab \u00fcber einen Trail, der schon sagte: Pass auf! Wenn dir das zu heftig ist, la\u00df es bleiben und w\u00e4hle den Chicken Way. Es lief aber besser als gedacht und ermutigte mich, den Plan weiterzuverfolgen. Nun standen noch gute 600hm an, die mich zum Altissimo auf \u00fcber 2000hm hoch f\u00fchrte. Anfangs noch Stra\u00dfe, dann Schotter. Mit der Ideallinie ist diese Schotterpiste machbar und man kann bis zum Gipfel im Sattel hochfahren. Eine gute Stunde sp\u00e4ter stand ich ob und das Panorama ist der Hammer &#8211; das h\u00e4tte ich mir am Tremalzo auch erw\u00fcnscht! Blicke zur Brentagruppe, Adamello, Ortler, Dolomiten, ect. waren garantiert. 360 Grad Panorama, Fotosession am Gipfel und kurze Verschnaufpause. Jetzt war ein guter Zeitpunkt gekommen, die Protektoren anzulegen! der 601er &#8211; ein Mythos? Yes &#8211; kurz um die Ecke und schon zeigt dir der Trail wo der Hammer h\u00e4ngt. Extrem verblockt und technisch im S2-S3 Niveau. Und verwunderlich, dass es halbwegs gut fahrbar war. Irgendwie schien sich mein 601er hier wohlzuf\u00fchlen. Nach dem ersten heftigen St\u00fcck folgte ein bi\u00dfchen Entspannung auf flowigen Wiesenst\u00fcck, was gleich wieder in einen schmalen verblockten Weg endete. Immer noch fahrbar aber schon schmerzende Unterarme vom Bremsen. Part 3: Nun hat man die Wahl: Stra\u00dfe oder Trail. Bl\u00f6de Frage: Trail. Dieser kreuzt im direkten Weg immer wieder die Strada del Monte Baldo und ist stark verblockt und grobschottrig. Je weiter man Richtung Gardasee kommt, werden die Trails schwieriger. Die ersten &#8220;Direktwege&#8221; nahm ich noch mit, aber brach dann aufgrund der Uhrzeit und der beginnenden m\u00fcden Knochen das Trailmassacker ab. Die letzten H\u00f6hmis fuhr ich auf Asphalt zur\u00fcck nach Nago, wo wir dann die Heimreise antraten.<\/p>\n<div class=\"passster-form\" id=\"ps-578\">\n    <form class=\"password-form\" method=\"post\" autocomplete=\"off\" target=\"_top\">\n        <span class=\"ps-form-headline\">Gesch\u00fctzter Bereich<\/span>\n        <div class=\"ps-form-instructions-wrap\">Dieser Inhalt ist passwortgesch\u00fctzt. Bitte gib dein Passwort ein um den Inhalt freizuschalten.<\/div>\n        <fieldset>\n            <span class=\"ps-loader\" style=\"display:none;\"><img decoding=\"async\" src=\"https:\/\/blog.sickculture.de\/wp-content\/plugins\/content-protector\/assets\/public\/ps-loader.svg\" alt=\"\" \/><\/span>\n            <label for=\"input-ps-578\" style=\"display:none;\" class=\"passster-hidden\">Trage dein Passwort ein<\/label>\n            <input placeholder=\"Gib dein Passwort ein..\" type=\"password\" tabindex=\"1\" name=\"passster_password\"\n                   id=\"input-ps-578\" class=\"passster-password\" autocomplete=\"off\"\n                   data-protection-type=\"password\" data-list=\"[PASSSTER_LIST]\" data-lists=\"[PASSSTER_LISTS]\" data-area=\"[PASSSTER_AREA]\"\n                   data-protection=\"[PASSSTER_PROTECTION]\">\n            \n            <button name=\"submit\" type=\"submit\" class=\"passster-submit\" data-psid=\"ps-578\" data-post-id=\"311\" data-term-id=\"0\" \n                    data-submit=\"...Checking Password\" data-redirect=\"\">Freischalten\n            <\/button>\n            <div class=\"passster-error\"><\/div>\n        <\/fieldset>\n    <\/form>\n<\/div>\n\n<p>&nbsp;<\/p>\n<hr style=\"width: 90%;\" width=\"90%\">\n<p>&nbsp;<\/p>\n<p><strong>FAZIT: Gardasee, ich komme wieder! Hier gibt es unz\u00e4hlige M\u00f6glichkeiten sich auszutoben, sei es H\u00f6henmeter sammeln, Trails zu rocken, Alternativen zum Mountainbiken zu suchen, &#8220;Eisbolla&#8221; zu schlecken, lecker Pizza und Pasta zu geniesen, den italienischen Flair zu erlegen oder einfach in der Sonne zu bruzeln. Dolce Vita!<\/strong><\/p>\n<p><em>Zum Schlu\u00df noch was zu meiner Unterkunft: Das Hotel Forte Charme in Nago ist ein 4-Sterne-Hotel und absolut empfehlenswert. Preislich nicht abgehoben und mit Gl\u00fcck auch \u00fcber &#8220;Aldi&#8221; buchbar. Die Zimmer sind modern und ger\u00e4umig, die Aussicht hoch \u00fcber Torbole und dem Gardasee wunderbar, die Aussenbereiche sind abgestuft dem Fels und der Hotelettagen angepasst, das Essen superlecker und reichhaltig und in unserem Fall nat\u00fcrlich \u00fcberdimensional attraktiv, da in unserem Komplettpreis Fr\u00fchst\u00fcck, Nachmittagskaffee und mind. 3-4 Gang Wahlmen\u00fc incl. Getr\u00e4nke for free inklusive war. Sonderw\u00fcnsche sind realisierbar (wie z.B. am Abreisetag noch eine Dusche zu bekommen) und ein Shuttlebus nach Torbole steht t\u00e4glich zur Verf\u00fcgung. Tja und dann noch zweimal ein Dinnerabend mit 5-6 G\u00e4ngen!!! Alles in allem super! Personal ist sehr nett und immer wieder f\u00fcr Witze offen. Forte Charme &#8211; ich komme wieder.<\/em><\/p>\n<hr style=\"width: 90%;\" width=\"90%\">\n<h2><strong>Bilder:<\/strong><\/h2>\n\n<p>[\/vc_column_text][\/vc_column][\/vc_row]<\/p>\n<\/section>","protected":false},"excerpt":{"rendered":"<p>[vc_row][vc_column][vc_column_text][pe2-image src=&#8221;http:\/\/lh5.ggpht.com\/-asTLIDncPbM\/UmIe8nSEiSI\/AAAAAAAANOg\/Qhjzx3ezTC8\/s144-c-o\/_DSC2744.JPG&#8221; href=&#8221;https:\/\/picasaweb.google.com\/112885246866780528333\/13OKT2013DossoDeiRoveri?authkey=Gv1sRgCJDF4J6J-6WRygE#5936341285513496866&#8243; caption=&#8221;&#8221; type=&#8221;image&#8221; alt=&#8221;_DSC2744.JPG&#8221; ] &nbsp;GARDASEE TRAILRIDE Was macht man(n), wenn es in Deutschland regnet? Na klar, ab in den S\u00fcden. Was allerdings eine Woche vor dem lang geplannten Gardaseetripp nicht danach aussah. Schnee, Regen und K\u00e4lte waren die Vorzeichen f\u00fcr einen mi\u00dflungenen Urlaub. &#8220;Zum Gl\u00fcck 4-Sterne Hotel \u2026 <a class=\"continue-reading-link\" href=\"https:\/\/blog.sickculture.de\/?page_id=311\"> Continue reading<\/a><\/p>\n","protected":false},"author":1,"featured_media":0,"parent":90,"menu_order":0,"comment_status":"closed","ping_status":"closed","template":"","meta":{"_s2mail":"yes","ngg_post_thumbnail":0,"footnotes":""},"categories":[9,4],"class_list":["post-311","page","type-page","status-publish","hentry","category-9","category-mountainbike"],"jetpack_shortlink":"https:\/\/wp.me\/P7EPUT-51","jetpack_sharing_enabled":false,"_links":{"self":[{"href":"https:\/\/blog.sickculture.de\/index.php?rest_route=\/wp\/v2\/pages\/311","targetHints":{"allow":["GET"]}}],"collection":[{"href":"https:\/\/blog.sickculture.de\/index.php?rest_route=\/wp\/v2\/pages"}],"about":[{"href":"https:\/\/blog.sickculture.de\/index.php?rest_route=\/wp\/v2\/types\/page"}],"author":[{"embeddable":true,"href":"https:\/\/blog.sickculture.de\/index.php?rest_route=\/wp\/v2\/users\/1"}],"replies":[{"embeddable":true,"href":"https:\/\/blog.sickculture.de\/index.php?rest_route=%2Fwp%2Fv2%2Fcomments&post=311"}],"version-history":[{"count":7,"href":"https:\/\/blog.sickculture.de\/index.php?rest_route=\/wp\/v2\/pages\/311\/revisions"}],"predecessor-version":[{"id":1414,"href":"https:\/\/blog.sickculture.de\/index.php?rest_route=\/wp\/v2\/pages\/311\/revisions\/1414"}],"up":[{"embeddable":true,"href":"https:\/\/blog.sickculture.de\/index.php?rest_route=\/wp\/v2\/pages\/90"}],"wp:attachment":[{"href":"https:\/\/blog.sickculture.de\/index.php?rest_route=%2Fwp%2Fv2%2Fmedia&parent=311"}],"wp:term":[{"taxonomy":"category","embeddable":true,"href":"https:\/\/blog.sickculture.de\/index.php?rest_route=%2Fwp%2Fv2%2Fcategories&post=311"}],"curies":[{"name":"wp","href":"https:\/\/api.w.org\/{rel}","templated":true}]}}