{"id":400,"date":"2014-06-26T08:05:32","date_gmt":"2014-06-26T08:05:32","guid":{"rendered":"http:\/\/blog.sickculture.de\/?page_id=400"},"modified":"2019-02-13T17:22:18","modified_gmt":"2019-02-13T17:22:18","slug":"2014-06-kleinwalser-tal-hoeferspitze","status":"publish","type":"page","link":"https:\/\/blog.sickculture.de\/?page_id=400","title":{"rendered":"2014.06 Kleinwalser Tal &#8211; H\u00f6ferspitze"},"content":{"rendered":"<section class=\"wpb-content-wrapper\"><p>[vc_row][vc_column][vc_column_text][pe2-image src=&#8221;http:\/\/lh5.ggpht.com\/-almrgvbQIjU\/U65llUpxNxI\/AAAAAAAAQZ4\/qEkaOPsfhgM\/s144-c-o\/20140626-124405-00273-_DSC0295-A77mk2.JPG&#8221; href=&#8221;https:\/\/picasaweb.google.com\/112885246866780528333\/20140626Hoferspitze?authkey=Gv1sRgCOLIsfOM6fCkjgE#6029868642969138962&#8243; caption=&#8221;&#8221; type=&#8221;image&#8221; alt=&#8221;20140626-124405-00273-_DSC0295-A77mk2.JPG&#8221; ]<\/p>\n<p>Herrlicher Tag im Kleinwalser Tal mit Silvia, Vinnie und Paul\u00b4s erster Gratwanderung. Der Weg verl\u00e4uft \u00fcber die B\u00e4rgunth\u00fctte hinauf zum Widerstein und an der Abzweigung zur Widerstein H\u00fctte bogen wir rechts ab und liefen am Grat hoch zur H\u00f6ferspitze. Dort bot sich ein herrliches Panorama \u00fcber Warth, den Alpen, zum Widerstein und Walmendinger Horn des Kleinwalser Tals. Sehr zu empfehlen als Wanderung mit Hund, da auf der Strecke sehr viel B\u00e4che \u00fcberquert werden.<\/p>\n<hr>\n<p>Bilder:<\/p>\n\n<p>[\/vc_column_text][\/vc_column][\/vc_row]<\/p>\n<\/section>","protected":false},"excerpt":{"rendered":"<p>[vc_row][vc_column][vc_column_text][pe2-image src=&#8221;http:\/\/lh5.ggpht.com\/-almrgvbQIjU\/U65llUpxNxI\/AAAAAAAAQZ4\/qEkaOPsfhgM\/s144-c-o\/20140626-124405-00273-_DSC0295-A77mk2.JPG&#8221; href=&#8221;https:\/\/picasaweb.google.com\/112885246866780528333\/20140626Hoferspitze?authkey=Gv1sRgCOLIsfOM6fCkjgE#6029868642969138962&#8243; caption=&#8221;&#8221; type=&#8221;image&#8221; alt=&#8221;20140626-124405-00273-_DSC0295-A77mk2.JPG&#8221; ] Herrlicher Tag im Kleinwalser Tal mit Silvia, Vinnie und Paul\u00b4s erster Gratwanderung. Der Weg verl\u00e4uft \u00fcber die B\u00e4rgunth\u00fctte hinauf zum Widerstein und an der Abzweigung zur Widerstein H\u00fctte bogen wir rechts ab und liefen am Grat hoch zur H\u00f6ferspitze. Dort bot sich ein \u2026 <a class=\"continue-reading-link\" href=\"https:\/\/blog.sickculture.de\/?page_id=400\"> Continue reading<\/a><\/p>\n","protected":false},"author":1,"featured_media":0,"parent":90,"menu_order":0,"comment_status":"closed","ping_status":"closed","template":"","meta":{"_s2mail":"yes","ngg_post_thumbnail":0,"footnotes":""},"categories":[10,1],"class_list":["post-400","page","type-page","status-publish","hentry","category-10","category-uncategorized"],"jetpack_shortlink":"https:\/\/wp.me\/P7EPUT-6s","jetpack_sharing_enabled":true,"_links":{"self":[{"href":"https:\/\/blog.sickculture.de\/index.php?rest_route=\/wp\/v2\/pages\/400","targetHints":{"allow":["GET"]}}],"collection":[{"href":"https:\/\/blog.sickculture.de\/index.php?rest_route=\/wp\/v2\/pages"}],"about":[{"href":"https:\/\/blog.sickculture.de\/index.php?rest_route=\/wp\/v2\/types\/page"}],"author":[{"embeddable":true,"href":"https:\/\/blog.sickculture.de\/index.php?rest_route=\/wp\/v2\/users\/1"}],"replies":[{"embeddable":true,"href":"https:\/\/blog.sickculture.de\/index.php?rest_route=%2Fwp%2Fv2%2Fcomments&post=400"}],"version-history":[{"count":4,"href":"https:\/\/blog.sickculture.de\/index.php?rest_route=\/wp\/v2\/pages\/400\/revisions"}],"predecessor-version":[{"id":1384,"href":"https:\/\/blog.sickculture.de\/index.php?rest_route=\/wp\/v2\/pages\/400\/revisions\/1384"}],"up":[{"embeddable":true,"href":"https:\/\/blog.sickculture.de\/index.php?rest_route=\/wp\/v2\/pages\/90"}],"wp:attachment":[{"href":"https:\/\/blog.sickculture.de\/index.php?rest_route=%2Fwp%2Fv2%2Fmedia&parent=400"}],"wp:term":[{"taxonomy":"category","embeddable":true,"href":"https:\/\/blog.sickculture.de\/index.php?rest_route=%2Fwp%2Fv2%2Fcategories&post=400"}],"curies":[{"name":"wp","href":"https:\/\/api.w.org\/{rel}","templated":true}]}}