{"id":413,"date":"2014-07-03T21:17:58","date_gmt":"2014-07-03T21:17:58","guid":{"rendered":"http:\/\/blog.sickculture.de\/?page_id=413"},"modified":"2019-02-13T18:01:08","modified_gmt":"2019-02-13T18:01:08","slug":"2014-07-tegelberg-wanderung","status":"publish","type":"page","link":"https:\/\/blog.sickculture.de\/?page_id=413","title":{"rendered":"2014.07 Tegelberg Wanderung"},"content":{"rendered":"<section class=\"wpb-content-wrapper\"><p>[vc_row][vc_column][vc_column_text][pe2-image src=&#8221;http:\/\/lh3.ggpht.com\/-RrrasUy68gA\/U7sKpP6HdBI\/AAAAAAAAQws\/lVvd3ubDgNw\/s144-c-o\/_DSC2568.JPG&#8221; href=&#8221;https:\/\/picasaweb.google.com\/112885246866780528333\/20140703TegelbergWanderung?authkey=Gv1sRgCICMpuLCjpKAHQ#6033427829554115602&#8243; caption=&#8221;&#8221; type=&#8221;image&#8221; alt=&#8221;_DSC2568.JPG&#8221; ]<\/p>\n<p class=\"clear\">Ein perfekter Tag und beste Weitsicht bot sich heute auf der Wanderung mit meiner Schwester Silvia auf den Tegelberg. Die Runde startete an der Talstation und es war klar, dass wir nicht wie andere die Gondel benutzen, sondern zu Fu\u00df den Berg erklimmen. Also gings auf direktem Weg zum Schloss Neuschwannstein Richtung Schongau. Die ersten paar Meter waren noch auf gerader Strecke, ehe wir \u00fcber eine Teerstra\u00dfe hoch zum Schloss wanderten und uns den Weg mit ettlichen Touristen aus Fernost, Niederlande, USA, England, usw. teilten. Nat\u00fcrlich geh\u00f6rt es auch dazu, den Innenhof von Neuschwannstein zu besichtigen. Nun aber zum Hauptteil unserer Tour: \u00fcber die Marienbr\u00fccke gingen wir weiter \u00fcber den 6er Weg hoch zum Tegelberg. Ein sch\u00f6ner Wander-J\u00e4gersteig, der sich am Hang entlang schl\u00e4ngelte und herrliche Blicke ins Voralpenland, die Schl\u00f6sser mit ihren Seeen und dem S\u00e4uling gegen\u00fcber bot. Der Weg war gut begehbar und nur selten ausgesetzt o.\u00e4.. Oben an der Bergstation und der Tegelberg H\u00fctte machten wir kurz Rast und gingen weiter auf den Brandnerschrofen um dessen Gipfelkreuz zu erklimmen. Die letzten Meter sind etwas schwieriger und mit Drahtseilen gesichert. Aber es ist immer wieder erschrenkend mitanzusehen, welche Typen auf solchen Wegen unterwegs sind: Schlapper, Kleinkinder und &#8220;fu\u00dfkranke Rentner&#8221; &#8211; Wahnsinn!!! Eigentlich wollten wir ja mit der Gondel dir Abfahrt machen, aber die Zeit spielt noch gut mit und wir entschlossen uns \u00fcber die Rohrmoos H\u00fctte den Wanderweg Nr.2 zu nehmen. Kurze Rast in selbiger H\u00fctte mit kurzer St\u00e4rkung und dann ab ins Tal. Unten lud noch ein Kneippbecken zum Verweilen ein. Ein sch\u00f6ner Tag&#8230;<\/p>\n<p class=\"clear\"><div class=\"passster-form\" id=\"ps-133\">\n    <form class=\"password-form\" method=\"post\" autocomplete=\"off\" target=\"_top\">\n        <span class=\"ps-form-headline\">Gesch\u00fctzter Bereich<\/span>\n        <div class=\"ps-form-instructions-wrap\">Dieser Inhalt ist passwortgesch\u00fctzt. Bitte gib dein Passwort ein um den Inhalt freizuschalten.<\/div>\n        <fieldset>\n            <span class=\"ps-loader\" style=\"display:none;\"><img decoding=\"async\" src=\"https:\/\/blog.sickculture.de\/wp-content\/plugins\/content-protector\/assets\/public\/ps-loader.svg\" alt=\"\" \/><\/span>\n            <label for=\"input-ps-133\" style=\"display:none;\" class=\"passster-hidden\">Trage dein Passwort ein<\/label>\n            <input placeholder=\"Gib dein Passwort ein..\" type=\"password\" tabindex=\"1\" name=\"passster_password\"\n                   id=\"input-ps-133\" class=\"passster-password\" autocomplete=\"off\"\n                   data-protection-type=\"password\" data-list=\"[PASSSTER_LIST]\" data-lists=\"[PASSSTER_LISTS]\" data-area=\"[PASSSTER_AREA]\"\n                   data-protection=\"[PASSSTER_PROTECTION]\">\n            \n            <button name=\"submit\" type=\"submit\" class=\"passster-submit\" data-psid=\"ps-133\" data-post-id=\"413\" data-term-id=\"0\" \n                    data-submit=\"...Checking Password\" data-redirect=\"\">Freischalten\n            <\/button>\n            <div class=\"passster-error\"><\/div>\n        <\/fieldset>\n    <\/form>\n<\/div>\n<hr>\n<p class=\"clear\">Bilder:<\/p>\n\n<p>[\/vc_column_text][\/vc_column][\/vc_row]<\/p>\n<\/section>","protected":false},"excerpt":{"rendered":"<p>[vc_row][vc_column][vc_column_text][pe2-image src=&#8221;http:\/\/lh3.ggpht.com\/-RrrasUy68gA\/U7sKpP6HdBI\/AAAAAAAAQws\/lVvd3ubDgNw\/s144-c-o\/_DSC2568.JPG&#8221; href=&#8221;https:\/\/picasaweb.google.com\/112885246866780528333\/20140703TegelbergWanderung?authkey=Gv1sRgCICMpuLCjpKAHQ#6033427829554115602&#8243; caption=&#8221;&#8221; type=&#8221;image&#8221; alt=&#8221;_DSC2568.JPG&#8221; ] Ein perfekter Tag und beste Weitsicht bot sich heute auf der Wanderung mit meiner Schwester Silvia auf den Tegelberg. Die Runde startete an der Talstation und es war klar, dass wir nicht wie andere die Gondel benutzen, sondern zu Fu\u00df den Berg erklimmen. \u2026 <a class=\"continue-reading-link\" href=\"https:\/\/blog.sickculture.de\/?page_id=413\"> Continue reading<\/a><\/p>\n","protected":false},"author":1,"featured_media":0,"parent":90,"menu_order":0,"comment_status":"closed","ping_status":"closed","template":"","meta":{"_s2mail":"yes","ngg_post_thumbnail":0,"footnotes":""},"categories":[10,1],"class_list":["post-413","page","type-page","status-publish","hentry","category-10","category-uncategorized"],"jetpack_shortlink":"https:\/\/wp.me\/P7EPUT-6F","jetpack_sharing_enabled":true,"_links":{"self":[{"href":"https:\/\/blog.sickculture.de\/index.php?rest_route=\/wp\/v2\/pages\/413","targetHints":{"allow":["GET"]}}],"collection":[{"href":"https:\/\/blog.sickculture.de\/index.php?rest_route=\/wp\/v2\/pages"}],"about":[{"href":"https:\/\/blog.sickculture.de\/index.php?rest_route=\/wp\/v2\/types\/page"}],"author":[{"embeddable":true,"href":"https:\/\/blog.sickculture.de\/index.php?rest_route=\/wp\/v2\/users\/1"}],"replies":[{"embeddable":true,"href":"https:\/\/blog.sickculture.de\/index.php?rest_route=%2Fwp%2Fv2%2Fcomments&post=413"}],"version-history":[{"count":4,"href":"https:\/\/blog.sickculture.de\/index.php?rest_route=\/wp\/v2\/pages\/413\/revisions"}],"predecessor-version":[{"id":1393,"href":"https:\/\/blog.sickculture.de\/index.php?rest_route=\/wp\/v2\/pages\/413\/revisions\/1393"}],"up":[{"embeddable":true,"href":"https:\/\/blog.sickculture.de\/index.php?rest_route=\/wp\/v2\/pages\/90"}],"wp:attachment":[{"href":"https:\/\/blog.sickculture.de\/index.php?rest_route=%2Fwp%2Fv2%2Fmedia&parent=413"}],"wp:term":[{"taxonomy":"category","embeddable":true,"href":"https:\/\/blog.sickculture.de\/index.php?rest_route=%2Fwp%2Fv2%2Fcategories&post=413"}],"curies":[{"name":"wp","href":"https:\/\/api.w.org\/{rel}","templated":true}]}}