{"id":419,"date":"2014-07-04T21:37:26","date_gmt":"2014-07-04T21:37:26","guid":{"rendered":"http:\/\/blog.sickculture.de\/?page_id=419"},"modified":"2019-02-13T18:02:58","modified_gmt":"2019-02-13T18:02:58","slug":"2014-07-ueber-juifen-zum-schleims-sattel","status":"publish","type":"page","link":"https:\/\/blog.sickculture.de\/?page_id=419","title":{"rendered":"2014.07 \u00dcber Juifen zum Schleims-Sattel"},"content":{"rendered":"<section class=\"wpb-content-wrapper\"><p>[vc_row][vc_column][vc_column_text][pe2-image src=&#8221;http:\/\/lh4.ggpht.com\/-JtR_iyfkAUg\/U7sMylgGapI\/AAAAAAAAQ3w\/5VlSUjdKERw\/s144-c-o\/_DSC4451.JPG&#8221; href=&#8221;https:\/\/picasaweb.google.com\/112885246866780528333\/20140704JuifenSchleimssattel?authkey=Gv1sRgCLWTwqOH-pe3Wg#6033430188992653970&#8243; caption=&#8221;&#8221; type=&#8221;image&#8221; alt=&#8221;_DSC4451.JPG&#8221; ]<\/p>\n<p class=\"clear\">Gerade erholt von der Wanderung am Vortag gings schon wieder Richtung S\u00fcden: diesmal zum sch\u00f6nen Achensee zum Startpunkt Pertisau. Von der Talstation mu\u00dfte ich wieder zur\u00fcck nach Achenkirch und fuhr am Ufer des sch\u00f6nen Achensee\u00b4s entlang. Dort bot sich schon ein herrliches Panorama der umliegenden Rofangebirge und des Karwendels. Nun hie\u00df es anschlie\u00dfend Kette auf lockeren Tritt und \u00fcber Forststra\u00dfe bergan zum Juifen. Die letzten paar H\u00f6henmeter sind eigentlich Bikeverbotsgebiet und das Bike mu\u00dfte ich den Hang \u00fcber einen Wiesentrampelpfad tragen. Oben war wenig los und ich fuhr den Karrenweg hinunter ins Tal, von dem ich wieder hoch zum Schleims-Sattel fuhr. Der gr\u00f6\u00dfte Gegner der Tour war die Hitze und die Zeit, da wir zeitig wieder losfahren mu\u00dften und eine Gewitterwarnung auf Nachmittag vorhergesagt wurde. Also rasch rauf auf den Schleims-Sattel! Die letzten Meter w\u00e4ren ein sch\u00f6ner Bergauf-Trail mit ausgesetzen Stellen Richtung eines sch\u00f6nen Wasserfalls, nur war der Untergrund rutschig und matschig, da vorher anscheinend ein Almauftrieb war. Die Abfahrt vom Sattel war ein Speed-Downhill \u00fcber Schotterserpentinen und endete p\u00fcnktlich wieder in Pertisau. Fazit: Sch\u00f6ne Landschaft, sehr wenig Trails, aber gute 1700hm bergauf.<\/p>\n<p class=\"clear\"><div class=\"passster-form\" id=\"ps-108\">\n    <form class=\"password-form\" method=\"post\" autocomplete=\"off\" target=\"_top\">\n        <span class=\"ps-form-headline\">Gesch\u00fctzter Bereich<\/span>\n        <div class=\"ps-form-instructions-wrap\">Dieser Inhalt ist passwortgesch\u00fctzt. Bitte gib dein Passwort ein um den Inhalt freizuschalten.<\/div>\n        <fieldset>\n            <span class=\"ps-loader\" style=\"display:none;\"><img decoding=\"async\" src=\"https:\/\/blog.sickculture.de\/wp-content\/plugins\/content-protector\/assets\/public\/ps-loader.svg\" alt=\"\" \/><\/span>\n            <label for=\"input-ps-108\" style=\"display:none;\" class=\"passster-hidden\">Trage dein Passwort ein<\/label>\n            <input placeholder=\"Gib dein Passwort ein..\" type=\"password\" tabindex=\"1\" name=\"passster_password\"\n                   id=\"input-ps-108\" class=\"passster-password\" autocomplete=\"off\"\n                   data-protection-type=\"password\" data-list=\"[PASSSTER_LIST]\" data-lists=\"[PASSSTER_LISTS]\" data-area=\"[PASSSTER_AREA]\"\n                   data-protection=\"[PASSSTER_PROTECTION]\">\n            \n            <button name=\"submit\" type=\"submit\" class=\"passster-submit\" data-psid=\"ps-108\" data-post-id=\"419\" data-term-id=\"0\" \n                    data-submit=\"...Checking Password\" data-redirect=\"\">Freischalten\n            <\/button>\n            <div class=\"passster-error\"><\/div>\n        <\/fieldset>\n    <\/form>\n<\/div>\n<hr>\n<h4 class=\"clear\">Bilder:<\/h4>\n\n<p>[\/vc_column_text][\/vc_column][\/vc_row]<\/p>\n<\/section>","protected":false},"excerpt":{"rendered":"<p>[vc_row][vc_column][vc_column_text][pe2-image src=&#8221;http:\/\/lh4.ggpht.com\/-JtR_iyfkAUg\/U7sMylgGapI\/AAAAAAAAQ3w\/5VlSUjdKERw\/s144-c-o\/_DSC4451.JPG&#8221; href=&#8221;https:\/\/picasaweb.google.com\/112885246866780528333\/20140704JuifenSchleimssattel?authkey=Gv1sRgCLWTwqOH-pe3Wg#6033430188992653970&#8243; caption=&#8221;&#8221; type=&#8221;image&#8221; alt=&#8221;_DSC4451.JPG&#8221; ] Gerade erholt von der Wanderung am Vortag gings schon wieder Richtung S\u00fcden: diesmal zum sch\u00f6nen Achensee zum Startpunkt Pertisau. Von der Talstation mu\u00dfte ich wieder zur\u00fcck nach Achenkirch und fuhr am Ufer des sch\u00f6nen Achensee\u00b4s entlang. Dort bot sich schon ein herrliches Panorama \u2026 <a class=\"continue-reading-link\" href=\"https:\/\/blog.sickculture.de\/?page_id=419\"> Continue reading<\/a><\/p>\n","protected":false},"author":1,"featured_media":0,"parent":90,"menu_order":0,"comment_status":"closed","ping_status":"closed","template":"","meta":{"_s2mail":"yes","ngg_post_thumbnail":0,"footnotes":""},"categories":[10,4],"class_list":["post-419","page","type-page","status-publish","hentry","category-10","category-mountainbike"],"jetpack_shortlink":"https:\/\/wp.me\/P7EPUT-6L","jetpack_sharing_enabled":true,"_links":{"self":[{"href":"https:\/\/blog.sickculture.de\/index.php?rest_route=\/wp\/v2\/pages\/419","targetHints":{"allow":["GET"]}}],"collection":[{"href":"https:\/\/blog.sickculture.de\/index.php?rest_route=\/wp\/v2\/pages"}],"about":[{"href":"https:\/\/blog.sickculture.de\/index.php?rest_route=\/wp\/v2\/types\/page"}],"author":[{"embeddable":true,"href":"https:\/\/blog.sickculture.de\/index.php?rest_route=\/wp\/v2\/users\/1"}],"replies":[{"embeddable":true,"href":"https:\/\/blog.sickculture.de\/index.php?rest_route=%2Fwp%2Fv2%2Fcomments&post=419"}],"version-history":[{"count":4,"href":"https:\/\/blog.sickculture.de\/index.php?rest_route=\/wp\/v2\/pages\/419\/revisions"}],"predecessor-version":[{"id":1395,"href":"https:\/\/blog.sickculture.de\/index.php?rest_route=\/wp\/v2\/pages\/419\/revisions\/1395"}],"up":[{"embeddable":true,"href":"https:\/\/blog.sickculture.de\/index.php?rest_route=\/wp\/v2\/pages\/90"}],"wp:attachment":[{"href":"https:\/\/blog.sickculture.de\/index.php?rest_route=%2Fwp%2Fv2%2Fmedia&parent=419"}],"wp:term":[{"taxonomy":"category","embeddable":true,"href":"https:\/\/blog.sickculture.de\/index.php?rest_route=%2Fwp%2Fv2%2Fcategories&post=419"}],"curies":[{"name":"wp","href":"https:\/\/api.w.org\/{rel}","templated":true}]}}