{"id":424,"date":"2014-07-06T21:49:57","date_gmt":"2014-07-06T21:49:57","guid":{"rendered":"http:\/\/blog.sickculture.de\/?page_id=424"},"modified":"2019-02-13T17:59:08","modified_gmt":"2019-02-13T17:59:08","slug":"2014-07-rettenschwanger-tal","status":"publish","type":"page","link":"https:\/\/blog.sickculture.de\/?page_id=424","title":{"rendered":"2014.07 Rettenschwanger Tal"},"content":{"rendered":"<section class=\"wpb-content-wrapper\"><p>[vc_row][vc_column][vc_column_text][pe2-image src=&#8221;http:\/\/lh6.ggpht.com\/-0dhQW4CVy4w\/U7sO-jQI2tI\/AAAAAAAAQ9M\/CdrEqlgPHO8\/s144-c-o\/_DSC4513.JPG&#8221; href=&#8221;https:\/\/picasaweb.google.com\/112885246866780528333\/20140706RettenschwangerTalBadHindelang?authkey=Gv1sRgCKOPj6bY0sioIA#6033432593570519762&#8243; caption=&#8221;&#8221; type=&#8221;image&#8221; alt=&#8221;_DSC4513.JPG&#8221; ]<\/p>\n<p class=\"clear\">Alle guten Dinge sind drei: am 3. Tag nach dem Juifen und Tegelberg gings heute in das Rettenschwanger Tal im Allg\u00e4u. Startpunkt war diesmal die Talstation in Bad Hindelang und mit von der Partie war diesmal Vinnie. Die Tour stammt von Carsten Schymik und dessen Buchen Mountainbiken im Allg\u00e4u und Tannheimer Tal (Tour 3). Wieder ein w\u00fcrdiger Gegner war die Sonne, die von oben auf unser Haupt brannte. Dreimal hie\u00df es bergauf! Zuerst Straussbergh\u00fctte\/Imberger Horn, dann Trail mit Stufen, die aber aufgrund eines Regenschauers und Almab-\/auftrieb kaum fahrbar war (Schymik bez. das als &#8220;interessant&#8221;) Richtung Mitterhaus und von dort zur Wankh\u00fctte (Hintere Entschenalpe) \u00fcber Teerstra\u00dfe zur Nordwand des Nebelhorns. Klasse Panorama und gut zu fahren (8-10% Steigung). Denselben Weg wieder zur\u00fcck zum Mitterhaus mit kurzer Rast. Nun folgte ein sehr sch\u00f6ner flowiger Trail nach Bruck (Gardasee-Feeling). Was dann kam, ist der ber\u00fcchtigte &#8220;Allg\u00e4uer Hammer&#8221;: Die steile Rampe zur Horn Alpe und der Bergstation von Bad Hindelang. Durchschnittliche 15% Steigung mit mehrmals 18-20% Passagen. &#8220;Eine Ehrensache den Berg hochzutreten&#8221;, sagt Schymik! Oh je &#8211; aber machbar! Dann das Finale: Abfahrt \u00fcber die Downhill Strecke des Bikepark Bad Hindelang. Nach der Bergstation gab es die Route &#8220;Heavy&#8221;, &#8220;Really Heavy&#8221; und &#8220;Extreme&#8221; (black). Heavy w\u00e4re unser Fall und wir bogen zuerst in den Extreme Trail ein. Gut zu fahren, oder??? Jep! Die Schanzen kann man umfahren und ein Insider kl\u00e4rte uns \u00fcber den weiteren Verlauf der Strecke auf. Wir blieben auf der &#8220;Extreme&#8221; Strecke und fuhren zusammen mit echten Downhillern die brachiale Strecke senkrecht nach unten. Geil!!! Unten bot es sich an, in der chilligen Bikepark Station einen Cappu zu nehmen und die Bikes an der Waschstation zu s\u00e4ubern.<\/p>\n<p class=\"clear\"><div class=\"passster-form\" id=\"ps-433\">\n    <form class=\"password-form\" method=\"post\" autocomplete=\"off\" target=\"_top\">\n        <span class=\"ps-form-headline\">Gesch\u00fctzter Bereich<\/span>\n        <div class=\"ps-form-instructions-wrap\">Dieser Inhalt ist passwortgesch\u00fctzt. Bitte gib dein Passwort ein um den Inhalt freizuschalten.<\/div>\n        <fieldset>\n            <span class=\"ps-loader\" style=\"display:none;\"><img decoding=\"async\" src=\"https:\/\/blog.sickculture.de\/wp-content\/plugins\/content-protector\/assets\/public\/ps-loader.svg\" alt=\"\" \/><\/span>\n            <label for=\"input-ps-433\" style=\"display:none;\" class=\"passster-hidden\">Trage dein Passwort ein<\/label>\n            <input placeholder=\"Gib dein Passwort ein..\" type=\"password\" tabindex=\"1\" name=\"passster_password\"\n                   id=\"input-ps-433\" class=\"passster-password\" autocomplete=\"off\"\n                   data-protection-type=\"password\" data-list=\"[PASSSTER_LIST]\" data-lists=\"[PASSSTER_LISTS]\" data-area=\"[PASSSTER_AREA]\"\n                   data-protection=\"[PASSSTER_PROTECTION]\">\n            \n            <button name=\"submit\" type=\"submit\" class=\"passster-submit\" data-psid=\"ps-433\" data-post-id=\"424\" data-term-id=\"0\" \n                    data-submit=\"...Checking Password\" data-redirect=\"\">Freischalten\n            <\/button>\n            <div class=\"passster-error\"><\/div>\n        <\/fieldset>\n    <\/form>\n<\/div>\n<hr>\n<h3 class=\"clear\">Bilder:<\/h3>\n\n<div id=\"s3gt_translate_tooltip_mini\" class=\"s3gt_translate_tooltip_mini_box\" style=\"background: initial !important; border: initial !important; border-radius: initial !important; border-spacing: initial !important; border-collapse: initial !important; direction: ltr !important; flex-direction: initial !important; font-weight: initial !important; height: initial !important; letter-spacing: initial !important; min-width: initial !important; max-width: initial !important; min-height: initial !important; max-height: initial !important; margin: auto !important; outline: initial !important; padding: initial !important; position: absolute; table-layout: initial !important; text-align: initial !important; text-shadow: initial !important; width: initial !important; word-break: initial !important; word-spacing: initial !important; overflow-wrap: initial !important; box-sizing: initial !important; display: initial !important; color: inherit !important; font-size: 13px !important; font-family: X-LocaleSpecific, sans-serif, Tahoma, Helvetica !important; line-height: 13px !important; vertical-align: top !important; white-space: inherit !important; left: 0px; top: 498px; opacity: 0.85;\">\n<div id=\"s3gt_translate_tooltip_mini_logo\" class=\"s3gt_translate_tooltip_mini\" title=\"Markierten Text \u00fcbersetzen\">&nbsp;<\/div>\n<div id=\"s3gt_translate_tooltip_mini_sound\" class=\"s3gt_translate_tooltip_mini\" title=\"Abspielen\">&nbsp;<\/div>\n<div id=\"s3gt_translate_tooltip_mini_copy\" class=\"s3gt_translate_tooltip_mini\" title=\"In Zwischenablage kopieren\">&nbsp;<\/div>\n<\/div>\n<p>[\/vc_column_text][\/vc_column][\/vc_row]<\/p>\n<\/section>","protected":false},"excerpt":{"rendered":"<p>[vc_row][vc_column][vc_column_text][pe2-image src=&#8221;http:\/\/lh6.ggpht.com\/-0dhQW4CVy4w\/U7sO-jQI2tI\/AAAAAAAAQ9M\/CdrEqlgPHO8\/s144-c-o\/_DSC4513.JPG&#8221; href=&#8221;https:\/\/picasaweb.google.com\/112885246866780528333\/20140706RettenschwangerTalBadHindelang?authkey=Gv1sRgCKOPj6bY0sioIA#6033432593570519762&#8243; caption=&#8221;&#8221; type=&#8221;image&#8221; alt=&#8221;_DSC4513.JPG&#8221; ] Alle guten Dinge sind drei: am 3. Tag nach dem Juifen und Tegelberg gings heute in das Rettenschwanger Tal im Allg\u00e4u. Startpunkt war diesmal die Talstation in Bad Hindelang und mit von der Partie war diesmal Vinnie. Die Tour stammt von Carsten Schymik \u2026 <a class=\"continue-reading-link\" href=\"https:\/\/blog.sickculture.de\/?page_id=424\"> Continue reading<\/a><\/p>\n","protected":false},"author":1,"featured_media":0,"parent":90,"menu_order":0,"comment_status":"closed","ping_status":"closed","template":"","meta":{"_s2mail":"yes","ngg_post_thumbnail":0,"footnotes":""},"categories":[10,4],"class_list":["post-424","page","type-page","status-publish","hentry","category-10","category-mountainbike"],"jetpack_shortlink":"https:\/\/wp.me\/P7EPUT-6Q","jetpack_sharing_enabled":true,"_links":{"self":[{"href":"https:\/\/blog.sickculture.de\/index.php?rest_route=\/wp\/v2\/pages\/424","targetHints":{"allow":["GET"]}}],"collection":[{"href":"https:\/\/blog.sickculture.de\/index.php?rest_route=\/wp\/v2\/pages"}],"about":[{"href":"https:\/\/blog.sickculture.de\/index.php?rest_route=\/wp\/v2\/types\/page"}],"author":[{"embeddable":true,"href":"https:\/\/blog.sickculture.de\/index.php?rest_route=\/wp\/v2\/users\/1"}],"replies":[{"embeddable":true,"href":"https:\/\/blog.sickculture.de\/index.php?rest_route=%2Fwp%2Fv2%2Fcomments&post=424"}],"version-history":[{"count":4,"href":"https:\/\/blog.sickculture.de\/index.php?rest_route=\/wp\/v2\/pages\/424\/revisions"}],"predecessor-version":[{"id":1391,"href":"https:\/\/blog.sickculture.de\/index.php?rest_route=\/wp\/v2\/pages\/424\/revisions\/1391"}],"up":[{"embeddable":true,"href":"https:\/\/blog.sickculture.de\/index.php?rest_route=\/wp\/v2\/pages\/90"}],"wp:attachment":[{"href":"https:\/\/blog.sickculture.de\/index.php?rest_route=%2Fwp%2Fv2%2Fmedia&parent=424"}],"wp:term":[{"taxonomy":"category","embeddable":true,"href":"https:\/\/blog.sickculture.de\/index.php?rest_route=%2Fwp%2Fv2%2Fcategories&post=424"}],"curies":[{"name":"wp","href":"https:\/\/api.w.org\/{rel}","templated":true}]}}