{"id":433,"date":"2014-08-09T15:34:40","date_gmt":"2014-08-09T15:34:40","guid":{"rendered":"http:\/\/blog.sickculture.de\/?page_id=433"},"modified":"2019-02-13T18:04:52","modified_gmt":"2019-02-13T18:04:52","slug":"2014-08-osterfelderkopf-bernadeinsteig-garmisch","status":"publish","type":"page","link":"https:\/\/blog.sickculture.de\/?page_id=433","title":{"rendered":"2014.08 Osterfelderkopf &#8211; Bernadeinsteig &#8211; Garmisch"},"content":{"rendered":"<section class=\"wpb-content-wrapper\"><p>[vc_row][vc_column][vc_column_text][pe2-image src=&#8221;http:\/\/lh6.ggpht.com\/-hmFBOASGDm4\/U-Y6-Ab33nI\/AAAAAAAARHA\/2F4z0ZO1HSE\/s144-c-o\/20140808-105843-00019-_DSC4651_Screen.jpg&#8221; href=&#8221;https:\/\/picasaweb.google.com\/112885246866780528333\/20140808Osterfelderkopf?authkey=Gv1sRgCKyrnMr6qeilKg#6045584386734677618&#8243; caption=&#8221;&#8221; type=&#8221;image&#8221; alt=&#8221;20140808-105843-00019-_DSC4651_Screen.jpg&#8221; ]<\/p>\n<p>Nachdem es mit dem Alp-X wieder mal nichts wurde, mu\u00dfte eine Auspower-Alternative her. Mir schwebte schon l\u00e4nger eine Klassikertour in der Zugspitzregion durch den Kopf: Osterfelderkopf mit Bernadeinsteig!<\/p>\n<p>Bei der Suche nach einer geeigneten Tour war mir der Tourenf\u00fchrer <a href=\"http:\/\/www.delius-klasing.de\/buecher\/Mountainbiken+rund+um+Garmisch-Partenkirchen.179120.html\">&#8220;Mountainbiken rund um Garmisch-Partenkirchen&#8221;<\/a> aus dem Delius Klasing Verlag behilflich. In diesem handlichen Buch werden 20 der sch\u00f6nsten Routen rund um Garmisch-Partenkirchen vorgestellt. Die Tour ist im genannten Buch als Tour 19 &#8220;Osterfelderkopf&#8221; beschrieben.<\/p>\n<p>Los gehts&#8230; Das Einrollen von Garmisch bis zur Talstaion der Kreuzeckbahn ist ganz nach unserem Geschmack. Nach zwei Stunden Autofahrt rollte ich am fr\u00fchen Morgen durch frisch gem\u00e4hte, gr\u00fcne Wiesen eben dahin. Nach knapp 5 Kilometern es geht rauf auf den Berg. In Zahlen: ca. 1300 H\u00f6henmeter auf einer Strecke von knapp 13 Kilometer. Ich querte beim Uphill ein paar mal die historische Bobbahn. Auf der Bahn wurden von 1910 bis 1966 Rennen gefahren, u.a. auch die Bobrennen zur Winterolympiade 1936. Die Bobbfahrer erreichten Geschwindigkeiten von bis zu 120 km\/h. Danach wurde die Bahn sich selbst \u00fcberlassen, bis sie 2003 unter Denkmalschutz gestellt wurde.<\/p>\n<p>Bis zum Abzweig kurz vor dem Garmischer Haus ist bereits ein gutes St\u00fcck Arbeit getan. Nun wird es aber richtig steil. Fast senkrecht zieht der Schotterweg den Hang hinauf, vorbei an der Tr\u00f6glh\u00fctte und durch den dunklen und kalten Skitunnel. Ich meisterte mehrere Rampen bevor ich kurz vor der Kreuzeck Bergstation 1650 m, zum ersten mal das Zwischenziel die Hochalm, unter den m\u00e4chtigen W\u00e4nden der Alpspitze 2628 m, sah. Dann folgte eine Hammer-auf-die-M\u00fctze Etappe hoch zur Alpspitzbergstation. Der lose Untergrund sorgte daf\u00fcr, dass die letzten H\u00f6henmeter mehr schiebend als fahrend zur\u00fcckgelegt werden mu\u00dfte. Oben herrlichste Aussicht! Die Alpspix-Plattform war es wert, die Tour bis ganz rauf gefahren zu sein. Diese Plattform ragt schebend \u00fcber eine abfallende Kante hinweg. Wie immer war es auch hier nicht menschenleer! Dank Bergbahnen st\u00fcrmen Familien und &#8220;Flachlandtiroler&#8221; die Berge&#8230; Zur\u00fcck auf dem Anfahrtweg und dann rechts rein auf den Bernadeinsteig.<\/p>\n<p>Hier dauert es einige Zeit bis ich mit den fahrtechnischen Herausforderungen aus schmalem Weg, losen Steinen, Stufen und Wurzeln zu Recht kommen. Je l\u00e4nger ich durch den bewachsenen Latschenhang unterwegs bin, desto wohler f\u00fchlte ich mich. Die Schl\u00fcsselstellen werden immer besser gemeistert. Im Wald wird dann der Untergrund immer flowiger. An der paradiesisch liegenden Bernadein Diensth\u00fctte machte ich kurz Pause. Niemand st\u00f6rt hier oben die Ruhe in diesem urspr\u00fcnglichen Bergwald. Nach der Diensth\u00fctte hei\u00dft es aufpassen! Der Abzweig im spitzen Winkel auf einen verfallenen Fahrweg ist in Fahrtrichtung kaum zu erkennen. Jetzt geht es auf einem Schotterweg fast bis zum Umschlagplatz am Beginn des Reintals.<\/p>\n<p>Zur\u00fcck mu\u00dften nun noch ein paar Gegenanstiege und eine kaputte Forststra\u00dfe bezwungen werden. Eine herrliche Tour, auch wenn sie anstrengend war.<\/p>\n<div class=\"passster-form\" id=\"ps-689\">\n    <form class=\"password-form\" method=\"post\" autocomplete=\"off\" target=\"_top\">\n        <span class=\"ps-form-headline\">Gesch\u00fctzter Bereich<\/span>\n        <div class=\"ps-form-instructions-wrap\">Dieser Inhalt ist passwortgesch\u00fctzt. Bitte gib dein Passwort ein um den Inhalt freizuschalten.<\/div>\n        <fieldset>\n            <span class=\"ps-loader\" style=\"display:none;\"><img decoding=\"async\" src=\"https:\/\/blog.sickculture.de\/wp-content\/plugins\/content-protector\/assets\/public\/ps-loader.svg\" alt=\"\" \/><\/span>\n            <label for=\"input-ps-689\" style=\"display:none;\" class=\"passster-hidden\">Trage dein Passwort ein<\/label>\n            <input placeholder=\"Gib dein Passwort ein..\" type=\"password\" tabindex=\"1\" name=\"passster_password\"\n                   id=\"input-ps-689\" class=\"passster-password\" autocomplete=\"off\"\n                   data-protection-type=\"password\" data-list=\"[PASSSTER_LIST]\" data-lists=\"[PASSSTER_LISTS]\" data-area=\"[PASSSTER_AREA]\"\n                   data-protection=\"[PASSSTER_PROTECTION]\">\n            \n            <button name=\"submit\" type=\"submit\" class=\"passster-submit\" data-psid=\"ps-689\" data-post-id=\"433\" data-term-id=\"0\" \n                    data-submit=\"...Checking Password\" data-redirect=\"\">Freischalten\n            <\/button>\n            <div class=\"passster-error\"><\/div>\n        <\/fieldset>\n    <\/form>\n<\/div>\n\n<hr>\n<p>Bilder:<\/p>\n\n<p>[\/vc_column_text][\/vc_column][\/vc_row]<\/p>\n<\/section>","protected":false},"excerpt":{"rendered":"<p>[vc_row][vc_column][vc_column_text][pe2-image src=&#8221;http:\/\/lh6.ggpht.com\/-hmFBOASGDm4\/U-Y6-Ab33nI\/AAAAAAAARHA\/2F4z0ZO1HSE\/s144-c-o\/20140808-105843-00019-_DSC4651_Screen.jpg&#8221; href=&#8221;https:\/\/picasaweb.google.com\/112885246866780528333\/20140808Osterfelderkopf?authkey=Gv1sRgCKyrnMr6qeilKg#6045584386734677618&#8243; caption=&#8221;&#8221; type=&#8221;image&#8221; alt=&#8221;20140808-105843-00019-_DSC4651_Screen.jpg&#8221; ] Nachdem es mit dem Alp-X wieder mal nichts wurde, mu\u00dfte eine Auspower-Alternative her. Mir schwebte schon l\u00e4nger eine Klassikertour in der Zugspitzregion durch den Kopf: Osterfelderkopf mit Bernadeinsteig! Bei der Suche nach einer geeigneten Tour war mir der Tourenf\u00fchrer &#8220;Mountainbiken rund um Garmisch-Partenkirchen&#8221; \u2026 <a class=\"continue-reading-link\" href=\"https:\/\/blog.sickculture.de\/?page_id=433\"> Continue reading<\/a><\/p>\n","protected":false},"author":1,"featured_media":0,"parent":90,"menu_order":0,"comment_status":"closed","ping_status":"closed","template":"","meta":{"_s2mail":"yes","ngg_post_thumbnail":0,"footnotes":""},"categories":[10,4],"class_list":["post-433","page","type-page","status-publish","hentry","category-10","category-mountainbike"],"jetpack_shortlink":"https:\/\/wp.me\/P7EPUT-6Z","jetpack_sharing_enabled":true,"_links":{"self":[{"href":"https:\/\/blog.sickculture.de\/index.php?rest_route=\/wp\/v2\/pages\/433","targetHints":{"allow":["GET"]}}],"collection":[{"href":"https:\/\/blog.sickculture.de\/index.php?rest_route=\/wp\/v2\/pages"}],"about":[{"href":"https:\/\/blog.sickculture.de\/index.php?rest_route=\/wp\/v2\/types\/page"}],"author":[{"embeddable":true,"href":"https:\/\/blog.sickculture.de\/index.php?rest_route=\/wp\/v2\/users\/1"}],"replies":[{"embeddable":true,"href":"https:\/\/blog.sickculture.de\/index.php?rest_route=%2Fwp%2Fv2%2Fcomments&post=433"}],"version-history":[{"count":7,"href":"https:\/\/blog.sickculture.de\/index.php?rest_route=\/wp\/v2\/pages\/433\/revisions"}],"predecessor-version":[{"id":1397,"href":"https:\/\/blog.sickculture.de\/index.php?rest_route=\/wp\/v2\/pages\/433\/revisions\/1397"}],"up":[{"embeddable":true,"href":"https:\/\/blog.sickculture.de\/index.php?rest_route=\/wp\/v2\/pages\/90"}],"wp:attachment":[{"href":"https:\/\/blog.sickculture.de\/index.php?rest_route=%2Fwp%2Fv2%2Fmedia&parent=433"}],"wp:term":[{"taxonomy":"category","embeddable":true,"href":"https:\/\/blog.sickculture.de\/index.php?rest_route=%2Fwp%2Fv2%2Fcategories&post=433"}],"curies":[{"name":"wp","href":"https:\/\/api.w.org\/{rel}","templated":true}]}}