{"id":448,"date":"2014-08-17T16:24:41","date_gmt":"2014-08-17T16:24:41","guid":{"rendered":"http:\/\/blog.sickculture.de\/?page_id=448"},"modified":"2019-02-13T18:12:39","modified_gmt":"2019-02-13T18:12:39","slug":"2014-08-vinschgau-tourenklassiker","status":"publish","type":"page","link":"https:\/\/blog.sickculture.de\/?page_id=448","title":{"rendered":"2014.08 Vinschgau &#8211; Tourenklassiker"},"content":{"rendered":"<section class=\"wpb-content-wrapper\"><p>[vc_row][vc_column][vc_column_text]<a id=\"oben\"><\/a>[pe2-image src=&#8221;http:\/\/lh4.ggpht.com\/-hwTJbwY7r9o\/U_MsN8aJ2gI\/AAAAAAAASPA\/QTC4sLUIgQo\/s144-c-o\/20140816-115440-00605-_DSC5355_Screen.jpg&#8221; href=&#8221;https:\/\/picasaweb.google.com\/112885246866780528333\/16082014Uinaschlucht?authkey=Gv1sRgCPzQus2p_6fI2gE#6049227342554454530&#8243; caption=&#8221;&#8221; type=&#8221;image&#8221; alt=&#8221;20140816-115440-00605-_DSC5355_Screen.jpg&#8221; ]<\/p>\n<h1 style=\"text-align: center;\"><span style=\"color: #0000ff;\">VINSCHGAU &#8211; Urlaub in Burgeis 2014<\/span><\/h1>\n<h2 style=\"text-align: center;\"><span style=\"color: #3366ff;\">13.-16.8.2014 Tourenklassiker im Obervinschgau<\/span><\/h2>\n<p>&nbsp;<\/p>\n<p>Nachdem der Alpencross abgesagt wurde, die Unterkunft mit R\u00fccktransportm\u00f6glichkeit in Burgeis schon gebucht war, waren nun vier Tage Vinschgau angesagt. Fr\u00fch morgens mit Hoffnung auf sch\u00f6nstes Bikewetter gings \u00fcber den Fernpass gen S\u00fcden. Aber der Wetterbericht behielt Recht und es regnete so gut wie den ganzen Tag. Also erste Tourenplanung \u00fcber den Plamortboden abgesagt. Unsere&nbsp;<a name=anfang href=#burgeis>Unterkunft<\/a> in Burgeis (<a title=\"Zum Christopherus\" href=\"http:\/\/hotel-zum-christophorus.it\/\" target=\"_blank\" rel=\"noopener\">Zum Christopherus<\/a>) war klasse und wir wurden freundlich umsorgt. Dass das Essen in S\u00fcdtirol lecker ist, mu\u00df glaube ich nicht erw\u00e4hnt werden.<\/p>\n<table>\n<tbody>\n<tr>\n<td><img loading=\"lazy\" decoding=\"async\" class=\"wp-image-456 aligncenter\" src=\"http:\/\/blog.sickculture.de\/wp-content\/uploads\/2014\/08\/logo_vinschgaubike.png\" alt=\"logo_vinschgaubike\" width=\"152\" height=\"107\" srcset=\"https:\/\/blog.sickculture.de\/wp-content\/uploads\/2014\/08\/logo_vinschgaubike.png 255w, https:\/\/blog.sickculture.de\/wp-content\/uploads\/2014\/08\/logo_vinschgaubike-212x150.png 212w, https:\/\/blog.sickculture.de\/wp-content\/uploads\/2014\/08\/logo_vinschgaubike-150x105.png 150w\" sizes=\"auto, (max-width: 152px) 100vw, 152px\" \/><\/td>\n<td style=\"text-align: right;\"><img loading=\"lazy\" decoding=\"async\" class=\"wp-image-455 aligncenter\" src=\"http:\/\/blog.sickculture.de\/wp-content\/uploads\/2014\/08\/Logo_Vinschgau_D-300x180.jpg\" alt=\"Logo_Vinschgau_D-300x180\" width=\"180\" height=\"108\" srcset=\"https:\/\/blog.sickculture.de\/wp-content\/uploads\/2014\/08\/Logo_Vinschgau_D-300x180.jpg 300w, https:\/\/blog.sickculture.de\/wp-content\/uploads\/2014\/08\/Logo_Vinschgau_D-300x180-250x150.jpg 250w, https:\/\/blog.sickculture.de\/wp-content\/uploads\/2014\/08\/Logo_Vinschgau_D-300x180-150x90.jpg 150w\" sizes=\"auto, (max-width: 180px) 100vw, 180px\" \/><\/td>\n<\/tr>\n<\/tbody>\n<\/table>\n<p>&nbsp;<\/p>\n<h3>1. Tour: Umbrail &#8211; Bocchetta di Forcola &#8211; Val Mora<\/h3>\n<p>&#8220;Alte Wege neu entdecken: Bei dieser Tour trifft man auf Spuren des Stellungskrieges am Ortler im Ersten Weltkrieg.&#8221; Am Donnerstag war es auch bew\u00f6lkt und auf Nachmittag wurden Regen vorhergesagt. Aber das schreckte mich nicht ab und nach dem Fr\u00fchst\u00fcck hie\u00df es ab ins Auto und r\u00fcber an die Schweizer Grenze, besser gesagt nach Taufers (vor der Grenze). F\u00fcr einen kurzen Moment f\u00fchlte man sich ein wenig wie die Schmuggler von damals. An einem Seitenforstweg und der offiziellen Radroute konnte man den Grenzpunkt umfahren und schon nach wenigen Kilometern hie\u00df es den runden Tritt zu finden: es stand der Umbrailpass an. Von der Schweizer Seite aus f\u00fchren unz\u00e4hlige Kehren hinauf auf 2505m \u00fc.M.. zum Gl\u00fcck ist diese Passstra\u00dfe nicht so stark befahren wie das Stilfser Joch und bedingt durch die Wettervorhersage auch nicht so sehr. Am Pass konnte man das Stilfser Joch, den Piz Umbrail, Ortler und noch ettliche 3000er erblicken. Ab dem Umbrailpass beginnt die Auffahrt u\u0308ber einen Trail zur Bocchetta di Forcola. Schu\u0308tzengr\u00e4ben, wohin das Auge reicht sind Zeugen einer unru\u0308hmlichen Zeit. Die Abfahrt beginnt u\u0308ber die alte Milit\u00e4rstra\u00dfe.Eigentlich stand der Weiterweg \u00fcber den Bocchetta di Pedenolo an, doch dunkle Wolken zogen auf ich w\u00e4hlte die Alternativroute \u00fcber eine alte Mulattiera und Trail zur Malga Forcolla und weiter \u00fcber Forstwege zum Lago di Cancano und dessen Nebenstausee San Giacomo. Kurz nach der \u00dcberquerung der Staumauer erreichte ich den Passo di Fraele und im Nieselregen fuhr ich direkt weiter ins Val Mora. Die Auffahrt \u00fcber den Passo Val Mora durch das wunderbare Hochgebirgstal Val Mora weiter zum 2240 m hoch gelegenen \u00dcbergang D\u00f6ss Radond ist atemberaubend und anfangs \u00fcber einen Trail, sp\u00e4ter durch einen Schotterweg zu befahren.&nbsp;Die Abfahrt nach Santa Maria erfolgt u\u0308ber die Schotterstra\u00dfe, wobei sich immer wieder die M\u00f6glichkeit ergibt die Stra\u00dfe u\u0308ber Trails abzuku\u0308rzen. Eine Top Tour, die nur durch besseres Wetter zu toppen gewesen w\u00e4re. <a name=anfang href=#umbrail>(Bilder...)<\/a><\/p>\n<p>[pe2-image src=&#8221;http:\/\/lh5.ggpht.com\/-jmr5smc4kB4\/U_Mi0uyHb7I\/AAAAAAAARXY\/M37g-1sERws\/s144-c-o\/20140814-122244-00106-_DSC4856_Screen.jpg&#8221; href=&#8221;https:\/\/picasaweb.google.com\/112885246866780528333\/14082014UmbrailBochettaDiForcolla?authkey=Gv1sRgCNik6Y_byuHBjQE#6049217013795483570&#8243; caption=&#8221;&#8221; type=&#8221;image&#8221; alt=&#8221;20140814-122244-00106-_DSC4856_Screen.jpg&#8221; ]<\/p>\n<div class=\"passster-form\" id=\"ps-357\">\n    <form class=\"password-form\" method=\"post\" autocomplete=\"off\" target=\"_top\">\n        <span class=\"ps-form-headline\">Gesch\u00fctzter Bereich<\/span>\n        <div class=\"ps-form-instructions-wrap\">Dieser Inhalt ist passwortgesch\u00fctzt. Bitte gib dein Passwort ein um den Inhalt freizuschalten.<\/div>\n        <fieldset>\n            <span class=\"ps-loader\" style=\"display:none;\"><img decoding=\"async\" src=\"https:\/\/blog.sickculture.de\/wp-content\/plugins\/content-protector\/assets\/public\/ps-loader.svg\" alt=\"\" \/><\/span>\n            <label for=\"input-ps-357\" style=\"display:none;\" class=\"passster-hidden\">Trage dein Passwort ein<\/label>\n            <input placeholder=\"Gib dein Passwort ein..\" type=\"password\" tabindex=\"1\" name=\"passster_password\"\n                   id=\"input-ps-357\" class=\"passster-password\" autocomplete=\"off\"\n                   data-protection-type=\"password\" data-list=\"[PASSSTER_LIST]\" data-lists=\"[PASSSTER_LISTS]\" data-area=\"[PASSSTER_AREA]\"\n                   data-protection=\"[PASSSTER_PROTECTION]\">\n            \n            <button name=\"submit\" type=\"submit\" class=\"passster-submit\" data-psid=\"ps-357\" data-post-id=\"448\" data-term-id=\"0\" \n                    data-submit=\"...Checking Password\" data-redirect=\"\">Freischalten\n            <\/button>\n            <div class=\"passster-error\"><\/div>\n        <\/fieldset>\n    <\/form>\n<\/div>\n\n<h3>2. Tour: Madritschjoch<\/h3>\n<p>Heute stand die &#8220;K\u00f6nigsetappe&#8221; an &#8211; im warsten Sinne des Wortes, denn so nah kommt man K\u00f6nig Ortler auf einem mit Bike befahrbaren Weg wohl kaum. Zun\u00e4chst ging von Prad und Richtung Stilfser Joch. Nach wenigen Kilometern, folgte ich der Stra\u00dfe Richtung Sulden, die mit einer Umleitung wegen Erdrutsch umfahren werden mu\u00dfte. In Sulden l\u00f6ste ich ein Ticket hoch zur Bergstation\/Schaubachh\u00fctte (2600m). Die, die es sich antun wollen, k\u00f6nnen auch die extrem steile Auffahrt \u00fcber Schotterwege w\u00e4hlen, was aber an einem Tag als Tour wirklich als Extrem bezeichnet werden kann. Nun folgte der letzte Teil des Anstieges hinauf zum Madritschjoch (3123m), der durch die d\u00fcnne Luft zudem erschwert wird. Der gesamte Aufstieg w\u00e4re aber fahrbar, wenn da nicht Schnee, K\u00e4lte und Wind gewesen w\u00e4re. Der Weg war fast nicht zu erkennen und die wenigen Wanderer und Alpini\u00b4s staunten nicht schlecht, als sie mich in kurzen Hosen und mit Fahrrad dort oben sahen. Zwei Bergsteiger konnten nicht anderst und zogen ihr Handy zum Selfie zusammen mit mir aus der Tasche. Oben am Madritschjoch war es kalt, windig, neblig (Sichtweite unter 50m) und ich \u00fcberlegte hart, ob ich die Abfahrt nicht zur\u00fcck \u00fcber Sulden w\u00e4hlen sollte. Aber umgeben von 3000ern steht man nun am Einstieg eines wundersch\u00f6nen Singletrails, der sich durch das Madritschtal bis hinunter zur Zufallh\u00fctte (2276m) schl\u00e4ngelt. 900 H\u00f6henmeter erster Sahne! Also die ersten Meter schiebend und wegsuchend bergab und dann \u00fcber Trails fahrend weiter. Genial! Das Grinsen kommt einem gar nicht aus dem Gesicht, auch weil das Wetter kurz umschlug und die Gipfel freigab. Sehr mystisch hier oben mit dem Nebel und den nassen harten Kontrasten der Berge. Weiter auf einem breiteren Weg bis zur Enzianh\u00fctte, wo man auch auf die Martelltalstrasse trifft. Diese kann aber grossteils \u00fcber den Weg Nr. 36 gemieden werden, welcher zudem noch viele sch\u00f6ne Trailpassagen bis zum Talanfang in Morter bot. Ein obligatorischer Cappuccino im Bamboo Hotel war Pflicht (alles Gleichgesinnte). Hammer Tag &#8211; atemberaubend (sprichw\u00f6rtlich). <a name=anfang href=#madritsch>(Bilder...)<\/a><\/p>\n<p>[pe2-image src=&#8221;http:\/\/lh4.ggpht.com\/-jRFtPP0f_wI\/U_MmftEScUI\/AAAAAAAARwg\/sev9FCBZg68\/s144-c-o\/20140815-130935-00358-_DSC5108_Screen.jpg&#8221; href=&#8221;https:\/\/picasaweb.google.com\/112885246866780528333\/15082014Madritschjoch?authkey=Gv1sRgCOy9jt3RxKrteA#6049221050604089666&#8243; caption=&#8221;&#8221; type=&#8221;image&#8221; alt=&#8221;20140815-130935-00358-_DSC5108_Screen.jpg&#8221; ]<\/p>\n<div class=\"passster-form\" id=\"ps-236\">\n    <form class=\"password-form\" method=\"post\" autocomplete=\"off\" target=\"_top\">\n        <span class=\"ps-form-headline\">Gesch\u00fctzter Bereich<\/span>\n        <div class=\"ps-form-instructions-wrap\">Dieser Inhalt ist passwortgesch\u00fctzt. Bitte gib dein Passwort ein um den Inhalt freizuschalten.<\/div>\n        <fieldset>\n            <span class=\"ps-loader\" style=\"display:none;\"><img decoding=\"async\" src=\"https:\/\/blog.sickculture.de\/wp-content\/plugins\/content-protector\/assets\/public\/ps-loader.svg\" alt=\"\" \/><\/span>\n            <label for=\"input-ps-236\" style=\"display:none;\" class=\"passster-hidden\">Trage dein Passwort ein<\/label>\n            <input placeholder=\"Gib dein Passwort ein..\" type=\"password\" tabindex=\"1\" name=\"passster_password\"\n                   id=\"input-ps-236\" class=\"passster-password\" autocomplete=\"off\"\n                   data-protection-type=\"password\" data-list=\"[PASSSTER_LIST]\" data-lists=\"[PASSSTER_LISTS]\" data-area=\"[PASSSTER_AREA]\"\n                   data-protection=\"[PASSSTER_PROTECTION]\">\n            \n            <button name=\"submit\" type=\"submit\" class=\"passster-submit\" data-psid=\"ps-236\" data-post-id=\"448\" data-term-id=\"0\" \n                    data-submit=\"...Checking Password\" data-redirect=\"\">Freischalten\n            <\/button>\n            <div class=\"passster-error\"><\/div>\n        <\/fieldset>\n    <\/form>\n<\/div>\n\n<h3>3. Tour: Sesvenna &#8211; Uina Schlucht<\/h3>\n<p>&#8220;Rassige Dreil\u00e4ndertour im Dreil\u00e4ndereck. Die Tour fu\u0308hrt von Burgeis (IT) durch die Uinaschlucht nach Sur En (CH), u\u0308ber Martina\/Norbertsh\u00f6he (AT) zuru\u0308ck u\u0308ber den Reschenpass in den Vinschgau. \u00dcber die Landesstra\u00dfe von Schlinig zur Alp Planbell ging es noch auf Asphalt. Die Auffahrt von der Alm bis zur Sevennahu\u0308tte schaffen nur die wenigsten ohne vom Rad zu steigen und das Mountainbike zu schieben. (So auch ich) Ein wunderbarer Wasserfall und sch\u00f6ne Aussicht auf den Piz Sesvenn, Watles, uvm. bot sich dort oben. Auch das Wetter passte heute einigermassen. Ab der Sesvennahu\u0308tte beginnt der Trailspa\u00df. Ein l\u00e4ssiger Trail schl\u00e4ngelte sich<br \/>\nzum 100 m h\u00f6her liegenden Schlinigpass, bevor die Abfahrt bis zur Schlucht mir ein Grinsen ins Gesicht<br \/>\nzauberte. Auf den ersten Blick sieht der Einstieg zur Uinaschlucht angsteinfl\u00f6\u00dfend aus und man fragt sich:<br \/>\n\u201eWas haben die denn da gebaut? Und wie, warum, what the fuck???\u201c Alle paar Meter mu\u00dfte man anhalten um das &#8220;Surrounding&#8221; auf sich wirken zu lassen. \u00dcbermut und \u201eZeigen, was man kann\u201c ist die n\u00e4chsten 1000 m vollkommen fehl am Platz, denn wer hier hoch pokert, der ist weg vom Fleck. Am Ende der Schlucht lag<br \/>\neine lange Abfahrt bis Sur En vor mir. Von Sur En ging es \u00fcber den Skulpturen- und Fahrradweg nach<br \/>\nMartina. Die Auffahrt von Martina nach Nauders erfolgte u\u0308ber die Norbertsh\u00f6he. Ab Nauders fu\u0308hrte die<br \/>\nTour u\u0308ber den Fahrradweg zum Reschenpass und endete dort. Mein Shuttle schnappte mich auf dem Nachhauseweg dort auf. Zusammenfassend: Ein Mu\u00df f\u00fcr jeden Mountainbiker und eine Hauptader aller Alpencrosser. <a name=anfang href=#uina>(Bilder...)<\/a><\/p>\n<p>[pe2-image src=&#8221;http:\/\/lh4.ggpht.com\/-zUngxEjkKs0\/U_Mr-0sFuLI\/AAAAAAAASFA\/sDeT920xcZE\/s144-c-o\/20140816-114135-00584-_DSC5334_Screen.jpg&#8221; href=&#8221;https:\/\/picasaweb.google.com\/112885246866780528333\/16082014Uinaschlucht?authkey=Gv1sRgCPzQus2p_6fI2gE#6049227082784159922&#8243; caption=&#8221;&#8221; type=&#8221;image&#8221; alt=&#8221;20140816-114135-00584-_DSC5334_Screen.jpg&#8221; ]<\/p>\n<div class=\"passster-form\" id=\"ps-779\">\n    <form class=\"password-form\" method=\"post\" autocomplete=\"off\" target=\"_top\">\n        <span class=\"ps-form-headline\">Gesch\u00fctzter Bereich<\/span>\n        <div class=\"ps-form-instructions-wrap\">Dieser Inhalt ist passwortgesch\u00fctzt. Bitte gib dein Passwort ein um den Inhalt freizuschalten.<\/div>\n        <fieldset>\n            <span class=\"ps-loader\" style=\"display:none;\"><img decoding=\"async\" src=\"https:\/\/blog.sickculture.de\/wp-content\/plugins\/content-protector\/assets\/public\/ps-loader.svg\" alt=\"\" \/><\/span>\n            <label for=\"input-ps-779\" style=\"display:none;\" class=\"passster-hidden\">Trage dein Passwort ein<\/label>\n            <input placeholder=\"Gib dein Passwort ein..\" type=\"password\" tabindex=\"1\" name=\"passster_password\"\n                   id=\"input-ps-779\" class=\"passster-password\" autocomplete=\"off\"\n                   data-protection-type=\"password\" data-list=\"[PASSSTER_LIST]\" data-lists=\"[PASSSTER_LISTS]\" data-area=\"[PASSSTER_AREA]\"\n                   data-protection=\"[PASSSTER_PROTECTION]\">\n            \n            <button name=\"submit\" type=\"submit\" class=\"passster-submit\" data-psid=\"ps-779\" data-post-id=\"448\" data-term-id=\"0\" \n                    data-submit=\"...Checking Password\" data-redirect=\"\">Freischalten\n            <\/button>\n            <div class=\"passster-error\"><\/div>\n        <\/fieldset>\n    <\/form>\n<\/div>\n\n<h2>Fazit:<\/h2>\n<p><em><span style=\"text-decoration: underline;\">Auch wenn ich keinen Alpencross gefahren bin, standen zumindest einige Abschnitte davon auf meiner Vinschgau-3-Tagestour-Liste.<\/span><\/em><\/p>\n<p>&nbsp;<br \/>\nNicht von mir, aber passend zu meinem letzten Urlaub (gefunden auf mtbnews):<\/p>\n<p><iframe loading=\"lazy\" src=\"http:\/\/videos.mtb-news.de\/embed\/player\/37459\" allowfullscreen=\"allowfullscreen\" width=\"512\" height=\"288\" frameborder=\"0\"><\/iframe><\/p>\n<p><a href=\"http:\/\/videos.mtb-news.de\/37459\" target=\"_blank\" rel=\"noopener\">OPEN allroad &amp; allmountain BIKES<\/a><\/p>\n<hr>\n<p>&nbsp;<\/p>\n<p>Bilder:<\/p>\n<h3><a id=\"burgeis\"><\/a>Burgeis &#8211; Hotel &#8211; usw:<\/h3>\n<h6><a name=anfang href=#oben>(nach oben)<\/a><\/h6>\n\n\t\t<style type=\"text\/css\">\n\t\t\t#gallery-1 {\n\t\t\t\tmargin: auto;\n\t\t\t}\n\t\t\t#gallery-1 .gallery-item {\n\t\t\t\tfloat: left;\n\t\t\t\tmargin-top: 10px;\n\t\t\t\ttext-align: center;\n\t\t\t\twidth: 100%;\n\t\t\t}\n\t\t\t#gallery-1 img {\n\t\t\t\tborder: 2px solid #cfcfcf;\n\t\t\t}\n\t\t\t#gallery-1 .gallery-caption {\n\t\t\t\tmargin-left: 0;\n\t\t\t}\n\t\t\t\/* see gallery_shortcode() in wp-includes\/media.php *\/\n\t\t<\/style>\n\t\t<div id='gallery-1' class='gallery galleryid-448 gallery-columns-0 gallery-size-thumbnail'><dl class='gallery-item'>\n\t\t\t<dt class='gallery-icon landscape'>\n\t\t\t\t<a href='https:\/\/blog.sickculture.de\/?attachment_id=455'><img loading=\"lazy\" decoding=\"async\" width=\"150\" height=\"150\" src=\"https:\/\/blog.sickculture.de\/wp-content\/uploads\/2014\/08\/Logo_Vinschgau_D-300x180-150x150.jpg\" class=\"attachment-thumbnail size-thumbnail\" alt=\"\" \/><\/a>\n\t\t\t<\/dt><\/dl><dl class='gallery-item'>\n\t\t\t<dt class='gallery-icon landscape'>\n\t\t\t\t<a href='https:\/\/blog.sickculture.de\/?attachment_id=456'><img loading=\"lazy\" decoding=\"async\" width=\"150\" height=\"150\" src=\"https:\/\/blog.sickculture.de\/wp-content\/uploads\/2014\/08\/logo_vinschgaubike-150x150.png\" class=\"attachment-thumbnail size-thumbnail\" alt=\"\" \/><\/a>\n\t\t\t<\/dt><\/dl><dl class='gallery-item'>\n\t\t\t<dt class='gallery-icon landscape'>\n\t\t\t\t<a href='https:\/\/blog.sickculture.de\/?attachment_id=461'><img loading=\"lazy\" decoding=\"async\" width=\"150\" height=\"150\" src=\"https:\/\/blog.sickculture.de\/wp-content\/uploads\/2014\/08\/DSC5355-screen-150x150.jpg\" class=\"attachment-thumbnail size-thumbnail\" alt=\"\" \/><\/a>\n\t\t\t<\/dt><\/dl>\n\t\t<\/div>\n\n<p>&nbsp;<\/p>\n<h3><a id=\"umbrail\"><\/a>1. Tour: Umbrail &#8211; Bocchetta di Forcola &#8211; Val Mora<\/h3>\n<h6><a name=anfang href=#oben>(nach oben)<\/a><\/h6>\n\n\t\t<style type=\"text\/css\">\n\t\t\t#gallery-2 {\n\t\t\t\tmargin: auto;\n\t\t\t}\n\t\t\t#gallery-2 .gallery-item {\n\t\t\t\tfloat: left;\n\t\t\t\tmargin-top: 10px;\n\t\t\t\ttext-align: center;\n\t\t\t\twidth: 100%;\n\t\t\t}\n\t\t\t#gallery-2 img {\n\t\t\t\tborder: 2px solid #cfcfcf;\n\t\t\t}\n\t\t\t#gallery-2 .gallery-caption {\n\t\t\t\tmargin-left: 0;\n\t\t\t}\n\t\t\t\/* see gallery_shortcode() in wp-includes\/media.php *\/\n\t\t<\/style>\n\t\t<div id='gallery-2' class='gallery galleryid-448 gallery-columns-0 gallery-size-thumbnail'><dl class='gallery-item'>\n\t\t\t<dt class='gallery-icon landscape'>\n\t\t\t\t<a href='https:\/\/blog.sickculture.de\/?attachment_id=455'><img loading=\"lazy\" decoding=\"async\" width=\"150\" height=\"150\" src=\"https:\/\/blog.sickculture.de\/wp-content\/uploads\/2014\/08\/Logo_Vinschgau_D-300x180-150x150.jpg\" class=\"attachment-thumbnail size-thumbnail\" alt=\"\" \/><\/a>\n\t\t\t<\/dt><\/dl><dl class='gallery-item'>\n\t\t\t<dt class='gallery-icon landscape'>\n\t\t\t\t<a href='https:\/\/blog.sickculture.de\/?attachment_id=456'><img loading=\"lazy\" decoding=\"async\" width=\"150\" height=\"150\" src=\"https:\/\/blog.sickculture.de\/wp-content\/uploads\/2014\/08\/logo_vinschgaubike-150x150.png\" class=\"attachment-thumbnail size-thumbnail\" alt=\"\" \/><\/a>\n\t\t\t<\/dt><\/dl><dl class='gallery-item'>\n\t\t\t<dt class='gallery-icon landscape'>\n\t\t\t\t<a href='https:\/\/blog.sickculture.de\/?attachment_id=461'><img loading=\"lazy\" decoding=\"async\" width=\"150\" height=\"150\" src=\"https:\/\/blog.sickculture.de\/wp-content\/uploads\/2014\/08\/DSC5355-screen-150x150.jpg\" class=\"attachment-thumbnail size-thumbnail\" alt=\"\" \/><\/a>\n\t\t\t<\/dt><\/dl>\n\t\t<\/div>\n\n<p>&nbsp;<\/p>\n<h3><a id=\"madritsch\"><\/a>2. Tour: Madritschjoch<\/h3>\n<h6><a name=anfang href=#oben>(nach oben)<\/a><\/h6>\n\n\t\t<style type=\"text\/css\">\n\t\t\t#gallery-3 {\n\t\t\t\tmargin: auto;\n\t\t\t}\n\t\t\t#gallery-3 .gallery-item {\n\t\t\t\tfloat: left;\n\t\t\t\tmargin-top: 10px;\n\t\t\t\ttext-align: center;\n\t\t\t\twidth: 100%;\n\t\t\t}\n\t\t\t#gallery-3 img {\n\t\t\t\tborder: 2px solid #cfcfcf;\n\t\t\t}\n\t\t\t#gallery-3 .gallery-caption {\n\t\t\t\tmargin-left: 0;\n\t\t\t}\n\t\t\t\/* see gallery_shortcode() in wp-includes\/media.php *\/\n\t\t<\/style>\n\t\t<div id='gallery-3' class='gallery galleryid-448 gallery-columns-0 gallery-size-thumbnail'><dl class='gallery-item'>\n\t\t\t<dt class='gallery-icon landscape'>\n\t\t\t\t<a href='https:\/\/blog.sickculture.de\/?attachment_id=455'><img loading=\"lazy\" decoding=\"async\" width=\"150\" height=\"150\" src=\"https:\/\/blog.sickculture.de\/wp-content\/uploads\/2014\/08\/Logo_Vinschgau_D-300x180-150x150.jpg\" class=\"attachment-thumbnail size-thumbnail\" alt=\"\" \/><\/a>\n\t\t\t<\/dt><\/dl><dl class='gallery-item'>\n\t\t\t<dt class='gallery-icon landscape'>\n\t\t\t\t<a href='https:\/\/blog.sickculture.de\/?attachment_id=456'><img loading=\"lazy\" decoding=\"async\" width=\"150\" height=\"150\" src=\"https:\/\/blog.sickculture.de\/wp-content\/uploads\/2014\/08\/logo_vinschgaubike-150x150.png\" class=\"attachment-thumbnail size-thumbnail\" alt=\"\" \/><\/a>\n\t\t\t<\/dt><\/dl><dl class='gallery-item'>\n\t\t\t<dt class='gallery-icon landscape'>\n\t\t\t\t<a href='https:\/\/blog.sickculture.de\/?attachment_id=461'><img loading=\"lazy\" decoding=\"async\" width=\"150\" height=\"150\" src=\"https:\/\/blog.sickculture.de\/wp-content\/uploads\/2014\/08\/DSC5355-screen-150x150.jpg\" class=\"attachment-thumbnail size-thumbnail\" alt=\"\" \/><\/a>\n\t\t\t<\/dt><\/dl>\n\t\t<\/div>\n\n<p>&nbsp;<\/p>\n<h3><a id=\"uina\"><\/a>3. Tour: Sesvenna &#8211; Uina Schlucht<\/h3>\n<h6><a name=anfang href=#oben>(nach oben)<\/a><\/h6>\n<p>&nbsp;<\/p>\n\n\t\t<style type=\"text\/css\">\n\t\t\t#gallery-4 {\n\t\t\t\tmargin: auto;\n\t\t\t}\n\t\t\t#gallery-4 .gallery-item {\n\t\t\t\tfloat: left;\n\t\t\t\tmargin-top: 10px;\n\t\t\t\ttext-align: center;\n\t\t\t\twidth: 100%;\n\t\t\t}\n\t\t\t#gallery-4 img {\n\t\t\t\tborder: 2px solid #cfcfcf;\n\t\t\t}\n\t\t\t#gallery-4 .gallery-caption {\n\t\t\t\tmargin-left: 0;\n\t\t\t}\n\t\t\t\/* see gallery_shortcode() in wp-includes\/media.php *\/\n\t\t<\/style>\n\t\t<div id='gallery-4' class='gallery galleryid-448 gallery-columns-0 gallery-size-thumbnail'><dl class='gallery-item'>\n\t\t\t<dt class='gallery-icon landscape'>\n\t\t\t\t<a href='https:\/\/blog.sickculture.de\/?attachment_id=455'><img loading=\"lazy\" decoding=\"async\" width=\"150\" height=\"150\" src=\"https:\/\/blog.sickculture.de\/wp-content\/uploads\/2014\/08\/Logo_Vinschgau_D-300x180-150x150.jpg\" class=\"attachment-thumbnail size-thumbnail\" alt=\"\" \/><\/a>\n\t\t\t<\/dt><\/dl><dl class='gallery-item'>\n\t\t\t<dt class='gallery-icon landscape'>\n\t\t\t\t<a href='https:\/\/blog.sickculture.de\/?attachment_id=456'><img loading=\"lazy\" decoding=\"async\" width=\"150\" height=\"150\" src=\"https:\/\/blog.sickculture.de\/wp-content\/uploads\/2014\/08\/logo_vinschgaubike-150x150.png\" class=\"attachment-thumbnail size-thumbnail\" alt=\"\" \/><\/a>\n\t\t\t<\/dt><\/dl><dl class='gallery-item'>\n\t\t\t<dt class='gallery-icon landscape'>\n\t\t\t\t<a href='https:\/\/blog.sickculture.de\/?attachment_id=461'><img loading=\"lazy\" decoding=\"async\" width=\"150\" height=\"150\" src=\"https:\/\/blog.sickculture.de\/wp-content\/uploads\/2014\/08\/DSC5355-screen-150x150.jpg\" class=\"attachment-thumbnail size-thumbnail\" alt=\"\" \/><\/a>\n\t\t\t<\/dt><\/dl>\n\t\t<\/div>\n\n<p>[\/vc_column_text][\/vc_column][\/vc_row]<\/p>\n<\/section>","protected":false},"excerpt":{"rendered":"<p>[vc_row][vc_column][vc_column_text][pe2-image src=&#8221;http:\/\/lh4.ggpht.com\/-hwTJbwY7r9o\/U_MsN8aJ2gI\/AAAAAAAASPA\/QTC4sLUIgQo\/s144-c-o\/20140816-115440-00605-_DSC5355_Screen.jpg&#8221; href=&#8221;https:\/\/picasaweb.google.com\/112885246866780528333\/16082014Uinaschlucht?authkey=Gv1sRgCPzQus2p_6fI2gE#6049227342554454530&#8243; caption=&#8221;&#8221; type=&#8221;image&#8221; alt=&#8221;20140816-115440-00605-_DSC5355_Screen.jpg&#8221; ] VINSCHGAU &#8211; Urlaub in Burgeis 2014 13.-16.8.2014 Tourenklassiker im Obervinschgau &nbsp; Nachdem der Alpencross abgesagt wurde, die Unterkunft mit R\u00fccktransportm\u00f6glichkeit in Burgeis schon gebucht war, waren nun vier Tage Vinschgau angesagt. Fr\u00fch morgens mit Hoffnung auf sch\u00f6nstes Bikewetter gings \u00fcber den Fernpass gen \u2026 <a class=\"continue-reading-link\" href=\"https:\/\/blog.sickculture.de\/?page_id=448\"> Continue reading<\/a><\/p>\n","protected":false},"author":1,"featured_media":0,"parent":90,"menu_order":0,"comment_status":"closed","ping_status":"closed","template":"","meta":{"_s2mail":"yes","ngg_post_thumbnail":0,"footnotes":""},"categories":[10,4],"class_list":["post-448","page","type-page","status-publish","hentry","category-10","category-mountainbike"],"jetpack_shortlink":"https:\/\/wp.me\/P7EPUT-7e","jetpack_sharing_enabled":true,"_links":{"self":[{"href":"https:\/\/blog.sickculture.de\/index.php?rest_route=\/wp\/v2\/pages\/448","targetHints":{"allow":["GET"]}}],"collection":[{"href":"https:\/\/blog.sickculture.de\/index.php?rest_route=\/wp\/v2\/pages"}],"about":[{"href":"https:\/\/blog.sickculture.de\/index.php?rest_route=\/wp\/v2\/types\/page"}],"author":[{"embeddable":true,"href":"https:\/\/blog.sickculture.de\/index.php?rest_route=\/wp\/v2\/users\/1"}],"replies":[{"embeddable":true,"href":"https:\/\/blog.sickculture.de\/index.php?rest_route=%2Fwp%2Fv2%2Fcomments&post=448"}],"version-history":[{"count":26,"href":"https:\/\/blog.sickculture.de\/index.php?rest_route=\/wp\/v2\/pages\/448\/revisions"}],"predecessor-version":[{"id":1398,"href":"https:\/\/blog.sickculture.de\/index.php?rest_route=\/wp\/v2\/pages\/448\/revisions\/1398"}],"up":[{"embeddable":true,"href":"https:\/\/blog.sickculture.de\/index.php?rest_route=\/wp\/v2\/pages\/90"}],"wp:attachment":[{"href":"https:\/\/blog.sickculture.de\/index.php?rest_route=%2Fwp%2Fv2%2Fmedia&parent=448"}],"wp:term":[{"taxonomy":"category","embeddable":true,"href":"https:\/\/blog.sickculture.de\/index.php?rest_route=%2Fwp%2Fv2%2Fcategories&post=448"}],"curies":[{"name":"wp","href":"https:\/\/api.w.org\/{rel}","templated":true}]}}