{"id":499,"date":"2014-09-22T20:55:59","date_gmt":"2014-09-22T20:55:59","guid":{"rendered":"http:\/\/blog.sickculture.de\/?page_id=499"},"modified":"2019-02-13T18:15:00","modified_gmt":"2019-02-13T18:15:00","slug":"2014-09-saalbach-trailride","status":"publish","type":"page","link":"https:\/\/blog.sickculture.de\/?page_id=499","title":{"rendered":"2014.09 Saalbach Trailride"},"content":{"rendered":"<section class=\"wpb-content-wrapper\"><p>[vc_row][vc_column][vc_column_text][pe2-image src=&#8221;http:\/\/lh4.ggpht.com\/-zxrgyJAwfW4\/VCB-CE7HYDI\/AAAAAAAASds\/yERKlFOd13w\/s144-c-o\/20140919-152906-00109-_DSC5551_Screen.jpg&#8221; href=&#8221;https:\/\/picasaweb.google.com\/112885246866780528333\/201409SaalbachTrailride?authkey=Gv1sRgCIuqt9Crv76QmgE#6061983672587214898&#8243; caption=&#8221;&#8221; type=&#8221;image&#8221; alt=&#8221;20140919-152906-00109-_DSC5551_Screen.jpg&#8221; ]<\/p>\n<h1 style=\"text-align: center;\"><span style=\"color: #ff0000;\">Saalbach-Hinterglemm Trailride<\/span><\/h1>\n<h2 style=\"text-align: center;\">19.-21. September 2014<\/h2>\n<p>Diesmal stand mal etwas Spass im Vordergrund! 3 Tage im Eldorado der Freerider und Downhiller: Saalbach-Hinterglemm\/Leogang. Als mich Markus fragte, ob ich Bock h\u00e4tte ein abfahrtsorientiertes Wochenende im Hotspot des Downhills mit ihm und seinem Kumpel zu verbringen, war ich Feuer und Flamme. Ja, ich dachte, vielleicht k\u00f6nnen wir auch mal ein paar H\u00f6henmeter selber zur\u00fccklegen, aber die Versuchung der Infrastruktur hier ist einfach zu verlockend! D.h. gute dreiviertel der Strecken wurde mit den Liften absolviert und der Rest war dann mit eigener Muskelkraft zu bew\u00e4ltigen.<\/p>\n<p>Einen Tag vor unserer Tour sagte Markus\u00b4s Kumpel ab und wir waren nur noch zu zweit. Das Wetter f\u00fcr die drei Tage war mit einem Hoch vorhergesagt und die Unterkunft in Jausern sofort gebucht. Die Fam. Kressl bietet wirklich eine sehr gute Pension mit Fr\u00fchst\u00fcck und der JOKER Karte, die es erm\u00f6glicht, alle Lifte der Region kostenlos zu benutzen! Top Angebot des Tourismusveranstalters Saalbach-Hinterglemm. Ja sogar der Lift in Leogang war f\u00fcr eine Auffahrt kostenlos! Wir bekamen bei Fam. Kressl das gro\u00dfe Appartment mit zwei getrennten Schlafzimmer, einer K\u00fcche, Bad, separatem Zugang und einem gro\u00dfen Balkon mit herrlichem Blick ins Tal.<\/p>\n<p>Am Freitag buchten wir die JOKER Karte ab 12 Uhr mittags und diese war dann bis Sonntag 12:30 Uhr g\u00fcltig. Nach kurzem Bikecheck gings gleich hinter der Pension auf einem H\u00f6henverbindungsweg r\u00fcber zur Kohlmaisbahn. Die Gondel brachte uns gleich hoch zur Gipfelstation und wir folgtem dem Panoramatrail hin\u00fcber zum Ansitzkopf richtung Leogang. Dort gings gleich spassig den Hangman Trail runter nach Leogang. Dort war der UCI\/IXS Worldcup der Downhiller und wir schauten uns die Trainingsl\u00e4ufe der Jungs kurz an. Dann aber schnell wieder hoch zum Ansitzkopf-Gipfel und zur\u00fcck nach Saalbach. Dort gleich noch die Milka-Line mitgenommen und am sp\u00e4tem Nachmittag gings zur\u00fcck zu unserer Pension. Als Empfehlung f\u00fcr das leibliche Wohl kann ich den &#8220;Tyroler Buam&#8221; gegen\u00fcber der Sch\u00f6nleiten Bahn empfehlen. Dort gab\u00b4s lecker Holzofen Pizza.<\/p>\n<p>Am Samstag fuhren wir gleich morgens wieder \u00fcber den Radweg von Jausern nach Saalbach, um die erste Bahnfahrt zum Gipfel zu erreichen. Als erstes stand die Schattberg-Bahn auf dem Programm um den legend\u00e4ren Hacklberg-Trail zu fahren. Zuerst m\u00fcssen aber ca. 200hm mit eigener Kraft zum Westgipfel bew\u00e4ltigt werden. Die meisten werden diese Strapaze schiebend absolvieren. Oben ist der Trail noch flowig und im alpinen Gel\u00e4nde aber niemals schwer zu fahren.&nbsp; Ab der Hacklbergalm taucht der Trail langsam durch Waldst\u00fccke und Northshores hinunter ins Tal. Gute 1000hm feinster Trail mit unz\u00e4hligen Anliegern und Kurven. Danach gings mit der Reiterkogelbahn hoch um den zweiten Trail unter die Stollen zu nehmen: der Hochalm-Trail. Zuvor m\u00fcssen aber noch gute 500hm getreten werden. Hier ist man mal wieder alleine unterwegs im Alpinen Gel\u00e4nde. Der Trail ist der einzige von der nat\u00fcrlichen Art. Keine k\u00fcnstlich gebaggerten Kehren oder Br\u00fccken. Durch leichten Regenschauer war dieser auch sehr schlammig, rutschig und ausgewaschen. Aber sehr spassig! Dann fuhren wir mit der Zw\u00f6lferkogelbahn hoch um die Z-Line zu fahren. Und weil diese so geil war, gleich nochmal. Hier f\u00fchlt man sich wie eine Murmelkugel. Zick Kurven und Tables, Wallrides und wer\u00b4s will Jumps. Zwischenfazit: Genial!!! Dann folgte mit der Reiterkogelbahn der Transfer zur Blue-Line. Auch hier wieder sehr sch\u00f6n geshaptes Kurven. Danach ging\u00b4s wieder r\u00fcber zur Kohlmaisbahn und wir fuhren 2x hintereinander die Milkaline in extrem rasanter Art und Weise. Mit der letzten Gondel fuhren wir zur Gipfelstation der Kohlmaisbahn um die Abfahrt richtung Jausern zu nehmen. Dort kamen wir in ein Gewitter und sind von oben bis unten in Wasser getr\u00e4nkt an unserer Homebase angekommen. Unterm Strich: Hammergeiler und anstrengender Tag und man merkt schon langsam, dass man sich immer mehr zutraut, wie der Adrenalinschub einen schon fast waaghalsig werden l\u00e4sst und nat\u00fcrlich beginnen die Muskeln und Gelenke &#8220;Hallo&#8221; zu sagen.<\/p>\n<p>Der letzte Tag war also angebrochen und wir hatten bis 12:30 Uhr die JOKER-FOR-FREE Karte im Rucksack. Also hoch zum Hacklberg-Trail. Dieser machte in meinen Augen auch am meisten Spa\u00df! Am Sonntag waren die Specialized Enduro Series zu Gast ind Saalbach-Hinterglemm. Der obere Abschnitt (ca. 200m) war f\u00fcr uns Normalos gesperrt. Der Umweg folgte \u00fcber einen Wanderweg zum Hacklberg Trail Einstieg. Heute merkte man die zwei Tage zuvor. Man traut sich einfach mehr zu und das Tempo auf dem Trail nahm gewaltig zu! Eigentlich fuhren wir den Trail nochmals, weil Markus seine Uhr w\u00e4hrend einer Panne oben liegengelassen hat. Aber der Flow bei der ersten Abfahrt war einfach zu heftig und wir verpassten die Stelle und schossen gen Tal. Also: Nochmals hoch!!! Was soll\u00b4s, war ja so was von geil. Diesmal noch schneller und wir fanden sogar die Uhr! Und wie hei\u00dft es so sch\u00f6n: Alle guten Dinge sind drei! Soll hei\u00dfen: nochmals den Hacklberg Trail. Jetzt merkten wir aber, dass uns unsere Kraft verl\u00e4sst und dass die Bremsbel\u00e4ge langsam an St\u00e4rke verlierten. Und wie\u00b4s sein mu\u00dfte: Wir kamen wieder in einen Regenschauer bis wir am Auto waren.<\/p>\n<p>Bilanz: 2 Platten, defekte Vorderradbremse (repariert), gerisses Zugseil (repariert), verlorene Uhr (gefunden) und ein defektes, festgefressenes Pedalgewinde (leider nicht zu reparieren)<\/p>\n<p>Bilanz #2: geniales Wochenende mit fast 12.000 Tiefenmeter, davon ca. 3.000 H\u00f6henmeter gestrampelt.<\/p>\n<p>Tipp am Rande: Die JOKER-Karte wird es in dieser Form bis Ende 2015 noch geben. Dann gibt es neue Rahmenvertr\u00e4ge mit den Tourismusverb\u00e4nden, der Liftbetreiber und Hotels. (Tipp von Bahnmitarbeiter)<\/p>\n<p>[topswf swf=&#8217;http:\/\/blog.sickculture.de\/wp-content\/uploads\/2014\/09\/flash-Saalbach_banner_250x250.swf&#8217; width=&#8217;250&#8242; height=&#8217;250&#8242;&nbsp; quality=&#8217;best&#8217; wmode=&#8217;transparent&#8217; scale=&#8217;default&#8217; flashvars=&#8221; allowfullscreen=&#8217;false&#8217;]<\/p>\n<p><a href=\"http:\/\/blog.sickculture.de\/wp-content\/uploads\/2014\/09\/saalbachme-kohlmais-2014-09-26112-35-04.jpg\"><img loading=\"lazy\" decoding=\"async\" class=\"aligncenter wp-image-515 size-large\" src=\"http:\/\/blog.sickculture.de\/wp-content\/uploads\/2014\/09\/saalbachme-kohlmais-2014-09-26112-35-04-1024x768.jpg\" alt=\"saalbachme-kohlmais-2014-09-26112-35-04\" width=\"800\" height=\"600\" srcset=\"https:\/\/blog.sickculture.de\/wp-content\/uploads\/2014\/09\/saalbachme-kohlmais-2014-09-26112-35-04-1024x768.jpg 1024w, https:\/\/blog.sickculture.de\/wp-content\/uploads\/2014\/09\/saalbachme-kohlmais-2014-09-26112-35-04-300x225.jpg 300w, https:\/\/blog.sickculture.de\/wp-content\/uploads\/2014\/09\/saalbachme-kohlmais-2014-09-26112-35-04-200x150.jpg 200w, https:\/\/blog.sickculture.de\/wp-content\/uploads\/2014\/09\/saalbachme-kohlmais-2014-09-26112-35-04-150x112.jpg 150w, https:\/\/blog.sickculture.de\/wp-content\/uploads\/2014\/09\/saalbachme-kohlmais-2014-09-26112-35-04.jpg 1280w\" sizes=\"auto, (max-width: 800px) 100vw, 800px\" \/><\/a><\/p>\n<hr>\n<h3>1. Tag:<\/h3>\n<div class=\"passster-form\" id=\"ps-424\">\n    <form class=\"password-form\" method=\"post\" autocomplete=\"off\" target=\"_top\">\n        <span class=\"ps-form-headline\">Gesch\u00fctzter Bereich<\/span>\n        <div class=\"ps-form-instructions-wrap\">Dieser Inhalt ist passwortgesch\u00fctzt. Bitte gib dein Passwort ein um den Inhalt freizuschalten.<\/div>\n        <fieldset>\n            <span class=\"ps-loader\" style=\"display:none;\"><img decoding=\"async\" src=\"https:\/\/blog.sickculture.de\/wp-content\/plugins\/content-protector\/assets\/public\/ps-loader.svg\" alt=\"\" \/><\/span>\n            <label for=\"input-ps-424\" style=\"display:none;\" class=\"passster-hidden\">Trage dein Passwort ein<\/label>\n            <input placeholder=\"Gib dein Passwort ein..\" type=\"password\" tabindex=\"1\" name=\"passster_password\"\n                   id=\"input-ps-424\" class=\"passster-password\" autocomplete=\"off\"\n                   data-protection-type=\"password\" data-list=\"[PASSSTER_LIST]\" data-lists=\"[PASSSTER_LISTS]\" data-area=\"[PASSSTER_AREA]\"\n                   data-protection=\"[PASSSTER_PROTECTION]\">\n            \n            <button name=\"submit\" type=\"submit\" class=\"passster-submit\" data-psid=\"ps-424\" data-post-id=\"499\" data-term-id=\"0\" \n                    data-submit=\"...Checking Password\" data-redirect=\"\">Freischalten\n            <\/button>\n            <div class=\"passster-error\"><\/div>\n        <\/fieldset>\n    <\/form>\n<\/div>\n\n<h3>2. Tag:<\/h3>\n<div class=\"passster-form\" id=\"ps-174\">\n    <form class=\"password-form\" method=\"post\" autocomplete=\"off\" target=\"_top\">\n        <span class=\"ps-form-headline\">Gesch\u00fctzter Bereich<\/span>\n        <div class=\"ps-form-instructions-wrap\">Dieser Inhalt ist passwortgesch\u00fctzt. Bitte gib dein Passwort ein um den Inhalt freizuschalten.<\/div>\n        <fieldset>\n            <span class=\"ps-loader\" style=\"display:none;\"><img decoding=\"async\" src=\"https:\/\/blog.sickculture.de\/wp-content\/plugins\/content-protector\/assets\/public\/ps-loader.svg\" alt=\"\" \/><\/span>\n            <label for=\"input-ps-174\" style=\"display:none;\" class=\"passster-hidden\">Trage dein Passwort ein<\/label>\n            <input placeholder=\"Gib dein Passwort ein..\" type=\"password\" tabindex=\"1\" name=\"passster_password\"\n                   id=\"input-ps-174\" class=\"passster-password\" autocomplete=\"off\"\n                   data-protection-type=\"password\" data-list=\"[PASSSTER_LIST]\" data-lists=\"[PASSSTER_LISTS]\" data-area=\"[PASSSTER_AREA]\"\n                   data-protection=\"[PASSSTER_PROTECTION]\">\n            \n            <button name=\"submit\" type=\"submit\" class=\"passster-submit\" data-psid=\"ps-174\" data-post-id=\"499\" data-term-id=\"0\" \n                    data-submit=\"...Checking Password\" data-redirect=\"\">Freischalten\n            <\/button>\n            <div class=\"passster-error\"><\/div>\n        <\/fieldset>\n    <\/form>\n<\/div>\n\n<h3>3. Tag:<\/h3>\n<div class=\"passster-form\" id=\"ps-678\">\n    <form class=\"password-form\" method=\"post\" autocomplete=\"off\" target=\"_top\">\n        <span class=\"ps-form-headline\">Gesch\u00fctzter Bereich<\/span>\n        <div class=\"ps-form-instructions-wrap\">Dieser Inhalt ist passwortgesch\u00fctzt. Bitte gib dein Passwort ein um den Inhalt freizuschalten.<\/div>\n        <fieldset>\n            <span class=\"ps-loader\" style=\"display:none;\"><img decoding=\"async\" src=\"https:\/\/blog.sickculture.de\/wp-content\/plugins\/content-protector\/assets\/public\/ps-loader.svg\" alt=\"\" \/><\/span>\n            <label for=\"input-ps-678\" style=\"display:none;\" class=\"passster-hidden\">Trage dein Passwort ein<\/label>\n            <input placeholder=\"Gib dein Passwort ein..\" type=\"password\" tabindex=\"1\" name=\"passster_password\"\n                   id=\"input-ps-678\" class=\"passster-password\" autocomplete=\"off\"\n                   data-protection-type=\"password\" data-list=\"[PASSSTER_LIST]\" data-lists=\"[PASSSTER_LISTS]\" data-area=\"[PASSSTER_AREA]\"\n                   data-protection=\"[PASSSTER_PROTECTION]\">\n            \n            <button name=\"submit\" type=\"submit\" class=\"passster-submit\" data-psid=\"ps-678\" data-post-id=\"499\" data-term-id=\"0\" \n                    data-submit=\"...Checking Password\" data-redirect=\"\">Freischalten\n            <\/button>\n            <div class=\"passster-error\"><\/div>\n        <\/fieldset>\n    <\/form>\n<\/div>\n\n<hr>\n<p>Bilder:<\/p>\n\n\t\t<style type=\"text\/css\">\n\t\t\t#gallery-1 {\n\t\t\t\tmargin: auto;\n\t\t\t}\n\t\t\t#gallery-1 .gallery-item {\n\t\t\t\tfloat: left;\n\t\t\t\tmargin-top: 10px;\n\t\t\t\ttext-align: center;\n\t\t\t\twidth: 100%;\n\t\t\t}\n\t\t\t#gallery-1 img {\n\t\t\t\tborder: 2px solid #cfcfcf;\n\t\t\t}\n\t\t\t#gallery-1 .gallery-caption {\n\t\t\t\tmargin-left: 0;\n\t\t\t}\n\t\t\t\/* see gallery_shortcode() in wp-includes\/media.php *\/\n\t\t<\/style>\n\t\t<div id='gallery-1' class='gallery galleryid-499 gallery-columns-0 gallery-size-thumbnail'><dl class='gallery-item'>\n\t\t\t<dt class='gallery-icon landscape'>\n\t\t\t\t<a href='https:\/\/blog.sickculture.de\/?attachment_id=515'><img loading=\"lazy\" decoding=\"async\" width=\"150\" height=\"150\" src=\"https:\/\/blog.sickculture.de\/wp-content\/uploads\/2014\/09\/saalbachme-kohlmais-2014-09-26112-35-04-150x150.jpg\" class=\"attachment-thumbnail size-thumbnail\" alt=\"\" \/><\/a>\n\t\t\t<\/dt><\/dl>\n\t\t<\/div>\n\n<p>[\/vc_column_text][\/vc_column][\/vc_row]<\/p>\n<\/section>","protected":false},"excerpt":{"rendered":"<p>[vc_row][vc_column][vc_column_text][pe2-image src=&#8221;http:\/\/lh4.ggpht.com\/-zxrgyJAwfW4\/VCB-CE7HYDI\/AAAAAAAASds\/yERKlFOd13w\/s144-c-o\/20140919-152906-00109-_DSC5551_Screen.jpg&#8221; href=&#8221;https:\/\/picasaweb.google.com\/112885246866780528333\/201409SaalbachTrailride?authkey=Gv1sRgCIuqt9Crv76QmgE#6061983672587214898&#8243; caption=&#8221;&#8221; type=&#8221;image&#8221; alt=&#8221;20140919-152906-00109-_DSC5551_Screen.jpg&#8221; ] Saalbach-Hinterglemm Trailride 19.-21. September 2014 Diesmal stand mal etwas Spass im Vordergrund! 3 Tage im Eldorado der Freerider und Downhiller: Saalbach-Hinterglemm\/Leogang. Als mich Markus fragte, ob ich Bock h\u00e4tte ein abfahrtsorientiertes Wochenende im Hotspot des Downhills mit ihm und seinem Kumpel zu verbringen, \u2026 <a class=\"continue-reading-link\" href=\"https:\/\/blog.sickculture.de\/?page_id=499\"> Continue reading<\/a><\/p>\n","protected":false},"author":1,"featured_media":0,"parent":90,"menu_order":0,"comment_status":"closed","ping_status":"closed","template":"","meta":{"_s2mail":"yes","ngg_post_thumbnail":0,"footnotes":""},"categories":[10,4],"class_list":["post-499","page","type-page","status-publish","hentry","category-10","category-mountainbike"],"jetpack_shortlink":"https:\/\/wp.me\/P7EPUT-83","jetpack_sharing_enabled":true,"_links":{"self":[{"href":"https:\/\/blog.sickculture.de\/index.php?rest_route=\/wp\/v2\/pages\/499","targetHints":{"allow":["GET"]}}],"collection":[{"href":"https:\/\/blog.sickculture.de\/index.php?rest_route=\/wp\/v2\/pages"}],"about":[{"href":"https:\/\/blog.sickculture.de\/index.php?rest_route=\/wp\/v2\/types\/page"}],"author":[{"embeddable":true,"href":"https:\/\/blog.sickculture.de\/index.php?rest_route=\/wp\/v2\/users\/1"}],"replies":[{"embeddable":true,"href":"https:\/\/blog.sickculture.de\/index.php?rest_route=%2Fwp%2Fv2%2Fcomments&post=499"}],"version-history":[{"count":14,"href":"https:\/\/blog.sickculture.de\/index.php?rest_route=\/wp\/v2\/pages\/499\/revisions"}],"predecessor-version":[{"id":1399,"href":"https:\/\/blog.sickculture.de\/index.php?rest_route=\/wp\/v2\/pages\/499\/revisions\/1399"}],"up":[{"embeddable":true,"href":"https:\/\/blog.sickculture.de\/index.php?rest_route=\/wp\/v2\/pages\/90"}],"wp:attachment":[{"href":"https:\/\/blog.sickculture.de\/index.php?rest_route=%2Fwp%2Fv2%2Fmedia&parent=499"}],"wp:term":[{"taxonomy":"category","embeddable":true,"href":"https:\/\/blog.sickculture.de\/index.php?rest_route=%2Fwp%2Fv2%2Fcategories&post=499"}],"curies":[{"name":"wp","href":"https:\/\/api.w.org\/{rel}","templated":true}]}}