{"id":528,"date":"2014-10-06T23:56:51","date_gmt":"2014-10-06T23:56:51","guid":{"rendered":"http:\/\/blog.sickculture.de\/?page_id=528"},"modified":"2019-02-13T18:33:42","modified_gmt":"2019-02-13T18:33:42","slug":"2014-10-vinschgau-tablandnaturns","status":"publish","type":"page","link":"https:\/\/blog.sickculture.de\/?page_id=528","title":{"rendered":"2014.10 Vinschgau Tabland\/Naturns"},"content":{"rendered":"<section class=\"wpb-content-wrapper\"><p>[vc_row][vc_column][vc_column_text]<a id=\"oben\"><\/a>[pe2-image src=&#8221;http:\/\/lh6.ggpht.com\/-vHCcOV2Ul2E\/VDMaJp2IxnI\/AAAAAAAATGk\/GZgXb9JIxG8\/s144-c-o\/20140929-161101-00030-_DSC5685_Screen.jpg&#8221; href=&#8221;https:\/\/picasaweb.google.com\/112885246866780528333\/20140929_TablanderAlmOtziTrail?authkey=Gv1sRgCOepwOCVvMz7CA#6067221876152256114&#8243; caption=&#8221;&#8221; type=&#8221;image&#8221; alt=&#8221;20140929-161101-00030-_DSC5685_Screen.jpg&#8221; ]<\/p>\n<h1 style=\"text-align: center;\"><span style=\"color: #0000ff;\">Vinschgau &#8211; Tabland\/Naturns<\/span><\/h1>\n<h2 style=\"text-align: center;\">29.9. bis 3.10.2014<\/h2>\n<p><img loading=\"lazy\" decoding=\"async\" class=\"aligncenter size-full wp-image-456\" src=\"http:\/\/blog.sickculture.de\/wp-content\/uploads\/2014\/08\/logo_vinschgaubike.png\" alt=\"logo_vinschgaubike\" width=\"255\" height=\"180\" srcset=\"https:\/\/blog.sickculture.de\/wp-content\/uploads\/2014\/08\/logo_vinschgaubike.png 255w, https:\/\/blog.sickculture.de\/wp-content\/uploads\/2014\/08\/logo_vinschgaubike-212x150.png 212w, https:\/\/blog.sickculture.de\/wp-content\/uploads\/2014\/08\/logo_vinschgaubike-150x105.png 150w\" sizes=\"auto, (max-width: 255px) 100vw, 255px\" \/><\/p>\n<p>Zum zweiten Mal in diesem Jahr fuhr ich zusammen mit meinen Eltern und unserem Labradudel Paul ins Vinschgau. Diesmal das untere Vinschgau, das an das Meraner Land angrenzt. Aufgrund der W\u00e4rme bis tief in den Herbst rein war das die richtige Entscheidung. Also gings \u00fcber den Fernpass gen S\u00fcden und wir erreichten schon vormittags unsere Pension in Tabland &#8211; ein kleiner 320 Einwohner Ort in der Gemeinde Naturns. Mein Zimmer bot auf dem Balkon einen herrlichen Blick auf den Gletscher des Samnaun, auf das Schlo\u00df Juval und nat\u00fcrlich \u00fcber das Apfelreiche Vinschgau.<\/p>\n<p>Nicht lange gefackelt und die Klamotten gewechselt. Schlie\u00dflich bin ich ja zum Biken hier! Meine erste Route f\u00fchrte mich nach kurzem Tourencheck zur Tablander Alm. Diese Tour wurde vom Bike Magazin als Trailtour beschrieben, deren Schmankerl sich ein wenig Zeit l\u00e4sst. Zuerst mu\u00dften ca. 1250hm \u00fcberwunden werden. Gleich hinter unserer Pension folgte ich der steilen Stra\u00dfe, um den Toureneinstieg in der zweiten Uphillkurve von Naturns kommend zu kreuzen. Die Stra\u00dfe wurde wenig sp\u00e4ter zum Forstweg und nach kurzer entspannter Tretterei fuhr ich eine &#8220;sackrisch-steile&#8221; Rampe hoch zur Hauptroute. Diese Rampe ist normalerweise ein Teil des Lupo Trail &#8211; aber bergab! Dann war wieder gem\u00fctliches Bergauftreten angesagt und schlie\u00dflich erreichte ich die Tablander Alm inmitten einer umwaldeten Berglandschaft mit freilaufenden Schweinen. Nach ein paar Fotos machte ich mich rasch auf und rollte hinter der Alm auf einem Panoramaweg Richtung Osten der Beschilderung &#8220;\u00d6tzi-Trail&#8221; entgegen, den ich schon bald darauf antraf. Also noch schnell die Protektoren angelegt und dann rasch rein in das Vergn\u00fcgen. Naja &#8211; Schwierigkeitsstufe S2 bis S3 waren angesagt! Und noch dazu mit leicht rutschigem Untergrund und noch arbeiteten Forstarbeitern, die den Hang bewirtschafteten. Kurz mu\u00dfte ich das Bike \u00fcber B\u00e4ume und \u00c4ste tragen, dann rauschte ich dem Tal entgegen. Auf der Karte ist dieser Trail als Weg Nr. 5 eingezeichnet. Unterm Strich ein sch\u00f6ner Start in die &#8220;Trailwoche&#8221;! <a name=anfang href=#1>(Bilder...)<\/a><\/p>\n<div class=\"passster-form\" id=\"ps-724\">\n    <form class=\"password-form\" method=\"post\" autocomplete=\"off\" target=\"_top\">\n        <span class=\"ps-form-headline\">Gesch\u00fctzter Bereich<\/span>\n        <div class=\"ps-form-instructions-wrap\">Dieser Inhalt ist passwortgesch\u00fctzt. Bitte gib dein Passwort ein um den Inhalt freizuschalten.<\/div>\n        <fieldset>\n            <span class=\"ps-loader\" style=\"display:none;\"><img decoding=\"async\" src=\"https:\/\/blog.sickculture.de\/wp-content\/plugins\/content-protector\/assets\/public\/ps-loader.svg\" alt=\"\" \/><\/span>\n            <label for=\"input-ps-724\" style=\"display:none;\" class=\"passster-hidden\">Trage dein Passwort ein<\/label>\n            <input placeholder=\"Gib dein Passwort ein..\" type=\"password\" tabindex=\"1\" name=\"passster_password\"\n                   id=\"input-ps-724\" class=\"passster-password\" autocomplete=\"off\"\n                   data-protection-type=\"password\" data-list=\"[PASSSTER_LIST]\" data-lists=\"[PASSSTER_LISTS]\" data-area=\"[PASSSTER_AREA]\"\n                   data-protection=\"[PASSSTER_PROTECTION]\">\n            \n            <button name=\"submit\" type=\"submit\" class=\"passster-submit\" data-psid=\"ps-724\" data-post-id=\"528\" data-term-id=\"0\" \n                    data-submit=\"...Checking Password\" data-redirect=\"\">Freischalten\n            <\/button>\n            <div class=\"passster-error\"><\/div>\n        <\/fieldset>\n    <\/form>\n<\/div>\n\n<p>Am zweiten Tag wollte ich die K\u00f6nigstour \u00fcbers Eisj\u00f6chl starten &#8211; naja, so war der Plan. Aber mein Pensionswirt meinte, es w\u00e4re Schnee dort oben (ich wurde am letzten Tag eines besseren belehrt!). Darum eine kurze Umplanung: K\u00f6nigstour Nr. 2. Die Panoramarunde zum G\u00f6flaner Marmorbruch. &#8220;Satte 1520 H\u00f6henmeter stehen nach dem Anstieg zum Steinbruch von G\u00f6flan auf dem Tacho. Doch nicht nur der dort gewonnene Marmor, auch die Trails bergab sind vom Feinsten.&#8221; So hie\u00df es in der Beschreibung. Ich wertete das ganze noch auf, aber dazu sp\u00e4ter. Zuerst ging es gute 1300hm anspruchsvoll, aber gut fahrbar auf Asphalt, sp\u00e4ter auf Schotterweg &#8211; nein, besser gesagt auf Marmorschottbruch &#8211; bergauf. Der Marmor ist im \u00dcberflu\u00df vorhanden, deshalb wurde der Schotterweg mit Marmorkiesel befestigt. Mal was anderes und irgendwie ein verr\u00fccktes Gef\u00fchl. Schon bald erreichte ich die Kantine des Bergbaus und deren Station. Leider ist das Betreten des Gel\u00e4nde verboten und ich fuhr nach wenigen Minuten bergab zur G\u00f6flaner Alm. Gut gest\u00e4rkt machte ich mich dann nachmittags auf meine Strecken\u00e4nderung auf. Auf dem Weg bergab besteht die M\u00f6glichkeit, den &#8220;Holy Hansen Trail&#8221; mitzunehmen. Dieser Trail wurde von vinschgauBike k\u00fcnstlich angelegt und serviert Flow pur. Jede Kurve ist sehr flowig zu nehmen, auf den Geraden wechseln sich Wellen und kleine Jumps ab und das einzige was einen zum Anhalten zwinkt, ist das Schmerzen der Arme vom Bremsen. Was soll ich sagen: &#8220;Dauergrinsmodus&#8221;!!! <a name=anfang href=#2>(Bilder...)<\/a><\/p>\n<div class=\"passster-form\" id=\"ps-286\">\n    <form class=\"password-form\" method=\"post\" autocomplete=\"off\" target=\"_top\">\n        <span class=\"ps-form-headline\">Gesch\u00fctzter Bereich<\/span>\n        <div class=\"ps-form-instructions-wrap\">Dieser Inhalt ist passwortgesch\u00fctzt. Bitte gib dein Passwort ein um den Inhalt freizuschalten.<\/div>\n        <fieldset>\n            <span class=\"ps-loader\" style=\"display:none;\"><img decoding=\"async\" src=\"https:\/\/blog.sickculture.de\/wp-content\/plugins\/content-protector\/assets\/public\/ps-loader.svg\" alt=\"\" \/><\/span>\n            <label for=\"input-ps-286\" style=\"display:none;\" class=\"passster-hidden\">Trage dein Passwort ein<\/label>\n            <input placeholder=\"Gib dein Passwort ein..\" type=\"password\" tabindex=\"1\" name=\"passster_password\"\n                   id=\"input-ps-286\" class=\"passster-password\" autocomplete=\"off\"\n                   data-protection-type=\"password\" data-list=\"[PASSSTER_LIST]\" data-lists=\"[PASSSTER_LISTS]\" data-area=\"[PASSSTER_AREA]\"\n                   data-protection=\"[PASSSTER_PROTECTION]\">\n            \n            <button name=\"submit\" type=\"submit\" class=\"passster-submit\" data-psid=\"ps-286\" data-post-id=\"528\" data-term-id=\"0\" \n                    data-submit=\"...Checking Password\" data-redirect=\"\">Freischalten\n            <\/button>\n            <div class=\"passster-error\"><\/div>\n        <\/fieldset>\n    <\/form>\n<\/div>\n\n<p>Der Tag Nummer drei war mit Regen vorhergesagt. Lange \u00fcberlegte ich morgens w\u00e4hrend dem Fr\u00fchst\u00fcck ob ich Biken oder Wandern soll. Ich entschlo\u00df mich mein Bike gegen die Wanderschuhe zu tauschen und wir fuhren zusammen ein gutes St\u00fcck zum Wanderparkplatz der Naturnser Alm hoch. Sehr kriminell auf einer &#8220;Einbahnstra\u00dfe&#8221; fuhren wir unz\u00e4hlige Serpentinen im Nebel und Nieselregen hoch. Am Parkplatz angekommen liefen wir \u00fcber Fortwege und Wandersteig hoch zur Naturnser Alm. Dort war nicht viel geboten, aber wie bekamen was leckeres zu essen und machten uns nach der Rast weiter auf dem Panoramaweg \u00fcber Zetnalm zur Mausloch Alm. Ein herrlicher Wanderweg im bergauf-bergab ohne eine Menschenseele! Zur\u00fcck gings wieder \u00fcber Schotterwege zum Auto. Wir haben das Beste aus dem tr\u00fcben Tag gemacht und hatten sogar Gl\u00fcck, dass es nicht geregnet hat. Kurz blinzelte sogar die Sonne raus. <a name=anfang href=#3>(Bilder...)<\/a><\/p>\n<p>Am vorletzten Tag Nr. 4 wurde sch\u00f6nes Wetter vorhergesagt und ich nahm wieder mein Bike unter den Hintern. Aus dem Bike Magazin w\u00e4hlte ich dasselbe Etappenziel wie am Vortag aus und fuhr nochmals auf demselben Weg hoch zur Naturnser Alm; nur diesmal mit eigener Kraft direkt von der Pension. Gem\u00fctliche 1400hm am St\u00fcck mit durchschnittlich 8 Prozent Steigung. Oben traf ich einen Leidensgenosse und wir fuhren die letzten 200hm zusammen hoch. Zusammen st\u00e4rkten wir unsere M\u00e4gen mit Pasta und Radler. Die Naturnser Alm ist ein beliebtes Ausflugsziel im Meraner Land, da die Aschbach-Gondel und die Vigiljoch Bahn viele Wanderer im Minutentakt hochschuffieren. Durchschnittlich 250 G\u00e4ste am Tag sind auf der Naturnser Alm im Sommer keine Seltenheit. Aufgrund dieser Thematik hat sich der Tourismusverband dazu entschlossen auch hier Zeitregelungen f\u00fcr die Benutzung der Wege einzuf\u00fchren. D.h. ab 15 Uhr konnte ich den Downhill \u00fcber den alten Steinbruch (Stoanbruch Trail) in Angriff nehmen. Die Route folgte nun von der Naturnser Alm hin\u00fcber \u00fcber den Weg Nr. 9 zum Vigiljoch und Schwarze Lacke zum Gasthof Seeblick. Direkt am Gasthof folgte ich der Beschilderung &#8220;Stoanbruch Trail&#8221;. Anfangs ein relativ einfacher Trail durch den Wald. Ich dachte schon: war das alles? Ab dem Steinbruch wurde es anspruchsvoller und ger\u00f6lliger. Aber nicht wirklich schwer zu fahren (S2-S3 waren angegeben). Zur\u00fcck gings von Rabland auf dem Vinschgauradweg zur Pension in Tabland. <a name=anfang href=#4>(Bilder...)<\/a><\/p>\n<div class=\"passster-form\" id=\"ps-200\">\n    <form class=\"password-form\" method=\"post\" autocomplete=\"off\" target=\"_top\">\n        <span class=\"ps-form-headline\">Gesch\u00fctzter Bereich<\/span>\n        <div class=\"ps-form-instructions-wrap\">Dieser Inhalt ist passwortgesch\u00fctzt. Bitte gib dein Passwort ein um den Inhalt freizuschalten.<\/div>\n        <fieldset>\n            <span class=\"ps-loader\" style=\"display:none;\"><img decoding=\"async\" src=\"https:\/\/blog.sickculture.de\/wp-content\/plugins\/content-protector\/assets\/public\/ps-loader.svg\" alt=\"\" \/><\/span>\n            <label for=\"input-ps-200\" style=\"display:none;\" class=\"passster-hidden\">Trage dein Passwort ein<\/label>\n            <input placeholder=\"Gib dein Passwort ein..\" type=\"password\" tabindex=\"1\" name=\"passster_password\"\n                   id=\"input-ps-200\" class=\"passster-password\" autocomplete=\"off\"\n                   data-protection-type=\"password\" data-list=\"[PASSSTER_LIST]\" data-lists=\"[PASSSTER_LISTS]\" data-area=\"[PASSSTER_AREA]\"\n                   data-protection=\"[PASSSTER_PROTECTION]\">\n            \n            <button name=\"submit\" type=\"submit\" class=\"passster-submit\" data-psid=\"ps-200\" data-post-id=\"528\" data-term-id=\"0\" \n                    data-submit=\"...Checking Password\" data-redirect=\"\">Freischalten\n            <\/button>\n            <div class=\"passster-error\"><\/div>\n        <\/fieldset>\n    <\/form>\n<\/div>\n\n<p>Alles hat ein Ende: Am letzten Tag des Urlaubs in Trabland wollte ich noch soviel machen, aber die Wahl fiel auf den Sonnenberg gegen\u00fcber. Im Internet wurde ich auf den &#8220;Vinschgau Cross am Sonnenberg&#8221; f\u00fcndig. H\u00f6rt sich easy an&#8230; Also morgens gleich rauf aufs Bike und \u00fcber den Radweg nach Kastelbel. Ab hier m\u00fcssen ca. 1000hm auf einer gut ausgebauten Asphaltstra\u00dfe hoch zur St. Martin Bergstation getreten werden. Wer will, kann auch mit der Gondel hoch, aber das Hochtreten ist doch Ehrensache! Das dachten sich auch viele andere Biker und somit fuhr ich im st\u00e4ndiger Begleitung Gleichgesinnter bergauf und erreichte nach 2 Std. den Vinschgauer H\u00f6henweg. Dieser ist ab 14 Uhr f\u00fcr Biker freigegeben. Ich befuhr diesen eine halbe Stunde fr\u00fcher, hatte aber keine Probleme mit Wanderer. Im Gegenteil; die meisten waren freundlich und redseelig. Der H\u00f6henweg ist wirklich atemberaubend und verl\u00e4uft auf einer Gerade von Osten nach Westen am Hang des Sonnenbergs gegen\u00fcber dem Ortler, den man von dort \u00fcber das Martelltal erblickt. Nach gef\u00fchlten 3-4 Kilometern \u00e4ndert sich der Charakter des Wegs, der bis jetzt einem Handtuchbreiten Weg folgte. Die Downhillpassagen sind definitiv anspruchsvoll. \u00dcber Abs\u00e4tze, lockerem Untergrund, querlaufende Wurzeln oder engen Spitzkehren mu\u00df das Bike beherzt fortbeweg werden. Hier zahlt sich Federweg und Fahrtechnik aus. Wenn ich nur das Hinterradversetzen k\u00f6nnte, dann w\u00e4re die &#8220;Welt&#8221; einfacher. Deshalb war f\u00fcr mich abundzu mal Bikeumsetzen runter vom Bike notwendig. Die letzten Kehren nach Goldrain sind dann nochmals heftig! Ein Feeling ala Gardasee: oben flowig und unten anspruchsvoll. Zur\u00fcck gings wieder \u00fcber den Radweg nach Tabland. <a name=anfang href=#5>(Bilder...)<\/a><\/p>\n<div class=\"passster-form\" id=\"ps-845\">\n    <form class=\"password-form\" method=\"post\" autocomplete=\"off\" target=\"_top\">\n        <span class=\"ps-form-headline\">Gesch\u00fctzter Bereich<\/span>\n        <div class=\"ps-form-instructions-wrap\">Dieser Inhalt ist passwortgesch\u00fctzt. Bitte gib dein Passwort ein um den Inhalt freizuschalten.<\/div>\n        <fieldset>\n            <span class=\"ps-loader\" style=\"display:none;\"><img decoding=\"async\" src=\"https:\/\/blog.sickculture.de\/wp-content\/plugins\/content-protector\/assets\/public\/ps-loader.svg\" alt=\"\" \/><\/span>\n            <label for=\"input-ps-845\" style=\"display:none;\" class=\"passster-hidden\">Trage dein Passwort ein<\/label>\n            <input placeholder=\"Gib dein Passwort ein..\" type=\"password\" tabindex=\"1\" name=\"passster_password\"\n                   id=\"input-ps-845\" class=\"passster-password\" autocomplete=\"off\"\n                   data-protection-type=\"password\" data-list=\"[PASSSTER_LIST]\" data-lists=\"[PASSSTER_LISTS]\" data-area=\"[PASSSTER_AREA]\"\n                   data-protection=\"[PASSSTER_PROTECTION]\">\n            \n            <button name=\"submit\" type=\"submit\" class=\"passster-submit\" data-psid=\"ps-845\" data-post-id=\"528\" data-term-id=\"0\" \n                    data-submit=\"...Checking Password\" data-redirect=\"\">Freischalten\n            <\/button>\n            <div class=\"passster-error\"><\/div>\n        <\/fieldset>\n    <\/form>\n<\/div>\n\n<p><strong>Fazit: ich komme wieder&#8230; GRINS &#8211; die Auswahl an Touren und Trails im Vinschgau sind unersch\u00f6pflich. Egal ob H\u00f6henmeterfresser oder Tiefenmetervernichter &#8211; hier ist alles machbar!<\/strong><\/p>\n<hr>\n<h4>Bilder:<\/h4>\n<p><a id=\"1\"><\/a><strong>Tag 1: 2014-09-29_Tablander Alm &#8211; \u00d6tziTrail<\/strong><\/p>\n<h6><a name=anfang href=#oben>(nach oben)<\/a><\/h6>\n\n<p><a id=\"2\"><\/a><strong>Tag 2: 2014-09-30_G\u00f6flaner Marmor &#8211; Holy Hansen<\/strong><\/p>\n<h6><a name=anfang href=#oben>(nach oben)<\/a><\/h6>\n\n<p><a id=\"3\"><\/a><strong>Tag 3: 2014-10-01_Wandern Naturnser Alm<\/strong><\/p>\n<h6><a name=anfang href=#oben>(nach oben)<\/a><\/h6>\n\n<p><a id=\"4\"><\/a><strong>Tag 4: 2014-10-02_Naturnser Alm &#8211; Stoanbruch Trail<\/strong><\/p>\n<h6><a name=anfang href=#oben>(nach oben)<\/a><\/h6>\n\n<p><a id=\"5\"><\/a><strong>Tag 5: 2014-10-03_Vinschgau Sonnenberg Cross<\/strong><\/p>\n<h6><a name=anfang href=#oben>(nach oben)<\/a><\/h6>\n\n<p>[\/vc_column_text][\/vc_column][\/vc_row]<\/p>\n<\/section>","protected":false},"excerpt":{"rendered":"<p>[vc_row][vc_column][vc_column_text][pe2-image src=&#8221;http:\/\/lh6.ggpht.com\/-vHCcOV2Ul2E\/VDMaJp2IxnI\/AAAAAAAATGk\/GZgXb9JIxG8\/s144-c-o\/20140929-161101-00030-_DSC5685_Screen.jpg&#8221; href=&#8221;https:\/\/picasaweb.google.com\/112885246866780528333\/20140929_TablanderAlmOtziTrail?authkey=Gv1sRgCOepwOCVvMz7CA#6067221876152256114&#8243; caption=&#8221;&#8221; type=&#8221;image&#8221; alt=&#8221;20140929-161101-00030-_DSC5685_Screen.jpg&#8221; ] Vinschgau &#8211; Tabland\/Naturns 29.9. bis 3.10.2014 Zum zweiten Mal in diesem Jahr fuhr ich zusammen mit meinen Eltern und unserem Labradudel Paul ins Vinschgau. Diesmal das untere Vinschgau, das an das Meraner Land angrenzt. Aufgrund der W\u00e4rme bis tief in den Herbst rein \u2026 <a class=\"continue-reading-link\" href=\"https:\/\/blog.sickculture.de\/?page_id=528\"> Continue reading<\/a><\/p>\n","protected":false},"author":1,"featured_media":0,"parent":90,"menu_order":0,"comment_status":"closed","ping_status":"closed","template":"","meta":{"_s2mail":"yes","ngg_post_thumbnail":0,"footnotes":""},"categories":[10,4],"class_list":["post-528","page","type-page","status-publish","hentry","category-10","category-mountainbike"],"jetpack_shortlink":"https:\/\/wp.me\/P7EPUT-8w","jetpack_sharing_enabled":true,"_links":{"self":[{"href":"https:\/\/blog.sickculture.de\/index.php?rest_route=\/wp\/v2\/pages\/528","targetHints":{"allow":["GET"]}}],"collection":[{"href":"https:\/\/blog.sickculture.de\/index.php?rest_route=\/wp\/v2\/pages"}],"about":[{"href":"https:\/\/blog.sickculture.de\/index.php?rest_route=\/wp\/v2\/types\/page"}],"author":[{"embeddable":true,"href":"https:\/\/blog.sickculture.de\/index.php?rest_route=\/wp\/v2\/users\/1"}],"replies":[{"embeddable":true,"href":"https:\/\/blog.sickculture.de\/index.php?rest_route=%2Fwp%2Fv2%2Fcomments&post=528"}],"version-history":[{"count":13,"href":"https:\/\/blog.sickculture.de\/index.php?rest_route=\/wp\/v2\/pages\/528\/revisions"}],"predecessor-version":[{"id":1405,"href":"https:\/\/blog.sickculture.de\/index.php?rest_route=\/wp\/v2\/pages\/528\/revisions\/1405"}],"up":[{"embeddable":true,"href":"https:\/\/blog.sickculture.de\/index.php?rest_route=\/wp\/v2\/pages\/90"}],"wp:attachment":[{"href":"https:\/\/blog.sickculture.de\/index.php?rest_route=%2Fwp%2Fv2%2Fmedia&parent=528"}],"wp:term":[{"taxonomy":"category","embeddable":true,"href":"https:\/\/blog.sickculture.de\/index.php?rest_route=%2Fwp%2Fv2%2Fcategories&post=528"}],"curies":[{"name":"wp","href":"https:\/\/api.w.org\/{rel}","templated":true}]}}