{"id":548,"date":"2014-10-26T22:14:25","date_gmt":"2014-10-26T22:14:25","guid":{"rendered":"http:\/\/blog.sickculture.de\/?page_id=548"},"modified":"2019-02-13T18:25:04","modified_gmt":"2019-02-13T18:25:04","slug":"2014-10-kaltern-bikedays","status":"publish","type":"page","link":"https:\/\/blog.sickculture.de\/?page_id=548","title":{"rendered":"2014.10 Kaltern Bikedays"},"content":{"rendered":"<section class=\"wpb-content-wrapper\"><p>[vc_row][vc_column][vc_column_text]<a id=\"oben\"><\/a>[pe2-image src=&#8221;http:\/\/lh5.ggpht.com\/-WEzZrk53kDE\/VE1n521cYTI\/AAAAAAAAToA\/mHV0cHPfFiU\/s144-c-o\/20141025-135936-00255-_DSC6355_Screen.jpg&#8221; href=&#8221;https:\/\/picasaweb.google.com\/112885246866780528333\/25102014PenegalGantkofel?authkey=Gv1sRgCOrEpdX_143eTA#6074625716062544178&#8243; caption=&#8221;&#8221; type=&#8221;image&#8221; alt=&#8221;20141025-135936-00255-_DSC6355_Screen.jpg&#8221; ]<\/p>\n<h1 style=\"text-align: center;\"><span style=\"color: #008000;\"><strong>Kaltern 23. bis 25.10.2014<\/strong><\/span><\/h1>\n<p><img loading=\"lazy\" decoding=\"async\" class=\"aligncenter size-full wp-image-552\" src=\"http:\/\/blog.sickculture.de\/wp-content\/uploads\/2014\/10\/Kaltern_Logo.gif\" alt=\"Kaltern_Logo\" width=\"300\" height=\"59\"><\/p>\n<p>&nbsp;<\/p>\n<p>Wohl das letzte Mal in diesem Jahr, in dem ich ein paar wundervolle Tage in S\u00fcdtirol verbrachte. Diesmal ging es nach Oberplanitzing in der Provinz Bozen. Der Ort liegt neben Eppan und ist oberhalb des sch\u00f6nen Kalterner Sees. Herrliche Blicke \u00fcber die Montiggler Seen, das Etschtal, Eisacktal oder des Bozener Unterlands. Auf der anderen Seite gr\u00fc\u00dft jeden Tag die Flanke des Latemars und die gewaltige Front des Schlern. Unsere Unterkunft war wieder einmal das Hotel Tannhof. Die Hinreise war sehr kurios: Schnee ab Seefeld bis nach Sterzing. Am Brenner sogar ein guter halber Meter Neuschnee. Gl\u00fccklicherweise liegt Bozen in einem mediteranen Talkessel und somit hatten wir jeden Tag sch\u00f6nes Kaiserwetter und milde Temperaturen.<\/p>\n<p>Am Anreisetag schwung ich mich sofort auf meinen Tretesel. Mit dem Auto gings nach Bozen zur Kohlern Talstation. Nein, nicht um gem\u00fctlich hochzushuttlen. Wie es sich geh\u00f6rt werden die ca. 1100 hm Tagesvors\u00e4tze aus eigener Kraft zur\u00fcckgelegt! Auf gem\u00fctlicher Asphaltstra\u00dfe geht es \u00fcber Kehren hoch zur Bergstation am Herrenkohlern. Ein kleiner Abstecher zum Aussichtsturm ist empfehlenswert. Danach kann man sich entscheiden, welchen Trail man unter die Stollen nehmen soll. Der Kohlern bietet ettliche Varianten. Ich w\u00e4hlte den Schulsteig. Die ersten Tiefenmeter gehen auf einem asphaltierten Trail bergab. Dieser ist aber stellenweise schon so br\u00fcchig, dass er schon wieder flowig ist. Und auch der erste Platten lie\u00df nicht lange auf sich warten. Dumm: auf einem Asphaltweg? Die Wasserrinne verursachte einen klassischen Snakebite. Das war aber zum Gl\u00fcck der einzige am Wochenende. Die zweite H\u00e4lfte der Abfahrt ging \u00fcber den Schulsteig. Immer am Hand entlang auf schmalem Pfad, nie wirklich schwer. Nur mu\u00dfte aufgrund von Laub, nassen Wurzeln und moosigen Steinen ein wenig vorsichtig gefahren werden. Die letzten 20hm zur Talstation kann man auslasssen, zumal die Strecke sehr anspruchsvoll, ausgewaschen und steil ist. <a name=anfang href=#1>(Bilder...)<\/a><\/p>\n<div class=\"passster-form\" id=\"ps-294\">\n    <form class=\"password-form\" method=\"post\" autocomplete=\"off\" target=\"_top\">\n        <span class=\"ps-form-headline\">Gesch\u00fctzter Bereich<\/span>\n        <div class=\"ps-form-instructions-wrap\">Dieser Inhalt ist passwortgesch\u00fctzt. Bitte gib dein Passwort ein um den Inhalt freizuschalten.<\/div>\n        <fieldset>\n            <span class=\"ps-loader\" style=\"display:none;\"><img decoding=\"async\" src=\"https:\/\/blog.sickculture.de\/wp-content\/plugins\/content-protector\/assets\/public\/ps-loader.svg\" alt=\"\" \/><\/span>\n            <label for=\"input-ps-294\" style=\"display:none;\" class=\"passster-hidden\">Trage dein Passwort ein<\/label>\n            <input placeholder=\"Gib dein Passwort ein..\" type=\"password\" tabindex=\"1\" name=\"passster_password\"\n                   id=\"input-ps-294\" class=\"passster-password\" autocomplete=\"off\"\n                   data-protection-type=\"password\" data-list=\"[PASSSTER_LIST]\" data-lists=\"[PASSSTER_LISTS]\" data-area=\"[PASSSTER_AREA]\"\n                   data-protection=\"[PASSSTER_PROTECTION]\">\n            \n            <button name=\"submit\" type=\"submit\" class=\"passster-submit\" data-psid=\"ps-294\" data-post-id=\"548\" data-term-id=\"0\" \n                    data-submit=\"...Checking Password\" data-redirect=\"\">Freischalten\n            <\/button>\n            <div class=\"passster-error\"><\/div>\n        <\/fieldset>\n    <\/form>\n<\/div>\n\n<p>Der zweite Tag begann mit einem wunderbar sonnigen Tag. Gleich nach dem Fr\u00fchst\u00fcck gings zu meiner &#8220;Unvollendeten&#8221; Tour: \u00fcber den Mendelpass hoch zum Monte Roen und \u00fcber das Grauner Joch bergab nach Kaltern. Die Auffahrt geht \u00fcber 15 Kehren gute 950hm bergan und ist mit durchschnittlich 7 Prozent Steigung und 15km L\u00e4nge gut fahrbar. Nach 1,5 Std. war\u00b4s geschafft und der zweite Bergteil sand bevor. Die restlichen H\u00f6henmeter bis zur Malga Romana geht \u00fcber breite Forstwege an der Halbwegh\u00fctte vorbei und f\u00fchrt dann \u00fcber einen steilen Wanderweg hoch zum Monte Roen Gipfel. Letzterer wird wohl jeder schiebend zur\u00fccklegen. Dort ist die Steigung so steil, dass wahrscheinlich sogar Ameisen Steigeisen tragen. Das letzte Mal, als ich vor zwei Jahren dort hinauf wollte, lag noch sehr viel Schnee und ich mu\u00dfte jetzt feststellen, dass ich damals nur 20-30hm unterm Gipfel abbrechen mu\u00dfte. W\u00e4re aber auch zu gef\u00e4hrlich gewesen. Der Monte Roen ist die h\u00f6chste Kante \u00fcber Kaltern. Herrliche Tief- und Fernblicke im 360 Grad Panoramakino. Nach kurzer Verschnaufpause und ettlichen Fotos ging es an der Kante entlang zum Schwarzen Kopf und Grauner Joch. Ab dem Monte Roen hei\u00dft das \u00fcbersetzt: Trails, Trails und nochmals Trails. Anfangs noch verblockt und ruppig, weiter unten flowig und gut fahrbar. Ein Traumtag und eine Traumtour. Alles passend gemacht! <a name=anfang href=#2>(Bilder...)<\/a><\/p>\n<div class=\"passster-form\" id=\"ps-888\">\n    <form class=\"password-form\" method=\"post\" autocomplete=\"off\" target=\"_top\">\n        <span class=\"ps-form-headline\">Gesch\u00fctzter Bereich<\/span>\n        <div class=\"ps-form-instructions-wrap\">Dieser Inhalt ist passwortgesch\u00fctzt. Bitte gib dein Passwort ein um den Inhalt freizuschalten.<\/div>\n        <fieldset>\n            <span class=\"ps-loader\" style=\"display:none;\"><img decoding=\"async\" src=\"https:\/\/blog.sickculture.de\/wp-content\/plugins\/content-protector\/assets\/public\/ps-loader.svg\" alt=\"\" \/><\/span>\n            <label for=\"input-ps-888\" style=\"display:none;\" class=\"passster-hidden\">Trage dein Passwort ein<\/label>\n            <input placeholder=\"Gib dein Passwort ein..\" type=\"password\" tabindex=\"1\" name=\"passster_password\"\n                   id=\"input-ps-888\" class=\"passster-password\" autocomplete=\"off\"\n                   data-protection-type=\"password\" data-list=\"[PASSSTER_LIST]\" data-lists=\"[PASSSTER_LISTS]\" data-area=\"[PASSSTER_AREA]\"\n                   data-protection=\"[PASSSTER_PROTECTION]\">\n            \n            <button name=\"submit\" type=\"submit\" class=\"passster-submit\" data-psid=\"ps-888\" data-post-id=\"548\" data-term-id=\"0\" \n                    data-submit=\"...Checking Password\" data-redirect=\"\">Freischalten\n            <\/button>\n            <div class=\"passster-error\"><\/div>\n        <\/fieldset>\n    <\/form>\n<\/div>\n\n<p>Tag drei brach an und mein Vorhaben um das Latemar zu trailen, verfl\u00fcchtigte sich relativ schnell, nachdem ich schon von der Ferne den Schnee sah. Also wurde der Tag umgeplannt und ich beschlo\u00df nochmals hoch zum Mendelpass zu fahren. Diesmal aber nicht zum Monte Roen, sondern in die andere Richtung zum Penegal und Gantkofel. Beides ebenfalls Spitzen an der Kante \u00fcberhalb von Eppan und Bozen. Der Uphill zum Penegal folgte einer gut ausgebauten Stra\u00dfe bis zum Sendemast und dem Penegal Hotel. Die Aussichtsplattform am Hotel bietet wieder super Blicke ins Eisacktal, Etschtal und Meraner Land. Nun folgte der sch\u00f6ne Teil meiner Tour. \u00dcber einen sch\u00f6nen Waldtrail ging es bergab bis zur Prinzwiese und Prinzh\u00fctte. Nun hei\u00dft es normalerweise direkt an der Prinzh\u00fctte bergauf und \u00fcber den Neuen Weg bergab zu trailen. Nein, ich wollte weiter und suchte mir auf dem GPS einen Weiterweg zum Gantkofel. Also folgte ich der Schneeschuhwanderroute, die sehr erschwerlich und kr\u00e4ftezehrend bergauf auf Wanderwegen f\u00fchrte. Nach guten 450hm schiebend und fahrend erreichte ich den Gantkofel. Hammer! Super Aussicht; besser und sch\u00f6ner als am Penegal. Und das gute daran ist: Ich wusste, wie die Abfahrt wird, da ich denselben weg zur Prinzh\u00fctte nahm, wie beim Uphill. Was dann folgte, war schon sehr anspruchsvoll. Zuerst noch ein wenig bergauf und dann rein in den &#8220;Neuen Weg 545\/546&#8221;. Eine sehr steile Rinne \u00fcber laubbedeckte gro\u00dfe Steine, Abs\u00e4tze, Wurzeln und Ger\u00f6ll! Und an einigen Stellen auch steil abfallend. Vernunft siegt \u00fcber \u00dcbermut. Also schieben bergab. Nach ca. 200-300hm ist das schlimmste \u00fcberstanden. Es folgte ein herrlicher Flowtrail bis kurz unterhalb Kreuzstein und \u00fcber Asphalt zur\u00fcck nach Eppan. Sehr kr\u00e4ftezehrender Tag, aber lohnenswert. <a name=anfang href=#3>(Bilder...)<\/a><\/p>\n<div class=\"passster-form\" id=\"ps-416\">\n    <form class=\"password-form\" method=\"post\" autocomplete=\"off\" target=\"_top\">\n        <span class=\"ps-form-headline\">Gesch\u00fctzter Bereich<\/span>\n        <div class=\"ps-form-instructions-wrap\">Dieser Inhalt ist passwortgesch\u00fctzt. Bitte gib dein Passwort ein um den Inhalt freizuschalten.<\/div>\n        <fieldset>\n            <span class=\"ps-loader\" style=\"display:none;\"><img decoding=\"async\" src=\"https:\/\/blog.sickculture.de\/wp-content\/plugins\/content-protector\/assets\/public\/ps-loader.svg\" alt=\"\" \/><\/span>\n            <label for=\"input-ps-416\" style=\"display:none;\" class=\"passster-hidden\">Trage dein Passwort ein<\/label>\n            <input placeholder=\"Gib dein Passwort ein..\" type=\"password\" tabindex=\"1\" name=\"passster_password\"\n                   id=\"input-ps-416\" class=\"passster-password\" autocomplete=\"off\"\n                   data-protection-type=\"password\" data-list=\"[PASSSTER_LIST]\" data-lists=\"[PASSSTER_LISTS]\" data-area=\"[PASSSTER_AREA]\"\n                   data-protection=\"[PASSSTER_PROTECTION]\">\n            \n            <button name=\"submit\" type=\"submit\" class=\"passster-submit\" data-psid=\"ps-416\" data-post-id=\"548\" data-term-id=\"0\" \n                    data-submit=\"...Checking Password\" data-redirect=\"\">Freischalten\n            <\/button>\n            <div class=\"passster-error\"><\/div>\n        <\/fieldset>\n    <\/form>\n<\/div>\n\n<p>&nbsp;<\/p>\n<p>Am Sonntag traten wir nach dem Fr\u00fchst\u00fcck die Heimreise an.<\/p>\n<h2><span style=\"color: #339966;\"><strong>FAZIT: &#8220;Gute 5500hm, drei Touren &#8211; Danke S\u00fcdtirol: ich komme wieder!!!&#8221;<\/strong><\/span><\/h2>\n<p>&nbsp;<\/p>\n<hr>\n<h3>Bilder:<\/h3>\n<p><strong><a id=\"1\"><\/a>Tag 1: Sch\u00fctzensteig<\/strong><\/p>\n<h6><a name=anfang href=#oben>(nach oben)<\/a><\/h6>\n\n\t\t<style type=\"text\/css\">\n\t\t\t#gallery-1 {\n\t\t\t\tmargin: auto;\n\t\t\t}\n\t\t\t#gallery-1 .gallery-item {\n\t\t\t\tfloat: left;\n\t\t\t\tmargin-top: 10px;\n\t\t\t\ttext-align: center;\n\t\t\t\twidth: 100%;\n\t\t\t}\n\t\t\t#gallery-1 img {\n\t\t\t\tborder: 2px solid #cfcfcf;\n\t\t\t}\n\t\t\t#gallery-1 .gallery-caption {\n\t\t\t\tmargin-left: 0;\n\t\t\t}\n\t\t\t\/* see gallery_shortcode() in wp-includes\/media.php *\/\n\t\t<\/style>\n\t\t<div id='gallery-1' class='gallery galleryid-548 gallery-columns-0 gallery-size-thumbnail'><dl class='gallery-item'>\n\t\t\t<dt class='gallery-icon landscape'>\n\t\t\t\t<a href='https:\/\/blog.sickculture.de\/?attachment_id=552'><img loading=\"lazy\" decoding=\"async\" width=\"150\" height=\"59\" src=\"https:\/\/blog.sickculture.de\/wp-content\/uploads\/2014\/10\/Kaltern_Logo-150x59.gif\" class=\"attachment-thumbnail size-thumbnail\" alt=\"\" \/><\/a>\n\t\t\t<\/dt><\/dl>\n\t\t<\/div>\n\n<p><strong><a id=\"2\"><\/a>Tag 2: Monte Roen<\/strong><\/p>\n<h6><a name=anfang href=#oben>(nach oben)<\/a><\/h6>\n\n\t\t<style type=\"text\/css\">\n\t\t\t#gallery-2 {\n\t\t\t\tmargin: auto;\n\t\t\t}\n\t\t\t#gallery-2 .gallery-item {\n\t\t\t\tfloat: left;\n\t\t\t\tmargin-top: 10px;\n\t\t\t\ttext-align: center;\n\t\t\t\twidth: 100%;\n\t\t\t}\n\t\t\t#gallery-2 img {\n\t\t\t\tborder: 2px solid #cfcfcf;\n\t\t\t}\n\t\t\t#gallery-2 .gallery-caption {\n\t\t\t\tmargin-left: 0;\n\t\t\t}\n\t\t\t\/* see gallery_shortcode() in wp-includes\/media.php *\/\n\t\t<\/style>\n\t\t<div id='gallery-2' class='gallery galleryid-548 gallery-columns-0 gallery-size-thumbnail'><dl class='gallery-item'>\n\t\t\t<dt class='gallery-icon landscape'>\n\t\t\t\t<a href='https:\/\/blog.sickculture.de\/?attachment_id=552'><img loading=\"lazy\" decoding=\"async\" width=\"150\" height=\"59\" src=\"https:\/\/blog.sickculture.de\/wp-content\/uploads\/2014\/10\/Kaltern_Logo-150x59.gif\" class=\"attachment-thumbnail size-thumbnail\" alt=\"\" \/><\/a>\n\t\t\t<\/dt><\/dl>\n\t\t<\/div>\n\n<p><strong><a id=\"3\"><\/a>Tag 3: Penegal\/Gantkofel<\/strong><\/p>\n<h6><a name=anfang href=#oben>(nach oben)<\/a><\/h6>\n\n\t\t<style type=\"text\/css\">\n\t\t\t#gallery-3 {\n\t\t\t\tmargin: auto;\n\t\t\t}\n\t\t\t#gallery-3 .gallery-item {\n\t\t\t\tfloat: left;\n\t\t\t\tmargin-top: 10px;\n\t\t\t\ttext-align: center;\n\t\t\t\twidth: 100%;\n\t\t\t}\n\t\t\t#gallery-3 img {\n\t\t\t\tborder: 2px solid #cfcfcf;\n\t\t\t}\n\t\t\t#gallery-3 .gallery-caption {\n\t\t\t\tmargin-left: 0;\n\t\t\t}\n\t\t\t\/* see gallery_shortcode() in wp-includes\/media.php *\/\n\t\t<\/style>\n\t\t<div id='gallery-3' class='gallery galleryid-548 gallery-columns-0 gallery-size-thumbnail'><dl class='gallery-item'>\n\t\t\t<dt class='gallery-icon landscape'>\n\t\t\t\t<a href='https:\/\/blog.sickculture.de\/?attachment_id=552'><img loading=\"lazy\" decoding=\"async\" width=\"150\" height=\"59\" src=\"https:\/\/blog.sickculture.de\/wp-content\/uploads\/2014\/10\/Kaltern_Logo-150x59.gif\" class=\"attachment-thumbnail size-thumbnail\" alt=\"\" \/><\/a>\n\t\t\t<\/dt><\/dl>\n\t\t<\/div>\n\n<p>[\/vc_column_text][\/vc_column][\/vc_row]<\/p>\n<\/section>","protected":false},"excerpt":{"rendered":"<p>[vc_row][vc_column][vc_column_text][pe2-image src=&#8221;http:\/\/lh5.ggpht.com\/-WEzZrk53kDE\/VE1n521cYTI\/AAAAAAAAToA\/mHV0cHPfFiU\/s144-c-o\/20141025-135936-00255-_DSC6355_Screen.jpg&#8221; href=&#8221;https:\/\/picasaweb.google.com\/112885246866780528333\/25102014PenegalGantkofel?authkey=Gv1sRgCOrEpdX_143eTA#6074625716062544178&#8243; caption=&#8221;&#8221; type=&#8221;image&#8221; alt=&#8221;20141025-135936-00255-_DSC6355_Screen.jpg&#8221; ] Kaltern 23. bis 25.10.2014 &nbsp; Wohl das letzte Mal in diesem Jahr, in dem ich ein paar wundervolle Tage in S\u00fcdtirol verbrachte. Diesmal ging es nach Oberplanitzing in der Provinz Bozen. Der Ort liegt neben Eppan und ist oberhalb des sch\u00f6nen Kalterner Sees. \u2026 <a class=\"continue-reading-link\" href=\"https:\/\/blog.sickculture.de\/?page_id=548\"> Continue reading<\/a><\/p>\n","protected":false},"author":1,"featured_media":0,"parent":90,"menu_order":0,"comment_status":"closed","ping_status":"closed","template":"","meta":{"_s2mail":"yes","ngg_post_thumbnail":0,"footnotes":""},"categories":[10,4],"class_list":["post-548","page","type-page","status-publish","hentry","category-10","category-mountainbike"],"jetpack_shortlink":"https:\/\/wp.me\/P7EPUT-8Q","jetpack_sharing_enabled":true,"_links":{"self":[{"href":"https:\/\/blog.sickculture.de\/index.php?rest_route=\/wp\/v2\/pages\/548","targetHints":{"allow":["GET"]}}],"collection":[{"href":"https:\/\/blog.sickculture.de\/index.php?rest_route=\/wp\/v2\/pages"}],"about":[{"href":"https:\/\/blog.sickculture.de\/index.php?rest_route=\/wp\/v2\/types\/page"}],"author":[{"embeddable":true,"href":"https:\/\/blog.sickculture.de\/index.php?rest_route=\/wp\/v2\/users\/1"}],"replies":[{"embeddable":true,"href":"https:\/\/blog.sickculture.de\/index.php?rest_route=%2Fwp%2Fv2%2Fcomments&post=548"}],"version-history":[{"count":9,"href":"https:\/\/blog.sickculture.de\/index.php?rest_route=\/wp\/v2\/pages\/548\/revisions"}],"predecessor-version":[{"id":1403,"href":"https:\/\/blog.sickculture.de\/index.php?rest_route=\/wp\/v2\/pages\/548\/revisions\/1403"}],"up":[{"embeddable":true,"href":"https:\/\/blog.sickculture.de\/index.php?rest_route=\/wp\/v2\/pages\/90"}],"wp:attachment":[{"href":"https:\/\/blog.sickculture.de\/index.php?rest_route=%2Fwp%2Fv2%2Fmedia&parent=548"}],"wp:term":[{"taxonomy":"category","embeddable":true,"href":"https:\/\/blog.sickculture.de\/index.php?rest_route=%2Fwp%2Fv2%2Fcategories&post=548"}],"curies":[{"name":"wp","href":"https:\/\/api.w.org\/{rel}","templated":true}]}}