{"id":710,"date":"2015-07-14T07:34:25","date_gmt":"2015-07-14T07:34:25","guid":{"rendered":"http:\/\/blog.sickculture.de\/?page_id=710"},"modified":"2019-02-13T12:58:40","modified_gmt":"2019-02-13T12:58:40","slug":"2015-07-eibsee-trail","status":"publish","type":"page","link":"https:\/\/blog.sickculture.de\/?page_id=710","title":{"rendered":"2015.07 Eibsee Trail"},"content":{"rendered":"<section class=\"wpb-content-wrapper\"><p>[vc_row][vc_column][vc_column_text]<\/p>\n<p class=\"clear\">[pe2-image src=&#8221;http:\/\/lh3.googleusercontent.com\/-fNFsM1a4_gA\/VaSyBW64lII\/AAAAAAAAVdc\/GjvTbUqB5OM\/s144-c-o\/20150712-103805-00012-20150712-103805-00013-_DSC7765_Screen.jpg&#8221; href=&#8221;https:\/\/picasaweb.google.com\/112885246866780528333\/20150712EibseeTrail?authkey=Gv1sRgCIPii7HynPzIXQ#6171253125806593154&#8243; caption=&#8221;&#8221; type=&#8221;image&#8221; alt=&#8221;20150712-103805-00012-20150712-103805-00013-_DSC7765_Screen.jpg&#8221; ]<\/p>\n<h1 style=\"text-align: center;\"><strong><span style=\"color: #0000ff;\">Eibsee Trail<\/span><br \/>\n<\/strong><\/h1>\n<h3 style=\"text-align: center;\"><em>Klassiker in der Zugspitzregion\u2026<\/em><\/h3>\n<h2 style=\"text-align: center;\">12. Juli 2015<\/h2>\n<p>[\/vc_column_text][\/vc_column][\/vc_row][vc_row][vc_column][vc_text_separator title=&#8221;B E S C H R E I B U N G&#8221;][\/vc_column][\/vc_row][vc_row][vc_column][vc_column_text]<\/p>\n<h4 style=\"text-align: center;\"><strong>EIBSEE TRAIL RIDE<br \/>\n<\/strong><\/h4>\n<p>Der &#8220;Eibsee-Trail&#8221; &#8211; ein Klassiker in der Region Zugspitzarena. Alles passte: die Sonne strahlte, die Kumpels Markus und Vinnie im Gep\u00e4ck und die Tour fertig geplannt. Was will man mehr? Die Anreise nach Garmisch zur Alpspitz Talstation ging rasch von statten und bis wir schauten, sa\u00dfen wir schon auf unseren Treteseln. Zuerst ging es zum Warmrollen nach Hammersbach auf entspanntem Radweg und ab Hammersbach in moderater Steigung hoch zum Eibsee. Stellenweise sind zwar kleine Rampen drin, die aber gut &#8220;wegzudr\u00fccken&#8221; waren und bis wir uns umschauten, waren wir auch schon am Ufer des Eibsee\u00b4s (zusammen mit jede Menge Tagesausfl\u00fcgler, die um den Eibsee spazierten).<\/p>\n<p>Mit einem fast k\u00fcnstlichen Blau liegt der See in einer Mulde, umgeben von W\u00e4ldern. Wie hingetupfte Farbkleckse schwimmen kleine Inseln im Wasser. Vor rund 4000 Jahren donnerte ein gewaltiger Bergsturz die Nordwand hinunter und sprengte diesen gigantischen Krater<br \/>\nin die Landschaft. Stairway to Heaven: Der Blick auf die 2962m hohe Zugspitze ist schon ein gigantisch und mit jeder Kurbelumdrehung kommen wir dieser n\u00e4her.<\/p>\n<p>Wir jedoch fuhren vorerst entspannt am Ufer entlang und genossen die herrliche Umgebung. Ein langer Anstieg f\u00fchrte vom See hinauf in Richtung Hochth\u00f6rle H\u00fctte. Immer wieder ragen senkrechte Felsw\u00e4nde zwischen den Wolken und B\u00e4umen hervor. Schon bald erreichten wir die Hochth\u00f6rle H\u00fctte, die heute im Gro\u00dfen in Besitz der Biker ist. Von hier hat man auch einen herrlichen Blick auf die Flanken der Zugspitze. Wer m\u00f6chte, k\u00f6nnte hier wieder nach Ehrwald abfahren. Wir f\u00fcllten jedoch wieder unsere &#8220;Speicher&#8221; mit k\u00fchlem Weizen und leckerem Essen, um uns auf die um so spannendere Abfahrt zu st\u00e4rken! Ein kurzer Stich noch hoch zum Eibseeblick, Protektoren an und dann ab ins Vergn\u00fcgen. Der erste Abschnitt war noch ein wenig holprig (aber nicht schwer, wie beschrieben). Ein Grinsen brannte sich in unsere Gesichter. Nach ca. 500 Tiefenmeter mu\u00dften wir noch ein paar H\u00f6henmeter absolvieren um den zweiten Trailspass in Angriff zu nehmen. Der H\u00f6henweg war aber leider immer wieder von umgest\u00fcrzten B\u00e4umen unterbrochen und mu\u00dften mit geschulterten Bikes umzirkelt werden. Jetzt hie\u00df es Part Drei zum Finale Richtung Hammersbach. Ein Stufen-Trail mit Kehren und Holzblanken f\u00fchrte auf dem direkten Weg hinunter zum Hammersbach. Was soll ich sagen? Genialer Trail und als Belohnung gabs f\u00fcr uns dann noch einen Cappu mit Kuchen, bevor wir uns zum Parkplatz aufmachten.<\/p>\n<div class=\"passster-form\" id=\"ps-534\">\n    <form class=\"password-form\" method=\"post\" autocomplete=\"off\" target=\"_top\">\n        <span class=\"ps-form-headline\">Gesch\u00fctzter Bereich<\/span>\n        <div class=\"ps-form-instructions-wrap\">Dieser Inhalt ist passwortgesch\u00fctzt. Bitte gib dein Passwort ein um den Inhalt freizuschalten.<\/div>\n        <fieldset>\n            <span class=\"ps-loader\" style=\"display:none;\"><img decoding=\"async\" src=\"https:\/\/blog.sickculture.de\/wp-content\/plugins\/content-protector\/assets\/public\/ps-loader.svg\" alt=\"\" \/><\/span>\n            <label for=\"input-ps-534\" style=\"display:none;\" class=\"passster-hidden\">Trage dein Passwort ein<\/label>\n            <input placeholder=\"Gib dein Passwort ein..\" type=\"password\" tabindex=\"1\" name=\"passster_password\"\n                   id=\"input-ps-534\" class=\"passster-password\" autocomplete=\"off\"\n                   data-protection-type=\"password\" data-list=\"[PASSSTER_LIST]\" data-lists=\"[PASSSTER_LISTS]\" data-area=\"[PASSSTER_AREA]\"\n                   data-protection=\"[PASSSTER_PROTECTION]\">\n            \n            <button name=\"submit\" type=\"submit\" class=\"passster-submit\" data-psid=\"ps-534\" data-post-id=\"710\" data-term-id=\"0\" \n                    data-submit=\"...Checking Password\" data-redirect=\"\">Freischalten\n            <\/button>\n            <div class=\"passster-error\"><\/div>\n        <\/fieldset>\n    <\/form>\n<\/div>\n[\/vc_column_text][\/vc_column][\/vc_row][vc_row][vc_column][vc_text_separator title=&#8221;F A Z I T&#8221;][\/vc_column][\/vc_row][vc_row][vc_column][vc_column_text]<em>Keine Frage \u2013 es gibt immer noch Neues und Spannendes zu entdecken, im Klassiker-Revier Zugspitzarena! Danke an meine beiden Bikekollegen Markus und Vinnie.<br \/>\n<\/em><\/p>\n<p>[pe2-image src=&#8221;http:\/\/lh3.googleusercontent.com\/-AAquGX5-WCE\/VaSx-oCu75I\/AAAAAAAAVdc\/PRLpdpKfHN8\/s144-c-o\/20150712-102835-00007-20150712-102835-00007-IMG_5150_Screen.jpg&#8221; href=&#8221;https:\/\/picasaweb.google.com\/112885246866780528333\/20150712EibseeTrail?authkey=Gv1sRgCIPii7HynPzIXQ#6171253078863310738&#8243; caption=&#8221;&#8221; type=&#8221;image&#8221; alt=&#8221;20150712-102835-00007-20150712-102835-00007-IMG_5150_Screen.jpg&#8221; ]<\/p>\n<p>[\/vc_column_text][\/vc_column][\/vc_row][vc_row][vc_column]<div class=\"ult_exp_section_layer ult-adjust-bottom-margin  \" >\n\t<div id=\"uvc-exp-wrap-4360\"   data-ultimate-target='#uvc-exp-wrap-4360'  data-responsive-json-new='{\"font-size\":\"desktop:20px;\",\"line-height\":\"desktop:20px;\"}'  class=\"ult_exp_section  ult-responsive \" style=\"color:#ffffff;background-color:#1e73be;font-family:Alfa Slab One;font-weight:bold;  text-align:center;\" data-textcolor=\"#ffffff\"data-texthover=\"#333333\"data-icncolor=\"#333333\"data-ihover=\"#333333\"data-height=\"0\"data-cntbg=\"#1e73be\"data-cnthvrbg=\"#e5e5e5\"data-headerbg=\"#1e73be\"data-headerhover=\"#e5e5e5\"data-title=\"BILDER\"data-newtitle=\"BILDER\"data-icon=\"\"data-newicon=\"\"data-activeicon=\"#333333\"data-effect=\"slideToggle\"data-override=\"0\"data-activetitle=\"#333333\"data-activebg=\"#dbdbdb\"data-img=\"\"data-newimg=\"\"><div  class=\"ult_exp_section-main \">\n\t\t\t\t\t<div class=\"ult_expheader\" >BILDER\n\t\t\t\t\t <\/div><\/div>\n\t\t\t\t<\/div><div class=\"ult_exp_content \" style=\"background-color:#000000;  \"><div class=\"ult_ecpsub_cont\" style=\" \" >[vc_column_text]<\/p>\n\n<p>[\/vc_column_text]<\/div><\/div>\n\n\t\t\t<\/div>[\/vc_column][\/vc_row]<\/p>\n<\/section>","protected":false},"excerpt":{"rendered":"<p>[vc_row][vc_column][vc_column_text] [pe2-image src=&#8221;http:\/\/lh3.googleusercontent.com\/-fNFsM1a4_gA\/VaSyBW64lII\/AAAAAAAAVdc\/GjvTbUqB5OM\/s144-c-o\/20150712-103805-00012-20150712-103805-00013-_DSC7765_Screen.jpg&#8221; href=&#8221;https:\/\/picasaweb.google.com\/112885246866780528333\/20150712EibseeTrail?authkey=Gv1sRgCIPii7HynPzIXQ#6171253125806593154&#8243; caption=&#8221;&#8221; type=&#8221;image&#8221; alt=&#8221;20150712-103805-00012-20150712-103805-00013-_DSC7765_Screen.jpg&#8221; ] Eibsee Trail Klassiker in der Zugspitzregion\u2026 12. Juli 2015 [\/vc_column_text][\/vc_column][\/vc_row][vc_row][vc_column][vc_text_separator title=&#8221;B E S C H R E I B U N G&#8221;][\/vc_column][\/vc_row][vc_row][vc_column][vc_column_text] EIBSEE TRAIL RIDE Der &#8220;Eibsee-Trail&#8221; &#8211; ein Klassiker in der Region Zugspitzarena. Alles passte: die Sonne strahlte, die Kumpels Markus \u2026 <a class=\"continue-reading-link\" href=\"https:\/\/blog.sickculture.de\/?page_id=710\"> Continue reading<\/a><\/p>\n","protected":false},"author":1,"featured_media":0,"parent":90,"menu_order":0,"comment_status":"closed","ping_status":"closed","template":"","meta":{"_s2mail":"yes","ngg_post_thumbnail":0,"footnotes":""},"categories":[11,4],"class_list":["post-710","page","type-page","status-publish","hentry","category-11","category-mountainbike"],"jetpack_shortlink":"https:\/\/wp.me\/P7EPUT-bs","jetpack_sharing_enabled":true,"_links":{"self":[{"href":"https:\/\/blog.sickculture.de\/index.php?rest_route=\/wp\/v2\/pages\/710","targetHints":{"allow":["GET"]}}],"collection":[{"href":"https:\/\/blog.sickculture.de\/index.php?rest_route=\/wp\/v2\/pages"}],"about":[{"href":"https:\/\/blog.sickculture.de\/index.php?rest_route=\/wp\/v2\/types\/page"}],"author":[{"embeddable":true,"href":"https:\/\/blog.sickculture.de\/index.php?rest_route=\/wp\/v2\/users\/1"}],"replies":[{"embeddable":true,"href":"https:\/\/blog.sickculture.de\/index.php?rest_route=%2Fwp%2Fv2%2Fcomments&post=710"}],"version-history":[{"count":4,"href":"https:\/\/blog.sickculture.de\/index.php?rest_route=\/wp\/v2\/pages\/710\/revisions"}],"predecessor-version":[{"id":1365,"href":"https:\/\/blog.sickculture.de\/index.php?rest_route=\/wp\/v2\/pages\/710\/revisions\/1365"}],"up":[{"embeddable":true,"href":"https:\/\/blog.sickculture.de\/index.php?rest_route=\/wp\/v2\/pages\/90"}],"wp:attachment":[{"href":"https:\/\/blog.sickculture.de\/index.php?rest_route=%2Fwp%2Fv2%2Fmedia&parent=710"}],"wp:term":[{"taxonomy":"category","embeddable":true,"href":"https:\/\/blog.sickculture.de\/index.php?rest_route=%2Fwp%2Fv2%2Fcategories&post=710"}],"curies":[{"name":"wp","href":"https:\/\/api.w.org\/{rel}","templated":true}]}}