{"id":738,"date":"2015-08-01T12:40:30","date_gmt":"2015-08-01T12:40:30","guid":{"rendered":"http:\/\/blog.sickculture.de\/?page_id=738"},"modified":"2019-02-13T12:55:49","modified_gmt":"2019-02-13T12:55:49","slug":"2015-07-enningalm-und-stepbergalm-trails","status":"publish","type":"page","link":"https:\/\/blog.sickculture.de\/?page_id=738","title":{"rendered":"2015.07 Enningalm und Stepbergalm Trails"},"content":{"rendered":"<section class=\"wpb-content-wrapper\"><p>[vc_row][vc_column][vc_column_text]<\/p>\n<h1 style=\"text-align: center;\">[pe2-image src=&#8221;http:\/\/lh3.googleusercontent.com\/-7FreYpXyAoU\/Vby7AN-skpI\/AAAAAAAAV4A\/iUBSb3uvwWw\/s144-c-o\/20150731-133601-00083-20150731-133601-00088-_DSC8041_Screen.jpg&#8221; href=&#8221;https:\/\/picasaweb.google.com\/112885246866780528333\/20150731EnningalmStepbergTrails?authkey=Gv1sRgCKOo8OTPvI69dg#6178018401272500882&#8243; caption=&#8221;&#8221; type=&#8221;image&#8221; alt=&#8221;20150731-133601-00083-20150731-133601-00088-_DSC8041_Screen.jpg&#8221; ]<\/h1>\n<h1 style=\"text-align: center;\"><span style=\"color: #3366ff;\"><strong>Enningalm-Trail und<\/strong><\/span><\/h1>\n<h1 style=\"text-align: center;\"><span style=\"color: #3366ff;\"><strong>Stepbergalm-Trail<\/strong><\/span><\/h1>\n<h2 style=\"text-align: center;\">31. Juli 2015<\/h2>\n<p>&nbsp;<\/p>\n<p style=\"text-align: center;\">Holla die Waldfee &#8211; das war ein Trailride! Ein Klassiker in der Region der Zugspitzregion um Garmisch. Zwei tolle und anspruchsvolle Downhills gepaart mit herrlichem Panorama.<\/p>\n<p>[\/vc_column_text][\/vc_column][\/vc_row][vc_row][vc_column][vc_text_separator title=&#8221;B E S C H R E I B U N G&#8221;][\/vc_column][\/vc_row][vc_row][vc_column][vc_column_text]<\/p>\n<h3><strong>Garmisch &#8211; Enningalm und Stepbergalm Trails<br \/>\n<\/strong><\/h3>\n<p>Was kann sch\u00f6ner sein, als unter der Woche einen freien Tag einzulegen, dazu noch traumhaftes Wetter und eine grandiose Biketour in der Hinterhand zu haben? Genauso planten Markus und ich gemeinsam diesen Tag ein! Heute sollte ein Klassiker in der Zugspitzregion unter die Stollen genommen werden.<\/p>\n<p>Fr\u00fch morgens sind wir aufgebrochen und schon fast standardm\u00e4ssig in Unterammergau zum Fr\u00fchst\u00fccken eingekehrt, um die Speicher f\u00fcr die kommenden Stunden noch ordentlich zu f\u00fcllen. Los gings auf dem Schm\u00f6lzersee-Parkplatz kurz oberhalb von Garmisch. Gleich zu beginn ohne viel &#8220;aber&#8221; geht\u00b4s straight on hoch zur Enningalm. Das erste Drittel war noch auf Asphalt und danach gem\u00fctlich auf Forstwegen weiter f\u00fchrend mit dem Hintergedanken: Jeder H\u00f6henmeter bergauf wird bei der Abfahrt mit Trails vers\u00fc\u00dft! Kurz vor der Enningalm zeigte die Auffahrt nochmals kurz seine Z\u00e4hne. Wer hier schiebt mu\u00df sich nicht sch\u00e4men. Dann noch ein kurzer Trail weiterf\u00fchrend zur Enningalm. Heute waren wir die ersten Besucher und das erfrischende Spezi kam genau richtig. Markus mu\u00dfte ja auch noch ein wenig Gesch\u00e4ftliches kl\u00e4ren. Genau so stellt man sich seinen Arbeitsplatz vor! Jetzt folgte der erste Spassfaktor dieses Tages: der Enningalm-Trail runter zur Rotmoosalm. Dieser ist zun\u00e4chst schmal und ein wenig ausgesetzt, technisch aber absolut unkompliziert und in neudeutsch: flowig. Es folgen ein paar Kehren, die durchweg fahrbar sind und ein Flowtrail bis zur Kreuzung eines Forstweges. Dort nicht weiterdonnern! Hier folgt der Abzweig zur Stepbergalm scharf links.<\/p>\n<p>Die Auffahrt zur Stepbergalm wird von den meisten schiebend zu meistern sein. Wer hier f\u00e4hrt: Respekt! Gute 350hm sind zur\u00fcckzulegen, ehe man auf 1670hm die Stepbergalm erreicht. Hier gab es nochmals ein erfrischendes alkoholfreies Weizen. Die herrliche Sicht auf das Wettersteingebirge mit seiner Zugspitze, der Alpspitze, Eibsee und Blick auf Garmisch ist gold wert. Jetzt haben wir uns kurz von unseren technischen GPS-Ger\u00e4ten verleiten lassen und sind den falschen Trail Richtung Gelbes Gew\u00e4nd abgefahren. Kurz gesagt: unfahrbar. Also wieder hochtragen und den richtigen Trail Richtung Kreuzweg unterhalb der Kramerspitze eingeschlagen. Jetzt folgte das Highlight unserer Tour, der Stepberg-Trail. Der Einstieg ist noch recht kniffelig und anfangs noch recht viele Schiebepassagen. Klar gibt es Trailer, die das fahren k\u00f6nnen, wir jedoch nicht und deshalb ist es keine Schande, hier mal kurz zu tragen. Ein paar Meter weiter wird das ganze immer fl\u00fcssiger und nur selten gesellen sich Schl\u00fcsselstellen dazu. Von Flow kann man hier nicht unbedingt reden. Der Anspruch bleibt bis unten auf einem hohen Level bei S2-S3. Zusammenfassend: Abs\u00e4tze, Verblocktes, Kehren und die Ausgesetztheit fordern den gesamten Biker. Trotzdem machbar und mit Vernunft &#8220;fahrbar&#8221;.<\/p>\n<p>Die Belohnung kommt sofort am Trailausstieg in Form einer dritten Alm, der &#8220;Windbeutel-Alm&#8221;. Woher diese Alm ihren Namen hat, l\u00e4sst sich leicht erraten. Solche Windbeutel habe ich noch nie vor Augen gehabt!!! Die R\u00fcckreise zum Schm\u00f6lzersee war dann ein Klacks, auch wenn verboten und mit zig Hinweisen von &#8220;ganz freundlichen Wandersleut&#8221;. Und glaubt: wir waren h\u00f6fflich und keine R\u00fcppel! Aber der Deutsche besteht auf seine Rechte und es gibt nichts wichtigeres als darauf zu bestehen. Mehr sage ich dazu nicht.<\/p>\n<div class=\"passster-form\" id=\"ps-844\">\n    <form class=\"password-form\" method=\"post\" autocomplete=\"off\" target=\"_top\">\n        <span class=\"ps-form-headline\">Gesch\u00fctzter Bereich<\/span>\n        <div class=\"ps-form-instructions-wrap\">Dieser Inhalt ist passwortgesch\u00fctzt. Bitte gib dein Passwort ein um den Inhalt freizuschalten.<\/div>\n        <fieldset>\n            <span class=\"ps-loader\" style=\"display:none;\"><img decoding=\"async\" src=\"https:\/\/blog.sickculture.de\/wp-content\/plugins\/content-protector\/assets\/public\/ps-loader.svg\" alt=\"\" \/><\/span>\n            <label for=\"input-ps-844\" style=\"display:none;\" class=\"passster-hidden\">Trage dein Passwort ein<\/label>\n            <input placeholder=\"Gib dein Passwort ein..\" type=\"password\" tabindex=\"1\" name=\"passster_password\"\n                   id=\"input-ps-844\" class=\"passster-password\" autocomplete=\"off\"\n                   data-protection-type=\"password\" data-list=\"[PASSSTER_LIST]\" data-lists=\"[PASSSTER_LISTS]\" data-area=\"[PASSSTER_AREA]\"\n                   data-protection=\"[PASSSTER_PROTECTION]\">\n            \n            <button name=\"submit\" type=\"submit\" class=\"passster-submit\" data-psid=\"ps-844\" data-post-id=\"738\" data-term-id=\"0\" \n                    data-submit=\"...Checking Password\" data-redirect=\"\">Freischalten\n            <\/button>\n            <div class=\"passster-error\"><\/div>\n        <\/fieldset>\n    <\/form>\n<\/div>\n[\/vc_column_text][\/vc_column][\/vc_row][vc_row][vc_column]<div class=\"ult_exp_section_layer ult-adjust-bottom-margin  \" >\n\t<div id=\"uvc-exp-wrap-2455\"   data-ultimate-target='#uvc-exp-wrap-2455'  data-responsive-json-new='{\"font-size\":\"desktop:20px;\",\"line-height\":\"desktop:20px;\"}'  class=\"ult_exp_section  ult-responsive \" style=\"color:#ffffff;background-color:#1e73be;font-family:Alfa Slab One;font-weight:bold;  text-align:center;\" data-textcolor=\"#ffffff\"data-texthover=\"#333333\"data-icncolor=\"#333333\"data-ihover=\"#333333\"data-height=\"0\"data-cntbg=\"#1e73be\"data-cnthvrbg=\"#e5e5e5\"data-headerbg=\"#1e73be\"data-headerhover=\"#e5e5e5\"data-title=\"BILDER\"data-newtitle=\"BILDER\"data-icon=\"\"data-newicon=\"\"data-activeicon=\"#333333\"data-effect=\"slideToggle\"data-override=\"0\"data-activetitle=\"#333333\"data-activebg=\"#dbdbdb\"data-img=\"\"data-newimg=\"\"><div  class=\"ult_exp_section-main \">\n\t\t\t\t\t<div class=\"ult_expheader\" >BILDER\n\t\t\t\t\t <\/div><\/div>\n\t\t\t\t<\/div><div class=\"ult_exp_content \" style=\"background-color:#000000;  \"><div class=\"ult_ecpsub_cont\" style=\" \" >[vc_column_text]<\/p>\n\n<p>[\/vc_column_text]<\/div><\/div>\n\n\t\t\t<\/div>[\/vc_column][\/vc_row]<\/p>\n<\/section>","protected":false},"excerpt":{"rendered":"<p>[vc_row][vc_column][vc_column_text] [pe2-image src=&#8221;http:\/\/lh3.googleusercontent.com\/-7FreYpXyAoU\/Vby7AN-skpI\/AAAAAAAAV4A\/iUBSb3uvwWw\/s144-c-o\/20150731-133601-00083-20150731-133601-00088-_DSC8041_Screen.jpg&#8221; href=&#8221;https:\/\/picasaweb.google.com\/112885246866780528333\/20150731EnningalmStepbergTrails?authkey=Gv1sRgCKOo8OTPvI69dg#6178018401272500882&#8243; caption=&#8221;&#8221; type=&#8221;image&#8221; alt=&#8221;20150731-133601-00083-20150731-133601-00088-_DSC8041_Screen.jpg&#8221; ] Enningalm-Trail und Stepbergalm-Trail 31. Juli 2015 &nbsp; Holla die Waldfee &#8211; das war ein Trailride! Ein Klassiker in der Region der Zugspitzregion um Garmisch. Zwei tolle und anspruchsvolle Downhills gepaart mit herrlichem Panorama. [\/vc_column_text][\/vc_column][\/vc_row][vc_row][vc_column][vc_text_separator title=&#8221;B E S C H R E I \u2026 <a class=\"continue-reading-link\" href=\"https:\/\/blog.sickculture.de\/?page_id=738\"> Continue reading<\/a><\/p>\n","protected":false},"author":1,"featured_media":0,"parent":90,"menu_order":0,"comment_status":"closed","ping_status":"closed","template":"","meta":{"_s2mail":"yes","ngg_post_thumbnail":0,"footnotes":""},"categories":[11,4],"class_list":["post-738","page","type-page","status-publish","hentry","category-11","category-mountainbike"],"jetpack_shortlink":"https:\/\/wp.me\/P7EPUT-bU","jetpack_sharing_enabled":true,"_links":{"self":[{"href":"https:\/\/blog.sickculture.de\/index.php?rest_route=\/wp\/v2\/pages\/738","targetHints":{"allow":["GET"]}}],"collection":[{"href":"https:\/\/blog.sickculture.de\/index.php?rest_route=\/wp\/v2\/pages"}],"about":[{"href":"https:\/\/blog.sickculture.de\/index.php?rest_route=\/wp\/v2\/types\/page"}],"author":[{"embeddable":true,"href":"https:\/\/blog.sickculture.de\/index.php?rest_route=\/wp\/v2\/users\/1"}],"replies":[{"embeddable":true,"href":"https:\/\/blog.sickculture.de\/index.php?rest_route=%2Fwp%2Fv2%2Fcomments&post=738"}],"version-history":[{"count":4,"href":"https:\/\/blog.sickculture.de\/index.php?rest_route=\/wp\/v2\/pages\/738\/revisions"}],"predecessor-version":[{"id":1364,"href":"https:\/\/blog.sickculture.de\/index.php?rest_route=\/wp\/v2\/pages\/738\/revisions\/1364"}],"up":[{"embeddable":true,"href":"https:\/\/blog.sickculture.de\/index.php?rest_route=\/wp\/v2\/pages\/90"}],"wp:attachment":[{"href":"https:\/\/blog.sickculture.de\/index.php?rest_route=%2Fwp%2Fv2%2Fmedia&parent=738"}],"wp:term":[{"taxonomy":"category","embeddable":true,"href":"https:\/\/blog.sickculture.de\/index.php?rest_route=%2Fwp%2Fv2%2Fcategories&post=738"}],"curies":[{"name":"wp","href":"https:\/\/api.w.org\/{rel}","templated":true}]}}