{"id":754,"date":"2015-08-24T10:15:18","date_gmt":"2015-08-24T10:15:18","guid":{"rendered":"http:\/\/blog.sickculture.de\/?page_id=754"},"modified":"2021-07-05T08:28:05","modified_gmt":"2021-07-05T08:28:05","slug":"2015-08-vinschgau-to-garda-trails","status":"publish","type":"page","link":"https:\/\/blog.sickculture.de\/?page_id=754","title":{"rendered":"2015.08 Vinschgau to Garda Trails"},"content":{"rendered":"<section class=\"wpb-content-wrapper\"><p>[vc_row][vc_column][vc_column_text]<\/p>\n<p class=\"clear\">[pe2-image src=&#8221;http:\/\/lh3.googleusercontent.com\/-N_Ux6roPmz4\/VdnkSVzM_uI\/AAAAAAAAWmc\/YYyTM6r-rWs\/s144-c-o\/20150818-155235-00057-20150818-155235-00162-_DSC8366_Screen.jpg&#8221; href=&#8221;https:\/\/picasaweb.google.com\/112885246866780528333\/20150818SchartltourHolyHansen?authkey=Gv1sRgCNuhzf3kveOiCw#6186226566910770914&#8243; caption=&#8221;&#8221; type=&#8221;image&#8221; alt=&#8221;20150818-155235-00057-20150818-155235-00162-_DSC8366_Screen.jpg&#8221; ]<\/p>\n<h1 style=\"text-align: center;\"><strong><span style=\"color: #99cc00;\">From Vinschgau to Lake Garda<\/span><br \/>\n<\/strong><\/h1>\n<h2 style=\"text-align: center;\"><span style=\"color: #808080;\"><em>6 Days Trailrocken\u2026<\/em><\/span><\/h2>\n<h2 style=\"text-align: center;\">15.-20. August 2015<\/h2>\n<table>\n<tbody>\n<tr>\n<td><a href=\"http:\/\/blog.sickculture.de\/wp-content\/uploads\/2014\/08\/logo_vinschgaubike.png\"><img loading=\"lazy\" decoding=\"async\" class=\"size-full wp-image-456 alignright\" src=\"http:\/\/blog.sickculture.de\/wp-content\/uploads\/2014\/08\/logo_vinschgaubike.png\" alt=\"logo_vinschgaubike\" width=\"129\" height=\"91\" srcset=\"https:\/\/blog.sickculture.de\/wp-content\/uploads\/2014\/08\/logo_vinschgaubike.png 255w, https:\/\/blog.sickculture.de\/wp-content\/uploads\/2014\/08\/logo_vinschgaubike-212x150.png 212w, https:\/\/blog.sickculture.de\/wp-content\/uploads\/2014\/08\/logo_vinschgaubike-150x105.png 150w\" sizes=\"auto, (max-width: 129px) 100vw, 129px\" \/><\/a><\/td>\n<td><a href=\"http:\/\/blog.sickculture.de\/wp-content\/uploads\/2015\/05\/InGardaTrentino.png\"><img loading=\"lazy\" decoding=\"async\" class=\"wp-image-590 alignleft\" src=\"http:\/\/blog.sickculture.de\/wp-content\/uploads\/2015\/05\/InGardaTrentino.png\" alt=\"InGardaTrentino\" width=\"176\" height=\"90\"><\/a><\/td>\n<\/tr>\n<\/tbody>\n<\/table>\n<p>Eigentlich sollte ja alles anderst kommen. Geplannt war vorerst ein Alpencross, dann reduzierte sich das Vorhaben auf Gardasee und aufgrund einiger &#8220;Fehlplanungen&#8221; teilte sich der Trip in zwei Parts: 4 Tage Vinschgau, 2 Tage Gardasee. Wir wollten das dann noch mit einem Alpencross-Cartransfer von Gerhard\u00b4s Bruder verbinden und deshalb bin ich 2 Tage alleine im Vinschgau gewesen, danach gesellte sich Hardy dazu. Auf der Liste standen die Trails um Naturns\/Latsch, sowie zwei Klassiker am Lake Garda&#8230;[\/vc_column_text][\/vc_column][\/vc_row][vc_row][vc_column][vc_text_separator title=&#8221;B E S C H R E I B U N G&#8221;][\/vc_column][\/vc_row][vc_row][vc_column][vc_column_text]<\/p>\n<h1 style=\"text-align: center;\"><span style=\"color: #99cc00;\">VINSCHGAU<\/span><\/h1>\n<h3><strong>15.8. \u00d6tzitrails<br \/>\n<\/strong><\/h3>\n<p>Kaum \u00fcber den Reschenpass gefahren, begann das Wetter unbest\u00e4ndig zu werden. Was mich aber nicht vor dem ersten Ritt \u00fcber die Vinschger Trails abhielt. Also rauf auf den Hobel und den Hausberg \u00fcber Tabland hoch zur Mausloch\/Flatscheralm. Von dort beginnt ein S2\/S3 Trail namens \u00d6tzitrail. Die Auffahrt geht \u00fcber Asphalt, sp\u00e4ter auf Schotter relativ steil hoch. Und zu meinem Pech: A) begann es zu regnen, B) kannte ich den Trail schon vom letzten Vinschgau Besuch und C) ich wu\u00dfte, dass er Nass noch um einiges heftiger wird. Nasse Querlaufende Wurzeln und Matsch w\u00fcrzten die Trails um eine Stufe. Voll verdreckt und eingestimmt auf die kommenden Tage erreichte ich meine Pension.<\/p>\n<div class=\"passster-form\" id=\"ps-710\">\n    <form class=\"password-form\" method=\"post\" autocomplete=\"off\" target=\"_top\">\n        <span class=\"ps-form-headline\">Gesch\u00fctzter Bereich<\/span>\n        <div class=\"ps-form-instructions-wrap\">Dieser Inhalt ist passwortgesch\u00fctzt. Bitte gib dein Passwort ein um den Inhalt freizuschalten.<\/div>\n        <fieldset>\n            <span class=\"ps-loader\" style=\"display:none;\"><img decoding=\"async\" src=\"https:\/\/blog.sickculture.de\/wp-content\/plugins\/content-protector\/assets\/public\/ps-loader.svg\" alt=\"\" \/><\/span>\n            <label for=\"input-ps-710\" style=\"display:none;\" class=\"passster-hidden\">Trage dein Passwort ein<\/label>\n            <input placeholder=\"Gib dein Passwort ein..\" type=\"password\" tabindex=\"1\" name=\"passster_password\"\n                   id=\"input-ps-710\" class=\"passster-password\" autocomplete=\"off\"\n                   data-protection-type=\"password\" data-list=\"[PASSSTER_LIST]\" data-lists=\"[PASSSTER_LISTS]\" data-area=\"[PASSSTER_AREA]\"\n                   data-protection=\"[PASSSTER_PROTECTION]\">\n            \n            <button name=\"submit\" type=\"submit\" class=\"passster-submit\" data-psid=\"ps-710\" data-post-id=\"754\" data-term-id=\"0\" \n                    data-submit=\"...Checking Password\" data-redirect=\"\">Freischalten\n            <\/button>\n            <div class=\"passster-error\"><\/div>\n        <\/fieldset>\n    <\/form>\n<\/div>\n\n<hr>\n<p>&nbsp;<\/p>\n<h3><strong>16.8. Tarscher Alm &#8211; 4 gewinnt Trail<br \/>\n<\/strong><\/h3>\n<p>Heute ging es auf einen DH-Klassiker am N\u00f6rdersberg: den 4-gewinnt-Trail. Die Runde startet von Tabland auf dem Radweg nach Kastelbell und hoch nach Tarsch. Dann geht es auf der Stra\u00dfe noch ein wenig hoch zur Liftstation der Tarscher Sessellifte. Ich aber lies es mir nicht nehmen, die letzte H\u00e4fte zur Tarscher Alm auf Forstwegen hochzuradeln. Die Auffahrt war sehr anstrengend und der k\u00f6stliche Apfelstrudel auf der Tarscher Alm kam genau richtig. Danach gings \u00fcber Trails zur Latscher Alm. Danach folgt der 4er runter nach Latsch. Ein S2 Trail mit S3 Teilst\u00fccken. Schotter, Wurzeln, Steilheit &#8211; alles dabei. Auch der Flow kommt zwischendurch auf.<\/p>\n<div class=\"passster-form\" id=\"ps-124\">\n    <form class=\"password-form\" method=\"post\" autocomplete=\"off\" target=\"_top\">\n        <span class=\"ps-form-headline\">Gesch\u00fctzter Bereich<\/span>\n        <div class=\"ps-form-instructions-wrap\">Dieser Inhalt ist passwortgesch\u00fctzt. Bitte gib dein Passwort ein um den Inhalt freizuschalten.<\/div>\n        <fieldset>\n            <span class=\"ps-loader\" style=\"display:none;\"><img decoding=\"async\" src=\"https:\/\/blog.sickculture.de\/wp-content\/plugins\/content-protector\/assets\/public\/ps-loader.svg\" alt=\"\" \/><\/span>\n            <label for=\"input-ps-124\" style=\"display:none;\" class=\"passster-hidden\">Trage dein Passwort ein<\/label>\n            <input placeholder=\"Gib dein Passwort ein..\" type=\"password\" tabindex=\"1\" name=\"passster_password\"\n                   id=\"input-ps-124\" class=\"passster-password\" autocomplete=\"off\"\n                   data-protection-type=\"password\" data-list=\"[PASSSTER_LIST]\" data-lists=\"[PASSSTER_LISTS]\" data-area=\"[PASSSTER_AREA]\"\n                   data-protection=\"[PASSSTER_PROTECTION]\">\n            \n            <button name=\"submit\" type=\"submit\" class=\"passster-submit\" data-psid=\"ps-124\" data-post-id=\"754\" data-term-id=\"0\" \n                    data-submit=\"...Checking Password\" data-redirect=\"\">Freischalten\n            <\/button>\n            <div class=\"passster-error\"><\/div>\n        <\/fieldset>\n    <\/form>\n<\/div>\n\n<hr>\n<p>&nbsp;<\/p>\n<h3><strong>17.8. Propain Trail &#8211; Sunny Benny Trail<br \/>\n<\/strong><\/h3>\n<p>Heute soll sich Hardy dazugesellen. Da auf dem Fernpass einiges los war, versp\u00e4tete sich seine Ankunft und wir beschlossen uns in Latsch zu treffen. Ich fuhr dann mit dem Auto nach Latsch und dann weiter um den Propain Trail am Sonnenberg \u00fcber Schlanders in Angriff zu nehmen, bis Hardy eintrifft. Gute 600hm auf Asphalt geht\u00b4s hoch. Dann war der Einstieg (leider noch schlecht beschildert) sichtbar und mit viel Flow rauschte ich in einem Bruchteil der Uphillzeit runter ins Tal. Dann hie\u00df es zur\u00fcck nach Latsch an den Bahnhof, um mich mit Hardy zu treffen. Mit einer 3\/4 Stunde Versp\u00e4tung trafen wir uns und schon ging wieder hoch auf den Sonnenberg. Auch wieder tretend, ist doch klar. Diesmal wollen wir den Sunny Benny in Angriff nehmen. Ein S1-S2 Flowtrail der Spitzenklasse auf der Sonnenseite des Vinschgau\u00b4s (leider fehlte die besagte Sonne und wir waren wieder im Nebel und leichtem Regen unterwegs).<\/p>\n<div class=\"passster-form\" id=\"ps-361\">\n    <form class=\"password-form\" method=\"post\" autocomplete=\"off\" target=\"_top\">\n        <span class=\"ps-form-headline\">Gesch\u00fctzter Bereich<\/span>\n        <div class=\"ps-form-instructions-wrap\">Dieser Inhalt ist passwortgesch\u00fctzt. Bitte gib dein Passwort ein um den Inhalt freizuschalten.<\/div>\n        <fieldset>\n            <span class=\"ps-loader\" style=\"display:none;\"><img decoding=\"async\" src=\"https:\/\/blog.sickculture.de\/wp-content\/plugins\/content-protector\/assets\/public\/ps-loader.svg\" alt=\"\" \/><\/span>\n            <label for=\"input-ps-361\" style=\"display:none;\" class=\"passster-hidden\">Trage dein Passwort ein<\/label>\n            <input placeholder=\"Gib dein Passwort ein..\" type=\"password\" tabindex=\"1\" name=\"passster_password\"\n                   id=\"input-ps-361\" class=\"passster-password\" autocomplete=\"off\"\n                   data-protection-type=\"password\" data-list=\"[PASSSTER_LIST]\" data-lists=\"[PASSSTER_LISTS]\" data-area=\"[PASSSTER_AREA]\"\n                   data-protection=\"[PASSSTER_PROTECTION]\">\n            \n            <button name=\"submit\" type=\"submit\" class=\"passster-submit\" data-psid=\"ps-361\" data-post-id=\"754\" data-term-id=\"0\" \n                    data-submit=\"...Checking Password\" data-redirect=\"\">Freischalten\n            <\/button>\n            <div class=\"passster-error\"><\/div>\n        <\/fieldset>\n    <\/form>\n<\/div>\n\n<hr>\n<p>&nbsp;<\/p>\n<h3><strong>18.8. G\u00f6flaner Schartlkamm &#8211; HolyHansen Trail<br \/>\n<\/strong><\/h3>\n<p>Heute sollte ein &#8220;Geheimtipp&#8221; mit ordentlich H\u00f6henmetern unter die Stollen genommen werden. Wieder hie\u00df es mit dem Auto nach Morter zu fahren um dann anschlie\u00dfend auf der Stra\u00dfe hoch ins Martelltal zu fahren. In Morter Dorf wandelte sich der Charakter der Tour. Jetzt hie\u00df es Schotter und dazu noch recht steil. Gute 200-300hm auf ca. 17% Steigung schiebender Weise, danach hie\u00df es 300-500hm noch schulternd hoch zur G\u00f6flaner Scharte. Die Aussicht auf das Martelltal und das Vinschgau ist super hier oben. Nach einer Rast hie\u00df es ab die Rakete. Zuerst am Kamm entlang und dann bergab. Anfangs flowig, dann hackelig und im unteren Teil wieder flowig bis zum Haslhof. Ein kurze Rast und die Weiterfahrt auf dem Holy Hansen gen Tal kam als n\u00e4chster Step. Der Holy Hansen ist ein Flow Trail der besonderen Art. K\u00fcnstliche Anlieger, Drops und Wellen. Super Trail mit fettem Grinsen!<\/p>\n<div class=\"passster-form\" id=\"ps-620\">\n    <form class=\"password-form\" method=\"post\" autocomplete=\"off\" target=\"_top\">\n        <span class=\"ps-form-headline\">Gesch\u00fctzter Bereich<\/span>\n        <div class=\"ps-form-instructions-wrap\">Dieser Inhalt ist passwortgesch\u00fctzt. Bitte gib dein Passwort ein um den Inhalt freizuschalten.<\/div>\n        <fieldset>\n            <span class=\"ps-loader\" style=\"display:none;\"><img decoding=\"async\" src=\"https:\/\/blog.sickculture.de\/wp-content\/plugins\/content-protector\/assets\/public\/ps-loader.svg\" alt=\"\" \/><\/span>\n            <label for=\"input-ps-620\" style=\"display:none;\" class=\"passster-hidden\">Trage dein Passwort ein<\/label>\n            <input placeholder=\"Gib dein Passwort ein..\" type=\"password\" tabindex=\"1\" name=\"passster_password\"\n                   id=\"input-ps-620\" class=\"passster-password\" autocomplete=\"off\"\n                   data-protection-type=\"password\" data-list=\"[PASSSTER_LIST]\" data-lists=\"[PASSSTER_LISTS]\" data-area=\"[PASSSTER_AREA]\"\n                   data-protection=\"[PASSSTER_PROTECTION]\">\n            \n            <button name=\"submit\" type=\"submit\" class=\"passster-submit\" data-psid=\"ps-620\" data-post-id=\"754\" data-term-id=\"0\" \n                    data-submit=\"...Checking Password\" data-redirect=\"\">Freischalten\n            <\/button>\n            <div class=\"passster-error\"><\/div>\n        <\/fieldset>\n    <\/form>\n<\/div>\n\n<hr>\n<h1 style=\"text-align: center;\"><span style=\"color: #99cc00;\">GARDASEE<\/span><\/h1>\n<h3><strong>19.8. Pasubio<br \/>\n<\/strong><\/h3>\n<p>Heute sollte der Pasubio mit Abfahrt \u00fcber die Bocchetta dei Foxi anstehen. Aber der Wettergott war nicht auf unserer vollen Seite. Wir trotzten dem Regen und ich konnte Hardy \u00fcberreden, mal hochzutreten. Bis zum Rif. Papa sind wir gekommen &#8211; kurz vor der Pasubio Scharte (wiedermal). Dann verlies Hardy die Abenteuerlust und nach hin und her fuhren wir die selbe Abfahrt zur\u00fcck zum Auto. Das Bauwerk der &#8220;Stra\u00dfe der Helden&#8221; im Fels des Pasubio\u00b4s ist einfach gigantisch. Ich komme definitiv wieder, in der Hoffnung mal einen sch\u00f6nen Tag zu erwischen.<\/p>\n<div class=\"passster-form\" id=\"ps-137\">\n    <form class=\"password-form\" method=\"post\" autocomplete=\"off\" target=\"_top\">\n        <span class=\"ps-form-headline\">Gesch\u00fctzter Bereich<\/span>\n        <div class=\"ps-form-instructions-wrap\">Dieser Inhalt ist passwortgesch\u00fctzt. Bitte gib dein Passwort ein um den Inhalt freizuschalten.<\/div>\n        <fieldset>\n            <span class=\"ps-loader\" style=\"display:none;\"><img decoding=\"async\" src=\"https:\/\/blog.sickculture.de\/wp-content\/plugins\/content-protector\/assets\/public\/ps-loader.svg\" alt=\"\" \/><\/span>\n            <label for=\"input-ps-137\" style=\"display:none;\" class=\"passster-hidden\">Trage dein Passwort ein<\/label>\n            <input placeholder=\"Gib dein Passwort ein..\" type=\"password\" tabindex=\"1\" name=\"passster_password\"\n                   id=\"input-ps-137\" class=\"passster-password\" autocomplete=\"off\"\n                   data-protection-type=\"password\" data-list=\"[PASSSTER_LIST]\" data-lists=\"[PASSSTER_LISTS]\" data-area=\"[PASSSTER_AREA]\"\n                   data-protection=\"[PASSSTER_PROTECTION]\">\n            \n            <button name=\"submit\" type=\"submit\" class=\"passster-submit\" data-psid=\"ps-137\" data-post-id=\"754\" data-term-id=\"0\" \n                    data-submit=\"...Checking Password\" data-redirect=\"\">Freischalten\n            <\/button>\n            <div class=\"passster-error\"><\/div>\n        <\/fieldset>\n    <\/form>\n<\/div>\n\n<hr>\n<p>&nbsp;<\/p>\n<h3><strong>20.8. Altissimo &#8211; Donkey Track<br \/>\n<\/strong><\/h3>\n<p>Der letzte Tag in Riva, leider! Heute wollten wir einen Insidertrail auf der Monte Baldo R\u00fcckseite fahren. Also zuerst mit dem Auto ein kleines St\u00fcck hoch nach Brentanico. Dann mit dem Bike gem\u00fctlich auf der Stra\u00dfe hoch (zusammen mit Motorradrowdys und Autoged\u00f6se). Nach kurzer verdienter Rast ermutigte ich Hardy noch vor dem Trail den Altissimo zu befahren. Die alte Milit\u00e4rstra\u00dfe war gut befahrbar und zwang uns nur ein 1-2 Stellen vom Sattel. Die Aussicht war wieder super und das Wetter spielte auch wieder mit. Zur\u00fcck gings auf dem selben Weg und wir bogen dann links ab Richtung Malga Campo. Von dort f\u00fchrt ein Trail hinter der H\u00fctte hinunter: der Donkey Track unter Insidern genannt. Anfangs noch ausgesetzt aber fahrbar wird er immer fl\u00fcssiger zu fahren. Ein Supertrail! Er endet wie sein Name schon andeutet an einem Gehege mit Donkey\u00b4s (Eseln). Leider war nun der Urlaub zu Ende und ich mu\u00dfte die Heimreise antreten.<\/p>\n<div class=\"passster-form\" id=\"ps-644\">\n    <form class=\"password-form\" method=\"post\" autocomplete=\"off\" target=\"_top\">\n        <span class=\"ps-form-headline\">Gesch\u00fctzter Bereich<\/span>\n        <div class=\"ps-form-instructions-wrap\">Dieser Inhalt ist passwortgesch\u00fctzt. Bitte gib dein Passwort ein um den Inhalt freizuschalten.<\/div>\n        <fieldset>\n            <span class=\"ps-loader\" style=\"display:none;\"><img decoding=\"async\" src=\"https:\/\/blog.sickculture.de\/wp-content\/plugins\/content-protector\/assets\/public\/ps-loader.svg\" alt=\"\" \/><\/span>\n            <label for=\"input-ps-644\" style=\"display:none;\" class=\"passster-hidden\">Trage dein Passwort ein<\/label>\n            <input placeholder=\"Gib dein Passwort ein..\" type=\"password\" tabindex=\"1\" name=\"passster_password\"\n                   id=\"input-ps-644\" class=\"passster-password\" autocomplete=\"off\"\n                   data-protection-type=\"password\" data-list=\"[PASSSTER_LIST]\" data-lists=\"[PASSSTER_LISTS]\" data-area=\"[PASSSTER_AREA]\"\n                   data-protection=\"[PASSSTER_PROTECTION]\">\n            \n            <button name=\"submit\" type=\"submit\" class=\"passster-submit\" data-psid=\"ps-644\" data-post-id=\"754\" data-term-id=\"0\" \n                    data-submit=\"...Checking Password\" data-redirect=\"\">Freischalten\n            <\/button>\n            <div class=\"passster-error\"><\/div>\n        <\/fieldset>\n    <\/form>\n<\/div>\n[\/vc_column_text][\/vc_column][\/vc_row][vc_row][vc_column][vc_text_separator title=&#8221;F A Z I T&#8221;][\/vc_column][\/vc_row][vc_row][vc_column][vc_column_text]<em>Trotz dem wechselhaften Wetter war dieser Biketrip absolut genial. Die Unterk\u00fcnfte passten, die Touren waren in der Summe super und wenn man sich abseits der Hauptschlagader der Wanderer bewegt, sind die Trails gigantisch wie immer. 200km auf 8800hm k\u00f6nnen sich sehen lassen. Kein Shuttle, kein Lift &#8211; alles purer Wadelpower!<br \/>\n<\/em>[\/vc_column_text][\/vc_column][\/vc_row][vc_row][vc_column]<div class=\"ult_exp_section_layer ult-adjust-bottom-margin  \" >\n\t<div id=\"uvc-exp-wrap-4895\"   data-ultimate-target='#uvc-exp-wrap-4895'  data-responsive-json-new='{\"font-size\":\"desktop:20px;\",\"line-height\":\"desktop:20px;\"}'  class=\"ult_exp_section  ult-responsive \" style=\"color:#ffffff;background-color:#1e73be;font-family:Alfa Slab One;font-weight:bold;  text-align:center;\" data-textcolor=\"#ffffff\"data-texthover=\"#333333\"data-icncolor=\"#333333\"data-ihover=\"#333333\"data-height=\"0\"data-cntbg=\"#1e73be\"data-cnthvrbg=\"#e5e5e5\"data-headerbg=\"#1e73be\"data-headerhover=\"#e5e5e5\"data-title=\"BILDER\"data-newtitle=\"BILDER\"data-icon=\"\"data-newicon=\"\"data-activeicon=\"#333333\"data-effect=\"slideToggle\"data-override=\"0\"data-activetitle=\"#333333\"data-activebg=\"#dbdbdb\"data-img=\"\"data-newimg=\"\"><div  class=\"ult_exp_section-main \">\n\t\t\t\t\t<div class=\"ult_expheader\" >BILDER\n\t\t\t\t\t <\/div><\/div>\n\t\t\t\t<\/div><div class=\"ult_exp_content \" style=\"background-color:#000000;  \"><div class=\"ult_ecpsub_cont\" style=\" \" >[vc_tta_tabs][vc_tta_section title=&#8221;\u00d6tzitrails&#8221; tab_id=&#8221;1625473588322-6818675b-fa36&#8243;][vc_column_text]<\/p>\n\n<p>[\/vc_column_text][\/vc_tta_section][vc_tta_section title=&#8221;Tarscher-4gewinnt&#8221; tab_id=&#8221;1625473588352-3f87560d-580a&#8221;][vc_column_text]<\/p>\n\n<p>[\/vc_column_text][\/vc_tta_section][vc_tta_section title=&#8221;Propain-SunnyBenny&#8221; tab_id=&#8221;1625473591568-b2e28630-9711&#8243;][vc_column_text]<\/p>\n\n<p>[\/vc_column_text][\/vc_tta_section][vc_tta_section title=&#8221;G\u00f6flaner Schartlkamm&#8221; tab_id=&#8221;1625473592414-5a4e132f-ba55&#8243;][vc_column_text]<\/p>\n\n<p>[\/vc_column_text][\/vc_tta_section][vc_tta_section title=&#8221;Pasubio&#8221; tab_id=&#8221;1625473593509-af025bdf-c6fd&#8221;][vc_column_text]<\/p>\n\n<p>[\/vc_column_text][\/vc_tta_section][vc_tta_section title=&#8221;DonkeyTrack&#8221; tab_id=&#8221;1625473594380-20a8584f-ad23&#8243;][vc_column_text]<\/p>\n\n<p>[\/vc_column_text][\/vc_tta_section][\/vc_tta_tabs]<\/div><\/div>\n\n\t\t\t<\/div>[\/vc_column][\/vc_row]<\/p>\n<\/section>","protected":false},"excerpt":{"rendered":"<p>[vc_row][vc_column][vc_column_text] [pe2-image src=&#8221;http:\/\/lh3.googleusercontent.com\/-N_Ux6roPmz4\/VdnkSVzM_uI\/AAAAAAAAWmc\/YYyTM6r-rWs\/s144-c-o\/20150818-155235-00057-20150818-155235-00162-_DSC8366_Screen.jpg&#8221; href=&#8221;https:\/\/picasaweb.google.com\/112885246866780528333\/20150818SchartltourHolyHansen?authkey=Gv1sRgCNuhzf3kveOiCw#6186226566910770914&#8243; caption=&#8221;&#8221; type=&#8221;image&#8221; alt=&#8221;20150818-155235-00057-20150818-155235-00162-_DSC8366_Screen.jpg&#8221; ] From Vinschgau to Lake Garda 6 Days Trailrocken\u2026 15.-20. August 2015 Eigentlich sollte ja alles anderst kommen. Geplannt war vorerst ein Alpencross, dann reduzierte sich das Vorhaben auf Gardasee und aufgrund einiger &#8220;Fehlplanungen&#8221; teilte sich der Trip in zwei Parts: 4 Tage \u2026 <a class=\"continue-reading-link\" href=\"https:\/\/blog.sickculture.de\/?page_id=754\"> Continue reading<\/a><\/p>\n","protected":false},"author":1,"featured_media":0,"parent":90,"menu_order":0,"comment_status":"closed","ping_status":"closed","template":"","meta":{"_s2mail":"yes","ngg_post_thumbnail":0,"footnotes":""},"categories":[11,4],"class_list":["post-754","page","type-page","status-publish","hentry","category-11","category-mountainbike"],"jetpack_shortlink":"https:\/\/wp.me\/P7EPUT-ca","jetpack_sharing_enabled":true,"_links":{"self":[{"href":"https:\/\/blog.sickculture.de\/index.php?rest_route=\/wp\/v2\/pages\/754","targetHints":{"allow":["GET"]}}],"collection":[{"href":"https:\/\/blog.sickculture.de\/index.php?rest_route=\/wp\/v2\/pages"}],"about":[{"href":"https:\/\/blog.sickculture.de\/index.php?rest_route=\/wp\/v2\/types\/page"}],"author":[{"embeddable":true,"href":"https:\/\/blog.sickculture.de\/index.php?rest_route=\/wp\/v2\/users\/1"}],"replies":[{"embeddable":true,"href":"https:\/\/blog.sickculture.de\/index.php?rest_route=%2Fwp%2Fv2%2Fcomments&post=754"}],"version-history":[{"count":10,"href":"https:\/\/blog.sickculture.de\/index.php?rest_route=\/wp\/v2\/pages\/754\/revisions"}],"predecessor-version":[{"id":1615,"href":"https:\/\/blog.sickculture.de\/index.php?rest_route=\/wp\/v2\/pages\/754\/revisions\/1615"}],"up":[{"embeddable":true,"href":"https:\/\/blog.sickculture.de\/index.php?rest_route=\/wp\/v2\/pages\/90"}],"wp:attachment":[{"href":"https:\/\/blog.sickculture.de\/index.php?rest_route=%2Fwp%2Fv2%2Fmedia&parent=754"}],"wp:term":[{"taxonomy":"category","embeddable":true,"href":"https:\/\/blog.sickculture.de\/index.php?rest_route=%2Fwp%2Fv2%2Fcategories&post=754"}],"curies":[{"name":"wp","href":"https:\/\/api.w.org\/{rel}","templated":true}]}}