{"id":790,"date":"2015-10-06T06:49:13","date_gmt":"2015-10-06T06:49:13","guid":{"rendered":"http:\/\/blog.sickculture.de\/?page_id=790"},"modified":"2019-02-13T12:43:24","modified_gmt":"2019-02-13T12:43:24","slug":"2015-10-biketeam-villenbach-enningalm-trail","status":"publish","type":"page","link":"https:\/\/blog.sickculture.de\/?page_id=790","title":{"rendered":"2015.10 Biketeam Villenbach &#8211; Enningalm Trail"},"content":{"rendered":"<section class=\"wpb-content-wrapper\"><p>[vc_row][vc_column][vc_column_text]<\/p>\n<h1 style=\"text-align: center;\">[pe2-image src=&#8221;http:\/\/lh3.googleusercontent.com\/-qB5NrcMWi2o\/VhNnoCzLwvI\/AAAAAAAAXsg\/K64cvhYViiU\/s144-c-o\/20151003-140027-00046-_DSC9386_Screen-2.jpg&#8221; href=&#8221;https:\/\/picasaweb.google.com\/112885246866780528333\/20151003EnningalmBiketeam?authkey=Gv1sRgCIf6qJnWpbzjqgE#6202415049463284466&#8243; caption=&#8221;&#8221; type=&#8221;image&#8221; alt=&#8221;20151003-140027-00046-_DSC9386_Screen-2.jpg&#8221; ]<\/h1>\n<h1 style=\"text-align: center;\">&nbsp;<\/h1>\n<h1 style=\"text-align: center;\"><span style=\"color: #3366ff;\"><strong>Biketeam SV Villenbach:<\/strong><\/span><\/h1>\n<h1 style=\"text-align: center;\"><span style=\"color: #3366ff;\"><strong>Enningalm-Trail<br \/>\n<\/strong><\/span><\/h1>\n<h2 style=\"text-align: center;\">3. Oktober 2015<\/h2>\n<p>&nbsp;<\/p>\n<p style=\"text-align: center;\">Heute ging es mit dem Biketeam SV Villenbach von Ettal \u00fcber Farchant zur Enningalm hoch.<\/p>\n<p>[\/vc_column_text][\/vc_column][\/vc_row][vc_row][vc_column][vc_text_separator title=&#8221;B E S C H R E I B U N G&#8221;][\/vc_column][\/vc_row][vc_row][vc_column][vc_column_text]<\/p>\n<h3><strong>Enningalm Trail<br \/>\n<\/strong><\/h3>\n<p>Unsere diesj\u00e4hrige Alpentour ging von Ettal \u00fcber Farchant hoch zur Enningalm. Fr\u00fch morgens starteten wir in einer kleinen Gruppe vom Parkplatz der Alten M\u00fchle in Ettal am Waldrand entlang, um kurz sp\u00e4ter die Abfahrt nach Oberau und den Weiterweg \u00fcber eine steile Forststra\u00dfe hoch zur Enningalm in Angriff zu nehmen. Dabei mu\u00dften etwa 1100 H\u00f6henmeter auf Rampen bis 18 Prozent Steigung \u00fcberwunden werden. Kurz vor der Alm kommt nochmals der Hammer &#8211; eine extrem steile Passage auf einem Karrenweg. Wer hier schiebt mu\u00df sich nicht sch\u00e4men! Leider hatte die Enningalm schon geschlossen, aber das hielt keinen der gut 20 Biker auf, sich dieses Ziel an diesem sch\u00f6nen Herbsttag auszusuchen. Nach einer kurzen Rast trailten wir \u00fcber die Almwiese hin\u00fcber zum Einstieg des Enningberg-Rotmoos-Trails. Dieser handtuchbreite Pfad schl\u00e4ngelt sich zuerst am abfallenden Hang entlang, bevor in Serpentinen nach unten kippt und kurz vor der Rotmoos-Alm endet. Wer hier noch Lust versp\u00fcrt, kann noch zur Stepbergalm abbiegen. Wir jedoch fuhren gem\u00fctlich nach Ettal zur\u00fcck und beendeten am Nachmittag unsere Runde mit lecker Kuchen und Cappuccino. Mit dabei: Pit, Christian, Tamo, Hardy und Tom<\/p>\n<p>&nbsp;<\/p>\n<div class=\"passster-form\" id=\"ps-461\">\n    <form class=\"password-form\" method=\"post\" autocomplete=\"off\" target=\"_top\">\n        <span class=\"ps-form-headline\">Gesch\u00fctzter Bereich<\/span>\n        <div class=\"ps-form-instructions-wrap\">Dieser Inhalt ist passwortgesch\u00fctzt. Bitte gib dein Passwort ein um den Inhalt freizuschalten.<\/div>\n        <fieldset>\n            <span class=\"ps-loader\" style=\"display:none;\"><img decoding=\"async\" src=\"https:\/\/blog.sickculture.de\/wp-content\/plugins\/content-protector\/assets\/public\/ps-loader.svg\" alt=\"\" \/><\/span>\n            <label for=\"input-ps-461\" style=\"display:none;\" class=\"passster-hidden\">Trage dein Passwort ein<\/label>\n            <input placeholder=\"Gib dein Passwort ein..\" type=\"password\" tabindex=\"1\" name=\"passster_password\"\n                   id=\"input-ps-461\" class=\"passster-password\" autocomplete=\"off\"\n                   data-protection-type=\"password\" data-list=\"[PASSSTER_LIST]\" data-lists=\"[PASSSTER_LISTS]\" data-area=\"[PASSSTER_AREA]\"\n                   data-protection=\"[PASSSTER_PROTECTION]\">\n            \n            <button name=\"submit\" type=\"submit\" class=\"passster-submit\" data-psid=\"ps-461\" data-post-id=\"790\" data-term-id=\"0\" \n                    data-submit=\"...Checking Password\" data-redirect=\"\">Freischalten\n            <\/button>\n            <div class=\"passster-error\"><\/div>\n        <\/fieldset>\n    <\/form>\n<\/div>\n[\/vc_column_text][\/vc_column][\/vc_row][vc_row][vc_column]<div class=\"ult_exp_section_layer ult-adjust-bottom-margin  \" >\n\t<div id=\"uvc-exp-wrap-7439\"   data-ultimate-target='#uvc-exp-wrap-7439'  data-responsive-json-new='{\"font-size\":\"desktop:20px;\",\"line-height\":\"desktop:20px;\"}'  class=\"ult_exp_section  ult-responsive \" style=\"color:#ffffff;background-color:#1e73be;font-family:Alfa Slab One;font-weight:bold;  text-align:center;\" data-textcolor=\"#ffffff\"data-texthover=\"#333333\"data-icncolor=\"#333333\"data-ihover=\"#333333\"data-height=\"0\"data-cntbg=\"#1e73be\"data-cnthvrbg=\"#e5e5e5\"data-headerbg=\"#1e73be\"data-headerhover=\"#e5e5e5\"data-title=\"BILDER\"data-newtitle=\"BILDER\"data-icon=\"\"data-newicon=\"\"data-activeicon=\"#333333\"data-effect=\"slideToggle\"data-override=\"0\"data-activetitle=\"#333333\"data-activebg=\"#dbdbdb\"data-img=\"\"data-newimg=\"\"><div  class=\"ult_exp_section-main \">\n\t\t\t\t\t<div class=\"ult_expheader\" >BILDER\n\t\t\t\t\t <\/div><\/div>\n\t\t\t\t<\/div><div class=\"ult_exp_content \" style=\"background-color:#000000;  \"><div class=\"ult_ecpsub_cont\" style=\" \" >[vc_column_text]<\/p>\n\n<p>[\/vc_column_text]<\/div><\/div>\n\n\t\t\t<\/div>[\/vc_column][\/vc_row]<\/p>\n<\/section>","protected":false},"excerpt":{"rendered":"<p>[vc_row][vc_column][vc_column_text] [pe2-image src=&#8221;http:\/\/lh3.googleusercontent.com\/-qB5NrcMWi2o\/VhNnoCzLwvI\/AAAAAAAAXsg\/K64cvhYViiU\/s144-c-o\/20151003-140027-00046-_DSC9386_Screen-2.jpg&#8221; href=&#8221;https:\/\/picasaweb.google.com\/112885246866780528333\/20151003EnningalmBiketeam?authkey=Gv1sRgCIf6qJnWpbzjqgE#6202415049463284466&#8243; caption=&#8221;&#8221; type=&#8221;image&#8221; alt=&#8221;20151003-140027-00046-_DSC9386_Screen-2.jpg&#8221; ] &nbsp; Biketeam SV Villenbach: Enningalm-Trail 3. Oktober 2015 &nbsp; Heute ging es mit dem Biketeam SV Villenbach von Ettal \u00fcber Farchant zur Enningalm hoch. [\/vc_column_text][\/vc_column][\/vc_row][vc_row][vc_column][vc_text_separator title=&#8221;B E S C H R E I B U N G&#8221;][\/vc_column][\/vc_row][vc_row][vc_column][vc_column_text] Enningalm Trail Unsere diesj\u00e4hrige Alpentour \u2026 <a class=\"continue-reading-link\" href=\"https:\/\/blog.sickculture.de\/?page_id=790\"> Continue reading<\/a><\/p>\n","protected":false},"author":1,"featured_media":0,"parent":90,"menu_order":0,"comment_status":"closed","ping_status":"closed","template":"","meta":{"_s2mail":"yes","ngg_post_thumbnail":0,"footnotes":""},"categories":[11,4],"class_list":["post-790","page","type-page","status-publish","hentry","category-11","category-mountainbike"],"jetpack_shortlink":"https:\/\/wp.me\/P7EPUT-cK","jetpack_sharing_enabled":true,"_links":{"self":[{"href":"https:\/\/blog.sickculture.de\/index.php?rest_route=\/wp\/v2\/pages\/790","targetHints":{"allow":["GET"]}}],"collection":[{"href":"https:\/\/blog.sickculture.de\/index.php?rest_route=\/wp\/v2\/pages"}],"about":[{"href":"https:\/\/blog.sickculture.de\/index.php?rest_route=\/wp\/v2\/types\/page"}],"author":[{"embeddable":true,"href":"https:\/\/blog.sickculture.de\/index.php?rest_route=\/wp\/v2\/users\/1"}],"replies":[{"embeddable":true,"href":"https:\/\/blog.sickculture.de\/index.php?rest_route=%2Fwp%2Fv2%2Fcomments&post=790"}],"version-history":[{"count":3,"href":"https:\/\/blog.sickculture.de\/index.php?rest_route=\/wp\/v2\/pages\/790\/revisions"}],"predecessor-version":[{"id":1358,"href":"https:\/\/blog.sickculture.de\/index.php?rest_route=\/wp\/v2\/pages\/790\/revisions\/1358"}],"up":[{"embeddable":true,"href":"https:\/\/blog.sickculture.de\/index.php?rest_route=\/wp\/v2\/pages\/90"}],"wp:attachment":[{"href":"https:\/\/blog.sickculture.de\/index.php?rest_route=%2Fwp%2Fv2%2Fmedia&parent=790"}],"wp:term":[{"taxonomy":"category","embeddable":true,"href":"https:\/\/blog.sickculture.de\/index.php?rest_route=%2Fwp%2Fv2%2Fcategories&post=790"}],"curies":[{"name":"wp","href":"https:\/\/api.w.org\/{rel}","templated":true}]}}