{"id":805,"date":"2015-11-09T10:14:30","date_gmt":"2015-11-09T10:14:30","guid":{"rendered":"http:\/\/blog.sickculture.de\/?page_id=805"},"modified":"2019-02-13T12:33:45","modified_gmt":"2019-02-13T12:33:45","slug":"2015-11-vom-baerenkoepfle-zum-mittag-allgaeu","status":"publish","type":"page","link":"https:\/\/blog.sickculture.de\/?page_id=805","title":{"rendered":"2015.11 Vom B\u00e4renk\u00f6pfle zum Mittag &#8211; Allg\u00e4u"},"content":{"rendered":"<section class=\"wpb-content-wrapper\"><p>[vc_row][vc_column][vc_column_text]<\/p>\n<h1 style=\"text-align: center;\">[pe2-image src=&#8221;http:\/\/lh3.googleusercontent.com\/-ZNHqUh4nh2U\/VkBt0vbniCI\/AAAAAAAAYZM\/HxlITBotkpA\/s144-c-o\/20151108-132709-00062-_DSC9910-Pano_Screen.jpg&#8221; href=&#8221;https:\/\/picasaweb.google.com\/112885246866780528333\/20151108WandernGunzesriedBarenkopleMittag?authkey=Gv1sRgCIz4-tfPj4-huAE#6215088238624213026&#8243; caption=&#8221;&#8221; type=&#8221;image&#8221; alt=&#8221;20151108-132709-00062-_DSC9910-Pano_Screen.jpg&#8221; ]<\/h1>\n<h1 style=\"text-align: center;\">&nbsp;<\/h1>\n<h2><strong>Allg\u00e4u Wandern: Vom B\u00e4renk\u00f6pfle zum Mittag in Gunzesrieder Tal<br \/>\n<\/strong><\/h2>\n<h3 style=\"text-align: center;\"><span style=\"color: #339966;\">8. November 2015<\/span><\/h3>\n<p>&nbsp;<\/p>\n<p style=\"text-align: center;\">Wandern im Allg\u00e4u mit Silvia, Vinnie, G\u00fcnni und Paul.<\/p>\n<p>[\/vc_column_text][\/vc_column][\/vc_row][vc_row][vc_column][vc_text_separator title=&#8221;B E S C H R E I B U N G&#8221;][\/vc_column][\/vc_row][vc_row][vc_column][vc_column_text]<\/p>\n<h3><strong>Wandern im Gunzesrieder Tal<br \/>\n<\/strong><\/h3>\n<p>Nebel, Schmuddelwetter und K\u00e4lte &#8211; so stellt man sich eigentlich den Herbst im November vor. Nicht im Jahre 2015, denn irgendwie haben wir nach dem Sommerm\u00e4rchen auch noch ein Herbstm\u00e4rchen. Die Rezeptur: Sch\u00f6nstes Wetter, 20 Grad, goldene Farben und nat\u00fcrlich wir! Von Gunzesried gings in Allg\u00e4uer Steilheit hoch zum B\u00e4renk\u00f6pfle \u00fcber Schotter und Pfaden. Einen herrlichen Blick \u00fcber die Allg\u00e4uer Alpen hoch \u00fcber Immenstadt. Was leider auch viele andere Wandersleut heute auch genossen. So war durch die Mittagsbahn Hinz und Kunz auf dem Berg. Der Abstieg war sehr steil.<\/p>\n<div class=\"passster-form\" id=\"ps-504\">\n    <form class=\"password-form\" method=\"post\" autocomplete=\"off\" target=\"_top\">\n        <span class=\"ps-form-headline\">Gesch\u00fctzter Bereich<\/span>\n        <div class=\"ps-form-instructions-wrap\">Dieser Inhalt ist passwortgesch\u00fctzt. Bitte gib dein Passwort ein um den Inhalt freizuschalten.<\/div>\n        <fieldset>\n            <span class=\"ps-loader\" style=\"display:none;\"><img decoding=\"async\" src=\"https:\/\/blog.sickculture.de\/wp-content\/plugins\/content-protector\/assets\/public\/ps-loader.svg\" alt=\"\" \/><\/span>\n            <label for=\"input-ps-504\" style=\"display:none;\" class=\"passster-hidden\">Trage dein Passwort ein<\/label>\n            <input placeholder=\"Gib dein Passwort ein..\" type=\"password\" tabindex=\"1\" name=\"passster_password\"\n                   id=\"input-ps-504\" class=\"passster-password\" autocomplete=\"off\"\n                   data-protection-type=\"password\" data-list=\"[PASSSTER_LIST]\" data-lists=\"[PASSSTER_LISTS]\" data-area=\"[PASSSTER_AREA]\"\n                   data-protection=\"[PASSSTER_PROTECTION]\">\n            \n            <button name=\"submit\" type=\"submit\" class=\"passster-submit\" data-psid=\"ps-504\" data-post-id=\"805\" data-term-id=\"0\" \n                    data-submit=\"...Checking Password\" data-redirect=\"\">Freischalten\n            <\/button>\n            <div class=\"passster-error\"><\/div>\n        <\/fieldset>\n    <\/form>\n<\/div>\n[\/vc_column_text][\/vc_column][\/vc_row][vc_row][vc_column]<div class=\"ult_exp_section_layer ult-adjust-bottom-margin  \" >\n\t<div id=\"uvc-exp-wrap-2500\"   data-ultimate-target='#uvc-exp-wrap-2500'  data-responsive-json-new='{\"font-size\":\"desktop:20px;\",\"line-height\":\"desktop:20px;\"}'  class=\"ult_exp_section  ult-responsive \" style=\"color:#ffffff;background-color:#1e73be;font-family:Alfa Slab One;font-weight:bold;  text-align:center;\" data-textcolor=\"#ffffff\"data-texthover=\"#333333\"data-icncolor=\"#333333\"data-ihover=\"#333333\"data-height=\"0\"data-cntbg=\"#1e73be\"data-cnthvrbg=\"#e5e5e5\"data-headerbg=\"#1e73be\"data-headerhover=\"#e5e5e5\"data-title=\"BILDER\"data-newtitle=\"BILDER\"data-icon=\"\"data-newicon=\"\"data-activeicon=\"#333333\"data-effect=\"slideToggle\"data-override=\"0\"data-activetitle=\"#333333\"data-activebg=\"#dbdbdb\"data-img=\"\"data-newimg=\"\"><div  class=\"ult_exp_section-main \">\n\t\t\t\t\t<div class=\"ult_expheader\" >BILDER\n\t\t\t\t\t <\/div><\/div>\n\t\t\t\t<\/div><div class=\"ult_exp_content \" style=\"background-color:#000000;  \"><div class=\"ult_ecpsub_cont\" style=\" \" >[vc_column_text]<\/p>\n\n<p>[\/vc_column_text]<\/div><\/div>\n\n\t\t\t<\/div>[\/vc_column][\/vc_row]<\/p>\n<\/section>","protected":false},"excerpt":{"rendered":"<p>[vc_row][vc_column][vc_column_text] [pe2-image src=&#8221;http:\/\/lh3.googleusercontent.com\/-ZNHqUh4nh2U\/VkBt0vbniCI\/AAAAAAAAYZM\/HxlITBotkpA\/s144-c-o\/20151108-132709-00062-_DSC9910-Pano_Screen.jpg&#8221; href=&#8221;https:\/\/picasaweb.google.com\/112885246866780528333\/20151108WandernGunzesriedBarenkopleMittag?authkey=Gv1sRgCIz4-tfPj4-huAE#6215088238624213026&#8243; caption=&#8221;&#8221; type=&#8221;image&#8221; alt=&#8221;20151108-132709-00062-_DSC9910-Pano_Screen.jpg&#8221; ] &nbsp; Allg\u00e4u Wandern: Vom B\u00e4renk\u00f6pfle zum Mittag in Gunzesrieder Tal 8. November 2015 &nbsp; Wandern im Allg\u00e4u mit Silvia, Vinnie, G\u00fcnni und Paul. [\/vc_column_text][\/vc_column][\/vc_row][vc_row][vc_column][vc_text_separator title=&#8221;B E S C H R E I B U N G&#8221;][\/vc_column][\/vc_row][vc_row][vc_column][vc_column_text] Wandern im Gunzesrieder Tal Nebel, Schmuddelwetter \u2026 <a class=\"continue-reading-link\" href=\"https:\/\/blog.sickculture.de\/?page_id=805\"> Continue reading<\/a><\/p>\n","protected":false},"author":1,"featured_media":0,"parent":90,"menu_order":0,"comment_status":"closed","ping_status":"closed","template":"","meta":{"_s2mail":"yes","ngg_post_thumbnail":0,"footnotes":""},"categories":[11],"class_list":["post-805","page","type-page","status-publish","hentry","category-11"],"jetpack_shortlink":"https:\/\/wp.me\/P7EPUT-cZ","jetpack_sharing_enabled":true,"_links":{"self":[{"href":"https:\/\/blog.sickculture.de\/index.php?rest_route=\/wp\/v2\/pages\/805","targetHints":{"allow":["GET"]}}],"collection":[{"href":"https:\/\/blog.sickculture.de\/index.php?rest_route=\/wp\/v2\/pages"}],"about":[{"href":"https:\/\/blog.sickculture.de\/index.php?rest_route=\/wp\/v2\/types\/page"}],"author":[{"embeddable":true,"href":"https:\/\/blog.sickculture.de\/index.php?rest_route=\/wp\/v2\/users\/1"}],"replies":[{"embeddable":true,"href":"https:\/\/blog.sickculture.de\/index.php?rest_route=%2Fwp%2Fv2%2Fcomments&post=805"}],"version-history":[{"count":2,"href":"https:\/\/blog.sickculture.de\/index.php?rest_route=\/wp\/v2\/pages\/805\/revisions"}],"predecessor-version":[{"id":1354,"href":"https:\/\/blog.sickculture.de\/index.php?rest_route=\/wp\/v2\/pages\/805\/revisions\/1354"}],"up":[{"embeddable":true,"href":"https:\/\/blog.sickculture.de\/index.php?rest_route=\/wp\/v2\/pages\/90"}],"wp:attachment":[{"href":"https:\/\/blog.sickculture.de\/index.php?rest_route=%2Fwp%2Fv2%2Fmedia&parent=805"}],"wp:term":[{"taxonomy":"category","embeddable":true,"href":"https:\/\/blog.sickculture.de\/index.php?rest_route=%2Fwp%2Fv2%2Fcategories&post=805"}],"curies":[{"name":"wp","href":"https:\/\/api.w.org\/{rel}","templated":true}]}}