{"id":862,"date":"2016-07-08T11:41:28","date_gmt":"2016-07-08T11:41:28","guid":{"rendered":"http:\/\/blog.sickculture.de\/?page_id=862"},"modified":"2019-02-13T11:02:10","modified_gmt":"2019-02-13T11:02:10","slug":"2016-07-vilsalpsee-trailtour","status":"publish","type":"page","link":"https:\/\/blog.sickculture.de\/?page_id=862","title":{"rendered":"2016.07 Vilsalpsee Trailtour"},"content":{"rendered":"<section class=\"wpb-content-wrapper\"><p>[vc_row][vc_column][vc_column_text][pe2-image src=&#8221;https:\/\/lh3.googleusercontent.com\/-UGgU4pIonJc\/V3-OTbA0D2I\/AAAAAAAAZxM\/8Pn1DLGiHWIOsKlcK1Z4IDsuwwodW9f9wCHM\/s144-c-o\/20160707-135528-00161-_DSC1220_Screen.jpg&#8221; href=&#8221;https:\/\/picasaweb.google.com\/112885246866780528333\/6304906372515849313?authkey=Gv1sRgCIe65ITR3tqspAE#6304914467661811554&#8243; caption=&#8221;&#8221; type=&#8221;image&#8221; alt=&#8221;20160707-135528-00161-_DSC1220_Screen.jpg&#8221; ]<\/p>\n<h3 class=\"clear\" style=\"text-align: center;\">&nbsp;<span style=\"color: #99cc00;\"><strong>Trail Tour<\/strong><\/span><span style=\"color: #008000;\"><strong><br \/>\n<\/strong><\/span><\/h3>\n<h2 style=\"text-align: center;\"><span style=\"color: #993300;\"><strong>Tannheimer Tal<\/strong><\/span><\/h2>\n<h2 style=\"text-align: center;\"><span style=\"color: #993300;\">\u00dcber Gampenfeldscharte und Schochenspitze zum Vilsalpsee<\/span><\/h2>\n<h2 style=\"text-align: center;\">07. Juli 2016<\/h2>\n<p>Einer der sch\u00f6nstem Pl\u00e4tze im Tannheimer Tal stand auf dem Programm: Schochenspitze mit Vilsalpsee. L\u00e4ssige Halbtagestour mit Tragepassagen und schweren Trails bergab.[\/vc_column_text][\/vc_column][\/vc_row][vc_row][vc_column][vc_text_separator title=&#8221;B E S C H R E I B U N G&#8221;][\/vc_column][\/vc_row][vc_row][vc_column][vc_column_text]Schon lange stand diese Tour auf dem Programm. Und alles passte heute: Sonnenschein, Donnerstag (&#8220;unter der Woche&#8221;) frei und eine Freigabe des Vilsalpsee Wegs, der vor kurzem noch wegen Felssturz gesperrt war. Aber nun von Anfang an:<\/p>\n<p>Die Rundtour ist von den Zahlen kein Megaprojekt, allerdings mu\u00df man im Voralpenland immer wieder mit \u00dcberraschungen rechnen. Von Tannheim gings relativ schnell bergauf, ohne kurzem Warmfahren. Und schon hatte ich das erste Problem: zuhause h\u00f6rte ich noch die vordere Bremse stark quietschen, dachte allerdings, das kommt von den nassen Bel\u00e4gen. Falsch gedacht: anscheinend zogen diese \u00d6l und die Bremswirkung war gleich Null. So kann ich nicht fahren &#8211; das w\u00e4re Selbstmord in den Bergen. Zum Gl\u00fcck habe ich aber immer einen zweiten Satz Bel\u00e4ge dabei und siehe da: Problem gel\u00f6st. Weiter gings im Auf und Ab bis zum Haldensee. Von dort zweigt rechts nach der Flu\u00dfquerung ein Forstweg hoch ins Strindental und der gleichnamigen Alm. Herrliches Panorama mit Sicht auf meine kommenden paar H\u00f6henmeter hoch zur Strindenscharte. Rechts davon das Neunerk\u00f6pfle und im R\u00fccken der Aggenstein mit seiner markanten Form. Auch die Kissinger H\u00fctte war gut sichtbar. Aber diese Tour f\u00fchrte mich weiter nach oben. \u00dcber Schotterwege und weiteren 13 Kehren stand ich also oben auf der Strindenscharte. Nun \u00f6ffnete sich der Blick auf die Schochenspitze und die Gampenfeldscharte, welche zugleich mein n\u00e4chstes Ziel war. Der Wandererzuwachs war trotzdem zu sp\u00fcren, da ein Panoramaweg von der Neunerk\u00f6pflebahn fast eben hier r\u00fcberf\u00fchrt. Also schnell weiter, bevor es auf dem kommenden Pfad eng wird.<\/p>\n<p>An der Gampenfeldalpe fuhr ich vorbei und ab hier hie\u00df es Schiebebike. Der Pfad zur Gampenfeldscharte ist noch gut fahrbar, allerdings mu\u00dfte ich mich den Wanderern unterordnen und schonte so auch die Kraft f\u00fcr die Tragepassage. Die letzten H\u00f6henmeter m\u00fcssen geschultert werden. Steile Stufen mit Sicherungskette zur Linken. Wenige Minuten sp\u00e4ter stand ich also oben auf der Gampenfeldscharte. Wer m\u00f6chte kann noch steil hoch zur Schochenspitze. Hier sollte man sich noch kurz erholen und den Ausblick geniesen. Vor mir lag der Krottenkopf mit seinen 2180m H\u00f6he.<\/p>\n<p>Jetzt hie\u00df es Schoner anziehen und Trail bergab. Dieser war sehr gut fahrbar mit Holzstufen und festem Boden. Das n\u00e4chste Ziel war die Lache mit der Landsberger H\u00fctte am Uferrand. Hier waren schon grober Schotter unter den Reifen und das Bremsen mu\u00dfte beherzt erfolgen. Kurz vor der Landsberger H\u00fctte biegt rechts ein Pfad steil bergab zur Kuhalm und dem Traualpsee. Fahrbar? Nee &#8211; also ich nicht. Ultra steil, teils rutschiger Felsen, stark abfallend, verblockt und mit engen Kehren versehen &#8211; dann lieber safety Bike Schultern. Unten wird der Flow dann wieder besser und die letzten Meter am Ufer des Traualpsee\u00b4s dann flowig.<\/p>\n<p>Ab hier hei\u00dft es nochmals Action: Schon fast Gardasee \u00e4hnlich schl\u00e4ngelt sich der Trail \u00fcber losen Schotter bergab. Teils steil, teils mit engen und weiten Kehren und immer wieder Schotterrei\u00dfen. Also beherzt bremsen und mit vorauschauendem Blick durch den Schotter surfen, bis mich dieser Trail am Vilsalpsee ausspuckte. Die letzten Meter waren dann Promenade-Tour mit Blickfang f\u00fcr die Touris: Mountainbiker mit Sch\u00fctzer &#8211; von da oben soll der kommen? Die letzten Spuren des Felsabsturzes sind noch gut sichtbar. Nach so einer Tour schmeckte das kalte Getr\u00e4nk mit Quarkstrudel und Vanilleso\u00dfe extra gut und das Panorama tragte sein Bestes dazu.<\/p>\n<div class=\"passster-form\" id=\"ps-309\">\n    <form class=\"password-form\" method=\"post\" autocomplete=\"off\" target=\"_top\">\n        <span class=\"ps-form-headline\">Gesch\u00fctzter Bereich<\/span>\n        <div class=\"ps-form-instructions-wrap\">Dieser Inhalt ist passwortgesch\u00fctzt. Bitte gib dein Passwort ein um den Inhalt freizuschalten.<\/div>\n        <fieldset>\n            <span class=\"ps-loader\" style=\"display:none;\"><img decoding=\"async\" src=\"https:\/\/blog.sickculture.de\/wp-content\/plugins\/content-protector\/assets\/public\/ps-loader.svg\" alt=\"\" \/><\/span>\n            <label for=\"input-ps-309\" style=\"display:none;\" class=\"passster-hidden\">Trage dein Passwort ein<\/label>\n            <input placeholder=\"Gib dein Passwort ein..\" type=\"password\" tabindex=\"1\" name=\"passster_password\"\n                   id=\"input-ps-309\" class=\"passster-password\" autocomplete=\"off\"\n                   data-protection-type=\"password\" data-list=\"[PASSSTER_LIST]\" data-lists=\"[PASSSTER_LISTS]\" data-area=\"[PASSSTER_AREA]\"\n                   data-protection=\"[PASSSTER_PROTECTION]\">\n            \n            <button name=\"submit\" type=\"submit\" class=\"passster-submit\" data-psid=\"ps-309\" data-post-id=\"862\" data-term-id=\"0\" \n                    data-submit=\"...Checking Password\" data-redirect=\"\">Freischalten\n            <\/button>\n            <div class=\"passster-error\"><\/div>\n        <\/fieldset>\n    <\/form>\n<\/div>\n[\/vc_column_text][\/vc_column][\/vc_row][vc_row][vc_column][vc_text_separator title=&#8221;F A Z I T&#8221;][\/vc_column][\/vc_row][vc_row][vc_column][vc_column_text]<em>Mu\u00df man mal machen: Egal ob diese Variante \u00fcber Gampenfeldscharte, oder kr\u00e4ftesparender mit der Neunerk\u00f6pflebahn oder eben als CC Tour \u00fcber die Vilsalpstra\u00dfe hoch. Das Panorama ist gigantisch und f\u00fcr unsere Breitengrade ist der Anfahrtsweg auch nicht zu lange. Ich kann auf jedenfall wieder eine &#8220;Trailkerbe&#8221; einritzen und abhacken.<br \/>\n<\/em>[\/vc_column_text][\/vc_column][\/vc_row][vc_row][vc_column]<div class=\"ult_exp_section_layer ult-adjust-bottom-margin  \" >\n\t<div id=\"uvc-exp-wrap-2018\"   data-ultimate-target='#uvc-exp-wrap-2018'  data-responsive-json-new='{\"font-size\":\"desktop:20px;\",\"line-height\":\"desktop:20px;\"}'  class=\"ult_exp_section  ult-responsive \" style=\"color:#ffffff;background-color:#1e73be;font-family:Alfa Slab One;font-weight:bold;  text-align:center;\" data-textcolor=\"#ffffff\"data-texthover=\"#333333\"data-icncolor=\"#333333\"data-ihover=\"#333333\"data-height=\"0\"data-cntbg=\"#1e73be\"data-cnthvrbg=\"#e5e5e5\"data-headerbg=\"#1e73be\"data-headerhover=\"#e5e5e5\"data-title=\"BILDER\"data-newtitle=\"BILDER\"data-icon=\"\"data-newicon=\"\"data-activeicon=\"#333333\"data-effect=\"slideToggle\"data-override=\"0\"data-activetitle=\"#333333\"data-activebg=\"#dbdbdb\"data-img=\"\"data-newimg=\"\"><div  class=\"ult_exp_section-main \">\n\t\t\t\t\t<div class=\"ult_expheader\" >BILDER\n\t\t\t\t\t <\/div><\/div>\n\t\t\t\t<\/div><div class=\"ult_exp_content \" style=\"background-color:#dbdbdb;  \"><div class=\"ult_ecpsub_cont\" style=\" \" >[vc_column_text]<\/p>\n\n<p>[\/vc_column_text]<\/div><\/div>\n\n\t\t\t<\/div>[\/vc_column][\/vc_row]<\/p>\n<\/section>","protected":false},"excerpt":{"rendered":"<p>[vc_row][vc_column][vc_column_text][pe2-image src=&#8221;https:\/\/lh3.googleusercontent.com\/-UGgU4pIonJc\/V3-OTbA0D2I\/AAAAAAAAZxM\/8Pn1DLGiHWIOsKlcK1Z4IDsuwwodW9f9wCHM\/s144-c-o\/20160707-135528-00161-_DSC1220_Screen.jpg&#8221; href=&#8221;https:\/\/picasaweb.google.com\/112885246866780528333\/6304906372515849313?authkey=Gv1sRgCIe65ITR3tqspAE#6304914467661811554&#8243; caption=&#8221;&#8221; type=&#8221;image&#8221; alt=&#8221;20160707-135528-00161-_DSC1220_Screen.jpg&#8221; ] &nbsp;Trail Tour Tannheimer Tal \u00dcber Gampenfeldscharte und Schochenspitze zum Vilsalpsee 07. Juli 2016 Einer der sch\u00f6nstem Pl\u00e4tze im Tannheimer Tal stand auf dem Programm: Schochenspitze mit Vilsalpsee. L\u00e4ssige Halbtagestour mit Tragepassagen und schweren Trails bergab.[\/vc_column_text][\/vc_column][\/vc_row][vc_row][vc_column][vc_text_separator title=&#8221;B E S C H R E I \u2026 <a class=\"continue-reading-link\" href=\"https:\/\/blog.sickculture.de\/?page_id=862\"> Continue reading<\/a><\/p>\n","protected":false},"author":1,"featured_media":0,"parent":90,"menu_order":0,"comment_status":"closed","ping_status":"closed","template":"","meta":{"_s2mail":"yes","ngg_post_thumbnail":0,"footnotes":""},"categories":[13,4],"class_list":["post-862","page","type-page","status-publish","hentry","category-13","category-mountainbike"],"jetpack_shortlink":"https:\/\/wp.me\/P7EPUT-dU","jetpack_sharing_enabled":true,"_links":{"self":[{"href":"https:\/\/blog.sickculture.de\/index.php?rest_route=\/wp\/v2\/pages\/862","targetHints":{"allow":["GET"]}}],"collection":[{"href":"https:\/\/blog.sickculture.de\/index.php?rest_route=\/wp\/v2\/pages"}],"about":[{"href":"https:\/\/blog.sickculture.de\/index.php?rest_route=\/wp\/v2\/types\/page"}],"author":[{"embeddable":true,"href":"https:\/\/blog.sickculture.de\/index.php?rest_route=\/wp\/v2\/users\/1"}],"replies":[{"embeddable":true,"href":"https:\/\/blog.sickculture.de\/index.php?rest_route=%2Fwp%2Fv2%2Fcomments&post=862"}],"version-history":[{"count":4,"href":"https:\/\/blog.sickculture.de\/index.php?rest_route=\/wp\/v2\/pages\/862\/revisions"}],"predecessor-version":[{"id":1349,"href":"https:\/\/blog.sickculture.de\/index.php?rest_route=\/wp\/v2\/pages\/862\/revisions\/1349"}],"up":[{"embeddable":true,"href":"https:\/\/blog.sickculture.de\/index.php?rest_route=\/wp\/v2\/pages\/90"}],"wp:attachment":[{"href":"https:\/\/blog.sickculture.de\/index.php?rest_route=%2Fwp%2Fv2%2Fmedia&parent=862"}],"wp:term":[{"taxonomy":"category","embeddable":true,"href":"https:\/\/blog.sickculture.de\/index.php?rest_route=%2Fwp%2Fv2%2Fcategories&post=862"}],"curies":[{"name":"wp","href":"https:\/\/api.w.org\/{rel}","templated":true}]}}