{"id":882,"date":"2016-07-29T20:29:54","date_gmt":"2016-07-29T20:29:54","guid":{"rendered":"http:\/\/blog.sickculture.de\/?page_id=882"},"modified":"2019-02-13T10:51:19","modified_gmt":"2019-02-13T10:51:19","slug":"2016-07-steinernes-huettl-bbs-tour","status":"publish","type":"page","link":"https:\/\/blog.sickculture.de\/?page_id=882","title":{"rendered":"2016.07 Steinernes H\u00fcttl BBS Tour"},"content":{"rendered":"<section class=\"wpb-content-wrapper\"><p>[vc_row][vc_column][vc_column_text][pe2-image src=&#8221;https:\/\/lh3.googleusercontent.com\/-UFNoMcx-fMY\/V5u4r31bUuI\/AAAAAAAAakk\/W_eqsUWSvsAt6A3r4t-3ini-rZQQ5RuLQCHM\/s144-c-o\/20160729-122147-00096-_DSC2374_Screen.jpg&#8221; href=&#8221;https:\/\/picasaweb.google.com\/112885246866780528333\/6312839941033103745?authkey=Gv1sRgCJT_r4fxxOfJjAE#6312842366551806690&#8243; caption=&#8221;&#8221; type=&#8221;image&#8221; alt=&#8221;20160729-122147-00096-_DSC2374_Screen.jpg&#8221; ]<\/p>\n<h3 class=\"clear\" style=\"text-align: center;\"><strong><img loading=\"lazy\" decoding=\"async\" class=\"aligncenter wp-image-884\" src=\"http:\/\/blog.sickculture.de\/wp-content\/uploads\/2016\/07\/logo_zugspitzarena.gif\" alt=\"logo_zugspitzarena\" width=\"269\" height=\"75\"><\/strong><\/h3>\n<h3 class=\"clear\" style=\"text-align: center;\">&nbsp;<\/h3>\n<h3 class=\"clear\" style=\"text-align: center;\"><strong>Bikebergsteigen<\/strong><span style=\"color: #008000;\"><strong><br \/>\n<\/strong><\/span><\/h3>\n<h2 style=\"text-align: center;\"><span style=\"color: #993300;\"><strong>Ehrwald zum Steinernen H\u00fcttl<br \/>\n<\/strong><\/span><\/h2>\n<h2 style=\"text-align: center;\">29. Juli 2016<\/h2>\n<p>Heute versuchte ich mich auf einer Bikebergsteiger-Tour \u00fcbers Steinerne H\u00fcttl mit mehreren, anspruchsvollen Trails \u00fcber ruppige Passagen sowie flowigen Waldboden und sch\u00f6ne Serpentinen. Eingebettet zwischen den imposanten Kalkfelsen des s\u00fcdlichen Wetterstein und der Miemiger Kette sind nicht nur die Trails, sondern auch die Landschaft ein Hochgenuss.[\/vc_column_text][\/vc_column][\/vc_row][vc_row][vc_column][vc_text_separator title=&#8221;B E S C H R E I B U N G&#8221;][\/vc_column][\/vc_row][vc_row][vc_column][vc_column_text]Angefixt durch mehrere Bilder und Tourenbeschreibungen bei Facebook und Co. hatte ich diese Runde schon l\u00e4nger auf dem Schirm. Also den Tag freigenommen und fr\u00fchmorgens der Urlaubskaravane vorausgefahren, bevor die Sch\u00fcler Schulschlu\u00df haben und mit den Eltern Richtung S\u00fcden in den Urlaub fahren. P\u00fcnktlich zur Bahn\u00f6ffnung stand ich auf dem Parkplatz. Die Welt k\u00f6nnte ja so einfach sein, wenn man die Seilbahnen benutzt. Aber wie es f\u00fcr eine gescheide Bikebergsteigertour geh\u00f6rt, mu\u00df die Strecke aus eigener Kraft bezwungen werden.<\/p>\n<p>Am Parkplatz der Ehrwalder Almbahnen geht\u2019s \u00fcber Teer steil mit einer Steigung von ca. 15% hoch zur Ehrwalder Alm, weiter \u00fcber Schotter vorbei an der Pestkapelle zur Hochfeldernalm und dann noch ein paar H\u00f6henmeter auf Schotterweg bis ca. 1800 m. Hier beginnt die Schiebe-\/Tragestercke \u00fcber den Pfad 300hm hoch zu einen Picknick Platz (2116m) mit flowigem Kurztrail zum Feldernj\u00f6chl (2045m). Es folgt ein weiterer Anstieg (150hm) \u00fcber den Kaltwassersattel zum Wannigj\u00f6chl (2183m).<\/p>\n<p>Am J\u00f6chl beginnt ein fantastischer Trail \u00fcber\u2019s Steinerne H\u00fcttl (1920m) ins Gaistal, wo er direkt an der Tillfussalm (1380m) endet. Der Trail fordert im oberen Bereich den Fahrer und das Fahrwerk gleichermassen, wird kurz nach dem Steinernen H\u00fcttl sehr flowig und zieht sich \u00fcber weite Kehren bis runter ins Tal. Auf ca. 1500m gabelt sich der Weg, rechts f\u00fchrt ein super flowiger Waldweg direkt zur Tillfussalm.<\/p>\n<p>Es folgt eine Auffahrt \u00fcber die Schotterstrasse und den Igelsee bis zu einer Wegkreuzung Richtung Ehrwalder Alm. Hier k\u00f6nnte man den anspruchsvollen Koatiger Steig mitnehmen. Es waren aber viel zu viel Wanderer unterwegs und ich fuhr die offzielle Route zur Ehrwalder Alm. Von hier nahm ich dann die Auffahrtsstrecke unter die Stollen, welche man immer wieder durch Verbindungswege abk\u00fcrzen kann.<\/p>\n<div class=\"passster-form\" id=\"ps-306\">\n    <form class=\"password-form\" method=\"post\" autocomplete=\"off\" target=\"_top\">\n        <span class=\"ps-form-headline\">Gesch\u00fctzter Bereich<\/span>\n        <div class=\"ps-form-instructions-wrap\">Dieser Inhalt ist passwortgesch\u00fctzt. Bitte gib dein Passwort ein um den Inhalt freizuschalten.<\/div>\n        <fieldset>\n            <span class=\"ps-loader\" style=\"display:none;\"><img decoding=\"async\" src=\"https:\/\/blog.sickculture.de\/wp-content\/plugins\/content-protector\/assets\/public\/ps-loader.svg\" alt=\"\" \/><\/span>\n            <label for=\"input-ps-306\" style=\"display:none;\" class=\"passster-hidden\">Trage dein Passwort ein<\/label>\n            <input placeholder=\"Gib dein Passwort ein..\" type=\"password\" tabindex=\"1\" name=\"passster_password\"\n                   id=\"input-ps-306\" class=\"passster-password\" autocomplete=\"off\"\n                   data-protection-type=\"password\" data-list=\"[PASSSTER_LIST]\" data-lists=\"[PASSSTER_LISTS]\" data-area=\"[PASSSTER_AREA]\"\n                   data-protection=\"[PASSSTER_PROTECTION]\">\n            \n            <button name=\"submit\" type=\"submit\" class=\"passster-submit\" data-psid=\"ps-306\" data-post-id=\"882\" data-term-id=\"0\" \n                    data-submit=\"...Checking Password\" data-redirect=\"\">Freischalten\n            <\/button>\n            <div class=\"passster-error\"><\/div>\n        <\/fieldset>\n    <\/form>\n<\/div>\n[\/vc_column_text][\/vc_column][\/vc_row][vc_row][vc_column][vc_text_separator title=&#8221;F A Z I T&#8221;][\/vc_column][\/vc_row][vc_row][vc_column][vc_column_text]An das Tragen mu\u00df man sich gew\u00f6hnen. Aber man erreicht Trails und Landschaften, die abseits der regul\u00e4ren Routen sind. Und man ist gr\u00f6\u00dftenteils alleine. Die Wanderer, die man trifft, waren sehr freundlich und erstaunt, dass man hier fahren kann, bzw. ob das Tragen denn Spa\u00df macht. Ein freundliches Miteinander &#8211; nicht wie auf ausgelatschten Wanderrouten in der N\u00e4he einer Seilbahn, bei denen man immer mit einem Kommentar gegen Mountainbiken rechnen mu\u00df. Final: Eine klasse Tour. Macht s\u00fcchtig nach mehr! Man scant w\u00e4hrend dem Gehen schon die Wege am gegen\u00fcberliegenden Hang ab und fragt sich: Fahrbar? Vielleicht in einer anderen Geschichte&#8230;[\/vc_column_text][\/vc_column][\/vc_row][vc_row][vc_column]<div class=\"ult_exp_section_layer ult-adjust-bottom-margin  \" >\n\t<div id=\"uvc-exp-wrap-7107\"   data-ultimate-target='#uvc-exp-wrap-7107'  data-responsive-json-new='{\"font-size\":\"desktop:20px;\",\"line-height\":\"desktop:20px;\"}'  class=\"ult_exp_section  ult-responsive \" style=\"color:#ffffff;background-color:#1e73be;font-family:Alfa Slab One;font-weight:bold;  text-align:center;\" data-textcolor=\"#ffffff\"data-texthover=\"#333333\"data-icncolor=\"#333333\"data-ihover=\"#333333\"data-height=\"0\"data-cntbg=\"#1e73be\"data-cnthvrbg=\"#e5e5e5\"data-headerbg=\"#1e73be\"data-headerhover=\"#e5e5e5\"data-title=\"BILDER\"data-newtitle=\"BILDER\"data-icon=\"\"data-newicon=\"\"data-activeicon=\"#333333\"data-effect=\"slideToggle\"data-override=\"0\"data-activetitle=\"#333333\"data-activebg=\"#dbdbdb\"data-img=\"\"data-newimg=\"\"><div  class=\"ult_exp_section-main \">\n\t\t\t\t\t<div class=\"ult_expheader\" >BILDER\n\t\t\t\t\t <\/div><\/div>\n\t\t\t\t<\/div><div class=\"ult_exp_content \" style=\"background-color:#dbdbdb;  \"><div class=\"ult_ecpsub_cont\" style=\" \" >[vc_column_text]<\/p>\n\n\t\t<style type=\"text\/css\">\n\t\t\t#gallery-1 {\n\t\t\t\tmargin: auto;\n\t\t\t}\n\t\t\t#gallery-1 .gallery-item {\n\t\t\t\tfloat: left;\n\t\t\t\tmargin-top: 10px;\n\t\t\t\ttext-align: center;\n\t\t\t\twidth: 100%;\n\t\t\t}\n\t\t\t#gallery-1 img {\n\t\t\t\tborder: 2px solid #cfcfcf;\n\t\t\t}\n\t\t\t#gallery-1 .gallery-caption {\n\t\t\t\tmargin-left: 0;\n\t\t\t}\n\t\t\t\/* see gallery_shortcode() in wp-includes\/media.php *\/\n\t\t<\/style>\n\t\t<div id='gallery-1' class='gallery galleryid-882 gallery-columns-0 gallery-size-thumbnail'><dl class='gallery-item'>\n\t\t\t<dt class='gallery-icon landscape'>\n\t\t\t\t<a href='https:\/\/blog.sickculture.de\/?attachment_id=884'><img loading=\"lazy\" decoding=\"async\" width=\"150\" height=\"150\" src=\"https:\/\/blog.sickculture.de\/wp-content\/uploads\/2016\/07\/logo_zugspitzarena-150x150.gif\" class=\"attachment-thumbnail size-thumbnail\" alt=\"\" \/><\/a>\n\t\t\t<\/dt><\/dl>\n\t\t<\/div>\n\n<p>[\/vc_column_text]<\/div><\/div>\n\n\t\t\t<\/div>[\/vc_column][\/vc_row]<\/p>\n<\/section>","protected":false},"excerpt":{"rendered":"<p>[vc_row][vc_column][vc_column_text][pe2-image src=&#8221;https:\/\/lh3.googleusercontent.com\/-UFNoMcx-fMY\/V5u4r31bUuI\/AAAAAAAAakk\/W_eqsUWSvsAt6A3r4t-3ini-rZQQ5RuLQCHM\/s144-c-o\/20160729-122147-00096-_DSC2374_Screen.jpg&#8221; href=&#8221;https:\/\/picasaweb.google.com\/112885246866780528333\/6312839941033103745?authkey=Gv1sRgCJT_r4fxxOfJjAE#6312842366551806690&#8243; caption=&#8221;&#8221; type=&#8221;image&#8221; alt=&#8221;20160729-122147-00096-_DSC2374_Screen.jpg&#8221; ] &nbsp; Bikebergsteigen Ehrwald zum Steinernen H\u00fcttl 29. Juli 2016 Heute versuchte ich mich auf einer Bikebergsteiger-Tour \u00fcbers Steinerne H\u00fcttl mit mehreren, anspruchsvollen Trails \u00fcber ruppige Passagen sowie flowigen Waldboden und sch\u00f6ne Serpentinen. Eingebettet zwischen den imposanten Kalkfelsen des s\u00fcdlichen Wetterstein und der Miemiger \u2026 <a class=\"continue-reading-link\" href=\"https:\/\/blog.sickculture.de\/?page_id=882\"> Continue reading<\/a><\/p>\n","protected":false},"author":1,"featured_media":0,"parent":90,"menu_order":0,"comment_status":"closed","ping_status":"closed","template":"","meta":{"_s2mail":"yes","ngg_post_thumbnail":0,"footnotes":""},"categories":[13,4],"class_list":["post-882","page","type-page","status-publish","hentry","category-13","category-mountainbike"],"jetpack_shortlink":"https:\/\/wp.me\/P7EPUT-ee","jetpack_sharing_enabled":true,"_links":{"self":[{"href":"https:\/\/blog.sickculture.de\/index.php?rest_route=\/wp\/v2\/pages\/882","targetHints":{"allow":["GET"]}}],"collection":[{"href":"https:\/\/blog.sickculture.de\/index.php?rest_route=\/wp\/v2\/pages"}],"about":[{"href":"https:\/\/blog.sickculture.de\/index.php?rest_route=\/wp\/v2\/types\/page"}],"author":[{"embeddable":true,"href":"https:\/\/blog.sickculture.de\/index.php?rest_route=\/wp\/v2\/users\/1"}],"replies":[{"embeddable":true,"href":"https:\/\/blog.sickculture.de\/index.php?rest_route=%2Fwp%2Fv2%2Fcomments&post=882"}],"version-history":[{"count":3,"href":"https:\/\/blog.sickculture.de\/index.php?rest_route=\/wp\/v2\/pages\/882\/revisions"}],"predecessor-version":[{"id":1345,"href":"https:\/\/blog.sickculture.de\/index.php?rest_route=\/wp\/v2\/pages\/882\/revisions\/1345"}],"up":[{"embeddable":true,"href":"https:\/\/blog.sickculture.de\/index.php?rest_route=\/wp\/v2\/pages\/90"}],"wp:attachment":[{"href":"https:\/\/blog.sickculture.de\/index.php?rest_route=%2Fwp%2Fv2%2Fmedia&parent=882"}],"wp:term":[{"taxonomy":"category","embeddable":true,"href":"https:\/\/blog.sickculture.de\/index.php?rest_route=%2Fwp%2Fv2%2Fcategories&post=882"}],"curies":[{"name":"wp","href":"https:\/\/api.w.org\/{rel}","templated":true}]}}