{"id":890,"date":"2016-08-05T09:00:56","date_gmt":"2016-08-05T09:00:56","guid":{"rendered":"http:\/\/blog.sickculture.de\/?page_id=890"},"modified":"2019-02-13T10:49:18","modified_gmt":"2019-02-13T10:49:18","slug":"2016-08-gehrenspitze-bbs-leutasch","status":"publish","type":"page","link":"https:\/\/blog.sickculture.de\/?page_id=890","title":{"rendered":"2016.08 Gehrenspitze BBS Leutasch"},"content":{"rendered":"<section class=\"wpb-content-wrapper\"><p>[vc_row][vc_column][vc_column_text][pe2-image src=&#8221;https:\/\/lh3.googleusercontent.com\/-57D6rDjehXQ\/V6RQGO7XMzI\/AAAAAAAAauM\/fo1LO0umOIIvAPbBrvH1jROdlc2qS8iSACHM\/s144-c-o\/20160804-113823-00047-_DSC2503_Screen-2.jpg&#8221; href=&#8221;https:\/\/picasaweb.google.com\/112885246866780528333\/6315255093442482225?locked=true#6315260645496795954&#8243; caption=&#8221;&#8221; type=&#8221;image&#8221; alt=&#8221;20160804-113823-00047-_DSC2503_Screen-2.jpg&#8221; ]<\/p>\n<h3 class=\"clear\" style=\"text-align: center;\"><strong><img loading=\"lazy\" decoding=\"async\" class=\"aligncenter wp-image-884\" src=\"http:\/\/blog.sickculture.de\/wp-content\/uploads\/2016\/07\/logo_zugspitzarena.gif\" alt=\"logo_zugspitzarena\" width=\"269\" height=\"75\"><\/strong><\/h3>\n<h3 class=\"clear\" style=\"text-align: center;\">&nbsp;<\/h3>\n<h3 class=\"clear\" style=\"text-align: center;\"><strong>Bikebergsteigen<\/strong><span style=\"color: #008000;\"><strong><br \/>\n<\/strong><\/span><\/h3>\n<h2 style=\"text-align: center;\"><span style=\"color: #993300;\"><strong>Gehrenspitze (Leutasch)<br \/>\n<\/strong><\/span><\/h2>\n<h2 style=\"text-align: center;\">4. August 2016<\/h2>\n<p>Die Gehrenspitze ist ein imposanter Gipfel mit knackiger, schwerer, ausgesetzter Gipfellinie, gefolgt von entspanntem Gratsurfen und einer flowigen Abfahrt \u00fcber Wiesen flankiert durch die schroffen Wetterstein-Felsw\u00e4nde sowie ihre imposante Nordwand. Durch ihre exponierte Lage bietet die Gehrenspitze exzellente Wetterstein-, Mieminger- und Karwendel-Aussicht, Weitblicke zum Alpenhauptkamm vom Gro\u00df Venediger \u00fcber Habicht und Stubai bis in die \u00d6tztaler und phantastische Tiefblicke nach Leutasch und in die Nordwand.[\/vc_column_text][\/vc_column][\/vc_row][vc_row][vc_column][vc_text_separator title=&#8221;B E S C H R E I B U N G&#8221;][\/vc_column][\/vc_row][vc_row][vc_column][vc_column_text]Langsam kommt auch bei mir der Ehrgeiz sein Bike den Gipel hochzutragen. Das Wetter passte und ich hatte frei &#8211; also ab in die Berge. Die ideale Runde vor meinem S\u00fcdtirolurlaub. AUf dem Blatt Papier liest es sich gut: ca 1250hm auf 20,5km. Na gut: davon nur 600 hm bergauf fahrbar, ehe es eine typische Bikebergsteigergeschichte wurde.<\/p>\n<p>Nach dem Start in Leutasch, bzw. einem Vorort geht\u2019s leicht steigend Richtung Gaistal am Fu\u00dfe der Gehrenspitze entlang, bis man auf den Hauptweg zur Wangalm \/Wetterstein H\u00fctte trifft. Mit tollen Blicken ins Gaistal und auf die gegen\u00fcberliegende Hohe Munde geht\u2019s die Forststrasse hoch bis auf ca. 1600m, danach folgt ein steiler Karrenweg, der es ganz sch\u00f6n in sich hat vorbei an der Wetterstein H\u00fctte bis zur Wangalm auf 1740m.<\/p>\n<p>Ab hier \u00e4ndert sich das Blatt und weiter gings auf Wanderwegen meistens schiebend, gelegentlich auch mal tragend \u00fcber das Scharnitzjoch (2043m), die Erinnerungsh\u00fctte und den Grat bis hoch zum Gipfel der Gehrenspitze auf 2367m. Im Gipfelbereich gibt es einige sehr ausgesetzte Passagen, absolute Trittsicherheit auch mit Bike und vor allem Schwindelfreiheit sind hier gefragt! Die letzten 50hm ersparte ich mir mit dem Bike auf dem R\u00fccken, da es absolut keinen Sinn macht das Bike zum Kreuz hochzutragen um es anschlie\u00dfend wieder bergabzutragen.<\/p>\n<p>Nachdem man eine der besten Gipfelaussichten auf Wetterstein, Mieminger, Karwendel, Alpenhauptkamm sowie die senkrechten Abbr\u00fcche der Gehrenspitzen Nordwand direkt hinterm Kreuz genossen hat beginnt nach kurzem Fu\u00dfmasch unterm Kreuz die Abfahrt. Die ersten 150tm sind sehr knackig, dann wird\u2019s flowig bis zum Scharnitzjoch und schliesslich extrem flowig bis runter ins Tal. Abundzu mu\u00df man allerdings aufpassen, da die Erosion durch Wetter und Kuhherden den Trail ausgesp\u00fclt hat. Ab der Baumgrenze wird der Trail steiler, der Untergrund schottriger, Stufen und fahrbare Serpentinen nehmen zu.<\/p>\n<p>Unterm Strich wieder eine Lehrstunde in Sachen Bikebergsteigen. Man mu\u00df sich an die Tragetechnik gew\u00f6hnen und psychisch darauf eingestellt sein! Dann wird\u00b4s auch was mit der Motivation und spa\u00dfigen Abfahrt. Frust darf sich dabei nicht durchsetzen&#8230;<\/p>\n<p>[pe2-image src=&#8221;https:\/\/lh3.googleusercontent.com\/-2bpM5fLo-C0\/V6RQJpm5bFI\/AAAAAAAAauM\/IfsMaF8X8nwW8IdZEPs5WIC8TU-SyUAaQCHM\/s144-c-o\/20160804-125031-00129-_DSC2585_Screen-2.jpg&#8221; href=&#8221;https:\/\/picasaweb.google.com\/112885246866780528333\/6315255093442482225?locked=true#6315260704198323282&#8243; caption=&#8221;&#8221; type=&#8221;image&#8221; alt=&#8221;20160804-125031-00129-_DSC2585_Screen-2.jpg&#8221; ]<\/p>\n<div class=\"passster-form\" id=\"ps-270\">\n    <form class=\"password-form\" method=\"post\" autocomplete=\"off\" target=\"_top\">\n        <span class=\"ps-form-headline\">Gesch\u00fctzter Bereich<\/span>\n        <div class=\"ps-form-instructions-wrap\">Dieser Inhalt ist passwortgesch\u00fctzt. Bitte gib dein Passwort ein um den Inhalt freizuschalten.<\/div>\n        <fieldset>\n            <span class=\"ps-loader\" style=\"display:none;\"><img decoding=\"async\" src=\"https:\/\/blog.sickculture.de\/wp-content\/plugins\/content-protector\/assets\/public\/ps-loader.svg\" alt=\"\" \/><\/span>\n            <label for=\"input-ps-270\" style=\"display:none;\" class=\"passster-hidden\">Trage dein Passwort ein<\/label>\n            <input placeholder=\"Gib dein Passwort ein..\" type=\"password\" tabindex=\"1\" name=\"passster_password\"\n                   id=\"input-ps-270\" class=\"passster-password\" autocomplete=\"off\"\n                   data-protection-type=\"password\" data-list=\"[PASSSTER_LIST]\" data-lists=\"[PASSSTER_LISTS]\" data-area=\"[PASSSTER_AREA]\"\n                   data-protection=\"[PASSSTER_PROTECTION]\">\n            \n            <button name=\"submit\" type=\"submit\" class=\"passster-submit\" data-psid=\"ps-270\" data-post-id=\"890\" data-term-id=\"0\" \n                    data-submit=\"...Checking Password\" data-redirect=\"\">Freischalten\n            <\/button>\n            <div class=\"passster-error\"><\/div>\n        <\/fieldset>\n    <\/form>\n<\/div>\n\n<p>[\/vc_column_text][\/vc_column][\/vc_row][vc_row][vc_column][vc_text_separator title=&#8221;F A Z I T&#8221;][\/vc_column][\/vc_row][vc_row][vc_column][vc_column_text]An das Tragen mu\u00df man sich gew\u00f6hnen. Aber man erreicht Trails und Landschaften, die abseits der regul\u00e4ren Routen sind. Und man ist gr\u00f6\u00dftenteils alleine. Durch das fehlen einer Bergbahn ist die Route zur Gehrenspitze ein Insider.[\/vc_column_text][\/vc_column][\/vc_row][vc_row][vc_column]<div class=\"ult_exp_section_layer ult-adjust-bottom-margin  \" >\n\t<div id=\"uvc-exp-wrap-5930\"   data-ultimate-target='#uvc-exp-wrap-5930'  data-responsive-json-new='{\"font-size\":\"desktop:20px;\",\"line-height\":\"desktop:20px;\"}'  class=\"ult_exp_section  ult-responsive \" style=\"color:#ffffff;background-color:#1e73be;font-family:Alfa Slab One;font-weight:bold;  text-align:center;\" data-textcolor=\"#ffffff\"data-texthover=\"#333333\"data-icncolor=\"#333333\"data-ihover=\"#333333\"data-height=\"0\"data-cntbg=\"#1e73be\"data-cnthvrbg=\"#e5e5e5\"data-headerbg=\"#1e73be\"data-headerhover=\"#e5e5e5\"data-title=\"BILDER\"data-newtitle=\"BILDER\"data-icon=\"\"data-newicon=\"\"data-activeicon=\"#333333\"data-effect=\"slideToggle\"data-override=\"0\"data-activetitle=\"#333333\"data-activebg=\"#dbdbdb\"data-img=\"\"data-newimg=\"\"><div  class=\"ult_exp_section-main \">\n\t\t\t\t\t<div class=\"ult_expheader\" >BILDER\n\t\t\t\t\t <\/div><\/div>\n\t\t\t\t<\/div><div class=\"ult_exp_content \" style=\"background-color:#dbdbdb;  \"><div class=\"ult_ecpsub_cont\" style=\" \" >[vc_column_text]<\/p>\n\n<p>[\/vc_column_text]<\/div><\/div>\n\n\t\t\t<\/div>[\/vc_column][\/vc_row]<\/p>\n<\/section>","protected":false},"excerpt":{"rendered":"<p>[vc_row][vc_column][vc_column_text][pe2-image src=&#8221;https:\/\/lh3.googleusercontent.com\/-57D6rDjehXQ\/V6RQGO7XMzI\/AAAAAAAAauM\/fo1LO0umOIIvAPbBrvH1jROdlc2qS8iSACHM\/s144-c-o\/20160804-113823-00047-_DSC2503_Screen-2.jpg&#8221; href=&#8221;https:\/\/picasaweb.google.com\/112885246866780528333\/6315255093442482225?locked=true#6315260645496795954&#8243; caption=&#8221;&#8221; type=&#8221;image&#8221; alt=&#8221;20160804-113823-00047-_DSC2503_Screen-2.jpg&#8221; ] &nbsp; Bikebergsteigen Gehrenspitze (Leutasch) 4. August 2016 Die Gehrenspitze ist ein imposanter Gipfel mit knackiger, schwerer, ausgesetzter Gipfellinie, gefolgt von entspanntem Gratsurfen und einer flowigen Abfahrt \u00fcber Wiesen flankiert durch die schroffen Wetterstein-Felsw\u00e4nde sowie ihre imposante Nordwand. Durch ihre exponierte Lage bietet die \u2026 <a class=\"continue-reading-link\" href=\"https:\/\/blog.sickculture.de\/?page_id=890\"> Continue reading<\/a><\/p>\n","protected":false},"author":1,"featured_media":0,"parent":90,"menu_order":0,"comment_status":"closed","ping_status":"closed","template":"","meta":{"_s2mail":"yes","ngg_post_thumbnail":0,"footnotes":""},"categories":[13,4],"class_list":["post-890","page","type-page","status-publish","hentry","category-13","category-mountainbike"],"jetpack_shortlink":"https:\/\/wp.me\/P7EPUT-em","jetpack_sharing_enabled":true,"_links":{"self":[{"href":"https:\/\/blog.sickculture.de\/index.php?rest_route=\/wp\/v2\/pages\/890","targetHints":{"allow":["GET"]}}],"collection":[{"href":"https:\/\/blog.sickculture.de\/index.php?rest_route=\/wp\/v2\/pages"}],"about":[{"href":"https:\/\/blog.sickculture.de\/index.php?rest_route=\/wp\/v2\/types\/page"}],"author":[{"embeddable":true,"href":"https:\/\/blog.sickculture.de\/index.php?rest_route=\/wp\/v2\/users\/1"}],"replies":[{"embeddable":true,"href":"https:\/\/blog.sickculture.de\/index.php?rest_route=%2Fwp%2Fv2%2Fcomments&post=890"}],"version-history":[{"count":4,"href":"https:\/\/blog.sickculture.de\/index.php?rest_route=\/wp\/v2\/pages\/890\/revisions"}],"predecessor-version":[{"id":1343,"href":"https:\/\/blog.sickculture.de\/index.php?rest_route=\/wp\/v2\/pages\/890\/revisions\/1343"}],"up":[{"embeddable":true,"href":"https:\/\/blog.sickculture.de\/index.php?rest_route=\/wp\/v2\/pages\/90"}],"wp:attachment":[{"href":"https:\/\/blog.sickculture.de\/index.php?rest_route=%2Fwp%2Fv2%2Fmedia&parent=890"}],"wp:term":[{"taxonomy":"category","embeddable":true,"href":"https:\/\/blog.sickculture.de\/index.php?rest_route=%2Fwp%2Fv2%2Fcategories&post=890"}],"curies":[{"name":"wp","href":"https:\/\/api.w.org\/{rel}","templated":true}]}}