{"id":900,"date":"2016-08-14T19:14:28","date_gmt":"2016-08-14T19:14:28","guid":{"rendered":"http:\/\/blog.sickculture.de\/?page_id=900"},"modified":"2019-02-13T10:47:54","modified_gmt":"2019-02-13T10:47:54","slug":"2016-08-biketeam-lenninger-tal","status":"publish","type":"page","link":"https:\/\/blog.sickculture.de\/?page_id=900","title":{"rendered":"2016.08 Biketeam Lenninger Tal"},"content":{"rendered":"<section class=\"wpb-content-wrapper\"><p>[vc_row][vc_column][vc_column_text]<\/p>\n<h3 class=\"clear\" style=\"text-align: center;\">&nbsp;<\/h3>\n<h2 style=\"text-align: center;\"><span style=\"color: #993300;\"><strong><img loading=\"lazy\" decoding=\"async\" class=\"aligncenter size-full wp-image-901\" src=\"http:\/\/blog.sickculture.de\/wp-content\/uploads\/2016\/08\/JackeLogoNEU.jpg\" alt=\"JackeLogoNEU\" width=\"809\" height=\"267\" srcset=\"https:\/\/blog.sickculture.de\/wp-content\/uploads\/2016\/08\/JackeLogoNEU.jpg 809w, https:\/\/blog.sickculture.de\/wp-content\/uploads\/2016\/08\/JackeLogoNEU-300x99.jpg 300w, https:\/\/blog.sickculture.de\/wp-content\/uploads\/2016\/08\/JackeLogoNEU-768x253.jpg 768w, https:\/\/blog.sickculture.de\/wp-content\/uploads\/2016\/08\/JackeLogoNEU-250x83.jpg 250w, https:\/\/blog.sickculture.de\/wp-content\/uploads\/2016\/08\/JackeLogoNEU-150x50.jpg 150w\" sizes=\"auto, (max-width: 809px) 100vw, 809px\" \/><br \/>\n<\/strong><\/span><\/h2>\n<h1 style=\"text-align: center;\"><span style=\"color: #00ff00;\">Trailride im Lenninger Tal<\/span><\/h1>\n<h2 style=\"text-align: center;\">14. August 2016<\/h2>\n<p>Trailride auf dem Nordalbrand ins Lenninger Tal mit dem Biketeam. Alles passte: Wetter, Stimmung und die Trails![\/vc_column_text][\/vc_column][\/vc_row][vc_row][vc_column][vc_text_separator title=&#8221;B E S C H R E I B U N G&#8221;][\/vc_column][\/vc_row][vc_row][vc_column][vc_column_text]Heute ging es mit der Gruppe unseres Biketeams nach Kirchheim a.d. Teck im sch\u00f6nen Lenninger Tal. Das Lenninger Tal bietet eine Vielzahl an sch\u00f6nen Trails, die das Bikerherz h\u00f6her schlagen lassen. Bei einem ausgewogenen Uphill\/ Downhillverh\u00e4ltniss stellt diese Tour vier der sch\u00f6nsten vor. Aber nicht nur an sportlichen H\u00f6hepunkten, auch an landschaftlichen Reizen ist einiges geboten. Immer wieder gibt es atemberaubende Ausblicke hinab ins Tal.<\/p>\n<p>Los geht es an der Schlossberghalle in Dettingen unter Teck. Vorbei an der Verkehrserziehungsanlage f\u00e4hrt man auf dem Radweg richtung Owen. Durch Owen hindurch geht es an der historischen Bernhardskapelle vorbei \u00fcber das H\u00f6rnle bis knapp unter die Burg Teck. (Ein Abstecher dorthin lohnt sich auf jeden Fall.)<\/p>\n<p>Dann geht es am Trauf entlang bis an den Gelben Felsen, von wo aus man eine klasse Aussicht hat. Es folgt der erste, technisch teilweise anspruchsvolle Trail bis an den Sattelbogen. Von dort aus f\u00e4hrt man dann wieder bergauf zum Engelhof und weiter bis zu den Wielandsteinen. Dort beginnt der zweite Trail, der bis nach Oberlenningen f\u00fchrt.<\/p>\n<p>Erneut hinauf geht es \u00fcber die alte Oberlenninger Steige.(Nahezu Autofrei und asphaltiert) Oben angekommen folgt die Tour weiter der Asphaltstrasse bis nach Krebsstein. Hier lohnt ein Abstecher zum Wasserfels mit atemberaubenden Panorama bevor es \u00fcber den dritten Trail nach Gutenberg hinab geht.<\/p>\n<p>Von Gutenberg aus steuert die Tour den kleinen Ort Schlattstall an. Dort geht es \u00fcber einen steilen Wanderweg, die &#8220;Strohweiler Steig&#8221; hinauf. O-Ton eines Einheimischen: &#8220;Da wird dr d Zong zor Gosch naus hanga, wenn d da oba bisch&#8221;. Die Steige ist demnach sehr steil, aber fahrbar. Wer es gem\u00fctlicher angehen will, kann die Strasse nach Grabenstetten nehmen. (sehr viel Verkehr).<\/p>\n<p>\u00dcber Strohweiler und Grabenstetten geht es dem Albtrauf und Konradsfels zu. Ab da beginnt ein schier endloser Trail mit viel Aussicht immer haarscharf am Trauf entlang. In Erkenbrechtsweiler geht es dann nochmals rasant richtung Owen bergab.<\/p>\n<p>Zum Ende der Tour folgt geruhsames Ausrollen durch Owen bis zum Parkplatz an der Schlossberghalle. Mit von er Partie waren Pit, Chris, Tamo, Erwin und ich.<\/p>\n<div class=\"passster-form\" id=\"ps-912\">\n    <form class=\"password-form\" method=\"post\" autocomplete=\"off\" target=\"_top\">\n        <span class=\"ps-form-headline\">Gesch\u00fctzter Bereich<\/span>\n        <div class=\"ps-form-instructions-wrap\">Dieser Inhalt ist passwortgesch\u00fctzt. Bitte gib dein Passwort ein um den Inhalt freizuschalten.<\/div>\n        <fieldset>\n            <span class=\"ps-loader\" style=\"display:none;\"><img decoding=\"async\" src=\"https:\/\/blog.sickculture.de\/wp-content\/plugins\/content-protector\/assets\/public\/ps-loader.svg\" alt=\"\" \/><\/span>\n            <label for=\"input-ps-912\" style=\"display:none;\" class=\"passster-hidden\">Trage dein Passwort ein<\/label>\n            <input placeholder=\"Gib dein Passwort ein..\" type=\"password\" tabindex=\"1\" name=\"passster_password\"\n                   id=\"input-ps-912\" class=\"passster-password\" autocomplete=\"off\"\n                   data-protection-type=\"password\" data-list=\"[PASSSTER_LIST]\" data-lists=\"[PASSSTER_LISTS]\" data-area=\"[PASSSTER_AREA]\"\n                   data-protection=\"[PASSSTER_PROTECTION]\">\n            \n            <button name=\"submit\" type=\"submit\" class=\"passster-submit\" data-psid=\"ps-912\" data-post-id=\"900\" data-term-id=\"0\" \n                    data-submit=\"...Checking Password\" data-redirect=\"\">Freischalten\n            <\/button>\n            <div class=\"passster-error\"><\/div>\n        <\/fieldset>\n    <\/form>\n<\/div>\n[\/vc_column_text][\/vc_column][\/vc_row][vc_row][vc_column][vc_text_separator title=&#8221;F A Z I T&#8221;][\/vc_column][\/vc_row][vc_row][vc_column][vc_column_text]Sch\u00f6ne Runde in der &#8220;heimischen&#8221; Alb mit netten Trails und satten H\u00f6henmetern.[\/vc_column_text][\/vc_column][\/vc_row][vc_row][vc_column]<div class=\"ult_exp_section_layer ult-adjust-bottom-margin  \" >\n\t<div id=\"uvc-exp-wrap-4518\"   data-ultimate-target='#uvc-exp-wrap-4518'  data-responsive-json-new='{\"font-size\":\"desktop:20px;\",\"line-height\":\"desktop:20px;\"}'  class=\"ult_exp_section  ult-responsive \" style=\"color:#ffffff;background-color:#1e73be;font-family:Alfa Slab One;font-weight:bold;  text-align:center;\" data-textcolor=\"#ffffff\"data-texthover=\"#333333\"data-icncolor=\"#333333\"data-ihover=\"#333333\"data-height=\"0\"data-cntbg=\"#1e73be\"data-cnthvrbg=\"#e5e5e5\"data-headerbg=\"#1e73be\"data-headerhover=\"#e5e5e5\"data-title=\"BILDER\"data-newtitle=\"BILDER\"data-icon=\"\"data-newicon=\"\"data-activeicon=\"#333333\"data-effect=\"slideToggle\"data-override=\"0\"data-activetitle=\"#333333\"data-activebg=\"#dbdbdb\"data-img=\"\"data-newimg=\"\"><div  class=\"ult_exp_section-main \">\n\t\t\t\t\t<div class=\"ult_expheader\" >BILDER\n\t\t\t\t\t <\/div><\/div>\n\t\t\t\t<\/div><div class=\"ult_exp_content \" style=\"background-color:#dbdbdb;  \"><div class=\"ult_ecpsub_cont\" style=\" \" >[vc_column_text]<\/p>\n\n\t\t<style type=\"text\/css\">\n\t\t\t#gallery-1 {\n\t\t\t\tmargin: auto;\n\t\t\t}\n\t\t\t#gallery-1 .gallery-item {\n\t\t\t\tfloat: left;\n\t\t\t\tmargin-top: 10px;\n\t\t\t\ttext-align: center;\n\t\t\t\twidth: 100%;\n\t\t\t}\n\t\t\t#gallery-1 img {\n\t\t\t\tborder: 2px solid #cfcfcf;\n\t\t\t}\n\t\t\t#gallery-1 .gallery-caption {\n\t\t\t\tmargin-left: 0;\n\t\t\t}\n\t\t\t\/* see gallery_shortcode() in wp-includes\/media.php *\/\n\t\t<\/style>\n\t\t<div id='gallery-1' class='gallery galleryid-900 gallery-columns-0 gallery-size-thumbnail'><dl class='gallery-item'>\n\t\t\t<dt class='gallery-icon landscape'>\n\t\t\t\t<a href='https:\/\/blog.sickculture.de\/?attachment_id=901'><img loading=\"lazy\" decoding=\"async\" width=\"150\" height=\"150\" src=\"https:\/\/blog.sickculture.de\/wp-content\/uploads\/2016\/08\/JackeLogoNEU-150x150.jpg\" class=\"attachment-thumbnail size-thumbnail\" alt=\"\" \/><\/a>\n\t\t\t<\/dt><\/dl>\n\t\t<\/div>\n\n<p>[\/vc_column_text]<\/div><\/div>\n\n\t\t\t<\/div>[\/vc_column][\/vc_row]<\/p>\n<\/section>","protected":false},"excerpt":{"rendered":"<p>[vc_row][vc_column][vc_column_text] &nbsp; Trailride im Lenninger Tal 14. August 2016 Trailride auf dem Nordalbrand ins Lenninger Tal mit dem Biketeam. Alles passte: Wetter, Stimmung und die Trails![\/vc_column_text][\/vc_column][\/vc_row][vc_row][vc_column][vc_text_separator title=&#8221;B E S C H R E I B U N G&#8221;][\/vc_column][\/vc_row][vc_row][vc_column][vc_column_text]Heute ging es mit der Gruppe unseres Biketeams nach Kirchheim a.d. Teck im \u2026 <a class=\"continue-reading-link\" href=\"https:\/\/blog.sickculture.de\/?page_id=900\"> Continue reading<\/a><\/p>\n","protected":false},"author":1,"featured_media":0,"parent":90,"menu_order":0,"comment_status":"closed","ping_status":"closed","template":"","meta":{"_s2mail":"yes","ngg_post_thumbnail":0,"footnotes":""},"categories":[13,4],"class_list":["post-900","page","type-page","status-publish","hentry","category-13","category-mountainbike"],"jetpack_shortlink":"https:\/\/wp.me\/P7EPUT-ew","jetpack_sharing_enabled":true,"_links":{"self":[{"href":"https:\/\/blog.sickculture.de\/index.php?rest_route=\/wp\/v2\/pages\/900","targetHints":{"allow":["GET"]}}],"collection":[{"href":"https:\/\/blog.sickculture.de\/index.php?rest_route=\/wp\/v2\/pages"}],"about":[{"href":"https:\/\/blog.sickculture.de\/index.php?rest_route=\/wp\/v2\/types\/page"}],"author":[{"embeddable":true,"href":"https:\/\/blog.sickculture.de\/index.php?rest_route=\/wp\/v2\/users\/1"}],"replies":[{"embeddable":true,"href":"https:\/\/blog.sickculture.de\/index.php?rest_route=%2Fwp%2Fv2%2Fcomments&post=900"}],"version-history":[{"count":3,"href":"https:\/\/blog.sickculture.de\/index.php?rest_route=\/wp\/v2\/pages\/900\/revisions"}],"predecessor-version":[{"id":1341,"href":"https:\/\/blog.sickculture.de\/index.php?rest_route=\/wp\/v2\/pages\/900\/revisions\/1341"}],"up":[{"embeddable":true,"href":"https:\/\/blog.sickculture.de\/index.php?rest_route=\/wp\/v2\/pages\/90"}],"wp:attachment":[{"href":"https:\/\/blog.sickculture.de\/index.php?rest_route=%2Fwp%2Fv2%2Fmedia&parent=900"}],"wp:term":[{"taxonomy":"category","embeddable":true,"href":"https:\/\/blog.sickculture.de\/index.php?rest_route=%2Fwp%2Fv2%2Fcategories&post=900"}],"curies":[{"name":"wp","href":"https:\/\/api.w.org\/{rel}","templated":true}]}}