{"id":940,"date":"2016-10-18T12:34:12","date_gmt":"2016-10-18T12:34:12","guid":{"rendered":"http:\/\/blog.sickculture.de\/?page_id=940"},"modified":"2021-07-05T08:12:51","modified_gmt":"2021-07-05T08:12:51","slug":"2016-10-idrosee-alpinitrails","status":"publish","type":"page","link":"https:\/\/blog.sickculture.de\/?page_id=940","title":{"rendered":"2016.10 Idrosee Alpinitrails"},"content":{"rendered":"<section class=\"wpb-content-wrapper\"><p>[vc_row][vc_column][vc_column_text]<\/p>\n<h4 class=\"clear\" style=\"text-align: center;\"><span style=\"color: #808080;\">&nbsp;<strong>Alpinitrails am<\/strong><\/span><span style=\"color: #0000ff;\"><strong><br \/>\n<\/strong><\/span><\/h4>\n<h1 style=\"text-align: center;\"><strong><span style=\"color: #0000ff;\">IDROSEE<\/span><\/strong><\/h1>\n<h2 style=\"text-align: center;\"><span style=\"color: #808080;\">9.-11. Oktober 2016<\/span><\/h2>\n<p>&nbsp;<\/p>\n<p>Nur einen Steinwurf vom \u00fcberlaufenen Gardasee entfernt findet man zur Ruhe. Und ein spannendes Tourenrevier mit deftigen Trails gibt&#8217;s noch oben drauf.<span class=\"orange-txt\"><span class=\"dropcap\">D<\/span>en Idrosee als den &#8220;kleinen Bruder des Lago di Garda&#8221; zu bezeichnen<\/span> ist ein Vergleich, der schon ein wenig hinkt. Beiden Seen gemein ist ihre <span class=\"orange-txt\">f\u00fcr einen Gebirgssee relativ niedrige Talh\u00f6he<\/span> &#8211; um die 380 Meter im Falle des Idrosees. Beide wurden im Ersten Weltkrieg hart umk\u00e4mpft, was f\u00fcr uns Biker heute ein Traum an Trails bietet<span class=\"orange-txt\">.<\/span><\/p>\n<div class=\"grid\">\n<div class=\"grid_6 content-text\">\n<p>Die Touren am Idrosee haben das Potential, Klassiker zu sein. Sie sind es aber noch nicht wirklich. <span class=\"orange-txt\">Ein Bike-Boom ist gl\u00fccklicherweise in den T\u00e4lern der Judikarischen Alpen bisher ausgeblieben<\/span>. Daher fand ich rund um den Idrosee <span class=\"orange-txt\">ein fast jungfr\u00e4ulich gebliebenes Revier<\/span> vor. <span class=\"orange-txt\">Biker,<\/span> die trotz ihrer Singletrail-Affinit\u00e4t auch l\u00e4ngere Anstiege nicht scheuen, <span class=\"orange-txt\">finden hier aber ein absolut geniales Revier mit zahllosen M\u00f6glichkeiten<\/span> vor. D<span class=\"orange-txt\">er gef\u00fcrchtete &#8220;Gardasee-Schotter&#8221; fehlt hier ganz. Die Schotterwege haben einen deutlich festeren Untergrund, die Singletrails sind wesentlich weniger verblockt.<\/span><\/div>\n<\/div>\n<p>[\/vc_column_text][\/vc_column][\/vc_row][vc_row][vc_column][vc_text_separator title=&#8221;B E S C H R E I B U N G&#8221;][\/vc_column][\/vc_row][vc_row][vc_column][vc_column_text]Am Anreisetag (9.9.2016) hat es leider den ganzen Tag geregnet, was gleich zu Beginn zur Streichung des Nozzolo Piccolo Trails f\u00fchrte und ich auf die beiden Highlights reduzieren mu\u00dfte.<\/p>\n<h3><strong>10.10.2016 Monte Stino 136 Kehren Trail<br \/>\n<\/strong><\/h3>\n<p>Am Monte Stino wartet eine Tour mit Hammerpanorama \u2013 aber auch mit einem sehr diffizilen Trail, der mit Versetzen des Hinterrades gut, ohne Versetzen in den Kehren oft mit Schieben verbunden ist. Der Anstieg von Baitoni \u00fcber Bondone zur Alm Cingolo Rosso zieht sich ein wenig, verl\u00e4uft aber auf Teer. Immerhin bietet die Schotterstra\u00dfe ab Bondone einen immer festen Untergrund. Zudem h\u00e4lt nur der erste Abschnitt steile Rampen bereit. Der Rest des Anstieges gewinnt ziemlich gleichm\u00e4\u00dfig an H\u00f6he und ist ein bi\u00dfchen ein Geduldspiel. Der Trail zur Bocca Cocca w\u00e4re bergab ein flowiger Traumtrail. Bergauf gefahren, wie ich ihn fuhr, pr\u00e4sentierte er sich reichlich kraftraubend. Vom Pass f\u00fchrt ein Schotter-\/Teerabschnitt hin\u00fcber zum Gipfel des Monte Stino, ein sensationeller Aussichtspunkt \u00fcber den Idrosee! Nur leider war es noch ein wenig bew\u00f6lkt und leichter Regen prasselte vom Himmel. Ich besichtigte schnell noch die Alpinistellungen des 1. Weltkriegs, ehe es in den Trail ging.<\/p>\n<p>An dem folgenden Abfahrtstrail k\u00f6nnten sich die Geister scheiden. Einerseits ist die Weganlage sensationell, und bietet der Trail immer wieder traumhafte Ausblicke. Andererseits sind gef\u00fchlt 50% der 136 Kehren nur mit Versetzen des Hinterrades fahrbar. Wer diese Technik nicht beherrscht, wird dem Flowzustand ausgebremst. Immerhin sind die Geraden zwischen den Kehren nie problematisch. Gut war, dass der Untergrund griffig war und ich mich am Hinterradversetzen versuchen konnte. Manchmal klappte es, manchmal nicht. Dann waren Passagen vorhanden, wo der Kopf nicht mitspielte. Aber an und f\u00fcr sich gut machbar!<\/p>\n<p>Die letzte Querung der Tour von Vesta nach Baitoni bot nochmals einige heikle Abschnitte. Hier herrscht stellenweise klar Absturzgefahr, gr\u00f6\u00dfte Vorsicht ist angebracht! Man mu\u00df sowieso einiges Schieben.<\/p>\n<p>&nbsp;<\/p>\n<div class=\"passster-form\" id=\"ps-47\">\n    <form class=\"password-form\" method=\"post\" autocomplete=\"off\" target=\"_top\">\n        <span class=\"ps-form-headline\">Gesch\u00fctzter Bereich<\/span>\n        <div class=\"ps-form-instructions-wrap\">Dieser Inhalt ist passwortgesch\u00fctzt. Bitte gib dein Passwort ein um den Inhalt freizuschalten.<\/div>\n        <fieldset>\n            <span class=\"ps-loader\" style=\"display:none;\"><img decoding=\"async\" src=\"https:\/\/blog.sickculture.de\/wp-content\/plugins\/content-protector\/assets\/public\/ps-loader.svg\" alt=\"\" \/><\/span>\n            <label for=\"input-ps-47\" style=\"display:none;\" class=\"passster-hidden\">Trage dein Passwort ein<\/label>\n            <input placeholder=\"Gib dein Passwort ein..\" type=\"password\" tabindex=\"1\" name=\"passster_password\"\n                   id=\"input-ps-47\" class=\"passster-password\" autocomplete=\"off\"\n                   data-protection-type=\"password\" data-list=\"[PASSSTER_LIST]\" data-lists=\"[PASSSTER_LISTS]\" data-area=\"[PASSSTER_AREA]\"\n                   data-protection=\"[PASSSTER_PROTECTION]\">\n            \n            <button name=\"submit\" type=\"submit\" class=\"passster-submit\" data-psid=\"ps-47\" data-post-id=\"940\" data-term-id=\"0\" \n                    data-submit=\"...Checking Password\" data-redirect=\"\">Freischalten\n            <\/button>\n            <div class=\"passster-error\"><\/div>\n        <\/fieldset>\n    <\/form>\n<\/div>\n\n<hr>\n<h3><strong>11.10.2016 Forte Cima Ora<br \/>\n<\/strong><\/h3>\n<p class=\"grid_6 subline\">&#8220;Diese Tour ist eine der sch\u00f6nsten weit und breit &#8211; aber gleichzeitig eine der anspruchsvollsten und gef\u00e4hrlichsten. Am Monte Breda ist der Raum f\u00fcr Fahrfehler gleich Null!&#8221; Das klingt verlockend! \u00dcber Nacht hat es ab ca. 1200hm geschnieen.<\/p>\n<p>Die Auffahrt bis zum Rifugio Baremone ist komplett geteert. Dank einer Durchschnittssteigung von konstant 10 Prozent sind die 1000 H\u00f6henmeter ohne besondere Torturen zu bew\u00e4ltigen. Auch die Milit\u00e4rstra\u00dfe zum Forte Cima Ora ist problemlos. Oben bietet sich ein \u00fcberw\u00e4ltigender Blick \u00fcber das Valle delle Chiese. Die Forts dort oben sind frei zug\u00e4nglich und sehr interessant! Der nun folgende Trailabschnitt ist \u00e4u\u00dferst delikat. Der Trail bietet an sich technisch keinerlei Schwierigkeiten, ist aber sehr schmal und verl\u00e4uft haarscharf am Abgrund vorbei. Raum f\u00fcr Fehler ist gleich Null! Durch den Schnee und die Regentage zuvor war dann noch alles rutschig und teilweise nicht ersichtlich, was unter dem Schnee\/Laub alles verborgen ist. Es war aber noch gut fahrbar. Im weitere Verlauf f\u00fchrte eine kurze Tragepassage zum Gipfel des Monte Breda. Der folgende Kilometer Abfahrt ist technisch sehr anspruchsvoll, wenn auch zum Gl\u00fcck nicht mehr absturzgef\u00e4hrdet. Nasse Wurzeln, schnelle Turns und schlammiger Untergrund standen an. Hier war an Fahren fast nicht denkbar, da sich die Profile immer wieder vollsaugten und ein Grip nicht mehr vorhanden war. Lohn der Qual war schlie\u00dflich eine episch flowiger Singletrail, der \u00fcber gute sechs Kilometer von der Piana dei Bandi \u00fcber den Monte Suello hinunter nach San Antonio f\u00fchrte.<\/p>\n<div class=\"passster-form\" id=\"ps-417\">\n    <form class=\"password-form\" method=\"post\" autocomplete=\"off\" target=\"_top\">\n        <span class=\"ps-form-headline\">Gesch\u00fctzter Bereich<\/span>\n        <div class=\"ps-form-instructions-wrap\">Dieser Inhalt ist passwortgesch\u00fctzt. Bitte gib dein Passwort ein um den Inhalt freizuschalten.<\/div>\n        <fieldset>\n            <span class=\"ps-loader\" style=\"display:none;\"><img decoding=\"async\" src=\"https:\/\/blog.sickculture.de\/wp-content\/plugins\/content-protector\/assets\/public\/ps-loader.svg\" alt=\"\" \/><\/span>\n            <label for=\"input-ps-417\" style=\"display:none;\" class=\"passster-hidden\">Trage dein Passwort ein<\/label>\n            <input placeholder=\"Gib dein Passwort ein..\" type=\"password\" tabindex=\"1\" name=\"passster_password\"\n                   id=\"input-ps-417\" class=\"passster-password\" autocomplete=\"off\"\n                   data-protection-type=\"password\" data-list=\"[PASSSTER_LIST]\" data-lists=\"[PASSSTER_LISTS]\" data-area=\"[PASSSTER_AREA]\"\n                   data-protection=\"[PASSSTER_PROTECTION]\">\n            \n            <button name=\"submit\" type=\"submit\" class=\"passster-submit\" data-psid=\"ps-417\" data-post-id=\"940\" data-term-id=\"0\" \n                    data-submit=\"...Checking Password\" data-redirect=\"\">Freischalten\n            <\/button>\n            <div class=\"passster-error\"><\/div>\n        <\/fieldset>\n    <\/form>\n<\/div>\n[\/vc_column_text][\/vc_column][\/vc_row][vc_row][vc_column][vc_text_separator title=&#8221;F A Z I T&#8221;][\/vc_column][\/vc_row][vc_row][vc_column][vc_column_text]<em>Der Idrosee ist definitiv eine Reise wert, auch wenn er noch nicht so erschlossen ist wie der Gardasee &#8211; aber will immer diesen perfekten Trail-Trubel? Manchmal ist weniger mehr &#8211; und das Potential an weiteren Touren ist definitiv vorhanden. Leider spielte das Wetter im Herbst nicht mehr ganz so mit. Bei einem sch\u00f6nen Altweibersommer w\u00e4re das sicherlich noch eindrucksvoller gewesen. Ich werde bestimmt nochmals bei einem Gardaseetrip die Stunde zum Idrosee wagen um die Trails zu suchen.<br \/>\n<\/em>[\/vc_column_text][\/vc_column][\/vc_row][vc_row][vc_column]<div class=\"ult_exp_section_layer ult-adjust-bottom-margin  \" >\n\t<div id=\"uvc-exp-wrap-4725\"   data-ultimate-target='#uvc-exp-wrap-4725'  data-responsive-json-new='{\"font-size\":\"desktop:20px;\",\"line-height\":\"desktop:20px;\"}'  class=\"ult_exp_section  ult-responsive \" style=\"color:#ffffff;background-color:#1e73be;font-family:Alfa Slab One;font-weight:bold;  text-align:center;\" data-textcolor=\"#ffffff\"data-texthover=\"#333333\"data-icncolor=\"#333333\"data-ihover=\"#333333\"data-height=\"0\"data-cntbg=\"#1e73be\"data-cnthvrbg=\"#e5e5e5\"data-headerbg=\"#1e73be\"data-headerhover=\"#e5e5e5\"data-title=\"BILDER\"data-newtitle=\"BILDER\"data-icon=\"\"data-newicon=\"\"data-activeicon=\"#333333\"data-effect=\"slideToggle\"data-override=\"0\"data-activetitle=\"#333333\"data-activebg=\"#dbdbdb\"data-img=\"\"data-newimg=\"\"><div  class=\"ult_exp_section-main \">\n\t\t\t\t\t<div class=\"ult_expheader\" >BILDER\n\t\t\t\t\t <\/div><\/div>\n\t\t\t\t<\/div><div class=\"ult_exp_content \" style=\"background-color:#dbdbdb;  \"><div class=\"ult_ecpsub_cont\" style=\" \" >[vc_tta_tabs][vc_tta_section title=&#8221;Stino&#8221; tab_id=&#8221;1625472734293-511fe3ef-1957&#8243;][vc_column_text]<\/p>\n\n<p>[\/vc_column_text][\/vc_tta_section][vc_tta_section title=&#8221;CimaOro&#8221; tab_id=&#8221;1625472734320-63494ab3-50cc&#8221;][vc_column_text]<\/p>\n\n<p>[\/vc_column_text][\/vc_tta_section][\/vc_tta_tabs]<\/div><\/div>\n\n\t\t\t<\/div>[\/vc_column][\/vc_row]<\/p>\n<\/section>","protected":false},"excerpt":{"rendered":"<p>[vc_row][vc_column][vc_column_text] &nbsp;Alpinitrails am IDROSEE 9.-11. Oktober 2016 &nbsp; Nur einen Steinwurf vom \u00fcberlaufenen Gardasee entfernt findet man zur Ruhe. Und ein spannendes Tourenrevier mit deftigen Trails gibt&#8217;s noch oben drauf.Den Idrosee als den &#8220;kleinen Bruder des Lago di Garda&#8221; zu bezeichnen ist ein Vergleich, der schon ein wenig hinkt. Beiden \u2026 <a class=\"continue-reading-link\" href=\"https:\/\/blog.sickculture.de\/?page_id=940\"> Continue reading<\/a><\/p>\n","protected":false},"author":1,"featured_media":0,"parent":90,"menu_order":0,"comment_status":"closed","ping_status":"closed","template":"","meta":{"_s2mail":"yes","ngg_post_thumbnail":0,"footnotes":""},"categories":[13,4],"class_list":["post-940","page","type-page","status-publish","hentry","category-13","category-mountainbike"],"jetpack_shortlink":"https:\/\/wp.me\/P7EPUT-fa","jetpack_sharing_enabled":true,"_links":{"self":[{"href":"https:\/\/blog.sickculture.de\/index.php?rest_route=\/wp\/v2\/pages\/940","targetHints":{"allow":["GET"]}}],"collection":[{"href":"https:\/\/blog.sickculture.de\/index.php?rest_route=\/wp\/v2\/pages"}],"about":[{"href":"https:\/\/blog.sickculture.de\/index.php?rest_route=\/wp\/v2\/types\/page"}],"author":[{"embeddable":true,"href":"https:\/\/blog.sickculture.de\/index.php?rest_route=\/wp\/v2\/users\/1"}],"replies":[{"embeddable":true,"href":"https:\/\/blog.sickculture.de\/index.php?rest_route=%2Fwp%2Fv2%2Fcomments&post=940"}],"version-history":[{"count":4,"href":"https:\/\/blog.sickculture.de\/index.php?rest_route=\/wp\/v2\/pages\/940\/revisions"}],"predecessor-version":[{"id":1606,"href":"https:\/\/blog.sickculture.de\/index.php?rest_route=\/wp\/v2\/pages\/940\/revisions\/1606"}],"up":[{"embeddable":true,"href":"https:\/\/blog.sickculture.de\/index.php?rest_route=\/wp\/v2\/pages\/90"}],"wp:attachment":[{"href":"https:\/\/blog.sickculture.de\/index.php?rest_route=%2Fwp%2Fv2%2Fmedia&parent=940"}],"wp:term":[{"taxonomy":"category","embeddable":true,"href":"https:\/\/blog.sickculture.de\/index.php?rest_route=%2Fwp%2Fv2%2Fcategories&post=940"}],"curies":[{"name":"wp","href":"https:\/\/api.w.org\/{rel}","templated":true}]}}