{"id":95,"date":"2012-08-08T12:28:38","date_gmt":"2012-08-08T12:28:38","guid":{"rendered":"http:\/\/blog.sickculture.de\/?page_id=95"},"modified":"2019-02-13T13:46:27","modified_gmt":"2019-02-13T13:46:27","slug":"dolomiten-cross-grande-ronda-2012","status":"publish","type":"page","link":"https:\/\/blog.sickculture.de\/?page_id=95","title":{"rendered":"2012.08 Dolomiten Ronda Grande"},"content":{"rendered":"<section class=\"wpb-content-wrapper\"><p>[vc_row][vc_column][vc_column_text]<img loading=\"lazy\" decoding=\"async\" class=\"aligncenter size-full wp-image-103\" src=\"http:\/\/blog.sickculture.de\/wp-content\/uploads\/2012\/08\/adolf_munkel_weg_panorama_gross.jpg\" alt=\"adolf_munkel_weg_panorama_gross\" width=\"1200\" height=\"372\" srcset=\"https:\/\/blog.sickculture.de\/wp-content\/uploads\/2012\/08\/adolf_munkel_weg_panorama_gross.jpg 1200w, https:\/\/blog.sickculture.de\/wp-content\/uploads\/2012\/08\/adolf_munkel_weg_panorama_gross-300x93.jpg 300w, https:\/\/blog.sickculture.de\/wp-content\/uploads\/2012\/08\/adolf_munkel_weg_panorama_gross-1024x317.jpg 1024w, https:\/\/blog.sickculture.de\/wp-content\/uploads\/2012\/08\/adolf_munkel_weg_panorama_gross-250x77.jpg 250w, https:\/\/blog.sickculture.de\/wp-content\/uploads\/2012\/08\/adolf_munkel_weg_panorama_gross-150x46.jpg 150w\" sizes=\"auto, (max-width: 1200px) 100vw, 1200px\" \/><\/p>\n<p>Im August 2012 habe ich mit Hardy den Ronda Grande in den Dolomiten unter die Stollen genommen.<\/p>\n<p>Alle Highlights der &#8220;bleichen Berge&#8221; sind in dieser Tour enthalten:<br \/>\nSeiser Alm mit Langkofel, Plattkofel und dem Schlernplateau, Rosengarten mit den Vajolett\u00fcrmen, Val di San Nikolo mit der Marmolada-S\u00fcdwestwand und dem kriegsgel\u00f6cherten Col Ombert, der Bindelweg am Padon im Schatten der eisbeh\u00e4ngten Marmolada-Nordseite, der Tofane-Stock mit dem Schlund des Travenanzestal und dem Lagazuoi, die Fanes-Schlucht, Cristallo, das fantastische Dreigestirn der Drei Zinnen, Monte Piano, Paternkofel, H\u00f6hlensteintal, Fanesalp, Geisler, Peitler&#8230;&#8230;.die Ronda Grande.<\/p>\n<p>In den Dolomiten findet man eine nahezu perfekte Bike-Infrastruktur vor. Unz\u00e4hlige \u00dcbernachtungsm\u00f6glichkeiten, vor allem in den T\u00e4lern, erm\u00f6glichen es die Etappen v\u00f6llig individuell abzuwandeln.<\/p>\n<p>Diese Tour basiert auf dem Buch <b>&#8220;<\/b>Mountainbike Trails&#8221; (ISBN:3-7654-4284-4) von Achim Zahn. Hier ist von der Anfahrt, \u00fcber Karten- und \u00dcbernachtungstipps, alles was man f\u00fcr die Tour ben\u00f6tigt enthalten.<\/p>\n<p>Einige dieser Wege f\u00fchrten durch Bikeverbotsstrecken, die wir in Eigenverantwortung fuhren. Zur \u00dcberraschung: das italienische Wandervolk sieht das nicht so ernst und mit der richtigen Haltung gegen\u00fcber Wanderer bekommt man Applaus und freundliche Gr\u00fc\u00dfe.<\/p>\n<p>Wir sind die komplette Route in 6 Tagen gefahren.<\/p>\n<p><img loading=\"lazy\" decoding=\"async\" class=\"aligncenter size-full wp-image-102\" src=\"http:\/\/blog.sickculture.de\/wp-content\/uploads\/2012\/08\/map_thumb.jpg\" alt=\"map_thumb\" width=\"600\" height=\"350\" srcset=\"https:\/\/blog.sickculture.de\/wp-content\/uploads\/2012\/08\/map_thumb.jpg 600w, https:\/\/blog.sickculture.de\/wp-content\/uploads\/2012\/08\/map_thumb-300x175.jpg 300w, https:\/\/blog.sickculture.de\/wp-content\/uploads\/2012\/08\/map_thumb-250x145.jpg 250w, https:\/\/blog.sickculture.de\/wp-content\/uploads\/2012\/08\/map_thumb-150x87.jpg 150w\" sizes=\"auto, (max-width: 600px) 100vw, 600px\" \/><\/p>\n<hr style=\"width: 90%;\" width=\"90%\">\n<h2>Bilder:<\/h2>\n\n\t\t<style type=\"text\/css\">\n\t\t\t#gallery-1 {\n\t\t\t\tmargin: auto;\n\t\t\t}\n\t\t\t#gallery-1 .gallery-item {\n\t\t\t\tfloat: left;\n\t\t\t\tmargin-top: 10px;\n\t\t\t\ttext-align: center;\n\t\t\t\twidth: 100%;\n\t\t\t}\n\t\t\t#gallery-1 img {\n\t\t\t\tborder: 2px solid #cfcfcf;\n\t\t\t}\n\t\t\t#gallery-1 .gallery-caption {\n\t\t\t\tmargin-left: 0;\n\t\t\t}\n\t\t\t\/* see gallery_shortcode() in wp-includes\/media.php *\/\n\t\t<\/style>\n\t\t<div id='gallery-1' class='gallery galleryid-95 gallery-columns-0 gallery-size-thumbnail'><dl class='gallery-item'>\n\t\t\t<dt class='gallery-icon landscape'>\n\t\t\t\t<a href='https:\/\/blog.sickculture.de\/?attachment_id=102'><img loading=\"lazy\" decoding=\"async\" width=\"150\" height=\"150\" src=\"https:\/\/blog.sickculture.de\/wp-content\/uploads\/2012\/08\/map_thumb-150x150.jpg\" class=\"attachment-thumbnail size-thumbnail\" alt=\"\" \/><\/a>\n\t\t\t<\/dt><\/dl><dl class='gallery-item'>\n\t\t\t<dt class='gallery-icon landscape'>\n\t\t\t\t<a href='https:\/\/blog.sickculture.de\/?attachment_id=103'><img loading=\"lazy\" decoding=\"async\" width=\"150\" height=\"150\" src=\"https:\/\/blog.sickculture.de\/wp-content\/uploads\/2012\/08\/adolf_munkel_weg_panorama_gross-150x150.jpg\" class=\"attachment-thumbnail size-thumbnail\" alt=\"\" \/><\/a>\n\t\t\t<\/dt><\/dl>\n\t\t<\/div>\n\n<p>[\/vc_column_text][\/vc_column][\/vc_row]<\/p>\n<\/section>","protected":false},"excerpt":{"rendered":"<p>[vc_row][vc_column][vc_column_text] Im August 2012 habe ich mit Hardy den Ronda Grande in den Dolomiten unter die Stollen genommen. Alle Highlights der &#8220;bleichen Berge&#8221; sind in dieser Tour enthalten: Seiser Alm mit Langkofel, Plattkofel und dem Schlernplateau, Rosengarten mit den Vajolett\u00fcrmen, Val di San Nikolo mit der Marmolada-S\u00fcdwestwand und dem kriegsgel\u00f6cherten \u2026 <a class=\"continue-reading-link\" href=\"https:\/\/blog.sickculture.de\/?page_id=95\"> Continue reading<\/a><\/p>\n","protected":false},"author":1,"featured_media":0,"parent":90,"menu_order":0,"comment_status":"closed","ping_status":"closed","template":"","meta":{"_s2mail":"","ngg_post_thumbnail":0,"footnotes":""},"categories":[12,4],"class_list":["post-95","page","type-page","status-publish","hentry","category-12","category-mountainbike"],"jetpack_shortlink":"https:\/\/wp.me\/P7EPUT-1x","jetpack_sharing_enabled":true,"_links":{"self":[{"href":"https:\/\/blog.sickculture.de\/index.php?rest_route=\/wp\/v2\/pages\/95","targetHints":{"allow":["GET"]}}],"collection":[{"href":"https:\/\/blog.sickculture.de\/index.php?rest_route=\/wp\/v2\/pages"}],"about":[{"href":"https:\/\/blog.sickculture.de\/index.php?rest_route=\/wp\/v2\/types\/page"}],"author":[{"embeddable":true,"href":"https:\/\/blog.sickculture.de\/index.php?rest_route=\/wp\/v2\/users\/1"}],"replies":[{"embeddable":true,"href":"https:\/\/blog.sickculture.de\/index.php?rest_route=%2Fwp%2Fv2%2Fcomments&post=95"}],"version-history":[{"count":12,"href":"https:\/\/blog.sickculture.de\/index.php?rest_route=\/wp\/v2\/pages\/95\/revisions"}],"predecessor-version":[{"id":1373,"href":"https:\/\/blog.sickculture.de\/index.php?rest_route=\/wp\/v2\/pages\/95\/revisions\/1373"}],"up":[{"embeddable":true,"href":"https:\/\/blog.sickculture.de\/index.php?rest_route=\/wp\/v2\/pages\/90"}],"wp:attachment":[{"href":"https:\/\/blog.sickculture.de\/index.php?rest_route=%2Fwp%2Fv2%2Fmedia&parent=95"}],"wp:term":[{"taxonomy":"category","embeddable":true,"href":"https:\/\/blog.sickculture.de\/index.php?rest_route=%2Fwp%2Fv2%2Fcategories&post=95"}],"curies":[{"name":"wp","href":"https:\/\/api.w.org\/{rel}","templated":true}]}}