{"id":950,"date":"2016-10-24T17:53:47","date_gmt":"2016-10-24T17:53:47","guid":{"rendered":"http:\/\/blog.sickculture.de\/?page_id=950"},"modified":"2019-02-13T10:07:40","modified_gmt":"2019-02-13T10:07:40","slug":"2016-10-kienjoch-bbs","status":"publish","type":"page","link":"https:\/\/blog.sickculture.de\/?page_id=950","title":{"rendered":"2016.10 Kienjoch BBS"},"content":{"rendered":"<section class=\"wpb-content-wrapper\"><p>[vc_row][vc_column][vc_column_text][pe2-image src=&#8221;https:\/\/lh3.googleusercontent.com\/-6Ey5sg6JApg\/WA5GxFmDTOI\/AAAAAAAAc80\/0DJsh2x-MwYTSWksCaVhzl5EyifONGZtQCCo\/s144-c-o\/20161023-102500-00023-_DSC2026_Screen.jpg&#8221; href=&#8221;https:\/\/picasaweb.google.com\/112885246866780528333\/6345085392057205249#6345086734140919010&#8243; caption=&#8221;&#8221; type=&#8221;image&#8221; alt=&#8221;20161023-102500-00023-_DSC2026_Screen.jpg&#8221; ]<\/p>\n<h3 class=\"clear\" style=\"text-align: center;\"><strong><img loading=\"lazy\" decoding=\"async\" class=\"aligncenter wp-image-884\" src=\"http:\/\/blog.sickculture.de\/wp-content\/uploads\/2016\/07\/logo_zugspitzarena.gif\" alt=\"logo_zugspitzarena\" width=\"269\" height=\"75\"><\/strong><\/h3>\n<h3 class=\"clear\" style=\"text-align: center;\">&nbsp;<\/h3>\n<h3 class=\"clear\" style=\"text-align: center;\"><strong>Bikebergsteigen<\/strong><span style=\"color: #008000;\"><strong><br \/>\n<\/strong><\/span><\/h3>\n<h2 style=\"text-align: center;\"><span style=\"color: #993300;\"><strong>Kienjoch<br \/>\n<\/strong><\/span><\/h2>\n<h2 style=\"text-align: center;\">23. Oktober 2016<\/h2>\n<p>Das Kienjoch mit seinen knapp 2000 Metern liegt unscheinbar in den Ammergauer Alpen und ist ein ideales Bikebergsteiger-Gipfel mit allen Zutaten f\u00fcr eine Halbtagestour. Wenn dann noch das Wetter passt, ist es perfekt &#8211; wie bei mir![\/vc_column_text][\/vc_column][\/vc_row][vc_row][vc_column][vc_text_separator title=&#8221;B E S C H R E I B U N G&#8221;][\/vc_column][\/vc_row][vc_row][vc_column][vc_column_text]Schnell nochmals raus aus dem Alltag und die sch\u00f6nen Herbsttage geniesen! Mein heutiges Ziel war das Kienjoch bei Ettal. Auf dem Men\u00fc stand diesmal eine lockere Auffahrt mit ca 550hm, danach 600hm Bikebergsteigen, ein herrliches Panorama \u00fcber die Ammergauer Alpen, ein spezieller Gipfelgrat-Trail und zu guter letzt noch ein Serpentinentrail ins Elmautal. Die Auffahrt war mit durchschnittlich 10 Prozent auch schnell erledigt, ehe die erste Trage-\/Schiebepassage nach einer Jagdh\u00fctte anstand. Dann hie\u00df es aber ausschlie\u00dflich Bike auf den Rucksack legen und \u00fcber gut begehbare Steige hoch zum Joch und weiter zum Kienjoch \u00fcber den Vorgipel Geissprungkopf gehen. Dort gab es erstmal ein herrliches Panorama mit Zugspitze, Krottenk\u00f6pfl und Estergebirge zu sehen. Nach einem netten Plausch mit zwei Wanderern gings auf dem Hinweg zur\u00fcck auf einem herrlichen Grat Trail. Nur ein kurzer Abschnitt war recht steil und ger\u00f6llig, der Rest gut zu fahren. Dann zweigt am Joch ein unscheinbarer &#8220;Kieni-Trail&#8221; ab. In sch\u00f6nen Kehren konnte das Hinterradversetzen ge\u00fcbt werden und auf der Gerade konnte mal es laufen lassen. Nur die letzten Kehren und Pfade waren dann doch zu eng, ausgesetzt und rutschig. Also lieber mal ein Bein rausstellen und&nbsp; auf Nummer sicher gehen. Zur\u00fcck gings dann im Elmautaul \u00fcber Forstwege.<\/p>\n<div class=\"passster-form\" id=\"ps-902\">\n    <form class=\"password-form\" method=\"post\" autocomplete=\"off\" target=\"_top\">\n        <span class=\"ps-form-headline\">Gesch\u00fctzter Bereich<\/span>\n        <div class=\"ps-form-instructions-wrap\">Dieser Inhalt ist passwortgesch\u00fctzt. Bitte gib dein Passwort ein um den Inhalt freizuschalten.<\/div>\n        <fieldset>\n            <span class=\"ps-loader\" style=\"display:none;\"><img decoding=\"async\" src=\"https:\/\/blog.sickculture.de\/wp-content\/plugins\/content-protector\/assets\/public\/ps-loader.svg\" alt=\"\" \/><\/span>\n            <label for=\"input-ps-902\" style=\"display:none;\" class=\"passster-hidden\">Trage dein Passwort ein<\/label>\n            <input placeholder=\"Gib dein Passwort ein..\" type=\"password\" tabindex=\"1\" name=\"passster_password\"\n                   id=\"input-ps-902\" class=\"passster-password\" autocomplete=\"off\"\n                   data-protection-type=\"password\" data-list=\"[PASSSTER_LIST]\" data-lists=\"[PASSSTER_LISTS]\" data-area=\"[PASSSTER_AREA]\"\n                   data-protection=\"[PASSSTER_PROTECTION]\">\n            \n            <button name=\"submit\" type=\"submit\" class=\"passster-submit\" data-psid=\"ps-902\" data-post-id=\"950\" data-term-id=\"0\" \n                    data-submit=\"...Checking Password\" data-redirect=\"\">Freischalten\n            <\/button>\n            <div class=\"passster-error\"><\/div>\n        <\/fieldset>\n    <\/form>\n<\/div>\n[\/vc_column_text][\/vc_column][\/vc_row][vc_row][vc_column][vc_text_separator title=&#8221;F A Z I T&#8221;][\/vc_column][\/vc_row][vc_row][vc_column][vc_column_text]An das Tragen mu\u00df man sich gew\u00f6hnen. Aber man erreicht Trails und Landschaften, die abseits der regul\u00e4ren Routen sind. Und man ist gr\u00f6\u00dftenteils alleine. Durch das fehlen einer Bergbahn ist die Tour ein Insider.[\/vc_column_text][\/vc_column][\/vc_row][vc_row][vc_column]<div class=\"ult_exp_section_layer ult-adjust-bottom-margin  \" >\n\t<div id=\"uvc-exp-wrap-7762\"   data-ultimate-target='#uvc-exp-wrap-7762'  data-responsive-json-new='{\"font-size\":\"desktop:20px;\",\"line-height\":\"desktop:20px;\"}'  class=\"ult_exp_section  ult-responsive \" style=\"color:#ffffff;background-color:#1e73be;font-family:Alfa Slab One;font-weight:bold;  text-align:center;\" data-textcolor=\"#ffffff\"data-texthover=\"#333333\"data-icncolor=\"#333333\"data-ihover=\"#333333\"data-height=\"0\"data-cntbg=\"#1e73be\"data-cnthvrbg=\"#e5e5e5\"data-headerbg=\"#1e73be\"data-headerhover=\"#e5e5e5\"data-title=\"BILDER\"data-newtitle=\"BILDER\"data-icon=\"\"data-newicon=\"\"data-activeicon=\"#333333\"data-effect=\"slideToggle\"data-override=\"0\"data-activetitle=\"#333333\"data-activebg=\"#dbdbdb\"data-img=\"\"data-newimg=\"\"><div  class=\"ult_exp_section-main \">\n\t\t\t\t\t<div class=\"ult_expheader\" >BILDER\n\t\t\t\t\t <\/div><\/div>\n\t\t\t\t<\/div><div class=\"ult_exp_content \" style=\"background-color:#dbdbdb;  \"><div class=\"ult_ecpsub_cont\" style=\" \" >[vc_column_text]<\/p>\n\n<p>[\/vc_column_text]<\/div><\/div>\n\n\t\t\t<\/div>[\/vc_column][\/vc_row]<\/p>\n<\/section>","protected":false},"excerpt":{"rendered":"<p>[vc_row][vc_column][vc_column_text][pe2-image src=&#8221;https:\/\/lh3.googleusercontent.com\/-6Ey5sg6JApg\/WA5GxFmDTOI\/AAAAAAAAc80\/0DJsh2x-MwYTSWksCaVhzl5EyifONGZtQCCo\/s144-c-o\/20161023-102500-00023-_DSC2026_Screen.jpg&#8221; href=&#8221;https:\/\/picasaweb.google.com\/112885246866780528333\/6345085392057205249#6345086734140919010&#8243; caption=&#8221;&#8221; type=&#8221;image&#8221; alt=&#8221;20161023-102500-00023-_DSC2026_Screen.jpg&#8221; ] &nbsp; Bikebergsteigen Kienjoch 23. Oktober 2016 Das Kienjoch mit seinen knapp 2000 Metern liegt unscheinbar in den Ammergauer Alpen und ist ein ideales Bikebergsteiger-Gipfel mit allen Zutaten f\u00fcr eine Halbtagestour. Wenn dann noch das Wetter passt, ist es perfekt &#8211; wie bei mir![\/vc_column_text][\/vc_column][\/vc_row][vc_row][vc_column][vc_text_separator \u2026 <a class=\"continue-reading-link\" href=\"https:\/\/blog.sickculture.de\/?page_id=950\"> Continue reading<\/a><\/p>\n","protected":false},"author":1,"featured_media":0,"parent":90,"menu_order":0,"comment_status":"closed","ping_status":"closed","template":"","meta":{"_s2mail":"yes","ngg_post_thumbnail":0,"footnotes":""},"categories":[13,4],"class_list":["post-950","page","type-page","status-publish","hentry","category-13","category-mountainbike"],"jetpack_shortlink":"https:\/\/wp.me\/P7EPUT-fk","jetpack_sharing_enabled":true,"_links":{"self":[{"href":"https:\/\/blog.sickculture.de\/index.php?rest_route=\/wp\/v2\/pages\/950","targetHints":{"allow":["GET"]}}],"collection":[{"href":"https:\/\/blog.sickculture.de\/index.php?rest_route=\/wp\/v2\/pages"}],"about":[{"href":"https:\/\/blog.sickculture.de\/index.php?rest_route=\/wp\/v2\/types\/page"}],"author":[{"embeddable":true,"href":"https:\/\/blog.sickculture.de\/index.php?rest_route=\/wp\/v2\/users\/1"}],"replies":[{"embeddable":true,"href":"https:\/\/blog.sickculture.de\/index.php?rest_route=%2Fwp%2Fv2%2Fcomments&post=950"}],"version-history":[{"count":4,"href":"https:\/\/blog.sickculture.de\/index.php?rest_route=\/wp\/v2\/pages\/950\/revisions"}],"predecessor-version":[{"id":1329,"href":"https:\/\/blog.sickculture.de\/index.php?rest_route=\/wp\/v2\/pages\/950\/revisions\/1329"}],"up":[{"embeddable":true,"href":"https:\/\/blog.sickculture.de\/index.php?rest_route=\/wp\/v2\/pages\/90"}],"wp:attachment":[{"href":"https:\/\/blog.sickculture.de\/index.php?rest_route=%2Fwp%2Fv2%2Fmedia&parent=950"}],"wp:term":[{"taxonomy":"category","embeddable":true,"href":"https:\/\/blog.sickculture.de\/index.php?rest_route=%2Fwp%2Fv2%2Fcategories&post=950"}],"curies":[{"name":"wp","href":"https:\/\/api.w.org\/{rel}","templated":true}]}}